{"id":15773,"date":"2023-07-15T07:43:40","date_gmt":"2023-07-15T07:43:40","guid":{"rendered":"https:\/\/www.ticketswhales.com\/ermitano-beach-playa-ermitano-boat-tour-and-playa-onda-half-day-trip-samana-dominican-republic\/"},"modified":"2023-08-10T18:28:51","modified_gmt":"2023-08-10T18:28:51","slug":"ermitano-beach-playa-ermitano-boat-tour-and-playa-onda-half-day-trip-samana-dominican-republic","status":"publish","type":"page","link":"https:\/\/www.boattoursamana.com\/id\/ermitano-beach-playa-ermitano-boat-tour-and-playa-onda-half-day-trip-samana-dominican-republic","title":{"rendered":"(Pantai Ermitano) Tur perahu Playa Ermita\u00f1o dan Playa Onda, Perjalanan Setengah Hari, Saman\u00e1 \u2013 Republik Dominika."},"content":{"rendered":"<p><span style=\"vertical-align: inherit;\"><span style=\"vertical-align: inherit;\">El viaje comienza recogi\u00e9ndolo en su hotel o en el aeropuerto en el \u00e1rea de Saman\u00e1 de Las Galeras. <\/span><span style=\"vertical-align: inherit;\">Comience su experiencia en Playa El Valle, una hermosa y \u00fanica playa cerca de Saman\u00e1. <\/span><span style=\"vertical-align: inherit;\">Disfrute de un viaje en bote de 25 minutos a Playa Ermita\u00f1o, que es una playa a\u00fan inexplorada y aislada con agua azul turquesa. <\/span><span style=\"vertical-align: inherit;\">Disfruta del agua de coco fresca. <\/span><span style=\"vertical-align: inherit;\">Descubra la belleza real e intacta de la Rep\u00fablica Dominicana y sum\u00e9rjase en la naturaleza mientras explora la cueva secreta cercana. <\/span><span style=\"vertical-align: inherit;\">Qu\u00e9dese en Playa Ermita\u00f1o todo el tiempo que desee y visite Playa Onda, otra hermosa playa salvaje, a solo 15 minutos en bote. <\/span><span style=\"vertical-align: inherit;\">Regrese a Playa El Valle y luego proceda a Saman\u00e1, ver\u00e1 casas locales y aprender\u00e1 sobre la vida real dominicana. <\/span><span style=\"vertical-align: inherit;\">Esta es una experiencia de medio d\u00eda de la verdadera Saman\u00e1 en la Rep\u00fablica Dominicana.<\/span><\/span><br \/>\nN<br \/>\nN<br \/>\nN<br \/>\nN<strong><span style=\"vertical-align: inherit;\"><span style=\"vertical-align: inherit;\">Pilih tindakan untuk Tur:\u00a0<\/span><\/span><\/strong><\/p>\n<p>&nbsp;<\/p>\n<div class=\"vc_row wpb_row vc_row-fluid\" ><div class=\"wpb_column vc_column_container vc_col-sm-12\"><div class=\"vc_column-inner\"><div class=\"wpb_wrapper\"><div class=\"vc_btn3-container vc_btn3-inline\" ><button class=\"vc_general vc_btn3 vc_btn3-size-md vc_btn3-shape-rounded vc_btn3-style-modern vc_btn3-color-green\">PESAN SEKARANG<\/button><\/div><div class=\"mkdf-section-title-holder\" style=\"text-align: left\">\n\t<div class=\"mkdf-st-inner\">\n\t\t\t\t\t<h5 class=\"mkdf-st-subtitle\" >\n\t\t\t\tMakan Siang, Naik Perahu dan Transportasi Pribadi Dari Hotel.\t\t\t<\/h5>\n\t\t\t\t\t\t\t<h3 class=\"mkdf-st-title\" >\n\t\t\t\tPlaya Rinc\u00f3n, Playa Fronton + Pantai Playa Madame, Saman\u00e1 - Republik Dominika.\t\t\t<\/h3>\n\t\t\t\t\t<\/div>\n<\/div>\n\t<div class=\"wpb_text_column wpb_content_element\" >\n\t\t<div class=\"wpb_wrapper\">\n\t\t\t<p>\nN<\/p>\n<h2 class=\"styles__heading___mD4_3\" data-radium=\"true\">(Pantai Ermitano) Tur perahu Playa Ermitano dan Perjalanan pribadi Playa Onda.<\/h2>\n<p>N<\/p>\n<h4><b><i>Ringkasan <\/i><\/b><\/h4>\n<p>Perjalanan dimulai menjemput Anda di hotel atau di bandara di kawasan Samana atau Las Galeras. Mulailah pengalaman Anda di Playa El Valle, pantai yang indah dan unik di dekat Saman\u00e1. Nikmati perjalanan perahu selama 25 menit ke Playa Ermita\u00f1o, yang merupakan pantai yang masih belum dijelajahi dan terisolasi dengan air biru kehijauan. Nikmati air kelapa segar. Temukan keindahan Republik Dominika yang nyata dan belum tersentuh dan benamkan diri Anda ke dalam alam, sambil menjelajahi gua rahasia di dekatnya. Menginaplah di Playa Ermita\u00f1o selama yang Anda inginkan, dan kunjungi Playa Onda, pantai liar indah lainnya, hanya berjarak 15 menit naik perahu. Kembali ke Playa El Valle dan kemudian melanjutkan ke Saman\u00e1, akan melihat rumah-rumah lokal dan belajar tentang kehidupan nyata Dominika.<br \/>\nN<br \/>\nN<br \/>\nN<\/p>\n<ul>\n<li style=\"list-style-type: none;\">\n<ul>N<\/p>\n<li>Pemandu Lokal dengan pengalaman Keselamatan di area tersebut.<\/li>\n<\/ul>\n<\/li>\n<\/ul>\n<p>N<\/p>\n<ul>\n<li style=\"list-style-type: none;\">\n<ul>\n<li>Transportasi pribadi<\/li>\n<\/ul>\n<\/li>\n<\/ul>\n<p>N<\/p>\n<ul>\n<li style=\"list-style-type: none;\">\n<ul>\n<li>Termasuk biaya<\/li>\n<\/ul>\n<\/li>\n<\/ul>\n<p>N<\/p>\n<ul>\n<li style=\"list-style-type: none;\">\n<ul>\n<li>Makan siang di Pantai<\/li>\n<\/ul>\n<\/li>\n<\/ul>\n<p>N<\/p>\n<ul>\n<li style=\"list-style-type: none;\">\n<ul>\n<li>Pemandu Wisata Lokal dalam bahasa Spanyol, Inggris, atau Prancis.<\/li>\n<\/ul>\n<\/li>\n<\/ul>\n<p>N<\/p>\n<ul>\n<li style=\"list-style-type: none;\">\n<ul>\n<li>Lintas alam<\/li>\n<\/ul>\n<\/li>\n<\/ul>\n<p>N<\/p>\n<p>N<\/p>\n<h4><b>Inklusi &amp; Pengecualian<\/b><\/h4>\n<p>N<br \/>\nN<br \/>\nN<b>Inklusi<\/b><br \/>\nN<\/p>\n<ol>\n<li style=\"list-style-type: none;\">\n<ol>N<\/p>\n<li><span style=\"font-weight: 400;\">Pemandu Lokal dengan pengalaman Keselamatan di area tersebut.<\/span><\/li>\n<\/ol>\n<\/li>\n<\/ol>\n<p>N<\/p>\n<ol>\n<li style=\"list-style-type: none;\">\n<ol>\n<li>Transportasi pribadi untuk kelompok kecil<\/li>\n<\/ol>\n<\/li>\n<\/ol>\n<p>N<\/p>\n<ol>\n<li style=\"list-style-type: none;\">\n<ol>\n<li style=\"font-weight: 400;\">Pantai El Rincon<\/li>\n<\/ol>\n<\/li>\n<\/ol>\n<p>N<\/p>\n<ol>\n<li style=\"list-style-type: none;\">\n<ol>\n<li>Peternakan Rumah Dominika<\/li>\n<\/ol>\n<\/li>\n<\/ol>\n<p>N<\/p>\n<ol>\n<li style=\"list-style-type: none;\">\n<ol>\n<li>Sungai Cano Frio<\/li>\n<\/ol>\n<\/li>\n<\/ol>\n<p>N<\/p>\n<ol>\n<li style=\"list-style-type: none;\">\n<ol>\n<li style=\"font-weight: 400;\"><span style=\"font-weight: 400;\">Semua pajak, biaya dan biaya penanganan<\/span><\/li>\n<\/ol>\n<\/li>\n<\/ol>\n<p>N<\/p>\n<ol>\n<li style=\"list-style-type: none;\">\n<ol>\n<li style=\"font-weight: 400;\"><span style=\"font-weight: 400;\">Pajak daerah<\/span><\/li>\n<\/ol>\n<\/li>\n<\/ol>\n<p>N<\/p>\n<ol>\n<li style=\"list-style-type: none;\">\n<ol>\n<li>Makan siang di Pantai<\/li>\n<\/ol>\n<\/li>\n<\/ol>\n<p>N<\/p>\n<ol>\n<li style=\"list-style-type: none;\">\n<ol>\n<li>Lintas alam<\/li>\n<\/ol>\n<\/li>\n<\/ol>\n<p>N<\/p>\n<ol>\n<li style=\"list-style-type: none;\">\n<ol>\n<li style=\"font-weight: 400;\"><span style=\"font-weight: 400;\">Semua aktivitas<\/span><\/li>\n<\/ol>\n<\/li>\n<\/ol>\n<p>N<\/p>\n<p>N<b> Pengecualian<\/b><br \/>\nN<\/p>\n<ol>\n<li style=\"list-style-type: none;\">\n<ol>N<\/p>\n<li style=\"font-weight: 400;\"><span style=\"font-weight: 400;\">Gratifikasi<\/span><\/li>\n<\/ol>\n<\/li>\n<\/ol>\n<p>N<\/p>\n<ol>\n<li style=\"list-style-type: none;\">\n<ol>\n<li>Semua Minuman<\/li>\n<\/ol>\n<\/li>\n<\/ol>\n<p>N<\/p>\n<p>N<\/p>\n<h4><em><strong>Keberangkatan &amp; Kepulangan<\/strong><\/em><\/h4>\n<p>N<span style=\"font-weight: 400;\">Traveler akan mendapatkan titik pertemuan setelah Proses Reservasi. Tur dimulai dan Selesai di titik pertemuan kami.<\/span><br \/>\nN<\/p>\n<h2 class=\"styles__heading___mD4_3\" data-radium=\"true\">(Pantai Ermitano) Tur perahu Playa Ermitano dan Perjalanan pribadi Playa Onda.<\/h2>\n<p>N<\/p>\n<h4><em>Apa yang Diharapkan?<\/em><\/h4>\n<p>Setelah meninggalkan area hotel Samana dan berkendara melintasi jalan-jalan Dominika, Anda akan melihat dan belajar tentang gaya hidup penduduk setempat. Pantai ini terletak di antara Playa Honda dan Playa El Valle Di Semenanjung Samana. Memiliki panjang 400 meter dan dikelilingi oleh terumbu karang. Satu-satunya cara untuk mengakses pantai ini adalah dengan mendaki, melalui jalur setapak mirip hutan lebat atau dengan perahu.<br \/>\nN<br \/>\nN<span style=\"vertical-align: inherit;\"><span style=\"vertical-align: inherit;\">Sejarah namamu sangat menarik dan menarik\u2026 Juan El Ermita\u00f1o jelas merupakan seorang bajak laut Perancis yang, tiba-tiba, menjadi salah satu dari dia di drama Saman\u00e1 ini. <\/span><span style=\"vertical-align: inherit;\">Karena sejarah yang biasa terjadi sendirian dan berakhir di dunia selama tahun 1780. Kata-kata yang diberikan kepada kita setelah 22 tahun pengasingan, ditemukan oleh sorpresa oleh perusahaan antik kita yang membuat kita percaya. <\/span><span style=\"vertical-align: inherit;\">Tapi orang-orang Spanyol, yang berasal dari Australia dan Konstanta, mengakui kesalahan itu, pertimbangkan hal ini sebagai santo. <\/span><span style=\"vertical-align: inherit;\">Tapi seperti semua sejarah bajak laut yang berharga, Juan El Ermita\u00f1o menjaga sebuah rahasia besar: menjaga sebuah bot yang berharga dari masa bajak lautnya yang escond\u00eda di permainan ini.<\/span><\/span><br \/>\nN<br \/>\nKetika tiba di sana Anda akan melihat di depan Anda pemandangan kartu pos yang sempurna. Anda akan mendapat kesan unik di dunia di tempat ajaib ini karena vegetasinya yang subur dan tropis serta keindahan airnya yang jernih. Pantai ini membuat pengalaman yang luar biasa menjadi kenyataan.<br \/>\nN<br \/>\nSerial TV Survivor versi Turki dan Swedia diambil gambarnya di pantai ini<br \/>\nN<br \/>\nnThis tour, organized by &#8220;Booking Adventures&#8221; starts at the meeting point set with our Tour Guide. Come with Booking Adventures and have lunch at the beach and enjoy the one of the\u00a0most amazing beaches in Samana, Dominican Republic.<br \/>\nN<\/p>\n<h4><em><strong>Apa yang harus kamu bawa?<\/strong><\/em><\/h4>\n<p>N<\/p>\n<ul>\n<li style=\"list-style-type: none;\">\n<ul>N<\/p>\n<li style=\"font-weight: 400;\"><span style=\"font-weight: 400;\">Kamera<\/span><\/li>\n<\/ul>\n<\/li>\n<\/ul>\n<p>N<\/p>\n<ul>\n<li style=\"list-style-type: none;\">\n<ul>\n<li style=\"font-weight: 400;\"><span style=\"font-weight: 400;\">Tunas penolak<\/span><\/li>\n<\/ul>\n<\/li>\n<\/ul>\n<p>N<\/p>\n<ul>\n<li style=\"list-style-type: none;\">\n<ul>\n<li style=\"font-weight: 400;\"><span style=\"font-weight: 400;\">Krim matahari<\/span><\/li>\n<\/ul>\n<\/li>\n<\/ul>\n<p>N<\/p>\n<ul>\n<li style=\"list-style-type: none;\">\n<ul>\n<li>Air<\/li>\n<\/ul>\n<\/li>\n<\/ul>\n<p>N<\/p>\n<ul>\n<li style=\"list-style-type: none;\">\n<ul>\n<li style=\"font-weight: 400;\"><span style=\"font-weight: 400;\">Topi<\/span><\/li>\n<\/ul>\n<\/li>\n<\/ul>\n<p>N<\/p>\n<ul>\n<li style=\"list-style-type: none;\">\n<ul>\n<li style=\"font-weight: 400;\"><span style=\"font-weight: 400;\">Celana yang nyaman<\/span><\/li>\n<\/ul>\n<\/li>\n<\/ul>\n<p>N<\/p>\n<ul>\n<li style=\"list-style-type: none;\">\n<ul>\n<li style=\"font-weight: 400;\"><span style=\"font-weight: 400;\">Sepatu hiking untuk hutan<\/span><\/li>\n<\/ul>\n<\/li>\n<\/ul>\n<p>N<\/p>\n<ul>\n<li style=\"list-style-type: none;\">\n<ul>\n<li style=\"font-weight: 400;\"><span style=\"font-weight: 400;\">Sandal ke area Musim Semi.<\/span><\/li>\n<\/ul>\n<\/li>\n<\/ul>\n<p>N<\/p>\n<ul>\n<li style=\"list-style-type: none;\">\n<ul>\n<li style=\"font-weight: 400;\"><span style=\"font-weight: 400;\">Pakaian renang<\/span><\/li>\n<\/ul>\n<\/li>\n<\/ul>\n<p>N<\/p>\n<p>N<br \/>\nN<\/p>\n<h4><b><i>Penjemputan di Hotel <\/i><\/b><\/h4>\n<p>N<span style=\"font-weight: 400;\">Penjemputan di hotel ditawarkan untuk tur ini. <\/span><br \/>\nN<br \/>\nN<br \/>\nN<br \/>\nN<b>Catatan:<\/b><span style=\"font-weight: 400;\"> Jika Anda memesan dalam waktu 24 jam dari waktu keberangkatan tur\/wisata, kami dapat mengatur penjemputan di hotel. Kita jemput saja di daerah Samana. Setelah pembelian Anda selesai, kami akan mengirimkan Anda informasi kontak lengkap (nomor telepon, alamat email, dll.) untuk pemandu wisata lokal kami untuk mengatur pengaturan penjemputan.<\/span><br \/>\nN<\/p>\n<h4><b><i>Konfirmasi Info Tambahan <\/i><\/b><\/h4>\n<p>N<\/p>\n<ol>\n<li style=\"list-style-type: none;\">\n<ol>N<\/p>\n<li>Tiket adalah Tanda Terima setelah membayar Tour ini. Anda dapat menunjukkan pembayaran di ponsel Anda.<\/li>\n<\/ol>\n<\/li>\n<\/ol>\n<p>N<\/p>\n<ol>\n<li style=\"list-style-type: none;\">\n<ol>\n<li style=\"font-weight: 400;\"><span style=\"font-weight: 400;\">Meeting Point Akan Diterima Setelah Proses Reservasi.<\/span><\/li>\n<\/ol>\n<\/li>\n<\/ol>\n<p>N<\/p>\n<ol>\n<li style=\"list-style-type: none;\">\n<ol>\n<li style=\"font-weight: 400;\"><span style=\"font-weight: 400;\">Anak-anak harus didampingi oleh orang dewasa.<\/span><\/li>\n<\/ol>\n<\/li>\n<\/ol>\n<p>N<\/p>\n<ol>\n<li style=\"list-style-type: none;\">\n<ol>\n<li style=\"font-weight: 400;\"><span style=\"font-weight: 400;\"> Tidak dapat diakses kursi roda <\/span><\/li>\n<\/ol>\n<\/li>\n<\/ol>\n<p>N<\/p>\n<ol>\n<li style=\"list-style-type: none;\">\n<ol>\n<li style=\"font-weight: 400;\"><span style=\"font-weight: 400;\">Bayi harus duduk di pangkuan <\/span><\/li>\n<\/ol>\n<\/li>\n<\/ol>\n<p>N<\/p>\n<ol>\n<li style=\"list-style-type: none;\">\n<ol>\n<li style=\"font-weight: 400;\"><span style=\"font-weight: 400;\">Tidak direkomendasikan untuk wisatawan dengan masalah punggung<\/span><\/li>\n<\/ol>\n<\/li>\n<\/ol>\n<p>N<\/p>\n<ol>\n<li style=\"list-style-type: none;\">\n<ol>\n<li style=\"font-weight: 400;\"><span style=\"font-weight: 400;\">Tidak direkomendasikan untuk wisatawan hamil <\/span><\/li>\n<\/ol>\n<\/li>\n<\/ol>\n<p>N<\/p>\n<ol>\n<li style=\"list-style-type: none;\">\n<ol>\n<li style=\"font-weight: 400;\"><span style=\"font-weight: 400;\"> Tidak ada masalah jantung atau kondisi medis serius lainnya <\/span><\/li>\n<\/ol>\n<\/li>\n<\/ol>\n<p>N<\/p>\n<ol>\n<li style=\"list-style-type: none;\">\n<ol>\n<li style=\"font-weight: 400;\"><span style=\"font-weight: 400;\">Sebagian besar wisatawan dapat berpartisipasi<\/span><\/li>\n<\/ol>\n<\/li>\n<\/ol>\n<p>N<\/p>\n<p>N<\/p>\n<h4><b><i>Kebijakan Pembatalan<\/i><\/b><\/h4>\n<p>Untuk pengembalian dana penuh, harap baca kebijakan Pembatalan kami\u00a0<a href=\"https:\/\/www.boattoursamana.com\/id\/pemesanan-online\/\" target=\"_blank\" rel=\"noopener\" data-saferedirecturl=\"https:\/\/www.google.com\/url?q=https:\/\/www.boattoursamana.com\/online-booking\/&amp;source=gmail&amp;ust=1672532492004000&amp;usg=AOvVaw3ylqI1cdbIPTimEqEWneyd\">klik disini<\/a>. Dana akan hilang jika reservasi dibatalkan pada hari perjalanan yang sama.<\/p>\n\n\t\t<\/div>\n\t<\/div>\n<\/div><\/div><\/div><\/div><div class=\"vc_row wpb_row vc_row-fluid\" ><div class=\"wpb_column vc_column_container vc_col-sm-12\"><div class=\"vc_column-inner\"><div class=\"wpb_wrapper\">\n\t<div class=\"wpb_video_widget wpb_content_element vc_clearfix   vc_video-aspect-ratio-169 vc_video-el-width-100 vc_video-align-left\" >\n\t\t<div class=\"wpb_wrapper\">\n\t\t\t<h2 class=\"wpb_heading wpb_video_heading\">Menonton video:<\/h2>\n\t\t\t<div class=\"wpb_video_wrapper\"><a href=\"https:\/\/vimeo.com\/263076708\" rel=\"noopener\">https:\/\/vimeo.com\/263076708<\/a><\/div>\n\t\t<\/div>\n\t<\/div>\n<\/div><\/div><\/div><\/div><div class=\"vc_row wpb_row vc_row-fluid\" ><div class=\"wpb_column vc_column_container vc_col-sm-12\"><div class=\"vc_column-inner\"><div class=\"wpb_wrapper\"><div class=\"vc_empty_space\"   style=\"height: 32px\"><span class=\"vc_empty_space_inner\"><\/span><\/div>\n\t<div class=\"wpb_text_column wpb_content_element\" >\n\t\t<div class=\"wpb_wrapper\">\n\t\t\t<p>\nN<\/p>\n<h4>Hubungi kami?<\/h4>\n<p>N<\/p>\n<h5>Petualangan Pemesanan<\/h5>\n<p>N<em><strong>Penduduk setempat<\/strong>\u00a0Dan\u00a0<strong>Warga negara<\/strong>\u00a0Pemandu Wisata &amp; Layanan Tamu<\/em><br \/>\nN<br \/>\nN<span class=\"text-turquoise\">Reservasi:<\/span>\u00a0Tur &amp; Tamasya di Dom. Reputasi.<br \/>\nN<br \/>\nN<img decoding=\"async\" class=\"emoji\" draggable=\"false\" src=\"https:\/\/s.w.org\/images\/core\/emoji\/11.2.0\/svg\/1f4de.svg\" alt=\" \" title=\"\">\u00a0Telp \/ Whatsapp\u00a0\u00a0<a href=\"tel:+1-809-720-6035\">+1-809-720-6035<\/a>.<br \/>\nN<br \/>\nN<img decoding=\"async\" class=\"emoji\" draggable=\"false\" src=\"https:\/\/s.w.org\/images\/core\/emoji\/11.2.0\/svg\/1f4e9.svg\" alt=\" \" title=\"\">\u00a0<a href=\"mailto:info@bookingadventures.com.do\">info@bookingadventures.com.do<\/a><br \/>\nN<br \/>\nN<strong>Kami Fleksibel Mengatur Tur Pribadi melalui Whatsapp:\u00a0<a href=\"tel:+18097206035\">+18097206035.<\/a><\/strong><\/p>\n\n\t\t<\/div>\n\t<\/div>\n<div class=\"vc_empty_space\"   style=\"height: 32px\"><span class=\"vc_empty_space_inner\"><\/span><\/div><\/div><\/div><\/div><\/div><div class=\"vc_row wpb_row vc_row-fluid\" ><div class=\"wpb_column vc_column_container vc_col-sm-12\"><div class=\"vc_column-inner\"><div class=\"wpb_wrapper\"><div class=\"vc_btn3-container vc_btn3-inline\" ><button class=\"vc_general vc_btn3 vc_btn3-size-md vc_btn3-shape-rounded vc_btn3-style-modern vc_btn3-color-green\">PESAN SEKARANG<\/button><\/div><\/div><\/div><\/div><\/div>","protected":false},"excerpt":{"rendered":"<p>El viaje comienza recogi\u00e9ndolo en su hotel o en el aeropuerto en el \u00e1rea de Saman\u00e1 de Las Galeras. Comience su experiencia en Playa El Valle, una hermosa y \u00fanica playa cerca de Saman\u00e1. Disfrute de un viaje en bote de 25 minutos a Playa Ermita\u00f1o, que es una playa a\u00fan inexplorada y aislada con agua azul turquesa. Disfruta del agua de coco fresca. Descubra la belleza real e intacta de la Rep\u00fablica Dominicana y sum\u00e9rjase en la naturaleza mientras [&hellip;]<\/p>\n","protected":false},"author":2,"featured_media":0,"parent":0,"menu_order":0,"comment_status":"closed","ping_status":"closed","template":"","meta":{"footnotes":""},"class_list":["post-15773","page","type-page","status-publish","hentry"],"_links":{"self":[{"href":"https:\/\/www.boattoursamana.com\/id\/wp-json\/wp\/v2\/pages\/15773","targetHints":{"allow":["GET"]}}],"collection":[{"href":"https:\/\/www.boattoursamana.com\/id\/wp-json\/wp\/v2\/pages"}],"about":[{"href":"https:\/\/www.boattoursamana.com\/id\/wp-json\/wp\/v2\/types\/page"}],"author":[{"embeddable":true,"href":"https:\/\/www.boattoursamana.com\/id\/wp-json\/wp\/v2\/users\/2"}],"replies":[{"embeddable":true,"href":"https:\/\/www.boattoursamana.com\/id\/wp-json\/wp\/v2\/comments?post=15773"}],"version-history":[{"count":0,"href":"https:\/\/www.boattoursamana.com\/id\/wp-json\/wp\/v2\/pages\/15773\/revisions"}],"wp:attachment":[{"href":"https:\/\/www.boattoursamana.com\/id\/wp-json\/wp\/v2\/media?parent=15773"}],"curies":[{"name":"wp","href":"https:\/\/api.w.org\/{rel}","templated":true}]}}