{"id":15802,"date":"2023-07-15T07:43:59","date_gmt":"2023-07-15T07:43:59","guid":{"rendered":"https:\/\/www.ticketswhales.com\/excursion-whale-watching-samana-bay-cano-hondo-los-haitises-from-samana-port\/"},"modified":"2023-07-15T07:43:59","modified_gmt":"2023-07-15T07:43:59","slug":"excursion-whale-watching-samana-bay-cano-hondo-los-haitises-from-samana-port","status":"publish","type":"page","link":"https:\/\/www.boattoursamana.com\/id\/tamasya-mengamati-paus-samana-bay-cano-hondo-los-haitises-dari-pelabuhan-samana-2","title":{"rendered":"Tamasya Mengamati Paus Teluk Saman\u00e1 + Ca\u00f1o Hondo + Los Haitises dari pelabuhan Saman\u00e1"},"content":{"rendered":"<p><span style=\"vertical-align: inherit;\"><span style=\"vertical-align: inherit;\">Ini adalah tamasya pribadi ke observatorium pemandangan balena setelah almuerzo di tempat ekologis Ca\u00f1o Hondo dan Parque Nacional Los Haitises. <\/span><span style=\"vertical-align: inherit;\">Nadie juga menawarkan pengalaman yang luar biasa dalam perjalanan sendirian dengan panduan para ahli ekologi profesional dalam pemandangan balena. <\/span><span style=\"vertical-align: inherit;\">Jika Anda ingin menghubungi kami untuk menerima penerimaan, iri pada saluran elektronik, Whatsapp, atau Llamadas yang tersedia. <\/span><span style=\"vertical-align: inherit;\">Oleh karena itu, simpanlah boletos untuk sementara waktu.<\/span><\/span><br \/>\nN<br \/>\nN&Nbsp;<br \/>\nN<br \/>\nN<em><strong><span style=\"vertical-align: inherit;\"><span style=\"vertical-align: inherit;\">Pilih kegiatan tamasya:<\/span><\/span><\/strong><\/em><\/p>\n<p>&nbsp;<\/p>\n<div class=\"vc_row wpb_row vc_row-fluid\" ><\/div><div class=\"wpb_column vc_column_container vc_col-sm-12\"><div class=\"vc_column-inner\"><div class=\"wpb_wrapper\"><\/div><\/div><\/div><div class=\"mkdf-section-title-holder\" style=\"text-align: left\">\n\t<div class=\"mkdf-st-inner\">\n\t\t\t\t\t<h5 class=\"mkdf-st-subtitle\" >\n\t\t\t\tTur &amp; Tamasya\t\t\t<\/h5>\n\t\t\t\t\t\t\t<h3 class=\"mkdf-st-title\" >\n\t\t\t\tTamasya Mengamati Paus Teluk Samana + Cano Hondo + Los Haitises dari pelabuhan Samana\t\t\t<\/h3>\n\t\t\t\t\t<\/div>\n<\/div>\n\t<div class=\"wpb_text_column wpb_content_element\" >\n\t\t<div class=\"wpb_wrapper\">\n\t\t\t<p>\nN<\/p>\n<div class=\"vc_row wpb_row vc_row-fluid\">\nN<\/p>\n<div class=\"wpb_column vc_column_container vc_col-sm-12\">\nN<\/p>\n<div class=\"vc_column-inner\">\nN<\/p>\n<div class=\"wpb_wrapper\">\nN<\/p>\n<div class=\"wpb_text_column wpb_content_element\">\nN<\/p>\n<div class=\"wpb_wrapper\">\nN<\/p>\n<h3><\/h3>\n<p>nPengamatan ikan paus di Saman\u00e1 dimulai dari pelabuhan Saman\u00e1 setelah mengamati ikan paus kita akan menyeberangi teluk untuk mengunjungi kolam Alami Ca\u00f1o Hondo ditambah Makan Siang dan Perjalanan Penuh di Taman Nasional Los Haitises.<br \/>\nN<br \/>\nnPerjalanan ini akan dimulai pada pukul 09:00 dan berakhir pada pukul 17:00. Pertemuan sebelumnya di Kantor Kami. Setelah membatalkan Kapal Pribadi kami untuk mengunjungi Paus di habitatnya sendiri. Dari jam 09:00 sampai 11:00 Observatorium Paus dan Setelah perjalanan mengamati Paus ini kita akan mengunjungi Ca\u00f1o Hondo untuk Makan Siang ditambah berenang di kolam alami dan diakhiri dengan perjalanan penuh ke Taman Nasional Los Haitises. Tamasya ini akan berakhir di pelabuhan yang sama yang akan dimulai pada pukul 17:00.<br \/>\nN<br \/>\nN<strong>Catatan: Ini adalah tamasya pribadi.\u00a0<\/strong><br \/>\nN<\/p>\n<ul>\nN \t<\/p>\n<li>Perjalanan Mengamati Paus<\/li>\n<p>N \t<\/p>\n<li>Tur Taman Nasional Los Haitises<\/li>\n<p>N \t<\/p>\n<li>Ca\u00f1o Hondo, Makan Siang dan Kolam Renang<\/li>\n<p>N \t<\/p>\n<li>Biaya masuk ke Observatorium<\/li>\n<p>N \t<\/p>\n<li>Perpindahan Perahu<\/li>\n<p>N \t<\/p>\n<li>Kapten memberikan instruksi dan Pengawasan<\/li>\n<p>N \t<\/p>\n<li>Pemandu wisata<\/li>\n<p>N<\/ul>\n<p>N&Nbsp;<br \/>\nN<\/p>\n<h4><b>Inklusi &amp; Pengecualian<\/b><\/h4>\n<p>N&Nbsp;<br \/>\nN<br \/>\nN<b>Inklusi<\/b><br \/>\nN<\/p>\n<ol>\nN \t<\/p>\n<li>Makan siang prasmanan di Ca\u00f1o Hondo<\/li>\n<p>N \t<\/p>\n<li>Kolam Alami<\/li>\n<p>N \t<\/p>\n<li>Pengamatan ikan paus di Teluk Saman\u00e1<\/li>\n<p>N \t<\/p>\n<li>Taman Nasional Los Haitises, Gua, Hutan Bakau dan Teluk San Lorenzo<\/li>\n<p>N \t<\/p>\n<li>Pemandu wisata<\/li>\n<p>N \t<\/p>\n<li>Catamaran atau Perjalanan Perahu<\/li>\n<p>N \t<\/p>\n<li>Semua pajak, biaya dan biaya penanganan<\/li>\n<p>N \t<\/p>\n<li>Pajak daerah<\/li>\n<p>N \t<\/p>\n<li>Minuman<\/li>\n<p>N<\/ol>\n<p>N<b>Pengecualian<\/b><br \/>\nN<\/p>\n<ol>\nN \t<\/p>\n<li>Gratifikasi<\/li>\n<p>N \t<\/p>\n<li>Pemindahan Mobil<\/li>\n<p>N \t<\/p>\n<li>Minuman beralkohol<\/li>\n<p>N<\/ol>\n<p>N&Nbsp;<br \/>\nN<\/p>\n<h4><em><strong>Keberangkatan &amp; Kepulangan<\/strong><\/em><\/h4>\n<p>Traveler akan mendapatkan titik pertemuan setelah Proses Reservasi. Tur dimulai dan Selesai di titik pertemuan kami.<br \/>\nN<br \/>\nN&Nbsp;<br \/>\nN<\/p>\n<h4><b><i>Apa yang Diharapkan?<\/i><\/b><\/h4>\n<p>N&Nbsp;<br \/>\nN<br \/>\nN<em><strong>Dapatkan tiket Anda<\/strong><\/em> untuk tur Mengamati Paus sehari di teluk Samana ditambah makan siang dan waktu pantai yang menyenangkan dan mengunjungi Taman Nasional Los Haitises.<br \/>\nN<br \/>\nnTiket harian untuk mengamati paus, yang diselenggarakan oleh \u201cBooking Adventures\u201d dimulai di titik pertemuan yang ditentukan oleh Pemandu Wisata. Makan siang di pantai dan Anda bisa tinggal selama Anda ingin berenang. Jika Anda seorang Vegan, kami juga dapat menyiapkan makanan untuk Anda.<br \/>\nN<br \/>\nN<strong>Jadwal:<\/strong><br \/>\nN<br \/>\npukul 08.45 \u2013 17.00<br \/>\nN<br \/>\nN&Nbsp;<br \/>\nN<\/p>\n<h4><em><strong>Apa yang harus kamu bawa?<\/strong><\/em><\/h4>\n<p>N<\/p>\n<ul>\nN \t<\/p>\n<li>Kamera<\/li>\n<p>N \t<\/p>\n<li>Tunas penolak<\/li>\n<p>N \t<\/p>\n<li>krim matahari<\/li>\n<p>N \t<\/p>\n<li>Topi<\/li>\n<p>N \t<\/p>\n<li>Celana yang nyaman<\/li>\n<p>N \t<\/p>\n<li>Sandal ke pantai<\/li>\n<p>N \t<\/p>\n<li>Pakaian renang<\/li>\n<p>N \t<\/p>\n<li>Uang tunai untuk oleh-oleh<\/li>\n<p>N<\/ul>\n<p>N&Nbsp;<br \/>\nN<\/p>\n<h4><b><i>Penjemputan di Hotel<\/i><\/b><\/h4>\n<p>nPenjemputan di hotel tidak ditawarkan untuk tur ini.<br \/>\nN<br \/>\nN&Nbsp;<br \/>\nN<br \/>\nN<b>Catatan:<\/b>\u00a0jika Anda memesan dalam waktu 24 jam dari waktu keberangkatan tur\/Ekskursi, kami dapat mengatur penjemputan hotel dengan Biaya tambahan. Setelah pembelian Anda selesai, kami akan mengirimkan Anda informasi kontak lengkap (nomor telepon, alamat email, dll.) untuk pemandu wisata lokal kami untuk mengatur pengaturan penjemputan.<br \/>\nN<\/p>\n<h4><b><i>Konfirmasi Info Tambahan<\/i><\/b><\/h4>\n<p>N<\/p>\n<ol>\nN \t<\/p>\n<li>Tiket adalah Tanda Terima setelah membayar Tour ini. Anda dapat menunjukkan pembayaran di ponsel Anda.<\/li>\n<p>N \t<\/p>\n<li>Meeting Point Akan Diterima Setelah Proses Reservasi.<\/li>\n<p>N \t<\/p>\n<li>Anak-anak harus didampingi oleh orang dewasa.<\/li>\n<p>N \t<\/p>\n<li>dapat diakses oleh kursi roda<\/li>\n<p>N \t<\/p>\n<li>Bayi harus duduk di pangkuan<\/li>\n<p>N \t<\/p>\n<li>Sebagian besar wisatawan dapat berpartisipasi<\/li>\n<p>N<\/ol>\n<p>N<\/p>\n<h4><b><i>Kebijakan Pembatalan<\/i><\/b><\/h4>\n<p>Untuk pengembalian dana penuh, harap baca kebijakan Pembatalan kami\u00a0<a href=\"https:\/\/www.boattoursamana.com\/id\/pemesanan-online\/\" target=\"_blank\" rel=\"noopener\" data-saferedirecturl=\"https:\/\/www.google.com\/url?q=https:\/\/www.boattoursamana.com\/online-booking\/&amp;source=gmail&amp;ust=1672449202351000&amp;usg=AOvVaw1yAeVAPktmaVCqDujgUn90\">klik disini<\/a>. Dana akan hilang jika reservasi dibatalkan pada hari perjalanan yang sama.<br \/>\nN<br \/>\nN<\/div>\n<p>N\n<\/p><\/div>\n<p>N\n<\/p><\/div>\n<p>N\n<\/p><\/div>\n<p>N\n<\/p><\/div>\n<p>N\n<\/p><\/div>\n<p>N<\/p>\n<div class=\"vc_row wpb_row vc_row-fluid\">\nN<\/p>\n<div class=\"wpb_column vc_column_container vc_col-sm-12\">\nN<\/p>\n<div class=\"vc_column-inner\">\nN<\/p>\n<div class=\"wpb_wrapper\">\nN<\/p>\n<div class=\"wpb_text_column wpb_content_element\">\nN<\/p>\n<div class=\"wpb_wrapper\">\nN<\/p>\n<h4>Hubungi kami?<\/h4>\n<p>N<\/p>\n<h5><b><i>TUR PAUS SAMANA<\/i><\/b><\/h5>\n<p>N<em><strong>Penduduk setempat<\/strong>\u00a0Dan\u00a0<strong>Warga negara<\/strong>\u00a0Pemandu Wisata &amp; Layanan Tamu<\/em><br \/>\nN<br \/>\nN<span class=\"text-turquoise\">Reservasi:<\/span>\u00a0Tur &amp; Tamasya di Dom. Reputasi.<br \/>\nN<br \/>\nN<img decoding=\"async\" class=\"emoji\" draggable=\"false\" src=\"https:\/\/s.w.org\/images\/core\/emoji\/11.2.0\/svg\/1f4de.svg\" alt=\" \" title=\"\">\u00a0Telp \/ Whatsapp\u00a0\u00a0<a href=\"tel:+1-809-720-6035\">+1-809-720-6035<\/a>.<br \/>\nN<br \/>\nN<img decoding=\"async\" class=\"emoji\" draggable=\"false\" src=\"https:\/\/s.w.org\/images\/core\/emoji\/11.2.0\/svg\/1f4e9.svg\" alt=\" \" title=\"\">\u00a0<a href=\"mailto:info@bookingadventures.com.do\">info@bookingadventures.com.do<\/a><br \/>\nN<br \/>\nN<strong>Kami Fleksibel Mengatur Tur Pribadi melalui Whatsapp:\u00a0<a href=\"tel:+18097206035\">+18097206035.<\/a><\/strong><br \/>\nN<br \/>\nN<\/div>\n<p>N\n<\/p><\/div>\n<p>N\n<\/p><\/div>\n<p>N\n<\/p><\/div>\n<p>N\n<\/p><\/div>\n<p>N\n<\/p><\/div>\n<p>N<\/p>\n\n\t\t<\/div>\n\t<\/div>\n<div class=\"mkdf-section-title-holder\" style=\"text-align: left\">\n\t<div class=\"mkdf-st-inner\">\n\t\t\t\t\t<h5 class=\"mkdf-st-subtitle\" >\n\t\t\t\tTur &amp; Tamasya Pribadi\t\t\t<\/h5>\n\t\t\t\t\t\t\t<h3 class=\"mkdf-st-title\" >\n\t\t\t\tWisata Pribadi Mengamati Paus Samana Bay + Cano Hondo + Los Haitises dari pelabuhan Samana\t\t\t<\/h3>\n\t\t\t\t\t<\/div>\n<\/div>\n\t<div class=\"wpb_text_column wpb_content_element\" >\n\t\t<div class=\"wpb_wrapper\">\n\t\t\t<p>\nN<br \/>\nnSaya blok teks. Klik tombol edit untuk mengubah teks ini. Lorem ipsum dolor sit amet, consectetur adipiscing elit. Ut elit tellus, luctus nec ullamcorper mattis, pulvinar dapibus leo.<br \/>\nN<br \/>\nN<\/p>\n\n\t\t<\/div>\n\t<\/div>","protected":false},"excerpt":{"rendered":"<p>Esta es una excursi\u00f3n privada al observatorio de avistamiento de ballenas despu\u00e9s del almuerzo en el albergue ecol\u00f3gico Ca\u00f1o Hondo y el Parque Nacional Los Haitises. Nadie m\u00e1s ofrece esta incre\u00edble experiencia en un viaje de un solo d\u00eda con gu\u00edas profesionales ecologistas en el avistamiento de ballenas. Si desea ponerse en contacto con nosotros para recibir asesoramiento, env\u00ede un correo electr\u00f3nico, Whatsapp o Llamadas disponibles. Por favor reserve sus boletos con tiempo. n n&nbsp; n nSeleccione la fecha de [&hellip;]<\/p>\n","protected":false},"author":2,"featured_media":0,"parent":0,"menu_order":0,"comment_status":"open","ping_status":"closed","template":"","meta":{"footnotes":""},"class_list":["post-15802","page","type-page","status-publish","hentry"],"_links":{"self":[{"href":"https:\/\/www.boattoursamana.com\/id\/wp-json\/wp\/v2\/pages\/15802","targetHints":{"allow":["GET"]}}],"collection":[{"href":"https:\/\/www.boattoursamana.com\/id\/wp-json\/wp\/v2\/pages"}],"about":[{"href":"https:\/\/www.boattoursamana.com\/id\/wp-json\/wp\/v2\/types\/page"}],"author":[{"embeddable":true,"href":"https:\/\/www.boattoursamana.com\/id\/wp-json\/wp\/v2\/users\/2"}],"replies":[{"embeddable":true,"href":"https:\/\/www.boattoursamana.com\/id\/wp-json\/wp\/v2\/comments?post=15802"}],"version-history":[{"count":0,"href":"https:\/\/www.boattoursamana.com\/id\/wp-json\/wp\/v2\/pages\/15802\/revisions"}],"wp:attachment":[{"href":"https:\/\/www.boattoursamana.com\/id\/wp-json\/wp\/v2\/media?parent=15802"}],"curies":[{"name":"wp","href":"https:\/\/api.w.org\/{rel}","templated":true}]}}