{"id":15805,"date":"2023-07-15T07:43:59","date_gmt":"2023-07-15T07:43:59","guid":{"rendered":"https:\/\/www.ticketswhales.com\/mountain-bikes-4-hours-kayaks-los-haitises\/"},"modified":"2023-07-15T07:43:59","modified_gmt":"2023-07-15T07:43:59","slug":"mountain-bikes-4-hours-kayaks-los-haitises","status":"publish","type":"page","link":"https:\/\/www.boattoursamana.com\/id\/sepeda-gunung-4-jam-kayak-los-haitises","title":{"rendered":"Sepeda Gunung + kayak Los Haitises selama 4 jam"},"content":{"rendered":"<p><span style=\"font-weight: 400;\"><span style=\"vertical-align: inherit;\"><span style=\"vertical-align: inherit;\"><span style=\"vertical-align: inherit;\"><span style=\"vertical-align: inherit;\">Melalui seorang ahli lokal dan mendapatkan pengalaman unik dari Anda dengan bersepeda dari Sabana de la Mar, tur ini akan membawa Anda ke ver el hermoso paisaje del campo de la Rep\u00fablica Dominicana. <\/span><\/span><\/span><span style=\"vertical-align: inherit;\"><span style=\"vertical-align: inherit;\"><span style=\"vertical-align: inherit;\">\u00a1Mientras andas en bicicleta podr\u00e1s saludar! <\/span><\/span><\/span><span style=\"vertical-align: inherit;\"><span style=\"vertical-align: inherit;\"><span style=\"vertical-align: inherit;\">para petani montando caballos atau sepeda motor yang dimiliki dan selama pencatatan, dapat muncul dalam petualangan dan budaya lokal di Sabana de la Mar. \u00a1Experiencia \u00fanica en bicicleta de monta\u00f1a!<\/span><\/span><\/span><\/span><\/span><br \/>\nN<br \/>\nN&Nbsp;<br \/>\nN<br \/>\nN<strong><span style=\"vertical-align: inherit;\"><span style=\"vertical-align: inherit;\"><span style=\"vertical-align: inherit;\"><span style=\"vertical-align: inherit;\">Pilih tindakan untuk Tur:<\/span><\/span><\/span><\/span><\/strong><\/p>\n<p>&nbsp;<\/p>\n<div class=\"vc_row wpb_row vc_row-fluid\" ><div class=\"wpb_column vc_column_container vc_col-sm-12\"><div class=\"vc_column-inner\"><div class=\"wpb_wrapper\"><div class=\"vc_empty_space\"   style=\"height: 32px\"><span class=\"vc_empty_space_inner\"><\/span><\/div><\/div><\/div><\/div><\/div><div class=\"vc_row wpb_row vc_row-fluid\" ><div class=\"wpb_column vc_column_container vc_col-sm-12\"><div class=\"vc_column-inner\"><div class=\"wpb_wrapper\"><div class=\"mkdf-section-title-holder\" style=\"text-align: left\">\n\t<div class=\"mkdf-st-inner\">\n\t\t\t\t\t<h5 class=\"mkdf-st-subtitle\" >\n\t\t\t\tSepeda, Bakau, Kayak, Gua, dan Lainnya.\t\t\t<\/h5>\n\t\t\t\t\t\t\t<h3 class=\"mkdf-st-title\" >\n\t\t\t\tSepeda Gunung + Kayak Los Haitises\t\t\t<\/h3>\n\t\t\t\t\t<\/div>\n<\/div><\/div><\/div><\/div><\/div><div class=\"vc_row wpb_row vc_row-fluid\" ><div class=\"wpb_column vc_column_container vc_col-sm-12\"><div class=\"vc_column-inner\"><div class=\"wpb_wrapper\"><div class=\"vc_empty_space\"   style=\"height: 32px\"><span class=\"vc_empty_space_inner\"><\/span><\/div><\/div><\/div><\/div><\/div><div class=\"vc_row wpb_row vc_row-fluid\" ><div class=\"wpb_column vc_column_container vc_col-sm-12\"><div class=\"vc_column-inner\"><div class=\"wpb_wrapper\">\n\t<div class=\"wpb_text_column wpb_content_element\" >\n\t\t<div class=\"wpb_wrapper\">\n\t\t\t<p>\nN<\/p>\n<h5><strong>Ringkasan<\/strong><\/h5>\n<p>N<span style=\"font-weight: 400;\">Bepergian dengan ahli lokal dan dapatkan pengalaman unik bersepeda mulai dari Sabana de la Mar, tur ini akan membawa Anda berkeliling melihat pemandangan indah pedesaan Republik Dominika. Saat Anda mengendarai sepeda, Anda akan bisa menyapa! para petani menunggang kuda atau sepeda motor ke properti mereka dan selama tur, Anda akan dapat melihat petualangan dan budaya lokal dari Sabana de la Mar. Beberapa fakta tentang Los Haitises: adalah salah satu formasi batu kapur terbesar di dunia, a tempat konservasi spesies endemik, Lokasi dengan mayoritas keanekaragaman hayati pulau dan terdapat salah satu hutan bakau terluas di Quisqueya.<\/span><br \/>\nN<br \/>\nN&Nbsp;<br \/>\nN<br \/>\nN<strong>Inklusi &amp; Pengecualian<\/strong><br \/>\nN<br \/>\nN&Nbsp;<br \/>\nN<br \/>\nN<strong>Inklusi<\/strong><br \/>\nN<br \/>\nN<span style=\"font-weight: 400;\">Bersepeda<\/span><br \/>\nN<br \/>\nN<span style=\"font-weight: 400;\">Kayak<\/span><br \/>\nN<br \/>\nN<span style=\"font-weight: 400;\">Makanan ringan<\/span><br \/>\nN<br \/>\nN<span style=\"font-weight: 400;\">1 botol air\u00a0<\/span><br \/>\nN<br \/>\nN<span style=\"font-weight: 400;\">Perlengkapan P3K\u00a0<\/span><br \/>\nN<br \/>\nN<span style=\"font-weight: 400;\">Semua pajak, biaya, dan biaya penanganan<\/span><br \/>\nN<br \/>\nN<span style=\"font-weight: 400;\">Pajak daerah<\/span><br \/>\nN<br \/>\nN<span style=\"font-weight: 400;\">Pejabat Pemandu wisata ekologi Inggris\/Spanyol<\/span><br \/>\nN<br \/>\nN&Nbsp;<br \/>\nN<br \/>\nN<strong>Pengecualian<\/strong><br \/>\nN<br \/>\nN<span style=\"font-weight: 400;\">Gratifikasi<\/span><br \/>\nN<br \/>\nN<span style=\"font-weight: 400;\">Transfer<\/span><br \/>\nN<br \/>\nN<span style=\"font-weight: 400;\">Minuman<\/span><br \/>\nN<br \/>\nN<span style=\"font-weight: 400;\">\u00a0<\/span><br \/>\nN<br \/>\nN&Nbsp;<br \/>\nN<br \/>\nN<span style=\"font-weight: 400;\">Keberangkatan &amp; Kepulangan<\/span><br \/>\nN<br \/>\nN&Nbsp;<br \/>\nN<br \/>\nN<span style=\"font-weight: 400;\">Tur yang diselenggarakan oleh \u201cBooking Adventures\u201d dimulai di titik pertemuan yang ditetapkan dengan Pemandu Tur. Traveler akan mendapatkan titik pertemuan setelah Proses Reservasi. Tur dimulai dan Selesai di titik pertemuan kami.<\/span><br \/>\nN<br \/>\nN&Nbsp;<br \/>\nN<br \/>\nN<span style=\"font-weight: 400;\">Apa yang Diharapkan?<\/span><br \/>\nN<br \/>\nN&Nbsp;<br \/>\nN<br \/>\nN<span style=\"font-weight: 400;\">Dapatkan tiket Anda untuk bersepeda dan Berkayak dari Sabana de la Mar\u00a0<\/span><br \/>\nN<br \/>\nN&Nbsp;<br \/>\nN<br \/>\nN<span style=\"font-weight: 400;\">Perjalanan ini dimulai dari titik pertemuan, Anda harus mengkonfirmasi dengan Agen perjalanan kami atau Pemandu Wisata Anda sebelum menuju ke lokasi mana pun. Setelah Anda bertemu pemandu Anda, Anda akan mendapatkan penjelasan tentang tur dan segala sesuatu yang berhubungan dengan hari Anda.<\/span><br \/>\nN<br \/>\nN&Nbsp;<br \/>\nN<br \/>\nN<span style=\"font-weight: 400;\">Ketika semua orang sudah siap kita akan menuju ke pelabuhan Taman Nasional Los Haitises di mana Anda akan memulai kayak di sungai Cano Hondo yang berakhir di Teluk San Lorenzo, ini adalah teluk kecil hanya 10 Km2 dan selama dua jam Anda akan muncul sendiri di berbagai ekosistem los Haiti.\u00a0<\/span><br \/>\nN<br \/>\nN&Nbsp;<br \/>\nN<br \/>\nN<span style=\"font-weight: 400;\">Selama bagian perjalanan ini, Anda akan mendayung mengelilingi hutan bakau yang merupakan hutan bakau terbesar kedua di pulau dengan luas lebih dari 90 Km2 dan ketika Anda sampai di Teluk San Lorenzo Anda akan melihat Semenanjung dan Teluk Samana.\u00a0<\/span><br \/>\nN<br \/>\nN&Nbsp;<br \/>\nN<br \/>\nN<span style=\"font-weight: 400;\">Saat berkayak, ada kemungkinan untuk melihat beberapa lumba-lumba, burung seperti Blue Heron, Grey Heron, Crows, Brown Pelican, Royal Tern, Magnificent Frigatebird, dan pemandangan unik Taman Nasional Los Haitises. Setelah 4 jam setengah jam beraktivitas di Taman Nasional Los Haitises dan Sabana de la Mar, tamasya ini berakhir di tempat yang sama seperti awalnya.<\/span><br \/>\nN<br \/>\nN&Nbsp;<br \/>\nN<br \/>\nN<span style=\"font-weight: 400;\">Catatan: Tur ini dilakukan dengan pemandu wisata Pejabat Ekologi. Harap Pesan tepat waktu karena di taman tidak terlalu banyak spesialis.<\/span><br \/>\nN<br \/>\nN&Nbsp;<br \/>\nN<br \/>\nN<span style=\"font-weight: 400;\">\u00a0<\/span><br \/>\nN<br \/>\nN&Nbsp;<br \/>\nN<br \/>\nN<span style=\"font-weight: 400;\">Apa yang harus kamu bawa?<\/span><br \/>\nN<\/p>\n<ul>\nN \t<\/p>\n<li style=\"font-weight: 400;\" aria-level=\"1\"><span style=\"font-weight: 400;\">Kamera<\/span><\/li>\n<p>N \t<\/p>\n<li style=\"font-weight: 400;\" aria-level=\"1\"><span style=\"font-weight: 400;\">Tunas penolak<\/span><\/li>\n<p>N \t<\/p>\n<li style=\"font-weight: 400;\" aria-level=\"1\"><span style=\"font-weight: 400;\">krim matahari<\/span><\/li>\n<p>N \t<\/p>\n<li style=\"font-weight: 400;\" aria-level=\"1\"><span style=\"font-weight: 400;\">Topi<\/span><\/li>\n<p>N \t<\/p>\n<li style=\"font-weight: 400;\" aria-level=\"1\"><span style=\"font-weight: 400;\">Celana yang nyaman<\/span><\/li>\n<p>N \t<\/p>\n<li style=\"font-weight: 400;\" aria-level=\"1\"><span style=\"font-weight: 400;\">Sepatu lari\u00a0<\/span><\/li>\n<p>N \t<\/p>\n<li style=\"font-weight: 400;\" aria-level=\"1\"><span style=\"font-weight: 400;\">Sandal untuk kayak\u00a0<\/span><\/li>\n<p>N \t<\/p>\n<li style=\"font-weight: 400;\" aria-level=\"1\"><span style=\"font-weight: 400;\">Pakaian renang<\/span><\/li>\n<p>N \t<\/p>\n<li style=\"font-weight: 400;\" aria-level=\"1\"><span style=\"font-weight: 400;\">Handuk\u00a0<\/span><\/li>\n<p>N<\/ul>\n<p>N&Nbsp;<br \/>\nN<\/p>\n<h4><b><i>Penjemputan di Hotel <\/i><\/b><\/h4>\n<p>N<span style=\"font-weight: 400;\">Penjemputan di hotel tidak ditawarkan untuk tur ini. <\/span><br \/>\nN<br \/>\nN&Nbsp;<br \/>\nN<br \/>\nN<b>Catatan:<\/b><span style=\"font-weight: 400;\"> jika Anda memesan dalam waktu 24 jam dari waktu keberangkatan tur\/Ekskursi, kami dapat mengatur penjemputan hotel dengan Biaya tambahan. Setelah pembelian Anda selesai, kami akan mengirimkan Anda informasi kontak lengkap (nomor telepon, alamat email, dll.) untuk pemandu wisata lokal kami untuk mengatur pengaturan penjemputan.<\/span><br \/>\nN<\/p>\n<h4><b><i>Konfirmasi Info Tambahan <\/i><\/b><\/h4>\n<p>N<\/p>\n<ol>\nN \t<\/p>\n<li>Tiket adalah Tanda Terima setelah membayar Tour ini. Anda dapat menunjukkan pembayaran di ponsel Anda.<\/li>\n<p>N \t<\/p>\n<li style=\"font-weight: 400;\"><span style=\"font-weight: 400;\">Meeting Point Akan Diterima Setelah Proses Reservasi.<\/span><\/li>\n<p>N \t<\/p>\n<li style=\"font-weight: 400;\"><span style=\"font-weight: 400;\">Anak-anak harus didampingi oleh orang dewasa.<\/span><\/li>\n<p>N \t<\/p>\n<li style=\"font-weight: 400;\"><span style=\"font-weight: 400;\"> Tidak dapat diakses kursi roda <\/span><\/li>\n<p>N \t<\/p>\n<li style=\"font-weight: 400;\"><span style=\"font-weight: 400;\">Bayi harus duduk di pangkuan <\/span><\/li>\n<p>N \t<\/p>\n<li style=\"font-weight: 400;\"><span style=\"font-weight: 400;\">Tidak direkomendasikan untuk wisatawan dengan masalah punggung<\/span><\/li>\n<p>N \t<\/p>\n<li style=\"font-weight: 400;\"><span style=\"font-weight: 400;\">Tidak direkomendasikan untuk wisatawan hamil <\/span><\/li>\n<p>N \t<\/p>\n<li style=\"font-weight: 400;\"><span style=\"font-weight: 400;\"> Tidak ada masalah jantung atau kondisi medis serius lainnya <\/span><\/li>\n<p>N \t<\/p>\n<li style=\"font-weight: 400;\"><span style=\"font-weight: 400;\">Sebagian besar wisatawan dapat berpartisipasi<\/span><\/li>\n<p>N<\/ol>\n<p>N<\/p>\n<h4><b><i>Kebijakan Pembatalan<\/i><\/b><\/h4>\n<p>Untuk pengembalian dana penuh, harap baca kebijakan Pembatalan kami\u00a0<a href=\"https:\/\/www.boattoursamana.com\/id\/pemesanan-online\/\" target=\"_blank\" rel=\"noopener\" data-saferedirecturl=\"https:\/\/www.google.com\/url?q=https:\/\/www.boattoursamana.com\/online-booking\/&amp;source=gmail&amp;ust=1672449202351000&amp;usg=AOvVaw1yAeVAPktmaVCqDujgUn90\">klik disini<\/a>. Dana akan hilang jika reservasi dibatalkan pada hari perjalanan yang sama.<\/p>\n\n\t\t<\/div>\n\t<\/div>\n<\/div><\/div><\/div><\/div><div class=\"vc_row wpb_row vc_row-fluid\" ><\/div><div class=\"wpb_column vc_column_container vc_col-sm-12\"><div class=\"vc_column-inner\"><div class=\"wpb_wrapper\"><\/div><\/div><\/div><div class=\"vc_empty_space\"   style=\"height: 32px\"><span class=\"vc_empty_space_inner\"><\/span><\/div>\n\t<div class=\"wpb_text_column wpb_content_element\" >\n\t\t<div class=\"wpb_wrapper\">\n\t\t\t<p>\nN<br \/>\nnSaya blok teks. Klik tombol edit untuk mengubah teks ini. Lorem ipsum dolor sit amet, consectetur adipiscing elit. Ut elit tellus, luctus nec ullamcorper mattis, pulvinar dapibus leo.<br \/>\nN<br \/>\nN<\/p>\n\n\t\t<\/div>\n\t<\/div>\n<div class=\"vc_empty_space\"   style=\"height: 32px\"><span class=\"vc_empty_space_inner\"><\/span><\/div>","protected":false},"excerpt":{"rendered":"<p>Viaje con un experto local y obtenga la experiencia \u00fanica de andar en bicicleta comenzando desde Sabana de la Mar, este tour lo llevar\u00e1 a ver el hermoso paisaje del campo de la Rep\u00fablica Dominicana. \u00a1Mientras andas en bicicleta podr\u00e1s saludar! los agricultores montando sus caballos o motocicletas a su propiedad y durante el recorrido, podr\u00e1 emerger en la aventura y la cultura local de Sabana de la Mar. \u00a1Experiencia \u00fanica en bicicleta de monta\u00f1a! n n&nbsp; n nSeleccione la [&hellip;]<\/p>\n","protected":false},"author":2,"featured_media":0,"parent":0,"menu_order":0,"comment_status":"open","ping_status":"closed","template":"","meta":{"footnotes":""},"class_list":["post-15805","page","type-page","status-publish","hentry"],"_links":{"self":[{"href":"https:\/\/www.boattoursamana.com\/id\/wp-json\/wp\/v2\/pages\/15805","targetHints":{"allow":["GET"]}}],"collection":[{"href":"https:\/\/www.boattoursamana.com\/id\/wp-json\/wp\/v2\/pages"}],"about":[{"href":"https:\/\/www.boattoursamana.com\/id\/wp-json\/wp\/v2\/types\/page"}],"author":[{"embeddable":true,"href":"https:\/\/www.boattoursamana.com\/id\/wp-json\/wp\/v2\/users\/2"}],"replies":[{"embeddable":true,"href":"https:\/\/www.boattoursamana.com\/id\/wp-json\/wp\/v2\/comments?post=15805"}],"version-history":[{"count":0,"href":"https:\/\/www.boattoursamana.com\/id\/wp-json\/wp\/v2\/pages\/15805\/revisions"}],"wp:attachment":[{"href":"https:\/\/www.boattoursamana.com\/id\/wp-json\/wp\/v2\/media?parent=15805"}],"curies":[{"name":"wp","href":"https:\/\/api.w.org\/{rel}","templated":true}]}}