{"id":15817,"date":"2023-07-15T07:44:18","date_gmt":"2023-07-15T07:44:18","guid":{"rendered":"https:\/\/www.ticketswhales.com\/los-haitises-national-park-and-cayo-levantado-from-sabana-de-la-mar\/"},"modified":"2023-07-15T07:44:18","modified_gmt":"2023-07-15T07:44:18","slug":"los-haitises-national-park-and-cayo-levantado-from-sabana-de-la-mar","status":"publish","type":"page","link":"https:\/\/www.boattoursamana.com\/id\/los-haitises-taman-nasional-dan-cayo-levantado-dari-sabana-de-la-mar","title":{"rendered":"Taman Nasional Los Haitises dan Cayo Levantado Dari Sabana de la Mar"},"content":{"rendered":"<p><span style=\"vertical-align: inherit;\"><span style=\"vertical-align: inherit;\">Parque Nacional Los Haitises Desde Sabana de la mar m\u00e1s Almuerzo en Isla Bacard\u00ed. <\/span><span style=\"vertical-align: inherit;\">Ketika kita dan mengunjungi taman nasional lebih hermoso dari Republik Dominika, mengunjungi manglares, cuevas dan la bah\u00eda de San Lorenzo, adem\u00e1s de cruzar la hermosa bah\u00eda de Saman\u00e1. <\/span><span style=\"vertical-align: inherit;\">Untuk mengunjungi pulau Bacardi, nikmatilah permainan dan nikmati salah satu permainan yang paling bonitas dari air di Saman\u00e1. <\/span><span style=\"vertical-align: inherit;\">Bagaimanapun juga<\/span><\/span><br \/>\nN<br \/>\nN<span style=\"vertical-align: inherit;\"><span style=\"vertical-align: inherit;\">Setelah pengalaman ini, kembali ke Puerto de Sabana de la Mar.<\/span><\/span><br \/>\nN<br \/>\nN&Nbsp;<br \/>\nN<br \/>\nN<strong><span style=\"vertical-align: inherit;\"><span style=\"vertical-align: inherit;\">Pilih tindakan untuk Tur:<\/span><\/span><\/strong><\/p>\n<p>&nbsp;<\/p>\n<div class=\"vc_row wpb_row vc_row-fluid\" ><div class=\"wpb_column vc_column_container vc_col-sm-12\"><div class=\"vc_column-inner\"><div class=\"wpb_wrapper\"><div class=\"vc_btn3-container vc_btn3-inline\" ><button class=\"vc_general vc_btn3 vc_btn3-size-md vc_btn3-shape-rounded vc_btn3-style-modern vc_btn3-color-green\">PESAN SEKARANG<\/button><\/div>\n\t<div class=\"wpb_text_column wpb_content_element\" >\n\t\t<div class=\"wpb_wrapper\">\n\t\t\t<p>Taman Nasional Los Haitises dan Cayo Levantado Dari Sabana de la Mar<\/p>\n\n\t\t<\/div>\n\t<\/div>\n<\/div><\/div><\/div><\/div><div class=\"vc_row wpb_row vc_row-fluid\" ><div class=\"wpb_column vc_column_container vc_col-sm-12\"><div class=\"vc_column-inner\"><div class=\"wpb_wrapper\">\n\t<div class=\"wpb_text_column wpb_content_element\" >\n\t\t<div class=\"wpb_wrapper\">\n\t\t\t<p>\nN<\/p>\n<h4><\/h4>\n<p>N<\/p>\n<h2>Taman Nasional Los Haitises dan Cayo Levantado Dari Sabana de la Mar<\/h2>\n<p>N<\/p>\n<h4><b><i>Ringkasan <\/i><\/b><\/h4>\n<p>nPick up in Your Hotel at Sabana de La Mar on comfortable transfer to Los Haitises National Park\u00a0 From Punta Cana plus Lunch at Bacardi Island.\u00a0 Come with us and visit the most beautiful national park of the Dominican Republic, Visiting Mangroves, Caves and San Lorenzo Bay plus crossing the gorgeous Saman\u00e1 bay. To Visit Bacardi island, have lunch at the beach and Swimming in one of the most pretty beaches in Saman\u00e1 Bay. After this<br \/>\nN<br \/>\nnAfter this experience, you will get Back to Sabana de la mar.<br \/>\nN<\/p>\n<ul>\nN \t<\/p>\n<li style=\"font-weight: 400;\">Termasuk biaya<\/li>\n<p>N \t<\/p>\n<li>Termasuk makan siang di pulau Bacardi<\/li>\n<p>N \t<\/p>\n<li style=\"font-weight: 400;\"><span style=\"font-weight: 400;\">Panduan ini memberikan instruksi dan Pengawasan<\/span><\/li>\n<p>N<\/ul>\n<p>N&Nbsp;<br \/>\nN<\/p>\n<h4><b>Inklusi &amp; Pengecualian<\/b><\/h4>\n<p>N<b>Inklusi<\/b><br \/>\nN<\/p>\n<ol>\nN \t<\/p>\n<li style=\"font-weight: 400;\">Tur Los Haitises + Gua dan Piktograf<\/li>\n<p>N \t<\/p>\n<li>Perjalanan dengan menggunakan kapal<\/li>\n<p>N \t<\/p>\n<li>Makan siang di Cayo Levantado (Pulau Bacardi) jika Anda menyukai tur serupa: Los Haitises + Ca\u00f1o Hondo<\/li>\n<p>N \t<\/p>\n<li style=\"font-weight: 400;\"><span style=\"font-weight: 400;\">Semua pajak, biaya, dan biaya penanganan<\/span><\/li>\n<p>N \t<\/p>\n<li style=\"font-weight: 400;\"><span style=\"font-weight: 400;\">Pajak daerah<\/span><\/li>\n<p>N \t<\/p>\n<li style=\"font-weight: 400;\"><span style=\"font-weight: 400;\">Minuman<\/span><\/li>\n<p>N \t<\/p>\n<li style=\"font-weight: 400;\"><span style=\"font-weight: 400;\">Semua aktivitas<\/span><\/li>\n<p>N \t<\/p>\n<li style=\"font-weight: 400;\"><span style=\"font-weight: 400;\">Pemandu lokal<\/span><\/li>\n<p>N<\/ol>\n<p>N<b> Pengecualian<\/b><br \/>\nN<\/p>\n<ol>\nN \t<\/p>\n<li style=\"font-weight: 400;\"><span style=\"font-weight: 400;\">Gratifikasi<\/span><\/li>\n<p>N \t<\/p>\n<li style=\"font-weight: 400;\"><span style=\"font-weight: 400;\">Minuman beralkohol<\/span><\/li>\n<p>N<\/ol>\n<p>N&Nbsp;<br \/>\nN<\/p>\n<h4><em><strong>Keberangkatan &amp; Kepulangan<\/strong><\/em><\/h4>\n<p>N<span style=\"font-weight: 400;\">Traveler akan mendapatkan titik pertemuan setelah Proses Reservasi. Tur dimulai dan Selesai di titik pertemuan kami.<\/span><br \/>\nN<br \/>\nN&Nbsp;<br \/>\nN<\/p>\n<h2>Taman Nasional Los Haitises dan Cayo Levantado Dari Sabana de la Mar<\/h2>\n<p>N<\/p>\n<h4><b><i>Apa yang Diharapkan?<\/i><\/b><\/h4>\n<p>N<b><i>V<\/i><\/b>isi<strong> Taman Nasional Los Haitises<\/strong> dengan makan siang yang menyenangkan di<strong> Pulau Cayo Levantado<\/strong> dan Berenang di pantai. Mulai <strong>dari daerah Sabana de la mar<\/strong> untuk naik Perahu bersama pemandu wisata lokal mengunjungi tepi teluk Samana dan salah satu taman nasional terindah di Republik Dominika. <em><strong>Taman Nasional Haiti<\/strong><\/em>.<br \/>\nN<br \/>\nnTur yang diselenggarakan oleh \u201cBooking Adventures\u201d dimulai di hotel-hotel di Punta Cana dengan transportasi. Bergabunglah dengan Booking Adventures dan mulailah menjelajahi hutan bakau yang dipenuhi burung, perbukitan dengan vegetasi subur, dan gua-gua <em><strong>Taman Nasional Los Haitises<\/strong><\/em>. Mengunjungi Pulau dengan burung-burung di sekitarnya. Pada musim bersarang, kita bahkan bisa melihat anakan Pelecanos di sarangnya. Menjelajah lebih jauh ke dalam Kepulauan Rocky dan mengunjungi Gua dengan piktograf dan petrograf dari penduduk asli.<br \/>\nN<br \/>\nnMelalui hutan bakau dan Tanah di Teluk San Lorenzo yang terbuka, dari sana Anda dapat memotret lanskap hutan terjal. Lihatlah ke air untuk menemukannya <em><strong>Manate<\/strong><\/em>, krustasea, dan <em><strong>lumba-lumba.<\/strong><\/em><br \/>\nN<\/p>\n<h2><strong>Gua di Taman Nasional Los Haitises<\/strong><\/h2>\n<p>N<\/p>\n<div class=\"body-description secondary\">\nN<br \/>\nnNama taman nasional ini berasal dari penduduk aslinya, suku Indian Taino. Dalam bahasa mereka, \u201cHaitises\u201d diterjemahkan menjadi dataran tinggi atau perbukitan, mengacu pada formasi geologis pantai yang curam dengan Batu Kapur. Petualangan lebih jauh ke dalam taman untuk menjelajahi gua-gua seperti <em><strong>Cueva de la Arena<\/strong><\/em> Dan <strong><em>Cueva de la Linea.<\/em><\/strong><br \/>\nN<br \/>\nnGua-gua di cagar alam digunakan sebagai tempat perlindungan oleh suku Indian Taino dan, kemudian, oleh bajak laut yang bersembunyi. Carilah gambar karya orang India yang menghiasi beberapa dinding. Setelah mengunjungi Taman Nasional Los Haitises kita akan kembali ke pelabuhan Saman\u00e1 melewati teluk Saman\u00e1 30 menit dan mengunjungi pulau Bacardi. Kami akan makan siang khas di pulau itu. Jika Anda seorang vegan, jangan khawatir, kami juga punya makanan untuk Anda!<br \/>\nN<br \/>\nnSetelah berenang sehari penuh dan bersantai di pantai, pemandu wisata kami akan mengatur waktu untuk kembali ke pelabuhan Sabana de la mar.<br \/>\nN<br \/>\nN<\/div>\n<p>nJika Anda ingin perjalanan ini lebih lama atau lebih pendek, kami memiliki opsi berikut:<br \/>\nN<\/p>\n<ol>\nN \t<\/p>\n<li>Hanya Los Haitises dari Pelabuhan Saman\u00e1.<\/li>\n<p>N \t<\/p>\n<li>Los Haitises + Ca\u00f1o Hondo dari Pelabuhan Saman\u00e1.<\/li>\n<p>N<\/ol>\n<p>N&Nbsp;<br \/>\nN<\/p>\n<h4><em><strong>Apa yang harus kamu bawa?<\/strong><\/em><\/h4>\n<p>N<\/p>\n<ul>\nN \t<\/p>\n<li style=\"font-weight: 400;\"><span style=\"font-weight: 400;\">Kamera<\/span><\/li>\n<p>N \t<\/p>\n<li style=\"font-weight: 400;\"><span style=\"font-weight: 400;\">Tunas penolak<\/span><\/li>\n<p>N \t<\/p>\n<li style=\"font-weight: 400;\"><span style=\"font-weight: 400;\">Krim matahari<\/span><\/li>\n<p>N \t<\/p>\n<li style=\"font-weight: 400;\"><span style=\"font-weight: 400;\">Topi<\/span><\/li>\n<p>N \t<\/p>\n<li style=\"font-weight: 400;\"><span style=\"font-weight: 400;\">Celana yang nyaman<\/span><\/li>\n<p>N \t<\/p>\n<li style=\"font-weight: 400;\"><span style=\"font-weight: 400;\">Sepatu hiking untuk hutan<\/span><\/li>\n<p>N \t<\/p>\n<li style=\"font-weight: 400;\"><span style=\"font-weight: 400;\">Sandal ke area Musim Semi.<\/span><\/li>\n<p>N \t<\/p>\n<li style=\"font-weight: 400;\"><span style=\"font-weight: 400;\">Pakaian renang<\/span><\/li>\n<p>N<\/ul>\n<p>N&Nbsp;<br \/>\nN<\/p>\n<h4><b><i>Penjemputan di Hotel <\/i><\/b><\/h4>\n<p>N<span style=\"font-weight: 400;\">Penjemputan di hotel tidak ditawarkan untuk tur ini. <\/span><br \/>\nN<br \/>\nN&Nbsp;<br \/>\nN<br \/>\nN<b>Catatan:<\/b><span style=\"font-weight: 400;\"> jika Anda memesan dalam waktu 24 jam dari waktu keberangkatan tur\/Ekskursi, kami dapat mengatur penjemputan hotel dengan Biaya tambahan. Setelah pembelian Anda selesai, kami akan mengirimkan Anda informasi kontak lengkap (nomor telepon, alamat email, dll.) untuk pemandu wisata lokal kami untuk mengatur pengaturan penjemputan.<\/span><br \/>\nN<\/p>\n<h4><b><i>Konfirmasi Info Tambahan <\/i><\/b><\/h4>\n<p>N<\/p>\n<ol>\nN \t<\/p>\n<li>Tiket adalah Tanda Terima setelah membayar Tour ini. Anda dapat menunjukkan pembayaran di ponsel Anda.<\/li>\n<p>N \t<\/p>\n<li style=\"font-weight: 400;\"><span style=\"font-weight: 400;\">Meeting Point Akan Diterima Setelah Proses Reservasi.<\/span><\/li>\n<p>N \t<\/p>\n<li style=\"font-weight: 400;\"><span style=\"font-weight: 400;\">Anak-anak harus didampingi oleh orang dewasa.<\/span><\/li>\n<p>N \t<\/p>\n<li style=\"font-weight: 400;\"><span style=\"font-weight: 400;\"> Tidak dapat diakses kursi roda <\/span><\/li>\n<p>N \t<\/p>\n<li style=\"font-weight: 400;\"><span style=\"font-weight: 400;\">Bayi harus duduk di pangkuan <\/span><\/li>\n<p>N \t<\/p>\n<li style=\"font-weight: 400;\"><span style=\"font-weight: 400;\">Tidak direkomendasikan untuk wisatawan dengan masalah punggung<\/span><\/li>\n<p>N \t<\/p>\n<li style=\"font-weight: 400;\"><span style=\"font-weight: 400;\">Tidak direkomendasikan untuk wisatawan hamil <\/span><\/li>\n<p>N \t<\/p>\n<li style=\"font-weight: 400;\"><span style=\"font-weight: 400;\"> Tidak ada masalah jantung atau kondisi medis serius lainnya <\/span><\/li>\n<p>N \t<\/p>\n<li style=\"font-weight: 400;\"><span style=\"font-weight: 400;\">Sebagian besar wisatawan dapat berpartisipasi<\/span><\/li>\n<p>N<\/ol>\n<p>N<\/p>\n<h4><b><i>Kebijakan Pembatalan<\/i><\/b><\/h4>\n<p>Untuk pengembalian dana penuh, harap baca kebijakan Pembatalan kami\u00a0<a href=\"https:\/\/www.boattoursamana.com\/id\/pemesanan-online\/\" target=\"_blank\" rel=\"noopener\" data-saferedirecturl=\"https:\/\/www.google.com\/url?q=https:\/\/www.boattoursamana.com\/online-booking\/&amp;source=gmail&amp;ust=1672449202351000&amp;usg=AOvVaw1yAeVAPktmaVCqDujgUn90\">klik disini<\/a>. Dana akan hilang jika reservasi dibatalkan pada hari perjalanan yang sama.<\/p>\n\n\t\t<\/div>\n\t<\/div>\n<div class=\"vc_btn3-container vc_btn3-inline\" ><button class=\"vc_general vc_btn3 vc_btn3-size-md vc_btn3-shape-rounded vc_btn3-style-modern vc_btn3-color-green\">PESAN SEKARANG<\/button><\/div>\n\t<div class=\"wpb_video_widget wpb_content_element vc_clearfix   vc_video-aspect-ratio-169 vc_video-el-width-100 vc_video-align-left\" >\n\t\t<div class=\"wpb_wrapper\">\n\t\t\t<h2 class=\"wpb_heading wpb_video_heading\">Taman Nasional Los Haitises<\/h2>\n\t\t\t<div class=\"wpb_video_wrapper\"><iframe loading=\"lazy\" title=\"Tur &amp; Wisata Taman Nasional Los Haitises\" width=\"1100\" height=\"619\" src=\"https:\/\/www.youtube.com\/embed\/vMI4Ou81cd4?feature=oembed\" frameborder=\"0\" allow=\"accelerometer; autoplay; clipboard-write; encrypted-media; gyroscope; picture-in-picture; web-share\" allowfullscreen><\/iframe><\/div>\n\t\t<\/div>\n\t<\/div>\n<\/div><\/div><\/div><\/div><div class=\"vc_row wpb_row vc_row-fluid\" ><\/div><div class=\"wpb_column vc_column_container vc_col-sm-12\"><div class=\"vc_column-inner\"><div class=\"wpb_wrapper\"><\/div><\/div><\/div><div class=\"vc_empty_space\"   style=\"height: 32px\"><span class=\"vc_empty_space_inner\"><\/span><\/div><div class=\"vc_empty_space\"   style=\"height: 32px\"><span class=\"vc_empty_space_inner\"><\/span><\/div><div class=\"vc_row wpb_row vc_row-fluid\" ><\/div><div class=\"wpb_column vc_column_container vc_col-sm-12\"><div class=\"vc_column-inner\"><div class=\"wpb_wrapper\"><\/div><\/div><\/div><div class=\"vc_empty_space\"   style=\"height: 32px\"><span class=\"vc_empty_space_inner\"><\/span><\/div><div class=\"vc_row wpb_row vc_row-fluid\" ><\/div><div class=\"wpb_column vc_column_container vc_col-sm-12\"><div class=\"vc_column-inner\"><div class=\"wpb_wrapper\"><\/div><\/div><\/div><div class=\"vc_row wpb_row vc_row-fluid\" ><div class=\"wpb_column vc_column_container vc_col-sm-12\"><div class=\"vc_column-inner\"><div class=\"wpb_wrapper\"><div class=\"vc_btn3-container vc_btn3-inline\" ><button class=\"vc_general vc_btn3 vc_btn3-size-md vc_btn3-shape-rounded vc_btn3-style-modern vc_btn3-color-green\">PESAN SEKARANG<\/button><\/div><\/div><\/div><\/div><\/div>","protected":false},"excerpt":{"rendered":"<p>Parque Nacional Los Haitises Desde Sabana de la mar m\u00e1s Almuerzo en Isla Bacard\u00ed. Ven con nosotros y visita el parque nacional m\u00e1s hermoso de la Rep\u00fablica Dominicana, visitando manglares, cuevas y la bah\u00eda de San Lorenzo, adem\u00e1s de cruzar la hermosa bah\u00eda de Saman\u00e1. Para visitar la isla Bacard\u00ed, almuerce en la playa y nade en una de las playas m\u00e1s bonitas de la bah\u00eda de Saman\u00e1. Despu\u00e9s de este n nDespu\u00e9s de esta experiencia, regresar\u00e1 al puerto de [&hellip;]<\/p>\n","protected":false},"author":2,"featured_media":0,"parent":0,"menu_order":0,"comment_status":"open","ping_status":"closed","template":"","meta":{"footnotes":""},"class_list":["post-15817","page","type-page","status-publish","hentry"],"_links":{"self":[{"href":"https:\/\/www.boattoursamana.com\/id\/wp-json\/wp\/v2\/pages\/15817","targetHints":{"allow":["GET"]}}],"collection":[{"href":"https:\/\/www.boattoursamana.com\/id\/wp-json\/wp\/v2\/pages"}],"about":[{"href":"https:\/\/www.boattoursamana.com\/id\/wp-json\/wp\/v2\/types\/page"}],"author":[{"embeddable":true,"href":"https:\/\/www.boattoursamana.com\/id\/wp-json\/wp\/v2\/users\/2"}],"replies":[{"embeddable":true,"href":"https:\/\/www.boattoursamana.com\/id\/wp-json\/wp\/v2\/comments?post=15817"}],"version-history":[{"count":0,"href":"https:\/\/www.boattoursamana.com\/id\/wp-json\/wp\/v2\/pages\/15817\/revisions"}],"wp:attachment":[{"href":"https:\/\/www.boattoursamana.com\/id\/wp-json\/wp\/v2\/media?parent=15817"}],"curies":[{"name":"wp","href":"https:\/\/api.w.org\/{rel}","templated":true}]}}