{"id":15832,"date":"2023-07-15T07:44:42","date_gmt":"2023-07-15T07:44:42","guid":{"rendered":"https:\/\/www.ticketswhales.com\/los-haitises-tour-from-las-terrenas-bacardi-island-cayo-levantado\/"},"modified":"2023-07-15T07:44:42","modified_gmt":"2023-07-15T07:44:42","slug":"los-haitises-tour-from-las-terrenas-bacardi-island-cayo-levantado","status":"publish","type":"page","link":"https:\/\/www.boattoursamana.com\/id\/tur-los-haitises-dari-pulau-las-terrenas-bacardi-cayo-levantado","title":{"rendered":"Tur Los Haitises dari Las Terrenas &amp; Pulau Bacardi (Cayo Levantado)"},"content":{"rendered":"<p><span style=\"vertical-align: inherit;\"><span style=\"vertical-align: inherit;\">Wisata ke Los Haitises dan Cayo Levantado, Viaje Ecol\u00f3gico al Parque Nacional Los Haitises dengan Gu\u00eda Tur\u00edstico Local. <\/span><span style=\"vertical-align: inherit;\">Kunjungi los Cayos di el Parque Nacional Los Haitises, Manglares, Vegetaci\u00f3n, Observaci\u00f3n de aves, Cuevas, Pictogramas dan las \u00e1reas hist\u00f3ricas de Sabana de la Mar en el Parque Nacional Los Haitises. <\/span><span style=\"vertical-align: inherit;\">Despu\u00e9s de Los Haitises almorzamos en la playa de la isla Bacardi. <\/span><span style=\"vertical-align: inherit;\">Pesan sekarang Tour al Parque Nacional Los Haitises dari Puerto Saman\u00e1 + Isla Bacardi (Cayo Levantado) bersama kami.<\/span><\/span><br \/>\nN<br \/>\nN&Nbsp;<br \/>\nN<br \/>\nN<strong><span style=\"vertical-align: inherit;\"><span style=\"vertical-align: inherit;\">Pilih tindakan untuk Tur:<\/span><\/span><\/strong><\/p>\n<p>&nbsp;<\/p>\n<div class=\"vc_row wpb_row vc_row-fluid\" ><div class=\"wpb_column vc_column_container vc_col-sm-12\"><div class=\"vc_column-inner\"><div class=\"wpb_wrapper\"><div class=\"mkdf-section-title-holder\" style=\"text-align: left\">\n\t<div class=\"mkdf-st-inner\">\n\t\t\t\t\t<h5 class=\"mkdf-st-subtitle\" >\n\t\t\t\tTur Las Terrenas\t\t\t<\/h5>\n\t\t\t\t\t\t\t<h3 class=\"mkdf-st-title\" >\n\t\t\t\tTur Los Haitises dari Las Terrenas &amp; Pulau Bacardi (Cayo Levantado)\t\t\t<\/h3>\n\t\t\t\t\t<\/div>\n<\/div><\/div><\/div><\/div><\/div><div class=\"vc_row wpb_row vc_row-fluid\" ><div class=\"wpb_column vc_column_container vc_col-sm-12\"><div class=\"vc_column-inner\"><div class=\"wpb_wrapper\"><div class=\"vc_btn3-container vc_btn3-inline\" ><button class=\"vc_general vc_btn3 vc_btn3-size-md vc_btn3-shape-rounded vc_btn3-style-modern vc_btn3-color-green\">PESAN SEKARANG<\/button><\/div>\n\t<div class=\"wpb_text_column wpb_content_element\" >\n\t\t<div class=\"wpb_wrapper\">\n\t\t\t<p>\nN<\/p>\n<h4><\/h4>\n<p>N<\/p>\n<h2>Tur Los Haitises dari Las Terrenas &amp; Pulau Bacardi (Cayo Levantado)<\/h2>\n<p>N<\/p>\n<h4><b><i>Ringkasan <\/i><\/b><\/h4>\n<p>nTaman Nasional Los Haitises mulai dari Las Terrenas dan berkendara ke Pelabuhan Saman\u00e1. Setelah kunjungan ke Taman Nasional Los Haitises, kita pergi makan siang ke Pulau Bacardi. Ikutlah bersama kami dan kunjungi taman nasional terindah di Republik Dominika, Mengunjungi Hutan Bakau, Gua, dan Teluk San Lorenzo plus melintasi teluk Saman\u00e1 yang indah. Kemudian Kembali ke kawasan Saman\u00e1 untuk Mengunjungi pulau Bacardi, makan siang di pantai, dan berenang di salah satu pantai terindah di Teluk Saman\u00e1.<br \/>\nN<br \/>\nnSetelah pengalaman ini, Anda akan kembali ke pelabuhan Saman\u00e1 dan melanjutkan transfer ke Las Terrenas.<br \/>\nN<\/p>\n<ul>\nN \t<\/p>\n<li style=\"font-weight: 400;\">Termasuk biaya<\/li>\n<p>N \t<\/p>\n<li>Termasuk transfer<\/li>\n<p>N \t<\/p>\n<li>Termasuk makan siang di pulau Bacardi<\/li>\n<p>N \t<\/p>\n<li style=\"font-weight: 400;\"><span style=\"font-weight: 400;\">Panduan ini memberikan instruksi dan Pengawasan<\/span><\/li>\n<p>N<\/ul>\n<p>N&Nbsp;<br \/>\nN<\/p>\n<h4><b>Inklusi &amp; Pengecualian<\/b><\/h4>\n<p>N<b>Inklusi<\/b><br \/>\nN<\/p>\n<ol>\nN \t<\/p>\n<li style=\"font-weight: 400;\">Tur Los Haitises + Gua dan Piktograf<\/li>\n<p>N \t<\/p>\n<li>Makan siang di Cayo Levantado (Pulau Bacardi) jika Anda menyukai tur serupa: Los Haitises + Ca\u00f1o Hondo<\/li>\n<p>N \t<\/p>\n<li style=\"font-weight: 400;\"><span style=\"font-weight: 400;\">Semua pajak, biaya, dan biaya penanganan<\/span><\/li>\n<p>N \t<\/p>\n<li style=\"font-weight: 400;\"><span style=\"font-weight: 400;\">Pajak daerah<\/span><\/li>\n<p>N \t<\/p>\n<li style=\"font-weight: 400;\"><span style=\"font-weight: 400;\">Minuman<\/span><\/li>\n<p>N \t<\/p>\n<li style=\"font-weight: 400;\"><span style=\"font-weight: 400;\">Semua aktivitas<\/span><\/li>\n<p>N \t<\/p>\n<li>Transportasi dari Las Terrenas<\/li>\n<p>N \t<\/p>\n<li style=\"font-weight: 400;\"><span style=\"font-weight: 400;\">Pemandu lokal<\/span><\/li>\n<p>N<\/ol>\n<p>N<b> Pengecualian<\/b><br \/>\nN<\/p>\n<ol>\nN \t<\/p>\n<li style=\"font-weight: 400;\"><span style=\"font-weight: 400;\">Gratifikasi<\/span><\/li>\n<p>N \t<\/p>\n<li style=\"font-weight: 400;\"><span style=\"font-weight: 400;\">Minuman beralkohol<\/span><\/li>\n<p>N<\/ol>\n<p>N&Nbsp;<br \/>\nN<\/p>\n<h4><em><strong>Keberangkatan &amp; Kepulangan<\/strong><\/em><\/h4>\n<p>N<span style=\"font-weight: 400;\">Traveler akan mendapatkan titik pertemuan setelah Proses Reservasi. Tur dimulai dan Selesai di titik pertemuan kami.<\/span><br \/>\nN<br \/>\nN&Nbsp;<br \/>\nN<\/p>\n<h2>Tur Los Haitises dari Las Terrenas &amp; Pulau Bacardi (Cayo Levantado)<\/h2>\n<p>N&Nbsp;<br \/>\nN<\/p>\n<h4><b><i>Apa yang Diharapkan?<\/i><\/b><\/h4>\n<p>N<b><i>V<\/i><\/b>isi<strong> Taman Nasional Los Haitises dari Las Terrenas<\/strong> dengan makan siang yang menyenangkan di<strong> Pulau Cayo Levantado<\/strong> dan Berenang di pantai. Mulai <strong>dari pelabuhan Samana<\/strong> menaiki Perahu atau Catamaran dengan pemandu wisata lokal, kami melewati teluk Saman\u00e1 ke sisi Sabana de la Mar untuk Mengunjungi salah satu taman nasional terindah di Republik Dominika. <em><strong>Taman Nasional Haiti<\/strong><\/em>.<br \/>\nN<br \/>\nnTur yang diselenggarakan oleh \u201cBooking Adventures\u201d dimulai di titik pertemuan yang ditentukan oleh Pemandu Wisata. Bergabunglah dengan Booking Adventures dan mulailah menjelajahi hutan bakau yang dipenuhi burung, perbukitan dengan vegetasi subur, dan gua-gua <em><strong>Taman Nasional Los Haitises<\/strong><\/em>. Mengunjungi Pulau dengan burung-burung di sekitarnya. Pada musim bersarang, kita bahkan bisa melihat anakan Pelecanos di sarangnya. Menjelajah lebih jauh ke dalam Kepulauan Rocky dan mengunjungi Gua dengan piktograf dan petrograf dari penduduk asli.<br \/>\nN<br \/>\nnMelalui hutan bakau dan Tanah di Teluk San Lorenzo yang terbuka, dari sana Anda dapat memotret lanskap hutan terjal. Lihatlah ke air untuk menemukannya <em><strong>Manate<\/strong><\/em>, krustasea, dan <em><strong>lumba-lumba.<\/strong><\/em><br \/>\nN<\/p>\n<h2><strong>Gua di Taman Nasional Los Haitises<\/strong><\/h2>\n<p>N<\/p>\n<div class=\"body-description secondary\">\nN<br \/>\nnNama taman nasional ini berasal dari penduduk aslinya, suku Indian Taino. Dalam bahasa mereka, \u201cHaitises\u201d diterjemahkan menjadi dataran tinggi atau perbukitan, mengacu pada formasi geologis pantai yang curam dengan Batu Kapur. Petualangan lebih jauh ke dalam taman untuk menjelajahi gua-gua seperti <em><strong>Cueva de la Arena<\/strong><\/em> Dan <strong><em>Cueva de la Linea.<\/em><\/strong><br \/>\nN<br \/>\nnGua-gua di cagar alam digunakan sebagai tempat perlindungan oleh suku Indian Taino dan, kemudian, oleh bajak laut yang bersembunyi. Carilah gambar karya orang India yang menghiasi beberapa dinding. Setelah mengunjungi Taman Nasional Los Haitises kita akan kembali ke pelabuhan Saman\u00e1 melewati teluk Saman\u00e1 selama 30 menit dan mengunjungi pulau Bacardi. Kami akan makan siang khas di pulau itu. Jika Anda seorang vegan, jangan khawatir, kami juga punya makanan untuk Anda!<br \/>\nN<br \/>\nnSetelah berenang seharian penuh dan bersantai di pantai, pemandu wisata kami akan mengatur waktu untuk kembali ke pelabuhan Saman\u00e1, transfer Anda akan membawa Anda kembali ke tempat Anda di las Terrenas.<br \/>\nN<br \/>\nN<\/div>\n<p>nJika Anda ingin perjalanan ini lebih lama atau lebih pendek, kami memiliki opsi berikut:<br \/>\nN<\/p>\n<ol>\nN \t<\/p>\n<li>Hanya Los Haitises dari Pelabuhan Saman\u00e1.<\/li>\n<p>N \t<\/p>\n<li>Los Haitises + Ca\u00f1o Hondo dari Pelabuhan Saman\u00e1.<\/li>\n<p>N<\/ol>\n<p>N&Nbsp;<br \/>\nN<\/p>\n<h4><em><strong>Apa yang harus kamu bawa?<\/strong><\/em><\/h4>\n<p>N<\/p>\n<ul>\nN \t<\/p>\n<li style=\"font-weight: 400;\"><span style=\"font-weight: 400;\">Kamera<\/span><\/li>\n<p>N \t<\/p>\n<li style=\"font-weight: 400;\"><span style=\"font-weight: 400;\">Tunas penolak<\/span><\/li>\n<p>N \t<\/p>\n<li style=\"font-weight: 400;\"><span style=\"font-weight: 400;\">Krim matahari<\/span><\/li>\n<p>N \t<\/p>\n<li style=\"font-weight: 400;\"><span style=\"font-weight: 400;\">Topi<\/span><\/li>\n<p>N \t<\/p>\n<li style=\"font-weight: 400;\"><span style=\"font-weight: 400;\">Celana yang nyaman<\/span><\/li>\n<p>N \t<\/p>\n<li style=\"font-weight: 400;\"><span style=\"font-weight: 400;\">Sepatu hiking untuk hutan<\/span><\/li>\n<p>N \t<\/p>\n<li style=\"font-weight: 400;\"><span style=\"font-weight: 400;\">Sandal ke area Musim Semi.<\/span><\/li>\n<p>N \t<\/p>\n<li style=\"font-weight: 400;\"><span style=\"font-weight: 400;\">Pakaian renang<\/span><\/li>\n<p>N<\/ul>\n<p>N&Nbsp;<br \/>\nN<\/p>\n<h4><b><i>Penjemputan di Hotel <\/i><\/b><\/h4>\n<p>N<span style=\"font-weight: 400;\">Penjemputan di hotel ditawarkan untuk tur ini di komunitas Las Terrenas atau El Limon.\u00a0<\/span><br \/>\nN<br \/>\nN&Nbsp;<br \/>\nN<br \/>\nN<b>Catatan:<\/b><span style=\"font-weight: 400;\"> jika Anda memesan dalam waktu 24 jam dari waktu keberangkatan tur\/Ekskursi, kami dapat mengatur penjemputan hotel dengan Biaya tambahan. Setelah pembelian Anda selesai, kami akan mengirimkan Anda informasi kontak lengkap (nomor telepon, alamat email, dll.) untuk pemandu wisata lokal kami untuk mengatur pengaturan penjemputan.<\/span><br \/>\nN<\/p>\n<h4><b><i>Konfirmasi Info Tambahan <\/i><\/b><\/h4>\n<p>N<\/p>\n<ol>\nN \t<\/p>\n<li>Tiket adalah Tanda Terima setelah membayar Tour ini. Anda dapat menunjukkan pembayaran di ponsel Anda.<\/li>\n<p>N \t<\/p>\n<li style=\"font-weight: 400;\"><span style=\"font-weight: 400;\">Meeting Point Akan Diterima Setelah Proses Reservasi.<\/span><\/li>\n<p>N \t<\/p>\n<li style=\"font-weight: 400;\"><span style=\"font-weight: 400;\">Anak-anak harus didampingi oleh orang dewasa.<\/span><\/li>\n<p>N \t<\/p>\n<li style=\"font-weight: 400;\"><span style=\"font-weight: 400;\"> Tidak dapat diakses kursi roda <\/span><\/li>\n<p>N \t<\/p>\n<li style=\"font-weight: 400;\"><span style=\"font-weight: 400;\">Bayi harus duduk di pangkuan <\/span><\/li>\n<p>N \t<\/p>\n<li style=\"font-weight: 400;\"><span style=\"font-weight: 400;\">Tidak direkomendasikan untuk wisatawan dengan masalah punggung<\/span><\/li>\n<p>N \t<\/p>\n<li style=\"font-weight: 400;\"><span style=\"font-weight: 400;\">Tidak direkomendasikan untuk wisatawan hamil <\/span><\/li>\n<p>N \t<\/p>\n<li style=\"font-weight: 400;\"><span style=\"font-weight: 400;\"> Tidak ada masalah jantung atau kondisi medis serius lainnya <\/span><\/li>\n<p>N \t<\/p>\n<li style=\"font-weight: 400;\"><span style=\"font-weight: 400;\">Sebagian besar wisatawan dapat berpartisipasi<\/span><\/li>\n<p>N<\/ol>\n<p>N<\/p>\n<h4><b><i>Kebijakan Pembatalan<\/i><\/b><\/h4>\n<p>Untuk pengembalian dana penuh, harap baca kebijakan Pembatalan kami\u00a0<a href=\"https:\/\/www.boattoursamana.com\/id\/pemesanan-online\/\" target=\"_blank\" rel=\"noopener\" data-saferedirecturl=\"https:\/\/www.google.com\/url?q=https:\/\/www.boattoursamana.com\/online-booking\/&amp;source=gmail&amp;ust=1672449202351000&amp;usg=AOvVaw1yAeVAPktmaVCqDujgUn90\">klik disini<\/a>. Dana akan hilang jika reservasi dibatalkan pada hari perjalanan yang sama.<\/p>\n\n\t\t<\/div>\n\t<\/div>\n<div class=\"vc_btn3-container vc_btn3-inline\" ><button class=\"vc_general vc_btn3 vc_btn3-size-md vc_btn3-shape-rounded vc_btn3-style-modern vc_btn3-color-green\">PESAN SEKARANG<\/button><\/div>\n\t<div class=\"wpb_video_widget wpb_content_element vc_clearfix   vc_video-aspect-ratio-169 vc_video-el-width-100 vc_video-align-left\" >\n\t\t<div class=\"wpb_wrapper\">\n\t\t\t<h2 class=\"wpb_heading wpb_video_heading\">Taman Nasional Los Haitises<\/h2>\n\t\t\t<div class=\"wpb_video_wrapper\"><iframe loading=\"lazy\" title=\"Tur &amp; Wisata Taman Nasional Los Haitises\" width=\"1100\" height=\"619\" src=\"https:\/\/www.youtube.com\/embed\/vMI4Ou81cd4?feature=oembed\" frameborder=\"0\" allow=\"accelerometer; autoplay; clipboard-write; encrypted-media; gyroscope; picture-in-picture; web-share\" allowfullscreen><\/iframe><\/div>\n\t\t<\/div>\n\t<\/div>\n<\/div><\/div><\/div><\/div><div class=\"vc_row wpb_row vc_row-fluid\" ><div class=\"wpb_column vc_column_container vc_col-sm-12\"><div class=\"vc_column-inner\"><div class=\"wpb_wrapper\"><div class=\"vc_empty_space\"   style=\"height: 32px\"><span class=\"vc_empty_space_inner\"><\/span><\/div>\n\t<div class=\"wpb_text_column wpb_content_element\" >\n\t\t<div class=\"wpb_wrapper\">\n\t\t\t<p>\nN<\/p>\n<h4>Hubungi kami?<\/h4>\n<p>N<\/p>\n<h5>Petualangan Pemesanan<\/h5>\n<p>N<em><strong>Penduduk setempat<\/strong>\u00a0Dan\u00a0<strong>Warga negara<\/strong>\u00a0Pemandu Wisata &amp; Layanan Tamu<\/em><br \/>\nN<br \/>\nN<span class=\"text-turquoise\">Reservasi:<\/span>\u00a0Tur &amp; Tamasya di Dom. Reputasi.<br \/>\nN<br \/>\nN<img decoding=\"async\" class=\"emoji\" draggable=\"false\" src=\"https:\/\/s.w.org\/images\/core\/emoji\/11.2.0\/svg\/1f4de.svg\" alt=\" \" title=\"\">\u00a0Telp \/ Whatsapp\u00a0\u00a0<a href=\"tel:+1-809-720-6035\">+1-809-720-6035<\/a>.<br \/>\nN<br \/>\nN<img decoding=\"async\" class=\"emoji\" draggable=\"false\" src=\"https:\/\/s.w.org\/images\/core\/emoji\/11.2.0\/svg\/1f4e9.svg\" alt=\" \" title=\"\">\u00a0<a href=\"mailto:info@bookingadventures.com.do\">info@bookingadventures.com.do<\/a><br \/>\nN<br \/>\nN<strong>Kami Fleksibel Mengatur Tur Pribadi melalui Whatsapp:\u00a0<a href=\"tel:+18097206035\">+18097206035.<\/a><\/strong><\/p>\n\n\t\t<\/div>\n\t<\/div>\n<div class=\"vc_empty_space\"   style=\"height: 32px\"><span class=\"vc_empty_space_inner\"><\/span><\/div><\/div><\/div><\/div><\/div><div class=\"vc_row wpb_row vc_row-fluid\" ><div class=\"wpb_column vc_column_container vc_col-sm-12\"><div class=\"vc_column-inner\"><div class=\"wpb_wrapper\"><div class=\"mkdf-section-title-holder\" style=\"text-align: left\">\n\t<div class=\"mkdf-st-inner\">\n\t\t\t\t\t<h5 class=\"mkdf-st-subtitle\" >\n\t\t\t\tDari Pelabuhan Samana\t\t\t<\/h5>\n\t\t\t\t\t\t\t<h3 class=\"mkdf-st-title\" >\n\t\t\t\tTur Los Haitises dan Cayo Levantado Samana\t\t\t<\/h3>\n\t\t\t\t\t<\/div>\n<\/div><div class=\"vc_empty_space\"   style=\"height: 32px\"><span class=\"vc_empty_space_inner\"><\/span><\/div><\/div><\/div><\/div><\/div><div class=\"vc_row wpb_row vc_row-fluid\" ><div class=\"wpb_column vc_column_container vc_col-sm-12\"><div class=\"vc_column-inner\"><div class=\"wpb_wrapper\"><div class=\"woocommerce columns-4\"><ul class=\"products columns-4\">\n<li class=\"product type-product post-8219 status-publish first instock product_cat-tours-excursions-samana-bay-dominican-republic product_cat-1-samana product_cat-boat-trip-los-haitises product_cat-caves product_cat-hiking product_cat-kayaking product_cat-local-tour-guides product_cat-lunch product_cat-mangroves product_cat-natural-pools-los-haitises product_cat-swimming-natural-springs product_cat-tours-and-excursions product_cat-tours-excursions-los-haitises-national-park product_tag-cano-hondo product_tag-cano-hondo-hotel product_tag-cano-hondo-tours product_tag-day-tour-cano-hondo product_tag-los-haitises product_tag-los-haitises-national-park product_tag-mangroves-los-haitises product_tag-samana-bay product_tag-samana-excursions product_tag-samana-tours has-post-thumbnail sale sold-individually shipping-taxable product-type-external\">\n\t<div class=\"mkdf-pl-inner\"><div class=\"mkdf-pl-image\"><div class=\"mkdf-pl-text\"><div class=\"mkdf-pl-text-outer\"><div class=\"mkdf-pl-text-inner\"><a href=\"https:\/\/bookingadventures.tours\/booking.php?tour_id=115599b2f3856c5f8f20eead7f885855\" data-quantity=\"1\" class=\"button wp-element-button product_type_external\" data-product_id=\"8219\" data-product_sku=\"\" aria-label=\"PESAN SEKARANG\" rel=\"nofollow noopener\">PESAN SEKARANG<\/a><\/div><\/div><\/div><\/div><a href=\"https:\/\/www.boattoursamana.com\/id\/wisata\/los-haitises-national-park-lunch-at-cano-hondo-from-samana-port\" class=\"woocommerce-LoopProduct-link woocommerce-loop-product__link\"><\/a><\/div><div class=\"mkdf-pl-text-wrapper\"><div class=\"mkdf-pl-rating-holder\"><\/div><h4 class=\"mkdf-product-list-title\"><a href=\"https:\/\/www.boattoursamana.com\/id\/wisata\/los-haitises-national-park-lunch-at-cano-hondo-from-samana-port\">Taman Nasional Los Haitises + Makan Siang di Ca\u00f1o Hondo dari Pelabuhan Saman\u00e1.<\/a><\/h4>\n\t<span class=\"price\"><del aria-hidden=\"true\"><span class=\"woocommerce-Price-amount amount\"><bdi><span class=\"woocommerce-Price-currencySymbol\">&#36;<\/span>150.00<\/bdi><\/span><\/del> <ins><span class=\"woocommerce-Price-amount amount\"><bdi><span class=\"woocommerce-Price-currencySymbol\">&#36;<\/span>97.50<\/bdi><\/span><\/ins><\/span>\n<\/div><\/li><li class=\"product type-product post-8854 status-publish instock product_cat-tours-excursions-samana-bay-dominican-republic product_cat-1-samana product_cat-boat-trip-los-haitises product_cat-local-tour-guides product_cat-lunch product_cat-trails-or-paths product_tag-beach-time product_tag-el-rincon-beach product_tag-playa-el-rincon product_tag-samana product_tag-samana-bay product_tag-samana-excursions product_tag-samana-tours has-post-thumbnail sale sold-individually shipping-taxable product-type-external\">\n\t<div class=\"mkdf-pl-inner\"><div class=\"mkdf-pl-image\"><div class=\"mkdf-pl-text\"><div class=\"mkdf-pl-text-outer\"><div class=\"mkdf-pl-text-inner\"><a href=\"https:\/\/bookingadventures.tours\/booking.php?tour_id=18edd15a2a473d6c5e4a936ce7d4440e\" data-quantity=\"1\" class=\"button wp-element-button product_type_external\" data-product_id=\"8854\" data-product_sku=\"\" aria-label=\"PESAN SEKARANG\" rel=\"nofollow noopener\">PESAN SEKARANG<\/a><\/div><\/div><\/div><\/div><a href=\"https:\/\/www.boattoursamana.com\/id\/wisata\/los-haitises-national-park-playa-el-rincon-beach\" class=\"woocommerce-LoopProduct-link woocommerce-loop-product__link\"><\/a><\/div><div class=\"mkdf-pl-text-wrapper\"><div class=\"mkdf-pl-rating-holder\"><\/div><h4 class=\"mkdf-product-list-title\"><a href=\"https:\/\/www.boattoursamana.com\/id\/wisata\/los-haitises-national-park-playa-el-rincon-beach\">Taman Nasional Los Haitises + pantai Playa el Rinc\u00f3n<\/a><\/h4>\n\t<span class=\"price\"><del aria-hidden=\"true\"><span class=\"woocommerce-Price-amount amount\"><bdi><span class=\"woocommerce-Price-currencySymbol\">&#36;<\/span>99.99<\/bdi><\/span><\/del> <ins><span class=\"woocommerce-Price-amount amount\"><bdi><span class=\"woocommerce-Price-currencySymbol\">&#36;<\/span>89.99<\/bdi><\/span><\/ins><\/span>\n<\/div><\/li><li class=\"product type-product post-8852 status-publish instock product_cat-local-tour-guides product_cat-1-samana product_cat-boat-trip-los-haitises product_cat-caves product_cat-fees-entrace product_cat-mangroves product_tag-los-haitises product_tag-los-haitises-national-park product_tag-samana product_tag-samana-bay product_tag-samana-excursions product_tag-samana-tours has-post-thumbnail sale sold-individually shipping-taxable product-type-external\">\n\t<div class=\"mkdf-pl-inner\"><div class=\"mkdf-pl-image\"><div class=\"mkdf-pl-text\"><div class=\"mkdf-pl-text-outer\"><div class=\"mkdf-pl-text-inner\"><a href=\"https:\/\/bookingadventures.tours\/booking.php?tour_id=74f49ad02323a4407f5c10b98f9dd188\" data-quantity=\"1\" class=\"button wp-element-button product_type_external\" data-product_id=\"8852\" data-product_sku=\"\" aria-label=\"PESAN SEKARANG\" rel=\"nofollow noopener\">PESAN SEKARANG<\/a><\/div><\/div><\/div><\/div><a href=\"https:\/\/www.boattoursamana.com\/id\/wisata\/tur-taman-nasional-los-haitises-dari-pelabuhan-samana\" class=\"woocommerce-LoopProduct-link woocommerce-loop-product__link\"><\/a><\/div><div class=\"mkdf-pl-text-wrapper\"><div class=\"mkdf-pl-rating-holder\"><\/div><h4 class=\"mkdf-product-list-title\"><a href=\"https:\/\/www.boattoursamana.com\/id\/wisata\/tur-taman-nasional-los-haitises-dari-pelabuhan-samana\">Tur Taman Nasional Los Haitises dari Pelabuhan Saman\u00e1<\/a><\/h4>\n\t<span class=\"price\"><del aria-hidden=\"true\"><span class=\"woocommerce-Price-amount amount\"><bdi><span class=\"woocommerce-Price-currencySymbol\">&#36;<\/span>95.00<\/bdi><\/span><\/del> <ins><span class=\"woocommerce-Price-amount amount\"><bdi><span class=\"woocommerce-Price-currencySymbol\">&#36;<\/span>85.00<\/bdi><\/span><\/ins><\/span>\n<\/div><\/li><li class=\"product type-product post-9228 status-publish last instock product_cat-tours-excursions-samana-bay-dominican-republic product_cat-1-samana product_cat-whale-watching-private-tours product_cat-whale-watching-samana product_tag-bacardi-island product_tag-cayo-levantado-day-pass product_tag-private-tours-samana product_tag-samana-tours product_tag-samana-whale product_tag-samana-whale-watching product_tag-samana-whale-watching-excursions product_tag-whale-samana product_tag-whale-watching product_tag-whale-watching-2020 product_tag-whale-watching-dominican-republic has-post-thumbnail sale shipping-taxable product-type-external\">\n\t<div class=\"mkdf-pl-inner\"><div class=\"mkdf-pl-image\"><div class=\"mkdf-pl-text\"><div class=\"mkdf-pl-text-outer\"><div class=\"mkdf-pl-text-inner\"><a href=\"https:\/\/bookingadventures.tours\/booking.php?tour_id=ca38c1361b978f1cbced1eaddcec5b99\" data-quantity=\"1\" class=\"button wp-element-button product_type_external\" data-product_id=\"9228\" data-product_sku=\"\" aria-label=\"PESAN SEKARANG\" rel=\"nofollow noopener\">PESAN SEKARANG<\/a><\/div><\/div><\/div><\/div><a href=\"https:\/\/www.boattoursamana.com\/id\/wisata\/menonton-ikan-paus-cayo-levantado-dari-tur-perahu-pribadi-pelabuhan-samana\" class=\"woocommerce-LoopProduct-link woocommerce-loop-product__link\"><\/a><\/div><div class=\"mkdf-pl-text-wrapper\"><div class=\"mkdf-pl-rating-holder\"><\/div><h4 class=\"mkdf-product-list-title\"><a href=\"https:\/\/www.boattoursamana.com\/id\/wisata\/menonton-ikan-paus-cayo-levantado-dari-tur-perahu-pribadi-pelabuhan-samana\">Tur Pribadi Mengamati Paus Saman\u00e1 + Cayo Levantado (Pulau Bacardi) dari Pelabuhan Saman\u00e1<\/a><\/h4>\n\t<span class=\"price\"><del aria-hidden=\"true\"><span class=\"woocommerce-Price-amount amount\"><bdi><span class=\"woocommerce-Price-currencySymbol\">&#36;<\/span>99.00<\/bdi><\/span><\/del> <ins><span class=\"woocommerce-Price-amount amount\"><bdi><span class=\"woocommerce-Price-currencySymbol\">&#36;<\/span>90.00<\/bdi><\/span><\/ins><\/span>\n<\/div><\/li><\/ul>\n<\/div><\/div><\/div><\/div><\/div><div class=\"vc_row wpb_row vc_row-fluid\" ><div class=\"wpb_column vc_column_container vc_col-sm-12\"><div class=\"vc_column-inner\"><div class=\"wpb_wrapper\"><div class=\"vc_btn3-container vc_btn3-inline\" ><button class=\"vc_general vc_btn3 vc_btn3-size-md vc_btn3-shape-rounded vc_btn3-style-modern vc_btn3-color-green\">PESAN SEKARANG<\/button><\/div><\/div><\/div><\/div><\/div>","protected":false},"excerpt":{"rendered":"<p>Excursiones a Los haitises y Cayo levantado, Viaje Ecol\u00f3gico al Parque Nacional Los Haitises con un Gu\u00eda Tur\u00edstico Local. Visitando los Cayos en el Parque Nacional Los Haitises, Manglares, Vegetaci\u00f3n, Observaci\u00f3n de aves, Cuevas, Pictogramas y las \u00e1reas hist\u00f3ricas de Sabana de la Mar en el Parque Nacional Los Haitises. Despu\u00e9s de Los Haitises almorzamos en la playa de la isla Bacardi. Reserve ahora Tour al Parque Nacional Los Haitises desde Puerto Saman\u00e1 + Isla Bacardi (Cayo Levantado) con nosotros. [&hellip;]<\/p>\n","protected":false},"author":2,"featured_media":0,"parent":0,"menu_order":0,"comment_status":"open","ping_status":"closed","template":"","meta":{"footnotes":""},"class_list":["post-15832","page","type-page","status-publish","hentry"],"_links":{"self":[{"href":"https:\/\/www.boattoursamana.com\/id\/wp-json\/wp\/v2\/pages\/15832","targetHints":{"allow":["GET"]}}],"collection":[{"href":"https:\/\/www.boattoursamana.com\/id\/wp-json\/wp\/v2\/pages"}],"about":[{"href":"https:\/\/www.boattoursamana.com\/id\/wp-json\/wp\/v2\/types\/page"}],"author":[{"embeddable":true,"href":"https:\/\/www.boattoursamana.com\/id\/wp-json\/wp\/v2\/users\/2"}],"replies":[{"embeddable":true,"href":"https:\/\/www.boattoursamana.com\/id\/wp-json\/wp\/v2\/comments?post=15832"}],"version-history":[{"count":0,"href":"https:\/\/www.boattoursamana.com\/id\/wp-json\/wp\/v2\/pages\/15832\/revisions"}],"wp:attachment":[{"href":"https:\/\/www.boattoursamana.com\/id\/wp-json\/wp\/v2\/media?parent=15832"}],"curies":[{"name":"wp","href":"https:\/\/api.w.org\/{rel}","templated":true}]}}