{"id":15864,"date":"2023-07-15T07:45:08","date_gmt":"2023-07-15T07:45:08","guid":{"rendered":"https:\/\/www.ticketswhales.com\/las-terrenas-los-haitises-bacardi-island-cayo-levantado\/"},"modified":"2023-07-15T07:45:08","modified_gmt":"2023-07-15T07:45:08","slug":"las-terrenas-los-haitises-bacardi-island-cayo-levantado","status":"publish","type":"page","link":"https:\/\/www.boattoursamana.com\/id\/las-terrenas-los-haitises-pulau-bacardi-cayo-levantado","title":{"rendered":"Las Terrenas: Los Haitises &amp; Pulau Bacardi (Cayo Levantado)"},"content":{"rendered":"<p id=\"tw-target-text\" class=\"tw-data-text tw-text-large tw-ta\" dir=\"ltr\" data-placeholder=\"Translation\"><span class=\"Y2IQFc\" lang=\"en\">Tamasya ke Los Haitises dan Cayo Levantado dari Las Terrenas, Perjalanan Ekologis ke Taman Nasional Los Haitises dengan Pemandu Wisata Lokal. Mengunjungi Kunci di Taman Nasional Los Haitises, Mangrove, Vegetasi, Mengamati Burung, Gua, Piktogram dan kawasan bersejarah Sabana de la Mar di Taman Nasional Los Haitises. Setelah Los Haitises kami makan siang di pantai di Pulau Bacardi. Pesan sekarang Tur ke Taman Nasional Los Haitises dari Puerto Saman\u00e1 + Pulau Bacard\u00ed (Cayo Levantado) bersama kami. <\/span><\/p>\n<p>N<\/p>\n<p class=\"tw-data-text tw-text-large tw-ta\" dir=\"ltr\" data-placeholder=\"Translation\"><strong><span class=\"Y2IQFc\" lang=\"en\">Pilih tanggal Tur:<\/span><\/strong><\/p>\n<p>&nbsp;<\/p>\n<div class=\"vc_row wpb_row vc_row-fluid\" ><div class=\"wpb_column vc_column_container vc_col-sm-12\"><div class=\"vc_column-inner\"><div class=\"wpb_wrapper\"><div class=\"mkdf-section-title-holder\" style=\"text-align: left\">\n\t<div class=\"mkdf-st-inner\">\n\t\t\t\t\t<h5 class=\"mkdf-st-subtitle\" >\n\t\t\t\tTur Ekologi dengan Penduduk Lokal\t\t\t<\/h5>\n\t\t\t\t\t\t\t<h3 class=\"mkdf-st-title\" >\n\t\t\t\tLos Haitises &amp; Pulau Bacardi (Cayo Levantado) Dari Las Terrenas\t\t\t<\/h3>\n\t\t\t\t\t\t\t<p class=\"mkdf-st-text\" >\n\t\t\t\tJika Anda berada di Las Terrenas. Ini adalah Perjalanan Sehari terbaik dengan Makan Siang di Cayo Levantado. Penjemputan di Hotel di Las Terrenas sekitar pukul 08:00 dan Selesai kembali pada pukul 17:20.\t\t\t<\/p>\n\t\t\t<\/div>\n<\/div><\/div><\/div><\/div><\/div><div class=\"vc_row wpb_row vc_row-fluid\" ><div class=\"wpb_column vc_column_container vc_col-sm-12\"><div class=\"vc_column-inner\"><div class=\"wpb_wrapper\">\n\t<div class=\"wpb_text_column wpb_content_element\" >\n\t\t<div class=\"wpb_wrapper\">\n\t\t\t<p>\nN<\/p>\n<h4><\/h4>\n<p>N<\/p>\n<h2>Los Haitises &amp; Pulau Bacardi (Cayo Levantado) Dari Las Terrenas<\/h2>\n<p>N<\/p>\n<h4><b><i>Ringkasan <\/i><\/b><\/h4>\n<p>nTaman Nasional Los Haitises dimulai dari Pelabuhan Saman\u00e1 ditambah Makan Siang di Pulau Bacardi. Ikutlah bersama kami dan kunjungi taman nasional terindah di Republik Dominika, Mengunjungi Hutan Bakau, Gua, dan Teluk San Lorenzo plus melintasi teluk Saman\u00e1 yang indah. Kemudian Kembali ke kawasan Saman\u00e1 untuk Mengunjungi pulau Bacardi, makan siang di pantai dan Berenang di salah satu pantai terindah di Teluk Saman\u00e1.<br \/>\nN<br \/>\nnSetelah pengalaman ini, Anda akan kembali ke pelabuhan Saman\u00e1.<br \/>\nN<\/p>\n<ul>\nN \t<\/p>\n<li style=\"font-weight: 400;\">Termasuk biaya<\/li>\n<p>N \t<\/p>\n<li>Termasuk makan siang di pulau Bacardi<\/li>\n<p>N \t<\/p>\n<li style=\"font-weight: 400;\"><span style=\"font-weight: 400;\">Panduan ini memberikan instruksi dan Pengawasan<\/span><\/li>\n<p>N<\/ul>\n<p>N&Nbsp;<br \/>\nN<\/p>\n<h4><b>Inklusi &amp; Pengecualian<\/b><\/h4>\n<p>N<b>Inklusi<\/b><br \/>\nN<\/p>\n<ol>\nN \t<\/p>\n<li style=\"font-weight: 400;\">Tur Los Haitises + Gua dan Piktograf<\/li>\n<p>N \t<\/p>\n<li>Makan siang di Cayo Levantado (Pulau Bacardi) jika Anda menyukai tur serupa: Los Haitises + Ca\u00f1o Hondo<\/li>\n<p>N \t<\/p>\n<li style=\"font-weight: 400;\"><span style=\"font-weight: 400;\">Semua pajak, biaya dan biaya penanganan<\/span><\/li>\n<p>N \t<\/p>\n<li style=\"font-weight: 400;\"><span style=\"font-weight: 400;\">Pajak daerah<\/span><\/li>\n<p>N \t<\/p>\n<li style=\"font-weight: 400;\"><span style=\"font-weight: 400;\">Minuman<\/span><\/li>\n<p>N \t<\/p>\n<li style=\"font-weight: 400;\"><span style=\"font-weight: 400;\">Semua aktivitas<\/span><\/li>\n<p>N \t<\/p>\n<li>Angkutan<\/li>\n<p>N \t<\/p>\n<li style=\"font-weight: 400;\"><span style=\"font-weight: 400;\">Pemandu lokal<\/span><\/li>\n<p>N<\/ol>\n<p>N<b> Pengecualian<\/b><br \/>\nN<\/p>\n<ol>\nN \t<\/p>\n<li style=\"font-weight: 400;\"><span style=\"font-weight: 400;\">Gratifikasi<\/span><\/li>\n<p>N \t<\/p>\n<li style=\"font-weight: 400;\"><span style=\"font-weight: 400;\">Minuman beralkohol<\/span><\/li>\n<p>N<\/ol>\n<p>N&Nbsp;<br \/>\nN<\/p>\n<h4><em><strong>Keberangkatan &amp; Kepulangan<\/strong><\/em><\/h4>\n<p>N<span style=\"font-weight: 400;\">Traveler akan mendapatkan titik pertemuan setelah Proses Reservasi. Tur dimulai dan Selesai di titik pertemuan kami.<\/span><br \/>\nN<br \/>\nN&Nbsp;<br \/>\nN<\/p>\n<h2>Los Haitises &amp; Pulau Bacardi (Cayo Levantado) Dari Las Terrenas<\/h2>\n<p>N<\/p>\n<h4><b><i>Apa yang Diharapkan?<\/i><\/b><\/h4>\n<p>N<b><i>V<\/i><\/b>isi<strong> Taman Nasional Los Haitises<\/strong> dengan makan siang yang menyenangkan di<strong> Pulau Cayo Levantado<\/strong> dan Berenang di pantai. Mulai Dari Las Terrenas hingga\u00a0 <strong>Pelabuhan Saman\u00e1 dan<\/strong> di atas kapal atau Catamaran dengan pemandu wisata lokal kami melewati teluk Saman\u00e1 ke sisi Sabana de la Mar untuk Mengunjungi salah satu taman nasional terindah di Republik Dominika. <em><strong>Taman Nasional Haiti<\/strong><\/em>.<br \/>\nN<br \/>\nnTur yang diselenggarakan oleh \u201cBooking Adventures\u201d dimulai di titik pertemuan yang ditentukan oleh Pemandu Wisata. Bergabunglah dengan Booking Adventures dan mulailah menjelajahi hutan bakau yang dipenuhi burung, perbukitan dengan vegetasi subur, dan gua-gua <em><strong>Taman Nasional Los Haitises<\/strong><\/em>. Mengunjungi Pulau dengan burung-burung di sekitarnya. Pada musim bersarang, kita bahkan bisa melihat anakan Pelecanos di sarangnya. Menjelajah lebih jauh ke dalam Kepulauan Rocky dan mengunjungi Gua dengan piktograf dan petrograf dari penduduk asli.<br \/>\nN<br \/>\nnMelalui hutan bakau dan Tanah di Teluk San Lorenzo yang terbuka, dari sana Anda dapat memotret lanskap hutan terjal. Lihatlah ke air untuk menemukannya <em><strong>Manate<\/strong><\/em>, krustasea, dan <em><strong>lumba-lumba.<\/strong><\/em><br \/>\nN<\/p>\n<h2><strong>Gua di Taman Nasional Los Haitises<\/strong><\/h2>\n<p>N<\/p>\n<div class=\"body-description secondary\">\nN<br \/>\nnNama taman nasional ini berasal dari penduduk aslinya, suku Indian Taino. Dalam bahasa mereka, \u201cHaitises\u201d diterjemahkan menjadi dataran tinggi atau perbukitan, mengacu pada formasi geologis pantai yang curam dengan Batu Kapur. Petualangan lebih jauh ke dalam taman untuk menjelajahi gua-gua seperti <em><strong>Cueva de la Arena<\/strong><\/em> Dan <strong><em>Cueva de la Linea.<\/em><\/strong><br \/>\nN<br \/>\nnGua-gua di cagar alam digunakan sebagai tempat perlindungan oleh suku Indian Taino dan, kemudian, oleh bajak laut yang bersembunyi. Carilah gambar karya orang India yang menghiasi beberapa dinding. Setelah mengunjungi Taman Nasional Los Haitises kita akan kembali ke pelabuhan Saman\u00e1 melewati teluk Saman\u00e1 30 menit dan mengunjungi pulau Bacardi. Kami akan makan siang khas di pulau itu. Jika Anda seorang vegan, jangan khawatir, kami juga punya makanan untuk Anda!<br \/>\nN<br \/>\nnSetelah berenang sepanjang sore dan bersantai di pantai, pemandu wisata kami akan mengatur waktu untuk kembali ke pelabuhan Saman\u00e1.<br \/>\nN<br \/>\nN<\/div>\n<p>nJika Anda ingin perjalanan ini lebih lama atau lebih pendek, kami memiliki opsi berikut:<br \/>\nN<\/p>\n<ol>\nN \t<\/p>\n<li>Hanya Los Haitises dari Pelabuhan Saman\u00e1.<\/li>\n<p>N \t<\/p>\n<li>Los Haitises + Ca\u00f1o Hondo dari Pelabuhan Saman\u00e1.<\/li>\n<p>N<\/ol>\n<p>N&Nbsp;<br \/>\nN<\/p>\n<h4><em><strong>Apa yang harus kamu bawa?<\/strong><\/em><\/h4>\n<p>N<\/p>\n<ul>\nN \t<\/p>\n<li style=\"font-weight: 400;\"><span style=\"font-weight: 400;\">Kamera<\/span><\/li>\n<p>N \t<\/p>\n<li style=\"font-weight: 400;\"><span style=\"font-weight: 400;\">Tunas penolak<\/span><\/li>\n<p>N \t<\/p>\n<li style=\"font-weight: 400;\"><span style=\"font-weight: 400;\">Krim matahari<\/span><\/li>\n<p>N \t<\/p>\n<li style=\"font-weight: 400;\"><span style=\"font-weight: 400;\">Topi<\/span><\/li>\n<p>N \t<\/p>\n<li style=\"font-weight: 400;\"><span style=\"font-weight: 400;\">Celana yang nyaman<\/span><\/li>\n<p>N \t<\/p>\n<li style=\"font-weight: 400;\"><span style=\"font-weight: 400;\">Sepatu hiking untuk hutan<\/span><\/li>\n<p>N \t<\/p>\n<li style=\"font-weight: 400;\"><span style=\"font-weight: 400;\">Sandal ke area Musim Semi.<\/span><\/li>\n<p>N \t<\/p>\n<li style=\"font-weight: 400;\"><span style=\"font-weight: 400;\">Pakaian renang<\/span><\/li>\n<p>N<\/ul>\n<p>N&Nbsp;<br \/>\nN<\/p>\n<h4><b><i>Penjemputan di Hotel <\/i><\/b><\/h4>\n<p>N<span style=\"font-weight: 400;\">Penjemputan di hotel ditawarkan dari Las Terrenas. <\/span><br \/>\nN<br \/>\nN&Nbsp;<br \/>\nN<br \/>\nN<b>Catatan:<\/b><span style=\"font-weight: 400;\"> jika Anda memesan dalam waktu 24 jam dari waktu keberangkatan tur\/Ekskursi, kami dapat mengatur penjemputan hotel dengan Biaya tambahan. Setelah pembelian Anda selesai, kami akan mengirimkan Anda informasi kontak lengkap (nomor telepon, alamat email, dll.) untuk pemandu wisata lokal kami untuk mengatur pengaturan penjemputan.<\/span><br \/>\nN<\/p>\n<h4><b><i>Konfirmasi Info Tambahan <\/i><\/b><\/h4>\n<p>N<\/p>\n<ol>\nN \t<\/p>\n<li>Tiket adalah Tanda Terima setelah membayar Tour ini. Anda dapat menunjukkan pembayaran di ponsel Anda.<\/li>\n<p>N \t<\/p>\n<li style=\"font-weight: 400;\"><span style=\"font-weight: 400;\">Meeting Point Akan Diterima Setelah Proses Reservasi.<\/span><\/li>\n<p>N \t<\/p>\n<li style=\"font-weight: 400;\"><span style=\"font-weight: 400;\">Anak-anak harus didampingi oleh orang dewasa.<\/span><\/li>\n<p>N \t<\/p>\n<li style=\"font-weight: 400;\"><span style=\"font-weight: 400;\"> Tidak dapat diakses kursi roda <\/span><\/li>\n<p>N \t<\/p>\n<li style=\"font-weight: 400;\"><span style=\"font-weight: 400;\">Bayi harus duduk di pangkuan <\/span><\/li>\n<p>N \t<\/p>\n<li style=\"font-weight: 400;\"><span style=\"font-weight: 400;\">Tidak direkomendasikan untuk wisatawan dengan masalah punggung<\/span><\/li>\n<p>N \t<\/p>\n<li style=\"font-weight: 400;\"><span style=\"font-weight: 400;\">Tidak direkomendasikan untuk wisatawan hamil <\/span><\/li>\n<p>N \t<\/p>\n<li style=\"font-weight: 400;\"><span style=\"font-weight: 400;\"> Tidak ada masalah jantung atau kondisi medis serius lainnya <\/span><\/li>\n<p>N \t<\/p>\n<li style=\"font-weight: 400;\"><span style=\"font-weight: 400;\">Sebagian besar wisatawan dapat berpartisipasi<\/span><\/li>\n<p>N<\/ol>\n<p>N<\/p>\n<h4><b><i>Kebijakan Pembatalan<\/i><\/b><\/h4>\n<p>Untuk pengembalian dana penuh, harap baca kebijakan Pembatalan kami\u00a0<a href=\"https:\/\/www.boattoursamana.com\/id\/pemesanan-online\/\" target=\"_blank\" rel=\"noopener\" data-saferedirecturl=\"https:\/\/www.google.com\/url?q=https:\/\/www.boattoursamana.com\/online-booking\/&amp;source=gmail&amp;ust=1672449202351000&amp;usg=AOvVaw1yAeVAPktmaVCqDujgUn90\">klik disini<\/a>. Dana akan hilang jika reservasi dibatalkan pada hari perjalanan yang sama.<\/p>\n\n\t\t<\/div>\n\t<\/div>\n\n\t<div class=\"wpb_video_widget wpb_content_element vc_clearfix   vc_video-aspect-ratio-169 vc_video-el-width-100 vc_video-align-left\" >\n\t\t<div class=\"wpb_wrapper\">\n\t\t\t<h2 class=\"wpb_heading wpb_video_heading\">Taman Nasional Los Haitises<\/h2>\n\t\t\t<div class=\"wpb_video_wrapper\"><iframe loading=\"lazy\" title=\"Tur &amp; Wisata Taman Nasional Los Haitises\" width=\"1100\" height=\"619\" src=\"https:\/\/www.youtube.com\/embed\/vMI4Ou81cd4?feature=oembed\" frameborder=\"0\" allow=\"accelerometer; autoplay; clipboard-write; encrypted-media; gyroscope; picture-in-picture; web-share\" allowfullscreen><\/iframe><\/div>\n\t\t<\/div>\n\t<\/div>\n<\/div><\/div><\/div><\/div><div class=\"vc_row wpb_row vc_row-fluid\" ><\/div><div class=\"wpb_column vc_column_container vc_col-sm-12\"><div class=\"vc_column-inner\"><div class=\"wpb_wrapper\"><\/div><\/div><\/div><div class=\"vc_empty_space\"   style=\"height: 32px\"><span class=\"vc_empty_space_inner\"><\/span><\/div>\n\t<div class=\"wpb_text_column wpb_content_element\" >\n\t\t<div class=\"wpb_wrapper\">\n\t\t\t<p>\nN<br \/>\nnSaya blok teks. Klik tombol edit untuk mengubah teks ini. Lorem ipsum dolor sit amet, consectetur adipiscing elit. Ut elit tellus, luctus nec ullamcorper mattis, pulvinar dapibus leo.<br \/>\nN<br \/>\nN<\/p>\n\n\t\t<\/div>\n\t<\/div>\n<div class=\"vc_empty_space\"   style=\"height: 32px\"><span class=\"vc_empty_space_inner\"><\/span><\/div><div class=\"vc_row wpb_row vc_row-fluid\" ><\/div><div class=\"wpb_column vc_column_container vc_col-sm-12\"><div class=\"vc_column-inner\"><div class=\"wpb_wrapper\"><\/div><\/div><\/div><div class=\"mkdf-section-title-holder\" style=\"text-align: left\">\n\t<div class=\"mkdf-st-inner\">\n\t\t\t\t\t\t\t<h3 class=\"mkdf-st-title\" >\n\t\t\t\tLos Haitises dan Cayo Levantado\t\t\t<\/h3>\n\t\t\t\t\t<\/div>\n<\/div><div class=\"vc_empty_space\"   style=\"height: 32px\"><span class=\"vc_empty_space_inner\"><\/span><\/div><div class=\"vc_row wpb_row vc_row-fluid\" ><\/div><div class=\"wpb_column vc_column_container vc_col-sm-12\"><div class=\"vc_column-inner\"><div class=\"wpb_wrapper\"><\/div><\/div><\/div>","protected":false},"excerpt":{"rendered":"<p>Excursion to Los Haitises and Cayo Levantado from Las Terrenas, Ecological Trip to Los Haitises National Park with a Local Tourist Guide. Visiting the Keys in Los Haitises National Park, Mangroves, Vegetation, Bird Watching, Caves, Pictograms and the historical areas of Sabana de la Mar in Los Haitises National Park. After Los Haitises we had lunch on the beach at Bacardi Island. Book now Tour to Los Haitises National Park from Puerto Saman\u00e1 + Bacard\u00ed Island (Cayo Levantado) with us. [&hellip;]<\/p>\n","protected":false},"author":2,"featured_media":0,"parent":0,"menu_order":0,"comment_status":"open","ping_status":"closed","template":"","meta":{"footnotes":""},"class_list":["post-15864","page","type-page","status-publish","hentry"],"_links":{"self":[{"href":"https:\/\/www.boattoursamana.com\/id\/wp-json\/wp\/v2\/pages\/15864","targetHints":{"allow":["GET"]}}],"collection":[{"href":"https:\/\/www.boattoursamana.com\/id\/wp-json\/wp\/v2\/pages"}],"about":[{"href":"https:\/\/www.boattoursamana.com\/id\/wp-json\/wp\/v2\/types\/page"}],"author":[{"embeddable":true,"href":"https:\/\/www.boattoursamana.com\/id\/wp-json\/wp\/v2\/users\/2"}],"replies":[{"embeddable":true,"href":"https:\/\/www.boattoursamana.com\/id\/wp-json\/wp\/v2\/comments?post=15864"}],"version-history":[{"count":0,"href":"https:\/\/www.boattoursamana.com\/id\/wp-json\/wp\/v2\/pages\/15864\/revisions"}],"wp:attachment":[{"href":"https:\/\/www.boattoursamana.com\/id\/wp-json\/wp\/v2\/media?parent=15864"}],"curies":[{"name":"wp","href":"https:\/\/api.w.org\/{rel}","templated":true}]}}