{"id":12587,"date":"2021-07-06T18:12:42","date_gmt":"2021-07-06T18:12:42","guid":{"rendered":"https:\/\/www.ticketswhales.com\/?post_type=product&#038;p=12587"},"modified":"2023-11-06T15:01:25","modified_gmt":"2023-11-06T15:01:25","slug":"salto-del-limon-el-limon-waterfalls-tour-from-sabana-de-la-mar","status":"publish","type":"product","link":"https:\/\/www.boattoursamana.com\/id\/wisata\/tur-air-terjun-salto-del-limon-el-limon-dari-sabana-de-la-mar","title":{"rendered":"Salto Del Lim\u00f3n \u2013 Tur Air Terjun El Lim\u00f3n Dari Sabana de La Mar"},"content":{"rendered":"<div class=\"vc_row wpb_row vc_row-fluid\" ><div class=\"wpb_column vc_column_container vc_col-sm-12\"><div class=\"vc_column-inner\"><div class=\"wpb_wrapper\">\n\t<div class=\"wpb_text_column wpb_content_element\" >\n\t\t<div class=\"wpb_wrapper\">\n\t\t\t<h2>Limon \u2013 Tur Air Terjun El Lim\u00f3n Dari Sabana de La Mar, Tur Pribadi<\/h2>\n\n\t\t<\/div>\n\t<\/div>\n<div class=\"vc_btn3-container vc_btn3-inline\" ><button class=\"vc_general vc_btn3 vc_btn3-size-md vc_btn3-shape-rounded vc_btn3-style-modern vc_btn3-color-green\">PESAN SEKARANG<\/button><\/div><\/div><\/div><\/div><\/div><div class=\"vc_row wpb_row vc_row-fluid\" ><div class=\"wpb_column vc_column_container vc_col-sm-12\"><div class=\"vc_column-inner\"><div class=\"wpb_wrapper\">\n\t<div class=\"wpb_text_column wpb_content_element\" >\n\t\t<div class=\"wpb_wrapper\">\n\t\t\t<h4><b><i>Ringkasan <\/i><\/b><\/h4>\n<p>Ini adalah tur pribadi ke <strong>Air Terjun El Lim\u00f3n<\/strong> dengan Menunggang Kuda atau Hiking dimulai Dari Sabana de la mar melintasi teluk Samana dengan Perahu pribadi dan Transportasi Pribadi menunggu kita untuk pergi ke Air Terjun. Mengunjungi hutan kakao dan kopi di bawah Kanopi Pohon Kelapa. Sesampainya di Air Terjun anda diperbolehkan berenang dan Mengatur waktu dengan Local Guide anda. Setelah menikmati Makan Siang Khas di Komunitas El Lim\u00f3n.<\/p>\n<p>Belajar dengan penduduk setempat dan dapatkan perjalanan yang aman. Dapatkan Tiket Anda dalam Penawaran Hari Ini.<\/p>\n<ul>\n<li style=\"font-weight: 400;\"><span style=\"font-weight: 400;\">Termasuk Makan Siang\u00a0<\/span><\/li>\n<li>Menunggang Kuda atau Mendaki Gunung<\/li>\n<li style=\"font-weight: 400;\"><span style=\"font-weight: 400;\">Panduan ini memberikan petunjuk dan Pengawasan<\/span><\/li>\n<li>Biaya ke Taman Nasional<\/li>\n<\/ul>\n<p>&nbsp;<\/p>\n<h4><b>Inklusi &amp; Pengecualian<\/b><\/h4>\n<p>&nbsp;<\/p>\n<p><b>Inklusi<\/b><\/p>\n<ol>\n<li style=\"font-weight: 400;\"><span style=\"font-weight: 400;\">Makan siang prasmanan di El Lim\u00f3n<\/span><\/li>\n<li style=\"font-weight: 400;\"><span style=\"font-weight: 400;\">Tur Mendaki Gunung atau Menunggang Kuda<\/span><\/li>\n<li style=\"font-weight: 400;\"><span style=\"font-weight: 400;\">Semua pajak, biaya dan biaya penanganan<\/span><\/li>\n<li style=\"font-weight: 400;\"><span style=\"font-weight: 400;\">Pajak daerah<\/span><\/li>\n<li style=\"font-weight: 400;\"><span style=\"font-weight: 400;\">Minuman<\/span><\/li>\n<li style=\"font-weight: 400;\"><span style=\"font-weight: 400;\">Semua aktivitas<\/span><\/li>\n<li style=\"font-weight: 400;\"><span style=\"font-weight: 400;\">Pemandu lokal<\/span><\/li>\n<li>transfer<\/li>\n<li>Perjalanan dengan menggunakan kapal<\/li>\n<\/ol>\n<p><b> Pengecualian<\/b><\/p>\n<ol>\n<li style=\"font-weight: 400;\"><span style=\"font-weight: 400;\">Gratifikasi<\/span><\/li>\n<li style=\"font-weight: 400;\"><span style=\"font-weight: 400;\">Minuman beralkohol<\/span><\/li>\n<\/ol>\n<p>&nbsp;<\/p>\n<h4><em><strong>Keberangkatan &amp; Kepulangan<\/strong><\/em><\/h4>\n<p><span style=\"font-weight: 400;\">Traveler akan mendapatkan titik pertemuan setelah Proses Reservasi. Tur dimulai dan Selesai di titik pertemuan kami.<\/span><\/p>\n<p>&nbsp;<\/p>\n<h4><b><i>Apa yang Diharapkan?<\/i><\/b><\/h4>\n<p>&nbsp;<\/p>\n<p><em><strong>Dapatkan tiket Anda<\/strong><\/em> untuk mengunjungi Air Terjun El Lim\u00f3n di Saman\u00e1 ditambah makan siang yang menyenangkan di Restoran El Lim\u00f3n mulai dari Sabana de la Mar.<\/p>\n<p><span style=\"font-weight: 400;\">Tur yang diselenggarakan oleh \u201cBooking Adventures\u201d dimulai di titik pertemuan yang ditetapkan dengan Pemandu Tur.<\/span><\/p>\n<p>Perjalanan Pribadi Terbaik ke air terjun El Limon dengan pemandu wisata lokal. Pesan perjalanan menunggang kuda di tepi Hutan mengelilingi tepi Sungai Lim\u00f3n, mengunjungi perkebunan kakao dan Kopi di bawah naungan pohon palem Kelapa.<\/p>\n<p>Pertama, singgah di air terjun kecil yang biasanya tidak banyak orang dan Anda bisa berenang-renang. Setelah itu kita lanjutkan ke air terjun besar dimana kita akan tinggal selama satu jam atau lebih jika mau.<\/p>\n<p>Membawa kuda kembali ke restoran dimana kita akan menikmati makan siang khas di pantai. Ikan goreng dengan Tostones dan Salad atau Anda bisa mendapatkan pilihan lain di menu dengan biaya tambahan.<\/p>\n<p>Makan siang di Restoran di komunitas El Lim\u00f3n dan Anda dapat tinggal selama Anda ingin berenang. Jika Anda seorang Vegan, kami juga dapat menyiapkan makanan untuk Anda.<\/p>\n<p>setelah pengalaman ini kami menyelesaikan perjalanan kami Kembali ke titik pertemuan Sabana de la mar.<\/p>\n<p>&nbsp;<\/p>\n<h4><em><strong>Apa yang harus kamu bawa?<\/strong><\/em><\/h4>\n<ul>\n<li style=\"font-weight: 400;\"><span style=\"font-weight: 400;\">Kamera<\/span><\/li>\n<li style=\"font-weight: 400;\"><span style=\"font-weight: 400;\">Tunas penolak<\/span><\/li>\n<li style=\"font-weight: 400;\"><span style=\"font-weight: 400;\">krim matahari<\/span><\/li>\n<li style=\"font-weight: 400;\"><span style=\"font-weight: 400;\"><span style=\"vertical-align: inherit;\"><span style=\"vertical-align: inherit;\">Sombrero<\/span><\/span><\/span><\/li>\n<li style=\"font-weight: 400;\"><span style=\"font-weight: 400;\"><span style=\"vertical-align: inherit;\"><span style=\"vertical-align: inherit;\">Komodo Pantalon<\/span><\/span><\/span><\/li>\n<li style=\"font-weight: 400;\"><span style=\"font-weight: 400;\"><span style=\"vertical-align: inherit;\"><span style=\"vertical-align: inherit;\">Zapatos de senderismo ke bosque<\/span><\/span><\/span><\/li>\n<li style=\"font-weight: 400;\"><span style=\"font-weight: 400;\"><span style=\"vertical-align: inherit;\"><span style=\"vertical-align: inherit;\">vestido nadador<\/span><\/span><\/span><\/li>\n<\/ul>\n<p>&nbsp;<\/p>\n<h4><b><i><span style=\"vertical-align: inherit;\"><span style=\"vertical-align: inherit;\">Recogida di hotel <\/span><\/span><\/i><\/b><\/h4>\n<p><span style=\"font-weight: 400;\"><span style=\"vertical-align: inherit;\"><span style=\"vertical-align: inherit;\">Tidak ada pengakuan di hotel untuk tur ini. <\/span><\/span><\/span><\/p>\n<p>&nbsp;<\/p>\n<p><b><span style=\"vertical-align: inherit;\"><span style=\"vertical-align: inherit;\">Tidak a:<\/span><\/span><\/b><span style=\"font-weight: 400;\"> jika Anda memesan dalam waktu 24 jam dari waktu keberangkatan tur\/Ekskursi, kami dapat mengatur penjemputan hotel dengan Biaya tambahan. Setelah pembelian Anda selesai, kami akan mengirimkan Anda informasi kontak lengkap (nomor telepon, alamat email, dll.) untuk pemandu wisata lokal kami untuk mengatur pengaturan penjemputan.<\/span><\/p>\n<h4><b><i><span style=\"vertical-align: inherit;\"><span style=\"vertical-align: inherit;\">Konfirmasi informasi tambahan <\/span><\/span><\/i><\/b><\/h4>\n<ol>\n<li>Tiket adalah Tanda Terima setelah membayar Tour ini. Anda dapat menunjukkan pembayaran di ponsel Anda.<\/li>\n<li style=\"font-weight: 400;\"><span style=\"font-weight: 400;\"><span style=\"vertical-align: inherit;\"><span style=\"vertical-align: inherit;\">Titik keberangkatan akan diterima setelah proses pemesanan.<\/span><\/span><\/span><\/li>\n<li style=\"font-weight: 400;\"><span style=\"font-weight: 400;\"><span style=\"vertical-align: inherit;\"><span style=\"vertical-align: inherit;\">Ni\u00f1os harus ditemani oleh orang dewasa.<\/span><\/span><\/span><\/li>\n<li style=\"font-weight: 400;\"><span style=\"font-weight: 400;\"><span style=\"vertical-align: inherit;\"><span style=\"vertical-align: inherit;\"> Tidak dapat diakses untuk syarat-syarat ruedas <\/span><\/span><\/span><\/li>\n<li style=\"font-weight: 400;\"><span style=\"font-weight: 400;\"><span style=\"vertical-align: inherit;\"><span style=\"vertical-align: inherit;\">Anak-anak harus dikirim ke pesta <\/span><\/span><\/span><\/li>\n<li style=\"font-weight: 400;\"><span style=\"font-weight: 400;\"><span style=\"vertical-align: inherit;\"><span style=\"vertical-align: inherit;\">Tidak direkomendasikan untuk viajeros dengan masalah espalda.<\/span><\/span><\/span><\/li>\n<li style=\"font-weight: 400;\"><span style=\"font-weight: 400;\"><span style=\"vertical-align: inherit;\"><span style=\"vertical-align: inherit;\">Tidak direkomendasikan untuk viajeras embarazadas. <\/span><\/span><\/span><\/li>\n<li style=\"font-weight: 400;\"><span style=\"font-weight: 400;\"><span style=\"vertical-align: inherit;\"><span style=\"vertical-align: inherit;\"> Tidak ada masalah jantung atau kuburan medis lainnya <\/span><\/span><\/span><\/li>\n<li style=\"font-weight: 400;\"><span style=\"font-weight: 400;\"><span style=\"vertical-align: inherit;\"><span style=\"vertical-align: inherit;\">Walikota viajeros dapat berpartisipasi<\/span><\/span><\/span><\/li>\n<\/ol>\n<p>Politik Pembatalan<\/p>\n<p>Untuk mendapatkan pengembalian dana yang lengkap, kami akan mengambil kebijakan pembatalan yang baru\u00a0<a href=\"https:\/\/www.boattoursamana.com\/id\/pemesanan-online\/\" target=\"_blank\" rel=\"noopener\" data-saferedirecturl=\"https:\/\/www.google.com\/url?q=https:\/\/www.boattoursamana.com\/online-booking\/&amp;source=gmail&amp;ust=1672449202351000&amp;usg=AOvVaw1yAeVAPktmaVCqDujgUn90\">klik disini<\/a>. Dana tersebut akan hilang jika pemesanan dibatalkan melalui perjalanan yang sama.<\/p>\n\n\t\t<\/div>\n\t<\/div>\n<\/div><\/div><\/div><\/div><div class=\"vc_row wpb_row vc_row-fluid\" ><\/div><div class=\"wpb_column vc_column_container vc_col-sm-12\"><div class=\"vc_column-inner\"><div class=\"wpb_wrapper\"><\/div><\/div><\/div><div class=\"vc_empty_space\"   style=\"height: 32px\"><span class=\"vc_empty_space_inner\"><\/span><\/div><div class=\"vc_empty_space\"   style=\"height: 32px\"><span class=\"vc_empty_space_inner\"><\/span><\/div><div class=\"vc_row wpb_row vc_row-fluid\" ><div class=\"wpb_column vc_column_container vc_col-sm-12\"><div class=\"vc_column-inner\"><div class=\"wpb_wrapper\"><div class=\"vc_btn3-container vc_btn3-inline\" ><button class=\"vc_general vc_btn3 vc_btn3-size-md vc_btn3-shape-rounded vc_btn3-style-modern vc_btn3-color-green\">PESAN SEKARANG<\/button><\/div><\/div><\/div><\/div><\/div>","protected":false},"excerpt":{"rendered":"<p>Salto Del Limon \u2013 Tur Air Terjun El Lim\u00f3n Dari Sabana de La Mar. Air Terjun El limon dengan Menunggang Kuda atau Berjalan ke Air Terjun. Setelah berenang makan siang dengan makanan penduduk setempat di Samana.<\/p>\n<p>&nbsp;<\/p>\n<p><b>Pilih<\/b><strong><span style=\"vertical-align: inherit;\"><span style=\"vertical-align: inherit;\">\u00a0tanggal perjalanan Anda:\u00a0<\/span><\/span><\/strong><\/p>","protected":false},"featured_media":8837,"template":"","meta":[],"product_cat":[255,946,961,962,159,178,189,160,190,253,254],"product_tag":[183,185,202,201,186,187],"class_list":["post-12587","product","type-product","status-publish","has-post-thumbnail","hentry","product_cat-tours-excursions-samana-bay-dominican-republic","product_cat-1-sabana-de-la-mar","product_cat-el-limon-horseback-riding","product_cat-el-limon-sabana-de-la-mar-miches","product_cat-fees-entrace","product_cat-hiking","product_cat-horse-riding-to-waterfalls","product_cat-lunch","product_cat-safari-samana","product_cat-tours-and-excursions","product_cat-tours-excursions-los-haitises-national-park","product_tag-beach-time","product_tag-el-limon-waterfalls","product_tag-hiking-el-limon","product_tag-horses-el-limon","product_tag-samana","product_tag-samana-tours"],"_links":{"self":[{"href":"https:\/\/www.boattoursamana.com\/id\/wp-json\/wp\/v2\/product\/12587","targetHints":{"allow":["GET"]}}],"collection":[{"href":"https:\/\/www.boattoursamana.com\/id\/wp-json\/wp\/v2\/product"}],"about":[{"href":"https:\/\/www.boattoursamana.com\/id\/wp-json\/wp\/v2\/types\/product"}],"wp:featuredmedia":[{"embeddable":true,"href":"https:\/\/www.boattoursamana.com\/id\/wp-json\/wp\/v2\/media\/8837"}],"wp:attachment":[{"href":"https:\/\/www.boattoursamana.com\/id\/wp-json\/wp\/v2\/media?parent=12587"}],"wp:term":[{"taxonomy":"product_cat","embeddable":true,"href":"https:\/\/www.boattoursamana.com\/id\/wp-json\/wp\/v2\/product_cat?post=12587"},{"taxonomy":"product_tag","embeddable":true,"href":"https:\/\/www.boattoursamana.com\/id\/wp-json\/wp\/v2\/product_tag?post=12587"}],"curies":[{"name":"wp","href":"https:\/\/api.w.org\/{rel}","templated":true}]}}