{"id":12652,"date":"2021-08-02T05:55:11","date_gmt":"2021-08-02T05:55:11","guid":{"rendered":"https:\/\/www.ticketswhales.com\/?post_type=product&#038;p=12652"},"modified":"2023-11-06T14:24:06","modified_gmt":"2023-11-06T14:24:06","slug":"el-limon-waterfalls-tour-private-from-las-galeras-horse-riding-lunch-swimming","status":"publish","type":"product","link":"https:\/\/www.boattoursamana.com\/id\/wisata\/wisata-air-terjun-el-limon-pribadi-dari-las-galeras-menunggang-kuda-makan-siang-berenang","title":{"rendered":"Las Galeras : Tur Pribadi Air Terjun El Lim\u00f3n (menunggang kuda, Makan Siang &amp; berenang)"},"content":{"rendered":"<div class=\"vc_row wpb_row vc_row-fluid\" ><div class=\"wpb_column vc_column_container vc_col-sm-12\"><div class=\"vc_column-inner\"><div class=\"wpb_wrapper\"><div class=\"vc_btn3-container vc_btn3-inline\" ><a class=\"vc_general vc_btn3 vc_btn3-size-md vc_btn3-shape-rounded vc_btn3-style-modern vc_btn3-color-green\" href=\"https:\/\/bookingadventures.tours\/booking.php?tour_id=bb6af51ba5f35561b927993a771999a0\" title=\"\" rel=\"noopener\">PESAN SEKARANG<\/a><\/div>\n\t<div class=\"wpb_text_column wpb_content_element\" >\n\t\t<div class=\"wpb_wrapper\">\n\t\t\t<div class=\"vc_row wpb_row vc_row-fluid\">\n<div class=\"wpb_column vc_column_container vc_col-sm-12\">\n<div class=\"vc_column-inner\">\n<div class=\"wpb_wrapper\">\n<div class=\"mkdf-section-title-holder\">\n<div class=\"mkdf-st-inner\">\n<h5 class=\"mkdf-st-subtitle\">(menunggang kuda, Makan Siang &amp; berenang)<\/h5>\n<h2 class=\"mkdf-st-title\">Tur Air Terjun El Limon Pribadi Dari Las Galeras<\/h2>\n<\/div>\n<\/div>\n<\/div>\n<\/div>\n<\/div>\n<\/div>\n<div class=\"vc_row wpb_row vc_row-fluid\"><\/div>\n<h4><a id=\"overview\" class=\"aal_anchor\" href=\"https:\/\/bookingadventures.com.do\/dominicantour\/el-limon-waterfalls-tour-private-from-las-galeras-horse-riding-lunch-swimming\/#overview\" aria-hidden=\"true\" rel=\"noopener\"><\/a><b><i>Ringkasan<\/i><\/b><\/h4>\n<p>Ini adalah tur pribadi ke\u00a0<strong>Air Terjun El Lim\u00f3n<\/strong>\u00a0dengan Menunggang Kuda atau Mendaki Gunung. Mengunjungi hutan kakao dan kopi di bawah Kanopi Pohon Kelapa. Sesampainya di Air Terjun anda diperbolehkan berenang dan Mengatur waktu dengan Local Guide anda. Setelah menikmati Makan Siang Khas di Komunitas El Lim\u00f3n.<\/p>\n<p>Belajar dengan penduduk setempat dan dapatkan perjalanan yang aman. Dapatkan Tiket Anda dalam Penawaran Hari Ini.<\/p>\n<ul>\n<li>Termasuk Makan Siang<\/li>\n<li>Menunggang Kuda atau Mendaki Gunung<\/li>\n<li>Panduan ini memberikan petunjuk dan Pengawasan<\/li>\n<li>Biaya ke Taman Nasional<\/li>\n<\/ul>\n<p>&nbsp;<\/p>\n<h4><a id=\"inclusions-exclusions\" class=\"aal_anchor\" href=\"https:\/\/bookingadventures.com.do\/dominicantour\/el-limon-waterfalls-tour-private-from-las-galeras-horse-riding-lunch-swimming\/#inclusions-exclusions\" aria-hidden=\"true\" rel=\"noopener\"><\/a><b>Inklusi &amp; Pengecualian<\/b><\/h4>\n<p>&nbsp;<\/p>\n<p><b>Inklusi<\/b><\/p>\n<ol>\n<li>Makan siang prasmanan di El Lim\u00f3n<\/li>\n<li>Tur Mendaki Gunung atau Menunggang Kuda<\/li>\n<li>Semua pajak, biaya dan biaya penanganan<\/li>\n<li>Pajak daerah<\/li>\n<li>Minuman<\/li>\n<li>Semua aktivitas<\/li>\n<li>Pemandu lokal<\/li>\n<\/ol>\n<p><b>Pengecualian<\/b><\/p>\n<ol>\n<li>Gratifikasi<\/li>\n<li>Transfer<\/li>\n<li>Minuman beralkohol<\/li>\n<li>Makanan di Pantai<\/li>\n<\/ol>\n<p>&nbsp;<\/p>\n<h4><a id=\"departure-return\" class=\"aal_anchor\" href=\"https:\/\/bookingadventures.com.do\/dominicantour\/el-limon-waterfalls-tour-private-from-las-galeras-horse-riding-lunch-swimming\/#departure-return\" aria-hidden=\"true\" rel=\"noopener\"><\/a><em><strong>Keberangkatan &amp; Kepulangan<\/strong><\/em><\/h4>\n<p>Traveler akan mendapatkan titik pertemuan setelah Proses Reservasi. Tur dimulai dan Selesai di titik pertemuan kami.<\/p>\n<p>&nbsp;<\/p>\n<h4><a id=\"what-to-expect\" class=\"aal_anchor\" href=\"https:\/\/bookingadventures.com.do\/dominicantour\/el-limon-waterfalls-tour-private-from-las-galeras-horse-riding-lunch-swimming\/#what-to-expect\" aria-hidden=\"true\" rel=\"noopener\"><\/a><b><i>Apa yang Diharapkan?<\/i><\/b><\/h4>\n<p>&nbsp;<\/p>\n<p><em><strong>Dapatkan tiket Anda<\/strong><\/em>\u00a0untuk mengunjungi Air Terjun El Lim\u00f3n di Saman\u00e1 ditambah makan siang yang menyenangkan di Restoran El Lim\u00f3n.<\/p>\n<p>Tur yang diselenggarakan oleh \u201cBooking Adventures\u201d dimulai di titik pertemuan yang ditetapkan dengan Pemandu Tur.<\/p>\n<p>Perjalanan Pribadi Terbaik ke air terjun El Limon dengan pemandu wisata lokal. Pesan perjalanan menunggang kuda di tepi Hutan mengelilingi tepi Sungai Lim\u00f3n, mengunjungi perkebunan kakao dan Kopi di bawah naungan pohon palem Kelapa.<\/p>\n<p>Pertama, singgah di air terjun kecil yang biasanya tidak banyak orang dan Anda bisa berenang-renang. Setelah itu kita lanjutkan ke air terjun besar dimana kita akan tinggal selama satu jam atau lebih jika mau.<\/p>\n<p>Membawa kuda kembali ke restoran dimana kita akan menikmati makan siang khas di pantai. Ikan goreng dengan Tostones dan Salad atau Anda bisa mendapatkan pilihan lain di menu dengan biaya tambahan.<\/p>\n<p>Makan siang di Restoran di komunitas El Lim\u00f3n dan Anda dapat tinggal selama Anda ingin berenang. Jika Anda seorang Vegan, kami juga dapat menyiapkan makanan untuk Anda.<\/p>\n<p>&nbsp;<\/p>\n<h4><a id=\"what-you-should-bring\" class=\"aal_anchor\" href=\"https:\/\/bookingadventures.com.do\/dominicantour\/el-limon-waterfalls-tour-private-from-las-galeras-horse-riding-lunch-swimming\/#what-you-should-bring\" aria-hidden=\"true\" rel=\"noopener\"><\/a><em><strong>Apa yang harus kamu bawa?<\/strong><\/em><\/h4>\n<ul>\n<li>Kamera<\/li>\n<li>Tunas penolak<\/li>\n<li>krim matahari<\/li>\n<li>Topi<\/li>\n<li>Celana yang nyaman<\/li>\n<li>Sepatu hiking untuk hutan<\/li>\n<li>Pakaian renang<\/li>\n<\/ul>\n<p>&nbsp;<\/p>\n<h4><a id=\"hotel-pickup\" class=\"aal_anchor\" href=\"https:\/\/bookingadventures.com.do\/dominicantour\/el-limon-waterfalls-tour-private-from-las-galeras-horse-riding-lunch-swimming\/#hotel-pickup\" aria-hidden=\"true\" rel=\"noopener\"><\/a><b><i>Penjemputan di Hotel<\/i><\/b><\/h4>\n<p>Penjemputan di hotel tidak ditawarkan untuk tur ini.<\/p>\n<p>&nbsp;<\/p>\n<p><b>Catatan:<\/b>\u00a0jika Anda memesan dalam waktu 24 jam dari waktu keberangkatan tur\/Ekskursi, kami dapat mengatur penjemputan hotel dengan Biaya tambahan. Setelah pembelian Anda selesai, kami akan mengirimkan Anda informasi kontak lengkap (nomor telepon, alamat email, dll.) untuk pemandu wisata lokal kami untuk mengatur pengaturan penjemputan.<\/p>\n<h4><a id=\"additional-info-confirmation\" class=\"aal_anchor\" href=\"https:\/\/bookingadventures.com.do\/dominicantour\/el-limon-waterfalls-tour-private-from-las-galeras-horse-riding-lunch-swimming\/#additional-info-confirmation\" aria-hidden=\"true\" rel=\"noopener\"><\/a><b><i>Konfirmasi Info Tambahan<\/i><\/b><\/h4>\n<ol>\n<li>Tiket adalah Tanda Terima setelah membayar Tour ini. Anda dapat menunjukkan pembayaran di ponsel Anda.<\/li>\n<li>Meeting Point Akan Diterima Setelah Proses Reservasi.<\/li>\n<li>Anak-anak harus didampingi oleh orang dewasa.<\/li>\n<li>Tidak dapat diakses kursi roda<\/li>\n<li>Bayi harus duduk di pangkuan<\/li>\n<li>Tidak direkomendasikan untuk wisatawan dengan masalah punggung<\/li>\n<li>Tidak direkomendasikan untuk wisatawan hamil<\/li>\n<li>Tidak ada masalah jantung atau kondisi medis serius lainnya<\/li>\n<li>Sebagian besar wisatawan dapat berpartisipasi<\/li>\n<\/ol>\n\n\t\t<\/div>\n\t<\/div>\n<\/div><\/div><\/div><\/div><div class=\"wpb_column vc_column_container vc_col-sm-12\"><div class=\"vc_column-inner\"><div class=\"wpb_wrapper\"><\/div><\/div><\/div><div class=\"wpb_column vc_column_container vc_col-sm-12\"><div class=\"vc_column-inner\"><div class=\"wpb_wrapper\"><\/div><\/div><\/div>","protected":false},"excerpt":{"rendered":"<p>Mengunjungi air terjun dari Samana dengan transfer pribadi dari las Galeras. Setelah sampai di titik pertemuan untuk berkuda hingga kawasan air terjun. Perjalanan air terjun El limon akan memakan waktu sekitar 3 Jam.<\/p>\n<p><strong><span style=\"vertical-align: inherit;\"><span style=\"vertical-align: inherit;\"><span style=\"vertical-align: inherit;\"><span style=\"vertical-align: inherit;\">Pilih tindakan untuk tur\u00a0<\/span><\/span><\/span><\/span><\/strong><\/p>","protected":false},"featured_media":12594,"template":"","meta":[],"product_cat":[255,655,961,958,159,178,189,160,190,253,254],"product_tag":[183,185,902,202,201,903,186,187],"class_list":["post-12652","product","type-product","status-publish","has-post-thumbnail","hentry","product_cat-tours-excursions-samana-bay-dominican-republic","product_cat-1-samana","product_cat-el-limon-horseback-riding","product_cat-el-limon-las-galeras","product_cat-fees-entrace","product_cat-hiking","product_cat-horse-riding-to-waterfalls","product_cat-lunch","product_cat-safari-samana","product_cat-tours-and-excursions","product_cat-tours-excursions-los-haitises-national-park","product_tag-beach-time","product_tag-el-limon-waterfalls","product_tag-el-limon-waterfalls-tour-private-from-las-galeras-horse-riding","product_tag-hiking-el-limon","product_tag-horses-el-limon","product_tag-lunch-swimming","product_tag-samana","product_tag-samana-tours"],"_links":{"self":[{"href":"https:\/\/www.boattoursamana.com\/id\/wp-json\/wp\/v2\/product\/12652","targetHints":{"allow":["GET"]}}],"collection":[{"href":"https:\/\/www.boattoursamana.com\/id\/wp-json\/wp\/v2\/product"}],"about":[{"href":"https:\/\/www.boattoursamana.com\/id\/wp-json\/wp\/v2\/types\/product"}],"wp:featuredmedia":[{"embeddable":true,"href":"https:\/\/www.boattoursamana.com\/id\/wp-json\/wp\/v2\/media\/12594"}],"wp:attachment":[{"href":"https:\/\/www.boattoursamana.com\/id\/wp-json\/wp\/v2\/media?parent=12652"}],"wp:term":[{"taxonomy":"product_cat","embeddable":true,"href":"https:\/\/www.boattoursamana.com\/id\/wp-json\/wp\/v2\/product_cat?post=12652"},{"taxonomy":"product_tag","embeddable":true,"href":"https:\/\/www.boattoursamana.com\/id\/wp-json\/wp\/v2\/product_tag?post=12652"}],"curies":[{"name":"wp","href":"https:\/\/api.w.org\/{rel}","templated":true}]}}