{"id":16647,"date":"2023-11-06T09:02:24","date_gmt":"2023-11-06T09:02:24","guid":{"rendered":"https:\/\/www.ticketswhales.com\/?post_type=product&#038;p=16647"},"modified":"2023-11-06T09:11:44","modified_gmt":"2023-11-06T09:11:44","slug":"los-haitises-cueva-el-naranjo-y-laguna-cristal-from-sabana-de-la-mar","status":"publish","type":"product","link":"https:\/\/www.boattoursamana.com\/id\/wisata\/los-haitises-cueva-el-naranjo-dan-laguna-cristal-dari-sabana-de-la-mar","title":{"rendered":"Los Haitises: Cueva el Naranjo dan Laguna Cristal dari Sabana de la mar"},"content":{"rendered":"<div class=\"vc_row wpb_row vc_row-fluid\" ><div class=\"wpb_column vc_column_container vc_col-sm-12\"><div class=\"vc_column-inner\"><div class=\"wpb_wrapper\">\n\t<div class=\"wpb_text_column wpb_content_element\" >\n\t\t<div class=\"wpb_wrapper\">\n\t\t\t<h2><span style=\"font-weight: 400;\">Los Haitises: Cueva el Naranjo dan Laguna Cristal<\/span><\/h2>\n<p>Sabana de la mar<\/p>\n<p>&nbsp;<\/p>\n<p><b>Ringkasan<\/b><span style=\"font-weight: 400;\">\u00a0<\/span><\/p>\n<p>&nbsp;<\/p>\n<p><span style=\"font-weight: 400;\">Taman Nasional Los Haitises adalah kekayaan alam Republik Dominika di mana 25% air tawar ditemukan di Hispaniola, selama pengalaman ini kami berkeliling beberapa tempat terpenting di taman yang menakjubkan ini. Dapatkan tiket Anda untuk menjelajahi Gua Ojo de Cielo, Laguna Cristal, Sungai Barracote, dan Teluk Samana.\u00a0<\/span><\/p>\n<p>&nbsp;<\/p>\n<p><span style=\"font-weight: 400;\">Dari sudut pandang hidrografi<\/span><span style=\"font-weight: 400;\">, Los Haitises dan wilayah pengaruhnya terdiri dari dua wilayah: cekungan hilir Sungai Yuna dan wilayah Miches dan Sabana de la Mar. Yuna mengalir melalui dua muara: muara Yuna itu sendiri dan muara Barracote. Selain itu, di wilayah tersebut terdapat sungai Payabo, Los Cocos dan Naranjo, serta saluran Cabirma, Estero, Prieto dan lainnya.<\/span><\/p>\n<p>&nbsp;<\/p>\n<p><span style=\"font-weight: 400;\">Tentang Lanskap Los Haitises,<\/span><span style=\"font-weight: 400;\"> Selain gua, terdapat Ca\u00f1o Hondo, Punta Arena, Ca\u00f1o Salado, Bah\u00eda de San Lorenzo dan Cayo de los P\u00e1jaros, yang merupakan elemen lanskap yang sangat mengesankan. Yang terakhir, terletak di antara Boca del Infierno dan El Naranjo Arriba, mudah dikenali dari keberadaan earwigs dan pelikan yang hampir permanen.<\/span><\/p>\n<p>&nbsp;<\/p>\n<p><span style=\"font-weight: 400;\">Tentang Kota Sanchez,<\/span><span style=\"font-weight: 400;\"> Dulunya merupakan kota kecil bernama Las Ca\u00f1itas, namun pada tahun 1888 statusnya ditingkatkan menjadi kotamadya yang diambil dari nama salah satu pendiri Republik Dominika, Francisco del Rosario S\u00e1nchez. Kota ini semakin penting dan berpopulasi setelah didirikannya jalur kereta api pada tahun 1865. Jalur ini meluas ke wilayah tengah Cibao, mengubah komunitas kecil Karibia ini menjadi pelabuhan terpenting di negara tersebut dari akhir abad ke-19 hingga awal abad ke-19. abad berikutnya. .<\/span><\/p>\n<p>&nbsp;<\/p>\n<p><span style=\"font-weight: 400;\">Tentang Laguna Cristal,<\/span><span style=\"font-weight: 400;\"> Laguna Cristal merupakan sumber air tawar yang indah di gerbang Taman Nasional Los Haitises, sebelah utara provinsi Monte Plata, yang memiliki keindahan unik karena daya tarik alamnya dan kedamaian yang diberikannya kepada kita. Laguna ini dialiri oleh air tanah yang berasal dari taman tetangga. Sebuah sungai kecil yang dapat dilayari muncul dari laguna sejauh beberapa ratus meter yang mengaliri Sungai Barracote, yang kemudian mengalir ke Teluk San Lorenzo. Kedalamannya sekitar 200 meter dan diameter 70 meter.\u00a0<\/span><\/p>\n<p>&nbsp;<\/p>\n<p><span style=\"font-weight: 400;\">Gua El Naranjo<\/span><span style=\"font-weight: 400;\">, Sungai El Naranjo, dapat dilayari meskipun panjangnya 120 meter, berasal dari sebuah gua dan dapat dianggap sebagai permata alam di Taman Nasional Los Haitises, Ini adalah atraksi yang patut diketahui, yang memungkinkan Anda untuk menghargai sungai terpendek di daerah tersebut pulau, Dengan perahu Anda bisa mencapai ujung gua tempat air berasal. Gua ini merupakan reservoir bagi kelelawar dan burung walet dan perairannya adalah rumah bagi spesies ikan asli, yang di sungai dan aliran sungai lainnya sudah ketinggalan zaman, seperti guabinas, dajaos, carpia, udang, dan kepiting.<\/span><\/p>\n<p>&nbsp;<\/p>\n<p><b>Inklusi<\/b><\/p>\n<p><span style=\"font-weight: 400;\">Semua pajak, biaya dan biaya penanganan<\/span><\/p>\n<p><span style=\"font-weight: 400;\">Pajak daerah<\/span><\/p>\n<p><span style=\"font-weight: 400;\">Pejabat Pemandu wisata ekologi Inggris\/Spanyol<\/span><\/p>\n<p><span style=\"font-weight: 400;\">Transportasi Lokal (Penjemputan di Hotel)<\/span><\/p>\n<p><span style=\"font-weight: 400;\">Perahu Cepat<\/span><\/p>\n<p><span style=\"font-weight: 400;\">Makan Siang Lokal<\/span><\/p>\n<p><span style=\"font-weight: 400;\">Laguna Kristal\u00a0\u00a0<\/span><\/p>\n<p><span style=\"font-weight: 400;\">Cueva del Naranjo\u00a0<\/span><\/p>\n<p>&nbsp;<\/p>\n<p><b>Pengecualian<\/b><\/p>\n<p>&nbsp;<\/p>\n<p><span style=\"font-weight: 400;\">Gratifikasi<\/span><\/p>\n<p><span style=\"font-weight: 400;\">Minuman<\/span><\/p>\n<p><span style=\"font-weight: 400;\">\u00a0<\/span><\/p>\n<p>&nbsp;<\/p>\n<p><b>Keberangkatan &amp; Kepulangan<\/b><\/p>\n<p><span style=\"font-weight: 400;\">Tur yang diselenggarakan oleh \u201cBooking Adventures\u201d dimulai di titik pertemuan yang ditetapkan dengan Pemandu Tur. Traveler akan mendapatkan titik pertemuan setelah Proses Reservasi. Tur dimulai dan Selesai di titik pertemuan kami.<\/span><\/p>\n<p>&nbsp;<\/p>\n<p><b>Apa yang Diharapkan?<\/b><\/p>\n<p><span style=\"font-weight: 400;\">Dapatkan tiket Anda untuk Mencari Los Haitises: Los Haitises: Cueva el Naranjo y Laguna Cristal, pengalaman ini akan memberi Anda kesempatan untuk melihat sebagian besar keanekaragaman hayati pulau tersebut.\u00a0<\/span><\/p>\n<p>&nbsp;<\/p>\n<p><span style=\"font-weight: 400;\">Kegiatan ini akan dimulai dari penjemputan Anda dari akomodasi Anda di salah satu area berikut:<\/span><\/p>\n<ul>\n<li style=\"font-weight: 400;\" aria-level=\"1\"><span style=\"font-weight: 400;\">Las Terrenas\u00a0<\/span><\/li>\n<li style=\"font-weight: 400;\" aria-level=\"1\"><span style=\"font-weight: 400;\">Sanchez\u00a0<\/span><\/li>\n<li style=\"font-weight: 400;\" aria-level=\"1\"><span style=\"font-weight: 400;\">Las Galera<\/span><\/li>\n<li style=\"font-weight: 400;\" aria-level=\"1\"><span style=\"font-weight: 400;\">Santa Barbara de Samana\u00a0<\/span><\/li>\n<\/ul>\n<h3><b>Jadwal<\/b><b>\u00a0<\/b><\/h3>\n<p><b>Sanchez Samana, Berenang di Laguna Cristal dan Sungai &amp; Gua El Naranjo\u00a0<\/b><\/p>\n<p>&nbsp;<\/p>\n<p><span style=\"font-weight: 400;\">Penjemputan di hotel: dimulai pukul 7:00 pagi (Tergantung di mana Anda berada). Ada pilihan waktu yang berbeda pada formulir pemesanan. Tur adalah 8 Jam.\u00a0<\/span><\/p>\n<p>&nbsp;<\/p>\n<p><span style=\"font-weight: 400;\">Ini akan menjadi pagi hari untuk menjemput Anda dari hotel dan mengantar Anda ke titik pertemuan kami di Sanchez Samana, di mana Anda akan bertemu dengan pemandu wisata lokal Anda sebelum membahas rencana perjalanan untuk sisa hari itu.\u00a0<\/span><\/p>\n<p>&nbsp;<\/p>\n<p><span style=\"font-weight: 400;\">Ketika Anda bersiap-siap, kami menaiki speed boat untuk menuju ke El Naranjo yang merupakan pemberhentian pertama hari itu, di mana kita akan masuk ke dalam gua dengan perahu dan berenang di air tawar dari sungai terpendek di pulau itu.\u00a0<\/span><\/p>\n<p>&nbsp;<\/p>\n<p><span style=\"font-weight: 400;\">Perjalanan perahu kedua Anda akan melewati Sungai Barracote untuk sampai ke Laguna Cristal. Kita harus mengarungi salah satu sungai terbesar di timur laut negara itu. Di Cristal Area kita akan istirahat makan siang sebelum terjun ke air.<\/span><\/p>\n<p>&nbsp;<\/p>\n<p><span style=\"font-weight: 400;\">Setelah mencoba makan siang lokal, kita akan tidur siang di Cristal Lagoon dan kemudian berenang, sebelum kembali ke Sanchez Samana.\u00a0<\/span><\/p>\n<p>&nbsp;<\/p>\n<p><span style=\"font-weight: 400;\">Pengantaran ke Hotel: 16:00 atau lebih tergantung waktu Anda memulai perjalanan. Tur total 8 Jam.\u00a0<\/span><\/p>\n<p>&nbsp;<\/p>\n<p><span style=\"font-weight: 400;\">Jadwal hari dan kegiatan dapat berubah tanpa pemberitahuan karena keadaan atau kejadian yang tidak terduga. Lihat syarat dan ketentuan lengkap untuk informasi lebih lanjut.<\/span><\/p>\n\n\t\t<\/div>\n\t<\/div>\n<\/div><\/div><\/div><\/div>","protected":false},"excerpt":{"rendered":"<p>Mengunjungi Sungai el Naranjo dengan gua dan Cristal Lagun di Taman Nasional Los Haitises dengan pemandu wisata ahli lokal. Makan siang dan transportasi sudah termasuk dalam Sabana de la mar.<\/p>","protected":false},"featured_media":16644,"template":"","meta":[],"product_cat":[1096],"product_tag":[1097],"class_list":["post-16647","product","type-product","status-publish","has-post-thumbnail","hentry","product_cat-haitises","product_tag-haitises"],"_links":{"self":[{"href":"https:\/\/www.boattoursamana.com\/id\/wp-json\/wp\/v2\/product\/16647","targetHints":{"allow":["GET"]}}],"collection":[{"href":"https:\/\/www.boattoursamana.com\/id\/wp-json\/wp\/v2\/product"}],"about":[{"href":"https:\/\/www.boattoursamana.com\/id\/wp-json\/wp\/v2\/types\/product"}],"wp:featuredmedia":[{"embeddable":true,"href":"https:\/\/www.boattoursamana.com\/id\/wp-json\/wp\/v2\/media\/16644"}],"wp:attachment":[{"href":"https:\/\/www.boattoursamana.com\/id\/wp-json\/wp\/v2\/media?parent=16647"}],"wp:term":[{"taxonomy":"product_cat","embeddable":true,"href":"https:\/\/www.boattoursamana.com\/id\/wp-json\/wp\/v2\/product_cat?post=16647"},{"taxonomy":"product_tag","embeddable":true,"href":"https:\/\/www.boattoursamana.com\/id\/wp-json\/wp\/v2\/product_tag?post=16647"}],"curies":[{"name":"wp","href":"https:\/\/api.w.org\/{rel}","templated":true}]}}