{"id":17304,"date":"2025-02-13T18:08:01","date_gmt":"2025-02-13T18:08:01","guid":{"rendered":"https:\/\/www.boattoursamana.com\/?post_type=product&#038;p=17304"},"modified":"2025-02-13T18:27:19","modified_gmt":"2025-02-13T18:27:19","slug":"punta-cana-samana-cayo-levantado-visit-to-the-whale","status":"publish","type":"product","link":"https:\/\/www.boattoursamana.com\/id\/wisata\/punta-cana-samana-cayo-levantado-visit-to-the-whale","title":{"rendered":"Punta Cana: Samana Cayo Levantado \/ Visit to the whale"},"content":{"rendered":"<p>between 7:00 and 8:00, we will pick you up at your hotel in punta pana and head to saman\u00e1. once there, we will board a bus that will take us on a panoramic tour of the city of Santa B\u00e1rbara de Saman\u00e1. From the bus you will be able to see the charming colorful houses of this town, as well as the tropical landscapes that surround it. Next we will go to a hacienda, from where we will walk until we reach the El Lim\u00f3n waterfall. If you prefer, you can also do this tour on horseback. once there, you can bathe in the pool of turquoise waters that forms under the waterfall. Upon returning from the waterfall, we will go to the center of Saman\u00e1 to regain strength with a delicious buffet lunch that will include fresh fish, beans, rice and other traditional foods. Next, we will board a catamaran to reach Cayo Levantado. This idyllic setting will be the perfect place to enjoy a pi\u00f1a colada, chin-chin! Finally, we will return to the coast to take the minibus and depart for Punta Cana. Arrival at your hotel is scheduled between 7:00 p.m. and 7:30 p.m.<\/p>","protected":false},"excerpt":{"rendered":"<div data-track=\"overview\" data-v-83a2b402=\"\">\n<section id=\"activity-overview\" class=\"activity-overview\" data-component=\"overview\" data-v-83a2b402=\"\" data-v-f3236c42=\"\">\n<p class=\"activity-overview__content\" data-test-id=\"activity-overview-content\" data-v-f3236c42=\"\">Explore a paradisiacal municipality full of palm trees and crystal clear waters with this excursion to Saman\u00e1 from Punta Cana. You can&#8217;t miss it!<\/p>\n<\/section>\n<\/div>\n<div data-track=\"key-details\" data-v-83a2b402=\"\"><\/div>","protected":false},"featured_media":17467,"template":"","meta":[],"product_cat":[1098],"product_tag":[173,1099],"class_list":["post-17304","product","type-product","status-publish","has-post-thumbnail","hentry","product_cat-dominican-republic","product_tag-excursion","product_tag-tour"],"_links":{"self":[{"href":"https:\/\/www.boattoursamana.com\/id\/wp-json\/wp\/v2\/product\/17304","targetHints":{"allow":["GET"]}}],"collection":[{"href":"https:\/\/www.boattoursamana.com\/id\/wp-json\/wp\/v2\/product"}],"about":[{"href":"https:\/\/www.boattoursamana.com\/id\/wp-json\/wp\/v2\/types\/product"}],"wp:featuredmedia":[{"embeddable":true,"href":"https:\/\/www.boattoursamana.com\/id\/wp-json\/wp\/v2\/media\/17467"}],"wp:attachment":[{"href":"https:\/\/www.boattoursamana.com\/id\/wp-json\/wp\/v2\/media?parent=17304"}],"wp:term":[{"taxonomy":"product_cat","embeddable":true,"href":"https:\/\/www.boattoursamana.com\/id\/wp-json\/wp\/v2\/product_cat?post=17304"},{"taxonomy":"product_tag","embeddable":true,"href":"https:\/\/www.boattoursamana.com\/id\/wp-json\/wp\/v2\/product_tag?post=17304"}],"curies":[{"name":"wp","href":"https:\/\/api.w.org\/{rel}","templated":true}]}}