{"id":8848,"date":"2018-06-11T10:11:05","date_gmt":"2018-06-11T10:11:05","guid":{"rendered":"https:\/\/www.ticketswhales.com\/?post_type=product&#038;p=8848"},"modified":"2023-03-20T10:08:14","modified_gmt":"2023-03-20T10:08:14","slug":"birdwatching-in-los-haitises-national-park","status":"publish","type":"product","link":"https:\/\/www.boattoursamana.com\/id\/wisata\/mengamati-burung-di-taman-nasional-los-haitises-2","title":{"rendered":"Mengamati burung di Taman Nasional Los Haitises"},"content":{"rendered":"<div class=\"vc_row wpb_row vc_row-fluid\" ><div class=\"wpb_column vc_column_container vc_col-sm-12\"><div class=\"vc_column-inner\"><div class=\"wpb_wrapper\"><div class=\"mkdf-section-title-holder\" style=\"text-align: left\">\n\t<div class=\"mkdf-st-inner\">\n\t\t\t\t\t<h5 class=\"mkdf-st-subtitle\" >\n\t\t\t\tBirding di Taman Nasional Los Haitises\t\t\t<\/h5>\n\t\t\t\t\t\t\t<h3 class=\"mkdf-st-title\" >\n\t\t\t\tTur Elang Ridgway\t\t\t<\/h3>\n\t\t\t\t\t<\/div>\n<\/div><div class=\"vc_empty_space\"   style=\"height: 32px\"><span class=\"vc_empty_space_inner\"><\/span><\/div><div class=\"vc_message_box vc_message_box-standard vc_message_box-rounded vc_color-info\" ><div class=\"vc_message_box-icon\"><i class=\"fas fa-info-circle\"><\/i><\/div><p>Periksa pembaruan Daftar di Taman Nasional Los Haitises:\u00a0 <a href=\"https:\/\/www.boattoursamana.com\/id\/pembaruan-daftar-periksa-pengamatan-burung-taman-nasional-los-haitises\/\">Klik disini<\/a><\/p>\n<\/div><div class=\"vc_empty_space\"   style=\"height: 32px\"><span class=\"vc_empty_space_inner\"><\/span><\/div><\/div><\/div><\/div><\/div><div class=\"vc_row wpb_row vc_row-fluid\" ><div class=\"wpb_column vc_column_container vc_col-sm-12\"><div class=\"vc_column-inner\"><div class=\"wpb_wrapper\"><div class=\"vc_btn3-container vc_btn3-inline\" ><button class=\"vc_general vc_btn3 vc_btn3-size-md vc_btn3-shape-rounded vc_btn3-style-modern vc_btn3-color-green\">PESAN SEKARANG<\/button><\/div>\n\t<div class=\"wpb_text_column wpb_content_element\" >\n\t\t<div class=\"wpb_wrapper\">\n\t\t\t<h4><b><i>Ringkasan <\/i><\/b><\/h4>\n<section><\/section>\n<p>Kami melestarikan 110 spesies burung yang dapat Anda temukan di Taman Nasional Los Haitises. Berjalan melalui hutan ajaib ini untuk mencari burung beo, Todys, Ridgway&#039;s Hawks, tanagers, hummingbirds, dan banyak lagi. Memberikan Sejarah menarik tentang semua burung ini yang dapat Anda lihat di jalur Humit. Kita mengetahui habitat tempat Ridgway&#039;s, Ashy Faced Owls dan spesies endemik lainnya. Tur ini fokus pada alam dan lebih terkonsentrasi pada informasi tentang satwa liar.<\/p>\n<p><strong>Biasanya merupakan tur pribadi untuk pengalaman yang benar-benar berkualitas tinggi.<\/strong><\/p>\n<h4><\/h4>\n<h4><b>Inklusi &amp; Pengecualian<\/b><\/h4>\n<p><b>Inklusi<\/b><\/p>\n<ol>\n<li style=\"font-weight: 400;\">3 jam berjalan burung di jalur taman<\/li>\n<li style=\"font-weight: 400;\"><span style=\"font-weight: 400;\">Semua pajak, biaya dan biaya penanganan<\/span><\/li>\n<li style=\"font-weight: 400;\"><span style=\"font-weight: 400;\">Pajak daerah<\/span><\/li>\n<li style=\"font-weight: 400;\">Pejabat Pemandu wisata ekologi Inggris\/Spanyol<\/li>\n<\/ol>\n<p><b> Pengecualian<\/b><\/p>\n<ol>\n<li style=\"font-weight: 400;\"><span style=\"font-weight: 400;\">Gratifikasi<\/span><\/li>\n<li style=\"font-weight: 400;\"><span style=\"font-weight: 400;\">Transfer<\/span><\/li>\n<li style=\"font-weight: 400;\"><span style=\"font-weight: 400;\">Minuman<\/span><\/li>\n<\/ol>\n<p>&nbsp;<\/p>\n<h4><em><strong>Keberangkatan &amp; Kepulangan<\/strong><\/em><\/h4>\n<p><span style=\"font-weight: 400;\">Tur yang diselenggarakan oleh \u201cBooking Adventures\u201d dimulai di titik pertemuan yang ditetapkan dengan Pemandu Tur. Traveler akan mendapatkan titik pertemuan setelah Proses Reservasi. Tur dimulai dan Selesai di titik pertemuan kami.<\/span><\/p>\n<p>&nbsp;<\/p>\n<h4><b><i>Apa yang Diharapkan?<\/i><\/b><\/h4>\n<p><em><strong>Dapatkan tiket Anda<\/strong><\/em> untuk mengamati burung di Taman Nasional Los Haitises.<\/p>\n<p>Tamasya ini dimulai dari titik pertemuan dengan mendaki jalur Ridgway menuju area Nesting. Setelah 30 menit mendaki dan menyaksikan Elang, kami memiliki pilihan untuk terus mendaki dan memeriksa spesies Burung Beo, piculet, dan Endemik Lainnya di Taman Nasional Los Haitises.<\/p>\n<p>Taman Nasional Los Haitises hanya memiliki dua Jalur untuk Melihat Burung di Sabana de la Mar. Dalam perjalanan ke Taman Nasional Los Hiatises kami berhenti di beberapa tempat untuk melihat lebih banyak burung.<\/p>\n<p>Berada di Teluk San Lorenzo. kita akan mengunjungi dua Gua, panggilan Gua Sedih dalam bahasa Spanyol Cueva de la Arena; Di dalam Gua ini kita bisa melihat para petrograf dari komunitas Tainos yang tinggal di sekitar kawasan ini. dan menggunakan gua sebagai kuil.<\/p>\n<p>Setelah itu, kita melanjutkan ke Gua Linea, yang berisi 2.243 piktograf asli dan pemandu wisata kami menjelaskan kepada Anda informasi dari arkeolog tentang piktograf tersebut.<\/p>\n<p>Naik perahu kembali ke pulau Pajaros (Pulau Burung) di mana kita dapat melihat sebagian besar burung lahan basah di sekitar Taman Nasional Los Haitises. Hanya karena tidak semua burung ada di dalam Air.<\/p>\n<p>Setelah 4 setengah jam belajar tentang burung di Taman Nasional Los Haitises, perjalanan ini berakhir di tempat yang sama seperti dimulainya.<\/p>\n<p><strong>Catatan: Tur ini dilakukan dengan pemandu wisata Pejabat Ekologi. Harap Pesan tepat waktu karena di taman tidak terlalu banyak spesialis.<\/strong><\/p>\n<p>&nbsp;<\/p>\n<h4><em><strong>Apa yang harus kamu bawa?<\/strong><\/em><\/h4>\n<ul>\n<li style=\"font-weight: 400;\"><span style=\"font-weight: 400;\">Kamera<\/span><\/li>\n<li>Berkenaan dgn teropong<\/li>\n<li style=\"font-weight: 400;\"><span style=\"font-weight: 400;\">Tunas penolak<\/span><\/li>\n<li style=\"font-weight: 400;\"><span style=\"font-weight: 400;\">krim matahari<\/span><\/li>\n<li style=\"font-weight: 400;\"><span style=\"font-weight: 400;\">Topi<\/span><\/li>\n<li style=\"font-weight: 400;\"><span style=\"font-weight: 400;\">Celana yang nyaman<\/span><\/li>\n<li style=\"font-weight: 400;\"><span style=\"font-weight: 400;\">Sepatu hiking untuk hutan<\/span><\/li>\n<li style=\"font-weight: 400;\"><span style=\"font-weight: 400;\">Sandal ke area Musim Semi.<\/span><\/li>\n<li style=\"font-weight: 400;\"><span style=\"font-weight: 400;\">Pakaian renang<\/span><\/li>\n<\/ul>\n<p>&nbsp;<\/p>\n<h4><b><i>Penjemputan di Hotel <\/i><\/b><\/h4>\n<p><span style=\"font-weight: 400;\">Penjemputan di hotel tidak ditawarkan untuk tur ini. <\/span><\/p>\n<p>&nbsp;<\/p>\n<p><b>Catatan:<\/b><span style=\"font-weight: 400;\"> jika Anda memesan dalam waktu 24 jam dari waktu keberangkatan tur\/Ekskursi, kami dapat mengatur penjemputan hotel dengan Biaya tambahan. Setelah pembelian Anda selesai, kami akan mengirimkan Anda informasi kontak lengkap (nomor telepon, alamat email, dll.) untuk pemandu wisata lokal kami untuk mengatur pengaturan penjemputan.<\/span><\/p>\n<h4><b><i>Konfirmasi Info Tambahan <\/i><\/b><\/h4>\n<ol>\n<li>Tiket adalah Tanda Terima setelah membayar Tour ini. Anda dapat menunjukkan pembayaran di ponsel Anda.<\/li>\n<li style=\"font-weight: 400;\"><span style=\"font-weight: 400;\">Meeting Point Akan Diterima Setelah Proses Reservasi.<\/span><\/li>\n<li style=\"font-weight: 400;\"><span style=\"font-weight: 400;\">Anak-anak harus didampingi oleh orang dewasa.<\/span><\/li>\n<li style=\"font-weight: 400;\"><span style=\"font-weight: 400;\"> Tidak dapat diakses kursi roda <\/span><\/li>\n<li style=\"font-weight: 400;\"><span style=\"font-weight: 400;\">Bayi harus duduk di pangkuan <\/span><\/li>\n<li style=\"font-weight: 400;\"><span style=\"font-weight: 400;\">Tidak direkomendasikan untuk wisatawan dengan masalah punggung<\/span><\/li>\n<li style=\"font-weight: 400;\"><span style=\"font-weight: 400;\">Tidak direkomendasikan untuk wisatawan hamil <\/span><\/li>\n<li style=\"font-weight: 400;\"><span style=\"font-weight: 400;\"> Tidak ada masalah jantung atau kondisi medis serius lainnya <\/span><\/li>\n<li style=\"font-weight: 400;\"><span style=\"font-weight: 400;\">Sebagian besar wisatawan dapat berpartisipasi<\/span><\/li>\n<\/ol>\n<p>Tur ini ditawarkan kepada Minimal 2 orang dan Maksimal 15 orang. Jika jumlah orang lebih sedikit, silakan hubungi kami.<\/p>\n<h4><b><i>Kebijakan Pembatalan<\/i><\/b><\/h4>\n<p>Untuk pengembalian dana penuh, harap baca kebijakan Pembatalan kami\u00a0<a href=\"https:\/\/www.boattoursamana.com\/id\/pemesanan-online\/\" target=\"_blank\" rel=\"noopener\" data-saferedirecturl=\"https:\/\/www.google.com\/url?q=https:\/\/www.boattoursamana.com\/online-booking\/&amp;source=gmail&amp;ust=1672449202351000&amp;usg=AOvVaw1yAeVAPktmaVCqDujgUn90\">klik disini<\/a>. Dana akan hilang jika reservasi dibatalkan pada hari perjalanan yang sama.<\/p>\n\n\t\t<\/div>\n\t<\/div>\n<\/div><\/div><\/div><\/div><div class=\"vc_row wpb_row vc_row-fluid\" ><\/div><div class=\"wpb_column vc_column_container vc_col-sm-12\"><div class=\"vc_column-inner\"><div class=\"wpb_wrapper\"><div class=\"vc_message_box vc_message_box-standard vc_message_box-rounded vc_color-info\" ><div class=\"vc_message_box-icon\"><i class=\"fas fa-info-circle\"><\/i><\/div><p>Periksa pembaruan Daftar di Taman Nasional Los Haitises:\u00a0 <a href=\"https:\/\/www.boattoursamana.com\/id\/pembaruan-daftar-periksa-pengamatan-burung-taman-nasional-los-haitises\/\">Klik disini<\/a><\/p>\n<\/div><\/div><\/div><\/div><div class=\"vc_row wpb_row vc_row-fluid\" ><div class=\"wpb_column vc_column_container vc_col-sm-12\"><div class=\"vc_column-inner\"><div class=\"wpb_wrapper\"><div class=\"vc_btn3-container vc_btn3-inline\" ><button class=\"vc_general vc_btn3 vc_btn3-size-md vc_btn3-shape-rounded vc_btn3-style-modern vc_btn3-color-green\">PESAN SEKARANG<\/button><\/div><\/div><\/div><\/div><\/div>","protected":false},"excerpt":{"rendered":"<p><span style=\"vertical-align: inherit;\"><span style=\"vertical-align: inherit;\">Viaje al Parque Nacional Los Haitises dengan panduan wisata lokal yang terkonsentrasi pada observasi aves + Cuevas. <\/span><span style=\"vertical-align: inherit;\">Kunjungi los Cayos di el Parque Nacional Los Haitises, Manglares, Vegetaci\u00f3n, Observaci\u00f3n de aves, Cuevas, Pictogramas dan las \u00e1reas hist\u00f3ricas de Sabana de la Mar en el Parque Nacional Los Haitises.<\/span><\/span><\/p>\n<p>&nbsp;<\/p>\n<p><em><strong><span style=\"vertical-align: inherit;\"><span style=\"vertical-align: inherit;\">Pilih tindakan untuk tur\u00a0<\/span><\/span><\/strong><\/em><\/p>","protected":false},"featured_media":8195,"template":"","meta":[],"product_cat":[178,946,932,168,159,170,169,253,254,255],"product_tag":[586,237,582,584,628,236,583,625,626,630,629,585,171,624,209,627,614,239,238,175,186,199,240],"class_list":["post-8848","product","type-product","status-publish","has-post-thumbnail","hentry","product_cat-hiking","product_cat-1-sabana-de-la-mar","product_cat-birdwatching-los-haitises","product_cat-caves","product_cat-fees-entrace","product_cat-local-tour-guides","product_cat-mangroves","product_cat-tours-and-excursions","product_cat-tours-excursions-los-haitises-national-park","product_cat-tours-excursions-samana-bay-dominican-republic","product_tag-biding-sabana-de-la-mar","product_tag-birding","product_tag-birding-dominican-republic","product_tag-birding-in-los-haitises","product_tag-los-haitises-national-park-birding-tour-from-punta-cana","product_tag-birdwatching","product_tag-birdwatching-dominicana","product_tag-birdwtaching","product_tag-boat-tour-birding","product_tag-carretera-cano-hondo","product_tag-eco-lodge-paraiso-cano-hondo","product_tag-hire-a-guide-in-los-haitises","product_tag-los-haitises","product_tag-los-haitises-birding","product_tag-los-haitises-national-park","product_tag-los-haitises-national-park-cano-hondo","product_tag-los-haitises-samana","product_tag-nature","product_tag-ridgways-hawk","product_tag-sabana-de-la-mar","product_tag-samana","product_tag-samana-bay","product_tag-wildlife"],"_links":{"self":[{"href":"https:\/\/www.boattoursamana.com\/id\/wp-json\/wp\/v2\/product\/8848","targetHints":{"allow":["GET"]}}],"collection":[{"href":"https:\/\/www.boattoursamana.com\/id\/wp-json\/wp\/v2\/product"}],"about":[{"href":"https:\/\/www.boattoursamana.com\/id\/wp-json\/wp\/v2\/types\/product"}],"wp:featuredmedia":[{"embeddable":true,"href":"https:\/\/www.boattoursamana.com\/id\/wp-json\/wp\/v2\/media\/8195"}],"wp:attachment":[{"href":"https:\/\/www.boattoursamana.com\/id\/wp-json\/wp\/v2\/media?parent=8848"}],"wp:term":[{"taxonomy":"product_cat","embeddable":true,"href":"https:\/\/www.boattoursamana.com\/id\/wp-json\/wp\/v2\/product_cat?post=8848"},{"taxonomy":"product_tag","embeddable":true,"href":"https:\/\/www.boattoursamana.com\/id\/wp-json\/wp\/v2\/product_tag?post=8848"}],"curies":[{"name":"wp","href":"https:\/\/api.w.org\/{rel}","templated":true}]}}