{"id":8979,"date":"2019-07-06T04:26:26","date_gmt":"2019-07-06T04:26:26","guid":{"rendered":"https:\/\/www.ticketswhales.com\/?post_type=product&#038;p=8979"},"modified":"2023-03-20T11:14:04","modified_gmt":"2023-03-20T11:14:04","slug":"los-haitises-national-park-tour-from-las-terrenas-samana-half-day-trip","status":"publish","type":"product","link":"https:\/\/www.boattoursamana.com\/id\/wisata\/los-haitises-national-park-tour-from-las-terrenas-samana-half-day-trip","title":{"rendered":"Tur Taman Nasional Los Haitises dari Las Terrenas, Saman\u00e1. Perjalanan Setengah Hari."},"content":{"rendered":"<div class=\"vc_row wpb_row vc_row-fluid\" ><div class=\"wpb_column vc_column_container vc_col-sm-12\"><div class=\"vc_column-inner\"><div class=\"wpb_wrapper\"><div class=\"mkdf-section-title-holder\" style=\"text-align: left\">\n\t<div class=\"mkdf-st-inner\">\n\t\t\t\t\t<h5 class=\"mkdf-st-subtitle\" >\n\t\t\t\tTermasuk Transportasi &amp; Makan Siang\t\t\t<\/h5>\n\t\t\t\t\t\t\t<h3 class=\"mkdf-st-title\" >\n\t\t\t\tTur Taman Nasional Los Haitises dari Las Terrenas de Samana. Perjalanan Setengah Hari.\t\t\t<\/h3>\n\t\t\t\t\t<\/div>\n<\/div><\/div><\/div><\/div><\/div><div class=\"vc_row wpb_row vc_row-fluid\" ><div class=\"wpb_column vc_column_container vc_col-sm-12\"><div class=\"vc_column-inner\"><div class=\"wpb_wrapper\"><div class=\"vc_btn3-container vc_btn3-inline\" ><button class=\"vc_general vc_btn3 vc_btn3-size-md vc_btn3-shape-rounded vc_btn3-style-modern vc_btn3-color-green\">PESAN SEKARANG<\/button><\/div>\n\t<div class=\"wpb_text_column wpb_content_element\" >\n\t\t<div class=\"wpb_wrapper\">\n\t\t\t<h3><\/h3>\n<h4><b><i>Ringkasan <\/i><\/b><\/h4>\n<p>Tur Taman Nasional Los Haitises dari Las Terrenas de Samana. Perjalanan Setengah Hari. Mulai dari hotel Anda di Las Terrenas di Samana. Kami akan berkendara ke Komunitas Sanchez di mana Perahu akan dibawa melintasi Teluk Samana. Mengunjungi Rio Naranjo, melewati Komunitas Nelayan ke Taman Nasional Los Haitises, 3 Gua, Gua Boca Tiburon, Pulau Birding Key plus Mangrove di Teluk Saman\u00e1.<\/p>\n<p>Setelah pengalaman ini, Anda akan kembali ke Komunitas Las Terrenas tempat kami menjemput Anda.<\/p>\n<ul>\n<li style=\"font-weight: 400;\">Termasuk biaya<\/li>\n<li>Makan siang<\/li>\n<li>Makanan ringan<\/li>\n<li style=\"font-weight: 400;\">Pemandu Wisata Lokal dalam bahasa Inggris atau Perancis<\/li>\n<li>Angkutan<\/li>\n<li>Perjalanan dengan menggunakan kapal<\/li>\n<\/ul>\n<p>&nbsp;<\/p>\n<h4><b>Inklusi &amp; Pengecualian<\/b><\/h4>\n<p>&nbsp;<\/p>\n<p><b>Inklusi<\/b><\/p>\n<ol>\n<li style=\"font-weight: 400;\">Tur Los Haitises + Gua dan Piktograf<\/li>\n<li>Makan siang<\/li>\n<li style=\"font-weight: 400;\"><span style=\"font-weight: 400;\">Semua pajak, biaya dan biaya penanganan<\/span><\/li>\n<li style=\"font-weight: 400;\"><span style=\"font-weight: 400;\">Pajak daerah<\/span><\/li>\n<li style=\"font-weight: 400;\"><span style=\"font-weight: 400;\">Minuman<\/span><\/li>\n<li>Makanan ringan<\/li>\n<li style=\"font-weight: 400;\"><span style=\"font-weight: 400;\">Semua aktivitas<\/span><\/li>\n<li style=\"font-weight: 400;\"><span style=\"font-weight: 400;\">Pemandu lokal<\/span><\/li>\n<\/ol>\n<p><b> Pengecualian<\/b><\/p>\n<ol>\n<li style=\"font-weight: 400;\"><span style=\"font-weight: 400;\">Gratifikasi<\/span><\/li>\n<li style=\"font-weight: 400;\"><span style=\"font-weight: 400;\">Minuman beralkohol<\/span><\/li>\n<\/ol>\n<p>&nbsp;<\/p>\n<h4><em><strong>Keberangkatan &amp; Kepulangan<\/strong><\/em><\/h4>\n<p><span style=\"font-weight: 400;\">Traveler akan mendapatkan titik pertemuan setelah Proses Reservasi. Tur dimulai dan Selesai di titik pertemuan kami.<\/span><\/p>\n<p>&nbsp;<\/p>\n<h4><\/h4>\n<h4><\/h4>\n<h3>Taman Nasional Los Haitises dari Las Terrenas<\/h3>\n<h4><b><i>Apa yang Diharapkan?<\/i><\/b><\/h4>\n<p><em><strong>Dapatkan tiket Anda<\/strong><\/em> untuk mengunjungi Tur Taman Nasional Los Haitises dari Las Terrenas de Samana. Perjalanan Setengah Hari. Mulai dari Las Terrenas, Saman\u00e1 dengan transportasi ke pelabuhan untuk menaiki Perahu dengan pemandu wisata lokal, kami melewati teluk Saman\u00e1 ke Los Haitises, sisi Sabana de la Mar untuk Mengunjungi salah satu taman nasional terindah di Republik Dominika. <strong>Kalah<em>\u00a0Taman Nasional Haiti<\/em>.<\/strong><\/p>\n<p>Tur yang diselenggarakan oleh \u201cBooking Adventures\u201d dimulai di titik pertemuan yang ditetapkan dengan Pemandu Tur. Bergabunglah dengan Booking Adventures dan mulailah menjelajahi hutan bakau yang dipenuhi burung, perbukitan dengan vegetasi subur, dan gua-gua <em><strong>Taman Nasional Los Haitises<\/strong><\/em>. Mengunjungi Pulau dengan burung-burung di sekitarnya. Pada musim bersarang, kita bahkan bisa melihat anakan Pelecanos di sarangnya. Menjelajah lebih jauh ke dalam Kepulauan Rocky dan mengunjungi Gua dengan piktograf dan petrograf dari penduduk asli.<\/p>\n<p>Melalui hutan bakau dan Tanah di Teluk San Lorenzo yang terbuka, Sabana de la Mar dari mana Anda dapat memotret lanskap hutan terjal. Lihatlah ke air untuk menemukannya <em><strong>Manate<\/strong><\/em>, krustasea, dan <em><strong>lumba-lumba.<\/strong><\/em><\/p>\n<div class=\"body-description secondary\">\n<p>Nama taman nasional ini berasal dari penduduk aslinya, suku Indian Taino. Dalam bahasa mereka, \u201cHaitises\u201d diterjemahkan menjadi dataran tinggi atau perbukitan, mengacu pada formasi geologis pantai yang curam dengan Batu Kapur. Bertualang lebih jauh ke dalam taman untuk menjelajahi gua-gua seperti Cueva San Gabriel, <em><strong>Cueva de la Arena, <\/strong><\/em>Dan <strong><em>Cueva de la Linea.<\/em><\/strong><\/p>\n<p>Gua-gua di cagar alam ini digunakan sebagai tempat perlindungan oleh suku Indian Taino dan, kemudian, oleh bajak laut yang bersembunyi. Carilah gambar karya orang India yang menghiasi beberapa dinding. Setelah mengunjungi Taman Nasional Los Haitises kita akan kembali ke Sanchez, Saman\u00e1.<\/p>\n<p>Melewati teluk Saman\u00e1 30 menit. Kami akan makan siang khas, Jika Anda vegan jangan khawatir, kami juga punya makanan untuk Anda!<\/p>\n<p>Setelah Makan Siang, kita kembali ke Las Terrenas!!<\/p>\n<\/div>\n<p>Jika Anda ingin perjalanan ini lebih lama atau lebih pendek, kami memiliki opsi berikut:<\/p>\n<ol>\n<li><a href=\"https:\/\/www.boattoursamana.com\/id\/wisata\/the-haitises-national-park-tour-from-samana-port\/\">Hanya Los Haitises dari Pelabuhan Saman\u00e1.<\/a><\/li>\n<li><a href=\"https:\/\/www.boattoursamana.com\/id\/wisata\/los-haitises-national-park-lunch-at-cano-hondo-from-samana-port\/\">Los Haitises + Ca\u00f1o Hondo dari Pelabuhan Saman\u00e1.<\/a><\/li>\n<\/ol>\n<p>&nbsp;<\/p>\n<h4><em><strong>Apa yang harus kamu bawa?<\/strong><\/em><\/h4>\n<ul>\n<li style=\"font-weight: 400;\"><span style=\"font-weight: 400;\">Kamera<\/span><\/li>\n<li style=\"font-weight: 400;\"><span style=\"font-weight: 400;\">Tunas penolak<\/span><\/li>\n<li style=\"font-weight: 400;\"><span style=\"font-weight: 400;\">Krim matahari<\/span><\/li>\n<li style=\"font-weight: 400;\"><span style=\"font-weight: 400;\">Topi<\/span><\/li>\n<li style=\"font-weight: 400;\"><span style=\"font-weight: 400;\">Celana yang nyaman<\/span><\/li>\n<li style=\"font-weight: 400;\"><span style=\"font-weight: 400;\">Sepatu hiking untuk hutan<\/span><\/li>\n<li style=\"font-weight: 400;\"><span style=\"font-weight: 400;\">Sandal ke area Musim Semi.<\/span><\/li>\n<li style=\"font-weight: 400;\"><span style=\"font-weight: 400;\">Pakaian renang<\/span><\/li>\n<\/ul>\n<p>&nbsp;<\/p>\n<h4><b><i>Penjemputan di Hotel <\/i><\/b><\/h4>\n<p><span style=\"font-weight: 400;\">Penjemputan di hotel tidak ditawarkan untuk tur ini. <\/span><\/p>\n<p>&nbsp;<\/p>\n<p><b>Catatan:<\/b><span style=\"font-weight: 400;\"> jika Anda memesan dalam waktu 24 jam dari waktu keberangkatan tur\/Ekskursi, kami dapat mengatur penjemputan hotel dengan Biaya tambahan. Setelah pembelian Anda selesai, kami akan mengirimkan Anda informasi kontak lengkap (nomor telepon, alamat email, dll.) untuk pemandu wisata lokal kami untuk mengatur pengaturan penjemputan.<\/span><\/p>\n<h4><b><i>Konfirmasi Info Tambahan <\/i><\/b><\/h4>\n<ol>\n<li>Tiket adalah Tanda Terima setelah membayar Tour ini. Anda dapat menunjukkan pembayaran di ponsel Anda.<\/li>\n<li style=\"font-weight: 400;\"><span style=\"font-weight: 400;\">Meeting Point Akan Diterima Setelah Proses Reservasi.<\/span><\/li>\n<li style=\"font-weight: 400;\"><span style=\"font-weight: 400;\">Anak-anak harus didampingi oleh orang dewasa.<\/span><\/li>\n<li style=\"font-weight: 400;\"><span style=\"font-weight: 400;\"> Tidak dapat diakses kursi roda <\/span><\/li>\n<li style=\"font-weight: 400;\"><span style=\"font-weight: 400;\">Bayi harus duduk di pangkuan <\/span><\/li>\n<li style=\"font-weight: 400;\"><span style=\"font-weight: 400;\">Tidak direkomendasikan untuk wisatawan dengan masalah punggung<\/span><\/li>\n<li style=\"font-weight: 400;\"><span style=\"font-weight: 400;\">Tidak direkomendasikan untuk wisatawan hamil <\/span><\/li>\n<li style=\"font-weight: 400;\"><span style=\"font-weight: 400;\"> Tidak ada masalah jantung atau kondisi medis serius lainnya <\/span><\/li>\n<li style=\"font-weight: 400;\"><span style=\"font-weight: 400;\">Sebagian besar wisatawan dapat berpartisipasi<\/span><\/li>\n<\/ol>\n<h4><b><i>Kebijakan Pembatalan<\/i><\/b><\/h4>\n<p>Untuk pengembalian dana penuh, harap baca kebijakan Pembatalan kami\u00a0<a href=\"https:\/\/www.boattoursamana.com\/id\/pemesanan-online\/\" target=\"_blank\" rel=\"noopener\" data-saferedirecturl=\"https:\/\/www.google.com\/url?q=https:\/\/www.boattoursamana.com\/online-booking\/&amp;source=gmail&amp;ust=1672529771100000&amp;usg=AOvVaw2NIGJBZ0qjB5RhPUl5Obc7\">klik disini<\/a>. Dana akan hilang jika reservasi dibatalkan pada hari perjalanan yang sama.<\/p>\n\n\t\t<\/div>\n\t<\/div>\n<div class=\"vc_btn3-container vc_btn3-inline\" ><button class=\"vc_general vc_btn3 vc_btn3-size-md vc_btn3-shape-rounded vc_btn3-style-modern vc_btn3-color-green\">PESAN SEKARANG<\/button><\/div><\/div><\/div><\/div><\/div><div class=\"vc_row wpb_row vc_row-fluid\" ><div class=\"wpb_column vc_column_container vc_col-sm-12\"><div class=\"vc_column-inner\"><div class=\"wpb_wrapper\">\n\t<div class=\"wpb_video_widget wpb_content_element vc_clearfix   vc_video-aspect-ratio-169 vc_video-el-width-100 vc_video-align-left\" >\n\t\t<div class=\"wpb_wrapper\">\n\t\t\t\n\t\t\t<div class=\"wpb_video_wrapper\"><iframe loading=\"lazy\" title=\"Taman Nasional Los Haitises, Tur &amp; Tamasya Dari Samana atau Sabana de la Mar. Pesan Di Sini:\" src=\"https:\/\/player.vimeo.com\/video\/346508015?dnt=1&amp;app_id=122963\" width=\"1100\" height=\"619\" frameborder=\"0\" allow=\"autoplay; fullscreen\" allowfullscreen><\/iframe><\/div>\n\t\t<\/div>\n\t<\/div>\n<\/div><\/div><\/div><\/div><div class=\"vc_row wpb_row vc_row-fluid\" ><\/div><div class=\"wpb_column vc_column_container vc_col-sm-12\"><div class=\"vc_column-inner\"><div class=\"wpb_wrapper\"><\/div><\/div><\/div><div class=\"vc_empty_space\"   style=\"height: 32px\"><span class=\"vc_empty_space_inner\"><\/span><\/div><div class=\"vc_empty_space\"   style=\"height: 32px\"><span class=\"vc_empty_space_inner\"><\/span><\/div><div class=\"vc_row wpb_row vc_row-fluid\" ><div class=\"wpb_column vc_column_container vc_col-sm-12\"><div class=\"vc_column-inner\"><div class=\"wpb_wrapper\"><div class=\"vc_btn3-container vc_btn3-inline\" ><button class=\"vc_general vc_btn3 vc_btn3-size-md vc_btn3-shape-rounded vc_btn3-style-modern vc_btn3-color-green\">PESAN SEKARANG<\/button><\/div><\/div><\/div><\/div><\/div>","protected":false},"excerpt":{"rendered":"<p><span style=\"vertical-align: inherit;\"><span style=\"vertical-align: inherit;\">Tamasya dari Las Terrenas al Parque Nacional Los Haitises termasuk Almuerzo dan Transporte untuk mengunjungi 3 jalan utama, penjelajahan 2 manglare yang berbeda dan berdasarkan pengamatan dari atas untuk pescar.<\/span><\/span><\/p>\n<p><span style=\"vertical-align: inherit;\"><span style=\"vertical-align: inherit;\">Viaje ecol\u00f3gico al Parque Nacional Los Haitises dengan panduan wisata lokal. <\/span><span style=\"vertical-align: inherit;\">Kunjungi los Cayos di el Parque Nacional Los Haitises, Manglares, Vegetaci\u00f3n, Observaci\u00f3n de aves, Cuevas, Pictogramas dan las \u00e1reas hist\u00f3ricas de Sabana de la Mar en el Parque Nacional Los Haitises.<\/span><\/span><\/p>\n<p>&nbsp;<\/p>\n<p><strong><span style=\"vertical-align: inherit;\"><span style=\"vertical-align: inherit;\">Pilih tindakan untuk Tur:\u00a0<\/span><\/span><\/strong><\/p>","protected":false},"featured_media":12432,"template":"","meta":[],"product_cat":[255,655,928,253],"product_tag":[268,267,171,209,212,269],"class_list":["post-8979","product","type-product","status-publish","has-post-thumbnail","hentry","product_cat-tours-excursions-samana-bay-dominican-republic","product_cat-1-samana","product_cat-boat-trip-los-haitises","product_cat-tours-and-excursions","product_tag-caves-los-haitises","product_tag-las-terrenas","product_tag-los-haitises","product_tag-los-haitises-national-park","product_tag-mangroves-los-haitises","product_tag-transportation-los-haitises"],"_links":{"self":[{"href":"https:\/\/www.boattoursamana.com\/id\/wp-json\/wp\/v2\/product\/8979","targetHints":{"allow":["GET"]}}],"collection":[{"href":"https:\/\/www.boattoursamana.com\/id\/wp-json\/wp\/v2\/product"}],"about":[{"href":"https:\/\/www.boattoursamana.com\/id\/wp-json\/wp\/v2\/types\/product"}],"wp:featuredmedia":[{"embeddable":true,"href":"https:\/\/www.boattoursamana.com\/id\/wp-json\/wp\/v2\/media\/12432"}],"wp:attachment":[{"href":"https:\/\/www.boattoursamana.com\/id\/wp-json\/wp\/v2\/media?parent=8979"}],"wp:term":[{"taxonomy":"product_cat","embeddable":true,"href":"https:\/\/www.boattoursamana.com\/id\/wp-json\/wp\/v2\/product_cat?post=8979"},{"taxonomy":"product_tag","embeddable":true,"href":"https:\/\/www.boattoursamana.com\/id\/wp-json\/wp\/v2\/product_tag?post=8979"}],"curies":[{"name":"wp","href":"https:\/\/api.w.org\/{rel}","templated":true}]}}