{"id":9218,"date":"2019-07-18T11:24:01","date_gmt":"2019-07-18T11:24:01","guid":{"rendered":"https:\/\/www.ticketswhales.com\/?post_type=product&#038;p=9218"},"modified":"2023-02-14T18:40:51","modified_gmt":"2023-02-14T18:40:51","slug":"samana-cayo-levantado-bacardi-island-and-whale-watching-from-miches-in-catamaran","status":"publish","type":"product","link":"https:\/\/www.boattoursamana.com\/id\/wisata\/samana-cayo-levantado-pulau-bacardi-dan-mengamati-paus-dari-miches-di-catamaran","title":{"rendered":"Saman\u00e1 Cayo Levantado (Pulau Bacardi) dan Mengamati Paus dari Miches di Catamaran"},"content":{"rendered":"<div class=\"vc_row wpb_row vc_row-fluid\" ><div class=\"wpb_column vc_column_container vc_col-sm-12\"><div class=\"vc_column-inner\"><div class=\"wpb_wrapper\">\n\t<div class=\"wpb_text_column wpb_content_element\" >\n\t\t<div class=\"wpb_wrapper\">\n\t\t\t<p><span style=\"vertical-align: inherit;\"><span style=\"vertical-align: inherit;\"><\/p>\n\n\t\t<\/div>\n\t<\/div>\n<\/div><\/div><\/div><\/div><div class=\"vc_row wpb_row vc_row-fluid\" ><\/div><div class=\"wpb_column vc_column_container vc_col-sm-12\"><div class=\"vc_column-inner\"><div class=\"wpb_wrapper\"><\/div><\/div><\/div><div class=\"vc_row wpb_row vc_row-fluid\" ><\/div><div class=\"wpb_column vc_column_container vc_col-sm-12\"><div class=\"vc_column-inner\"><div class=\"wpb_wrapper\"><div class=\"vc_btn3-container vc_btn3-inline\" ><button class=\"vc_general vc_btn3 vc_btn3-size-md vc_btn3-shape-rounded vc_btn3-style-modern vc_btn3-color-green\">PESAN SEKARANG<\/button><\/div><\/div><\/div><\/div><div class=\"mkdf-section-title-holder\" style=\"text-align: left\">\n\t<div class=\"mkdf-st-inner\">\n\t\t\t\t\t\t\t<h3 class=\"mkdf-st-title\" >\n\t\t\t\tCayo Levantado + Avistamiento de ballenas de Miches en catamar\u00e1n\t\t\t<\/h3>\n\t\t\t\t\t<\/div>\n<\/div><div class=\"vc_empty_space\"   style=\"height: 32px\"><span class=\"vc_empty_space_inner\"><\/span><\/div>\n\t<div class=\"wpb_text_column wpb_content_element\" >\n\t\t<div class=\"wpb_wrapper\">\n\t\t\t<p>\u00a0<\/span><\/span><\/p>\n<div class=\"vc_empty_space\"><\/div>\n<div class=\"wpb_text_column wpb_content_element\">\n<div class=\"wpb_wrapper\">\n<div class=\"vc_row wpb_row vc_row-fluid\">\n<div class=\"wpb_column vc_column_container vc_col-sm-12\">\n<div class=\"vc_column-inner\">\n<div class=\"wpb_wrapper\">\n<div class=\"wpb_text_column wpb_content_element\">\n<div class=\"wpb_wrapper\">\n<div class=\"vc_row wpb_row vc_row-fluid\">\n<div class=\"wpb_column vc_column_container vc_col-sm-12\">\n<div class=\"vc_column-inner\">\n<div class=\"wpb_wrapper\">\n<div class=\"wpb_text_column wpb_content_element\">\n<div class=\"wpb_wrapper\">\n<h4><a id=\"overview\" class=\"aal_anchor\" href=\"https:\/\/www.boattoursamana.com\/id\/wisata\/samana-cayo-levantado-pulau-bacardi-dan-mengamati-paus-dari-miches-di-catamaran\/#overview\" aria-hidden=\"true\"><\/a><b><i>Ringkasan<\/i><\/b><\/h4>\n<p>Mengamati ikan paus di teluk Saman\u00e1 dimulai dari pelabuhan Miches di Catamaran. Perjalanan ini dimulai pada pukul 09.00 dan berakhir pada pukul 17.00. Bertemu sebelumnya di pelabuhan kami di Miches. Setelah membatalkan Catamaran atau Perahu kami untuk mengunjungi Paus di habitatnya sendiri.<\/p>\n<p>Dari jam 09.00 sampai jam 12.00 siang Observatorium Pengamatan Paus dan Setelah perjalanan Paus ini kita akan mengunjungi Pulau Bacardi \/ Cayo Levantado. Di Pulau Bacardi akan disediakan Lunch Buffet ala khas Dominika. Setelah makan siang selesai Anda diperbolehkan berenang hingga pukul 16.30. Tur akan selesai pada pukul 17:00 di pelabuhan yang sama tempat dimulainya.<\/p>\n<p>Catatan: Tur ini Bukan Pribadi.<strong>\u00a0Untuk tur Pribadi silahkan Hubungi kami.<\/strong><\/p>\n<ul>\n<li>Perjalanan Mengamati Paus<\/li>\n<li>Biaya masuk ke Observatorium<\/li>\n<li>Termasuk makan siang prasmanan di pantai<\/li>\n<li>Perpindahan Perahu<\/li>\n<li>Kapten memberikan instruksi dan Pengawasan<\/li>\n<li>Pemandu wisata<\/li>\n<\/ul>\n<p>&nbsp;<\/p>\n<h4><a id=\"inclusions-exclusions\" class=\"aal_anchor\" href=\"https:\/\/www.boattoursamana.com\/id\/wisata\/samana-cayo-levantado-pulau-bacardi-dan-mengamati-paus-dari-miches-di-catamaran\/#inclusions-exclusions\" aria-hidden=\"true\"><\/a><b>Inklusi &amp; Pengecualian<\/b><\/h4>\n<p>&nbsp;<\/p>\n<p><b>Inklusi<\/b><\/p>\n<p>&nbsp;<\/p>\n<ol>\n<li>Makan siang prasmanan di pantai<\/li>\n<li>Menonton ikan paus<\/li>\n<li>Pemandu wisata<\/li>\n<li>Catamaran atau Perjalanan Perahu<\/li>\n<li>Semua pajak, biaya dan biaya penanganan<\/li>\n<li>Pajak daerah<\/li>\n<li>Minuman<\/li>\n<li>Minuman beralkohol<\/li>\n<\/ol>\n<p><b>Pengecualian<\/b><\/p>\n<ol>\n<li>Gratifikasi<\/li>\n<li>Pemindahan Mobil<\/li>\n<\/ol>\n<p>&nbsp;<\/p>\n<h4><a id=\"departure-return\" class=\"aal_anchor\" href=\"https:\/\/www.boattoursamana.com\/id\/wisata\/samana-cayo-levantado-pulau-bacardi-dan-mengamati-paus-dari-miches-di-catamaran\/#departure-return\" aria-hidden=\"true\"><\/a><em><strong>Keberangkatan &amp; Kepulangan<\/strong><\/em><\/h4>\n<p>Traveler akan mendapatkan titik pertemuan setelah Proses Reservasi. Tur dimulai dan Selesai di titik pertemuan kami.<\/p>\n<p>&nbsp;<\/p>\n<h4><a id=\"what-to-expect\" class=\"aal_anchor\" href=\"https:\/\/www.boattoursamana.com\/id\/wisata\/samana-cayo-levantado-pulau-bacardi-dan-mengamati-paus-dari-miches-di-catamaran\/#what-to-expect\" aria-hidden=\"true\"><\/a><b><i>Apa yang Diharapkan?<\/i><\/b><\/h4>\n<p>&nbsp;<\/p>\n<p><em><strong>Dapatkan tiket Anda<\/strong><\/em>\u00a0untuk tur Mengamati Paus sehari di teluk Saman\u00e1 dimulai dari Miches di Catamaran dengan minuman lokal ditambah makan siang dan waktu pantai yang menyenangkan.<\/p>\n<p>Daypass untuk mengamati paus, yang diselenggarakan oleh \u201cBooking Adventures\u201d dimulai di titik pertemuan yang ditetapkan dengan Pemandu Wisata. Makan siang di pantai dan Anda bisa tinggal selama Anda ingin berenang. Jika Anda seorang Vegan, kami juga dapat menyiapkan makanan untuk Anda.<\/p>\n<p><strong>Jadwal:<\/strong><\/p>\n<p>08:45 \u2013 17:00<\/p>\n<p>&nbsp;<\/p>\n<h4><a id=\"what-you-should-bring\" class=\"aal_anchor\" href=\"https:\/\/www.boattoursamana.com\/id\/wisata\/samana-cayo-levantado-pulau-bacardi-dan-mengamati-paus-dari-miches-di-catamaran\/#what-you-should-bring\" aria-hidden=\"true\"><\/a><em><strong>Apa yang harus kamu bawa?<\/strong><\/em><\/h4>\n<ul>\n<li>Kamera<\/li>\n<li>Tunas penolak<\/li>\n<li>Krim matahari<\/li>\n<li>Topi<\/li>\n<li>Celana yang nyaman<\/li>\n<li>Sandal ke pantai<\/li>\n<li>Pakaian renang<\/li>\n<li>Uang tunai untuk oleh-oleh<\/li>\n<\/ul>\n<p>&nbsp;<\/p>\n<h4><a id=\"hotel-pickup\" class=\"aal_anchor\" href=\"https:\/\/www.boattoursamana.com\/id\/wisata\/samana-cayo-levantado-pulau-bacardi-dan-mengamati-paus-dari-miches-di-catamaran\/#hotel-pickup\" aria-hidden=\"true\"><\/a><b><i>Penjemputan di Hotel<\/i><\/b><\/h4>\n<p>Penjemputan di hotel tidak ditawarkan untuk tur ini.<\/p>\n<p>&nbsp;<\/p>\n<p><b>Catatan:<\/b>\u00a0jika Anda memesan dalam waktu 24 jam dari waktu keberangkatan tur\/Ekskursi, kami dapat mengatur penjemputan hotel dengan Biaya tambahan. Setelah pembelian Anda selesai, kami akan mengirimkan Anda informasi kontak lengkap (nomor telepon, alamat email, dll.) untuk pemandu wisata lokal kami untuk mengatur pengaturan penjemputan.<\/p>\n<h4><a id=\"additional-info-confirmation\" class=\"aal_anchor\" href=\"https:\/\/www.boattoursamana.com\/id\/wisata\/samana-cayo-levantado-pulau-bacardi-dan-mengamati-paus-dari-miches-di-catamaran\/#additional-info-confirmation\" aria-hidden=\"true\"><\/a><b><i>Konfirmasi Info Tambahan<\/i><\/b><\/h4>\n<ol>\n<li>Tiket adalah Tanda Terima setelah membayar Tour ini. Anda dapat menunjukkan pembayaran di ponsel Anda.<\/li>\n<li>Meeting Point Akan Diterima Setelah Proses Reservasi.<\/li>\n<li>Anak-anak harus didampingi oleh orang dewasa.<\/li>\n<li>dapat diakses oleh kursi roda<\/li>\n<li>Bayi harus duduk di pangkuan<\/li>\n<li>Sebagian besar wisatawan dapat berpartisipasi<\/li>\n<\/ol>\n<h4><a id=\"cancellation-policy\" class=\"aal_anchor\" href=\"https:\/\/www.boattoursamana.com\/id\/wisata\/samana-cayo-levantado-pulau-bacardi-dan-mengamati-paus-dari-miches-di-catamaran\/#cancellation-policy\" aria-hidden=\"true\"><\/a><b><i>Kebijakan Pembatalan<\/i><\/b><\/h4>\n<p>Untuk pengembalian dana penuh, batalkan setidaknya 24 jam sebelum tanggal mulai pengalaman.<\/p>\n<\/div>\n<\/div>\n<\/div>\n<\/div>\n<\/div>\n<\/div>\n<\/div>\n<\/div>\n<\/div>\n<\/div>\n<\/div>\n<\/div>\n<div class=\"vc_row wpb_row vc_row-fluid\">\n<div class=\"wpb_column vc_column_container vc_col-sm-12\">\n<div class=\"vc_column-inner\">\n<div class=\"wpb_wrapper\">\n<div class=\"vc_empty_space\"><\/div>\n<div class=\"wpb_text_column wpb_content_element\">\n<div class=\"wpb_wrapper\">\n<h4><a id=\"contact-us\" class=\"aal_anchor\" href=\"https:\/\/www.boattoursamana.com\/id\/wisata\/samana-cayo-levantado-pulau-bacardi-dan-mengamati-paus-dari-miches-di-catamaran\/#contact-us\" aria-hidden=\"true\"><\/a>Hubungi kami?<\/h4>\n<h5><\/h5>\n<p><em><strong>Penduduk setempat<\/strong>\u00a0Dan\u00a0<strong>Warga negara<\/strong>\u00a0Pemandu Wisata &amp; Layanan Tamu<\/em><\/p>\n<p><span class=\"text-turquoise\">Reservasi:<\/span>\u00a0Tur &amp; Tamasya di Dom. Reputasi.<\/p>\n<p><img decoding=\"async\" class=\"emoji\" title=\"Saman\u00e1 Cayo Levantado (Pulau Bacardi) dan Mengamati Paus dari Miches di Catamaran\" draggable=\"false\" src=\"https:\/\/s.w.org\/images\/core\/emoji\/11.2.0\/svg\/1f4de.svg\" alt=\"\ud83d\udcde\" \/> Telp \/ Whatsapp <strong><a href=\"tel:+1 (829) 318-9463\">+1 (829) 318-9463.<\/a><\/strong><\/p>\n<p><img decoding=\"async\" class=\"emoji\" title=\"Saman\u00e1 Cayo Levantado (Pulau Bacardi) dan Mengamati Paus dari Miches di Catamaran\" draggable=\"false\" src=\"https:\/\/s.w.org\/images\/core\/emoji\/11.2.0\/svg\/1f4e9.svg\" alt=\"\ud83d\udce9\" \/>\u00a0<a href=\"mailto:reservabatour@gmail.com\">reservabatour@gmail.com<\/a><\/p>\n<p><strong>Kami Fleksibel Mengatur Tur Pribadi melalui Whatsapp:\u00a0<a href=\"tel:+1 (829) 318-9463\">+1 (829) 318-9463.<\/a><\/strong><\/p>\n<\/div>\n<\/div>\n<\/div>\n<\/div>\n<\/div>\n<\/div>\n<\/div>\n<\/div>\n\n\t\t<\/div>\n\t<\/div>\n<div class=\"vc_row wpb_row vc_row-fluid\" ><div class=\"wpb_column vc_column_container vc_col-sm-12\"><div class=\"vc_column-inner\"><div class=\"wpb_wrapper\"><div class=\"vc_btn3-container vc_btn3-inline\" ><button class=\"vc_general vc_btn3 vc_btn3-size-md vc_btn3-shape-rounded vc_btn3-style-modern vc_btn3-color-green\">PESAN SEKARANG<\/button><\/div><\/div><\/div><\/div><\/div>","protected":false},"excerpt":{"rendered":"<p><span style=\"vertical-align: inherit;\"><span style=\"vertical-align: inherit;\">Tur &amp; Wisata Paus Miches. <\/span><span style=\"vertical-align: inherit;\">Cadangan boletos Anda untuk mengunjungi Ballenas di Bah\u00eda de Saman\u00e1, datang dari Miches dan mengunjungi Cayo Levantado, juga merasa seperti Pulau Bacard\u00ed untuk sebuah petualangan dalam waktu sehari.<\/span><\/span><\/p>\n<p>&nbsp;<\/p>\n<p><em><strong><span style=\"vertical-align: inherit;\"><span style=\"vertical-align: inherit;\">Pilih kegiatan tamasya:<\/span><\/span><\/strong><\/em><\/p>","protected":false},"featured_media":11588,"template":"","meta":[],"product_cat":[255,937],"product_tag":[393,375,342,392,391,276,274,322,394,390],"class_list":["post-9218","product","type-product","status-publish","has-post-thumbnail","hentry","product_cat-tours-excursions-samana-bay-dominican-republic","product_cat-whale-watching-miches","product_tag-miches-whale-watching","product_tag-samana-dominican-republic","product_tag-samana-whale-watching","product_tag-samana-whale-watching-price","product_tag-things-to-do-in-dominican-republic","product_tag-whale-samana","product_tag-whale-watching-dominican-republic","product_tag-whale-watching-miches","product_tag-whale-watching-miches-dominican-republic","product_tag-when-to-see-whales-dominican-republic"],"_links":{"self":[{"href":"https:\/\/www.boattoursamana.com\/id\/wp-json\/wp\/v2\/product\/9218","targetHints":{"allow":["GET"]}}],"collection":[{"href":"https:\/\/www.boattoursamana.com\/id\/wp-json\/wp\/v2\/product"}],"about":[{"href":"https:\/\/www.boattoursamana.com\/id\/wp-json\/wp\/v2\/types\/product"}],"wp:featuredmedia":[{"embeddable":true,"href":"https:\/\/www.boattoursamana.com\/id\/wp-json\/wp\/v2\/media\/11588"}],"wp:attachment":[{"href":"https:\/\/www.boattoursamana.com\/id\/wp-json\/wp\/v2\/media?parent=9218"}],"wp:term":[{"taxonomy":"product_cat","embeddable":true,"href":"https:\/\/www.boattoursamana.com\/id\/wp-json\/wp\/v2\/product_cat?post=9218"},{"taxonomy":"product_tag","embeddable":true,"href":"https:\/\/www.boattoursamana.com\/id\/wp-json\/wp\/v2\/product_tag?post=9218"}],"curies":[{"name":"wp","href":"https:\/\/api.w.org\/{rel}","templated":true}]}}