{"id":15756,"date":"2023-07-15T07:43:13","date_gmt":"2023-07-15T07:43:13","guid":{"rendered":"https:\/\/www.ticketswhales.com\/private-tour-samana-whale-watching-cayo-levantado-bacardi-island-from-samana-port\/"},"modified":"2023-07-15T07:43:13","modified_gmt":"2023-07-15T07:43:13","slug":"private-tour-samana-whale-watching-cayo-levantado-bacardi-island-from-samana-port","status":"publish","type":"page","link":"https:\/\/www.boattoursamana.com\/it\/private-tour-samana-whale-watching-cayo-levantado-bacardi-island-from-samana-port","title":{"rendered":"Tour privato Osservazione delle balene di Saman\u00e1 + Cayo Levantado (Isola Bacardi) dal porto di Saman\u00e1"},"content":{"rendered":"<p>Escursione privata per l&#039;avvistamento delle balene nella baia di Samana, nella Repubblica Dominicana, con guide turistiche locali. Sentiti libero di impostare l&#039;orario di arrivo o di completamento dell&#039;escursione. Il pranzo e gli orari vengono stabiliti da te. Prenota ora questa escursione nella baia di Samana per una bella esperienza di viaggio di osservazione delle balene.<br \/>\nN<br \/>\nnNote: This tour is a Private Tour with a Minimum Payment. To join a group for whale watching with the same price in Catamaran please\u00a0 <a href=\"https:\/\/www.boattoursamana.com\/it\/tours-excursions\/tours-and-excursions\/samana-osservazione-delle-balene-a-cayo-levantado\/\">CLICCA QUI.<\/a><br \/>\nN<br \/>\nN&Nbsp;<br \/>\nN<br \/>\nN<em><strong>Seleziona la data dell&#039;escursione:<\/strong><\/em><\/p>\n<p>&nbsp;<\/p>\n<div class=\"vc_row wpb_row vc_row-fluid\" ><div class=\"wpb_column vc_column_container vc_col-sm-12\"><div class=\"vc_column-inner\"><div class=\"wpb_wrapper\"><div class=\"vc_empty_space\"   style=\"height: 32px\"><span class=\"vc_empty_space_inner\"><\/span><\/div><div class=\"mkdf-section-title-holder\" style=\"text-align: left\">\n\t<div class=\"mkdf-st-inner\">\n\t\t\t\t\t<h5 class=\"mkdf-st-subtitle\" >\n\t\t\t\tDal porto di Saman\u00e1 Tour privato in barca\t\t\t<\/h5>\n\t\t\t\t\t\t\t<h3 class=\"mkdf-st-title\" >\n\t\t\t\tSamana Cayo Levantado + Osservazione delle balene\t\t\t<\/h3>\n\t\t\t\t\t<\/div>\n<\/div><div class=\"vc_message_box vc_message_box-standard vc_message_box-rounded vc_color-info\" ><div class=\"vc_message_box-icon\"><i class=\"fas fa-info-circle\"><\/i><\/div><p>Questo \u00e8 un tour privato per un minimo di 4 persone. Per prenotare lo stesso viaggio in gruppi di catamarano <a href=\"https:\/\/www.boattoursamana.com\/it\/tours-excursions\/tours-and-excursions\/samana-osservazione-delle-balene-a-cayo-levantado\/\">Clicca qui.<\/a><br \/>\nN<br \/>\nnIf you are less than 4 People\u00a0 and will like Private Contact us.<\/p>\n<\/div><div class=\"vc_empty_space\"   style=\"height: 32px\"><span class=\"vc_empty_space_inner\"><\/span><\/div><\/div><\/div><\/div><\/div><div class=\"vc_row wpb_row vc_row-fluid\" ><div class=\"wpb_column vc_column_container vc_col-sm-12\"><div class=\"vc_column-inner\"><div class=\"wpb_wrapper\"><div class=\"vc_btn3-container vc_btn3-inline\" ><a class=\"vc_general vc_btn3 vc_btn3-size-md vc_btn3-shape-rounded vc_btn3-style-modern vc_btn3-color-green\" href=\"https:\/\/bookingadventures.tours\/booking.php?tour_id=ccd2fafcfb0614232b46b749871336cb\" title=\"PRENOTA ORA\" rel=\"noopener\">PRENOTA ORA<\/a><\/div>\n\t<div class=\"wpb_text_column wpb_content_element\" >\n\t\t<div class=\"wpb_wrapper\">\n\t\t\t<p>\nN<\/p>\n<div class=\"vc_row wpb_row vc_row-fluid\">\nN<\/p>\n<div class=\"wpb_column vc_column_container vc_col-sm-12\">\nN<\/p>\n<div class=\"vc_column-inner\">\nN<\/p>\n<div class=\"wpb_wrapper\">\nN<\/p>\n<div class=\"wpb_text_column wpb_content_element\">\nN<\/p>\n<div class=\"wpb_wrapper\">\nN<\/p>\n<div class=\"vc_row wpb_row vc_row-fluid\">\nN<\/p>\n<div class=\"wpb_column vc_column_container vc_col-sm-12\">\nN<\/p>\n<div class=\"vc_column-inner\">\nN<\/p>\n<div class=\"wpb_wrapper\">\nN<\/p>\n<div class=\"wpb_text_column wpb_content_element\">\nN<\/p>\n<div class=\"wpb_wrapper\">\nN<\/p>\n<h4><b><i>Panoramica<img decoding=\"async\" class=\"emoji\" draggable=\"false\" src=\"https:\/\/s.w.org\/images\/core\/emoji\/12.0.0-1\/svg\/1f433.svg\" alt=\" \" title=\"\"><\/i><\/b><\/h4>\n<p>N<strong>Evita grandi gruppi di turisti<\/strong>\u00a0e fai il tuo avvistamento di balene nella baia di Saman\u00e1 partendo dal porto di Saman\u00e1 in una barca privata. Questo viaggio inizia alle 9:00 e termina alle 17:00. Ma poich\u00e9 sar\u00e0 un viaggio privato, puoi impostare l&#039;orario di inizio e di fine. Incontro prima nel nostro ufficio accanto al Royal Restaurant. Dopo aver interrotto la nostra barca per visitare le balene nel loro habitat. I nostri Capitani sono addestrati per assicurarsi che tu veda le balene.<br \/>\nN<br \/>\nnFrom 9:00 Am until 12:00-noon Whale watching observatory and After this Whale trip we will visit Bacardi Island \/ Cayo Levantado. In Bacardi Island, Lunch Buffet from typical Dominican Style will be provided (Rice, Beans, Fish, Salads\u2026). When lunch is finished you are allowed to swim until 4:30 pm. Tour will be finished at 5:00 pm at the same port from where it will start.<br \/>\nN<br \/>\nN<strong>Nota:<\/strong>\u00a0Questo tour \u00e8 privato. (Solo tu, la tua famiglia o i tuoi amici a bordo con il capitano e la guida turistica).<br \/>\nN<\/p>\n<ul>\nN \t<\/p>\n<li>Escursione di osservazione delle balene<\/li>\n<p>N \t<\/p>\n<li>Biglietti d&#039;ingresso all&#039;Osservatorio<\/li>\n<p>N \t<\/p>\n<li>Include pranzo a buffet sulla spiaggia<\/li>\n<p>N \t<\/p>\n<li>Trasferimento in barca<\/li>\n<p>N \t<\/p>\n<li>Il Capitano fornisce istruzioni e supervisione<\/li>\n<p>N \t<\/p>\n<li>Guida turistica<\/li>\n<p>N<\/ul>\n<p>N&Nbsp;<br \/>\nN<\/p>\n<h4><b>Inclusioni ed esclusioni<\/b><\/h4>\n<p>N&Nbsp;<br \/>\nN<br \/>\nN<b>Inclusioni<\/b><br \/>\nN<br \/>\nN&Nbsp;<br \/>\nN<\/p>\n<ol>\nN \t<\/p>\n<li>Pranzo a buffet sulla spiaggia<\/li>\n<p>N \t<\/p>\n<li>Guida turistica<\/li>\n<p>N \t<\/p>\n<li>Gita in catamarano o in barca<\/li>\n<p>N \t<\/p>\n<li>Tutte le tasse, commissioni e spese di gestione<\/li>\n<p>N \t<\/p>\n<li>Tasse locali<\/li>\n<p>N \t<\/p>\n<li>Bevande<\/li>\n<p>N<\/ol>\n<p>N<b>Esclusioni<\/b><br \/>\nN<\/p>\n<ol>\nN \t<\/p>\n<li>Mance<\/li>\n<p>N \t<\/p>\n<li>Trasferimento in auto<\/li>\n<p>N \t<\/p>\n<li>Bevande alcoliche<\/li>\n<p>N<\/ol>\n<p>N&Nbsp;<br \/>\nN<\/p>\n<h4><em><strong>Partenza e ritorno<\/strong><\/em><\/h4>\n<p>Il viaggiatore otterr\u00e0 un punto d&#039;incontro dopo il processo di prenotazione. I tour iniziano e finiscono nei nostri punti di incontro.<br \/>\nN<br \/>\nN&Nbsp;<br \/>\nN<\/p>\n<h4><b><i>Cosa aspettarsi?<\/i><\/b><\/h4>\n<p>N&Nbsp;<br \/>\nN<br \/>\nN<em><strong>Ottieni i tuoi biglietti<\/strong><\/em>\u00a0per un tour privato di osservazione delle balene di un giorno nella baia di Saman\u00e1 pi\u00f9 un meraviglioso pranzo e tempo in spiaggia sull&#039;isola di Bacardi.<br \/>\nN<br \/>\nLe escursioni di osservazione delle balene sono organizzate da \u201cBooking Adventures\u201d iniziano al punto di incontro stabilito con la Guida Turistica. Pranzo in spiaggia e potrai restare tutto il tempo che vorrai nuotando. Se sei vegano, possiamo anche prepararti del cibo.<br \/>\nN<br \/>\nN<strong>Orario:<\/strong><br \/>\nN<br \/>\nn8:45 AM \u2013 5:00 PM<br \/>\nN<br \/>\nN&Nbsp;<br \/>\nN<\/p>\n<h4><em><strong>Cosa dovresti portare?<\/strong><\/em><\/h4>\n<p>N<\/p>\n<ul>\nN \t<\/p>\n<li>Telecamera<\/li>\n<p>N \t<\/p>\n<li>Boccioli repellenti<\/li>\n<p>N \t<\/p>\n<li>crema solare<\/li>\n<p>N \t<\/p>\n<li>Cappello<\/li>\n<p>N \t<\/p>\n<li>Pantaloni comodi<\/li>\n<p>N \t<\/p>\n<li>Sandali per la spiaggia<\/li>\n<p>N \t<\/p>\n<li>Abbigliamento da bagno<\/li>\n<p>N \t<\/p>\n<li>Contanti per souvenir<\/li>\n<p>N<\/ul>\n<p>N&Nbsp;<br \/>\nN<\/p>\n<h4><b><i>Prelievo dall&#039;hotel<\/i><\/b><\/h4>\n<p>Per questo tour non \u00e8 disponibile il prelievo in hotel.<br \/>\nN<br \/>\nN&Nbsp;<br \/>\nN<br \/>\nN<b>Nota:<\/b>\u00a0se prenoti entro 24 ore dall&#039;orario di partenza del tour\/dell&#039;escursione, possiamo organizzare il prelievo in hotel con costi aggiuntivi. Una volta completato l&#039;acquisto, ti invieremo le informazioni di contatto complete (numero di telefono, indirizzo e-mail, ecc.) affinch\u00e9 la nostra guida turistica locale possa organizzare le modalit\u00e0 di ritiro.<br \/>\nN<\/p>\n<h4><b><i>Conferma di informazioni aggiuntive<\/i><\/b><\/h4>\n<p>N<\/p>\n<ol>\nN \t<\/p>\n<li>I biglietti rappresentano la ricevuta dopo aver pagato questo tour. Puoi mostrare il pagamento sul tuo telefono.<\/li>\n<p>N \t<\/p>\n<li>Il punto d&#039;incontro verr\u00e0 ricevuto dopo il processo di prenotazione.<\/li>\n<p>N \t<\/p>\n<li>I bambini devono essere accompagnati da un adulto.<\/li>\n<p>N \t<\/p>\n<li>Accessibile alle sedie a rotelle<\/li>\n<p>N \t<\/p>\n<li>I neonati devono sedersi sulle ginocchia<\/li>\n<p>N \t<\/p>\n<li>La maggior parte dei viaggiatori pu\u00f2 partecipare<\/li>\n<p>N<\/ol>\n<p>N<\/p>\n<h4><b><i>Politica di cancellazione<\/i><\/b><\/h4>\n<p>N<span style=\"font-weight: 400;\">Per un rimborso completo, leggi le nostre politiche di cancellazione\u00a0<a href=\"https:\/\/www.boattoursamana.com\/it\/prenotazione-online\/\" target=\"_blank\" rel=\"noopener\" data-saferedirecturl=\"https:\/\/www.google.com\/url?q=https:\/\/www.boattoursamana.com\/online-booking\/&amp;source=gmail&amp;ust=1672449202351000&amp;usg=AOvVaw1yAeVAPktmaVCqDujgUn90\">clicca qui<\/a>. I fondi andranno persi se la prenotazione viene cancellata lo stesso giorno del viaggio.<\/span><br \/>\nN<br \/>\nN<\/div>\n<p>N\n<\/p><\/div>\n<p>N\n<\/p><\/div>\n<p>N\n<\/p><\/div>\n<p>N\n<\/p><\/div>\n<p>N\n<\/p><\/div>\n<p>N\n<\/p><\/div>\n<p>N\n<\/p><\/div>\n<p>N\n<\/p><\/div>\n<p>N\n<\/p><\/div>\n<p>N\n<\/p><\/div>\n<p>N\n<\/p><\/div>\n<p>N<\/p>\n<div class=\"vc_row wpb_row vc_row-fluid\">\nN<\/p>\n<div class=\"wpb_column vc_column_container vc_col-sm-12\">\nN<\/p>\n<div class=\"vc_column-inner\">\nN<\/p>\n<div class=\"wpb_wrapper\">\nN<\/p>\n<div class=\"vc_empty_space\"><\/div>\n<p>N<\/p>\n<div class=\"wpb_text_column wpb_content_element\">\nN<\/p>\n<div class=\"wpb_wrapper\">\nN<\/p>\n<h4>Contattaci?<\/h4>\n<p>N<\/p>\n<h5><b><i>TOUR BALENE SAMANA<\/i><\/b><\/h5>\n<p>N<em><strong>Gente del posto<\/strong>\u00a0E\u00a0<strong>Nazionali<\/strong>\u00a0Guide turistiche e servizi per gli ospiti<\/em><br \/>\nN<br \/>\nN<span class=\"text-turquoise\">Prenotazioni:<\/span>\u00a0Tours ed escursioni a Dom. Rappresentante.<br \/>\nN<br \/>\nN<img decoding=\"async\" class=\"emoji\" draggable=\"false\" src=\"https:\/\/s.w.org\/images\/core\/emoji\/11.2.0\/svg\/1f4de.svg\" alt=\" \" title=\"\">\u00a0Tel\/Whatsapp\u00a0\u00a0<a href=\"tel:+1-809-720-6035\">+1-809-720-6035<\/a>.<br \/>\nN<br \/>\nN<img decoding=\"async\" class=\"emoji\" draggable=\"false\" src=\"https:\/\/s.w.org\/images\/core\/emoji\/11.2.0\/svg\/1f4e9.svg\" alt=\" \" title=\"\">\u00a0<a href=\"mailto:info@bookingadventures.com.do\">info@bookingadventures.com.do<\/a><br \/>\nN<br \/>\nN<strong>Siamo flessibili nell&#039;impostare tour privati tramite Whatsapp:\u00a0<a href=\"tel:+18097206035\">+18097206035.<\/a><\/strong><br \/>\nN<br \/>\nN<\/div>\n<p>N\n<\/p><\/div>\n<p>N\n<\/p><\/div>\n<p>N\n<\/p><\/div>\n<p>N\n<\/p><\/div>\n<p>N\n<\/p><\/div>\n<p>N<\/p>\n\n\t\t<\/div>\n\t<\/div>\n<div class=\"vc_btn3-container vc_btn3-inline\" ><a class=\"vc_general vc_btn3 vc_btn3-size-md vc_btn3-shape-rounded vc_btn3-style-modern vc_btn3-color-green\" href=\"https:\/\/bookingadventures.tours\/booking.php?tour_id=ccd2fafcfb0614232b46b749871336cb\" title=\"PRENOTA ORA\" rel=\"noopener\">PRENOTA ORA<\/a><\/div><\/div><\/div><\/div><\/div>","protected":false},"excerpt":{"rendered":"<p>Private whale watching trip in Samana bay, the Dominican Republic with Locals tours Guides. Feel free to set your time to arrived or to finish the Excursion. Lunch and timing are set by your self. Book Now this excursion in Samana bay for a Good whale watching trip experience. n nNote: This tour is a Private Tour with a Minimum Payment. To join a group for whale watching with the same price in Catamaran please\u00a0 CLICK HERE. n n&nbsp; n [&hellip;]<\/p>\n","protected":false},"author":2,"featured_media":0,"parent":0,"menu_order":0,"comment_status":"open","ping_status":"closed","template":"","meta":{"footnotes":""},"class_list":["post-15756","page","type-page","status-publish","hentry"],"_links":{"self":[{"href":"https:\/\/www.boattoursamana.com\/it\/wp-json\/wp\/v2\/pages\/15756","targetHints":{"allow":["GET"]}}],"collection":[{"href":"https:\/\/www.boattoursamana.com\/it\/wp-json\/wp\/v2\/pages"}],"about":[{"href":"https:\/\/www.boattoursamana.com\/it\/wp-json\/wp\/v2\/types\/page"}],"author":[{"embeddable":true,"href":"https:\/\/www.boattoursamana.com\/it\/wp-json\/wp\/v2\/users\/2"}],"replies":[{"embeddable":true,"href":"https:\/\/www.boattoursamana.com\/it\/wp-json\/wp\/v2\/comments?post=15756"}],"version-history":[{"count":0,"href":"https:\/\/www.boattoursamana.com\/it\/wp-json\/wp\/v2\/pages\/15756\/revisions"}],"wp:attachment":[{"href":"https:\/\/www.boattoursamana.com\/it\/wp-json\/wp\/v2\/media?parent=15756"}],"curies":[{"name":"wp","href":"https:\/\/api.w.org\/{rel}","templated":true}]}}