{"id":15778,"date":"2023-07-15T07:43:40","date_gmt":"2023-07-15T07:43:40","guid":{"rendered":"https:\/\/www.ticketswhales.com\/punta-cana-samana-whale-watching-cayo-levantado-bacardi-island-limon-waterfalls\/"},"modified":"2023-07-15T07:43:40","modified_gmt":"2023-07-15T07:43:40","slug":"punta-cana-samana-whale-watching-cayo-levantado-bacardi-island-limon-waterfalls","status":"publish","type":"page","link":"https:\/\/www.boattoursamana.com\/it\/punta-cana-samana-osservazione-delle-balene-cayo-levantado-isola-bacardi-cascate-di-limon","title":{"rendered":"Punta Cana: osservazione delle balene di Saman\u00e1 + Cayo Levantado (Isola Bacardi) + Cascate del Lim\u00f3n"},"content":{"rendered":"<p>Dagli hotel di Punta Cana, godremo degli splendidi paesaggi della catena montuosa orientale mentre guidiamo a nord di Punta Cana prima di arrivare nel piccolo villaggio di pescatori di Miches, sulla sponda meridionale della baia di Samana. L\u00ec potrai goderti una colazione veloce prima di salire sulla barca per Samana. Navigheremo in profondit\u00e0 nella baia per osservare le balene. Raggiungeremo prima Cayo Levantado, conosciuta anche come Isola Bacardi per la sua stretta somiglianza con le spiagge che Bacardi Rum un tempo utilizzava per i suoi famosi spot pubblicitari. Cayo Levantado \u00e8 a dir poco un&#039;oasi tropicale: una piccola isola in mezzo all&#039;oceano con acque turchesi e sabbia bianca. Successivamente un Safari nella comunit\u00e0 di Samana alle cascate. Nelle cascate, el Limon si prepara per l&#039;equitazione o l&#039;escursionismo. Questa \u00e8 un&#039;avventura completa unica.<br \/>\nN<br \/>\nN<span style=\"vertical-align: inherit;\"><span style=\"vertical-align: inherit;\">Este tour ha incluso la parada en la <\/span><\/span><strong><span style=\"vertical-align: inherit;\"><span style=\"vertical-align: inherit;\">Cascata di Limon<\/span><\/span><\/strong><span style=\"vertical-align: inherit;\"><span style=\"vertical-align: inherit;\"> . <\/span><span style=\"vertical-align: inherit;\">Para reservar el mismo viaje y no ir a las cascadas por favor <\/span><\/span><a href=\"https:\/\/www.boattoursamana.com\/it\/Tours-Excursions\/tours-excursions-samana-bay-dominican-republic\/whale-watching-2020-in-punta-cana-to-samana-bay-cayo-levantado-bacardi-island-from-hotels\/\"><span style=\"vertical-align: inherit;\"><span style=\"vertical-align: inherit;\">HAGA CLIC AQUI.<\/span><\/span><\/a><br \/>\nN<br \/>\nN&Nbsp;<br \/>\nN<br \/>\nN<em><strong><span style=\"vertical-align: inherit;\"><span style=\"vertical-align: inherit;\">Selezionare la data dell&#039;escursione:<\/span><\/span><\/strong><\/em><\/p>\n<p>&nbsp;<\/p>\n<div class=\"wpb_column vc_column_container vc_col-sm-12\"><div class=\"vc_column-inner\"><div class=\"wpb_wrapper\"><div class=\"vc_btn3-container vc_btn3-inline\" ><button class=\"vc_general vc_btn3 vc_btn3-size-md vc_btn3-shape-rounded vc_btn3-style-modern vc_btn3-color-green\">PRENOTA ORA<\/button><\/div>\n\t<div class=\"wpb_text_column wpb_content_element\" >\n\t\t<div class=\"wpb_wrapper\">\n\t\t\t<p>\nN<\/p>\n<div class=\"vc_row wpb_row vc_row-fluid\">\nN<\/p>\n<div class=\"wpb_column vc_column_container vc_col-sm-12\">\nN<\/p>\n<div class=\"vc_column-inner\">\nN<\/p>\n<div class=\"wpb_wrapper\">\nN<\/p>\n<div class=\"mkdf-section-title-holder\">\nN<\/p>\n<div class=\"mkdf-st-inner\">\nN<\/p>\n<h5 class=\"mkdf-st-subtitle\">Cayo Levantado (Isola Bacardi) + Cascate del Limone dagli hotel di Punta Cana.<\/h5>\n<p>N<\/p>\n<h3 class=\"mkdf-st-title\">Osservazione delle balene 2023 da Punta Cana alla baia di Samana<\/h3>\n<p>N\n<\/p><\/div>\n<p>N\n<\/p><\/div>\n<p>N\n<\/p><\/div>\n<p>N\n<\/p><\/div>\n<p>N\n<\/p><\/div>\n<p>N\n<\/p><\/div>\n<p>N<\/p>\n<div class=\"vc_row wpb_row vc_row-fluid\"><\/div>\n<p>N<\/p>\n<div class=\"wpb_column vc_column_container vc_col-sm-12\">\nN<\/p>\n<div class=\"vc_column-inner\">\nN<\/p>\n<div class=\"wpb_wrapper\"><\/div>\n<p>N\n<\/p><\/div>\n<p>N\n<\/p><\/div>\n<p>N<\/p>\n<div class=\"wpb_text_column wpb_content_element\">\nN<\/p>\n<div class=\"wpb_wrapper\"><\/div>\n<p>N\n<\/p><\/div>\n<p>N<\/p>\n<div class=\"vc_row wpb_row vc_row-fluid\">\nN<\/p>\n<div class=\"wpb_column vc_column_container vc_col-sm-12\">\nN<\/p>\n<div class=\"vc_column-inner\">\nN<\/p>\n<div class=\"wpb_wrapper\">\nN<\/p>\n<div class=\"wpb_text_column wpb_content_element\">\nN<\/p>\n<div class=\"wpb_wrapper\">\nN<\/p>\n<div class=\"vc_row wpb_row vc_row-fluid\">\nN<\/p>\n<div class=\"wpb_column vc_column_container vc_col-sm-12\">\nN<\/p>\n<div class=\"vc_column-inner\">\nN<\/p>\n<div class=\"wpb_wrapper\">\nN<\/p>\n<div class=\"wpb_text_column wpb_content_element\">\nN<\/p>\n<div class=\"wpb_wrapper\">\nN<\/p>\n<h4><b><i>Panoramica <\/i><\/b><\/h4>\n<p>nWhale Punta Cana, osservazione delle balene nella baia di Saman\u00e1 e visita a Cayo Levantado pi\u00f9 Safari alle cascate di El limon durante questa escursione di un&#039;intera giornata dagli hotel di Punta Cana. Viaggia verso la baia di Saman\u00e1 a bordo di un comodo pullman con aria condizionata, quindi trasferisci su un catamarano a Miches. Naviga in acque aperte alla ricerca dei branchi di megattere che vengono a riprodursi e ad allevare i loro vitelli nella zona. Scopri il comportamento e la biologia di questi mammiferi marini dalla tua guida naturalista esperta. Prosegui per Cayo Levantado \/ Isola Bacardi, per il pranzo sulla spiaggia e un tuffo nelle acque azzurre dopo questo viaggio Safari alle cascate di El Limon con passeggiate a cavallo nella foresta di cocco prima di tornare a Punta Cana.<br \/>\nN<br \/>\nN&Nbsp;<br \/>\nN<br \/>\nN<strong>Nota:<\/strong>\u00a0Questo tour non \u00e8 privato. Questo tour ha incluso la sosta a\u00a0<strong>Cascata del Limone<\/strong>. Per prenotare lo stesso viaggio e non andare alle cascate, per favore\u00a0<a href=\"https:\/\/www.boattoursamana.com\/it\/Tours-Excursions\/tours-excursions-samana-bay-dominican-republic\/whale-watching-2020-in-punta-cana-to-samana-bay-cayo-levantado-bacardi-island-from-hotels\/\" data-mil=\"9912\">CLICCA QUI.<\/a><br \/>\nN<\/p>\n<ul>\nN \t<\/p>\n<li>Escursione di osservazione delle balene<\/li>\n<p>N \t<\/p>\n<li>Isola Bacardi\/Cayo Levantado<\/li>\n<p>N \t<\/p>\n<li>Biglietti d&#039;ingresso all&#039;Osservatorio<\/li>\n<p>N \t<\/p>\n<li>Safari a Samana<\/li>\n<p>N \t<\/p>\n<li>Equitazione a cavallo alle cascate El Limon<\/li>\n<p>N \t<\/p>\n<li>Include pranzo a buffet sulla spiaggia<\/li>\n<p>N \t<\/p>\n<li>Trasferimento in barca<\/li>\n<p>N \t<\/p>\n<li>Il Capitano fornisce istruzioni e supervisione<\/li>\n<p>N \t<\/p>\n<li>Guida turistica<\/li>\n<p>N<\/ul>\n<p>N&Nbsp;<br \/>\nN<\/p>\n<h4><b>Inclusioni ed esclusioni<\/b><\/h4>\n<p>N&Nbsp;<br \/>\nN<br \/>\nN<b>Inclusioni<\/b><br \/>\nN<br \/>\nN&Nbsp;<br \/>\nN<\/p>\n<ol>\nN \t<\/p>\n<li>Pranzo a buffet sulla spiaggia<\/li>\n<p>N \t<\/p>\n<li>Trasferimento dagli hotel<\/li>\n<p>N \t<\/p>\n<li>Guida turistica<\/li>\n<p>N \t<\/p>\n<li>Gita in catamarano o in barca<\/li>\n<p>N \t<\/p>\n<li>Tutte le tasse, commissioni e spese di gestione<\/li>\n<p>N \t<\/p>\n<li>Tasse locali<\/li>\n<p>N \t<\/p>\n<li>Bevande<\/li>\n<p>N<\/ol>\n<p>N<b>Esclusioni<\/b><br \/>\nN<\/p>\n<ol>\nN \t<\/p>\n<li>Mance<\/li>\n<p>N<\/ol>\n<p>N&Nbsp;<br \/>\nN<\/p>\n<h4><em><strong>Partenza e ritorno<\/strong><\/em><\/h4>\n<p>Per questo tour \u00e8 offerto il prelievo in hotel. Nelle note basta scrivere il nome dell&#039;hotel dove venirvi a prendere. Ritiriamo in tutti gli hotel di Punta Cana.<br \/>\nN<br \/>\nN&Nbsp;<br \/>\nN<\/p>\n<h3>Osservazione delle balene di Samana + Cayo Levantado (Isola Bacardi) + Cascate del Limon dagli hotel di Punta Cana.<\/h3>\n<p>N<\/p>\n<h4><b><i>Cosa aspettarsi?<\/i><\/b><\/h4>\n<p>nAvvicinati ai gentili giganti del mare della Repubblica Dominicana durante questa escursione di 12 ore di osservazione delle balene megattere nella baia di S\u00e1mana. Trascorri una giornata indimenticabile osservando le migliaia di balene che ogni anno affollano l&#039;isola per accoppiarsi, nutrirsi e giocare nelle sue calde acque tropicali. Mentre osservi queste meravigliose creature godrai di approfondimenti unici dalla tua guida esperta di osservazione delle balene. Termina la giornata con pranzo incluso e tempo in spiaggia sulla bellissima isola di Cayo Levantado. \u00c8 incluso anche il trasporto di andata e ritorno per l&#039;hotel.<br \/>\nN<br \/>\nnDalle 9:00 alle 12:00 Osservatorio di osservazione delle balene e dopo questo viaggio alle balene visiteremo l&#039;isola Bacardi \/ Cayo Levantado. Nell&#039;isola Bacardi sar\u00e0 fornito il pranzo a buffet in tipico stile dominicano (riso, fagioli, pesce, insalate...). Una volta terminato il pranzo, potrai nuotare e prepararti per andare alle cascate di El Limon fino alle 16:30. Il tour terminer\u00e0 alle 17:00 nello stesso porto da dove inizier\u00e0 a bordo del nostro catamarano e poi ritorner\u00e0 in autobus agli hotel di Punta Cana.<br \/>\nN<br \/>\nN<strong>Orario:<\/strong><br \/>\nN<br \/>\nn6:00 \u2013 7:00 Accoglienza dei clienti dai diversi hotel<br \/>\nn07:00 Partenza per Las Canitas a Sabana de la mar<br \/>\nn08:15 Arrivo al molo privato<br \/>\nn08:15 \u2013 8:40 Colazione (panini, muffin, t\u00e8, caff\u00e8, succhi)<br \/>\nn8:45 Imbarco per iniziare il nostro viaggio verso il santuario delle balene megattere a Samana<br \/>\nn11:00 Ricerca delle balene per un periodo di 45 minuti - Questi sono i tempi seguiti dalle regole del governo.<br \/>\nn11:45 Dirigiti a Cayo Levantado nella baia di Samana<br \/>\nn12:30 Arrivo a Cayo Levantado<br \/>\nn13:00 Pranzo (pranzo a buffet, tipico dominicano)*<br \/>\nn13:45 \u2013 15:30 Tempo libero a Cayo Levantado<br \/>\nn15:00 \u2013 15:45 Di nuovo a bordo in direzione di Miches<br \/>\nn17:00 Arrivo a Miches e partenza per gli hotel di Punta Cana<br \/>\nn19:30 \u2013 20:00 Arrivo agli hotel di Punta Cana<br \/>\nN<br \/>\nN<strong>*Men\u00f9 del pranzo (tipico domenicano)<br \/>\nN<\/strong>Riso, pollo alla griglia o pesce alla griglia, insalata, verdure, frutta fresca.<br \/>\nN<br \/>\nN<strong>*I clienti che scelgono di aggiungere la sosta alla cascata El Limon dopo l&#039;avvistamento delle balene si sposteranno alla cascata e avranno meno tempo da trascorrere a Cayo Levantado.<\/strong><br \/>\nN<br \/>\nnQuesto tour ha incluso la sosta a\u00a0<strong>Cascata del Limone<\/strong>. Per prenotare lo stesso viaggio e non andare alle cascate, per favore\u00a0<a href=\"https:\/\/www.boattoursamana.com\/it\/Tours-Excursions\/tours-excursions-samana-bay-dominican-republic\/whale-watching-2020-in-punta-cana-to-samana-bay-cayo-levantado-bacardi-island-from-hotels\/\" data-mil=\"9912\">CLICCA QUI.<\/a><br \/>\nN<br \/>\nN&Nbsp;<br \/>\nN<\/p>\n<h4><em><strong>Cosa dovresti portare?<\/strong><\/em><\/h4>\n<p>N<\/p>\n<ul>\nN \t<\/p>\n<li>Telecamera<\/li>\n<p>N \t<\/p>\n<li>Boccioli repellenti<\/li>\n<p>N \t<\/p>\n<li>crema solare<\/li>\n<p>N \t<\/p>\n<li>Cappello<\/li>\n<p>N \t<\/p>\n<li>Pantaloni comodi<\/li>\n<p>N \t<\/p>\n<li>Sandali per la spiaggia<\/li>\n<p>N \t<\/p>\n<li>Abbigliamento da bagno<\/li>\n<p>N \t<\/p>\n<li>Contanti per souvenir e mance<\/li>\n<p>N<\/ul>\n<p>N&Nbsp;<br \/>\nN<\/p>\n<h4><b><i>Prelievo dall&#039;hotel<\/i><\/b><\/h4>\n<p>Per questo tour \u00e8 offerto il prelievo in hotel. Nelle note basta scrivere il nome dell&#039;hotel dove venirvi a prendere. Ritiriamo in tutti gli hotel di Punta Cana.<br \/>\nN<br \/>\nN&Nbsp;<br \/>\nN<br \/>\nN<b>Nota:<\/b>\u00a0se prenoti entro 24 ore dall&#039;orario di partenza del tour\/dell&#039;escursione, possiamo organizzare il prelievo in hotel con costi aggiuntivi. Una volta completato l&#039;acquisto, ti invieremo le informazioni di contatto complete (numero di telefono, indirizzo e-mail, ecc.) affinch\u00e9 la nostra guida turistica locale possa organizzare le modalit\u00e0 di ritiro.<br \/>\nN<\/p>\n<h4><b><i>Conferma di informazioni aggiuntive<\/i><\/b><\/h4>\n<p>N<\/p>\n<ol>\nN \t<\/p>\n<li>I biglietti rappresentano la ricevuta dopo aver pagato questo tour. Puoi mostrare il pagamento sul tuo telefono.<\/li>\n<p>N \t<\/p>\n<li>Il punto d&#039;incontro verr\u00e0 ricevuto dopo il processo di prenotazione.<\/li>\n<p>N \t<\/p>\n<li>I bambini devono essere accompagnati da un adulto.<\/li>\n<p>N \t<\/p>\n<li>Accessibile alle sedie a rotelle<\/li>\n<p>N \t<\/p>\n<li>I neonati devono sedersi sulle ginocchia<\/li>\n<p>N \t<\/p>\n<li>La maggior parte dei viaggiatori pu\u00f2 partecipare<\/li>\n<p>N<\/ol>\n<p>N<\/p>\n<h4><b><i>Politica di cancellazione<\/i><\/b><\/h4>\n<p>nPer un rimborso completo, annulla almeno 7 giorni prima della data di inizio dell&#039;esperienza.<a href=\"https:\/\/www.boattoursamana.com\/it\/prenotazione-online\/\"> clicca qui<\/a> per vedere le politiche.<br \/>\nN<br \/>\nN<\/div>\n<p>N\n<\/p><\/div>\n<p>N\n<\/p><\/div>\n<p>N\n<\/p><\/div>\n<p>N\n<\/p><\/div>\n<p>N\n<\/p><\/div>\n<p>N\n<\/p><\/div>\n<p>N\n<\/p><\/div>\n<p>N\n<\/p><\/div>\n<p>N\n<\/p><\/div>\n<p>N\n<\/p><\/div>\n<p>N\n<\/p><\/div>\n<p>N<\/p>\n<div class=\"vc_row wpb_row vc_row-fluid\">\nN<\/p>\n<div class=\"wpb_column vc_column_container vc_col-sm-12\">\nN<\/p>\n<div class=\"vc_column-inner\">\nN<\/p>\n<div class=\"wpb_wrapper\">\nN<\/p>\n<div class=\"vc_empty_space\"><\/div>\n<p>N<\/p>\n<div class=\"wpb_text_column wpb_content_element\">\nN<\/p>\n<div class=\"wpb_wrapper\">\nN<\/p>\n<h4>Contattaci?<\/h4>\n<p>N<\/p>\n<h5><b><i>TOUR BALENE SAMANA<\/i><\/b><\/h5>\n<p>N<em><strong>Gente del posto<\/strong>\u00a0E\u00a0<strong>Nazionali<\/strong>\u00a0Guide turistiche e servizi per gli ospiti<\/em><br \/>\nN<br \/>\nN<span class=\"text-turquoise\">Prenotazioni:<\/span>\u00a0\u00a0Tours ed escursioni a Dom. Rappresentanti.<br \/>\nN<br \/>\nnTel\/Whatsapp\u00a0\u00a0\u00a0<a href=\"tel:+1-809-720-6035\">+ 1-809-720-6035<\/a>\u00a0.<br \/>\nN<br \/>\nN \u00a0<a href=\"mailto:info@bookingadventures.com.do\">info@bookingadventures.com.do<\/a><br \/>\nN<br \/>\nN<strong>Siamo tour privati con configurazione flessibile tramite Whatsapp:\u00a0\u00a0<a href=\"tel:+18097206035\">+18097206035.<\/a><\/strong><br \/>\nN<br \/>\nN<\/div>\n<p>N\n<\/p><\/div>\n<p>N\n<\/p><\/div>\n<p>N\n<\/p><\/div>\n<p>N\n<\/p><\/div>\n<p>N\n<\/p><\/div>\n<p>N<\/p>\n\n\t\t<\/div>\n\t<\/div>\n<\/div><\/div><\/div><div class=\"vc_row wpb_row vc_row-fluid\" ><div class=\"wpb_column vc_column_container vc_col-sm-12\"><div class=\"vc_column-inner\"><div class=\"wpb_wrapper\"><div class=\"vc_btn3-container vc_btn3-inline\" ><button class=\"vc_general vc_btn3 vc_btn3-size-md vc_btn3-shape-rounded vc_btn3-style-modern vc_btn3-color-green\">PRENOTA ORA<\/button><\/div><\/div><\/div><\/div><\/div>","protected":false},"excerpt":{"rendered":"<p>From the Punta Cana hotels, we&#8217;ll enjoy the beautiful landscapes of the Oriental Mountain Range as we drive north of Punta Cana before arriving in the small fishing village of Miches at the southern shores of Samana Bay. There you will enjoy a quick breakfast prior to boarding the boat to Samana. We&#8217;ll cruise deep into the bay to whale watch. We will first reach Cayo Levantado, also known as Bacardi Island because of its close resemblance to the beaches [&hellip;]<\/p>\n","protected":false},"author":2,"featured_media":0,"parent":0,"menu_order":0,"comment_status":"open","ping_status":"closed","template":"","meta":{"footnotes":""},"class_list":["post-15778","page","type-page","status-publish","hentry"],"_links":{"self":[{"href":"https:\/\/www.boattoursamana.com\/it\/wp-json\/wp\/v2\/pages\/15778","targetHints":{"allow":["GET"]}}],"collection":[{"href":"https:\/\/www.boattoursamana.com\/it\/wp-json\/wp\/v2\/pages"}],"about":[{"href":"https:\/\/www.boattoursamana.com\/it\/wp-json\/wp\/v2\/types\/page"}],"author":[{"embeddable":true,"href":"https:\/\/www.boattoursamana.com\/it\/wp-json\/wp\/v2\/users\/2"}],"replies":[{"embeddable":true,"href":"https:\/\/www.boattoursamana.com\/it\/wp-json\/wp\/v2\/comments?post=15778"}],"version-history":[{"count":0,"href":"https:\/\/www.boattoursamana.com\/it\/wp-json\/wp\/v2\/pages\/15778\/revisions"}],"wp:attachment":[{"href":"https:\/\/www.boattoursamana.com\/it\/wp-json\/wp\/v2\/media?parent=15778"}],"curies":[{"name":"wp","href":"https:\/\/api.w.org\/{rel}","templated":true}]}}