{"id":15788,"date":"2023-07-15T07:43:40","date_gmt":"2023-07-15T07:43:40","guid":{"rendered":"https:\/\/www.ticketswhales.com\/saona-island-private-tour-from-la-romana-hotels-la-romana-lobby\/"},"modified":"2023-07-15T07:43:40","modified_gmt":"2023-07-15T07:43:40","slug":"saona-island-private-tour-from-la-romana-hotels-la-romana-lobby","status":"publish","type":"page","link":"https:\/\/www.boattoursamana.com\/it\/tour-privato-dellisola-di-saona-dagli-hotel-la-romana-la-romana-lobby","title":{"rendered":"Tour privato dell&#039;isola di Saona dagli hotel La Romana - La Romana Lobby"},"content":{"rendered":"<p><span style=\"vertical-align: inherit;\"><span style=\"vertical-align: inherit;\">Pase de un d\u00eda a la isla Saona desde el puerto de Bayahibe. <\/span><span style=\"vertical-align: inherit;\">Almuerzo e piscine naturali incluse. <\/span><span style=\"vertical-align: inherit;\">In caso di necessit\u00e0 traslado da qualsiasi parte della Repubblica Dominicana. <\/span><span style=\"vertical-align: inherit;\">Contattateci semplicemente e tengamos la migliore esperienza sull&#039;Isola di Saona.<\/span><\/span><br \/>\nN<br \/>\nN&Nbsp;<br \/>\nN<br \/>\nN<em><strong><span style=\"vertical-align: inherit;\"><span style=\"vertical-align: inherit;\">Selezionare la data per il tour\u00a0<\/span><\/span><\/strong><\/em><\/p>\n<p>&nbsp;<\/p>\n<div class=\"vc_row wpb_row vc_row-fluid\" ><div class=\"wpb_column vc_column_container vc_col-sm-12\"><div class=\"vc_column-inner\"><div class=\"wpb_wrapper\"><div class=\"vc_btn3-container vc_btn3-inline\" ><button class=\"vc_general vc_btn3 vc_btn3-size-md vc_btn3-shape-rounded vc_btn3-style-modern vc_btn3-color-green\">PRENOTA ORA<\/button><\/div>\n\t<div class=\"wpb_text_column wpb_content_element\" >\n\t\t<div class=\"wpb_wrapper\">\n\t\t\t<p>\nN<\/p>\n<h2><b><i>Viaggio privato sull&#039;isola di Saona\u00a0<\/i><\/b><\/h2>\n<p>N<\/p>\n<h4><b><i>Panoramica<\/i><\/b><\/h4>\n<p>N<\/p>\n<div>La partenza in Barche \u00e8 dal molo principale di <strong>Bayahibe<\/strong> alle 9:00 e ritorno alle 17:00. Se\u00a0<b>(stai aggiungendo un trasferimento privato da altre partenze a questo tempo di viaggio potrebbe cambiare)<\/b> <span style=\"font-size: 16px;\">Questo viaggio ti porta nelle migliori spiagge di <strong>Isola di Saona<\/strong> (Isla Saona) partendo dalla citt\u00e0 di Bayahibe, il tuo pranzo sar\u00e0 sull&#039;isola e ti fermerai alle piscine naturali del<strong> Parco Nazionale Cotubanama<\/strong>. Goditi la bellissima costa sud-orientale della Repubblica Dominicana, dove dopo aver preso la barca navigherai lungo la costa osservando le diverse spiagge, paesaggi, mangrovie e formazioni calcaree di questo luogo unico.\u00a0<\/span><\/div>\n<p>N<\/p>\n<div>\nN<br \/>\nN<span style=\"font-weight: 400;\">Per raggiungere l&#039;isola ci vogliono circa 45 minuti e durante il tour avrai la possibilit\u00e0 di vedere <strong>Mano Juan<\/strong>, che \u00e8 l&#039;unica comunit\u00e0 stabilita sull&#039;isola, in questo stesso posto avrai la possibilit\u00e0 di pranzare, nel caso in cui non arrivi a Mano Juan, visiterai diverse spiagge della zona e il pranzo sar\u00e0 sulla spiaggia, avrai anche l&#039;opportunit\u00e0 di fare snorkeling sull&#039;isola.<\/span><br \/>\nN<br \/>\nN<span style=\"font-weight: 400;\">Una volta terminato il tuo viaggio nelle diverse localit\u00e0 dell&#039;isola, tornerai al luogo in cui incontrerai la guida turistica.<\/span><br \/>\nN<\/p>\n<ul>\nN \t<\/p>\n<li style=\"font-weight: 400;\"><span style=\"font-weight: 400;\">Include pranzo a buffet sulla spiaggia.<\/span><\/li>\n<p>N \t<\/p>\n<li style=\"font-weight: 400;\"><span style=\"font-weight: 400;\">Piscina naturale<\/span><\/li>\n<p>N \t<\/p>\n<li style=\"font-weight: 400;\"><span style=\"font-weight: 400;\">Trasferimento in barca o catamarano<\/span><\/li>\n<p>N \t<\/p>\n<li style=\"font-weight: 400;\"><span style=\"font-weight: 400;\">Il Capitano fornisce istruzioni e supervisione<\/span><\/li>\n<p>N<\/ul>\n<p>N\n<\/p><\/div>\n<p>N&Nbsp;<br \/>\nN<\/p>\n<h2><b>Inclusioni ed esclusioni<\/b><\/h2>\n<p>N<b>Inclusioni<\/b><br \/>\nN<\/p>\n<ol>\nN \t<\/p>\n<li>Gita in motoscafo o catamarano (tutto dipende dalle dimensioni del gruppo)<\/li>\n<p>N \t<\/p>\n<li style=\"font-weight: 400;\"><span style=\"font-weight: 400;\">Pranzo a buffet sulla spiaggia<\/span><\/li>\n<p>N \t<\/p>\n<li>Piscina naturale<\/li>\n<p>N \t<\/p>\n<li style=\"font-weight: 400;\"><span style=\"font-weight: 400;\">Tutte le tasse, commissioni e spese di gestione<\/span><\/li>\n<p>N \t<\/p>\n<li style=\"font-weight: 400;\"><span style=\"font-weight: 400;\">Tasse locali<\/span><\/li>\n<p>N \t<\/p>\n<li style=\"font-weight: 400;\"><span style=\"font-weight: 400;\">Bevande<\/span><\/li>\n<p>N<\/ol>\n<p>N<b> Esclusioni<\/b><br \/>\nN<\/p>\n<ol>\nN \t<\/p>\n<li style=\"font-weight: 400;\"><span style=\"font-weight: 400;\">Mance<\/span><\/li>\n<p>N \t<\/p>\n<li>Guida locale<\/li>\n<p>N<\/ol>\n<p>N&Nbsp;<br \/>\nN<\/p>\n<h4><em><strong>Partenza e ritorno<\/strong><\/em><\/h4>\n<p>N<span style=\"font-weight: 400;\">Abbiamo un programma progettato per venirti a prendere e lasciarti in base alla zona in cui ti trovi. <\/span><span style=\"font-weight: 400;\">Il viaggiatore otterr\u00e0 un punto d&#039;incontro dopo il processo di prenotazione. I tour iniziano e finiscono nei nostri punti di incontro.<\/span><br \/>\nN<br \/>\nN&Nbsp;<br \/>\nN<\/p>\n<h4><b><i>Cosa aspettarsi?<\/i><\/b><\/h4>\n<p>N&Nbsp;<br \/>\nN<br \/>\nN<em><strong>Ottieni i tuoi biglietti<\/strong><\/em> per un pass giornaliero sull&#039;isola di Saona (Isla Saona) a Bayahibe pi\u00f9 un meraviglioso pranzo e tempo in spiaggia.<br \/>\nN<br \/>\nN<span style=\"font-weight: 400;\">La Gita di un Giorno, organizzata da \u201cBooking Adventures\u201d, inizia al punto di incontro stabilito con la Guida Turistica. <\/span>Pranzo in spiaggia e potrai restare tutto il tempo che vorrai nuotando. Se sei vegano, possiamo anche prepararti del cibo.<br \/>\nN<br \/>\nnThis Boat trip start in Bayahibe but we offer Private Transfer for additional cost depend where is the Group.<br \/>\nN<br \/>\nN<strong>Orario:<\/strong><br \/>\nN<br \/>\nn7:45 AM &#8211; 6:00 PM<br \/>\nN<br \/>\nN&Nbsp;<br \/>\nN<\/p>\n<h4><em><strong>Cosa dovresti portare?<\/strong><\/em><\/h4>\n<p>N<\/p>\n<ul>\nN \t<\/p>\n<li style=\"font-weight: 400;\"><span style=\"font-weight: 400;\">Telecamera<\/span><\/li>\n<p>N \t<\/p>\n<li style=\"font-weight: 400;\"><span style=\"font-weight: 400;\">Boccioli repellenti<\/span><\/li>\n<p>N \t<\/p>\n<li style=\"font-weight: 400;\"><span style=\"font-weight: 400;\">crema solare<\/span><\/li>\n<p>N \t<\/p>\n<li style=\"font-weight: 400;\"><span style=\"font-weight: 400;\">Cappello<\/span><\/li>\n<p>N \t<\/p>\n<li style=\"font-weight: 400;\"><span style=\"font-weight: 400;\">Pantaloni comodi<\/span><\/li>\n<p>N \t<\/p>\n<li style=\"font-weight: 400;\"><span style=\"font-weight: 400;\">Scarpe da trekking per la foresta<\/span><\/li>\n<p>N \t<\/p>\n<li style=\"font-weight: 400;\"><span style=\"font-weight: 400;\">Sandali per la spiaggia<\/span><\/li>\n<p>N \t<\/p>\n<li style=\"font-weight: 400;\"><span style=\"font-weight: 400;\">Abbigliamento da bagno<\/span><\/li>\n<p>N \t<\/p>\n<li>Contanti per souvenir<\/li>\n<p>N<\/ul>\n<p>N&Nbsp;<br \/>\nN<\/p>\n<h2><b><i>Prelievo dall&#039;hotel per la gita di un giorno all&#039;Isola di Saona<\/i><\/b><\/h2>\n<p>N<span style=\"font-weight: 400;\">Questo \u00e8 il programma che abbiamo impostato in base alle tue posizioni. Fateci sapere il vostro hotel specifico e vi contatteremo per dirvi dove ci incontreremo. Queste opzioni di trasferimento applicano un costo aggiuntivo. Questo viaggio inizia a Bayahibe.<\/span><br \/>\nN<\/p>\n<table style=\"height: 487px;\" width=\"420\">\nN<\/p>\n<tbody>\nN<\/p>\n<tr>\nN<\/p>\n<td><b>Posto<\/b><\/td>\n<p>N<\/p>\n<td><b>Tempo<\/b><\/td>\n<p>N<\/tr>\n<p>N<\/p>\n<tr>\nN<\/p>\n<td><b>Punta Cana<\/b><\/td>\n<p>N<\/p>\n<td><b>7:45<\/b><\/td>\n<p>N<\/tr>\n<p>N<\/p>\n<tr>\nN<\/p>\n<td><b>Bavaro<\/b><\/td>\n<p>N<\/p>\n<td><b>07:30<\/b><\/td>\n<p>N<\/tr>\n<p>N<\/p>\n<tr>\nN<\/p>\n<td><b>Uvero Altos<\/b><\/td>\n<p>N<\/p>\n<td><b>7:00<\/b><\/td>\n<p>N<\/tr>\n<p>N<\/p>\n<tr>\nN<\/p>\n<td><b>Club Med<\/b><\/td>\n<p>N<\/p>\n<td><b>7:00<\/b><\/td>\n<p>N<\/tr>\n<p>N<\/p>\n<tr>\nN<\/p>\n<td><b>Boca Chica<\/b><\/td>\n<p>N<\/p>\n<td><b>7:00<\/b><\/td>\n<p>N<\/tr>\n<p>N<\/p>\n<tr>\nN<\/p>\n<td><b>Santo Domingo<\/b><\/td>\n<p>N<\/p>\n<td><b>6:40<\/b><\/td>\n<p>N<\/tr>\n<p>N<\/p>\n<tr>\nN<\/p>\n<td><b>Juan Dolio<\/b><\/td>\n<p>N<\/p>\n<td><b>7:00<\/b><\/td>\n<p>N<\/tr>\n<p>N<\/tbody>\n<p>N<\/table>\n<p>N&Nbsp;<br \/>\nN<br \/>\nN<b>Nota:<\/b><span style=\"font-weight: 400;\"> se prenoti entro 24 ore dall&#039;orario di partenza del tour\/dell&#039;escursione, possiamo organizzare il prelievo in hotel con costi aggiuntivi. Una volta completato l&#039;acquisto, ti invieremo le informazioni di contatto complete (numero di telefono, indirizzo e-mail, ecc.) affinch\u00e9 la nostra guida turistica locale possa organizzare le modalit\u00e0 di ritiro.<\/span><br \/>\nN<\/p>\n<h4><b><i>Conferma di informazioni aggiuntive <\/i><\/b><\/h4>\n<p>N<\/p>\n<ol>\nN \t<\/p>\n<li>I biglietti rappresentano la ricevuta dopo aver pagato questo tour. Puoi mostrare il pagamento sul tuo telefono.<\/li>\n<p>N \t<\/p>\n<li style=\"font-weight: 400;\"><span style=\"font-weight: 400;\">Il punto d&#039;incontro verr\u00e0 ricevuto dopo il processo di prenotazione.<\/span><\/li>\n<p>N \t<\/p>\n<li style=\"font-weight: 400;\"><span style=\"font-weight: 400;\">I bambini devono essere accompagnati da un adulto.<\/span><\/li>\n<p>N \t<\/p>\n<li style=\"font-weight: 400;\"><span style=\"font-weight: 400;\">Accessibile alle sedie a rotelle <\/span><\/li>\n<p>N \t<\/p>\n<li style=\"font-weight: 400;\"><span style=\"font-weight: 400;\">I neonati devono sedersi sulle ginocchia <\/span><\/li>\n<p>N \t<\/p>\n<li style=\"font-weight: 400;\"><span style=\"font-weight: 400;\">La maggior parte dei viaggiatori pu\u00f2 partecipare<\/span><\/li>\n<p>N<\/ol>\n<p>N<\/p>\n<h4><b><i>Politica di cancellazione<\/i><\/b><\/h4>\n<p>Per un rimborso completo, leggi le nostre politiche di cancellazione\u00a0<a href=\"https:\/\/www.boattoursamana.com\/it\/prenotazione-online\/\" target=\"_blank\" rel=\"noopener\" data-saferedirecturl=\"https:\/\/www.google.com\/url?q=https:\/\/www.boattoursamana.com\/online-booking\/&amp;source=gmail&amp;ust=1672449202351000&amp;usg=AOvVaw1yAeVAPktmaVCqDujgUn90\">clicca qui<\/a>. I fondi andranno persi se la prenotazione viene cancellata lo stesso giorno del viaggio.<br \/>\nN<br \/>\nnNOTE:\u00a0If you would like to do this excursion and would like to know some more details you can<a href=\"mailto:info@bookingadventures.com.do\">\u00a0contattaci tramite e-mail<\/a>l<strong>\u00a0<\/strong>oppure attraverso il nostro servizio diretto chat Whatsapp a questo numero:\u00a0<strong>+1 809-720-6035<\/strong>. Ti risponderemo immediatamente e possiamo farti un&#039;offerta adattando il prezzo in base al numero di persone.<br \/>\nN<br \/>\nn(We require a minimum of 4 people to arrange the tour privately. For less people we can arrange a semi-private tour with maximum 15 people).<br \/>\nN<\/p>\n<div id=\"gtx-trans\" style=\"position: absolute; left: -1px; top: 1055.03px;\">\nN<\/p>\n<div class=\"gtx-trans-icon\"><\/div>\n<p>N\n<\/p><\/div>\n<p>N<\/p>\n\n\t\t<\/div>\n\t<\/div>\n<\/div><\/div><\/div><\/div><div class=\"vc_row wpb_row vc_row-fluid\" ><div class=\"wpb_column vc_column_container vc_col-sm-12\"><div class=\"vc_column-inner\"><div class=\"wpb_wrapper\"><div class=\"vc_btn3-container vc_btn3-inline\" ><button class=\"vc_general vc_btn3 vc_btn3-size-md vc_btn3-shape-rounded vc_btn3-style-modern vc_btn3-color-green\">PRENOTA ORA<\/button><\/div><\/div><\/div><\/div><\/div><div class=\"vc_row wpb_row vc_row-fluid\" ><div class=\"wpb_column vc_column_container vc_col-sm-12\"><div class=\"vc_column-inner\"><div class=\"wpb_wrapper\"><div class=\"vc_empty_space\"   style=\"height: 32px\"><span class=\"vc_empty_space_inner\"><\/span><\/div>\n\t<div class=\"wpb_video_widget wpb_content_element vc_clearfix   vc_video-aspect-ratio-169 vc_video-el-width-100 vc_video-align-left\" >\n\t\t<div class=\"wpb_wrapper\">\n\t\t\t<h2 class=\"wpb_heading wpb_video_heading\">Video di tour ed escursioni dell&#039;isola di Saona:<\/h2>\n\t\t\t<div class=\"wpb_video_wrapper\"><iframe loading=\"lazy\" title=\"Intera giornata all&#039;Isola di Saola con Booking Adventures, Viaggia nella Repubblica Dominicana\" width=\"1100\" height=\"619\" src=\"https:\/\/www.youtube.com\/embed\/sas91N4zMHo?feature=oembed\" frameborder=\"0\" allow=\"accelerometer; autoplay; clipboard-write; encrypted-media; gyroscope; picture-in-picture; web-share\" allowfullscreen><\/iframe><\/div>\n\t\t<\/div>\n\t<\/div>\n<div class=\"vc_empty_space\"   style=\"height: 32px\"><span class=\"vc_empty_space_inner\"><\/span><\/div><\/div><\/div><\/div><\/div><div class=\"vc_row wpb_row vc_row-fluid\" ><\/div><div class=\"wpb_column vc_column_container vc_col-sm-12\"><div class=\"vc_column-inner\"><div class=\"wpb_wrapper\"><\/div><\/div><\/div><div class=\"vc_empty_space\"   style=\"height: 32px\"><span class=\"vc_empty_space_inner\"><\/span><\/div>\n\t<div class=\"wpb_text_column wpb_content_element\" >\n\t\t<div class=\"wpb_wrapper\">\n\t\t\t<p>\nN<br \/>\nSono un blocco di testo. Fare clic sul pulsante Modifica per modificare questo testo. Lorem ipsum dolor sit amet, consectetur adipiscing elit. Ut elit tellus, luctus nec ullamcorper mattis, pulvinar dapibus leo.<br \/>\nN<br \/>\nN<\/p>\n\n\t\t<\/div>\n\t<\/div>\n<div class=\"vc_empty_space\"   style=\"height: 32px\"><span class=\"vc_empty_space_inner\"><\/span><\/div>","protected":false},"excerpt":{"rendered":"<p>Un passaggio di un giorno sull&#039;isola di Saona dal porto di Bayahibe. Almuerzo e piscine naturali incluse. In caso di necessit\u00e0 traslado da qualsiasi parte della Repubblica Dominicana. Contattateci semplicemente e tengamos la migliore esperienza sull&#039;Isola di Saona. n n n nSeleccione la fecha para el tour\u00a0 &nbsp;<\/p>","protected":false},"author":2,"featured_media":0,"parent":0,"menu_order":0,"comment_status":"open","ping_status":"closed","template":"","meta":{"footnotes":""},"class_list":["post-15788","page","type-page","status-publish","hentry"],"_links":{"self":[{"href":"https:\/\/www.boattoursamana.com\/it\/wp-json\/wp\/v2\/pages\/15788","targetHints":{"allow":["GET"]}}],"collection":[{"href":"https:\/\/www.boattoursamana.com\/it\/wp-json\/wp\/v2\/pages"}],"about":[{"href":"https:\/\/www.boattoursamana.com\/it\/wp-json\/wp\/v2\/types\/page"}],"author":[{"embeddable":true,"href":"https:\/\/www.boattoursamana.com\/it\/wp-json\/wp\/v2\/users\/2"}],"replies":[{"embeddable":true,"href":"https:\/\/www.boattoursamana.com\/it\/wp-json\/wp\/v2\/comments?post=15788"}],"version-history":[{"count":0,"href":"https:\/\/www.boattoursamana.com\/it\/wp-json\/wp\/v2\/pages\/15788\/revisions"}],"wp:attachment":[{"href":"https:\/\/www.boattoursamana.com\/it\/wp-json\/wp\/v2\/media?parent=15788"}],"curies":[{"name":"wp","href":"https:\/\/api.w.org\/{rel}","templated":true}]}}