{"id":15798,"date":"2023-07-15T07:43:59","date_gmt":"2023-07-15T07:43:59","guid":{"rendered":"https:\/\/www.ticketswhales.com\/bahia-de-las-aguilas-beach-day-trip-by-boat-day-pass-pedernales\/"},"modified":"2023-07-15T07:43:59","modified_gmt":"2023-07-15T07:43:59","slug":"bahia-de-las-aguilas-beach-day-trip-by-boat-day-pass-pedernales","status":"publish","type":"page","link":"https:\/\/www.boattoursamana.com\/it\/gita-di-un-giorno-alla-spiaggia-di-bahia-de-las-aguilas-con-il-pass-giornaliero-in-barca-pedernales","title":{"rendered":"Bah\u00eda de las Aguilas: Gita di un giorno in spiaggia in barca \u2013 Pass giornaliero \u2013 Pedernales"},"content":{"rendered":"<p><span style=\"vertical-align: inherit;\"><span style=\"vertical-align: inherit;\">Compre un boleto de un d\u00eda a Bah\u00eda las \u00c1guilas desde las \u00e1reas de Pedernales. <\/span><span style=\"vertical-align: inherit;\">Disfruta de un d\u00eda de playa y deja fluir el \u00e1nimo, lejos de las zonas tur\u00edsticas y de todo el estr\u00e9s. <\/span><span style=\"vertical-align: inherit;\">Ven y descubre el Parque Nacional Jaragua y Bah\u00eda de las \u00c1guilas. <\/span><span style=\"vertical-align: inherit;\">Conduzca por una hermosa carretera con impresionantes vistas del peque\u00f1o puerto y el pueblo pesquero de Cabo Rojo. <\/span><span style=\"vertical-align: inherit;\">En Las Cuevas, abordar\u00e1 un bote que lo llevar\u00e1 en un viaje de 15 minutos a una de las playas naturales m\u00e1s hermosas del mundo. <\/span><span style=\"vertical-align: inherit;\">Las arenas de la Bah\u00eda de las \u00c1guilas son v\u00edrgenes y la bah\u00eda cubre 8 km. <\/span><span style=\"vertical-align: inherit;\">Experimente un paisaje costero excepcional con aguas cristalinas que brillan en tonos que van del turquesa al azul \u00f3palo que se derrite en el horizonte. <\/span><span style=\"vertical-align: inherit;\">El almuerzo se sirve en la playa, nadar o bucear y explorar este para\u00edso natural virgen.<\/span><\/span><br \/>\nN<br \/>\nN&Nbsp;<br \/>\nN<br \/>\nN<strong><span style=\"vertical-align: inherit;\"><span style=\"vertical-align: inherit;\">Selezionare il giorno per questo viaggio:<\/span><\/span><\/strong><\/p>\n<p>&nbsp;<\/p>\n<div class=\"vc_row wpb_row vc_row-fluid\" ><div class=\"wpb_column vc_column_container vc_col-sm-12\"><div class=\"vc_column-inner\"><div class=\"wpb_wrapper\"><div class=\"mkdf-section-title-holder\" style=\"text-align: left\">\n\t<div class=\"mkdf-st-inner\">\n\t\t\t\t\t<h5 class=\"mkdf-st-subtitle\" >\n\t\t\t\tPass giornaliero: snorkeling e pranzo\t\t\t<\/h5>\n\t\t\t\t\t\t\t<h3 class=\"mkdf-st-title\" >\n\t\t\t\tBah\u00eda de las Aguilas: gita di un giorno in spiaggia in barca\t\t\t<\/h3>\n\t\t\t\t\t<\/div>\n<\/div><\/div><\/div><\/div><\/div><div class=\"vc_row wpb_row vc_row-fluid\" ><div class=\"wpb_column vc_column_container vc_col-sm-12\"><div class=\"vc_column-inner\"><div class=\"wpb_wrapper\">\n\t<div class=\"wpb_text_column wpb_content_element\" >\n\t\t<div class=\"wpb_wrapper\">\n\t\t\t<p>\nN<\/p>\n<h4><b><i>Panoramica<\/i><\/b><\/h4>\n<p>Goditi una giornata in spiaggia e lascia fluire il tuo spirito, lontano dalle zone turistiche e dallo stress. Vieni a scoprire il Parco Nazionale Jaragua e Bahia de las \u00c1guilas. Percorri una bellissima strada con viste mozzafiato sul piccolo porto e sul villaggio di pescatori di Cabo Rojo. A Las Cuevas sali a bordo di una barca che ti porta in 15 minuti in una delle spiagge naturali pi\u00f9 belle del mondo. La sabbia di Bah\u00eda de las Aguilas \u00e8 incontaminata e la baia si estende per 8 km. Scopri un paesaggio costiero eccezionale con acque cristalline che brillano in sfumature che vanno dal turchese al blu opale che si fonde con l&#039;orizzonte. Il pranzo viene servito in spiaggia, potrete nuotare o fare snorkeling ed esplorare questo paradiso naturale incontaminato.<br \/>\nN<br \/>\nN&Nbsp;<br \/>\nN<\/p>\n<ul>\nN \t<\/p>\n<li>Guida locale con esperienza in materia di sicurezza nella zona.<\/li>\n<p>N \t<\/p>\n<li>Trasporto privato<\/li>\n<p>N \t<\/p>\n<li>Commissioni incluse<\/li>\n<p>N \t<\/p>\n<li>Pranzo<\/li>\n<p>N \t<\/p>\n<li>Guida turistica locale in spagnolo, inglese o francese.<\/li>\n<p>N \t<\/p>\n<li>Escursionismo<\/li>\n<p>N \t<\/p>\n<li>Snorkeling<\/li>\n<p>N<\/ul>\n<p>N<\/p>\n<h4><b>Inclusioni ed esclusioni<\/b><\/h4>\n<p>N&Nbsp;<br \/>\nN<br \/>\nN<b>Inclusioni<\/b><br \/>\nN<\/p>\n<ol>\nN \t<\/p>\n<li>Guida locale con esperienza in materia di sicurezza nella zona.<\/li>\n<p>N \t<\/p>\n<li>Trasporto privato per piccoli gruppi<\/li>\n<p>N \t<\/p>\n<li>Tutte le tasse, commissioni e spese di gestione<\/li>\n<p>N \t<\/p>\n<li>Tasse locali<\/li>\n<p>N \t<\/p>\n<li>Pranzo<\/li>\n<p>N \t<\/p>\n<li>Escursionismo<\/li>\n<p>N \t<\/p>\n<li>Piscine naturali<\/li>\n<p>N \t<\/p>\n<li>Snorkeling<\/li>\n<p>N \t<\/p>\n<li>Tutte le attivit\u00e0<\/li>\n<p>N<\/ol>\n<p>N<b>Esclusioni<\/b><br \/>\nN<\/p>\n<ol>\nN \t<\/p>\n<li>Mance<\/li>\n<p>N \t<\/p>\n<li>Tutte le bevande<\/li>\n<p>N<\/ol>\n<p>N<\/p>\n<h4><em><strong>Partenza e ritorno<\/strong><\/em><\/h4>\n<p>Il viaggiatore otterr\u00e0 un punto d&#039;incontro dopo il processo di prenotazione. I tour iniziano e finiscono nei nostri punti di incontro.<br \/>\nN<\/p>\n<h2 class=\"styles__heading___mD4_3\" data-radium=\"true\">Bah\u00eda de las Aguilas: gita di un giorno in spiaggia in barca - Pass giornaliero - Snorkeling e pranzo<\/h2>\n<p>N<\/p>\n<h4><em>Cosa aspettarsi?<\/em><\/h4>\n<p>Playa de las Aguilas prende il nome dall&#039;aquila indigena. Il tour \u00e8 in trasporto privato da Bahia de las Aguilas dove ti permette di scoprire le meraviglie naturali di questa spiaggia afrodisiaca in un modo molto diverso e sostenibile. Trascorri la giornata in un tour naturalistico della parte meridionale del paese dove conoscerai la Bahia de las Aguila, una delle spiagge pi\u00f9 belle della Repubblica Dominicana, dove arriveremo in motoscafo a questa spiaggia paradisiaca, una zona completamente tutelato dalla normativa ambientale. Trascorri un momento di relax a Bahia de las Aguilas, una riserva naturale disabitata e parco nazionale, e goditi un pranzo in stile barbecue nelle grotte.<br \/>\nN<br \/>\nnThe calm sea and light wind will keep you from suffering too much from the sun and heat. Become an explorer for the day and discover an ecological, natural, and totally unspoiled paradise. You can observe more than 130 species of birds, 76 of which live permanently in the bay, 10 are endemic and 47 are migrants.<br \/>\nN<br \/>\nn08.30 \u2013 Departure from Meeting Point<br \/>\nn08.45 \u2013 Departure by boat from the village La Cueva to the Bahia de las Aguilas<br \/>\nn12.30 \u2013 Typical lunch on the beach<br \/>\nn03.00 \u2013 Return to La Cueva<br \/>\nn05.30 \u2013 Arrival at Meeting Point<br \/>\nN<\/p>\n<h4><em><strong>Cosa dovresti portare?<\/strong><\/em><\/h4>\n<p>N<\/p>\n<ul>\nN \t<\/p>\n<li>Telecamera<\/li>\n<p>N \t<\/p>\n<li>Boccioli repellenti<\/li>\n<p>N \t<\/p>\n<li>Crema solare<\/li>\n<p>N \t<\/p>\n<li>Acqua<\/li>\n<p>N \t<\/p>\n<li>Cappello<\/li>\n<p>N \t<\/p>\n<li>Pantaloni comodi<\/li>\n<p>N \t<\/p>\n<li>Scarpe da trekking per la foresta<\/li>\n<p>N \t<\/p>\n<li>Sandali per le zone primaverili.<\/li>\n<p>N \t<\/p>\n<li>Abbigliamento da bagno<\/li>\n<p>N<\/ul>\n<p>N&Nbsp;<br \/>\nN<\/p>\n<h4><b><i>Prelievo dall&#039;hotel<\/i><\/b><\/h4>\n<p>nHotel pick-up is offered for this tour with Extra Cost.<br \/>\nN<br \/>\nN<b>Nota:<\/b> Se prenoti entro 24 ore dall&#039;orario di partenza del tour\/escursione, possiamo organizzare il prelievo in hotel. Ritiriamo solo nella zona di Pedernales. Una volta completato l&#039;acquisto, ti invieremo le informazioni di contatto complete (numero di telefono, indirizzo e-mail, ecc.) affinch\u00e9 la nostra guida turistica locale possa organizzare le modalit\u00e0 di ritiro.<br \/>\nN<\/p>\n<h4><b><i>Conferma di informazioni aggiuntive<\/i><\/b><\/h4>\n<p>N<\/p>\n<ol>\nN \t<\/p>\n<li>I biglietti rappresentano la ricevuta dopo aver pagato questo tour. Puoi mostrare il pagamento sul tuo telefono.<\/li>\n<p>N \t<\/p>\n<li>Il punto d&#039;incontro verr\u00e0 ricevuto dopo il processo di prenotazione.<\/li>\n<p>N \t<\/p>\n<li>I bambini devono essere accompagnati da un adulto.<\/li>\n<p>N \t<\/p>\n<li>Non accessibile in sedia a rotelle<\/li>\n<p>N \t<\/p>\n<li>I neonati devono sedersi sulle ginocchia<\/li>\n<p>N \t<\/p>\n<li>Non raccomandato per viaggiatori con problemi alla schiena<\/li>\n<p>N \t<\/p>\n<li>Non raccomandato per i viaggiatori in gravidanza<\/li>\n<p>N \t<\/p>\n<li>Nessun problema cardiaco o altre condizioni mediche gravi<\/li>\n<p>N \t<\/p>\n<li>La maggior parte dei viaggiatori pu\u00f2 partecipare<\/li>\n<p>N<\/ol>\n<p>N<\/p>\n<h4><b><i>Politica di cancellazione<\/i><\/b><\/h4>\n<p>Per un rimborso completo, leggi le nostre politiche di cancellazione\u00a0<a href=\"https:\/\/www.boattoursamana.com\/it\/prenotazione-online\/\" target=\"_blank\" rel=\"noopener\" data-saferedirecturl=\"https:\/\/www.google.com\/url?q=https:\/\/www.boattoursamana.com\/online-booking\/&amp;source=gmail&amp;ust=1672449202351000&amp;usg=AOvVaw1yAeVAPktmaVCqDujgUn90\">clicca qui<\/a>. I fondi andranno persi se la prenotazione viene cancellata lo stesso giorno del viaggio.<\/p>\n\n\t\t<\/div>\n\t<\/div>\n<\/div><\/div><\/div><\/div>","protected":false},"excerpt":{"rendered":"<p>Compre un boleto de un d\u00eda a Bah\u00eda las \u00c1guilas desde las \u00e1reas de Pedernales. Disfruta de un d\u00eda de playa y deja fluir el \u00e1nimo, lejos de las zonas tur\u00edsticas y de todo el estr\u00e9s. Ven y descubre el Parque Nacional Jaragua y Bah\u00eda de las \u00c1guilas. Conduzca por una hermosa carretera con impresionantes vistas del peque\u00f1o puerto y el pueblo pesquero de Cabo Rojo. En Las Cuevas, abordar\u00e1 un bote que lo llevar\u00e1 en un viaje de 15 [&hellip;]<\/p>\n","protected":false},"author":2,"featured_media":0,"parent":0,"menu_order":0,"comment_status":"open","ping_status":"closed","template":"","meta":{"footnotes":""},"class_list":["post-15798","page","type-page","status-publish","hentry"],"_links":{"self":[{"href":"https:\/\/www.boattoursamana.com\/it\/wp-json\/wp\/v2\/pages\/15798","targetHints":{"allow":["GET"]}}],"collection":[{"href":"https:\/\/www.boattoursamana.com\/it\/wp-json\/wp\/v2\/pages"}],"about":[{"href":"https:\/\/www.boattoursamana.com\/it\/wp-json\/wp\/v2\/types\/page"}],"author":[{"embeddable":true,"href":"https:\/\/www.boattoursamana.com\/it\/wp-json\/wp\/v2\/users\/2"}],"replies":[{"embeddable":true,"href":"https:\/\/www.boattoursamana.com\/it\/wp-json\/wp\/v2\/comments?post=15798"}],"version-history":[{"count":0,"href":"https:\/\/www.boattoursamana.com\/it\/wp-json\/wp\/v2\/pages\/15798\/revisions"}],"wp:attachment":[{"href":"https:\/\/www.boattoursamana.com\/it\/wp-json\/wp\/v2\/media?parent=15798"}],"curies":[{"name":"wp","href":"https:\/\/api.w.org\/{rel}","templated":true}]}}