{"id":15810,"date":"2023-07-15T07:44:18","date_gmt":"2023-07-15T07:44:18","guid":{"rendered":"https:\/\/www.ticketswhales.com\/altos-de-cano-hondo-mountain-bike-tour\/"},"modified":"2023-07-15T07:44:18","modified_gmt":"2023-07-15T07:44:18","slug":"altos-de-cano-hondo-mountain-bike-tour","status":"publish","type":"page","link":"https:\/\/www.boattoursamana.com\/it\/tour-in-mountain-bike-altos-de-cano-hondo","title":{"rendered":"Tour degli Altos de Ca\u00f1o Hondo + Mountain Bike"},"content":{"rendered":"<p><span style=\"font-weight: 400;\">Cano Hondo \u00e8 un nome dato dagli agricoltori locali della zona e questo nome deriva dal tipo di geografia del luogo, questo posto \u00e8 sotto il livello del mare e ci sono piccole sorgenti come Jivales e Cano Hondo che provengono dal fiume sotterraneo direttamente da Montagna di Los Haitises.\u00a0<\/span><br \/>\nN<br \/>\nN&Nbsp;<br \/>\nN<br \/>\nN<span style=\"font-weight: 400;\"><span style=\"vertical-align: inherit;\"><span style=\"vertical-align: inherit;\">Durante esta parte de su viaje, visitar\u00e1 Altos de Cano Hondo, que se encuentra junto al Parque Nacional Los Haitises, uno de los parques nacionales m\u00e1s grandes del pa\u00eds con m\u00e1s de 1600 km2 y una de las formaciones de piedra caliza m\u00e1s grandes del mundo.\u00a0<\/span><\/span><\/span><br \/>\nN<br \/>\nN<span style=\"font-weight: 400;\"><span style=\"vertical-align: inherit;\"><span style=\"vertical-align: inherit;\">Despu\u00e9s de su recorrido a pie por Altos de Cano Hondo, prep\u00e1rese para saltar a las piscinas naturales antes del almuerzo y despu\u00e9s del almuerzo, regresar\u00e1 a Sabana de la Mar. Despu\u00e9s de 4 horas y media de actividades en Cano Hondo, regresaremos a Sabana. de la Mar, esta excursi\u00f3n finaliza en el mismo lugar en el que comenz\u00f3.<\/span><\/span><\/span><br \/>\nN<br \/>\nN<span style=\"font-weight: 400;\"><span style=\"vertical-align: inherit;\"><span style=\"vertical-align: inherit;\">D.<\/span><\/span><\/span><br \/>\nN<br \/>\nN&Nbsp;<br \/>\nN<br \/>\nN<strong><span style=\"vertical-align: inherit;\"><span style=\"vertical-align: inherit;\">Seleziona la data per il tour:<\/span><\/span><\/strong><\/p>\n<p>&nbsp;<\/p>\n<div class=\"vc_row wpb_row vc_row-fluid\" ><div class=\"wpb_column vc_column_container vc_col-sm-12\"><div class=\"vc_column-inner\"><div class=\"wpb_wrapper\"><div class=\"vc_empty_space\"   style=\"height: 32px\"><span class=\"vc_empty_space_inner\"><\/span><\/div><\/div><\/div><\/div><\/div><div class=\"vc_row wpb_row vc_row-fluid\" ><div class=\"wpb_column vc_column_container vc_col-sm-12\"><div class=\"vc_column-inner\"><div class=\"wpb_wrapper\"><\/div><\/div><\/div><\/div><div class=\"vc_row wpb_row vc_row-fluid\" ><div class=\"wpb_column vc_column_container vc_col-sm-12\"><div class=\"vc_column-inner\"><div class=\"wpb_wrapper\"><div class=\"vc_empty_space\"   style=\"height: 32px\"><span class=\"vc_empty_space_inner\"><\/span><\/div><\/div><\/div><\/div><\/div><div class=\"vc_row wpb_row vc_row-fluid\" ><div class=\"wpb_column vc_column_container vc_col-sm-12\"><div class=\"vc_column-inner\"><div class=\"wpb_wrapper\"><div class=\"vc_btn3-container vc_btn3-inline\" ><button class=\"vc_general vc_btn3 vc_btn3-size-md vc_btn3-shape-rounded vc_btn3-style-modern vc_btn3-color-green\">PRENOTA ORA<\/button><\/div>\n\t<div class=\"wpb_text_column wpb_content_element\" >\n\t\t<div class=\"wpb_wrapper\">\n\t\t\t<p>\nN<\/p>\n<h4><b><i>Panoramica<\/i><\/b><\/h4>\n<p>N<span style=\"font-weight: 400;\">Viaggia con un esperto locale e vivi l&#039;esperienza unica di andare in bicicletta partendo da Sabana de la Mar, questo tour ti porter\u00e0 in giro per vedere lo splendido paesaggio della campagna della Repubblica Dominicana. Mentre vai in bicicletta potrai dire ciao! ai contadini che vanno a cavallo o in moto verso la loro propriet\u00e0 e durante il tour potrai immergerti nell&#039;avventura e nella cultura locale di Sabana de la Mar. Questa citt\u00e0 fu fondata ufficialmente nel 1756 da circa undici (11) famiglie che vennero dalle Isole Canarie in Spagna. Le principali attivit\u00e0 economiche di Sabana de la Mar sono l&#039;agricoltura, l&#039;ecoturismo e la pesca.\u00a0<\/span><br \/>\nN<br \/>\nN&Nbsp;<br \/>\nN<br \/>\nN<span style=\"font-weight: 400;\">Inclusioni ed esclusioni<\/span><br \/>\nN<br \/>\nN&Nbsp;<br \/>\nN<br \/>\nN<span style=\"font-weight: 400;\">Inclusioni<\/span><br \/>\nN<br \/>\nN&Nbsp;<br \/>\nN<br \/>\nN<span style=\"font-weight: 400;\">Andare in bicicletta<\/span><br \/>\nN<br \/>\nnLunch with Locals<br \/>\nN<br \/>\nN<span style=\"font-weight: 400;\">Altos de Ca\u00f1o Hondo e piscine naturali<\/span><br \/>\nN<br \/>\nN<span style=\"font-weight: 400;\">Tutte le tasse, le commissioni e le spese di gestione<\/span><br \/>\nN<br \/>\nN<span style=\"font-weight: 400;\">Tasse locali<\/span><br \/>\nN<br \/>\nN<span style=\"font-weight: 400;\">Guide turistiche ecologiste ufficiali inglese\/spagnolo<\/span><br \/>\nN<br \/>\nN&Nbsp;<br \/>\nN<br \/>\nN<span style=\"font-weight: 400;\">Esclusioni<\/span><br \/>\nN<br \/>\nN&Nbsp;<br \/>\nN<br \/>\nN<span style=\"font-weight: 400;\">Mance<\/span><br \/>\nN<br \/>\nN<span style=\"font-weight: 400;\">Trasferimento<\/span><br \/>\nN<br \/>\nN<span style=\"font-weight: 400;\">Bevanda<\/span><br \/>\nN<br \/>\nN&Nbsp;<br \/>\nN<br \/>\nN<span style=\"font-weight: 400;\">Partenza e ritorno<\/span><br \/>\nN<br \/>\nN&Nbsp;<br \/>\nN<br \/>\nN<span style=\"font-weight: 400;\">Il tour, organizzato da \u201cBooking Adventures\u201d inizia presso il punto di incontro concordato con la Guida Turistica. Il viaggiatore otterr\u00e0 un punto d&#039;incontro dopo il processo di prenotazione. I tour iniziano e finiscono nei nostri punti di incontro.<\/span><br \/>\nN<br \/>\nN&Nbsp;<br \/>\nN<br \/>\nN<span style=\"font-weight: 400;\">Cosa aspettarsi?<\/span><br \/>\nN<br \/>\nN<span style=\"font-weight: 400;\">Ottieni il tuo biglietto per Biking e Altos de Cano Hondo e piscine naturali da Sabana de la Mar<\/span><br \/>\nN<br \/>\nN&Nbsp;<br \/>\nN<br \/>\nN<span style=\"font-weight: 400;\">Questa escursione inizia dal punto d&#039;incontro che devi confermare con i nostri agenti di viaggio o con la tua guida turistica prima di dirigerti verso qualsiasi localit\u00e0. Una volta che incontrerai la guida, avrai un debriefing sul tour e su tutto ci\u00f2 che riguarda la tua giornata.<\/span><br \/>\nN<br \/>\nN<span style=\"font-weight: 400;\">Quando tutti saranno pronti, ci dirigeremo verso Altos de Cano Hondo e le piscine naturali dove inizierai un tour a piedi per supervisionare una delle 10 migliori destinazioni per l&#039;ecoturismo nel mondo secondo la rivista Forbes durante questa avventura imparerai a conoscere l&#039;architettura unica di questo ecolodge.\u00a0<\/span><br \/>\nN<br \/>\nN<span style=\"font-weight: 400;\">Cano Hondo \u00e8 un nome dato dagli agricoltori locali della zona e questo nome deriva dal tipo di geografia del luogo, questo posto \u00e8 sotto il livello del mare e ci sono piccole sorgenti come Jivales e Cano Hondo che provengono dal fiume sotterraneo direttamente da Montagna di Los Haitises.\u00a0<\/span><br \/>\nN<br \/>\nN<span style=\"font-weight: 400;\">Durante questa parte del tuo viaggio, visiterai Altos de Cano Hondo, che si trova vicino al Parco Nazionale Los Haitises, uno dei parchi nazionali pi\u00f9 grandi del paese con pi\u00f9 di 1600 km2 e una delle formazioni calcaree pi\u00f9 grandi del mondo.\u00a0<\/span><br \/>\nN<br \/>\nN&Nbsp;<br \/>\nN<br \/>\nN<span style=\"font-weight: 400;\">Dopo il tour a piedi sugli Altos de Cano Hondo, preparati a tuffarti nelle piscine naturali prima di pranzo e dopo pranzo, tornerai a Sabana de la Mar. Dopo 4 ore e mezza di attivit\u00e0 a Cano Hondo iniziamo a cavalcare la nostra montagna ritorno in bici a Sabana de la Mar, questa escursione termina nello stesso luogo in cui \u00e8 iniziata.<\/span><br \/>\nN<br \/>\nN&Nbsp;<br \/>\nN<br \/>\nN<span style=\"font-weight: 400;\">Nota: questi tour sono con guide turistiche ecologiste ufficiali. Si prega di prenotare per tempo perch\u00e9 nel parco non ci sono molti specialisti.<\/span><br \/>\nN<br \/>\nN&Nbsp;<br \/>\nN<br \/>\nN&Nbsp;<br \/>\nN<br \/>\nN<span style=\"font-weight: 400;\">Cosa dovresti portare?<\/span><br \/>\nN<\/p>\n<ul>\nN \t<\/p>\n<li style=\"font-weight: 400;\" aria-level=\"1\"><span style=\"font-weight: 400;\">Telecamera<\/span><\/li>\n<p>N \t<\/p>\n<li style=\"font-weight: 400;\" aria-level=\"1\"><span style=\"font-weight: 400;\">Boccioli repellenti<\/span><\/li>\n<p>N \t<\/p>\n<li style=\"font-weight: 400;\" aria-level=\"1\"><span style=\"font-weight: 400;\">crema solare<\/span><\/li>\n<p>N \t<\/p>\n<li style=\"font-weight: 400;\" aria-level=\"1\"><span style=\"font-weight: 400;\">Pantaloni comodi<\/span><\/li>\n<p>N \t<\/p>\n<li style=\"font-weight: 400;\" aria-level=\"1\"><span style=\"font-weight: 400;\">Scarpe da corsa\u00a0<\/span><\/li>\n<p>N<\/ul>\n<p>N&Nbsp;<br \/>\nN<\/p>\n<h4><b><i>Prelievo dall&#039;hotel <\/i><\/b><\/h4>\n<p>N<span style=\"font-weight: 400;\">Per questo tour non \u00e8 disponibile il prelievo in hotel. <\/span><br \/>\nN<br \/>\nN<b>Nota:<\/b><span style=\"font-weight: 400;\"> se prenoti entro 24 ore dall&#039;orario di partenza del tour\/dell&#039;escursione, possiamo organizzare il prelievo in hotel con costi aggiuntivi. Una volta completato l&#039;acquisto, ti invieremo le informazioni di contatto complete (numero di telefono, indirizzo e-mail, ecc.) affinch\u00e9 la nostra guida turistica locale possa organizzare le modalit\u00e0 di ritiro.<\/span><br \/>\nN<\/p>\n<h4><b><i>Conferma di informazioni aggiuntive <\/i><\/b><\/h4>\n<p>N<\/p>\n<ol>\nN \t<\/p>\n<li>I biglietti rappresentano la ricevuta dopo aver pagato questo tour. Puoi mostrare il pagamento sul tuo telefono.<\/li>\n<p>N \t<\/p>\n<li style=\"font-weight: 400;\"><span style=\"font-weight: 400;\">Il punto d&#039;incontro verr\u00e0 ricevuto dopo il processo di prenotazione.<\/span><\/li>\n<p>N \t<\/p>\n<li style=\"font-weight: 400;\"><span style=\"font-weight: 400;\">I bambini devono essere accompagnati da un adulto.<\/span><\/li>\n<p>N \t<\/p>\n<li style=\"font-weight: 400;\"><span style=\"font-weight: 400;\"> Non accessibile in sedia a rotelle <\/span><\/li>\n<p>N \t<\/p>\n<li style=\"font-weight: 400;\"><span style=\"font-weight: 400;\">I neonati devono sedersi sulle ginocchia <\/span><\/li>\n<p>N \t<\/p>\n<li style=\"font-weight: 400;\"><span style=\"font-weight: 400;\">Non raccomandato per viaggiatori con problemi alla schiena<\/span><\/li>\n<p>N \t<\/p>\n<li style=\"font-weight: 400;\"><span style=\"font-weight: 400;\">Non raccomandato per i viaggiatori in gravidanza <\/span><\/li>\n<p>N \t<\/p>\n<li style=\"font-weight: 400;\"><span style=\"font-weight: 400;\"> Nessun problema cardiaco o altre condizioni mediche gravi <\/span><\/li>\n<p>N \t<\/p>\n<li style=\"font-weight: 400;\"><span style=\"font-weight: 400;\">La maggior parte dei viaggiatori pu\u00f2 partecipare<\/span><\/li>\n<p>N<\/ol>\n<p>N<\/p>\n<h4><b><i>Politica di cancellazione<\/i><\/b><\/h4>\n<p>Per un rimborso completo, leggi le nostre politiche di cancellazione\u00a0<a href=\"https:\/\/www.boattoursamana.com\/it\/prenotazione-online\/\" target=\"_blank\" rel=\"noopener\" data-saferedirecturl=\"https:\/\/www.google.com\/url?q=https:\/\/www.boattoursamana.com\/online-booking\/&amp;source=gmail&amp;ust=1672449202351000&amp;usg=AOvVaw1yAeVAPktmaVCqDujgUn90\">clicca qui<\/a>. I fondi andranno persi se la prenotazione viene cancellata lo stesso giorno del viaggio.<\/p>\n\n\t\t<\/div>\n\t<\/div>\n<\/div><\/div><\/div><\/div><div class=\"vc_row wpb_row vc_row-fluid\" ><div class=\"wpb_column vc_column_container vc_col-sm-12\"><div class=\"vc_column-inner\"><div class=\"wpb_wrapper\"><div class=\"vc_empty_space\"   style=\"height: 32px\"><span class=\"vc_empty_space_inner\"><\/span><\/div>\n\t<div class=\"wpb_text_column wpb_content_element\" >\n\t\t<div class=\"wpb_wrapper\">\n\t\t\t<p>\nN<\/p>\n<h4>Contattaci?<\/h4>\n<p>N<\/p>\n<h5>Prenotazione Avventure<\/h5>\n<p>N<em><strong>Gente del posto<\/strong>\u00a0E\u00a0<strong>Nazionali<\/strong>\u00a0Guide turistiche e servizi per gli ospiti<\/em><br \/>\nN<br \/>\nN<span class=\"text-turquoise\">Prenotazioni:<\/span>\u00a0Tours ed escursioni a Dom. Rappresentante.<br \/>\nN<br \/>\nN<img decoding=\"async\" class=\"emoji\" draggable=\"false\" src=\"https:\/\/s.w.org\/images\/core\/emoji\/11.2.0\/svg\/1f4de.svg\" alt=\" \" title=\"\">\u00a0Tel\/Whatsapp\u00a0\u00a0<a href=\"tel:+1-809-720-6035\">+1-809-720-6035<\/a>.<br \/>\nN<br \/>\nN<img decoding=\"async\" class=\"emoji\" draggable=\"false\" src=\"https:\/\/s.w.org\/images\/core\/emoji\/11.2.0\/svg\/1f4e9.svg\" alt=\" \" title=\"\">\u00a0<a href=\"mailto:info@bookingadventures.com.do\">info@bookingadventures.com.do<\/a><br \/>\nN<br \/>\nN<strong>Siamo flessibili nell&#039;impostare tour privati tramite Whatsapp:\u00a0<a href=\"tel:+18097206035\">+18097206035.<\/a><\/strong><\/p>\n\n\t\t<\/div>\n\t<\/div>\n<div class=\"vc_empty_space\"   style=\"height: 32px\"><span class=\"vc_empty_space_inner\"><\/span><\/div><\/div><\/div><\/div><\/div><div class=\"vc_row wpb_row vc_row-fluid\" ><div class=\"wpb_column vc_column_container vc_col-sm-12\"><div class=\"vc_column-inner\"><div class=\"wpb_wrapper\"><div class=\"vc_btn3-container vc_btn3-inline\" ><button class=\"vc_general vc_btn3 vc_btn3-size-md vc_btn3-shape-rounded vc_btn3-style-modern vc_btn3-color-green\">PRENOTA ORA<\/button><\/div><\/div><\/div><\/div><\/div>","protected":false},"excerpt":{"rendered":"<p>Cano Hondo is a name given by the local farmers of the area and this name comes from the type of geography of the location, this place is below sea level and there are small springs like Jivales and Cano Hondo which are coming from underground river straight from Los Haitises Mountain.\u00a0 n n&nbsp; n nDurante esta parte de su viaje, visitar\u00e1 Altos de Cano Hondo, que se encuentra junto al Parque Nacional Los Haitises, uno de los parques nacionales [&hellip;]<\/p>\n","protected":false},"author":2,"featured_media":0,"parent":0,"menu_order":0,"comment_status":"open","ping_status":"closed","template":"","meta":{"footnotes":""},"class_list":["post-15810","page","type-page","status-publish","hentry"],"_links":{"self":[{"href":"https:\/\/www.boattoursamana.com\/it\/wp-json\/wp\/v2\/pages\/15810","targetHints":{"allow":["GET"]}}],"collection":[{"href":"https:\/\/www.boattoursamana.com\/it\/wp-json\/wp\/v2\/pages"}],"about":[{"href":"https:\/\/www.boattoursamana.com\/it\/wp-json\/wp\/v2\/types\/page"}],"author":[{"embeddable":true,"href":"https:\/\/www.boattoursamana.com\/it\/wp-json\/wp\/v2\/users\/2"}],"replies":[{"embeddable":true,"href":"https:\/\/www.boattoursamana.com\/it\/wp-json\/wp\/v2\/comments?post=15810"}],"version-history":[{"count":0,"href":"https:\/\/www.boattoursamana.com\/it\/wp-json\/wp\/v2\/pages\/15810\/revisions"}],"wp:attachment":[{"href":"https:\/\/www.boattoursamana.com\/it\/wp-json\/wp\/v2\/media?parent=15810"}],"curies":[{"name":"wp","href":"https:\/\/api.w.org\/{rel}","templated":true}]}}