{"id":15815,"date":"2023-07-15T07:44:18","date_gmt":"2023-07-15T07:44:18","guid":{"rendered":"https:\/\/www.ticketswhales.com\/27-waterfalls-zip-line-hiking-and-swimming\/"},"modified":"2023-07-15T07:44:18","modified_gmt":"2023-07-15T07:44:18","slug":"27-waterfalls-zip-line-hiking-and-swimming","status":"publish","type":"page","link":"https:\/\/www.boattoursamana.com\/it\/27-cascate-zip-line-escursioni-e-nuoto","title":{"rendered":"Zip line 27 cascate (escursioni e nuoto)"},"content":{"rendered":"<p><span style=\"vertical-align: inherit;\"><span style=\"vertical-align: inherit;\">Escursione dalle 27 cascate di Damajagua a Puerto Plata, Almuerzo ed escursione dalle 27 cascate, Tirolesa, camminata e salto al r\u00edo.<\/span><\/span><br \/>\nN<br \/>\nN<span style=\"vertical-align: inherit;\"><span style=\"vertical-align: inherit;\">Viaggio ecologico alle 27 cascate di Puerto Plata. <\/span><span style=\"vertical-align: inherit;\">Ottieni i tuoi boletos per un&#039;escursione di medio giorno qui nella Cascada 27 de Damajagua. <\/span><span style=\"vertical-align: inherit;\">Boletos de ingreso con almuerzo y excursi\u00f3n Incluyen salti, tirolesa y nado en las cascadas m\u00e1s hermosas de Rep\u00fablica Dominicana. <\/span><span style=\"vertical-align: inherit;\">Caminata e natazione con attrezzatura di sicurezza per avere la migliore esperienza!<\/span><\/span><br \/>\nN<br \/>\nN&Nbsp;<br \/>\nN<br \/>\nN<strong><span style=\"vertical-align: inherit;\"><span style=\"vertical-align: inherit;\">Seleziona la data per il tour:\u00a0<\/span><\/span><\/strong><\/p>\n<p>&nbsp;<\/p>\n<div class=\"vc_row wpb_row vc_row-fluid\" ><div class=\"wpb_column vc_column_container vc_col-sm-12\"><div class=\"vc_column-inner\"><div class=\"wpb_wrapper\"><div class=\"vc_btn3-container vc_btn3-inline\" ><button class=\"vc_general vc_btn3 vc_btn3-size-md vc_btn3-shape-rounded vc_btn3-style-modern vc_btn3-color-green\">PRENOTA ORA<\/button><\/div>\n\t<div class=\"wpb_text_column wpb_content_element\" >\n\t\t<div class=\"wpb_wrapper\">\n\t\t\t<p>Zipline 27 cascate (27 Charcos) di Damajagua + pranzo incluso, trekking o escursione Puerto Plata<\/p>\n\n\t\t<\/div>\n\t<\/div>\n<\/div><\/div><\/div><\/div><div class=\"vc_row wpb_row vc_row-fluid\" ><div class=\"wpb_column vc_column_container vc_col-sm-12\"><div class=\"vc_column-inner\"><div class=\"wpb_wrapper\">\n\t<div class=\"wpb_text_column wpb_content_element\" >\n\t\t<div class=\"wpb_wrapper\">\n\t\t\t<p>\nN<\/p>\n<h3 class=\"ui_header h1 attractions-product-info-ProductTitle__title--1qM0o\">27 cascate (27 Charcos) di Damajagua Zipline, Trekking o Escursione Puerto Plata<\/h3>\n<p>N<\/p>\n<h4><b><i>Panoramica <\/i><\/b><\/h4>\n<p>Ottieni i tuoi biglietti per un&#039;escursione di mezza giornata qui alla cascata 27 di Damajagua. Godiamoci 5 stazioni zipline inclusi due ponti sospesi. Tutto inizia camminando per circa 45 minuti fino ad arrivare alla piscina 12, dove inizierai a scendere alla piscina 7 con la zipline.<br \/>\nN<br \/>\nNella pozza 12 vi aspetta lo staff della zipline per darvi assistenza durante tutto il giro del circuito. La visita dura circa 2 ore e 45 minuti.<br \/>\nnEntra nella natura e goditi una delle attivit\u00e0 pi\u00f9 emozionanti di Puerto Plata, le cascate di Damajagua e la Zipline.<br \/>\nN<br \/>\nnDopo questa esperienza, tornerai al luogo in cui incontrerai la guida turistica.<br \/>\nN<\/p>\n<ul>\nN \t<\/p>\n<li style=\"font-weight: 400;\">Commissioni incluse<\/li>\n<p>N \t<\/p>\n<li>Pranzo<\/li>\n<p>N \t<\/p>\n<li>Spuntini<\/li>\n<p>N \t<\/p>\n<li style=\"font-weight: 400;\">Guida turistica locale in inglese<\/li>\n<p>N<\/ul>\n<p>N&Nbsp;<br \/>\nN<\/p>\n<h4><b>Inclusioni ed esclusioni<\/b><\/h4>\n<p>N&Nbsp;<br \/>\nN<br \/>\nN<b>Inclusioni<\/b><br \/>\nN<\/p>\n<ol>\nN \t<\/p>\n<li style=\"font-weight: 400;\">27 Cascate di Damajagua<\/li>\n<p>N \t<\/p>\n<li>Pranzo<\/li>\n<p>N \t<\/p>\n<li style=\"font-weight: 400;\"><span style=\"font-weight: 400;\">Tutte le tasse, le commissioni e le spese di gestione<\/span><\/li>\n<p>N \t<\/p>\n<li style=\"font-weight: 400;\"><span style=\"font-weight: 400;\">Tasse locali<\/span><\/li>\n<p>N \t<\/p>\n<li style=\"font-weight: 400;\"><span style=\"font-weight: 400;\">Bevande<\/span><\/li>\n<p>N \t<\/p>\n<li>Spuntini<\/li>\n<p>N \t<\/p>\n<li style=\"font-weight: 400;\"><span style=\"font-weight: 400;\">Tutte le attivit\u00e0<\/span><\/li>\n<p>N \t<\/p>\n<li style=\"font-weight: 400;\"><span style=\"font-weight: 400;\">Guida locale<\/span><\/li>\n<p>N<\/ol>\n<p>N<b> Esclusioni<\/b><br \/>\nN<\/p>\n<ol>\nN \t<\/p>\n<li style=\"font-weight: 400;\"><span style=\"font-weight: 400;\">Mance<\/span><\/li>\n<p>N \t<\/p>\n<li>trasporto (impostato contattandoci)<\/li>\n<p>N \t<\/p>\n<li style=\"font-weight: 400;\"><span style=\"font-weight: 400;\">Bevande alcoliche<\/span><\/li>\n<p>N<\/ol>\n<p>N&Nbsp;<br \/>\nN<\/p>\n<h4><em><strong>Partenza e ritorno<\/strong><\/em><\/h4>\n<p>N<span style=\"font-weight: 400;\">Il viaggiatore otterr\u00e0 un punto d&#039;incontro dopo il processo di prenotazione. I tour iniziano e finiscono nei nostri punti di incontro.<\/span><br \/>\nN<\/p>\n<h4><\/h4>\n<p>N<\/p>\n<h3 class=\"ui_header h1 attractions-product-info-ProductTitle__title--1qM0o\">27 cascate (27 Charcos) di Damajagua Zipline, Trekking o Escursione Puerto Plata<\/h3>\n<p>N<\/p>\n<h4><b><i>Cosa aspettarsi?<\/i><\/b><\/h4>\n<p>N<\/p>\n<div class=\"apd_content_block\" data-tab=\"TABS_OVERVIEW\"><\/div>\n<p>N<\/p>\n<div data-tab=\"TABS_WHAT_TO_EXPECT\">\nN<\/p>\n<div class=\"ui_card attractions-card-CollapsibleProductDetailsCard__cardContainer--3r2wk attractions-card-CollapsibleProductDetailsCard__cleanslateOverrideDT--2AJh0\">\nN<\/p>\n<div class=\"attractions-card-CollapsibleCard__content--2Ws8q\">\nN<\/p>\n<div class=\"attractions-card-CollapsibleCard__contentWrap--374jk attractions-card-CollapsibleCard__titleUnderline--1uHze\">\nN<\/p>\n<div class=\"attractions-card-CollapsibleProductDetailsCard__cardContent--23ext\">\nN<\/p>\n<div class=\"common-text-ReadMore__readMore--3Iu8c common-text-ReadMore__variantFadeOut--1tInd\">\nN<\/p>\n<div class=\"common-text-ReadMore__content--2X4LR\">\nN<\/p>\n<div class=\"ui_columns is-desktop\">\nN<\/p>\n<div>Ci\u00f2 che garantiamo innanzitutto \u00e8 la Sicurezza. La cosa pi\u00f9 importante della zip line \u00e8 la tua sicurezza ed \u00e8 per questo che offriamo le guide pi\u00f9 professionali della zip line che ti accompagneranno dalla reception rendendo la tua avventura ancora pi\u00f9 piacevole.<\/div>\n<p>N<\/p>\n<div><\/div>\n<p>N<\/p>\n<div>Scivolare sul cavo ti far\u00e0 sentire l&#039;adrenalina e sar\u00e0 anche la chiave per avere aria fresca sui capelli in una foresta tropicale con uno dei fiumi pi\u00f9 belli della Repubblica Dominicana, le Cascate di Damajagua.<\/div>\n<p>N<\/p>\n<div><\/div>\n<p>N<\/p>\n<div class=\"ui_column\">Dopo il pasto, saluta le guide locali e la tua migliore esperienza sar\u00e0 tenuta a mente e foto o video per il resto della tua vita.<\/div>\n<p>N\n<\/p><\/div>\n<p>N\n<\/p><\/div>\n<p>N\n<\/p><\/div>\n<p>N\n<\/p><\/div>\n<p>N\n<\/p><\/div>\n<p>N\n<\/p><\/div>\n<p>N\n<\/p><\/div>\n<p>N\n<\/p><\/div>\n<p>N<\/p>\n<h4><em><strong>Cosa dovresti portare?<\/strong><\/em><\/h4>\n<p>N<\/p>\n<ul>\nN \t<\/p>\n<li style=\"font-weight: 400;\"><span style=\"font-weight: 400;\">Telecamera<\/span><\/li>\n<p>N \t<\/p>\n<li style=\"font-weight: 400;\"><span style=\"font-weight: 400;\">Boccioli repellenti<\/span><\/li>\n<p>N \t<\/p>\n<li style=\"font-weight: 400;\"><span style=\"font-weight: 400;\">Crema solare<\/span><\/li>\n<p>N \t<\/p>\n<li style=\"font-weight: 400;\"><span style=\"font-weight: 400;\">Cappello<\/span><\/li>\n<p>N \t<\/p>\n<li style=\"font-weight: 400;\"><span style=\"font-weight: 400;\">Pantaloni comodi<\/span><\/li>\n<p>N \t<\/p>\n<li style=\"font-weight: 400;\"><span style=\"font-weight: 400;\">Scarpe da trekking per la foresta<\/span><\/li>\n<p>N \t<\/p>\n<li style=\"font-weight: 400;\"><span style=\"font-weight: 400;\">Sandali per le zone primaverili.<\/span><\/li>\n<p>N \t<\/p>\n<li style=\"font-weight: 400;\"><span style=\"font-weight: 400;\">Abbigliamento da bagno<\/span><\/li>\n<p>N<\/ul>\n<p>N&Nbsp;<br \/>\nN<\/p>\n<h4><b><i>Prelievo dall&#039;hotel <\/i><\/b><\/h4>\n<p>N<span style=\"font-weight: 400;\">Per questo tour non \u00e8 disponibile il prelievo in hotel. Fissiamo il ritiro contattandoci tramite Whatsapp.<\/span><br \/>\nN<br \/>\nN&Nbsp;<br \/>\nN<br \/>\nN<b>Nota:<\/b><span style=\"font-weight: 400;\"> se prenoti entro 24 ore dall&#039;orario di partenza del tour\/dell&#039;escursione, possiamo organizzare il prelievo in hotel con costi aggiuntivi. Una volta completato l&#039;acquisto, ti invieremo le informazioni di contatto complete (numero di telefono, indirizzo e-mail, ecc.) affinch\u00e9 la nostra guida turistica locale possa organizzare le modalit\u00e0 di ritiro.<\/span><br \/>\nN<\/p>\n<h4><b><i>Conferma di informazioni aggiuntive <\/i><\/b><\/h4>\n<p>N<\/p>\n<ol>\nN \t<\/p>\n<li>I biglietti rappresentano la ricevuta dopo aver pagato questo tour. Puoi mostrare il pagamento sul tuo telefono.<\/li>\n<p>N \t<\/p>\n<li style=\"font-weight: 400;\"><span style=\"font-weight: 400;\">Il punto d&#039;incontro verr\u00e0 ricevuto dopo il processo di prenotazione.<\/span><\/li>\n<p>N \t<\/p>\n<li style=\"font-weight: 400;\"><span style=\"font-weight: 400;\">I bambini devono essere accompagnati da un adulto.<\/span><\/li>\n<p>N \t<\/p>\n<li style=\"font-weight: 400;\"><span style=\"font-weight: 400;\"> Non accessibile in sedia a rotelle <\/span><\/li>\n<p>N \t<\/p>\n<li style=\"font-weight: 400;\"><span style=\"font-weight: 400;\">I neonati devono sedersi sulle ginocchia <\/span><\/li>\n<p>N \t<\/p>\n<li style=\"font-weight: 400;\"><span style=\"font-weight: 400;\">Non raccomandato per viaggiatori con problemi alla schiena<\/span><\/li>\n<p>N \t<\/p>\n<li style=\"font-weight: 400;\"><span style=\"font-weight: 400;\">Non raccomandato per i viaggiatori in gravidanza <\/span><\/li>\n<p>N \t<\/p>\n<li style=\"font-weight: 400;\"><span style=\"font-weight: 400;\"> Nessun problema cardiaco o altre condizioni mediche gravi <\/span><\/li>\n<p>N \t<\/p>\n<li style=\"font-weight: 400;\"><span style=\"font-weight: 400;\">La maggior parte dei viaggiatori pu\u00f2 partecipare<\/span><\/li>\n<p>N<\/ol>\n<p>N<\/p>\n<h4><b><i>Politica di cancellazione<\/i><\/b><\/h4>\n<p>Per un rimborso completo, leggi le nostre politiche di cancellazione\u00a0<a href=\"https:\/\/www.boattoursamana.com\/it\/prenotazione-online\/\" target=\"_blank\" rel=\"noopener\" data-saferedirecturl=\"https:\/\/www.google.com\/url?q=https:\/\/www.boattoursamana.com\/online-booking\/&amp;source=gmail&amp;ust=1672449202351000&amp;usg=AOvVaw1yAeVAPktmaVCqDujgUn90\">clicca qui<\/a>. I fondi andranno persi se la prenotazione viene cancellata lo stesso giorno del viaggio.<\/p>\n\n\t\t<\/div>\n\t<\/div>\n<div class=\"vc_btn3-container vc_btn3-inline\" ><button class=\"vc_general vc_btn3 vc_btn3-size-md vc_btn3-shape-rounded vc_btn3-style-modern vc_btn3-color-green\">PRENOTA ORA<\/button><\/div><\/div><\/div><\/div><\/div><div class=\"vc_row wpb_row vc_row-fluid\" ><div class=\"wpb_column vc_column_container vc_col-sm-12\"><div class=\"vc_column-inner\"><div class=\"wpb_wrapper\">\n\t<div class=\"wpb_video_widget wpb_content_element vc_clearfix   vc_video-aspect-ratio-169 vc_video-el-width-100 vc_video-align-left\" >\n\t\t<div class=\"wpb_wrapper\">\n\t\t\t<h2 class=\"wpb_heading wpb_video_heading\">Tour delle 27 Cascate di Damajagua da Puerto Plata:<\/h2>\n\t\t\t<div class=\"wpb_video_wrapper\"><iframe loading=\"lazy\" title=\"27 Cascate di Damajagua su Booking Adventures &amp; Travel Repubblica Dominicana\" width=\"1100\" height=\"619\" src=\"https:\/\/www.youtube.com\/embed\/AVNh_we_RQE?start=17&feature=oembed\" frameborder=\"0\" allow=\"accelerometer; autoplay; clipboard-write; encrypted-media; gyroscope; picture-in-picture; web-share\" allowfullscreen><\/iframe><\/div>\n\t\t<\/div>\n\t<\/div>\n<\/div><\/div><\/div><\/div><div class=\"vc_row wpb_row vc_row-fluid\" ><\/div><div class=\"wpb_column vc_column_container vc_col-sm-12\"><div class=\"vc_column-inner\"><div class=\"wpb_wrapper\"><\/div><\/div><\/div><div class=\"vc_empty_space\"   style=\"height: 32px\"><span class=\"vc_empty_space_inner\"><\/span><\/div><div class=\"vc_empty_space\"   style=\"height: 32px\"><span class=\"vc_empty_space_inner\"><\/span><\/div><div class=\"vc_row wpb_row vc_row-fluid\" ><div class=\"wpb_column vc_column_container vc_col-sm-12\"><div class=\"vc_column-inner\"><div class=\"wpb_wrapper\"><div class=\"vc_btn3-container vc_btn3-inline\" ><button class=\"vc_general vc_btn3 vc_btn3-size-md vc_btn3-shape-rounded vc_btn3-style-modern vc_btn3-color-green\">PRENOTA ORA<\/button><\/div><\/div><\/div><\/div><\/div>","protected":false},"excerpt":{"rendered":"<p>Esta excursi\u00f3n desde 27 cascadas de Damajagua en Puerto Plata, Almuerzo y Excursi\u00f3n por las 27 cascadas, Tirolesa, caminata y salto al r\u00edo. n nViaje Ecol\u00f3gico a las 27 cascadas de Puerto Plata. Obtenga sus boletos para una excursi\u00f3n de medio d\u00eda aqu\u00ed en la Cascada 27 de Damajagua. Boletos de ingreso con almuerzo y excursi\u00f3n Incluyen saltos, tirolesa y nado en las cascadas m\u00e1s hermosas de Rep\u00fablica Dominicana. Caminata y nataci\u00f3n con equipo de seguridad para tener la mejor [&hellip;]<\/p>\n","protected":false},"author":2,"featured_media":0,"parent":0,"menu_order":0,"comment_status":"open","ping_status":"closed","template":"","meta":{"footnotes":""},"class_list":["post-15815","page","type-page","status-publish","hentry"],"_links":{"self":[{"href":"https:\/\/www.boattoursamana.com\/it\/wp-json\/wp\/v2\/pages\/15815","targetHints":{"allow":["GET"]}}],"collection":[{"href":"https:\/\/www.boattoursamana.com\/it\/wp-json\/wp\/v2\/pages"}],"about":[{"href":"https:\/\/www.boattoursamana.com\/it\/wp-json\/wp\/v2\/types\/page"}],"author":[{"embeddable":true,"href":"https:\/\/www.boattoursamana.com\/it\/wp-json\/wp\/v2\/users\/2"}],"replies":[{"embeddable":true,"href":"https:\/\/www.boattoursamana.com\/it\/wp-json\/wp\/v2\/comments?post=15815"}],"version-history":[{"count":0,"href":"https:\/\/www.boattoursamana.com\/it\/wp-json\/wp\/v2\/pages\/15815\/revisions"}],"wp:attachment":[{"href":"https:\/\/www.boattoursamana.com\/it\/wp-json\/wp\/v2\/media?parent=15815"}],"curies":[{"name":"wp","href":"https:\/\/api.w.org\/{rel}","templated":true}]}}