{"id":15819,"date":"2023-07-15T07:44:18","date_gmt":"2023-07-15T07:44:18","guid":{"rendered":"https:\/\/www.ticketswhales.com\/salto-del-limon-el-limon-waterfalls-tour-from-sabana-de-la-mar\/"},"modified":"2023-07-15T07:44:18","modified_gmt":"2023-07-15T07:44:18","slug":"salto-del-limon-el-limon-waterfalls-tour-from-sabana-de-la-mar","status":"publish","type":"page","link":"https:\/\/www.boattoursamana.com\/it\/salto-del-limon-tour-delle-cascate-del-limon-da-sabana-de-la-mar","title":{"rendered":"Salto Del Lim\u00f3n \u2013 Tour delle cascate El Lim\u00f3n da Sabana de La Mar"},"content":{"rendered":"<p><strong><span style=\"vertical-align: inherit;\"><span style=\"vertical-align: inherit;\">Selezionare la data per il tour\u00a0<\/span><\/span><\/strong><\/p>\n<p>&nbsp;<\/p>\n<div class=\"vc_row wpb_row vc_row-fluid\" ><div class=\"wpb_column vc_column_container vc_col-sm-12\"><div class=\"vc_column-inner\"><div class=\"wpb_wrapper\"><div class=\"vc_btn3-container vc_btn3-inline\" ><button class=\"vc_general vc_btn3 vc_btn3-size-md vc_btn3-shape-rounded vc_btn3-style-modern vc_btn3-color-green\">PRENOTA ORA<\/button><\/div>\n\t<div class=\"wpb_text_column wpb_content_element\" >\n\t\t<div class=\"wpb_wrapper\">\n\t\t\t<p>Del Limon - Tour delle cascate El Lim\u00f3n da Sabana de La Mar, tour privato<\/p>\n\n\t\t<\/div>\n\t<\/div>\n<\/div><\/div><\/div><\/div><div class=\"vc_row wpb_row vc_row-fluid\" ><div class=\"wpb_column vc_column_container vc_col-sm-12\"><div class=\"vc_column-inner\"><div class=\"wpb_wrapper\">\n\t<div class=\"wpb_text_column wpb_content_element\" >\n\t\t<div class=\"wpb_wrapper\">\n\t\t\t<p>\nN<\/p>\n<h4><b><i>Panoramica <\/i><\/b><\/h4>\n<p>nQuesto \u00e8 un tour privato per <strong>Le Cascate El Lim\u00f3n<\/strong> con cavalcate a cavallo o escursioni a piedi partendo da Sabana de la mar attraversando la baia di Samana in una barca privata e un trasferimento privato che ci aspetta per andare alle cascate. Visita alla foresta di cacao e caff\u00e8 sotto il baldacchino di palme da cocco. Quando arrivi alle cascate puoi nuotare e impostare l&#039;ora con la tua guida locale. Dopo aver gustato un pranzo tipico nella comunit\u00e0 di El Lim\u00f3n.<br \/>\nN<br \/>\nnImpara con la gente del posto e fai un viaggio sicuro. Ottieni i tuoi biglietti in offerta oggi.<br \/>\nN<\/p>\n<ul>\nN \t<\/p>\n<li style=\"font-weight: 400;\"><span style=\"font-weight: 400;\">Include il pranzo\u00a0<\/span><\/li>\n<p>N \t<\/p>\n<li>Equitazione o escursionismo a cavallo<\/li>\n<p>N \t<\/p>\n<li style=\"font-weight: 400;\"><span style=\"font-weight: 400;\">La guida fornisce istruzioni e supervisione<\/span><\/li>\n<p>N \t<\/p>\n<li>Tasse al Parco Nazionale<\/li>\n<p>N<\/ul>\n<p>N&Nbsp;<br \/>\nN<\/p>\n<h4><b>Inclusioni ed esclusioni<\/b><\/h4>\n<p>N&Nbsp;<br \/>\nN<br \/>\nN<b>Inclusioni<\/b><br \/>\nN<\/p>\n<ol>\nN \t<\/p>\n<li style=\"font-weight: 400;\"><span style=\"font-weight: 400;\">Pranzo a buffet a El Lim\u00f3n<\/span><\/li>\n<p>N \t<\/p>\n<li style=\"font-weight: 400;\"><span style=\"font-weight: 400;\">Escursione o tour a cavallo<\/span><\/li>\n<p>N \t<\/p>\n<li style=\"font-weight: 400;\"><span style=\"font-weight: 400;\">Tutte le tasse, commissioni e spese di gestione<\/span><\/li>\n<p>N \t<\/p>\n<li style=\"font-weight: 400;\"><span style=\"font-weight: 400;\">Tasse locali<\/span><\/li>\n<p>N \t<\/p>\n<li style=\"font-weight: 400;\"><span style=\"font-weight: 400;\">Bevande<\/span><\/li>\n<p>N \t<\/p>\n<li style=\"font-weight: 400;\"><span style=\"font-weight: 400;\">Tutte le attivit\u00e0<\/span><\/li>\n<p>N \t<\/p>\n<li style=\"font-weight: 400;\"><span style=\"font-weight: 400;\">Guida locale<\/span><\/li>\n<p>N \t<\/p>\n<li>trasferimenti<\/li>\n<p>N \t<\/p>\n<li>Viaggio in barca<\/li>\n<p>N<\/ol>\n<p>N<b> Esclusioni<\/b><br \/>\nN<\/p>\n<ol>\nN \t<\/p>\n<li style=\"font-weight: 400;\"><span style=\"font-weight: 400;\">Mance<\/span><\/li>\n<p>N \t<\/p>\n<li style=\"font-weight: 400;\"><span style=\"font-weight: 400;\">Bevande alcoliche<\/span><\/li>\n<p>N<\/ol>\n<p>N&Nbsp;<br \/>\nN<\/p>\n<h4><em><strong>Partenza e ritorno<\/strong><\/em><\/h4>\n<p>N<span style=\"font-weight: 400;\">Il viaggiatore otterr\u00e0 un punto d&#039;incontro dopo il processo di prenotazione. I tour iniziano e finiscono nei nostri punti di incontro.<\/span><br \/>\nN<br \/>\nN&Nbsp;<br \/>\nN<\/p>\n<h4><b><i>Cosa aspettarsi?<\/i><\/b><\/h4>\n<p>N&Nbsp;<br \/>\nN<br \/>\nN<em><strong>Ottieni i tuoi biglietti<\/strong><\/em> per la visita alle Cascate El Lim\u00f3n a Saman\u00e1 e un meraviglioso pranzo al ristorante El Lim\u00f3n partendo da Sabana de la Mar.<br \/>\nN<br \/>\nN<span style=\"font-weight: 400;\">Il tour, organizzato da \u201cBooking Adventures\u201d inizia presso il punto di incontro concordato con la Guida Turistica.<\/span><br \/>\nN<br \/>\nnI migliori viaggi privati alle cascate di El Limon con una guida turistica locale. Prenota una gita a cavallo nella foresta costeggiando il fiume Lim\u00f3n, visitando le piantagioni di cacao e caff\u00e8 all&#039;ombra delle palme di cocco.<br \/>\nN<br \/>\nnPer prima cosa, fermati alla piccola cascata dove di solito non ci sono molte persone e puoi nuotare. Successivamente proseguiamo verso la grande cascata dove rimarremo per un&#039;ora o pi\u00f9 se lo desideri.<br \/>\nN<br \/>\nnRiportiamo i cavalli al ristorante dove gusteremo un pranzo tipico in spiaggia. Frittura di pesce con tostones e insalata oppure puoi ottenere altre opzioni nel menu a un costo aggiuntivo.<br \/>\nN<br \/>\nnPranzo al ristorante della comunit\u00e0 El Lim\u00f3n e potrai restare tutto il tempo che desideri nuotando. Se sei vegano, possiamo anche prepararti del cibo.<br \/>\nN<br \/>\nDopo questa esperienza terminiamo il nostro viaggio. Ritorno al punto di incontro di Sabana de la Mar.<br \/>\nN<br \/>\nN&Nbsp;<br \/>\nN<\/p>\n<h4><em><strong>Cosa dovresti portare?<\/strong><\/em><\/h4>\n<p>N<\/p>\n<ul>\nN \t<\/p>\n<li style=\"font-weight: 400;\"><span style=\"font-weight: 400;\">Telecamera<\/span><\/li>\n<p>N \t<\/p>\n<li style=\"font-weight: 400;\"><span style=\"font-weight: 400;\">Boccioli repellenti<\/span><\/li>\n<p>N \t<\/p>\n<li style=\"font-weight: 400;\"><span style=\"font-weight: 400;\">crema solare<\/span><\/li>\n<p>N \t<\/p>\n<li style=\"font-weight: 400;\"><span style=\"font-weight: 400;\"><span style=\"vertical-align: inherit;\"><span style=\"vertical-align: inherit;\">Sombrero<\/span><\/span><\/span><\/li>\n<p>N \t<\/p>\n<li style=\"font-weight: 400;\"><span style=\"font-weight: 400;\"><span style=\"vertical-align: inherit;\"><span style=\"vertical-align: inherit;\">Pantalones comodi<\/span><\/span><\/span><\/li>\n<p>N \t<\/p>\n<li style=\"font-weight: 400;\"><span style=\"font-weight: 400;\"><span style=\"vertical-align: inherit;\"><span style=\"vertical-align: inherit;\">Zapatos de senderismo para el bosque<\/span><\/span><\/span><\/li>\n<p>N \t<\/p>\n<li style=\"font-weight: 400;\"><span style=\"font-weight: 400;\"><span style=\"vertical-align: inherit;\"><span style=\"vertical-align: inherit;\">Vestido nadador<\/span><\/span><\/span><\/li>\n<p>N<\/ul>\n<p>N&Nbsp;<br \/>\nN<\/p>\n<h4><b><i><span style=\"vertical-align: inherit;\"><span style=\"vertical-align: inherit;\">Ricogidata nell&#039;hotel <\/span><\/span><\/i><\/b><\/h4>\n<p>N<span style=\"font-weight: 400;\"><span style=\"vertical-align: inherit;\"><span style=\"vertical-align: inherit;\">No se ofrece recogida en el hotel para este tour. <\/span><\/span><\/span><br \/>\nN<br \/>\nN&Nbsp;<br \/>\nN<br \/>\nN<b><span style=\"vertical-align: inherit;\"><span style=\"vertical-align: inherit;\">Nota:<\/span><\/span><\/b><span style=\"font-weight: 400;\"> se prenoti entro 24 ore dall&#039;orario di partenza del tour\/dell&#039;escursione, possiamo organizzare il prelievo in hotel con costi aggiuntivi. Una volta completato l&#039;acquisto, ti invieremo le informazioni di contatto complete (numero di telefono, indirizzo e-mail, ecc.) affinch\u00e9 la nostra guida turistica locale possa organizzare le modalit\u00e0 di ritiro.<\/span><br \/>\nN<\/p>\n<h4><b><i><span style=\"vertical-align: inherit;\"><span style=\"vertical-align: inherit;\">Conferma di informazioni aggiuntive <\/span><\/span><\/i><\/b><\/h4>\n<p>N<\/p>\n<ol>\nN \t<\/p>\n<li>I biglietti rappresentano la ricevuta dopo aver pagato questo tour. Puoi mostrare il pagamento sul tuo telefono.<\/li>\n<p>N \t<\/p>\n<li style=\"font-weight: 400;\"><span style=\"font-weight: 400;\"><span style=\"vertical-align: inherit;\"><span style=\"vertical-align: inherit;\">Il punto di incontro verr\u00e0 ricevuto dopo la procedura di prenotazione.<\/span><\/span><\/span><\/li>\n<p>N \t<\/p>\n<li style=\"font-weight: 400;\"><span style=\"font-weight: 400;\"><span style=\"vertical-align: inherit;\"><span style=\"vertical-align: inherit;\">I bambini devono essere accompagnati da un adulto.<\/span><\/span><\/span><\/li>\n<p>N \t<\/p>\n<li style=\"font-weight: 400;\"><span style=\"font-weight: 400;\"><span style=\"vertical-align: inherit;\"><span style=\"vertical-align: inherit;\"> Non accessibile para sillas de ruedas <\/span><\/span><\/span><\/li>\n<p>N \t<\/p>\n<li style=\"font-weight: 400;\"><span style=\"font-weight: 400;\"><span style=\"vertical-align: inherit;\"><span style=\"vertical-align: inherit;\">Los beb\u00e9s deben sentarse en el regazo <\/span><\/span><\/span><\/li>\n<p>N \t<\/p>\n<li style=\"font-weight: 400;\"><span style=\"font-weight: 400;\"><span style=\"vertical-align: inherit;\"><span style=\"vertical-align: inherit;\">Non consigliato per i viaggiatori con problemi di spada.<\/span><\/span><\/span><\/li>\n<p>N \t<\/p>\n<li style=\"font-weight: 400;\"><span style=\"font-weight: 400;\"><span style=\"vertical-align: inherit;\"><span style=\"vertical-align: inherit;\">Non consigliato per i viaggiatori imbarazzati. <\/span><\/span><\/span><\/li>\n<p>N \t<\/p>\n<li style=\"font-weight: 400;\"><span style=\"font-weight: 400;\"><span style=\"vertical-align: inherit;\"><span style=\"vertical-align: inherit;\"> Senza problemi cardiaci n\u00e9 altre affezioni mediche gravi <\/span><\/span><\/span><\/li>\n<p>N \t<\/p>\n<li style=\"font-weight: 400;\"><span style=\"font-weight: 400;\"><span style=\"vertical-align: inherit;\"><span style=\"vertical-align: inherit;\">La mayor\u00eda de los viajeros pu\u00f2 partecipare<\/span><\/span><\/span><\/li>\n<p>N<\/ol>\n<p>nPolitica di cancellazione<br \/>\nN<br \/>\nPer ottenere un rimborso completo, leggi le nostre Politiche di annullamento\u00a0<a href=\"https:\/\/www.boattoursamana.com\/it\/prenotazione-online\/\" target=\"_blank\" rel=\"noopener\" data-saferedirecturl=\"https:\/\/www.google.com\/url?q=https:\/\/www.boattoursamana.com\/online-booking\/&amp;source=gmail&amp;ust=1672449202351000&amp;usg=AOvVaw1yAeVAPktmaVCqDujgUn90\">fai clic qui<\/a>. Los fondos se perder\u00e1n si la reserva se cancela el mismo d\u00eda del viaje.<\/p>\n\n\t\t<\/div>\n\t<\/div>\n<\/div><\/div><\/div><\/div><div class=\"vc_row wpb_row vc_row-fluid\" ><\/div><div class=\"wpb_column vc_column_container vc_col-sm-12\"><div class=\"vc_column-inner\"><div class=\"wpb_wrapper\"><\/div><\/div><\/div><div class=\"vc_empty_space\"   style=\"height: 32px\"><span class=\"vc_empty_space_inner\"><\/span><\/div><div class=\"vc_empty_space\"   style=\"height: 32px\"><span class=\"vc_empty_space_inner\"><\/span><\/div><div class=\"vc_row wpb_row vc_row-fluid\" ><div class=\"wpb_column vc_column_container vc_col-sm-12\"><div class=\"vc_column-inner\"><div class=\"wpb_wrapper\"><div class=\"vc_btn3-container vc_btn3-inline\" ><button class=\"vc_general vc_btn3 vc_btn3-size-md vc_btn3-shape-rounded vc_btn3-style-modern vc_btn3-color-green\">PRENOTA ORA<\/button><\/div><\/div><\/div><\/div><\/div>","protected":false},"excerpt":{"rendered":"<p>Selezionare la data per il tour\u00a0 &nbsp;<\/p>","protected":false},"author":2,"featured_media":0,"parent":0,"menu_order":0,"comment_status":"open","ping_status":"closed","template":"","meta":{"footnotes":""},"class_list":["post-15819","page","type-page","status-publish","hentry"],"_links":{"self":[{"href":"https:\/\/www.boattoursamana.com\/it\/wp-json\/wp\/v2\/pages\/15819","targetHints":{"allow":["GET"]}}],"collection":[{"href":"https:\/\/www.boattoursamana.com\/it\/wp-json\/wp\/v2\/pages"}],"about":[{"href":"https:\/\/www.boattoursamana.com\/it\/wp-json\/wp\/v2\/types\/page"}],"author":[{"embeddable":true,"href":"https:\/\/www.boattoursamana.com\/it\/wp-json\/wp\/v2\/users\/2"}],"replies":[{"embeddable":true,"href":"https:\/\/www.boattoursamana.com\/it\/wp-json\/wp\/v2\/comments?post=15819"}],"version-history":[{"count":0,"href":"https:\/\/www.boattoursamana.com\/it\/wp-json\/wp\/v2\/pages\/15819\/revisions"}],"wp:attachment":[{"href":"https:\/\/www.boattoursamana.com\/it\/wp-json\/wp\/v2\/media?parent=15819"}],"curies":[{"name":"wp","href":"https:\/\/api.w.org\/{rel}","templated":true}]}}