{"id":15821,"date":"2023-07-15T07:44:18","date_gmt":"2023-07-15T07:44:18","guid":{"rendered":"https:\/\/www.ticketswhales.com\/los-haitises-kayaking-boat-trip-caves-and-swimming-at-private-beach-all-in-one\/"},"modified":"2023-07-15T07:44:18","modified_gmt":"2023-07-15T07:44:18","slug":"los-haitises-kayaking-boat-trip-caves-and-swimming-at-private-beach-all-in-one","status":"publish","type":"page","link":"https:\/\/www.boattoursamana.com\/it\/los-haitises-kayak-gita-in-barca-nelle-grotte-e-nuoto-nella-spiaggia-privata-tutto-in-uno","title":{"rendered":"Kayak a Los Haitises + Gita in barca + Grotte e nuoto nella spiaggia privata (tutto in uno)."},"content":{"rendered":"<p><span style=\"vertical-align: inherit;\"><span style=\"vertical-align: inherit;\">Kayak + Paseo en Barco + Cuevas y Playa para Nadar (Todo en Uno). <\/span><span style=\"vertical-align: inherit;\">Parque Nacional Los Haitises con un gu\u00eda tur\u00edstico local desde Sabana de la Mar. Visita a la selva tropical, la peque\u00f1a playa privada, las \u00e1reas de coco, caf\u00e9 y cacao. <\/span><span style=\"vertical-align: inherit;\">Imparando sulla storia originale del Parque Nacional Los Haitises.<\/span><\/span><br \/>\nN<br \/>\nN&Nbsp;<br \/>\nN<br \/>\nN<strong><span style=\"vertical-align: inherit;\"><span style=\"vertical-align: inherit;\">Seleccione la fecha para el viaje de aventura todo en uno:<\/span><\/span><\/strong><\/p>\n<p>&nbsp;<\/p>\n<div class=\"vc_row wpb_row vc_row-fluid\" ><div class=\"wpb_column vc_column_container vc_col-sm-12\"><div class=\"vc_column-inner\"><div class=\"wpb_wrapper\"><div class=\"vc_btn3-container vc_btn3-inline\" ><button class=\"vc_general vc_btn3 vc_btn3-size-md vc_btn3-shape-rounded vc_btn3-style-modern vc_btn3-color-green\">PRENOTA ORA<\/button><\/div>\n\t<div class=\"wpb_text_column wpb_content_element\" >\n\t\t<div class=\"wpb_wrapper\">\n\t\t\t<p>\nN<\/p>\n<h4><b><i>Panoramica <\/i><\/b><\/h4>\n<p>N<span style=\"font-weight: 400;\">Fuggi dalla citt\u00e0 per immergerti nell&#039;ecoturismo della provincia di Hato Mayor, la prima provincia di ecoturismo della Repubblica Dominicana. Vieni con noi e goditi le fresche acque di una delle spiagge inesplorate di Los Haitises, dove si trova la Baia di San Lorenzo. Il luogo \u00e8 raggiungibile in barca, circondato dalla foresta pluviale e dalla foresta di mangrovie. Durante la navigazione entrerai in contatto con la natura e il paesaggio indimenticabile di questo parco nazionale. Questo tour sar\u00e0 un mix di kayak, canottaggio, visita di una grotta e nuoto in uno dei parchi nazionali pi\u00f9 importanti del paese, qui si trova la maggior parte della biodiversit\u00e0 dell&#039;isola e la seconda foresta di mangrovie pi\u00f9 grande con pi\u00f9 di 98 chilometri quadrati.\u00a0<\/span><br \/>\nN<br \/>\nN&Nbsp;<br \/>\nN<br \/>\nN<span style=\"font-weight: 400;\">Il nostro personale locale ed esperto si assicurer\u00e0 che tu conosca davvero la cultura Tainos, la loro storia a Los Haitises e il loro legame con la natura. Questo tour \u00e8 in modalit\u00e0 ecoturismo in cui la comunit\u00e0 gioca un ruolo molto importante, sono guide, capitani di barche e autisti.<\/span><br \/>\nN<br \/>\nN&Nbsp;<br \/>\nN<br \/>\nN<span style=\"font-weight: 400;\">La priorit\u00e0 di Booking Adventure \u00e8 assicurarti di ottenere il meglio del meglio, dal momento in cui acquisti il biglietto fino alla fine del viaggio. I nostri tour sono incentrati sull&#039;educazione ambientale, sull&#039;avventura e sulla storia locale e durante questo viaggio potrai vedere un po&#039; di tutto.\u00a0<\/span><br \/>\nN<\/p>\n<h3><span style=\"font-weight: 400;\">Inclusioni ed esclusioni<\/span><\/h3>\n<p>N<\/p>\n<h6><strong>Inclusioni<\/strong><\/h6>\n<p>N<\/p>\n<ul>\nN \t<\/p>\n<li><span style=\"font-weight: 400;\">Barca e Capitano\u00a0<\/span><\/li>\n<p>N \t<\/p>\n<li><span style=\"font-weight: 400;\">Kayak\u00a0<\/span><\/li>\n<p>N \t<\/p>\n<li><span style=\"font-weight: 400;\">Snack (acqua, frutta, panini e bibite)<\/span><\/li>\n<p>N \t<\/p>\n<li><span style=\"font-weight: 400;\">Tutte le tasse, le commissioni e le spese di gestione<\/span><\/li>\n<p>N \t<\/p>\n<li><span style=\"font-weight: 400;\">Tasse locali<\/span><\/li>\n<p>N \t<\/p>\n<li><span style=\"font-weight: 400;\">Guide turistiche ecologiste ufficiali inglese\/spagnolo<\/span><\/li>\n<p>N \t<\/p>\n<li><span style=\"font-weight: 400;\">Piscine naturali e spiagge inesplorate\u00a0<\/span><\/li>\n<p>N \t<\/p>\n<li><span style=\"font-weight: 400;\">Una grotta\u00a0<\/span><\/li>\n<p>N<\/ul>\n<p>N&Nbsp;<br \/>\nN<\/p>\n<h6><strong>Esclusioni<\/strong><\/h6>\n<p>N&Nbsp;<br \/>\nN<\/p>\n<ul>\nN \t<\/p>\n<li><span style=\"font-weight: 400;\">Mance<\/span><\/li>\n<p>N \t<\/p>\n<li><span style=\"font-weight: 400;\">Bevanda<\/span><\/li>\n<p>N \t<\/p>\n<li><span style=\"font-weight: 400;\">Trasferimento\u00a0<\/span><\/li>\n<p>N<\/ul>\n<p>N<span style=\"font-weight: 400;\">\u00a0<\/span><br \/>\nN<\/p>\n<h6><strong>Partenza e ritorno<\/strong><\/h6>\n<p>N&Nbsp;<br \/>\nN<br \/>\nN<span style=\"font-weight: 400;\">Il tour, organizzato da \u201cBooking Adventures\u201d, inizia presso il punto di incontro stabilito con la Guida Turistica o con il membro dello Staff. Il viaggiatore otterr\u00e0 un punto d&#039;incontro dopo il processo di prenotazione. I tour iniziano e finiscono nei nostri punti d&#039;incontro.<\/span><br \/>\nN<\/p>\n<h2>Kayak a Los Haitises + Gita in barca + Grotte e spiaggia per nuotare (tutto in uno).<\/h2>\n<p>N<span style=\"font-weight: 400;\">Cosa aspettarsi?<\/span><br \/>\nN<br \/>\nN&Nbsp;<br \/>\nN<br \/>\nN<span style=\"font-weight: 400;\">Ottieni il tuo biglietto per il tour eco-avventuroso del Parco Nazionale Los Haitises All In One\u00a0<\/span><br \/>\nN<br \/>\nN&Nbsp;<br \/>\nN<br \/>\nN<span style=\"font-weight: 400;\">Questa escursione inizia da un punto d&#039;incontro che devi confermare con i nostri agenti di viaggio o con la tua guida turistica prima di dirigerti verso qualsiasi localit\u00e0. Una volta che incontrerai la tua guida, avrai un debriefing del tour e tutto ci\u00f2 che riguarda la tua giornata.<\/span><br \/>\nN<br \/>\nN&Nbsp;<br \/>\nN<br \/>\nN<span style=\"font-weight: 400;\">Quando tutti saranno pronti e prenderemo i kayak ci dirigeremo verso la prima localit\u00e0 che \u00e8 Playita Las Almejas dove si trovano le piscine naturali, mentre navighiamo attraverso la foresta di mangrovie e il litorale della Baia di San Lorenzo condivideremo con voi storie su Los Haitises, Geologia e approfondisci le specie di mangrovie che si trovano intorno alla Baia di San Lorenzo.\u00a0<\/span><br \/>\nN<br \/>\nN&Nbsp;<br \/>\nN<br \/>\nN<span style=\"font-weight: 400;\">Quando arriviamo al primo luogo, dovresti preparare il costume da bagno per andare in kayak e remare fino alla Grotta della Linea con la tua guida turistica, il resto dello staff ti aspetter\u00e0 fino al termine della prima parte dell&#039;attivit\u00e0.<\/span><br \/>\nN<br \/>\nN&Nbsp;<br \/>\nN<br \/>\nN<span style=\"font-weight: 400;\">Durante questa parte del tuo viaggio, potrai fare il giro del Vecchio Porto di Las Perlas, una delle prime strutture costruite dagli europei nella zona, intorno al 1866, e questo era collegato con una linea ferroviaria che fungeva da trasporto per i caff\u00e8, banane e tutto ci\u00f2 che questo gruppo di europei coltivava in quella che oggi \u00e8 Los Haitises.\u00a0<\/span><br \/>\nN<br \/>\nN&Nbsp;<br \/>\nN<br \/>\nN<span style=\"font-weight: 400;\">Nella grotta che visiterai ci sono pi\u00f9 di 1200 pittogrammi dipinti dai Taino, questo era un modo per esprimersi, e oggi queste opere d&#039;arte ci raccontano storie che non avremmo mai pensato di trovare al giorno d&#039;oggi. Una volta finito qui, torneremo a Playa de las Almejas per spuntini e nuotata.\u00a0<\/span><br \/>\nN<br \/>\nN&Nbsp;<br \/>\nN<br \/>\nN<span style=\"font-weight: 400;\">Dopo aver nuotato nella piscina naturale, torneremo al porto principale nella zona di Cano Hondo, questo \u00e8 un tour di 5 ore che ti d\u00e0 l&#039;opportunit\u00e0 di sorvegliare la maggior parte della Sabana de la Mar e del Parco Nazionale Los Haitises, questa escursione termina in nello stesso posto in cui \u00e8 iniziato.<\/span><br \/>\nN<br \/>\nN&Nbsp;<br \/>\nN<br \/>\nN<span style=\"font-weight: 400;\">Nota: questi tour sono con guide turistiche ecologiste ufficiali. Si prega di prenotare per tempo perch\u00e9 nel parco non ci sono molti specialisti.<\/span><br \/>\nN<br \/>\nN&Nbsp;<br \/>\nN<\/p>\n<h6><strong>Cosa dovresti portare?<\/strong><\/h6>\n<p>N<\/p>\n<ul>\nN \t<\/p>\n<li style=\"font-weight: 400;\" aria-level=\"1\"><span style=\"font-weight: 400;\">Telecamera<\/span><\/li>\n<p>N \t<\/p>\n<li style=\"font-weight: 400;\" aria-level=\"1\"><span style=\"font-weight: 400;\">Spray\u00a0<\/span><\/li>\n<p>N \t<\/p>\n<li style=\"font-weight: 400;\" aria-level=\"1\"><span style=\"font-weight: 400;\">Crema solare<\/span><\/li>\n<p>N \t<\/p>\n<li style=\"font-weight: 400;\" aria-level=\"1\"><span style=\"font-weight: 400;\">Pantaloni comodi<\/span><\/li>\n<p>N \t<\/p>\n<li style=\"font-weight: 400;\" aria-level=\"1\"><span style=\"font-weight: 400;\">Scarpe da corsa<\/span><\/li>\n<p>N \t<\/p>\n<li style=\"font-weight: 400;\" aria-level=\"1\"><span style=\"font-weight: 400;\">Giacca da pioggia\u00a0<\/span><\/li>\n<p>N \t<\/p>\n<li style=\"font-weight: 400;\" aria-level=\"1\"><span style=\"font-weight: 400;\">Costume da bagno\u00a0<\/span><\/li>\n<p>N \t<\/p>\n<li style=\"font-weight: 400;\" aria-level=\"1\"><span style=\"font-weight: 400;\">Asciugamano\u00a0<\/span><\/li>\n<p>N<\/ul>\n<p>N<\/p>\n<h4><b><i>Prelievo dall&#039;hotel <\/i><\/b><\/h4>\n<p>N<span style=\"font-weight: 400;\">Per questo tour non \u00e8 disponibile il prelievo in hotel. Solo se ti trovi all&#039;Hotel Cano Hondo o negli hotel nella zona di Sabana de la Mar.<\/span><br \/>\nN<br \/>\nN<b>Nota:<\/b><span style=\"font-weight: 400;\"> Se prenoti entro 24 ore dall&#039;orario di partenza del tour\/escursione, possiamo organizzare il prelievo in hotel con costi aggiuntivi da qualsiasi luogo della Repubblica Dominicana. Una volta completato l&#039;acquisto, ti invieremo le informazioni di contatto complete (numero di telefono, indirizzo e-mail, ecc.) affinch\u00e9 la nostra guida turistica locale possa organizzare le modalit\u00e0 di ritiro.<\/span><br \/>\nN<\/p>\n<h4><b><i>Conferma di informazioni aggiuntive <\/i><\/b><\/h4>\n<p>N<\/p>\n<ol>\nN \t<\/p>\n<li>I biglietti rappresentano la ricevuta dopo aver pagato questo tour. Puoi mostrare il pagamento sul tuo telefono.<\/li>\n<p>N \t<\/p>\n<li style=\"font-weight: 400;\"><span style=\"font-weight: 400;\">Il punto d&#039;incontro verr\u00e0 ricevuto dopo il processo di prenotazione.<\/span><\/li>\n<p>N \t<\/p>\n<li style=\"font-weight: 400;\"><span style=\"font-weight: 400;\">I bambini devono essere accompagnati da un adulto.<\/span><\/li>\n<p>N \t<\/p>\n<li style=\"font-weight: 400;\"><span style=\"font-weight: 400;\"> Non accessibile in sedia a rotelle <\/span><\/li>\n<p>N \t<\/p>\n<li style=\"font-weight: 400;\"><span style=\"font-weight: 400;\">I neonati devono sedersi sulle ginocchia <\/span><\/li>\n<p>N \t<\/p>\n<li style=\"font-weight: 400;\"><span style=\"font-weight: 400;\">Non raccomandato per viaggiatori con problemi alla schiena<\/span><\/li>\n<p>N \t<\/p>\n<li style=\"font-weight: 400;\"><span style=\"font-weight: 400;\">Non raccomandato per i viaggiatori in gravidanza <\/span><\/li>\n<p>N \t<\/p>\n<li style=\"font-weight: 400;\"><span style=\"font-weight: 400;\"> Nessun problema cardiaco o altre condizioni mediche gravi <\/span><\/li>\n<p>N \t<\/p>\n<li style=\"font-weight: 400;\"><span style=\"font-weight: 400;\">La maggior parte dei viaggiatori pu\u00f2 partecipare<\/span><\/li>\n<p>N<\/ol>\n<p>N<\/p>\n<h4><b><i>Politica di cancellazione<\/i><\/b><\/h4>\n<p>Per un rimborso completo, leggi le nostre politiche di cancellazione\u00a0<a href=\"https:\/\/www.boattoursamana.com\/it\/prenotazione-online\/\" target=\"_blank\" rel=\"noopener\" data-saferedirecturl=\"https:\/\/www.google.com\/url?q=https:\/\/www.boattoursamana.com\/online-booking\/&amp;source=gmail&amp;ust=1672449202351000&amp;usg=AOvVaw1yAeVAPktmaVCqDujgUn90\">clicca qui<\/a>. I fondi andranno persi se la prenotazione viene cancellata lo stesso giorno del viaggio.<\/p>\n\n\t\t<\/div>\n\t<\/div>\n<\/div><\/div><\/div><\/div><div class=\"vc_row wpb_row vc_row-fluid\" ><div class=\"wpb_column vc_column_container vc_col-sm-12\"><div class=\"vc_column-inner\"><div class=\"wpb_wrapper\"><\/div><\/div><\/div><\/div><div class=\"vc_row wpb_row vc_row-fluid\" ><\/div><div class=\"wpb_column vc_column_container vc_col-sm-12\"><div class=\"vc_column-inner\"><div class=\"wpb_wrapper\"><\/div><\/div><\/div><div class=\"vc_empty_space\"   style=\"height: 32px\"><span class=\"vc_empty_space_inner\"><\/span><\/div><div class=\"vc_empty_space\"   style=\"height: 32px\"><span class=\"vc_empty_space_inner\"><\/span><\/div><div class=\"vc_row wpb_row vc_row-fluid\" ><div class=\"wpb_column vc_column_container vc_col-sm-12\"><div class=\"vc_column-inner\"><div class=\"wpb_wrapper\"><div class=\"vc_btn3-container vc_btn3-inline\" ><button class=\"vc_general vc_btn3 vc_btn3-size-md vc_btn3-shape-rounded vc_btn3-style-modern vc_btn3-color-green\">PRENOTA ORA<\/button><\/div><\/div><\/div><\/div><\/div>","protected":false},"excerpt":{"rendered":"<p>Kayak + Paseo en Barco + Cuevas y Playa para Nadar (Todo en Uno). Parque Nacional Los Haitises con un gu\u00eda tur\u00edstico local desde Sabana de la Mar. Visita a la selva tropical, la peque\u00f1a playa privada, las \u00e1reas de coco, caf\u00e9 y cacao. Aprendiendo sobre la historia original del Parque Nacional Los Haitises. n n&nbsp; n nSeleccione la fecha para el viaje de aventura todo en uno: &nbsp;<\/p>","protected":false},"author":2,"featured_media":0,"parent":0,"menu_order":0,"comment_status":"open","ping_status":"closed","template":"","meta":{"footnotes":""},"class_list":["post-15821","page","type-page","status-publish","hentry"],"_links":{"self":[{"href":"https:\/\/www.boattoursamana.com\/it\/wp-json\/wp\/v2\/pages\/15821","targetHints":{"allow":["GET"]}}],"collection":[{"href":"https:\/\/www.boattoursamana.com\/it\/wp-json\/wp\/v2\/pages"}],"about":[{"href":"https:\/\/www.boattoursamana.com\/it\/wp-json\/wp\/v2\/types\/page"}],"author":[{"embeddable":true,"href":"https:\/\/www.boattoursamana.com\/it\/wp-json\/wp\/v2\/users\/2"}],"replies":[{"embeddable":true,"href":"https:\/\/www.boattoursamana.com\/it\/wp-json\/wp\/v2\/comments?post=15821"}],"version-history":[{"count":0,"href":"https:\/\/www.boattoursamana.com\/it\/wp-json\/wp\/v2\/pages\/15821\/revisions"}],"wp:attachment":[{"href":"https:\/\/www.boattoursamana.com\/it\/wp-json\/wp\/v2\/media?parent=15821"}],"curies":[{"name":"wp","href":"https:\/\/api.w.org\/{rel}","templated":true}]}}