{"id":15864,"date":"2023-07-15T07:45:08","date_gmt":"2023-07-15T07:45:08","guid":{"rendered":"https:\/\/www.ticketswhales.com\/las-terrenas-los-haitises-bacardi-island-cayo-levantado\/"},"modified":"2023-07-15T07:45:08","modified_gmt":"2023-07-15T07:45:08","slug":"las-terrenas-los-haitises-bacardi-island-cayo-levantado","status":"publish","type":"page","link":"https:\/\/www.boattoursamana.com\/it\/las-terrenas-los-haitises-isola-bacardi-cayo-levantado","title":{"rendered":"Las Terrenas: Los Haitises e l&#039;isola Bacardi (Cayo Levantado)"},"content":{"rendered":"<p id=\"tw-target-text\" class=\"tw-data-text tw-text-large tw-ta\" dir=\"ltr\" data-placeholder=\"Translation\"><span class=\"Y2IQFc\" lang=\"en\">Escursione a Los Haitises e Cayo Levantado da Las Terrenas, Viaggio ecologico al Parco Nazionale Los Haitises con una guida turistica locale. Visita alle chiavi del Parco Nazionale Los Haitises, mangrovie, vegetazione, birdwatching, grotte, pittogrammi e aree storiche della Sabana de la Mar nel Parco Nazionale Los Haitises. Dopo Los Haitises abbiamo pranzato sulla spiaggia dell&#039;isola Bacardi. Prenota ora Tour al Parco Nazionale Los Haitises da Puerto Saman\u00e1 + Isola Bacard\u00ed (Cayo Levantado) con noi. <\/span><\/p>\n<p>N<\/p>\n<p class=\"tw-data-text tw-text-large tw-ta\" dir=\"ltr\" data-placeholder=\"Translation\"><strong><span class=\"Y2IQFc\" lang=\"en\">Seleziona la data del Tour:<\/span><\/strong><\/p>\n<p>&nbsp;<\/p>\n<div class=\"vc_row wpb_row vc_row-fluid\" ><div class=\"wpb_column vc_column_container vc_col-sm-12\"><div class=\"vc_column-inner\"><div class=\"wpb_wrapper\"><div class=\"mkdf-section-title-holder\" style=\"text-align: left\">\n\t<div class=\"mkdf-st-inner\">\n\t\t\t\t\t<h5 class=\"mkdf-st-subtitle\" >\n\t\t\t\tTour ecologici con gente del posto\t\t\t<\/h5>\n\t\t\t\t\t\t\t<h3 class=\"mkdf-st-title\" >\n\t\t\t\tLos Haitises e l&#039;isola Bacardi (Cayo Levantado) da Las Terrenas\t\t\t<\/h3>\n\t\t\t\t\t\t\t<p class=\"mkdf-st-text\" >\n\t\t\t\tSe sei a Las Terrenas. Questa \u00e8 la migliore gita di un giorno con pranzo a Cayo Levantado. Pick up presso gli hotel di Las Terrenas intorno alle 8:00 e ritorno alle 17:20.\t\t\t<\/p>\n\t\t\t<\/div>\n<\/div><\/div><\/div><\/div><\/div><div class=\"vc_row wpb_row vc_row-fluid\" ><div class=\"wpb_column vc_column_container vc_col-sm-12\"><div class=\"vc_column-inner\"><div class=\"wpb_wrapper\">\n\t<div class=\"wpb_text_column wpb_content_element\" >\n\t\t<div class=\"wpb_wrapper\">\n\t\t\t<p>\nN<\/p>\n<h4><\/h4>\n<p>N<\/p>\n<h2>Los Haitises e l&#039;isola Bacardi (Cayo Levantado) da Las Terrenas<\/h2>\n<p>N<\/p>\n<h4><b><i>Panoramica <\/i><\/b><\/h4>\n<p>nParco Nazionale Los Haitises con partenza dal porto di Saman\u00e1 pi\u00f9 pranzo all&#039;isola Bacardi. Vieni con noi e visita il parco nazionale pi\u00f9 bello della Repubblica Dominicana, visitando le mangrovie, le grotte e la baia di San Lorenzo, oltre ad attraversare la splendida baia di Saman\u00e1. Quindi ritorno nella zona di Saman\u00e1 per visitare l&#039;isola Bacardi, pranzare in spiaggia e nuotare in una delle spiagge pi\u00f9 belle della baia di Saman\u00e1.<br \/>\nN<br \/>\nnDopo questa esperienza, tornerai al porto di Saman\u00e1.<br \/>\nN<\/p>\n<ul>\nN \t<\/p>\n<li style=\"font-weight: 400;\">Commissioni incluse<\/li>\n<p>N \t<\/p>\n<li>Pranzo all&#039;isola Bacardi incluso<\/li>\n<p>N \t<\/p>\n<li style=\"font-weight: 400;\"><span style=\"font-weight: 400;\">La guida fornisce istruzioni e supervisione<\/span><\/li>\n<p>N<\/ul>\n<p>N&Nbsp;<br \/>\nN<\/p>\n<h4><b>Inclusioni ed esclusioni<\/b><\/h4>\n<p>N<b>Inclusioni<\/b><br \/>\nN<\/p>\n<ol>\nN \t<\/p>\n<li style=\"font-weight: 400;\">Tour di Los Haitises + Grotte e pittogrammi<\/li>\n<p>N \t<\/p>\n<li>Pranzo a Cayo Levantado (isola Bacardi) se ti piace un tour simile: Los Haitises + Ca\u00f1o Hondo<\/li>\n<p>N \t<\/p>\n<li style=\"font-weight: 400;\"><span style=\"font-weight: 400;\">Tutte le tasse, commissioni e spese di gestione<\/span><\/li>\n<p>N \t<\/p>\n<li style=\"font-weight: 400;\"><span style=\"font-weight: 400;\">Tasse locali<\/span><\/li>\n<p>N \t<\/p>\n<li style=\"font-weight: 400;\"><span style=\"font-weight: 400;\">Bevande<\/span><\/li>\n<p>N \t<\/p>\n<li style=\"font-weight: 400;\"><span style=\"font-weight: 400;\">Tutte le attivit\u00e0<\/span><\/li>\n<p>N \t<\/p>\n<li>Trasporti<\/li>\n<p>N \t<\/p>\n<li style=\"font-weight: 400;\"><span style=\"font-weight: 400;\">Guida locale<\/span><\/li>\n<p>N<\/ol>\n<p>N<b> Esclusioni<\/b><br \/>\nN<\/p>\n<ol>\nN \t<\/p>\n<li style=\"font-weight: 400;\"><span style=\"font-weight: 400;\">Mance<\/span><\/li>\n<p>N \t<\/p>\n<li style=\"font-weight: 400;\"><span style=\"font-weight: 400;\">Bevande alcoliche<\/span><\/li>\n<p>N<\/ol>\n<p>N&Nbsp;<br \/>\nN<\/p>\n<h4><em><strong>Partenza e ritorno<\/strong><\/em><\/h4>\n<p>N<span style=\"font-weight: 400;\">Il viaggiatore otterr\u00e0 un punto d&#039;incontro dopo il processo di prenotazione. I tour iniziano e finiscono nei nostri punti di incontro.<\/span><br \/>\nN<br \/>\nN&Nbsp;<br \/>\nN<\/p>\n<h2>Los Haitises e l&#039;isola Bacardi (Cayo Levantado) da Las Terrenas<\/h2>\n<p>N<\/p>\n<h4><b><i>Cosa aspettarsi?<\/i><\/b><\/h4>\n<p>N<b><i>V<\/i><\/b>isiting<strong> Parco Nazionale Los Haitises<\/strong> con un meraviglioso pranzo a<strong> Isola di Cayo Levantado<\/strong> e Nuoto in spiaggia. A partire da Las Terrenas a\u00a0 <strong>Porto di Saman\u00e1 e<\/strong> a bordo di una barca o di un catamarano con una guida turistica locale passiamo dalla baia di Saman\u00e1 al lato di Sabana de la Mar per visitare uno dei parchi nazionali pi\u00f9 belli della Repubblica Dominicana. <em><strong>Il Parco Nazionale di Haitises<\/strong><\/em>.<br \/>\nN<br \/>\nnIl tour, organizzato da \u201cBooking Adventures\u201d inizia al punto di incontro stabilito con la Guida Turistica. Vieni con Booking Adventures e inizia a controllare alcune mangrovie piene di uccelli, dolci colline di vegetazione lussureggiante e grotte <em><strong>Parco Nazionale Los Haitises<\/strong><\/em>. Visitare l&#039;isola con uccelli intorno. Nella stagione della nidificazione possiamo vedere anche i pulcini di Pelecanos sui nidi. Esplorare l&#039;interno delle Isole Rocciose e visitare le Grotte con pittogrammi e petrografi degli indigeni.<br \/>\nN<br \/>\nnAttraverso le mangrovie e atterra all&#039;aperto Baia di San Lorenzo, da dove puoi fotografare l&#039;aspro paesaggio forestale. Guarda l&#039;acqua per individuarlo <em><strong>lamantini<\/strong><\/em>, crostacei e <em><strong>delfini.<\/strong><\/em><br \/>\nN<\/p>\n<h2><strong>Grotte nel Parco Nazionale Los Haitises<\/strong><\/h2>\n<p>N<\/p>\n<div class=\"body-description secondary\">\nN<br \/>\nnIl nome del parco nazionale deriva dai suoi abitanti originari, gli indiani Taino. Nella loro lingua &quot;Haitises&quot; si traduce in altopiani o colline, un riferimento alle ripide formazioni geologiche della costa con calcari. Avventurati pi\u00f9 in profondit\u00e0 nel parco per esplorare grotte come quella <em><strong>Grotta dell&#039;Arena<\/strong><\/em> E <strong><em>Cueva de la Linea.<\/em><\/strong><br \/>\nN<br \/>\nnLe grotte nella riserva furono utilizzate come rifugio dagli indiani Taino e, in seguito, come nascondiglio dei pirati. Cerca i disegni degli indiani che decorano alcune pareti. Dopo aver visitato il Parco Nazionale Los Haitises torneremo al porto di Saman\u00e1 passando per la baia di Saman\u00e1 per 30 minuti e visitando l&#039;isola Bacardi. Faremo un pranzo tipico dell&#039;isola. Se sei vegano, non preoccuparti, abbiamo anche cibo per te!<br \/>\nN<br \/>\nnDopo aver nuotato tutto il pomeriggio e essersi rilassati sulla spiaggia, la nostra guida turistica fisser\u00e0 il tempo per tornare al porto di Saman\u00e1.<br \/>\nN<br \/>\nN<\/div>\n<p>Nel caso in cui ti piacer\u00e0 questo viaggio pi\u00f9 a lungo o pi\u00f9 breve, abbiamo queste opzioni:<br \/>\nN<\/p>\n<ol>\nN \t<\/p>\n<li>Solo Los Haitises dal porto di Saman\u00e1.<\/li>\n<p>N \t<\/p>\n<li>Los Haitises + Ca\u00f1o Hondo dal porto di Saman\u00e1.<\/li>\n<p>N<\/ol>\n<p>N&Nbsp;<br \/>\nN<\/p>\n<h4><em><strong>Cosa dovresti portare?<\/strong><\/em><\/h4>\n<p>N<\/p>\n<ul>\nN \t<\/p>\n<li style=\"font-weight: 400;\"><span style=\"font-weight: 400;\">Telecamera<\/span><\/li>\n<p>N \t<\/p>\n<li style=\"font-weight: 400;\"><span style=\"font-weight: 400;\">Boccioli repellenti<\/span><\/li>\n<p>N \t<\/p>\n<li style=\"font-weight: 400;\"><span style=\"font-weight: 400;\">Crema solare<\/span><\/li>\n<p>N \t<\/p>\n<li style=\"font-weight: 400;\"><span style=\"font-weight: 400;\">Cappello<\/span><\/li>\n<p>N \t<\/p>\n<li style=\"font-weight: 400;\"><span style=\"font-weight: 400;\">Pantaloni comodi<\/span><\/li>\n<p>N \t<\/p>\n<li style=\"font-weight: 400;\"><span style=\"font-weight: 400;\">Scarpe da trekking per la foresta<\/span><\/li>\n<p>N \t<\/p>\n<li style=\"font-weight: 400;\"><span style=\"font-weight: 400;\">Sandali per le zone primaverili.<\/span><\/li>\n<p>N \t<\/p>\n<li style=\"font-weight: 400;\"><span style=\"font-weight: 400;\">Abbigliamento da bagno<\/span><\/li>\n<p>N<\/ul>\n<p>N&Nbsp;<br \/>\nN<\/p>\n<h4><b><i>Prelievo dall&#039;hotel <\/i><\/b><\/h4>\n<p>N<span style=\"font-weight: 400;\">Il prelievo in hotel \u00e8 offerto da Las Terrenas. <\/span><br \/>\nN<br \/>\nN&Nbsp;<br \/>\nN<br \/>\nN<b>Nota:<\/b><span style=\"font-weight: 400;\"> se prenoti entro 24 ore dall&#039;orario di partenza del tour\/dell&#039;escursione, possiamo organizzare il prelievo in hotel con costi aggiuntivi. Una volta completato l&#039;acquisto, ti invieremo le informazioni di contatto complete (numero di telefono, indirizzo e-mail, ecc.) affinch\u00e9 la nostra guida turistica locale possa organizzare le modalit\u00e0 di ritiro.<\/span><br \/>\nN<\/p>\n<h4><b><i>Conferma di informazioni aggiuntive <\/i><\/b><\/h4>\n<p>N<\/p>\n<ol>\nN \t<\/p>\n<li>I biglietti rappresentano la ricevuta dopo aver pagato questo tour. Puoi mostrare il pagamento sul tuo telefono.<\/li>\n<p>N \t<\/p>\n<li style=\"font-weight: 400;\"><span style=\"font-weight: 400;\">Il punto d&#039;incontro verr\u00e0 ricevuto dopo il processo di prenotazione.<\/span><\/li>\n<p>N \t<\/p>\n<li style=\"font-weight: 400;\"><span style=\"font-weight: 400;\">I bambini devono essere accompagnati da un adulto.<\/span><\/li>\n<p>N \t<\/p>\n<li style=\"font-weight: 400;\"><span style=\"font-weight: 400;\"> Non accessibile in sedia a rotelle <\/span><\/li>\n<p>N \t<\/p>\n<li style=\"font-weight: 400;\"><span style=\"font-weight: 400;\">I neonati devono sedersi sulle ginocchia <\/span><\/li>\n<p>N \t<\/p>\n<li style=\"font-weight: 400;\"><span style=\"font-weight: 400;\">Non raccomandato per viaggiatori con problemi alla schiena<\/span><\/li>\n<p>N \t<\/p>\n<li style=\"font-weight: 400;\"><span style=\"font-weight: 400;\">Non raccomandato per i viaggiatori in gravidanza <\/span><\/li>\n<p>N \t<\/p>\n<li style=\"font-weight: 400;\"><span style=\"font-weight: 400;\"> Nessun problema cardiaco o altre condizioni mediche gravi <\/span><\/li>\n<p>N \t<\/p>\n<li style=\"font-weight: 400;\"><span style=\"font-weight: 400;\">La maggior parte dei viaggiatori pu\u00f2 partecipare<\/span><\/li>\n<p>N<\/ol>\n<p>N<\/p>\n<h4><b><i>Politica di cancellazione<\/i><\/b><\/h4>\n<p>Per un rimborso completo, leggi le nostre politiche di cancellazione\u00a0<a href=\"https:\/\/www.boattoursamana.com\/it\/prenotazione-online\/\" target=\"_blank\" rel=\"noopener\" data-saferedirecturl=\"https:\/\/www.google.com\/url?q=https:\/\/www.boattoursamana.com\/online-booking\/&amp;source=gmail&amp;ust=1672449202351000&amp;usg=AOvVaw1yAeVAPktmaVCqDujgUn90\">clicca qui<\/a>. I fondi andranno persi se la prenotazione viene cancellata lo stesso giorno del viaggio.<\/p>\n\n\t\t<\/div>\n\t<\/div>\n\n\t<div class=\"wpb_video_widget wpb_content_element vc_clearfix   vc_video-aspect-ratio-169 vc_video-el-width-100 vc_video-align-left\" >\n\t\t<div class=\"wpb_wrapper\">\n\t\t\t<h2 class=\"wpb_heading wpb_video_heading\">Parco Nazionale Los Haitises<\/h2>\n\t\t\t<div class=\"wpb_video_wrapper\"><iframe loading=\"lazy\" title=\"Tour ed escursioni del Parco Nazionale Los Haitises\" width=\"1100\" height=\"619\" src=\"https:\/\/www.youtube.com\/embed\/vMI4Ou81cd4?feature=oembed\" frameborder=\"0\" allow=\"accelerometer; autoplay; clipboard-write; encrypted-media; gyroscope; picture-in-picture; web-share\" allowfullscreen><\/iframe><\/div>\n\t\t<\/div>\n\t<\/div>\n<\/div><\/div><\/div><\/div><div class=\"vc_row wpb_row vc_row-fluid\" ><\/div><div class=\"wpb_column vc_column_container vc_col-sm-12\"><div class=\"vc_column-inner\"><div class=\"wpb_wrapper\"><\/div><\/div><\/div><div class=\"vc_empty_space\"   style=\"height: 32px\"><span class=\"vc_empty_space_inner\"><\/span><\/div>\n\t<div class=\"wpb_text_column wpb_content_element\" >\n\t\t<div class=\"wpb_wrapper\">\n\t\t\t<p>\nN<br \/>\nSono un blocco di testo. Fare clic sul pulsante Modifica per modificare questo testo. Lorem ipsum dolor sit amet, consectetur adipiscing elit. Ut elit tellus, luctus nec ullamcorper mattis, pulvinar dapibus leo.<br \/>\nN<br \/>\nN<\/p>\n\n\t\t<\/div>\n\t<\/div>\n<div class=\"vc_empty_space\"   style=\"height: 32px\"><span class=\"vc_empty_space_inner\"><\/span><\/div><div class=\"vc_row wpb_row vc_row-fluid\" ><\/div><div class=\"wpb_column vc_column_container vc_col-sm-12\"><div class=\"vc_column-inner\"><div class=\"wpb_wrapper\"><\/div><\/div><\/div><div class=\"mkdf-section-title-holder\" style=\"text-align: left\">\n\t<div class=\"mkdf-st-inner\">\n\t\t\t\t\t\t\t<h3 class=\"mkdf-st-title\" >\n\t\t\t\tLos Haitises e Cayo Levantado\t\t\t<\/h3>\n\t\t\t\t\t<\/div>\n<\/div><div class=\"vc_empty_space\"   style=\"height: 32px\"><span class=\"vc_empty_space_inner\"><\/span><\/div><div class=\"vc_row wpb_row vc_row-fluid\" ><\/div><div class=\"wpb_column vc_column_container vc_col-sm-12\"><div class=\"vc_column-inner\"><div class=\"wpb_wrapper\"><\/div><\/div><\/div>","protected":false},"excerpt":{"rendered":"<p>Excursion to Los Haitises and Cayo Levantado from Las Terrenas, Ecological Trip to Los Haitises National Park with a Local Tourist Guide. Visiting the Keys in Los Haitises National Park, Mangroves, Vegetation, Bird Watching, Caves, Pictograms and the historical areas of Sabana de la Mar in Los Haitises National Park. After Los Haitises we had lunch on the beach at Bacardi Island. Book now Tour to Los Haitises National Park from Puerto Saman\u00e1 + Bacard\u00ed Island (Cayo Levantado) with us. [&hellip;]<\/p>\n","protected":false},"author":2,"featured_media":0,"parent":0,"menu_order":0,"comment_status":"open","ping_status":"closed","template":"","meta":{"footnotes":""},"class_list":["post-15864","page","type-page","status-publish","hentry"],"_links":{"self":[{"href":"https:\/\/www.boattoursamana.com\/it\/wp-json\/wp\/v2\/pages\/15864","targetHints":{"allow":["GET"]}}],"collection":[{"href":"https:\/\/www.boattoursamana.com\/it\/wp-json\/wp\/v2\/pages"}],"about":[{"href":"https:\/\/www.boattoursamana.com\/it\/wp-json\/wp\/v2\/types\/page"}],"author":[{"embeddable":true,"href":"https:\/\/www.boattoursamana.com\/it\/wp-json\/wp\/v2\/users\/2"}],"replies":[{"embeddable":true,"href":"https:\/\/www.boattoursamana.com\/it\/wp-json\/wp\/v2\/comments?post=15864"}],"version-history":[{"count":0,"href":"https:\/\/www.boattoursamana.com\/it\/wp-json\/wp\/v2\/pages\/15864\/revisions"}],"wp:attachment":[{"href":"https:\/\/www.boattoursamana.com\/it\/wp-json\/wp\/v2\/media?parent=15864"}],"curies":[{"name":"wp","href":"https:\/\/api.w.org\/{rel}","templated":true}]}}