{"id":11528,"date":"2020-09-08T10:03:32","date_gmt":"2020-09-08T10:03:32","guid":{"rendered":"https:\/\/www.ticketswhales.com\/Tours-Excursions\/uncategorized\/import-placeholder-for-302189\/"},"modified":"2023-11-10T13:16:47","modified_gmt":"2023-11-10T13:16:47","slug":"saona-island-private-tour-from-cap-cana-hotels-cap-cana-lobby","status":"publish","type":"product","link":"https:\/\/www.boattoursamana.com\/it\/tour\/tour-privato-dellisola-di-saona-dagli-hotel-di-cap-cana-lobby-di-cap-cana","title":{"rendered":"Tour privato dell&#039;isola di Saona dagli hotel di Cap Cana - Lobby di Cap Cana"},"content":{"rendered":"<div class=\"vc_row wpb_row vc_row-fluid\" ><div class=\"wpb_column vc_column_container vc_col-sm-12\"><div class=\"vc_column-inner\"><div class=\"wpb_wrapper\"><div class=\"vc_btn3-container vc_btn3-inline\" ><a class=\"vc_general vc_btn3 vc_btn3-size-md vc_btn3-shape-rounded vc_btn3-style-modern vc_btn3-color-green\" href=\"https:\/\/bookingadventures.tours\/booking.php?tour_id=1c85fe9604e2cc8d0dc000a6eba6a86a\" title=\"\" rel=\"noopener\">PRENOTA ORA<\/a><\/div>\n\t<div class=\"wpb_text_column wpb_content_element\" >\n\t\t<div class=\"wpb_wrapper\">\n\t\t\t<h2><b><i>Viaggio privato sull&#039;isola di Saona\u00a0<\/i><\/b><\/h2>\n<h4><b><i>Panoramica<\/i><\/b><\/h4>\n<div>La partenza in Barche \u00e8 dal molo principale di <strong>Bayahibe<\/strong> alle 9:00 e ritorno alle 17:00. Se\u00a0<b>(stai aggiungendo un trasferimento privato da altre partenze a questo tempo di viaggio potrebbe cambiare)<\/b> <span style=\"font-size: 16px;\">Questo viaggio ti porta nelle migliori spiagge di <strong>Isola di Saona<\/strong> (Isla Saona) partendo dalla citt\u00e0 di Bayahibe, il tuo pranzo sar\u00e0 sull&#039;isola e ti fermerai alle piscine naturali del<strong> Parco Nazionale Cotubanama<\/strong>. Goditi la bellissima costa sud-orientale della Repubblica Dominicana, dove dopo aver preso la barca navigherai lungo la costa osservando le diverse spiagge, paesaggi, mangrovie e formazioni calcaree di questo luogo unico.\u00a0<\/span><\/div>\n<div>\n<p><span style=\"font-weight: 400;\">Per raggiungere l&#039;isola ci vogliono circa 45 minuti e durante il tour avrai la possibilit\u00e0 di vedere <strong>Mano Juan<\/strong>, che \u00e8 l&#039;unica comunit\u00e0 stabilita sull&#039;isola, in questo stesso posto avrai la possibilit\u00e0 di pranzare, nel caso in cui non arrivi a Mano Juan, visiterai diverse spiagge della zona e il pranzo sar\u00e0 sulla spiaggia, avrai anche l&#039;opportunit\u00e0 di fare snorkeling sull&#039;isola.<\/span><\/p>\n<p><span style=\"font-weight: 400;\">Una volta terminato il tuo viaggio nelle diverse localit\u00e0 dell&#039;isola, tornerai al luogo in cui incontrerai la guida turistica.<\/span><\/p>\n<ul>\n<li style=\"font-weight: 400;\"><span style=\"font-weight: 400;\">Include pranzo a buffet sulla spiaggia.<\/span><\/li>\n<li style=\"font-weight: 400;\"><span style=\"font-weight: 400;\">Piscina naturale<\/span><\/li>\n<li style=\"font-weight: 400;\"><span style=\"font-weight: 400;\">Trasferimento in barca o catamarano<\/span><\/li>\n<li style=\"font-weight: 400;\"><span style=\"font-weight: 400;\">Il Capitano fornisce istruzioni e supervisione<\/span><\/li>\n<\/ul>\n<\/div>\n<p>&nbsp;<\/p>\n<h2><b>Inclusioni ed esclusioni<\/b><\/h2>\n<p><b>Inclusioni<\/b><\/p>\n<ol>\n<li>Gita in motoscafo o catamarano (tutto dipende dalle dimensioni del gruppo)<\/li>\n<li style=\"font-weight: 400;\"><span style=\"font-weight: 400;\">Pranzo a buffet sulla spiaggia<\/span><\/li>\n<li>Piscina naturale<\/li>\n<li style=\"font-weight: 400;\"><span style=\"font-weight: 400;\">Tutte le tasse, commissioni e spese di gestione<\/span><\/li>\n<li style=\"font-weight: 400;\"><span style=\"font-weight: 400;\">Tasse locali<\/span><\/li>\n<li style=\"font-weight: 400;\"><span style=\"font-weight: 400;\">Bevande<\/span><\/li>\n<\/ol>\n<p><b> Esclusioni<\/b><\/p>\n<ol>\n<li style=\"font-weight: 400;\"><span style=\"font-weight: 400;\">Mance<\/span><\/li>\n<li>Guida locale<\/li>\n<\/ol>\n<p>&nbsp;<\/p>\n<h4><em><strong>Partenza e ritorno<\/strong><\/em><\/h4>\n<p><span style=\"font-weight: 400;\">Abbiamo un programma progettato per venirti a prendere e lasciarti in base alla zona in cui ti trovi. <\/span><span style=\"font-weight: 400;\">Il viaggiatore otterr\u00e0 un punto d&#039;incontro dopo il processo di prenotazione. I tour iniziano e finiscono nei nostri punti di incontro.<\/span><\/p>\n<p>&nbsp;<\/p>\n<h4><b><i>Cosa aspettarsi?<\/i><\/b><\/h4>\n<p>&nbsp;<\/p>\n<p><em><strong>Ottieni i tuoi biglietti<\/strong><\/em> per un pass giornaliero sull&#039;isola di Saona (Isla Saona) a Bayahibe pi\u00f9 un meraviglioso pranzo e tempo in spiaggia.<\/p>\n<p><span style=\"font-weight: 400;\">La Gita di un Giorno, organizzata da \u201cBooking Adventures\u201d, inizia al punto di incontro stabilito con la Guida Turistica. <\/span>Pranzo in spiaggia e potrai restare tutto il tempo che vorrai nuotando. Se sei vegano, possiamo anche prepararti del cibo.<\/p>\n<p>Questa gita in barca inizia a Bayahibe ma offriamo un trasferimento privato a un costo aggiuntivo a seconda di dove si trova il gruppo.<\/p>\n<p><strong>Orario:<\/strong><\/p>\n<p>7:45 \u2013 18:00<\/p>\n<p>&nbsp;<\/p>\n<h4><em><strong>Cosa dovresti portare?<\/strong><\/em><\/h4>\n<ul>\n<li style=\"font-weight: 400;\"><span style=\"font-weight: 400;\">Telecamera<\/span><\/li>\n<li style=\"font-weight: 400;\"><span style=\"font-weight: 400;\">Boccioli repellenti<\/span><\/li>\n<li style=\"font-weight: 400;\"><span style=\"font-weight: 400;\">crema solare<\/span><\/li>\n<li style=\"font-weight: 400;\"><span style=\"font-weight: 400;\">Cappello<\/span><\/li>\n<li style=\"font-weight: 400;\"><span style=\"font-weight: 400;\">Pantaloni comodi<\/span><\/li>\n<li style=\"font-weight: 400;\"><span style=\"font-weight: 400;\">Scarpe da trekking per la foresta<\/span><\/li>\n<li style=\"font-weight: 400;\"><span style=\"font-weight: 400;\">Sandali per la spiaggia<\/span><\/li>\n<li style=\"font-weight: 400;\"><span style=\"font-weight: 400;\">Abbigliamento da bagno<\/span><\/li>\n<li>Contanti per souvenir<\/li>\n<\/ul>\n<p>&nbsp;<\/p>\n<h2><b><i>Prelievo dall&#039;hotel per la gita di un giorno all&#039;Isola di Saona<\/i><\/b><\/h2>\n<p><span style=\"font-weight: 400;\">Questo \u00e8 il programma che abbiamo impostato in base alle tue posizioni. Fateci sapere il vostro hotel specifico e vi contatteremo per dirvi dove ci incontreremo. Queste opzioni di trasferimento applicano un costo aggiuntivo. Questo viaggio inizia a Bayahibe.<\/span><\/p>\n<table style=\"height: 487px;\" width=\"420\">\n<tbody>\n<tr>\n<td><b>Posto<\/b><\/td>\n<td><b>Tempo<\/b><\/td>\n<\/tr>\n<tr>\n<td><b>Punta Cana<\/b><\/td>\n<td><b>7:45<\/b><\/td>\n<\/tr>\n<tr>\n<td><b>Bavaro<\/b><\/td>\n<td><b>07:30<\/b><\/td>\n<\/tr>\n<tr>\n<td><b>Uvero Altos<\/b><\/td>\n<td><b>7:00<\/b><\/td>\n<\/tr>\n<tr>\n<td><b>Club Med<\/b><\/td>\n<td><b>7:00<\/b><\/td>\n<\/tr>\n<tr>\n<td><b>Boca Chica<\/b><\/td>\n<td><b>7:00<\/b><\/td>\n<\/tr>\n<tr>\n<td><b>Santo Domingo<\/b><\/td>\n<td><b>6:40<\/b><\/td>\n<\/tr>\n<tr>\n<td><b>Juan Dolio<\/b><\/td>\n<td><b>7:00<\/b><\/td>\n<\/tr>\n<\/tbody>\n<\/table>\n<p>&nbsp;<\/p>\n<p><b>Nota:<\/b><span style=\"font-weight: 400;\"> se prenoti entro 24 ore dall&#039;orario di partenza del tour\/dell&#039;escursione, possiamo organizzare il prelievo in hotel con costi aggiuntivi. Una volta completato l&#039;acquisto, ti invieremo le informazioni di contatto complete (numero di telefono, indirizzo e-mail, ecc.) affinch\u00e9 la nostra guida turistica locale possa organizzare le modalit\u00e0 di ritiro.<\/span><\/p>\n<h4><b><i>Conferma di informazioni aggiuntive <\/i><\/b><\/h4>\n<ol>\n<li>I biglietti rappresentano la ricevuta dopo aver pagato questo tour. Puoi mostrare il pagamento sul tuo telefono.<\/li>\n<li style=\"font-weight: 400;\"><span style=\"font-weight: 400;\">Il punto d&#039;incontro verr\u00e0 ricevuto dopo il processo di prenotazione.<\/span><\/li>\n<li style=\"font-weight: 400;\"><span style=\"font-weight: 400;\">I bambini devono essere accompagnati da un adulto.<\/span><\/li>\n<li style=\"font-weight: 400;\"><span style=\"font-weight: 400;\">Accessibile alle sedie a rotelle <\/span><\/li>\n<li style=\"font-weight: 400;\"><span style=\"font-weight: 400;\">I neonati devono sedersi sulle ginocchia <\/span><\/li>\n<li style=\"font-weight: 400;\"><span style=\"font-weight: 400;\">La maggior parte dei viaggiatori pu\u00f2 partecipare<\/span><\/li>\n<\/ol>\n<h4><b><i>Politica di cancellazione<\/i><\/b><\/h4>\n<p>Per un rimborso completo, leggi le nostre politiche di cancellazione\u00a0<a href=\"https:\/\/www.boattoursamana.com\/it\/prenotazione-online\/\" target=\"_blank\" rel=\"noopener\" data-saferedirecturl=\"https:\/\/www.google.com\/url?q=https:\/\/www.boattoursamana.com\/online-booking\/&amp;source=gmail&amp;ust=1672449202351000&amp;usg=AOvVaw1yAeVAPktmaVCqDujgUn90\">clicca qui<\/a>. I fondi andranno persi se la prenotazione viene cancellata lo stesso giorno del viaggio.<\/p>\n<p>NOTA: Se desideri fare questa escursione e desideri conoscere qualche dettaglio in pi\u00f9 puoi farlo<a href=\"mailto:info@bookingadventures.com.do\">\u00a0contattaci tramite e-mail<\/a>l<strong>\u00a0<\/strong>oppure attraverso il nostro servizio diretto chat Whatsapp a questo numero:\u00a0<strong>+1 809-720-6035<\/strong>. Ti risponderemo immediatamente e possiamo farti un&#039;offerta adattando il prezzo in base al numero di persone.<\/p>\n<p>(Per organizzare il tour privatamente richiediamo un minimo di 4 persone. Per meno persone possiamo organizzare un tour semi-privato con un massimo di 15 persone).<\/p>\n<div id=\"gtx-trans\" style=\"position: absolute; left: -1px; top: 1055.03px;\">\n<div class=\"gtx-trans-icon\"><\/div>\n<\/div>\n\n\t\t<\/div>\n\t<\/div>\n<\/div><\/div><\/div><\/div><div class=\"vc_row wpb_row vc_row-fluid\" ><div class=\"wpb_column vc_column_container vc_col-sm-12\"><div class=\"vc_column-inner\"><div class=\"wpb_wrapper\"><div class=\"vc_btn3-container vc_btn3-inline\" ><a class=\"vc_general vc_btn3 vc_btn3-size-md vc_btn3-shape-rounded vc_btn3-style-modern vc_btn3-color-green\" href=\"https:\/\/bookingadventures.tours\/booking.php?tour_id=1c85fe9604e2cc8d0dc000a6eba6a86a\" title=\"\" rel=\"noopener\">PRENOTA ORA<\/a><\/div><\/div><\/div><\/div><\/div><div class=\"vc_row wpb_row vc_row-fluid\" ><div class=\"wpb_column vc_column_container vc_col-sm-12\"><div class=\"vc_column-inner\"><div class=\"wpb_wrapper\"><div class=\"vc_empty_space\"   style=\"height: 32px\"><span class=\"vc_empty_space_inner\"><\/span><\/div>\n\t<div class=\"wpb_video_widget wpb_content_element vc_clearfix   vc_video-aspect-ratio-169 vc_video-el-width-100 vc_video-align-left\" >\n\t\t<div class=\"wpb_wrapper\">\n\t\t\t<h2 class=\"wpb_heading wpb_video_heading\">Video di tour ed escursioni dell&#039;isola di Saona:<\/h2>\n\t\t\t<div class=\"wpb_video_wrapper\"><iframe loading=\"lazy\" title=\"Intera giornata all&#039;Isola di Saola con Booking Adventures, Viaggia nella Repubblica Dominicana\" width=\"1100\" height=\"619\" src=\"https:\/\/www.youtube.com\/embed\/sas91N4zMHo?feature=oembed\" frameborder=\"0\" allow=\"accelerometer; autoplay; encrypted-media; gyroscope; picture-in-picture\" allowfullscreen><\/iframe><\/div>\n\t\t<\/div>\n\t<\/div>\n<div class=\"vc_empty_space\"   style=\"height: 32px\"><span class=\"vc_empty_space_inner\"><\/span><\/div><div class=\"vc_btn3-container vc_btn3-inline\" ><a class=\"vc_general vc_btn3 vc_btn3-size-md vc_btn3-shape-rounded vc_btn3-style-modern vc_btn3-color-green\" href=\"https:\/\/bookingadventures.tours\/booking.php?tour_id=1c85fe9604e2cc8d0dc000a6eba6a86a\" title=\"\" rel=\"noopener\">PRENOTA ORA<\/a><\/div><\/div><\/div><\/div><\/div><div class=\"vc_row wpb_row vc_row-fluid\" ><\/div><div class=\"wpb_column vc_column_container vc_col-sm-12\"><div class=\"vc_column-inner\"><div class=\"wpb_wrapper\"><\/div><\/div><\/div><div class=\"vc_empty_space\"   style=\"height: 32px\"><span class=\"vc_empty_space_inner\"><\/span><\/div><div class=\"vc_empty_space\"   style=\"height: 32px\"><span class=\"vc_empty_space_inner\"><\/span><\/div>","protected":false},"excerpt":{"rendered":"<p>Pass giornaliero per l&#039;isola di Saona dal porto di Bayahibe. Pranzo e piscine naturali inclusi. Se necessario trasferimento da qualsiasi parte della Repubblica Dominicana. Contattaci e vivremo la migliore esperienza a Isla Saona.<\/p>\n<p>&nbsp;<\/p>\n<p><strong>Seleziona la data del tour:<\/strong><\/p>","protected":false},"featured_media":13414,"template":"","meta":[],"product_cat":[948,971,965,821,829,828],"product_tag":[400,244,830,242,395,272,823,690,241,243,315,398,824,825,314],"class_list":["post-11528","product","type-product","status-publish","has-post-thumbnail","hentry","product_cat-1-punta-cana","product_cat-punta-cana-private-tours","product_cat-punta-cana-saona-island","product_cat-saona-island-offers","product_cat-saona-island-private-tour-from-cap-cana-hotels-cap-cana-lobby","product_cat-saona-island-private-tour-from-la-romana-hotels-la-romana-lobby","product_tag-all-inclusive-trip-to-saona-island-by-speedboat-catamaran","product_tag-bayahibe","product_tag-cap-cana","product_tag-catamaran","product_tag-how-to-get-to-saona-island","product_tag-isla-saona","product_tag-private-day-trip-saona","product_tag-private-tours","product_tag-saona","product_tag-saona-island","product_tag-saona-island-excursion","product_tag-saona-island-hotels","product_tag-saona-island-private","product_tag-saona-island-private-tour-from-punta-cana-hotels-punta-cana-lobby","product_tag-saona-island-tour"],"_links":{"self":[{"href":"https:\/\/www.boattoursamana.com\/it\/wp-json\/wp\/v2\/product\/11528","targetHints":{"allow":["GET"]}}],"collection":[{"href":"https:\/\/www.boattoursamana.com\/it\/wp-json\/wp\/v2\/product"}],"about":[{"href":"https:\/\/www.boattoursamana.com\/it\/wp-json\/wp\/v2\/types\/product"}],"wp:featuredmedia":[{"embeddable":true,"href":"https:\/\/www.boattoursamana.com\/it\/wp-json\/wp\/v2\/media\/13414"}],"wp:attachment":[{"href":"https:\/\/www.boattoursamana.com\/it\/wp-json\/wp\/v2\/media?parent=11528"}],"wp:term":[{"taxonomy":"product_cat","embeddable":true,"href":"https:\/\/www.boattoursamana.com\/it\/wp-json\/wp\/v2\/product_cat?post=11528"},{"taxonomy":"product_tag","embeddable":true,"href":"https:\/\/www.boattoursamana.com\/it\/wp-json\/wp\/v2\/product_tag?post=11528"}],"curies":[{"name":"wp","href":"https:\/\/api.w.org\/{rel}","templated":true}]}}