{"id":12064,"date":"2021-01-29T09:07:31","date_gmt":"2021-01-29T09:07:31","guid":{"rendered":"https:\/\/www.ticketswhales.com\/Tours-Excursions\/uncategorized\/import-placeholder-for-8651\/"},"modified":"2023-10-03T11:26:02","modified_gmt":"2023-10-03T11:26:02","slug":"excursion-whale-watching-samana-bay-cano-hondo-los-haitises-from-samana-port","status":"publish","type":"product","link":"https:\/\/www.boattoursamana.com\/it\/tour\/escursione-osservazione-delle-balene-samana-bay-cano-hondo-los-haitises-dal-porto-di-samana","title":{"rendered":"Escursione Whale Watching Baia di Saman\u00e1 + Ca\u00f1o Hondo + Los Haitises dal porto di Saman\u00e1"},"content":{"rendered":"<div class=\"vc_row wpb_row vc_row-fluid\" ><\/div><div class=\"wpb_column vc_column_container vc_col-sm-12\"><div class=\"vc_column-inner\"><div class=\"wpb_wrapper\"><\/div><\/div><\/div><div class=\"mkdf-section-title-holder\" style=\"text-align: left\">\n\t<div class=\"mkdf-st-inner\">\n\t\t\t\t\t<h5 class=\"mkdf-st-subtitle\" >\n\t\t\t\tTour ed escursioni\t\t\t<\/h5>\n\t\t\t\t\t\t\t<h3 class=\"mkdf-st-title\" >\n\t\t\t\tEscursione Whale Watching baia di Samana + Cano Hondo + Los Haitises dal porto di Samana\t\t\t<\/h3>\n\t\t\t\t\t<\/div>\n<\/div>\n\t<div class=\"wpb_text_column wpb_content_element\" >\n\t\t<div class=\"wpb_wrapper\">\n\t\t\t<div class=\"vc_row wpb_row vc_row-fluid\">\n<div class=\"wpb_column vc_column_container vc_col-sm-12\">\n<div class=\"vc_column-inner\">\n<div class=\"wpb_wrapper\">\n<div class=\"wpb_text_column wpb_content_element\">\n<div class=\"wpb_wrapper\">\n<h3><\/h3>\n<p>L&#039;osservazione delle balene a Saman\u00e1 inizia dal porto di Saman\u00e1. Dopo l&#039;osservazione delle balene, attraverseremo la baia per visitare le piscine naturali di Ca\u00f1o Hondo, pi\u00f9 pranzo e viaggio completo nel Parco Nazionale Los Haitises.<\/p>\n<p>Questo viaggio inizier\u00e0 alle 9:00 e terminer\u00e0 alle 17:00. Incontro prima nel nostro ufficio. Dopo aver interrotto la nostra barca privata per visitare le balene nel loro habitat. Dalle 9:00 alle 11:00 Osservatorio delle balene e dopo questo viaggio di osservazione delle balene visiteremo Ca\u00f1o Hondo per pranzo, oltre a nuotare nelle piscine naturali e terminare con un viaggio completo al Parco Nazionale Los Haitises. Questa escursione terminer\u00e0 nello stesso porto da dove inizier\u00e0 alle 17:00.<\/p>\n<p><strong>Nota: questa \u00e8 un&#039;escursione privata.\u00a0<\/strong><\/p>\n<ul>\n<li>Escursione di osservazione delle balene<\/li>\n<li>Tour del Parco Nazionale Los Haitises<\/li>\n<li>Ca\u00f1o Hondo, Pranzo e Piscine<\/li>\n<li>Biglietti d&#039;ingresso all&#039;Osservatorio<\/li>\n<li>Trasferimento in barca<\/li>\n<li>Il Capitano fornisce istruzioni e supervisione<\/li>\n<li>Guida turistica<\/li>\n<\/ul>\n<p>&nbsp;<\/p>\n<h4><b>Inclusioni ed esclusioni<\/b><\/h4>\n<p>&nbsp;<\/p>\n<p><b>Inclusioni<\/b><\/p>\n<ol>\n<li>Pranzo a buffet a Ca\u00f1o Hondo<\/li>\n<li>Piscine naturali<\/li>\n<li>Osservazione delle balene nella baia di Saman\u00e1<\/li>\n<li>Parco Nazionale Los Haitises, Grotte, Mangrovie e Baia di San Lorenzo<\/li>\n<li>Guida turistica<\/li>\n<li>Gita in catamarano o in barca<\/li>\n<li>Tutte le tasse, commissioni e spese di gestione<\/li>\n<li>Tasse locali<\/li>\n<li>Bevande<\/li>\n<\/ol>\n<p><b>Esclusioni<\/b><\/p>\n<ol>\n<li>Mance<\/li>\n<li>Trasferimento in auto<\/li>\n<li>Bevande alcoliche<\/li>\n<\/ol>\n<p>&nbsp;<\/p>\n<h4><em><strong>Partenza e ritorno<\/strong><\/em><\/h4>\n<p>Il viaggiatore otterr\u00e0 un punto d&#039;incontro dopo il processo di prenotazione. I tour iniziano e finiscono nei nostri punti di incontro.<\/p>\n<p>&nbsp;<\/p>\n<h4><b><i>Cosa aspettarsi?<\/i><\/b><\/h4>\n<p>&nbsp;<\/p>\n<p><em><strong>Ottieni i tuoi biglietti<\/strong><\/em> per un tour di osservazione delle balene di un giorno nella baia di Samana, oltre a un meraviglioso pranzo, tempo in spiaggia e visita al Parco Nazionale Los Haitises.<\/p>\n<p>Le escursioni di osservazione delle balene sono organizzate da \u201cBooking Adventures\u201d iniziano al punto di incontro stabilito con la Guida Turistica. Pranzo in spiaggia e potrai restare tutto il tempo che vorrai nuotando. Se sei vegano, possiamo anche prepararti del cibo.<\/p>\n<p><strong>Orario:<\/strong><\/p>\n<p>8:45 \u2013 17:00<\/p>\n<p>&nbsp;<\/p>\n<h4><em><strong>Cosa dovresti portare?<\/strong><\/em><\/h4>\n<ul>\n<li>Telecamera<\/li>\n<li>Boccioli repellenti<\/li>\n<li>crema solare<\/li>\n<li>Cappello<\/li>\n<li>Pantaloni comodi<\/li>\n<li>Sandali per la spiaggia<\/li>\n<li>Abbigliamento da bagno<\/li>\n<li>Contanti per souvenir<\/li>\n<\/ul>\n<p>&nbsp;<\/p>\n<h4><b><i>Prelievo dall&#039;hotel<\/i><\/b><\/h4>\n<p>Per questo tour non \u00e8 disponibile il prelievo in hotel.<\/p>\n<p>&nbsp;<\/p>\n<p><b>Nota:<\/b>\u00a0se prenoti entro 24 ore dall&#039;orario di partenza del tour\/dell&#039;escursione, possiamo organizzare il prelievo in hotel con costi aggiuntivi. Una volta completato l&#039;acquisto, ti invieremo le informazioni di contatto complete (numero di telefono, indirizzo e-mail, ecc.) affinch\u00e9 la nostra guida turistica locale possa organizzare le modalit\u00e0 di ritiro.<\/p>\n<h4><b><i>Conferma di informazioni aggiuntive<\/i><\/b><\/h4>\n<ol>\n<li>I biglietti rappresentano la ricevuta dopo aver pagato questo tour. Puoi mostrare il pagamento sul tuo telefono.<\/li>\n<li>Il punto d&#039;incontro verr\u00e0 ricevuto dopo il processo di prenotazione.<\/li>\n<li>I bambini devono essere accompagnati da un adulto.<\/li>\n<li>Accessibile alle sedie a rotelle<\/li>\n<li>I neonati devono sedersi sulle ginocchia<\/li>\n<li>La maggior parte dei viaggiatori pu\u00f2 partecipare<\/li>\n<\/ol>\n<h4><b><i>Politica di cancellazione<\/i><\/b><\/h4>\n<p>Per un rimborso completo, leggi le nostre politiche di cancellazione\u00a0<a href=\"https:\/\/www.boattoursamana.com\/it\/prenotazione-online\/\" target=\"_blank\" rel=\"noopener\" data-saferedirecturl=\"https:\/\/www.google.com\/url?q=https:\/\/www.boattoursamana.com\/online-booking\/&amp;source=gmail&amp;ust=1672449202351000&amp;usg=AOvVaw1yAeVAPktmaVCqDujgUn90\">clicca qui<\/a>. I fondi andranno persi se la prenotazione viene cancellata lo stesso giorno del viaggio.<\/p>\n<\/div>\n<\/div>\n<\/div>\n<\/div>\n<\/div>\n<\/div>\n<div class=\"vc_row wpb_row vc_row-fluid\">\n<div class=\"wpb_column vc_column_container vc_col-sm-12\">\n<div class=\"vc_column-inner\">\n<div class=\"wpb_wrapper\">\n<div class=\"wpb_text_column wpb_content_element\">\n<div class=\"wpb_wrapper\">\n<h4>Contattaci?<\/h4>\n<h5><b><i>TOUR BALENE SAMANA<\/i><\/b><\/h5>\n<p><em><strong>Gente del posto<\/strong>\u00a0E\u00a0<strong>Nazionali<\/strong>\u00a0Guide turistiche e servizi per gli ospiti<\/em><\/p>\n<p><span class=\"text-turquoise\">Prenotazioni:<\/span>\u00a0Tours ed escursioni a Dom. Rappresentante.<\/p>\n<p><img decoding=\"async\" class=\"emoji\" draggable=\"false\" src=\"https:\/\/s.w.org\/images\/core\/emoji\/11.2.0\/svg\/1f4de.svg\" alt=\"\ud83d\udcde\" title=\"\">\u00a0Tel\/Whatsapp\u00a0\u00a0<a href=\"tel:+1-809-720-6035\">+1-809-720-6035<\/a>.<\/p>\n<p><img decoding=\"async\" class=\"emoji\" draggable=\"false\" src=\"https:\/\/s.w.org\/images\/core\/emoji\/11.2.0\/svg\/1f4e9.svg\" alt=\"\ud83d\udce9\" title=\"\">\u00a0<a href=\"mailto:info@bookingadventures.com.do\">info@bookingadventures.com.do<\/a><\/p>\n<p><strong>Siamo flessibili nell&#039;impostare tour privati tramite Whatsapp:\u00a0<a href=\"tel:+18097206035\">+18097206035.<\/a><\/strong><\/p>\n<\/div>\n<\/div>\n<\/div>\n<\/div>\n<\/div>\n<\/div>\n\n\t\t<\/div>\n\t<\/div>\n<div class=\"mkdf-section-title-holder\" style=\"text-align: left\">\n\t<div class=\"mkdf-st-inner\">\n\t\t\t\t\t<h5 class=\"mkdf-st-subtitle\" >\n\t\t\t\tTour ed escursioni private\t\t\t<\/h5>\n\t\t\t\t\t\t\t<h3 class=\"mkdf-st-title\" >\n\t\t\t\tEscursione privata Whale Watching Baia di Samana + Cano Hondo + Los Haitises dal porto di Samana\t\t\t<\/h3>\n\t\t\t\t\t<\/div>\n<\/div>\n\t<div class=\"wpb_text_column wpb_content_element\" >\n\t\t<div class=\"wpb_wrapper\">\n\t\t\t<p>Sono un blocco di testo. Fare clic sul pulsante Modifica per modificare questo testo. Lorem ipsum dolor sit amet, consectetur adipiscing elit. Ut elit tellus, luctus nec ullamcorper mattis, pulvinar dapibus leo.<\/p>\n\n\t\t<\/div>\n\t<\/div>","protected":false},"excerpt":{"rendered":"<p>Questa \u00e8 un&#039;escursione privata all&#039;osservatorio di osservazione delle balene dopo pranzo al Ca\u00f1o Hondo Ecolodge e al Parco Nazionale Los Haitises. Nessun altro offre questa incredibile esperienza in una gita di un giorno con guide professionali ecologiche per l&#039;osservazione delle balene. Se desideri contattarci per un consiglio, invia un&#039;e-mail, Whatsapp o Chiamate disponibili. Si prega di prenotare i biglietti in tempo.<\/p>\n<p>&nbsp;<\/p>\n<p><strong>Seleziona la data dell&#039;escursione:<\/strong><\/p>","protected":false},"featured_media":11955,"template":"","meta":[],"product_cat":[655,928,860,861,862,933,656,657,658,659,660,661,662,663,664,273,665],"product_tag":[184,176,223,171,186,667,668,524,669,276,274,863,670],"class_list":["post-12064","product","type-product","status-publish","has-post-thumbnail","hentry","product_cat-1-samana","product_cat-boat-trip-los-haitises","product_cat-cano-hondo","product_cat-cano-hondo-2021","product_cat-los-haitises-national-park","product_cat-natural-pools-los-haitises","product_cat-tour-excursion","product_cat-tours-excursions","product_cat-tours-excursions-whale-watching-samana-bay-dominican-republic","product_cat-whale-miches","product_cat-whale-sabana-de-la-mar","product_cat-whale-samana","product_cat-whale-watching","product_cat-whale-watching-puerto-plata","product_cat-whale-watching-punta-cana","product_cat-whale-watching-samana","product_cat-whale-watching-samana-bay","product_tag-bacardi-island","product_tag-cano-hondo","product_tag-cayo-levantado","product_tag-los-haitises","product_tag-samana","product_tag-samana-tour","product_tag-whale","product_tag-whale-punta-cana","product_tag-whale-sabana-de-la-mar","product_tag-whale-samana","product_tag-whale-watching-dominican-republic","product_tag-whales-in-samana","product_tag-whales-trips"],"_links":{"self":[{"href":"https:\/\/www.boattoursamana.com\/it\/wp-json\/wp\/v2\/product\/12064","targetHints":{"allow":["GET"]}}],"collection":[{"href":"https:\/\/www.boattoursamana.com\/it\/wp-json\/wp\/v2\/product"}],"about":[{"href":"https:\/\/www.boattoursamana.com\/it\/wp-json\/wp\/v2\/types\/product"}],"wp:featuredmedia":[{"embeddable":true,"href":"https:\/\/www.boattoursamana.com\/it\/wp-json\/wp\/v2\/media\/11955"}],"wp:attachment":[{"href":"https:\/\/www.boattoursamana.com\/it\/wp-json\/wp\/v2\/media?parent=12064"}],"wp:term":[{"taxonomy":"product_cat","embeddable":true,"href":"https:\/\/www.boattoursamana.com\/it\/wp-json\/wp\/v2\/product_cat?post=12064"},{"taxonomy":"product_tag","embeddable":true,"href":"https:\/\/www.boattoursamana.com\/it\/wp-json\/wp\/v2\/product_tag?post=12064"}],"curies":[{"name":"wp","href":"https:\/\/api.w.org\/{rel}","templated":true}]}}