{"id":12421,"date":"2021-03-21T19:42:24","date_gmt":"2021-03-21T19:42:24","guid":{"rendered":"https:\/\/www.ticketswhales.com\/?post_type=product&#038;p=12421"},"modified":"2023-11-07T20:44:08","modified_gmt":"2023-11-07T20:44:08","slug":"los-haitises-mountain-bike-kayaks","status":"publish","type":"product","link":"https:\/\/www.boattoursamana.com\/it\/tour\/los-haitises-mountain-bike-kayak","title":{"rendered":"Mountain bike + 4 ore in kayak Los Haitises"},"content":{"rendered":"<div class=\"vc_row wpb_row vc_row-fluid\" ><div class=\"wpb_column vc_column_container vc_col-sm-12\"><div class=\"vc_column-inner\"><div class=\"wpb_wrapper\"><div class=\"vc_empty_space\"   style=\"height: 32px\"><span class=\"vc_empty_space_inner\"><\/span><\/div><\/div><\/div><\/div><\/div><div class=\"vc_row wpb_row vc_row-fluid\" ><div class=\"wpb_column vc_column_container vc_col-sm-12\"><div class=\"vc_column-inner\"><div class=\"wpb_wrapper\"><div class=\"mkdf-section-title-holder\" style=\"text-align: left\">\n\t<div class=\"mkdf-st-inner\">\n\t\t\t\t\t<h5 class=\"mkdf-st-subtitle\" >\n\t\t\t\tBici, mangrovie, kayak, grotte e altro ancora.\t\t\t<\/h5>\n\t\t\t\t\t\t\t<h3 class=\"mkdf-st-title\" >\n\t\t\t\tMountain bike + kayak Los Haitises\t\t\t<\/h3>\n\t\t\t\t\t<\/div>\n<\/div><\/div><\/div><\/div><\/div><div class=\"vc_row wpb_row vc_row-fluid\" ><div class=\"wpb_column vc_column_container vc_col-sm-12\"><div class=\"vc_column-inner\"><div class=\"wpb_wrapper\"><div class=\"vc_empty_space\"   style=\"height: 32px\"><span class=\"vc_empty_space_inner\"><\/span><\/div><\/div><\/div><\/div><\/div><div class=\"vc_row wpb_row vc_row-fluid\" ><div class=\"wpb_column vc_column_container vc_col-sm-12\"><div class=\"vc_column-inner\"><div class=\"wpb_wrapper\"><div class=\"vc_btn3-container vc_btn3-inline\" ><button class=\"vc_general vc_btn3 vc_btn3-size-md vc_btn3-shape-rounded vc_btn3-style-modern vc_btn3-color-green\">PRENOTA ORA<\/button><\/div>\n\t<div class=\"wpb_text_column wpb_content_element\" >\n\t\t<div class=\"wpb_wrapper\">\n\t\t\t<h5><strong>Panoramica<\/strong><\/h5>\n<p><span style=\"font-weight: 400;\">Viaggia con un esperto locale e vivi l&#039;esperienza unica di andare in bicicletta partendo da Sabana de la Mar, questo tour ti porter\u00e0 in giro per vedere lo splendido paesaggio della campagna della Repubblica Dominicana. Mentre vai in bicicletta potrai dire ciao! i contadini vanno a cavallo o in moto verso la loro propriet\u00e0 e durante il tour potrai emergere nell&#039;avventura e nella cultura locale di Sabana de la Mar. Alcuni fatti su Los Haitises: \u00e8 una delle pi\u00f9 grandi formazioni calcaree del mondo, un luogo per la conservazione delle specie endemiche, luogo con la maggior parte della biodiversit\u00e0 dell&#039;isola e dove si trova una delle pi\u00f9 grandi foreste di mangrovie di Quisqueya.<\/span><\/p>\n<p>&nbsp;<\/p>\n<p><strong>Inclusioni ed esclusioni<\/strong><\/p>\n<p>&nbsp;<\/p>\n<p><strong>Inclusioni<\/strong><\/p>\n<p><span style=\"font-weight: 400;\">Andare in bicicletta<\/span><\/p>\n<p><span style=\"font-weight: 400;\">Kayak<\/span><\/p>\n<p><span style=\"font-weight: 400;\">Spuntini<\/span><\/p>\n<p><span style=\"font-weight: 400;\">1 bottiglia d&#039;acqua\u00a0<\/span><\/p>\n<p><span style=\"font-weight: 400;\">Kit di pronto soccorso\u00a0<\/span><\/p>\n<p><span style=\"font-weight: 400;\">Tutte le tasse, le commissioni e le spese di gestione<\/span><\/p>\n<p><span style=\"font-weight: 400;\">Tasse locali<\/span><\/p>\n<p><span style=\"font-weight: 400;\">Guide turistiche ecologiste ufficiali inglese\/spagnolo<\/span><\/p>\n<p>&nbsp;<\/p>\n<p><strong>Esclusioni<\/strong><\/p>\n<p><span style=\"font-weight: 400;\">Mance<\/span><\/p>\n<p><span style=\"font-weight: 400;\">Trasferimento<\/span><\/p>\n<p><span style=\"font-weight: 400;\">Bevanda<\/span><\/p>\n<p><span style=\"font-weight: 400;\">\u00a0<\/span><\/p>\n<p>&nbsp;<\/p>\n<p><span style=\"font-weight: 400;\">Partenza e ritorno<\/span><\/p>\n<p>&nbsp;<\/p>\n<p><span style=\"font-weight: 400;\">Il tour, organizzato da \u201cBooking Adventures\u201d inizia presso il punto di incontro concordato con la Guida Turistica. Il viaggiatore otterr\u00e0 un punto d&#039;incontro dopo il processo di prenotazione. I tour iniziano e finiscono nei nostri punti di incontro.<\/span><\/p>\n<p>&nbsp;<\/p>\n<p><span style=\"font-weight: 400;\">Cosa aspettarsi?<\/span><\/p>\n<p>&nbsp;<\/p>\n<p><span style=\"font-weight: 400;\">Ottieni il tuo biglietto per andare in bicicletta e in kayak da Sabana de la Mar\u00a0<\/span><\/p>\n<p>&nbsp;<\/p>\n<p><span style=\"font-weight: 400;\">Questa escursione inizia dal punto d&#039;incontro che devi confermare con i nostri agenti di viaggio o con la tua guida turistica prima di dirigerti verso qualsiasi localit\u00e0. Una volta che incontrerai la guida, avrai un resoconto del tour e tutto ci\u00f2 che riguarda la tua giornata.<\/span><\/p>\n<p>&nbsp;<\/p>\n<p><span style=\"font-weight: 400;\">Quando tutti saranno pronti, ci dirigeremo al porto del Parco Nazionale Los Haitises dove inizierai il kayak sul fiume Cano Hondo che termina nella baia di San Lorenzo, questa \u00e8 una piccola baia di soli 10 Km2 e per due ore emergerai da solo nei diversi ecosistemi di los Haitises.\u00a0<\/span><\/p>\n<p>&nbsp;<\/p>\n<p><span style=\"font-weight: 400;\">Durante questa parte del tuo viaggio remerai intorno alla foresta di mangrovie che \u00e8 la seconda pi\u00f9 grande dell&#039;isola con pi\u00f9 di 90 Km2 e quando arriverai alla Baia di San Lorenzo vedrai la penisola e la baia di Samana.\u00a0<\/span><\/p>\n<p>&nbsp;<\/p>\n<p><span style=\"font-weight: 400;\">Durante il kayak c&#039;\u00e8 la possibilit\u00e0 di vedere alcuni delfini, uccelli come l&#039;airone blu, l&#039;airone cenerino, i corvi, il pellicano bruno, la sterna reale, la magnifica fregata e le viste uniche del Parco Nazionale Los Haitises. Dopo 4 ore e mezza di attivit\u00e0 nel Parco Nazionale Los Haitises e Sabana de la Mar, questa escursione termina nello stesso luogo in cui \u00e8 iniziata.<\/span><\/p>\n<p>&nbsp;<\/p>\n<p><span style=\"font-weight: 400;\">Nota: questi tour sono con guide turistiche ecologiste ufficiali. Si prega di prenotare per tempo perch\u00e9 nel parco non ci sono molti specialisti.<\/span><\/p>\n<p>&nbsp;<\/p>\n<p><span style=\"font-weight: 400;\">\u00a0<\/span><\/p>\n<p>&nbsp;<\/p>\n<p><span style=\"font-weight: 400;\">Cosa dovresti portare?<\/span><\/p>\n<ul>\n<li style=\"font-weight: 400;\" aria-level=\"1\"><span style=\"font-weight: 400;\">Telecamera<\/span><\/li>\n<li style=\"font-weight: 400;\" aria-level=\"1\"><span style=\"font-weight: 400;\">Boccioli repellenti<\/span><\/li>\n<li style=\"font-weight: 400;\" aria-level=\"1\"><span style=\"font-weight: 400;\">crema solare<\/span><\/li>\n<li style=\"font-weight: 400;\" aria-level=\"1\"><span style=\"font-weight: 400;\">Cappello<\/span><\/li>\n<li style=\"font-weight: 400;\" aria-level=\"1\"><span style=\"font-weight: 400;\">Pantaloni comodi<\/span><\/li>\n<li style=\"font-weight: 400;\" aria-level=\"1\"><span style=\"font-weight: 400;\">Scarpe da corsa\u00a0<\/span><\/li>\n<li style=\"font-weight: 400;\" aria-level=\"1\"><span style=\"font-weight: 400;\">Sandali per il kayak\u00a0<\/span><\/li>\n<li style=\"font-weight: 400;\" aria-level=\"1\"><span style=\"font-weight: 400;\">Abbigliamento da bagno<\/span><\/li>\n<li style=\"font-weight: 400;\" aria-level=\"1\"><span style=\"font-weight: 400;\">Asciugamani\u00a0<\/span><\/li>\n<\/ul>\n<p>&nbsp;<\/p>\n<h4><b><i>Prelievo dall&#039;hotel <\/i><\/b><\/h4>\n<p><span style=\"font-weight: 400;\">Per questo tour non \u00e8 disponibile il prelievo in hotel. <\/span><\/p>\n<p>&nbsp;<\/p>\n<p><b>Nota:<\/b><span style=\"font-weight: 400;\"> se prenoti entro 24 ore dall&#039;orario di partenza del tour\/dell&#039;escursione, possiamo organizzare il prelievo in hotel con costi aggiuntivi. Una volta completato l&#039;acquisto, ti invieremo le informazioni di contatto complete (numero di telefono, indirizzo e-mail, ecc.) affinch\u00e9 la nostra guida turistica locale possa organizzare le modalit\u00e0 di ritiro.<\/span><\/p>\n<h4><b><i>Conferma di informazioni aggiuntive <\/i><\/b><\/h4>\n<ol>\n<li>I biglietti rappresentano la ricevuta dopo aver pagato questo tour. Puoi mostrare il pagamento sul tuo telefono.<\/li>\n<li style=\"font-weight: 400;\"><span style=\"font-weight: 400;\">Il punto d&#039;incontro verr\u00e0 ricevuto dopo il processo di prenotazione.<\/span><\/li>\n<li style=\"font-weight: 400;\"><span style=\"font-weight: 400;\">I bambini devono essere accompagnati da un adulto.<\/span><\/li>\n<li style=\"font-weight: 400;\"><span style=\"font-weight: 400;\"> Non accessibile in sedia a rotelle <\/span><\/li>\n<li style=\"font-weight: 400;\"><span style=\"font-weight: 400;\">I neonati devono sedersi sulle ginocchia <\/span><\/li>\n<li style=\"font-weight: 400;\"><span style=\"font-weight: 400;\">Non raccomandato per viaggiatori con problemi alla schiena<\/span><\/li>\n<li style=\"font-weight: 400;\"><span style=\"font-weight: 400;\">Non raccomandato per i viaggiatori in gravidanza <\/span><\/li>\n<li style=\"font-weight: 400;\"><span style=\"font-weight: 400;\"> Nessun problema cardiaco o altre condizioni mediche gravi <\/span><\/li>\n<li style=\"font-weight: 400;\"><span style=\"font-weight: 400;\">La maggior parte dei viaggiatori pu\u00f2 partecipare<\/span><\/li>\n<\/ol>\n<h4><b><i>Politica di cancellazione<\/i><\/b><\/h4>\n<p>Per un rimborso completo, leggi le nostre politiche di cancellazione\u00a0<a href=\"https:\/\/www.boattoursamana.com\/it\/prenotazione-online\/\" target=\"_blank\" rel=\"noopener\" data-saferedirecturl=\"https:\/\/www.google.com\/url?q=https:\/\/www.boattoursamana.com\/online-booking\/&amp;source=gmail&amp;ust=1672449202351000&amp;usg=AOvVaw1yAeVAPktmaVCqDujgUn90\">clicca qui<\/a>. I fondi andranno persi se la prenotazione viene cancellata lo stesso giorno del viaggio.<\/p>\n\n\t\t<\/div>\n\t<\/div>\n<\/div><\/div><\/div><\/div><div class=\"vc_row wpb_row vc_row-fluid\" ><\/div><div class=\"wpb_column vc_column_container vc_col-sm-12\"><div class=\"vc_column-inner\"><div class=\"wpb_wrapper\"><\/div><\/div><\/div><div class=\"vc_empty_space\"   style=\"height: 32px\"><span class=\"vc_empty_space_inner\"><\/span><\/div><div class=\"vc_empty_space\"   style=\"height: 32px\"><span class=\"vc_empty_space_inner\"><\/span><\/div><div class=\"vc_row wpb_row vc_row-fluid\" ><div class=\"wpb_column vc_column_container vc_col-sm-12\"><div class=\"vc_column-inner\"><div class=\"wpb_wrapper\">\n\t<div class=\"wpb_video_widget wpb_content_element vc_clearfix   vc_video-aspect-ratio-169 vc_video-el-width-100 vc_video-align-left\" >\n\t\t<div class=\"wpb_wrapper\">\n\t\t\t<h2 class=\"wpb_heading wpb_video_heading\">Kayak a Los Haitises <\/h2>\n\t\t\t<div class=\"wpb_video_wrapper\"><iframe loading=\"lazy\" title=\"Tour di kayak e speleologia nel Parco Nazionale Los Haitises, Repubblica Dominicana\" width=\"1100\" height=\"619\" src=\"https:\/\/www.youtube.com\/embed\/ucU1uwB57wQ?feature=oembed\" frameborder=\"0\" allow=\"accelerometer; autoplay; clipboard-write; encrypted-media; gyroscope; picture-in-picture; web-share\" allowfullscreen><\/iframe><\/div>\n\t\t<\/div>\n\t<\/div>\n<div class=\"vc_btn3-container vc_btn3-inline\" ><button class=\"vc_general vc_btn3 vc_btn3-size-md vc_btn3-shape-rounded vc_btn3-style-modern vc_btn3-color-green\">PRENOTA ORA<\/button><\/div><\/div><\/div><\/div><\/div>","protected":false},"excerpt":{"rendered":"<p>Viaggia con un esperto locale e vivi l&#039;esperienza unica del ciclismo partendo da Sabana de la Mar, questo tour ti porter\u00e0 a vedere lo splendido scenario della campagna della Repubblica Dominicana. Mentre vai in bici potrai salutare! agricoltori che guidano i loro cavalli o motociclette verso la loro propriet\u00e0 e durante il tour potrai emergere nell&#039;avventura e nella cultura locale di Sabana de la Mar. Esperienza unica in mountain bike!<\/p>\n<p>Seleziona la data del Tour:<\/p>","protected":false},"featured_media":12747,"template":"","meta":[],"product_cat":[218,946,934,838,930,254,255],"product_tag":[176,211,192,319,208,206,207,171,209,426,327,175,199,200],"class_list":["post-12421","product","type-product","status-publish","has-post-thumbnail","hentry","product_cat-kayaking","product_cat-1-sabana-de-la-mar","product_cat-kayaking-los-haitises","product_cat-mangroves-projects","product_cat-mountain-bike-los-haitises","product_cat-tours-excursions-los-haitises-national-park","product_cat-tours-excursions-samana-bay-dominican-republic","product_tag-cano-hondo","product_tag-cano-hondo-hotel","product_tag-day-tour-cano-hondo","product_tag-kayak-dominican-republic","product_tag-kayaking-dominican-republic","product_tag-kayaking-los-haitises","product_tag-kayaks","product_tag-los-haitises","product_tag-los-haitises-national-park","product_tag-los-haitises-tours","product_tag-private-tours-samana","product_tag-sabana-de-la-mar","product_tag-samana-bay","product_tag-samana-excursions"],"_links":{"self":[{"href":"https:\/\/www.boattoursamana.com\/it\/wp-json\/wp\/v2\/product\/12421","targetHints":{"allow":["GET"]}}],"collection":[{"href":"https:\/\/www.boattoursamana.com\/it\/wp-json\/wp\/v2\/product"}],"about":[{"href":"https:\/\/www.boattoursamana.com\/it\/wp-json\/wp\/v2\/types\/product"}],"wp:featuredmedia":[{"embeddable":true,"href":"https:\/\/www.boattoursamana.com\/it\/wp-json\/wp\/v2\/media\/12747"}],"wp:attachment":[{"href":"https:\/\/www.boattoursamana.com\/it\/wp-json\/wp\/v2\/media?parent=12421"}],"wp:term":[{"taxonomy":"product_cat","embeddable":true,"href":"https:\/\/www.boattoursamana.com\/it\/wp-json\/wp\/v2\/product_cat?post=12421"},{"taxonomy":"product_tag","embeddable":true,"href":"https:\/\/www.boattoursamana.com\/it\/wp-json\/wp\/v2\/product_tag?post=12421"}],"curies":[{"name":"wp","href":"https:\/\/api.w.org\/{rel}","templated":true}]}}