{"id":12429,"date":"2021-03-22T09:20:50","date_gmt":"2021-03-22T09:20:50","guid":{"rendered":"https:\/\/www.ticketswhales.com\/?post_type=product&#038;p=12429"},"modified":"2023-11-07T20:41:22","modified_gmt":"2023-11-07T20:41:22","slug":"los-haitises-mountain-bike-private-boat-trip","status":"publish","type":"product","link":"https:\/\/www.boattoursamana.com\/it\/tour\/gita-in-barca-privata-in-mountain-bike-a-los-haitises-2","title":{"rendered":"Mountain Bike Los Haitises + Gita in barca privata"},"content":{"rendered":"<div class=\"wpb_column vc_column_container vc_col-sm-12\"><div class=\"vc_column-inner\"><div class=\"wpb_wrapper\"><\/div><\/div><\/div><div class=\"wpb_column vc_column_container vc_col-sm-12\"><div class=\"vc_column-inner\"><div class=\"wpb_wrapper\"><\/div><\/div><\/div><div class=\"wpb_column vc_column_container vc_col-sm-12\"><div class=\"vc_column-inner\"><div class=\"wpb_wrapper\"><\/div><\/div><\/div><div class=\"wpb_column vc_column_container vc_col-sm-12\"><div class=\"vc_column-inner\"><div class=\"wpb_wrapper\"><\/div><\/div><\/div><div class=\"vc_row wpb_row vc_row-fluid\" ><div class=\"wpb_column vc_column_container vc_col-sm-12\"><div class=\"vc_column-inner\"><div class=\"wpb_wrapper\">\n\t<div class=\"wpb_text_column wpb_content_element\" >\n\t\t<div class=\"wpb_wrapper\">\n\t\t\t<div class=\"vc_row wpb_row vc_row-fluid\">\n<div class=\"wpb_column vc_column_container vc_col-sm-12\">\n<div class=\"vc_column-inner\">\n<div class=\"wpb_wrapper\">\n<div class=\"mkdf-section-title-holder\">\n<div class=\"mkdf-st-inner\">\n<h5 class=\"mkdf-st-subtitle\">Bici, mangrovie, gita in barca, grotte e altro ancora.<\/h5>\n<h3 class=\"mkdf-st-title\">Mountain Bike Los Haitises + Gita in barca privata<\/h3>\n<\/div>\n<\/div>\n<\/div>\n<\/div>\n<\/div>\n<\/div>\n<div class=\"vc_row wpb_row vc_row-fluid\">\n<div class=\"wpb_column vc_column_container vc_col-sm-12\">\n<div class=\"vc_column-inner\">\n<div class=\"wpb_wrapper\">\n<div class=\"vc_empty_space\"><\/div>\n<\/div>\n<\/div>\n<\/div>\n<\/div>\n<div class=\"vc_row wpb_row vc_row-fluid\">\n<div class=\"wpb_column vc_column_container vc_col-sm-12\">\n<div class=\"vc_column-inner\">\n<div class=\"wpb_wrapper\">\n<div class=\"wpb_text_column wpb_content_element\">\n<div class=\"wpb_wrapper\">\n<h5><strong>Panoramica<\/strong><\/h5>\n<p>Viaggia con un esperto locale e vivi l&#039;esperienza unica di andare in bicicletta partendo da Sabana de la Mar, questo tour ti porter\u00e0 in giro per vedere lo splendido paesaggio della campagna della Repubblica Dominicana. Mentre vai in bicicletta potrai dire ciao! i contadini vanno a cavallo o in moto verso la loro propriet\u00e0 e durante il tour potrai emergere nell&#039;avventura e nella cultura locale di Sabana de la Mar. Alcuni fatti su Los Haitises: \u00e8 una delle pi\u00f9 grandi formazioni calcaree del mondo, un luogo per la conservazione delle specie endemiche, luogo con la maggior parte della biodiversit\u00e0 dell&#039;isola e dove si trova una delle pi\u00f9 grandi foreste di mangrovie di Quisqueya.<\/p>\n<p>&nbsp;<\/p>\n<p><strong>Inclusioni ed esclusioni<\/strong><\/p>\n<p>&nbsp;<\/p>\n<p><strong>Inclusioni<\/strong><\/p>\n<p>Andare in bicicletta<\/p>\n<p>Giro in barca<\/p>\n<p>Spuntini<\/p>\n<p>1 bottiglia d&#039;acqua<\/p>\n<p>Kit di pronto soccorso<\/p>\n<p>Tutte le tasse, le commissioni e le spese di gestione<\/p>\n<p>Tasse locali<\/p>\n<p>Guide turistiche ecologiste ufficiali inglese\/spagnolo<\/p>\n<p>&nbsp;<\/p>\n<p><strong>Esclusioni<\/strong><\/p>\n<p>Mance<\/p>\n<p>Trasferimento<\/p>\n<p>Bevanda<\/p>\n<p>&nbsp;<\/p>\n<p>&nbsp;<\/p>\n<p>Partenza e ritorno<\/p>\n<p>&nbsp;<\/p>\n<p>Il tour, organizzato da \u201cBooking Adventures\u201d inizia presso il punto di incontro concordato con la Guida Turistica. Il viaggiatore otterr\u00e0 un punto d&#039;incontro dopo il processo di prenotazione. I tour iniziano e finiscono nei nostri punti di incontro.<\/p>\n<p>&nbsp;<\/p>\n<p>Cosa aspettarsi?<\/p>\n<p>Ottieni il tuo biglietto per andare in bicicletta e in barca da Sabana de la Mar<\/p>\n<p>&nbsp;<\/p>\n<p>Questa escursione inizia dal punto d&#039;incontro che devi confermare con i nostri agenti di viaggio o con la tua guida turistica prima di dirigerti verso qualsiasi localit\u00e0. Una volta incontrato la guida, avrai un debriefing sul tour e su tutto ci\u00f2 che riguarda la tua giornata.<\/p>\n<p>&nbsp;<\/p>\n<p>Quando tutti saranno pronti, ci dirigeremo al porto del Parco Nazionale Los Haitises dove inizierai a navigare sul fiume Cano Hondo che termina nella Baia di San Lorenzo, questa \u00e8 una piccola baia di soli 10 Km2 e per due ore emergerai in i diversi ecosistemi di Los Haitises.<\/p>\n<p>&nbsp;<\/p>\n<p>Durante questa parte del tuo viaggio navigherai intorno alla foresta di mangrovie che \u00e8 la seconda pi\u00f9 grande dell&#039;isola con pi\u00f9 di 90 Km2 e quando arriverai alla Baia di San Lorenzo vedrai la penisola e la baia di Samana.<\/p>\n<p>&nbsp;<\/p>\n<p>Mentre sei l\u00ec c&#039;\u00e8 la possibilit\u00e0 di vedere alcuni delfini, uccelli come l&#039;airone blu, l&#039;airone cenerino, i corvi, il pellicano bruno, la sterna reale, la magnifica fregata e le viste uniche del Parco Nazionale Los Haitises. Dopo 4 ore e mezza di attivit\u00e0 nel Parco Nazionale Los Haitises e Sabana de la Mar, questa escursione termina nello stesso luogo in cui \u00e8 iniziata.<\/p>\n<p>&nbsp;<\/p>\n<p>Nota: questi tour sono con guide turistiche ecologiste ufficiali. Si prega di prenotare per tempo perch\u00e9 nel parco non ci sono molti specialisti.<\/p>\n<p>&nbsp;<\/p>\n<p>&nbsp;<\/p>\n<p>Cosa dovresti portare?<\/p>\n<ul>\n<li aria-level=\"1\">Telecamera<\/li>\n<li aria-level=\"1\">Boccioli repellenti<\/li>\n<li aria-level=\"1\">crema solare<\/li>\n<li aria-level=\"1\">Cappello<\/li>\n<li aria-level=\"1\">Pantaloni comodi<\/li>\n<li aria-level=\"1\">Scarpe da corsa<\/li>\n<li aria-level=\"1\">Sandali per il kayak<\/li>\n<li aria-level=\"1\">Abbigliamento da bagno<\/li>\n<li aria-level=\"1\">Asciugamani<\/li>\n<\/ul>\n<p>&nbsp;<\/p>\n<h4><b><i>Prelievo dall&#039;hotel<\/i><\/b><\/h4>\n<p>Per questo tour non \u00e8 disponibile il prelievo in hotel.<\/p>\n<p>&nbsp;<\/p>\n<p><b>Nota:<\/b>\u00a0se prenoti entro 24 ore dall&#039;orario di partenza del tour\/dell&#039;escursione, possiamo organizzare il prelievo in hotel con costi aggiuntivi. Una volta completato l&#039;acquisto, ti invieremo le informazioni di contatto complete (numero di telefono, indirizzo e-mail, ecc.) affinch\u00e9 la nostra guida turistica locale possa organizzare le modalit\u00e0 di ritiro.<\/p>\n<h4><b><i>Conferma di informazioni aggiuntive<\/i><\/b><\/h4>\n<ol>\n<li>I biglietti rappresentano la ricevuta dopo aver pagato questo tour. Puoi mostrare il pagamento sul tuo telefono.<\/li>\n<li>Il punto d&#039;incontro verr\u00e0 ricevuto dopo il processo di prenotazione.<\/li>\n<li>I bambini devono essere accompagnati da un adulto.<\/li>\n<li>Non accessibile in sedia a rotelle<\/li>\n<li>I neonati devono sedersi sulle ginocchia<\/li>\n<li>Non raccomandato per viaggiatori con problemi alla schiena<\/li>\n<li>Non raccomandato per i viaggiatori in gravidanza<\/li>\n<li>Nessun problema cardiaco o altre condizioni mediche gravi<\/li>\n<li>La maggior parte dei viaggiatori pu\u00f2 partecipare<\/li>\n<\/ol>\n<h4><b><i>Politica di cancellazione<\/i><\/b><\/h4>\n<p>Per un rimborso completo, annulla almeno 24 ore prima della data di inizio dell&#039;esperienza.<\/p>\n<\/div>\n<\/div>\n<\/div>\n<\/div>\n<\/div>\n<\/div>\n<div class=\"vc_row wpb_row vc_row-fluid\">\n<div class=\"wpb_column vc_column_container vc_col-sm-12\">\n<div class=\"vc_column-inner\">\n<div class=\"wpb_wrapper\">\n<div class=\"vc_empty_space\"><\/div>\n<div class=\"wpb_text_column wpb_content_element\">\n<div class=\"wpb_wrapper\">\n<h4>Contattaci?<\/h4>\n<h5>Prenotazione Avventure<\/h5>\n<p><em><strong>Gente del posto<\/strong>\u00a0E\u00a0<strong>Nazionali<\/strong>\u00a0Guide turistiche e servizi per gli ospiti<\/em><\/p>\n<p><span class=\"text-turquoise\">Prenotazioni:<\/span>\u00a0Tours ed escursioni a Dom. Rappresentante.<\/p>\n<p>\ud83d\udcdeTel\/Whatsapp\u00a0\u00a0<a href=\"tel:+1-809-720-6035\">+1-809-720-6035<\/a>.<\/p>\n<p>\ud83d\udce9\u00a0<a href=\"mailto:info@bookingadventures.com.do\">info@bookingadventures.com.do<\/a><\/p>\n<p><strong>Siamo flessibili nell&#039;impostare tour privati tramite Whatsapp:\u00a0<a href=\"tel:+18097206035\">+18097206035.<\/a><\/strong><\/p>\n<\/div>\n<\/div>\n<\/div>\n<\/div>\n<\/div>\n<\/div>\n\n\t\t<\/div>\n\t<\/div>\n<\/div><\/div><\/div><\/div>","protected":false},"excerpt":{"rendered":"<p>Viaggia con un esperto locale e vivi l&#039;esperienza unica di andare in bicicletta partendo da Sabana de la Mar, questo tour ti porter\u00e0 in giro per vedere lo splendido paesaggio della campagna della Repubblica Dominicana. Mentre vai in bicicletta potrai dire ciao! i contadini vanno a cavallo o in moto verso la loro propriet\u00e0 e durante il tour potrai emergere nell&#039;avventura e nella cultura locale di Sabana de la Mar. Esperienza unica in mountain bike!<\/p>\n<p>&nbsp;<\/p>\n<p><strong>Seleziona la data del tour:<\/strong><\/p>","protected":false},"featured_media":12738,"template":"","meta":[],"product_cat":[870,946,928,838,930,254,255],"product_tag":[176,211,192,171,209,426,327,175,199,200],"class_list":["post-12429","product","type-product","status-publish","has-post-thumbnail","hentry","product_cat-private-boat-trip-los-haitises","product_cat-1-sabana-de-la-mar","product_cat-boat-trip-los-haitises","product_cat-mangroves-projects","product_cat-mountain-bike-los-haitises","product_cat-tours-excursions-los-haitises-national-park","product_cat-tours-excursions-samana-bay-dominican-republic","product_tag-cano-hondo","product_tag-cano-hondo-hotel","product_tag-day-tour-cano-hondo","product_tag-los-haitises","product_tag-los-haitises-national-park","product_tag-los-haitises-tours","product_tag-private-tours-samana","product_tag-sabana-de-la-mar","product_tag-samana-bay","product_tag-samana-excursions"],"_links":{"self":[{"href":"https:\/\/www.boattoursamana.com\/it\/wp-json\/wp\/v2\/product\/12429","targetHints":{"allow":["GET"]}}],"collection":[{"href":"https:\/\/www.boattoursamana.com\/it\/wp-json\/wp\/v2\/product"}],"about":[{"href":"https:\/\/www.boattoursamana.com\/it\/wp-json\/wp\/v2\/types\/product"}],"wp:featuredmedia":[{"embeddable":true,"href":"https:\/\/www.boattoursamana.com\/it\/wp-json\/wp\/v2\/media\/12738"}],"wp:attachment":[{"href":"https:\/\/www.boattoursamana.com\/it\/wp-json\/wp\/v2\/media?parent=12429"}],"wp:term":[{"taxonomy":"product_cat","embeddable":true,"href":"https:\/\/www.boattoursamana.com\/it\/wp-json\/wp\/v2\/product_cat?post=12429"},{"taxonomy":"product_tag","embeddable":true,"href":"https:\/\/www.boattoursamana.com\/it\/wp-json\/wp\/v2\/product_tag?post=12429"}],"curies":[{"name":"wp","href":"https:\/\/api.w.org\/{rel}","templated":true}]}}