{"id":12526,"date":"2021-05-25T10:10:26","date_gmt":"2021-05-25T10:10:26","guid":{"rendered":"https:\/\/www.ticketswhales.com\/?post_type=product&#038;p=12526"},"modified":"2023-11-07T19:30:26","modified_gmt":"2023-11-07T19:30:26","slug":"jarabacoa-buggy-baiguate-waterfall","status":"publish","type":"product","link":"https:\/\/www.boattoursamana.com\/it\/tour\/jarabacoa-buggy-baiguate-cascata","title":{"rendered":"Buggy Jarabacoa con cascata Baiguate"},"content":{"rendered":"<div class=\"vc_row wpb_row vc_row-fluid\" ><div class=\"wpb_column vc_column_container vc_col-sm-12\"><div class=\"vc_column-inner\"><div class=\"wpb_wrapper\">\n\t<div class=\"wpb_text_column wpb_content_element\" >\n\t\t<div class=\"wpb_wrapper\">\n\t\t\t<p>Jarabacoa con le cascate di Jimenoa e BaiguateBuggy<\/p>\n\n\t\t<\/div>\n\t<\/div>\n<div class=\"vc_btn3-container vc_btn3-inline\" ><button class=\"vc_general vc_btn3 vc_btn3-size-md vc_btn3-shape-rounded vc_btn3-style-modern vc_btn3-color-green\">PRENOTA ORA<\/button><\/div><\/div><\/div><\/div><\/div><div class=\"vc_row wpb_row vc_row-fluid\" ><div class=\"wpb_column vc_column_container vc_col-sm-12\"><div class=\"vc_column-inner\"><div class=\"wpb_wrapper\">\n\t<div class=\"wpb_text_column wpb_content_element\" >\n\t\t<div class=\"wpb_wrapper\">\n\t\t\t<h3 class=\"ui_header h1 attractions-product-info-ProductTitle__title--1qM0o\">Jarabacoa Buggy e cascata Baiguate<\/h3>\n<h4><b><i>Panoramica <\/i><\/b><\/h4>\n<p><span style=\"font-weight: 400;\">Unisciti a noi e viaggia con un esperto locale di Jarabacoa e vivi l&#039;esperienza unica di visitare i migliori luoghi della capitale dell&#039;ecoturismo partendo da Jarabacoa, questo tour ti porter\u00e0 in giro a vedere lo splendido paesaggio del pi\u00f9 grande ranch di montagna della Repubblica Dominicana. Mentre guidi verso le diverse localit\u00e0 sentirai l&#039;aria di montagna e godrai della bellezza della campagna.\u00a0<\/span><\/p>\n<p><span style=\"font-weight: 400;\">Possiamo raggiungere le diverse localit\u00e0 per questo tour. Avrai le opzioni: bicicletta, equitazione, safari, quattro ruote o buggy. Acquista subito il tuo biglietto online e divertiamoci a conoscere Jarabacoa e la cultura della Repubblica Dominicana mentre viaggi nei migliori luoghi della citt\u00e0.<\/span><\/p>\n<p><span style=\"font-weight: 400;\">Jarabacoa \u00e8 la citt\u00e0 dell&#039;eterna vacanza primaverile a causa del clima e il secondo comune pi\u00f9 importante della provincia di La Vega. Secondo la storia, Jarabacoa significa \u201cluogo di molta acqua\u201d. Il 27 settembre 1858, Jarabacoa inizi\u00f2 la sua vita come comune, categoria ottenuta dopo una carriera iniziata dall&#039;inizio del XIX secolo. Viaggia con noi e conosci meglio le montagne, la natura, la cultura e la gente della regione settentrionale della Repubblica Dominicana.\u00a0<\/span><\/p>\n<ul>\n<li style=\"font-weight: 400;\">Commissioni incluse<\/li>\n<li>Pranzo<\/li>\n<li>Spuntini<\/li>\n<li style=\"font-weight: 400;\">Guida turistica locale in inglese<\/li>\n<\/ul>\n<h4><b>Inclusioni ed esclusioni<\/b><\/h4>\n<p><b>Inclusioni<\/b><\/p>\n<ol>\n<li>Pranzo<\/li>\n<li style=\"font-weight: 400;\"><span style=\"font-weight: 400;\">Tutte le tasse, le commissioni e le spese di gestione<\/span><\/li>\n<li style=\"font-weight: 400;\"><span style=\"font-weight: 400;\">Tasse locali<\/span><\/li>\n<li style=\"font-weight: 400;\"><span style=\"font-weight: 400;\">Bevande<\/span><\/li>\n<li>Spuntini<\/li>\n<li style=\"font-weight: 400;\"><span style=\"font-weight: 400;\">Tutte le attivit\u00e0<\/span><\/li>\n<li style=\"font-weight: 400;\"><span style=\"font-weight: 400;\">Guida locale<\/span><\/li>\n<\/ol>\n<p><b> Esclusioni<\/b><\/p>\n<ol>\n<li style=\"font-weight: 400;\"><span style=\"font-weight: 400;\">Mance<\/span><\/li>\n<li>trasporto (impostato contattandoci)<\/li>\n<li style=\"font-weight: 400;\"><span style=\"font-weight: 400;\">Bevande alcoliche<\/span><\/li>\n<\/ol>\n<h4><em><strong>Partenza e ritorno<\/strong><\/em><\/h4>\n<p><span style=\"font-weight: 400;\">Il viaggiatore otterr\u00e0 un punto d&#039;incontro dopo il processo di prenotazione. I tour iniziano e finiscono nei nostri punti di incontro.<\/span><\/p>\n<h3 class=\"ui_header h1 attractions-product-info-ProductTitle__title--1qM0o\">Buggy Jarabacoa e cascata Baiguate<\/h3>\n<h4><b><i>Cosa aspettarsi?<\/i><\/b><\/h4>\n<p><span style=\"font-weight: 400;\">Ottieni il tuo biglietto per le cascate Baiguate dalla citt\u00e0 di Jarabacoa in buggy.\u00a0<\/span><\/p>\n<p><span style=\"font-weight: 400;\">Quando parliamo di buggy, parliamo di un veicolo fuoristrada che offre sicurezza e facilit\u00e0 di guida, consentendo all&#039;utente un maggiore contatto con il terreno e la natura che lo circonda durante la guida. Senti la brezza, il sole, la pioggia, guarda il paesaggio al tuo fianco in un dispositivo comodo e sicuro progettato per godersi la pista forestale e il fuoristrada.<\/span><\/p>\n<p><span style=\"font-weight: 400;\">Questa escursione inizia da un punto d&#039;incontro che devi confermare con i nostri agenti di viaggio o con la tua guida turistica prima di dirigerti verso qualsiasi localit\u00e0. Una volta che incontrerai la tua guida, avrai un debriefing del tour e tutto ci\u00f2 che riguarda la tua giornata.<\/span><\/p>\n<p><span style=\"font-weight: 400;\">Quando tutti saranno pronti, inizieremo il nostro viaggio verso alcune aree rurali della citt\u00e0 di Jarabacoa, mentre guidando il tuo buggy le strade sconnesse e l&#039;aria di montagna della campagna dal centro nord del paese ti mostreranno la bellezza e la natura attraverso questa avventura.<\/span><\/p>\n<p><span style=\"font-weight: 400;\">Alcune delle localit\u00e0 che visiterai durante questo viaggio sono La Confluencia, dove si incontrano i fiumi Jimenoa e Yaque Del Norte, Cieneguita e Monte Arriba.\u00a0<\/span><\/p>\n<p><span style=\"font-weight: 400;\">Dopo aver pedalato per circa 30 chilometri ci dirigeremo alla cascata Baiguate per un&#039;escursione di 10 minuti e una nuotata nelle piscine naturali.\u00a0<\/span><\/p>\n<p><span style=\"font-weight: 400;\">Durante questa parte del tuo viaggio, potrai nuotare per circa 1 ora e fare una pausa per provare alcuni frutti freschi raccolti ogni giorno dalla terra dei contadini di Jarabacoa. Baiguate ha una cascata alta 82 metri ed \u00e8 il luogo perfetto per rilassarsi un po&#039; prima di tornare in citt\u00e0.\u00a0\u00a0<\/span><\/p>\n<p><span style=\"font-weight: 400;\">Durante questa parte del tuo viaggio, potrai nuotare per circa 1 ora e fare una pausa per provare alcuni frutti freschi raccolti ogni giorno dalla terra dei contadini di Jarabacoa. Baiguate ha una cascata alta 82 metri ed \u00e8 il luogo perfetto per rilassarsi un po&#039; prima di tornare in citt\u00e0.\u00a0\u00a0<\/span><\/p>\n<p><span style=\"font-weight: 400;\">Pi\u00f9 tardi, dopo la cascata Baiguate, andremo da Ivon per provare il miglior gusto di gelato locale, fatto in casa da un esperto locale, e cammineremo fino al Duarte Central Park per l&#039;ultima parte del tuo viaggio, questo \u00e8 un tour di 6 ore che ti d\u00e0 l&#039;opportunit\u00e0 di supervisionare Jarabacoa, questa escursione termina nello stesso posto in cui \u00e8 iniziata.<\/span><\/p>\n<p><span style=\"font-weight: 400;\">Nota: questi tour sono con guide turistiche ecologiste ufficiali. Si prega di prenotare per tempo perch\u00e9 nel parco non ci sono molti specialisti.<\/span><\/p>\n<h4><em><strong>Cosa dovresti portare?<\/strong><\/em><\/h4>\n<ul>\n<li style=\"font-weight: 400;\"><span style=\"font-weight: 400;\">Telecamera<\/span><\/li>\n<li style=\"font-weight: 400;\"><span style=\"font-weight: 400;\">Boccioli repellenti<\/span><\/li>\n<li style=\"font-weight: 400;\"><span style=\"font-weight: 400;\">Crema solare<\/span><\/li>\n<li style=\"font-weight: 400;\"><span style=\"font-weight: 400;\">Cappello<\/span><\/li>\n<li style=\"font-weight: 400;\"><span style=\"font-weight: 400;\">Pantaloni comodi<\/span><\/li>\n<li style=\"font-weight: 400;\"><span style=\"font-weight: 400;\">Scarpe da trekking per la foresta<\/span><\/li>\n<li style=\"font-weight: 400;\"><span style=\"font-weight: 400;\">Sandali per le zone primaverili.<\/span><\/li>\n<li style=\"font-weight: 400;\"><span style=\"font-weight: 400;\">Abbigliamento da bagno<\/span><\/li>\n<\/ul>\n<h4><b><i>Prelievo dall&#039;hotel <\/i><\/b><\/h4>\n<p><span style=\"font-weight: 400;\">Per questo tour non \u00e8 disponibile il prelievo in hotel. Fissiamo il ritiro contattandoci tramite Whatsapp.<\/span><\/p>\n<p><b>Nota:<\/b><span style=\"font-weight: 400;\"> se prenoti entro 24 ore dall&#039;orario di partenza del tour\/dell&#039;escursione, possiamo organizzare il prelievo in hotel con costi aggiuntivi. Una volta completato l&#039;acquisto, ti invieremo le informazioni di contatto complete (numero di telefono, indirizzo e-mail, ecc.) affinch\u00e9 la nostra guida turistica locale possa organizzare le modalit\u00e0 di ritiro.<\/span><\/p>\n<h4><b><i>Conferma di informazioni aggiuntive <\/i><\/b><\/h4>\n<ol>\n<li>I biglietti rappresentano la ricevuta dopo aver pagato questo tour. Puoi mostrare il pagamento sul tuo telefono.<\/li>\n<li style=\"font-weight: 400;\"><span style=\"font-weight: 400;\">Il punto d&#039;incontro verr\u00e0 ricevuto dopo il processo di prenotazione.<\/span><\/li>\n<li style=\"font-weight: 400;\"><span style=\"font-weight: 400;\">I bambini devono essere accompagnati da un adulto.<\/span><\/li>\n<li style=\"font-weight: 400;\"><span style=\"font-weight: 400;\"> Non accessibile in sedia a rotelle <\/span><\/li>\n<li style=\"font-weight: 400;\"><span style=\"font-weight: 400;\">I neonati devono sedersi sulle ginocchia <\/span><\/li>\n<li style=\"font-weight: 400;\"><span style=\"font-weight: 400;\">Non raccomandato per viaggiatori con problemi alla schiena<\/span><\/li>\n<li style=\"font-weight: 400;\"><span style=\"font-weight: 400;\">Non raccomandato per i viaggiatori in gravidanza <\/span><\/li>\n<li style=\"font-weight: 400;\"><span style=\"font-weight: 400;\"> Nessun problema cardiaco o altre condizioni mediche gravi <\/span><\/li>\n<li style=\"font-weight: 400;\"><span style=\"font-weight: 400;\">La maggior parte dei viaggiatori pu\u00f2 partecipare<\/span><\/li>\n<\/ol>\n<h4><b><i>Politica di cancellazione<\/i><\/b><\/h4>\n<p>Per un rimborso completo, leggi le nostre politiche di cancellazione\u00a0<a href=\"https:\/\/www.boattoursamana.com\/it\/prenotazione-online\/\" target=\"_blank\" rel=\"noopener\" data-saferedirecturl=\"https:\/\/www.google.com\/url?q=https:\/\/www.boattoursamana.com\/online-booking\/&amp;source=gmail&amp;ust=1672449202351000&amp;usg=AOvVaw1yAeVAPktmaVCqDujgUn90\">clicca qui<\/a>. I fondi andranno persi se la prenotazione viene cancellata lo stesso giorno del viaggio.<\/p>\n\n\t\t<\/div>\n\t<\/div>\n<div class=\"vc_btn3-container vc_btn3-inline\" ><button class=\"vc_general vc_btn3 vc_btn3-size-md vc_btn3-shape-rounded vc_btn3-style-modern vc_btn3-color-green\">PRENOTA ORA<\/button><\/div><\/div><\/div><\/div><\/div><div class=\"vc_row wpb_row vc_row-fluid\" ><div class=\"wpb_column vc_column_container vc_col-sm-12\"><div class=\"vc_column-inner\"><div class=\"wpb_wrapper\">\n\t<div class=\"wpb_video_widget wpb_content_element vc_clearfix   vc_video-aspect-ratio-169 vc_video-el-width-100 vc_video-align-left\" >\n\t\t<div class=\"wpb_wrapper\">\n\t\t\t<h2 class=\"wpb_heading wpb_video_heading\">Video della citt\u00e0 di Jarabacoa:<\/h2>\n\t\t\t<div class=\"wpb_video_wrapper\"><iframe loading=\"lazy\" title=\"Jarabacoa, Turismo tra fiumi e montagna\" width=\"1100\" height=\"619\" src=\"https:\/\/www.youtube.com\/embed\/FRHfK4RS39A?feature=oembed\" frameborder=\"0\" allow=\"accelerometer; autoplay; clipboard-write; encrypted-media; gyroscope; picture-in-picture\" allowfullscreen><\/iframe><\/div>\n\t\t<\/div>\n\t<\/div>\n<\/div><\/div><\/div><\/div><div class=\"vc_row wpb_row vc_row-fluid\" ><\/div><div class=\"wpb_column vc_column_container vc_col-sm-12\"><div class=\"vc_column-inner\"><div class=\"wpb_wrapper\"><\/div><\/div><\/div><div class=\"vc_empty_space\"   style=\"height: 32px\"><span class=\"vc_empty_space_inner\"><\/span><\/div><div class=\"vc_empty_space\"   style=\"height: 32px\"><span class=\"vc_empty_space_inner\"><\/span><\/div><div class=\"vc_row wpb_row vc_row-fluid\" ><div class=\"wpb_column vc_column_container vc_col-sm-12\"><div class=\"vc_column-inner\"><div class=\"wpb_wrapper\"><div class=\"vc_btn3-container vc_btn3-inline\" ><button class=\"vc_general vc_btn3 vc_btn3-size-md vc_btn3-shape-rounded vc_btn3-style-modern vc_btn3-color-green\">PRENOTA ORA<\/button><\/div><\/div><\/div><\/div><\/div>","protected":false},"excerpt":{"rendered":"<p>Join us and travel with a local Jarabacoa expert and get the unique experience of visiting the best places in the ecotourism capital starting from Jarabacoa, this tour will take you to know the beautiful scenery of the largest mountain ranch in the Dominican Republic. As you drive through the different places, you will feel the mountain air and enjoy the beauty of the countryside.<\/p>\n<p><em><strong>Seleziona la data del Tour:\u00a0<\/strong><\/em><\/p>","protected":false},"featured_media":12529,"template":"","meta":[],"product_cat":[946,159,889,253],"product_tag":[895,892,891,890,896,894,893],"class_list":["post-12526","product","type-product","status-publish","has-post-thumbnail","hentry","product_cat-1-sabana-de-la-mar","product_cat-fees-entrace","product_cat-jarabacoa-buggy","product_cat-tours-and-excursions","product_tag-baiguate-waterfall","product_tag-jarabacoa-buggies","product_tag-jarabacoa-buggy","product_tag-jarabacoa-tour","product_tag-jimenoa-waterfall","product_tag-salto-baiguate","product_tag-salto-jimenoa"],"_links":{"self":[{"href":"https:\/\/www.boattoursamana.com\/it\/wp-json\/wp\/v2\/product\/12526","targetHints":{"allow":["GET"]}}],"collection":[{"href":"https:\/\/www.boattoursamana.com\/it\/wp-json\/wp\/v2\/product"}],"about":[{"href":"https:\/\/www.boattoursamana.com\/it\/wp-json\/wp\/v2\/types\/product"}],"wp:featuredmedia":[{"embeddable":true,"href":"https:\/\/www.boattoursamana.com\/it\/wp-json\/wp\/v2\/media\/12529"}],"wp:attachment":[{"href":"https:\/\/www.boattoursamana.com\/it\/wp-json\/wp\/v2\/media?parent=12526"}],"wp:term":[{"taxonomy":"product_cat","embeddable":true,"href":"https:\/\/www.boattoursamana.com\/it\/wp-json\/wp\/v2\/product_cat?post=12526"},{"taxonomy":"product_tag","embeddable":true,"href":"https:\/\/www.boattoursamana.com\/it\/wp-json\/wp\/v2\/product_tag?post=12526"}],"curies":[{"name":"wp","href":"https:\/\/api.w.org\/{rel}","templated":true}]}}