{"id":14264,"date":"2017-08-26T15:47:04","date_gmt":"2017-08-26T15:47:04","guid":{"rendered":"https:\/\/www.ticketswhales.com\/?post_type=product&#038;p=14264"},"modified":"2023-10-06T11:37:36","modified_gmt":"2023-10-06T11:37:36","slug":"los-haitises-all-in-one-from-las-terrenas","status":"publish","type":"product","link":"https:\/\/www.boattoursamana.com\/it\/tour\/los-haitises-all-in-one-from-las-terrenas","title":{"rendered":"Los Haitises tutto in uno (kayak, escursionismo, canottaggio, speleologia, piscina naturale e pranzo) da Las Terrenas"},"content":{"rendered":"<div class=\"vc_row wpb_row vc_row-fluid\" ><div class=\"wpb_column vc_column_container vc_col-sm-12\"><div class=\"vc_column-inner\"><div class=\"wpb_wrapper\">\n\t<div class=\"wpb_text_column wpb_content_element\" >\n\t\t<div class=\"wpb_wrapper\">\n\t\t\t<h2>Los Haitises tutto in uno (kayak, escursionismo, canottaggio, speleologia, piscina naturale e pranzo) da Las Terrenas<\/h2>\n<h4><b><i>Panoramica <\/i><\/b><\/h4>\n<p><span style=\"font-weight: 400;\">Los Haitises All In One \u00e8 una fuga dalla citt\u00e0 per immergersi tra la storica cittadina di pescatori di Sanchez e la capitale di Los Haitises Sabana de la Mar. Sanchez \u00e8 conosciuta come centro di esportazione e per avere un treno che proveniva da La provincia di La Vega \u00e8 stata fondata alla fine del 1800. Vieni con noi e goditi le fresche acque di una delle spiagge inesplorate del Parco Nazionale Los Haitises, dove si trova la Baia di San Lorenzo. <\/span><\/p>\n<p><span style=\"font-weight: 400;\">Il luogo \u00e8 raggiungibile in barca, circondato dalla foresta pluviale e dalle foreste di mangrovie. Durante la navigazione da Sanchez a Los Haitises entrerai in contatto con la natura e il paesaggio indimenticabile di questo parco. Questo tour sar\u00e0 un mix di kayak, canottaggio, visita di una grotta e nuoto in uno dei parchi nazionali pi\u00f9 importanti del paese, qui si trova la maggior parte della biodiversit\u00e0 dell&#039;isola e la seconda foresta di mangrovie pi\u00f9 grande con oltre 98 km2.\u00a0<\/span><\/p>\n<p><span style=\"font-weight: 400;\">Il nostro personale locale ed esperto si assicurer\u00e0 che tu conosca veramente la cultura dei Taino, la loro storia a Los Haitises e il loro legame con la natura. Questo tour \u00e8 in modalit\u00e0 ecoturismo in cui la comunit\u00e0 gioca un ruolo molto importante, sono guide, barche Capitan e autisti.<\/span><\/p>\n<p><span style=\"font-weight: 400;\">La priorit\u00e0 di Booking Adventure \u00e8 assicurarti di ottenere il meglio del meglio, dal momento in cui acquisti il biglietto fino alla fine del viaggio. I nostri tour sono incentrati sull&#039;educazione ambientale, sull&#039;avventura e sulla storia locale e durante questo viaggio potrai vedere un po&#039; di tutto.\u00a0<\/span><\/p>\n<h3><span style=\"font-weight: 400;\">Inclusioni ed esclusioni<\/span><\/h3>\n<h6><strong>Inclusioni<\/strong><\/h6>\n<ul>\n<li><span style=\"font-weight: 400;\">Motoscafo e Capitano\u00a0<\/span><\/li>\n<li><span style=\"font-weight: 400;\">Kayak\u00a0<\/span><\/li>\n<li>Sentiero d&#039;escursionismo<\/li>\n<li><span style=\"font-weight: 400;\">Snack (acqua, frutta, soda)<\/span><\/li>\n<li>Pranzo locale<\/li>\n<li><span style=\"font-weight: 400;\">Tutte le tasse, le commissioni e le spese di gestione<\/span><\/li>\n<li><span style=\"font-weight: 400;\">Guide turistiche ecologiste ufficiali inglese\/spagnolo<\/span><\/li>\n<li><span style=\"font-weight: 400;\">Nuotare in Piscine Naturali o in Spiagge inesplorate\u00a0<\/span><\/li>\n<li><span style=\"font-weight: 400;\">Speleologia<\/span><\/li>\n<li>Prelievo dall&#039;hotel<\/li>\n<\/ul>\n<h6><strong>Esclusioni<\/strong><\/h6>\n<ul>\n<li><span style=\"font-weight: 400;\">Mance<\/span><\/li>\n<li><span style=\"font-weight: 400;\">Bevanda<\/span><\/li>\n<\/ul>\n<h6><strong>Partenza e ritorno<\/strong><\/h6>\n<p><span style=\"font-weight: 400;\">Il tour, organizzato da \u201cBooking Adventures\u201d, inizia presso il punto di incontro stabilito con la Guida Turistica o con il membro dello Staff. Il viaggiatore otterr\u00e0 un punto d&#039;incontro dopo il processo di prenotazione. I tour iniziano e finiscono nei nostri punti d&#039;incontro.<\/span><\/p>\n<h2>Los Haitises tutto in uno (kayak, escursionismo, canottaggio, speleologia, piscina naturale e pranzo) da Las Terrenas<\/h2>\n<p><span style=\"font-weight: 400;\">Cosa aspettarsi?<\/span><\/p>\n<p><span style=\"font-weight: 400;\">Ottieni il tuo biglietto per il tour eco-avventuroso del Parco Nazionale Los Haitises All In One\u00a0<\/span><\/p>\n<p><span style=\"font-weight: 400;\">Questa escursione inizia da un punto d&#039;incontro che devi confermare con i nostri agenti di viaggio o con la tua guida turistica prima di dirigerti verso qualsiasi localit\u00e0. Una volta che incontrerai la tua guida, avrai un debriefing del tour e tutto ci\u00f2 che riguarda la tua giornata.<\/span><\/p>\n<p><span style=\"font-weight: 400;\">Quando tutti saranno pronti, ci dirigeremo verso la prima posizione che \u00e8 il Los Haitises Trail dove farai un&#039;escursione di 30 minuti, durante l&#039;escursione vedremo diverse specie di piante e uccelli endemici.\u00a0<\/span><\/p>\n<p><span style=\"font-weight: 400;\">Dopo l&#039;escursione torniamo alla barca e andiamo a Playita Las Almejas dove si trovano le piscine naturali, mentre navighiamo attraverso la foresta di mangrovie e il litorale della Baia di San Lorenzo condivideremo con voi storie su Los Haitises, geologia e esamineremo le specie di mangrovie con avendo intorno alla Baia di San Lorenzo.\u00a0<\/span><\/p>\n<p><span style=\"font-weight: 400;\">Quando arriviamo a Las Almejas dovresti preparare il costume da bagno per andare in kayak e remare fino alla Grotta della Linea con la tua guida turistica, il resto dello staff ti aspetter\u00e0 fino al termine della prima parte dell&#039;attivit\u00e0.<\/span><\/p>\n<p><span style=\"font-weight: 400;\">Durante questa parte del tuo viaggio, potrai fare il giro del Vecchio Porto di Las Perlas, una delle prime strutture costruite dagli europei nella zona, intorno al 1876, e questo era collegato con una linea ferroviaria che fungeva da trasporto per i caff\u00e8, banane e tutto ci\u00f2 che questo gruppo di europei coltivava in quella che oggi \u00e8 Los Haitises.\u00a0<\/span><\/p>\n<p><span style=\"font-weight: 400;\">Nella grotta che visiterai ci sono pi\u00f9 di 1200 pittogrammi dipinti dai Taino, questo era un modo per esprimersi, e oggi quest&#039;arte ci racconta storie che non avremmo mai pensato di trovare al giorno d&#039;oggi. Una volta finito qui, torneremo a Playa de las Almejas per spuntini e nuotata.\u00a0<\/span><\/p>\n<p><span style=\"font-weight: 400;\">Sulla via del ritorno da quella zona ti mostreremo alcune specie di mangrovie e parleremo dell&#039;importanza della foresta di mangrovie per l&#039;ecologia come ecosistema.<\/span><\/p>\n<p><span style=\"font-weight: 400;\">Quando finiremo di fare kayak e nuotare, faremo una pausa per pranzare in modo locale per abbracciare la cucina locale e assaggiare il miglior riso bianco e fagioli rossi dell&#039;isola caraibica.\u00a0<\/span><\/p>\n<p><span style=\"font-weight: 400;\">Dopo il pranzo e una nuotata nel Parco Nazionale Los Haitises, torniamo a Sanchez, sulla via del ritorno goditi un giro di 30 minuti verso la penisola di Samana, questa escursione termina nello stesso posto in cui \u00e8 iniziata.<\/span><\/p>\n<p><span style=\"font-weight: 400;\">Nota: questi tour sono con guide turistiche ecologiste ufficiali. Si prega di prenotare per tempo perch\u00e9 nel parco non ci sono molti specialisti.<\/span><\/p>\n<h6><strong>Cosa dovresti portare?<\/strong><\/h6>\n<ul>\n<li style=\"font-weight: 400;\" aria-level=\"1\"><span style=\"font-weight: 400;\">Telecamera<\/span><\/li>\n<li style=\"font-weight: 400;\" aria-level=\"1\"><span style=\"font-weight: 400;\">Spray\u00a0<\/span><\/li>\n<li style=\"font-weight: 400;\" aria-level=\"1\"><span style=\"font-weight: 400;\">Crema solare<\/span><\/li>\n<li style=\"font-weight: 400;\" aria-level=\"1\"><span style=\"font-weight: 400;\">Pantaloni comodi<\/span><\/li>\n<li style=\"font-weight: 400;\" aria-level=\"1\"><span style=\"font-weight: 400;\">Scarpe da trekking<\/span><\/li>\n<li style=\"font-weight: 400;\" aria-level=\"1\"><span style=\"font-weight: 400;\">Giacca da pioggia\u00a0<\/span><\/li>\n<li style=\"font-weight: 400;\" aria-level=\"1\"><span style=\"font-weight: 400;\">Costume da bagno\u00a0<\/span><\/li>\n<li style=\"font-weight: 400;\" aria-level=\"1\"><span style=\"font-weight: 400;\">Asciugamano<\/span><\/li>\n<li style=\"font-weight: 400;\" aria-level=\"1\"><span style=\"font-weight: 400;\">Borsa impermeabile\u00a0\u00a0<\/span><\/li>\n<\/ul>\n<h4><b><i>Prelievo dall&#039;hotel <\/i><\/b><\/h4>\n<p><span style=\"font-weight: 400;\">Per questo tour \u00e8 offerto il prelievo in hotel. Sei proprio a Santa Barbara de Samana, Las Terrenas, Las Galeras e Sanchez\u00a0<\/span><\/p>\n<p><b>Nota:<\/b><span style=\"font-weight: 400;\"> Se prenoti entro 24 ore dall&#039;orario di partenza del tour\/escursione, possiamo organizzare il prelievo in hotel con costi aggiuntivi da qualsiasi luogo della Repubblica Dominicana. Una volta completato l&#039;acquisto, ti invieremo le informazioni di contatto complete (numero di telefono, indirizzo e-mail, ecc.) affinch\u00e9 la nostra guida turistica locale possa organizzare le modalit\u00e0 di ritiro.<\/span><\/p>\n<h4><b><i>Conferma di informazioni aggiuntive <\/i><\/b><\/h4>\n<ol>\n<li>I biglietti rappresentano la ricevuta dopo aver pagato questo tour. Puoi mostrare il pagamento sul tuo telefono.<\/li>\n<li style=\"font-weight: 400;\"><span style=\"font-weight: 400;\">Il punto d&#039;incontro verr\u00e0 ricevuto dopo il processo di prenotazione.<\/span><\/li>\n<li style=\"font-weight: 400;\"><span style=\"font-weight: 400;\">I bambini devono essere accompagnati da un adulto.<\/span><\/li>\n<li style=\"font-weight: 400;\"><span style=\"font-weight: 400;\"> Non accessibile in sedia a rotelle <\/span><\/li>\n<li style=\"font-weight: 400;\"><span style=\"font-weight: 400;\">I neonati devono sedersi sulle ginocchia <\/span><\/li>\n<li style=\"font-weight: 400;\"><span style=\"font-weight: 400;\">Non raccomandato per viaggiatori con problemi alla schiena<\/span><\/li>\n<li style=\"font-weight: 400;\"><span style=\"font-weight: 400;\">Non raccomandato per i viaggiatori in gravidanza <\/span><\/li>\n<li style=\"font-weight: 400;\"><span style=\"font-weight: 400;\"> Nessun problema cardiaco o altre condizioni mediche gravi <\/span><\/li>\n<li style=\"font-weight: 400;\"><span style=\"font-weight: 400;\">La maggior parte dei viaggiatori pu\u00f2 partecipare<\/span><\/li>\n<\/ol>\n<h4><b><i>Politica di cancellazione<\/i><\/b><\/h4>\n<p><span style=\"font-weight: 400;\">Per un rimborso completo, leggi le nostre politiche di cancellazione\u00a0<a href=\"https:\/\/www.boattoursamana.com\/it\/prenotazione-online\/\" target=\"_blank\" rel=\"noopener\" data-saferedirecturl=\"https:\/\/www.google.com\/url?q=https:\/\/www.boattoursamana.com\/online-booking\/&amp;source=gmail&amp;ust=1672449202351000&amp;usg=AOvVaw1yAeVAPktmaVCqDujgUn90\">clicca qui<\/a>. I fondi andranno persi se la prenotazione viene cancellata lo stesso giorno del viaggio.<\/span><\/p>\n\n\t\t<\/div>\n\t<\/div>\n<div class=\"mkdf-section-title-holder\" style=\"text-align: left\">\n\t<div class=\"mkdf-st-inner\">\n\t\t\t\t\t<h5 class=\"mkdf-st-subtitle\" >\n\t\t\t\t( Tutto in uno )\t\t\t<\/h5>\n\t\t\t\t\t\t\t<h3 class=\"mkdf-st-title\" >\n\t\t\t\tHaitises tutto in uno (kayak, escursionismo, canottaggio, speleologia, piscina naturale e pranzo) da Las Terrenas\t\t\t<\/h3>\n\t\t\t\t\t\t\t<p class=\"mkdf-st-text\" >\n\t\t\t\tQuesta esperienza richiede un minimo di 4 partecipanti. Se non hai 4 anni non esitare a contattarci!\t\t\t<\/p>\n\t\t\t<\/div>\n<\/div><\/div><\/div><\/div><\/div><div class=\"vc_row wpb_row vc_row-fluid\" ><div class=\"wpb_column vc_column_container vc_col-sm-12\"><div class=\"vc_column-inner\"><div class=\"wpb_wrapper\">\n\t<div class=\"wpb_video_widget wpb_content_element vc_clearfix   vc_video-aspect-ratio-169 vc_video-el-width-100 vc_video-align-left\" >\n\t\t<div class=\"wpb_wrapper\">\n\t\t\t<h2 class=\"wpb_heading wpb_video_heading\">Kayak Los Haitises <\/h2>\n\t\t\t<div class=\"wpb_video_wrapper\"><iframe loading=\"lazy\" title=\"Tour di kayak e speleologia nel Parco Nazionale Los Haitises, Repubblica Dominicana\" width=\"1100\" height=\"619\" src=\"https:\/\/www.youtube.com\/embed\/ucU1uwB57wQ?feature=oembed\" frameborder=\"0\" allow=\"accelerometer; autoplay; clipboard-write; encrypted-media; gyroscope; picture-in-picture; web-share\" allowfullscreen><\/iframe><\/div>\n\t\t<\/div>\n\t<\/div>\n<\/div><\/div><\/div><\/div><div class=\"vc_row wpb_row vc_row-fluid\" ><\/div><div class=\"wpb_column vc_column_container vc_col-sm-12\"><div class=\"vc_column-inner\"><div class=\"wpb_wrapper\"><\/div><\/div><\/div><div class=\"vc_empty_space\"   style=\"height: 32px\"><span class=\"vc_empty_space_inner\"><\/span><\/div><div class=\"vc_empty_space\"   style=\"height: 32px\"><span class=\"vc_empty_space_inner\"><\/span><\/div>","protected":false},"excerpt":{"rendered":"<p><span style=\"font-weight: 400;\">Fuggi dalla citt\u00e0 per immergerti tra lo storico villaggio di pescatori di Sanchez e la capitale di Los Haitises Sabana de la Mar. Sanchez \u00e8 conosciuta come centro di esportazione e per aver fatto costruire alla fine del 1800 un treno che veniva dalla provincia di La Vega Vieni con noi e goditi le fresche acque di una delle spiagge inesplorate del Parco Nazionale Los Haitises, dove si trova la Baia di San Lorenzo. Il luogo \u00e8 raggiungibile in barca, circondato dalla foresta pluviale e dalle foreste di mangrovie. Durante la navigazione da Sanchez a Los Haitises entrerai in contatto con la natura e il paesaggio indimenticabile di questo parco. Questo tour sar\u00e0 un mix di kayak, canottaggio, visita di una grotta e nuoto in uno dei parchi nazionali pi\u00f9 importanti del paese, qui si trova la maggior parte della biodiversit\u00e0 dell&#039;isola e la seconda foresta di mangrovie pi\u00f9 grande con oltre 98 km2.\u00a0<\/span><\/p>\n<p>&nbsp;<\/p>\n<p><strong><span style=\"vertical-align: inherit;\"><span style=\"vertical-align: inherit;\">Scegli una data per questa avventura:<\/span><\/span><\/strong><\/p>","protected":false},"featured_media":14267,"template":"","meta":[],"product_cat":[456,946,878,928,168,920,927,934,1046,862,160,773,254,255],"product_tag":[422,268,174,173,577,576,571,570,569,317,316,206,1047,522,209,575,441,574,572,499,175,498,200,187,573],"class_list":["post-14264","product","type-product","status-publish","has-post-thumbnail","hentry","product_cat-day-trips","product_cat-1-sabana-de-la-mar","product_cat-altos-de-cano-hondo","product_cat-boat-trip-los-haitises","product_cat-caves","product_cat-group-tours","product_cat-hiking-los-haitises","product_cat-kayaking-los-haitises","product_cat-las-terrenas","product_cat-los-haitises-national-park","product_cat-lunch","product_cat-private-tours-excursions","product_cat-tours-excursions-los-haitises-national-park","product_cat-tours-excursions-samana-bay-dominican-republic","product_tag-cano-hondo-sabana-de-la-mar","product_tag-caves-los-haitises","product_tag-eco-tours","product_tag-excursion","product_tag-hike-kayak","product_tag-hike-kayak-los-haitises-national-park","product_tag-hiking-los-haitises","product_tag-hiking-sabana-de-la-mar","product_tag-hiking-samana","product_tag-kayak-tour","product_tag-kayaking","product_tag-kayaking-los-haitises","product_tag-las-galeras-excursions","product_tag-las-terrenas-excursions","product_tag-los-haitises-national-park","product_tag-los-haitises-national-park-entrance-fee","product_tag-los-haitises-national-park-tour-from-las-terrenas","product_tag-los-haitises-national-park-tour-from-santo-domingo","product_tag-los-haitises-national-park-weather","product_tag-los-haitises-sabana-de-la-mar","product_tag-sabana-de-la-mar","product_tag-sabana-de-la-mar-tour","product_tag-samana-excursions","product_tag-samana-tours","product_tag-secrets-of-los-haitises"],"_links":{"self":[{"href":"https:\/\/www.boattoursamana.com\/it\/wp-json\/wp\/v2\/product\/14264","targetHints":{"allow":["GET"]}}],"collection":[{"href":"https:\/\/www.boattoursamana.com\/it\/wp-json\/wp\/v2\/product"}],"about":[{"href":"https:\/\/www.boattoursamana.com\/it\/wp-json\/wp\/v2\/types\/product"}],"wp:featuredmedia":[{"embeddable":true,"href":"https:\/\/www.boattoursamana.com\/it\/wp-json\/wp\/v2\/media\/14267"}],"wp:attachment":[{"href":"https:\/\/www.boattoursamana.com\/it\/wp-json\/wp\/v2\/media?parent=14264"}],"wp:term":[{"taxonomy":"product_cat","embeddable":true,"href":"https:\/\/www.boattoursamana.com\/it\/wp-json\/wp\/v2\/product_cat?post=14264"},{"taxonomy":"product_tag","embeddable":true,"href":"https:\/\/www.boattoursamana.com\/it\/wp-json\/wp\/v2\/product_tag?post=14264"}],"curies":[{"name":"wp","href":"https:\/\/api.w.org\/{rel}","templated":true}]}}