{"id":14291,"date":"2022-11-02T08:35:02","date_gmt":"2022-11-02T08:35:02","guid":{"rendered":"https:\/\/www.ticketswhales.com\/?post_type=product&#038;p=14291"},"modified":"2023-10-12T02:05:54","modified_gmt":"2023-10-12T02:05:54","slug":"punta-cana-los-haitises-national-park-yanigua-waterfalls-montana-redonda","status":"publish","type":"product","link":"https:\/\/www.boattoursamana.com\/it\/tour\/punta-cana-parco-nazionale-los-haitises-cascate-yanigua-montana-redonda","title":{"rendered":"Punta Cana: Parco Nazionale Los Haitises, Cascate Yanigua e Montana Redonda"},"content":{"rendered":"<div class=\"vc_row wpb_row vc_row-fluid\" ><div class=\"wpb_column vc_column_container vc_col-sm-12\"><div class=\"vc_column-inner\"><div class=\"wpb_wrapper\"><div class=\"mkdf-section-title-holder\" style=\"text-align: left\">\n\t<div class=\"mkdf-st-inner\">\n\t\t\t\t\t<h5 class=\"mkdf-st-subtitle\" >\n\t\t\t\tTrasporto e pranzo inclusi\t\t\t<\/h5>\n\t\t\t\t\t\t\t<h3 class=\"mkdf-st-title\" >\n\t\t\t\tPunta Cana: Parco Nazionale Los Haitises, Cascate Yanigua e Montana Redonda\t\t\t<\/h3>\n\t\t\t\t\t<\/div>\n<\/div><\/div><\/div><\/div><\/div><div class=\"vc_row wpb_row vc_row-fluid\" ><div class=\"wpb_column vc_column_container vc_col-sm-12\"><div class=\"vc_column-inner\"><div class=\"wpb_wrapper\"><div class=\"vc_btn3-container vc_btn3-inline\" ><a class=\"vc_general vc_btn3 vc_btn3-size-md vc_btn3-shape-rounded vc_btn3-style-modern vc_btn3-color-green\" href=\"https:\/\/bookingadventures.tours\/booking.php?tour_id=8081df21d5fc51981b39e270d99ab5ab\" title=\"\" rel=\"noopener\">PRENOTA ORA <\/a><\/div>\n\t<div class=\"wpb_text_column wpb_content_element\" >\n\t\t<div class=\"wpb_wrapper\">\n\t\t\t<h3>Punta Cana: Parco Nazionale Los Haitises, Cascate Yanigua e Montana Redonda<\/h3>\n<h4><b><i>Panoramica <\/i><\/b><\/h4>\n<p>nTour del Parco Nazionale Los Haitises da Punta Cana Gita di un giorno. Partendo dal tuo hotel a Punta Cana o Bavaro. Guideremo con la nostra guida turistica nel Montana Redonda. Dove hai tempo per scattare foto meravigliose da uno dei panorami pi\u00f9 impressionanti della Repubblica Dominicana. Dopo questa prima sosta, continuiamo a visitare il Parco Nazionale Los Haitises, alcuni snack e bevande tipiche mentre giriamo tra mangrovie, grotte e famose isole rocciose come in Jurassic Park. Dopo aver visitato il Parco Nazionale Los Haitises, il pranzo ci aspetta nelle cascate di Yanigua. Dopo il pranzo locale e gastronomico, devi avere il tempo di nuotare nelle uniche piscine naturali, l&#039;acqua proviene dal Parco Nazionale Los Haitises.<\/p>\n<p>Dopo questa esperienza, tornerai alla comunit\u00e0 di Punta Cana da dove verremo a prenderti.<\/p>\n<ul>\n<li style=\"font-weight: 400;\">Commissioni incluse<\/li>\n<li>Pranzo<\/li>\n<li>Spuntini<\/li>\n<li style=\"font-weight: 400;\">Guida turistica locale in inglese o francese<\/li>\n<li>Trasporti<\/li>\n<li>Viaggio in barca<\/li>\n<li>Montana Redonda<\/li>\n<li>Cascata Yanigua<\/li>\n<\/ul>\n<p>&nbsp;<\/p>\n<h4><b>Inclusioni ed esclusioni<\/b><\/h4>\n<p>&nbsp;<\/p>\n<p><b>Inclusioni<\/b><\/p>\n<ol>\n<li style=\"font-weight: 400;\">Tour di Los Haitises + Grotte e pittogrammi<\/li>\n<li>Montana Redonda<\/li>\n<li>Cascate Yanigua<\/li>\n<li>Pranzo<\/li>\n<li>Prelievo dagli hotel nelle aree di Punta Cana.<\/li>\n<li style=\"font-weight: 400;\"><span style=\"font-weight: 400;\">Tutte le tasse, commissioni e spese di gestione<\/span><\/li>\n<li style=\"font-weight: 400;\"><span style=\"font-weight: 400;\">Tasse locali<\/span><\/li>\n<li style=\"font-weight: 400;\"><span style=\"font-weight: 400;\">Bevande<\/span><\/li>\n<li>Spuntini<\/li>\n<li style=\"font-weight: 400;\"><span style=\"font-weight: 400;\">Tutte le attivit\u00e0<\/span><\/li>\n<li style=\"font-weight: 400;\"><span style=\"font-weight: 400;\">Guida locale<\/span><\/li>\n<\/ol>\n<p><b> Esclusioni<\/b><\/p>\n<ol>\n<li style=\"font-weight: 400;\"><span style=\"font-weight: 400;\">Mance<\/span><\/li>\n<li style=\"font-weight: 400;\"><span style=\"font-weight: 400;\">Bevande alcoliche<\/span><\/li>\n<\/ol>\n<p>&nbsp;<\/p>\n<h4><em><strong>Partenza e ritorno<\/strong><\/em><\/h4>\n<p><span style=\"font-weight: 400;\">Il viaggiatore otterr\u00e0 un punto d&#039;incontro dopo il processo di prenotazione. I tour iniziano e finiscono nei nostri punti di incontro.<\/span><\/p>\n<h4><\/h4>\n<h3>Punta Cana: Parco Nazionale Los Haitises, Cascate Yanigua e Montana Redonda<\/h3>\n<h4><b><i>Cosa aspettarsi?<\/i><\/b><\/h4>\n<p><em><strong>Ottieni i tuoi biglietti<\/strong><\/em> per visitare il tour del Parco Nazionale Los Haitises da Punta Cana.<\/p>\n<p>IL\u00a0<strong>natura tropicale della Repubblica Dominicana<\/strong>\u00a0\u00e8 uno dei principali\u00a0<strong>attrazioni turistiche<\/strong>\u00a0nel paese. Oggi vogliamo proporvi un\u00a0<strong>escursione unica<\/strong>\u00a0che puoi fare da Punta Cana, e che include la visita di tre luoghi i cui paesaggi ti lasceranno senza parole.<\/p>\n<p>Il primo \u00e8\u00a0<em>Montagna Rotonda<\/em>, luogo divenuto famoso negli ultimi anni per la sua\u00a0<strong>vista panoramica<\/strong>\u00a0sui Caraibi, dove\u00a0<strong>istantanee su un&#039;altalena<\/strong>\u00a0che guarda verso l&#039;orizzonte lo hanno reso uno dei\u00a0<strong>i luoghi pi\u00f9 fotografati della Repubblica Dominicana<\/strong>.<\/p>\n<p><strong>Parco Nazionale Los Haitises<\/strong>\u00a0\u00e8 la nostra prossima destinazione sulla mappa, un&#039;area dove\u00a0<strong>il mare, le mangrovie, le giungle<\/strong>\u00a0e persino\u00a0<strong>resti archeologici<\/strong>\u00a0nascosto nelle caverne, rivela tutto\u00a0<strong>fascino naturale che il paese offre<\/strong>. Le sue piccole colline ricche di vegetazione sono anche il luogo perfetto per il birdwatching che troverete solo qui.<\/p>\n<p>All&#039;interno del parco ce n&#039;\u00e8 un altro\u00a0<strong>luogo magico: le cascate dello Yanigua Ranch<\/strong>. Questa spettacolare cascata \u00e8 la\u00a0<strong>luogo perfetto per disconnettersi<\/strong>\u00a0dalle folle turistiche di Punta Cana, circondati da una fitta vegetazione che ci fa pensare di essere a pi\u00f9 di 100 chilometri dal centro abitato pi\u00f9 vicino, anche se in realt\u00e0 non \u00e8 cos\u00ec.<\/p>\n<div class=\"body-description secondary\">\n<p>Dopo pranzo torniamo a Punta Cana!!<\/p>\n<h2 id=\"headline-62-1277\" class=\"ct-headline\">Itinerario del tour<\/h2>\n<div id=\"_rich_text-77-1277\" class=\"oxy-rich-text\">\n<p>L&#039;itinerario di questa escursione \u00e8 il seguente:<\/p>\n<ul>\n<li><strong>06:50<\/strong>\u00a0\u2013 Venire a prendervi al vostro hotel.<\/li>\n<li><strong>08:30<\/strong>\u00a0\u2013 Arrivo al Monte Rotondo, un paesaggio unico in tutto il Paese.<\/li>\n<li><strong>10:30<\/strong>\u00a0\u2013 Partenza da Sabana de la Mar verso il Parco Nazionale Haitises in motoscafo. Strada facendo vedremo\u00a0<strong>uccelli esotici<\/strong>, e arriveremo al\u00a0<strong>grotte<\/strong>\u00a0dove puoi vedere\u00a0<strong>dipinti indigeni<\/strong>.<\/li>\n<li><strong>12:30<\/strong>\u00a0<strong>pm\u00a0<\/strong>\u2013 Addentrati nella giungla fino a raggiungere le cascate Yanigua Ranch, un luogo perfetto per pranzare e fare un tuffo. Puoi anche fare un bagno di fango terapeutico.<\/li>\n<li><strong>02:00<\/strong>\u00a0<strong>pm<\/strong>\u00a0\u2013 Puoi assaggiare\u00a0<strong>caff\u00e8 e cacao<\/strong>\u00a0da fattorie e allevamenti locali.<\/li>\n<li><strong>03:00<\/strong>\u00a0<strong>pm<\/strong>- Visitare il\u00a0<strong>miniera di ambra blu<\/strong>.<\/li>\n<li><strong>16:30<\/strong>\u00a0\u2013 Fermati in un punto panoramico da cui potrai ammirare lo splendore del Parco Nazionale Haitises.<\/li>\n<li><strong>17:00<\/strong>\u00a0\u2013 Infine, una guida ci condurr\u00e0 ad una delle costruzioni pi\u00f9 curiose del luogo,\u00a0<em>la casa di Tarzan<\/em>, che si trova su un albero alto pi\u00f9 di 100 piedi.<\/li>\n<li><strong>18:00<\/strong>\u00a0\u2013 Rientro in hotel con il nostro trasporto.<\/li>\n<\/ul>\n<p><em>*Gli orari sopra indicati sono approssimativi<\/em><\/p>\n<\/div>\n<\/div>\n<p>Nel caso in cui ti piacer\u00e0 questo viaggio pi\u00f9 a lungo o pi\u00f9 breve, contattaci.<\/p>\n<p>&nbsp;<\/p>\n<h4><em><strong>Cosa dovresti portare?<\/strong><\/em><\/h4>\n<ul>\n<li style=\"font-weight: 400;\"><span style=\"font-weight: 400;\">Telecamera<\/span><\/li>\n<li style=\"font-weight: 400;\"><span style=\"font-weight: 400;\">Boccioli repellenti<\/span><\/li>\n<li style=\"font-weight: 400;\"><span style=\"font-weight: 400;\">Crema solare<\/span><\/li>\n<li style=\"font-weight: 400;\"><span style=\"font-weight: 400;\">Cappello<\/span><\/li>\n<li style=\"font-weight: 400;\"><span style=\"font-weight: 400;\">Pantaloni comodi<\/span><\/li>\n<li style=\"font-weight: 400;\"><span style=\"font-weight: 400;\">Scarpe da trekking per la foresta<\/span><\/li>\n<li style=\"font-weight: 400;\"><span style=\"font-weight: 400;\">Sandali per le zone primaverili.<\/span><\/li>\n<li style=\"font-weight: 400;\"><span style=\"font-weight: 400;\">Abbigliamento da bagno<\/span><\/li>\n<\/ul>\n<p>&nbsp;<\/p>\n<h4><b><i>Prelievo dall&#039;hotel <\/i><\/b><\/h4>\n<p><span style=\"font-weight: 400;\">Per questo tour \u00e8 offerto il prelievo in hotel. Seleziona il nome dell&#039;hotel e l&#039;orario qui. Nel caso in cui il tuo hotel non sia nell&#039;elenco, contattaci.<\/span><\/p>\n<p>&nbsp;<\/p>\n<p><b>Nota:<\/b><span style=\"font-weight: 400;\"> se prenoti entro 24 ore dall&#039;orario di partenza del tour\/dell&#039;escursione, possiamo organizzare il prelievo in hotel con costi aggiuntivi. Una volta completato l&#039;acquisto, ti invieremo le informazioni di contatto complete (numero di telefono, indirizzo e-mail, ecc.) affinch\u00e9 la nostra guida turistica locale possa organizzare le modalit\u00e0 di ritiro.<\/span><\/p>\n<h4><b><i>Conferma di informazioni aggiuntive <\/i><\/b><\/h4>\n<ol>\n<li>I biglietti rappresentano la ricevuta dopo aver pagato questo tour. Puoi mostrare il pagamento sul tuo telefono.<\/li>\n<li style=\"font-weight: 400;\"><span style=\"font-weight: 400;\">Il punto d&#039;incontro verr\u00e0 ricevuto dopo il processo di prenotazione.<\/span><\/li>\n<li style=\"font-weight: 400;\"><span style=\"font-weight: 400;\">I bambini devono essere accompagnati da un adulto.<\/span><\/li>\n<li style=\"font-weight: 400;\"><span style=\"font-weight: 400;\"> Non accessibile in sedia a rotelle <\/span><\/li>\n<li style=\"font-weight: 400;\"><span style=\"font-weight: 400;\">I neonati devono sedersi sulle ginocchia <\/span><\/li>\n<li style=\"font-weight: 400;\"><span style=\"font-weight: 400;\">Non raccomandato per viaggiatori con problemi alla schiena<\/span><\/li>\n<li style=\"font-weight: 400;\"><span style=\"font-weight: 400;\">Non raccomandato per i viaggiatori in gravidanza <\/span><\/li>\n<li style=\"font-weight: 400;\"><span style=\"font-weight: 400;\"> Nessun problema cardiaco o altre condizioni mediche gravi <\/span><\/li>\n<li style=\"font-weight: 400;\"><span style=\"font-weight: 400;\">La maggior parte dei viaggiatori pu\u00f2 partecipare<\/span><\/li>\n<\/ol>\n<h4><b><i>Politica di cancellazione<\/i><\/b><\/h4>\n<p>Per un rimborso completo, leggi le nostre politiche di cancellazione\u00a0<a href=\"https:\/\/www.boattoursamana.com\/it\/prenotazione-online\/\" target=\"_blank\" rel=\"noopener\" data-saferedirecturl=\"https:\/\/www.google.com\/url?q=https:\/\/www.boattoursamana.com\/online-booking\/&amp;source=gmail&amp;ust=1672308980019000&amp;usg=AOvVaw26v5FL8g3-3hyHN76KOvdD\">clicca qui<\/a>. I fondi andranno persi se la prenotazione viene cancellata lo stesso giorno del viaggio.<\/p>\n\n\t\t<\/div>\n\t<\/div>\n<div class=\"vc_btn3-container vc_btn3-inline\" ><a class=\"vc_general vc_btn3 vc_btn3-size-md vc_btn3-shape-rounded vc_btn3-style-modern vc_btn3-color-green\" href=\"https:\/\/bookingadventures.tours\/booking.php?tour_id=8081df21d5fc51981b39e270d99ab5ab\" title=\"\" rel=\"noopener\">PRENOTA ORA <\/a><\/div><\/div><\/div><\/div><\/div><div class=\"vc_row wpb_row vc_row-fluid\" ><div class=\"wpb_column vc_column_container vc_col-sm-12\"><div class=\"vc_column-inner\"><div class=\"wpb_wrapper\"><div class=\"vc_empty_space\"   style=\"height: 32px\"><span class=\"vc_empty_space_inner\"><\/span><\/div>\n\t<div class=\"wpb_video_widget wpb_content_element vc_clearfix   vc_video-aspect-ratio-169 vc_video-el-width-100 vc_video-align-left\" >\n\t\t<div class=\"wpb_wrapper\">\n\t\t\t<h2 class=\"wpb_heading wpb_video_heading\">Video del Parco Nazionale Los Haitises:<\/h2>\n\t\t\t<div class=\"wpb_video_wrapper\"><iframe loading=\"lazy\" title=\"Parco Nazionale Los Haitises, tour ed escursioni da Samana o Sabana de la Mar. Prenota qui:\" src=\"https:\/\/player.vimeo.com\/video\/346508015?dnt=1&amp;app_id=122963\" width=\"1100\" height=\"619\" frameborder=\"0\" allow=\"autoplay; fullscreen\" allowfullscreen><\/iframe><\/div>\n\t\t<\/div>\n\t<\/div>\n<div class=\"vc_empty_space\"   style=\"height: 32px\"><span class=\"vc_empty_space_inner\"><\/span><\/div><\/div><\/div><\/div><\/div><div class=\"vc_row wpb_row vc_row-fluid\" ><div class=\"wpb_column vc_column_container vc_col-sm-12\"><div class=\"vc_column-inner\"><div class=\"wpb_wrapper\"><div class=\"vc_empty_space\"   style=\"height: 32px\"><span class=\"vc_empty_space_inner\"><\/span><\/div>\n\t<div class=\"wpb_text_column wpb_content_element\" >\n\t\t<div class=\"wpb_wrapper\">\n\t\t\t<h4>Contattaci?<\/h4>\n<h5><em><strong>Prenotazione Avventure<\/strong><\/em><\/h5>\n<p><em><strong>Gente del posto<\/strong>\u00a0E\u00a0<strong>Nazionali<\/strong>\u00a0Guide turistiche e servizi per gli ospiti<\/em><\/p>\n<p><span class=\"text-turquoise\">Prenotazioni:<\/span>\u00a0Tours ed escursioni a Dom. Rappresentante.<\/p>\n<p><img decoding=\"async\" class=\"emoji\" draggable=\"false\" src=\"https:\/\/s.w.org\/images\/core\/emoji\/11.2.0\/svg\/1f4de.svg\" alt=\"\ud83d\udcde\" title=\"\">\u00a0Tel\/Whatsapp\u00a0\u00a0<a href=\"tel:+1-809-720-6035\">+1-809-720-6035<\/a>.<\/p>\n<p><img decoding=\"async\" class=\"emoji\" draggable=\"false\" src=\"https:\/\/s.w.org\/images\/core\/emoji\/11.2.0\/svg\/1f4e9.svg\" alt=\"\ud83d\udce9\" title=\"\">\u00a0<a href=\"mailto:info@bookingadventures.com.do\">info@bookingadventures.com.do<\/a><\/p>\n<p><strong>Siamo flessibili nell&#039;impostare tour privati tramite Whatsapp:\u00a0<a href=\"tel:+18097206035\">+18097206035.<\/a><\/strong><\/p>\n\n\t\t<\/div>\n\t<\/div>\n<div class=\"vc_empty_space\"   style=\"height: 32px\"><span class=\"vc_empty_space_inner\"><\/span><\/div><\/div><\/div><\/div><\/div>","protected":false},"excerpt":{"rendered":"<p>Escursione da Punta Cana: Parco Nazionale Los Haitises, Cascate Yanigua e Montana Redonda. Include pranzo e trasporto per una visita alle 3 grotte principali, un&#039;esplorazione di 2 diversi ecosistemi di mangrovie, panorami e piscine Simming.<\/p>\n<p>Gita di un giorno intero al Parco Nazionale Los Haitises con una guida turistica locale. Visita alle isole Cays nel Parco Nazionale Los Haitises, mangrovie, vegetazione, birdwatching, grotte, pittogrammi e le aree storiche di Sabana de la Mar nel Parco Nazionale Los Haitises. Viste incredibili nel Montana Redonda e pranzo pi\u00f9 piscine nelle cascate di Yanigua.<\/p>\n<p>&nbsp;<\/p>\n<p><strong>Seleziona la data del tour:\u00a0<\/strong><\/p>","protected":false},"featured_media":14278,"template":"","meta":[],"product_cat":[948,946,928,168,1050,1049],"product_tag":[268,296,267,171,209,440,441,299,1052,212,297,222,298,269,1053,1051],"class_list":["post-14291","product","type-product","status-publish","has-post-thumbnail","hentry","product_cat-1-punta-cana","product_cat-1-sabana-de-la-mar","product_cat-boat-trip-los-haitises","product_cat-caves","product_cat-waterfalls-los-haitises","product_cat-yanigua-waterfalls-montana-redonda","product_tag-caves-los-haitises","product_tag-day-trip-punta-cana","product_tag-las-terrenas","product_tag-los-haitises","product_tag-los-haitises-national-park","product_tag-los-haitises-national-park-map","product_tag-los-haitises-national-park-tour-from-las-terrenas","product_tag-los-haitises-national-park-tours-excursions","product_tag-los-haitises-waterfall","product_tag-mangroves-los-haitises","product_tag-montana-redonda-tours-excursion","product_tag-punta-cana","product_tag-punta-cana-tours-excursions","product_tag-transportation-los-haitises","product_tag-waterfalls-dominican-republic","product_tag-yanigua-waterfalls"],"_links":{"self":[{"href":"https:\/\/www.boattoursamana.com\/it\/wp-json\/wp\/v2\/product\/14291","targetHints":{"allow":["GET"]}}],"collection":[{"href":"https:\/\/www.boattoursamana.com\/it\/wp-json\/wp\/v2\/product"}],"about":[{"href":"https:\/\/www.boattoursamana.com\/it\/wp-json\/wp\/v2\/types\/product"}],"wp:featuredmedia":[{"embeddable":true,"href":"https:\/\/www.boattoursamana.com\/it\/wp-json\/wp\/v2\/media\/14278"}],"wp:attachment":[{"href":"https:\/\/www.boattoursamana.com\/it\/wp-json\/wp\/v2\/media?parent=14291"}],"wp:term":[{"taxonomy":"product_cat","embeddable":true,"href":"https:\/\/www.boattoursamana.com\/it\/wp-json\/wp\/v2\/product_cat?post=14291"},{"taxonomy":"product_tag","embeddable":true,"href":"https:\/\/www.boattoursamana.com\/it\/wp-json\/wp\/v2\/product_tag?post=14291"}],"curies":[{"name":"wp","href":"https:\/\/api.w.org\/{rel}","templated":true}]}}