{"id":8979,"date":"2019-07-06T04:26:26","date_gmt":"2019-07-06T04:26:26","guid":{"rendered":"https:\/\/www.ticketswhales.com\/?post_type=product&#038;p=8979"},"modified":"2023-03-20T11:14:04","modified_gmt":"2023-03-20T11:14:04","slug":"los-haitises-national-park-tour-from-las-terrenas-samana-half-day-trip","status":"publish","type":"product","link":"https:\/\/www.boattoursamana.com\/it\/tour\/tour-del-parco-nazionale-los-haitises-da-las-terrenas-gita-di-mezza-giornata-a-samana","title":{"rendered":"Tour del Parco Nazionale Los Haitises da Las Terrenas, Saman\u00e1. Gita di mezza giornata."},"content":{"rendered":"<div class=\"vc_row wpb_row vc_row-fluid\" ><div class=\"wpb_column vc_column_container vc_col-sm-12\"><div class=\"vc_column-inner\"><div class=\"wpb_wrapper\"><div class=\"mkdf-section-title-holder\" style=\"text-align: left\">\n\t<div class=\"mkdf-st-inner\">\n\t\t\t\t\t<h5 class=\"mkdf-st-subtitle\" >\n\t\t\t\tTrasporto e pranzo inclusi\t\t\t<\/h5>\n\t\t\t\t\t\t\t<h3 class=\"mkdf-st-title\" >\n\t\t\t\tTour del Parco Nazionale Los Haitises da Las Terrenas de Samana. Gita di mezza giornata.\t\t\t<\/h3>\n\t\t\t\t\t<\/div>\n<\/div><\/div><\/div><\/div><\/div><div class=\"vc_row wpb_row vc_row-fluid\" ><div class=\"wpb_column vc_column_container vc_col-sm-12\"><div class=\"vc_column-inner\"><div class=\"wpb_wrapper\"><div class=\"vc_btn3-container vc_btn3-inline\" ><button class=\"vc_general vc_btn3 vc_btn3-size-md vc_btn3-shape-rounded vc_btn3-style-modern vc_btn3-color-green\">PRENOTA ORA<\/button><\/div>\n\t<div class=\"wpb_text_column wpb_content_element\" >\n\t\t<div class=\"wpb_wrapper\">\n\t\t\t<h3><\/h3>\n<h4><b><i>Panoramica <\/i><\/b><\/h4>\n<p>Tour del Parco Nazionale Los Haitises da Las Terrenas de Samana. Gita di mezza giornata. Partendo dal tuo hotel a Las Terrenas a Samana. Ci dirigeremo verso la comunit\u00e0 di Sanchez dove la barca attraverser\u00e0 la baia di Samana. Visita al Rio Naranjo, passando per la comunit\u00e0 di pescatori nel Parco Nazionale Los Haitises, 3 grotte, grotta di Boca Tiburon, Birding Key Island e mangrovie nella baia di Saman\u00e1.<\/p>\n<p>Dopo questa esperienza, tornerai alla comunit\u00e0 di Las Terrenas da dove verremo a prenderti.<\/p>\n<ul>\n<li style=\"font-weight: 400;\">Commissioni incluse<\/li>\n<li>Pranzo<\/li>\n<li>Spuntini<\/li>\n<li style=\"font-weight: 400;\">Guida turistica locale in inglese o francese<\/li>\n<li>Trasporti<\/li>\n<li>Viaggio in barca<\/li>\n<\/ul>\n<p>&nbsp;<\/p>\n<h4><b>Inclusioni ed esclusioni<\/b><\/h4>\n<p>&nbsp;<\/p>\n<p><b>Inclusioni<\/b><\/p>\n<ol>\n<li style=\"font-weight: 400;\">Tour di Los Haitises + Grotte e pittogrammi<\/li>\n<li>Pranzo<\/li>\n<li style=\"font-weight: 400;\"><span style=\"font-weight: 400;\">Tutte le tasse, commissioni e spese di gestione<\/span><\/li>\n<li style=\"font-weight: 400;\"><span style=\"font-weight: 400;\">Tasse locali<\/span><\/li>\n<li style=\"font-weight: 400;\"><span style=\"font-weight: 400;\">Bevande<\/span><\/li>\n<li>Spuntini<\/li>\n<li style=\"font-weight: 400;\"><span style=\"font-weight: 400;\">Tutte le attivit\u00e0<\/span><\/li>\n<li style=\"font-weight: 400;\"><span style=\"font-weight: 400;\">Guida locale<\/span><\/li>\n<\/ol>\n<p><b> Esclusioni<\/b><\/p>\n<ol>\n<li style=\"font-weight: 400;\"><span style=\"font-weight: 400;\">Mance<\/span><\/li>\n<li style=\"font-weight: 400;\"><span style=\"font-weight: 400;\">Bevande alcoliche<\/span><\/li>\n<\/ol>\n<p>&nbsp;<\/p>\n<h4><em><strong>Partenza e ritorno<\/strong><\/em><\/h4>\n<p><span style=\"font-weight: 400;\">Il viaggiatore otterr\u00e0 un punto d&#039;incontro dopo il processo di prenotazione. I tour iniziano e finiscono nei nostri punti di incontro.<\/span><\/p>\n<p>&nbsp;<\/p>\n<h4><\/h4>\n<h4><\/h4>\n<h3>Parco Nazionale Los Haitises da Las Terrenas<\/h3>\n<h4><b><i>Cosa aspettarsi?<\/i><\/b><\/h4>\n<p><em><strong>Ottieni i tuoi biglietti<\/strong><\/em> per visitare il Tour del Parco Nazionale Los Haitises da Las Terrenas de Samana. Gita di mezza giornata. Partendo da Las Terrenas, Saman\u00e1 con trasporto al porto per l&#039;imbarco su una barca con una guida turistica locale, passiamo la baia di Saman\u00e1 fino a Los Haitises, lato Sabana de la Mar per visitare uno dei parchi nazionali pi\u00f9 belli della Repubblica Dominicana. <strong>Los<em>\u00a0Parco Nazionale di Haitises<\/em>.<\/strong><\/p>\n<p>Il tour, organizzato da \u201cBooking Adventures\u201d inizia presso il punto di incontro concordato con la Guida Turistica. Vieni con Booking Adventures e inizia a controllare alcune mangrovie piene di uccelli, dolci colline di vegetazione lussureggiante e grotte <em><strong>Parco Nazionale Los Haitises<\/strong><\/em>. Visitare l&#039;isola con uccelli intorno. Nella stagione della nidificazione possiamo vedere anche i pulcini di Pelecanos sui nidi. Esplorare l&#039;interno delle Isole Rocciose e visitare le Grotte con pittogrammi e petrografi degli indigeni.<\/p>\n<p>Attraverso le mangrovie e la terra nell&#039;aperta baia di San Lorenzo, Sabana de la Mar da dove \u00e8 possibile fotografare l&#039;aspro paesaggio forestale. Guarda l&#039;acqua per individuarlo <em><strong>lamantini<\/strong><\/em>, crostacei e <em><strong>delfini.<\/strong><\/em><\/p>\n<div class=\"body-description secondary\">\n<p>Il nome del parco nazionale deriva dai suoi abitanti originari, gli indiani Taino. Nella loro lingua &quot;Haitises&quot; si traduce in altopiani o colline, un riferimento alle ripide formazioni geologiche della costa con calcari. Avventurati pi\u00f9 in profondit\u00e0 nel parco per esplorare grotte come quella <em><strong>Grotta dell&#039;Arena, <\/strong><\/em>E <strong><em>Cueva de la Linea.<\/em><\/strong><\/p>\n<p>Queste grotte nella riserva furono utilizzate come rifugio dagli indiani Taino e, in seguito, come nascondiglio dei pirati. Cerca i disegni degli indiani che decorano alcune pareti. Dopo aver visitato il Parco Nazionale Los Haitises torneremo a Sanchez, Saman\u00e1.<\/p>\n<p>Passando per la baia di Saman\u00e1 30 min. Faremo un pranzo tipico, se sei vegano non preoccuparti, abbiamo anche cibo per te!<\/p>\n<p>Dopo pranzo torniamo a Las Terrenas!!<\/p>\n<\/div>\n<p>Nel caso in cui ti piacer\u00e0 questo viaggio pi\u00f9 a lungo o pi\u00f9 breve, abbiamo queste opzioni:<\/p>\n<ol>\n<li><a href=\"https:\/\/www.boattoursamana.com\/it\/tour\/the-haitises-national-park-tour-from-samana-port\/\">Solo Los Haitises dal porto di Saman\u00e1.<\/a><\/li>\n<li><a href=\"https:\/\/www.boattoursamana.com\/it\/tour\/pranzo-al-parco-nazionale-los-haitises-a-cano-hondo-dal-porto-di-samana\/\">Los Haitises + Ca\u00f1o Hondo dal porto di Saman\u00e1.<\/a><\/li>\n<\/ol>\n<p>&nbsp;<\/p>\n<h4><em><strong>Cosa dovresti portare?<\/strong><\/em><\/h4>\n<ul>\n<li style=\"font-weight: 400;\"><span style=\"font-weight: 400;\">Telecamera<\/span><\/li>\n<li style=\"font-weight: 400;\"><span style=\"font-weight: 400;\">Boccioli repellenti<\/span><\/li>\n<li style=\"font-weight: 400;\"><span style=\"font-weight: 400;\">Crema solare<\/span><\/li>\n<li style=\"font-weight: 400;\"><span style=\"font-weight: 400;\">Cappello<\/span><\/li>\n<li style=\"font-weight: 400;\"><span style=\"font-weight: 400;\">Pantaloni comodi<\/span><\/li>\n<li style=\"font-weight: 400;\"><span style=\"font-weight: 400;\">Scarpe da trekking per la foresta<\/span><\/li>\n<li style=\"font-weight: 400;\"><span style=\"font-weight: 400;\">Sandali per le zone primaverili.<\/span><\/li>\n<li style=\"font-weight: 400;\"><span style=\"font-weight: 400;\">Abbigliamento da bagno<\/span><\/li>\n<\/ul>\n<p>&nbsp;<\/p>\n<h4><b><i>Prelievo dall&#039;hotel <\/i><\/b><\/h4>\n<p><span style=\"font-weight: 400;\">Per questo tour non \u00e8 disponibile il prelievo in hotel. <\/span><\/p>\n<p>&nbsp;<\/p>\n<p><b>Nota:<\/b><span style=\"font-weight: 400;\"> se prenoti entro 24 ore dall&#039;orario di partenza del tour\/dell&#039;escursione, possiamo organizzare il prelievo in hotel con costi aggiuntivi. Una volta completato l&#039;acquisto, ti invieremo le informazioni di contatto complete (numero di telefono, indirizzo e-mail, ecc.) affinch\u00e9 la nostra guida turistica locale possa organizzare le modalit\u00e0 di ritiro.<\/span><\/p>\n<h4><b><i>Conferma di informazioni aggiuntive <\/i><\/b><\/h4>\n<ol>\n<li>I biglietti rappresentano la ricevuta dopo aver pagato questo tour. Puoi mostrare il pagamento sul tuo telefono.<\/li>\n<li style=\"font-weight: 400;\"><span style=\"font-weight: 400;\">Il punto d&#039;incontro verr\u00e0 ricevuto dopo il processo di prenotazione.<\/span><\/li>\n<li style=\"font-weight: 400;\"><span style=\"font-weight: 400;\">I bambini devono essere accompagnati da un adulto.<\/span><\/li>\n<li style=\"font-weight: 400;\"><span style=\"font-weight: 400;\"> Non accessibile in sedia a rotelle <\/span><\/li>\n<li style=\"font-weight: 400;\"><span style=\"font-weight: 400;\">I neonati devono sedersi sulle ginocchia <\/span><\/li>\n<li style=\"font-weight: 400;\"><span style=\"font-weight: 400;\">Non raccomandato per viaggiatori con problemi alla schiena<\/span><\/li>\n<li style=\"font-weight: 400;\"><span style=\"font-weight: 400;\">Non raccomandato per i viaggiatori in gravidanza <\/span><\/li>\n<li style=\"font-weight: 400;\"><span style=\"font-weight: 400;\"> Nessun problema cardiaco o altre condizioni mediche gravi <\/span><\/li>\n<li style=\"font-weight: 400;\"><span style=\"font-weight: 400;\">La maggior parte dei viaggiatori pu\u00f2 partecipare<\/span><\/li>\n<\/ol>\n<h4><b><i>Politica di cancellazione<\/i><\/b><\/h4>\n<p>Per un rimborso completo, leggi le nostre politiche di cancellazione\u00a0<a href=\"https:\/\/www.boattoursamana.com\/it\/prenotazione-online\/\" target=\"_blank\" rel=\"noopener\" data-saferedirecturl=\"https:\/\/www.google.com\/url?q=https:\/\/www.boattoursamana.com\/online-booking\/&amp;source=gmail&amp;ust=1672529771100000&amp;usg=AOvVaw2NIGJBZ0qjB5RhPUl5Obc7\">clicca qui<\/a>. I fondi andranno persi se la prenotazione viene cancellata lo stesso giorno del viaggio.<\/p>\n\n\t\t<\/div>\n\t<\/div>\n<div class=\"vc_btn3-container vc_btn3-inline\" ><button class=\"vc_general vc_btn3 vc_btn3-size-md vc_btn3-shape-rounded vc_btn3-style-modern vc_btn3-color-green\">PRENOTA ORA<\/button><\/div><\/div><\/div><\/div><\/div><div class=\"vc_row wpb_row vc_row-fluid\" ><div class=\"wpb_column vc_column_container vc_col-sm-12\"><div class=\"vc_column-inner\"><div class=\"wpb_wrapper\">\n\t<div class=\"wpb_video_widget wpb_content_element vc_clearfix   vc_video-aspect-ratio-169 vc_video-el-width-100 vc_video-align-left\" >\n\t\t<div class=\"wpb_wrapper\">\n\t\t\t\n\t\t\t<div class=\"wpb_video_wrapper\"><iframe loading=\"lazy\" title=\"Parco Nazionale Los Haitises, tour ed escursioni da Samana o Sabana de la Mar. Prenota qui:\" src=\"https:\/\/player.vimeo.com\/video\/346508015?dnt=1&amp;app_id=122963\" width=\"1100\" height=\"619\" frameborder=\"0\" allow=\"autoplay; fullscreen\" allowfullscreen><\/iframe><\/div>\n\t\t<\/div>\n\t<\/div>\n<\/div><\/div><\/div><\/div><div class=\"vc_row wpb_row vc_row-fluid\" ><\/div><div class=\"wpb_column vc_column_container vc_col-sm-12\"><div class=\"vc_column-inner\"><div class=\"wpb_wrapper\"><\/div><\/div><\/div><div class=\"vc_empty_space\"   style=\"height: 32px\"><span class=\"vc_empty_space_inner\"><\/span><\/div><div class=\"vc_empty_space\"   style=\"height: 32px\"><span class=\"vc_empty_space_inner\"><\/span><\/div><div class=\"vc_row wpb_row vc_row-fluid\" ><div class=\"wpb_column vc_column_container vc_col-sm-12\"><div class=\"vc_column-inner\"><div class=\"wpb_wrapper\"><div class=\"vc_btn3-container vc_btn3-inline\" ><button class=\"vc_general vc_btn3 vc_btn3-size-md vc_btn3-shape-rounded vc_btn3-style-modern vc_btn3-color-green\">PRENOTA ORA<\/button><\/div><\/div><\/div><\/div><\/div>","protected":false},"excerpt":{"rendered":"<p><span style=\"vertical-align: inherit;\"><span style=\"vertical-align: inherit;\">Questa escursione da Las Terrenas al Parque Nacional Los Haitises include Almuerzo e trasporto per una visita alle 3 grotte principali, un&#039;esplorazione di 2 manglares diversi e, supuesto, l&#039;osservazione dei selve per la pesca.<\/span><\/span><\/p>\n<p><span style=\"vertical-align: inherit;\"><span style=\"vertical-align: inherit;\">Viaggio ecologico al Parque Nacional Los Haitises con una guida turistica locale. <\/span><span style=\"vertical-align: inherit;\">Visitando los Cayos nel Parque Nacional Los Haitises, Manglares, Vegetaci\u00f3n, Observaci\u00f3n de aves, Cuevas, Pictogramas e las \u00e1reas hist\u00f3ricas de Sabana de la Mar nel Parque Nacional Los Haitises.<\/span><\/span><\/p>\n<p>&nbsp;<\/p>\n<p><strong><span style=\"vertical-align: inherit;\"><span style=\"vertical-align: inherit;\">Seleziona la data per il tour:\u00a0<\/span><\/span><\/strong><\/p>","protected":false},"featured_media":12432,"template":"","meta":[],"product_cat":[255,655,928,253],"product_tag":[268,267,171,209,212,269],"class_list":["post-8979","product","type-product","status-publish","has-post-thumbnail","hentry","product_cat-tours-excursions-samana-bay-dominican-republic","product_cat-1-samana","product_cat-boat-trip-los-haitises","product_cat-tours-and-excursions","product_tag-caves-los-haitises","product_tag-las-terrenas","product_tag-los-haitises","product_tag-los-haitises-national-park","product_tag-mangroves-los-haitises","product_tag-transportation-los-haitises"],"_links":{"self":[{"href":"https:\/\/www.boattoursamana.com\/it\/wp-json\/wp\/v2\/product\/8979","targetHints":{"allow":["GET"]}}],"collection":[{"href":"https:\/\/www.boattoursamana.com\/it\/wp-json\/wp\/v2\/product"}],"about":[{"href":"https:\/\/www.boattoursamana.com\/it\/wp-json\/wp\/v2\/types\/product"}],"wp:featuredmedia":[{"embeddable":true,"href":"https:\/\/www.boattoursamana.com\/it\/wp-json\/wp\/v2\/media\/12432"}],"wp:attachment":[{"href":"https:\/\/www.boattoursamana.com\/it\/wp-json\/wp\/v2\/media?parent=8979"}],"wp:term":[{"taxonomy":"product_cat","embeddable":true,"href":"https:\/\/www.boattoursamana.com\/it\/wp-json\/wp\/v2\/product_cat?post=8979"},{"taxonomy":"product_tag","embeddable":true,"href":"https:\/\/www.boattoursamana.com\/it\/wp-json\/wp\/v2\/product_tag?post=8979"}],"curies":[{"name":"wp","href":"https:\/\/api.w.org\/{rel}","templated":true}]}}