{"id":9613,"date":"2019-10-11T07:35:12","date_gmt":"2019-10-11T07:35:12","guid":{"rendered":"https:\/\/www.ticketswhales.com\/?post_type=product&#038;p=9613"},"modified":"2023-11-04T16:43:25","modified_gmt":"2023-11-04T16:43:25","slug":"samana-day-trip-from-punta-cana-el-limon-waterfall-and-bacardi-island","status":"publish","type":"product","link":"https:\/\/www.boattoursamana.com\/it\/tour\/gita-di-un-giorno-a-samana-dalla-cascata-di-punta-cana-el-limon-e-dallisola-di-bacardi","title":{"rendered":"Punta Cana: gita di un giorno a Saman\u00e1 - Cascata El Lim\u00f3n e Isola Bacardi"},"content":{"rendered":"<div class=\"vc_row wpb_row vc_row-fluid\" ><div class=\"wpb_column vc_column_container vc_col-sm-12\"><div class=\"vc_column-inner\"><div class=\"wpb_wrapper\"><div class=\"mkdf-section-title-holder\" style=\"text-align: left\">\n\t<div class=\"mkdf-st-inner\">\n\t\t\t\t\t<h5 class=\"mkdf-st-subtitle\" >\n\t\t\t\t(Ritiro a Punta Cana)\t\t\t<\/h5>\n\t\t\t\t\t\t\t<h3 class=\"mkdf-st-title\" >\n\t\t\t\tGita di un giorno a Samana da Punta Cana: cascata El Limon e isola Bacardi\t\t\t<\/h3>\n\t\t\t\t\t<\/div>\n<\/div><div class=\"vc_empty_space\"   style=\"height: 32px\"><span class=\"vc_empty_space_inner\"><\/span><\/div>\n\t<div class=\"wpb_text_column wpb_content_element\" >\n\t\t<div class=\"wpb_wrapper\">\n\t\t\t<div class=\"vc_row wpb_row vc_row-fluid\">\n<div class=\"wpb_column vc_column_container vc_col-sm-12\">\n<div class=\"vc_column-inner\">\n<div class=\"wpb_wrapper\">\n<div class=\"mkdf-section-title-holder\">\n<div class=\"mkdf-st-inner\">\n<h5 class=\"mkdf-st-subtitle\">(Ritiro a Punta Cana)<\/h5>\n<h3 class=\"mkdf-st-title\">Gita di un giorno a Samana da Punta Cana: cascata El Limon e isola Bacardi<\/h3>\n<\/div>\n<\/div>\n<\/div>\n<\/div>\n<\/div>\n<\/div>\n<div class=\"vc_row wpb_row vc_row-fluid\"><\/div>\n<div class=\"wpb_column vc_column_container vc_col-sm-12\">\n<div class=\"vc_column-inner\">\n<div class=\"wpb_wrapper\"><\/div>\n<\/div>\n<\/div>\n<div class=\"wpb_text_column wpb_content_element\">\n<div class=\"wpb_wrapper\"><\/div>\n<\/div>\n<h4><a id=\"overview\" class=\"aal_anchor\" href=\"https:\/\/bookingadventures.com.do\/dominicantour\/samana-day-trip-from-punta-cana-el-limon-waterfall-and-bacardi-island\/#overview\" aria-hidden=\"true\" rel=\"noopener\"><\/a><b><i>Panoramica<\/i><\/b><\/h4>\n<p>Se ti trovi a Bayahibe, Punta Cana o Bavaro e vuoi fare una gita di un giorno pagando meno del solito, vai avanti e prenota questo viaggio. All&#039;interno di questo viaggio, ti porteremo a Samana, dove a bordo di un catamarano verrai portato a Sabana de la Mar, un comune di Hato Mayor, sede del Parco Nazionale Los Haitises. Questo viaggio include la visita alle comunit\u00e0 di Samana ed El Limon dove potrai fare equitazione o fare escursioni a una cascata subito dopo aver attraversato la baia di Samana. Il pranzo sar\u00e0 servito all&#039;Isola Bacardi. Il viaggio inizia alle 6:00 e termina alle 18:30. Fai la tua prenotazione adesso!<\/p>\n<p>Dopo questa esperienza, ti lasceremo al tuo hotel.<\/p>\n<ul>\n<li>Commissioni incluse<\/li>\n<li>Pranzo in spiaggia incluso<\/li>\n<li>Trasferimento incluso<\/li>\n<li>La guida fornisce istruzioni e supervisione<\/li>\n<\/ul>\n<p>&nbsp;<\/p>\n<h4><a id=\"inclusions-exclusions\" class=\"aal_anchor\" href=\"https:\/\/bookingadventures.com.do\/dominicantour\/samana-day-trip-from-punta-cana-el-limon-waterfall-and-bacardi-island\/#inclusions-exclusions\" aria-hidden=\"true\" rel=\"noopener\"><\/a><b>Inclusioni ed esclusioni<\/b><\/h4>\n<p>&nbsp;<\/p>\n<p><b>Inclusioni<\/b><\/p>\n<p>&nbsp;<\/p>\n<ol>\n<li>Prelievo in hotel<\/li>\n<li>Baia di Samana<\/li>\n<li>Isola Bacardi, spiaggia e pranzo<\/li>\n<li>Safari a El Lim\u00f3n<\/li>\n<li>Equitazione o escursionismo alle cascate<\/li>\n<li>Cocktail domenicani<\/li>\n<li>Tutte le tasse, commissioni e spese di gestione<\/li>\n<li>Tasse locali<\/li>\n<li>Bevande<\/li>\n<li>Tutte le attivit\u00e0<\/li>\n<li>Guida locale<\/li>\n<\/ol>\n<p><b>Esclusioni<\/b><\/p>\n<ol>\n<li>Mance<\/li>\n<li>Bevande alcoliche dopo i cocktail<\/li>\n<\/ol>\n<p>&nbsp;<\/p>\n<h4><a id=\"departure-return\" class=\"aal_anchor\" href=\"https:\/\/bookingadventures.com.do\/dominicantour\/samana-day-trip-from-punta-cana-el-limon-waterfall-and-bacardi-island\/#departure-return\" aria-hidden=\"true\" rel=\"noopener\"><\/a><em><strong>Partenza e ritorno<\/strong><\/em><\/h4>\n<p>Il viaggiatore otterr\u00e0 un punto d&#039;incontro dopo il processo di prenotazione. I tour iniziano e finiscono nei nostri punti di incontro.<\/p>\n<p>&nbsp;<\/p>\n<h3><a id=\"samana-day-trip-from-punta-cana-el-limon-waterfall-and-bacardi-island\" class=\"aal_anchor\" href=\"https:\/\/bookingadventures.com.do\/dominicantour\/samana-day-trip-from-punta-cana-el-limon-waterfall-and-bacardi-island\/#samana-day-trip-from-punta-cana-el-limon-waterfall-and-bacardi-island\" aria-hidden=\"true\" rel=\"noopener\"><\/a>Gita di un giorno a Samana da Punta Cana: cascata El Limon e isola Bacardi<\/h3>\n<h4><a id=\"what-to-expect\" class=\"aal_anchor\" href=\"https:\/\/bookingadventures.com.do\/dominicantour\/samana-day-trip-from-punta-cana-el-limon-waterfall-and-bacardi-island\/#what-to-expect\" aria-hidden=\"true\" rel=\"noopener\"><\/a><b><i>Cosa aspettarsi?<\/i><\/b><\/h4>\n<p>&nbsp;<\/p>\n<p><strong>Ottieni i tuoi biglietti adesso<\/strong>. Le cascate, l&#039;equitazione, l&#039;escursionismo e il safari, il nuoto alle sorgenti naturali, il pranzo all&#039;isola Bacardi e altre attivit\u00e0 divertenti ti stanno aspettando.<\/p>\n<p>Partendo da Punta Cana a bordo di un autobus, ci dirigeremo al porto di Samana Bay. Una volta al porto, saliremo a bordo di una barca o catamarano con guide turistiche locali che vi indirizzeranno alla comunit\u00e0 di Samana. In questa comunit\u00e0 un Safari Tour ti porter\u00e0 in giro insegnandoti la storia di questa citt\u00e0. Ma questo non \u00e8 tutto, la cascata El Limon \u00e8 la prossima, qui potrai nuotare, fare escursioni o andare a cavallo. La cascata El Limon \u00e8 un fantastico monumento naturale con una foresta tropicale e limpide sorgenti naturali. Sulla via del ritorno a Samana faremo una sosta all&#039;isola Bacardi dove verr\u00e0 servito il pranzo e potrai nuotare in una delle piscine pi\u00f9 naturali della Repubblica Dominicana.<\/p>\n<p>&nbsp;<\/p>\n<p>Nel caso in cui desideri modificare questo viaggio in modo che sia pi\u00f9 breve o pi\u00f9 lungo, contattaci.<\/p>\n<p>&nbsp;<\/p>\n<h4><a id=\"what-you-should-bring\" class=\"aal_anchor\" href=\"https:\/\/bookingadventures.com.do\/dominicantour\/samana-day-trip-from-punta-cana-el-limon-waterfall-and-bacardi-island\/#what-you-should-bring\" aria-hidden=\"true\" rel=\"noopener\"><\/a><em><strong>Cosa dovresti portare?<\/strong><\/em><\/h4>\n<ul>\n<li>Telecamera<\/li>\n<li>Boccioli repellenti<\/li>\n<li>crema solare<\/li>\n<li>Cappello<\/li>\n<li>Pantaloni comodi<\/li>\n<li>Scarpe da trekking per la foresta<\/li>\n<li>Sandali per le zone primaverili.<\/li>\n<li>Abbigliamento da bagno<\/li>\n<\/ul>\n<p>&nbsp;<\/p>\n<h4><a id=\"hotel-pickup\" class=\"aal_anchor\" href=\"https:\/\/bookingadventures.com.do\/dominicantour\/samana-day-trip-from-punta-cana-el-limon-waterfall-and-bacardi-island\/#hotel-pickup\" aria-hidden=\"true\" rel=\"noopener\"><\/a><b><i>Prelievo dall&#039;hotel<\/i><\/b><\/h4>\n<p>Viene offerto il ritiro del viaggiatore!<\/p>\n<p>Ritiriamo da tutti gli hotel di Punta Cana. Il luogo di ritiro \u00e8 la hall dell&#039;hotel<br \/>\nSe alloggi in un condominio della zona, verremo a prenderti al condominio o all&#039;ingresso del resort pi\u00f9 vicino. Fissiamo il ritiro contattandoci tramite Whatsapp.<\/p>\n<p><b>Nota:<\/b>\u00a0se prenoti entro 24 ore dall&#039;orario di partenza del tour\/dell&#039;escursione, possiamo organizzare il prelievo in hotel con costi aggiuntivi. Una volta completato l&#039;acquisto, ti invieremo le informazioni di contatto complete (numero di telefono, indirizzo e-mail, ecc.) affinch\u00e9 la nostra guida turistica locale possa organizzare le modalit\u00e0 di ritiro.<\/p>\n<h4><a id=\"additional-info-confirmation\" class=\"aal_anchor\" href=\"https:\/\/bookingadventures.com.do\/dominicantour\/samana-day-trip-from-punta-cana-el-limon-waterfall-and-bacardi-island\/#additional-info-confirmation\" aria-hidden=\"true\" rel=\"noopener\"><\/a><b><i>Conferma di informazioni aggiuntive<\/i><\/b><\/h4>\n<ol>\n<li>I biglietti rappresentano la ricevuta dopo aver pagato questo tour. Puoi mostrare il pagamento sul tuo telefono.<\/li>\n<li>Il punto d&#039;incontro verr\u00e0 ricevuto dopo il processo di prenotazione.<\/li>\n<li>I bambini devono essere accompagnati da un adulto.<\/li>\n<li>Non accessibile in sedia a rotelle<\/li>\n<li>I neonati devono sedersi sulle ginocchia<\/li>\n<li>Non raccomandato per viaggiatori con problemi alla schiena<\/li>\n<li>Non raccomandato per i viaggiatori in gravidanza<\/li>\n<li>Nessun problema cardiaco o altre condizioni mediche gravi<\/li>\n<li>La maggior parte dei viaggiatori pu\u00f2 partecipare<\/li>\n<\/ol>\n\n\t\t<\/div>\n\t<\/div>\n<\/div><\/div><\/div><\/div><div class=\"wpb_column vc_column_container vc_col-sm-12\"><div class=\"vc_column-inner\"><div class=\"wpb_wrapper\"><\/div><\/div><\/div><div class=\"wpb_column vc_column_container vc_col-sm-12\"><div class=\"vc_column-inner\"><div class=\"wpb_wrapper\"><\/div><\/div><\/div>","protected":false},"excerpt":{"rendered":"<p>Se ti trovi a Punta Cana o Bavaro e vuoi fare una gita di un giorno pagando meno del solito, prenota questo viaggio. All&#039;interno di questo viaggio ti porteremo a Samana, dove a bordo di un catamarano verrai portato a Sabana de la Mar, un comune di Hato Mayor, sede del Parco Nazionale Los Haitises. Questo viaggio include tour safari, catamarano, cascata e nuoto in spiaggia e altro ancora. Il viaggio inizia alle 6:00 e termina alle 18:30.<\/p>\n<p><strong>Seleziona la data del tour\u00a0<\/strong><\/p>","protected":false},"featured_media":11580,"template":"","meta":[],"product_cat":[456,948,961,959,189,972,963,190,307,253,254,255],"product_tag":[184,183,384,223,382,380,185,381,222,175,383,186,458,457,200,187],"class_list":["post-9613","product","type-product","status-publish","has-post-thumbnail","hentry","product_cat-day-trips","product_cat-1-punta-cana","product_cat-el-limon-horseback-riding","product_cat-el-limon-punta-cana","product_cat-horse-riding-to-waterfalls","product_cat-punta-cana-group-tours","product_cat-punta-cana-samana-day-trips","product_cat-safari-samana","product_cat-salto-el-limon-and-bacardi-island","product_cat-tours-and-excursions","product_cat-tours-excursions-los-haitises-national-park","product_cat-tours-excursions-samana-bay-dominican-republic","product_tag-bacardi-island","product_tag-beach-time","product_tag-cascada-el-limon-salto-el-limon-samana-republica-dominicana","product_tag-cayo-levantado","product_tag-el-limon-waterfall-bacardi-island-from-punta-cana","product_tag-el-limon-waterfall-and-bacardi-island-tour-from-punta-cana","product_tag-el-limon-waterfalls","product_tag-guided-adventures","product_tag-punta-cana","product_tag-sabana-de-la-mar","product_tag-salto-de-limon-punta-cana","product_tag-samana","product_tag-samana-day-trip-from-punta-cana","product_tag-samana-day-trip-from-punta-cana-el-limon-waterfall-and-bacardi-island","product_tag-samana-excursions","product_tag-samana-tours"],"_links":{"self":[{"href":"https:\/\/www.boattoursamana.com\/it\/wp-json\/wp\/v2\/product\/9613","targetHints":{"allow":["GET"]}}],"collection":[{"href":"https:\/\/www.boattoursamana.com\/it\/wp-json\/wp\/v2\/product"}],"about":[{"href":"https:\/\/www.boattoursamana.com\/it\/wp-json\/wp\/v2\/types\/product"}],"wp:featuredmedia":[{"embeddable":true,"href":"https:\/\/www.boattoursamana.com\/it\/wp-json\/wp\/v2\/media\/11580"}],"wp:attachment":[{"href":"https:\/\/www.boattoursamana.com\/it\/wp-json\/wp\/v2\/media?parent=9613"}],"wp:term":[{"taxonomy":"product_cat","embeddable":true,"href":"https:\/\/www.boattoursamana.com\/it\/wp-json\/wp\/v2\/product_cat?post=9613"},{"taxonomy":"product_tag","embeddable":true,"href":"https:\/\/www.boattoursamana.com\/it\/wp-json\/wp\/v2\/product_tag?post=9613"}],"curies":[{"name":"wp","href":"https:\/\/api.w.org\/{rel}","templated":true}]}}