{"id":9717,"date":"2019-11-01T19:22:33","date_gmt":"2019-11-01T19:22:33","guid":{"rendered":"https:\/\/www.ticketswhales.com\/?post_type=product&#038;p=9717"},"modified":"2023-11-10T16:55:15","modified_gmt":"2023-11-10T16:55:15","slug":"whale-watching-in-punta-cana-to-samana-bay-cayo-levantado-bacardi-island-from-hotels","status":"publish","type":"product","link":"https:\/\/www.boattoursamana.com\/it\/tour\/osservazione-delle-balene-a-punta-cana-a-samana-bay-cayo-levantado-isola-bacardi-dagli-hotel","title":{"rendered":"Osservazione delle balene a Punta Cana \/ Cap Cana alla Baia di Saman\u00e1 + Cayo Levantado (Isola Bacardi) dagli hotel."},"content":{"rendered":"<div class=\"vc_row wpb_row vc_row-fluid\" ><div class=\"wpb_column vc_column_container vc_col-sm-12\"><div class=\"vc_column-inner\"><div class=\"wpb_wrapper\"><div class=\"mkdf-section-title-holder\" style=\"text-align: left\">\n\t<div class=\"mkdf-st-inner\">\n\t\t\t\t\t<h5 class=\"mkdf-st-subtitle\" >\n\t\t\t\tPrelievo dagli hotel e Cayo Levantado (Isola Bacardi).\t\t\t<\/h5>\n\t\t\t\t\t\t\t<h3 class=\"mkdf-st-title\" >\n\t\t\t\tOsservazione delle balene 2023 da Punta Cana\/Cap Cana alla baia di Samana\t\t\t<\/h3>\n\t\t\t\t\t<\/div>\n<\/div><\/div><\/div><\/div><\/div><div class=\"vc_row wpb_row vc_row-fluid\" ><div class=\"wpb_column vc_column_container vc_col-sm-12\"><div class=\"vc_column-inner\"><div class=\"wpb_wrapper\"><div class=\"vc_btn3-container vc_btn3-inline\" ><button class=\"vc_general vc_btn3 vc_btn3-size-md vc_btn3-shape-rounded vc_btn3-style-modern vc_btn3-color-green\">PRENOTA ORA<\/button><\/div>\n\t<div class=\"wpb_text_column wpb_content_element\" >\n\t\t<div class=\"wpb_wrapper\">\n\t\t\t<div class=\"vc_row wpb_row vc_row-fluid\">\n<div class=\"wpb_column vc_column_container vc_col-sm-12\">\n<div class=\"vc_column-inner\">\n<div class=\"wpb_wrapper\">\n<div class=\"wpb_text_column wpb_content_element\">\n<div class=\"wpb_wrapper\">\n<div class=\"vc_row wpb_row vc_row-fluid\">\n<div class=\"wpb_column vc_column_container vc_col-sm-12\">\n<div class=\"vc_column-inner\">\n<div class=\"wpb_wrapper\">\n<div class=\"wpb_text_column wpb_content_element\">\n<div class=\"wpb_wrapper\">\n<h4><b><i>Panoramica<img decoding=\"async\" class=\"emoji\" draggable=\"false\" src=\"https:\/\/s.w.org\/images\/core\/emoji\/12.0.0-1\/svg\/1f433.svg\" alt=\"\ud83d\udc33\" title=\"\"><\/i><\/b><\/h4>\n<p>Balene a Punta Cana, osservazione delle balene nella baia di Saman\u00e1 e visita a Cayo Levantado durante questa escursione di un&#039;intera giornata dagli hotel di Punta Cana. Viaggia verso la baia di Saman\u00e1 a bordo di un comodo pullman con aria condizionata, quindi trasferisci su un catamarano a Miches. Naviga in acque aperte alla ricerca dei branchi di megattere che vengono a riprodursi e ad allevare i loro vitelli nella zona. Scopri il comportamento e la biologia di questi mammiferi marini dalla tua guida naturalista esperta. Prosegui verso Cayo Levantado, o Isola Bacardi, per il pranzo sulla spiaggia e un tuffo nelle acque azzurre prima di tornare a Punta Cana.<\/p>\n<p>&nbsp;<\/p>\n<p><strong>Nota: <\/strong>Questo tour pu\u00f2 includere o meno la sosta a\u00a0<strong>Cascata del Limone<\/strong>. Per prenotare lo stesso viaggio con le cascate, per favore <a href=\"https:\/\/www.boattoursamana.com\/it\/tours-excursions\/fees-entrace\/samana-osservazione-delle-balene-cayo-levantado-isola-bacardi-cascate-di-limon-dagli-hotel-di-punta-cana\/\">CLICCA QUI.<\/a><\/p>\n<p>&nbsp;<\/p>\n<ul>\n<li>Escursione di osservazione delle balene<\/li>\n<li>Biglietti d&#039;ingresso all&#039;Osservatorio<\/li>\n<li>Include pranzo a buffet sulla spiaggia<\/li>\n<li>Trasferimento in barca<\/li>\n<li>Trasferimento dagli hotel di Punta Cana<\/li>\n<li>Il Capitano fornisce istruzioni e supervisione<\/li>\n<li>Guida turistica<\/li>\n<\/ul>\n<p>&nbsp;<\/p>\n<h4><b>Inclusioni ed esclusioni<\/b><\/h4>\n<p>&nbsp;<\/p>\n<p><b>Inclusioni<\/b><\/p>\n<p>&nbsp;<\/p>\n<ol>\n<li>Pranzo a buffet sulla spiaggia<\/li>\n<li>Guida turistica<\/li>\n<li>Gita in catamarano o in barca<\/li>\n<li>Tutte le tasse, commissioni e spese di gestione<\/li>\n<li>Tasse locali<\/li>\n<li>Bevande<\/li>\n<\/ol>\n<p><b>Esclusioni<\/b><\/p>\n<ol>\n<li>Mance<\/li>\n<\/ol>\n<p>&nbsp;<\/p>\n<h4><em><strong>Partenza e ritorno<\/strong><\/em><\/h4>\n<p>Per questo tour \u00e8 offerto il prelievo in hotel. Nelle note basta scrivere il nome dell&#039;hotel dove venirvi a prendere. Ritiriamo in tutti gli hotel di Punta Cana.<\/p>\n<p>&nbsp;<\/p>\n<h3>Osservazione delle balene da Punta Cana\/Cap Cana alla Baia di Samana + Cayo Levantado (Isola Bacardi) dagli hotel.<\/h3>\n<h4><b><i>Cosa aspettarsi?<\/i><\/b><\/h4>\n<p>Avvicinati ai gentili giganti del mare della Repubblica Dominicana durante questa escursione di 12 ore di osservazione delle balene megattere nella baia di S\u00e1mana. Trascorri una giornata indimenticabile osservando le migliaia di balene che ogni anno affollano l&#039;isola per accoppiarsi, nutrirsi e giocare nelle sue calde acque tropicali. Mentre osservi queste meravigliose creature godrai di approfondimenti unici dalla tua guida esperta di osservazione delle balene. Termina la giornata con pranzo incluso e tempo in spiaggia sulla bellissima isola di Cayo Levantado. \u00c8 incluso anche il trasporto di andata e ritorno per l&#039;hotel.<\/p>\n<p>Dalle 9:00 alle 12:00 Osservatorio di osservazione delle balene e dopo questo viaggio alle balene visiteremo l&#039;isola Bacardi \/ Cayo Levantado. Nell&#039;isola Bacardi sar\u00e0 fornito il pranzo a buffet in tipico stile dominicano (riso, fagioli, pesce, insalate...). Una volta terminato il pranzo potrai nuotare fino alle 16:30. Il tour terminer\u00e0 alle 17:00 nello stesso porto da dove inizier\u00e0 a bordo del nostro catamarano e poi ritorner\u00e0 in autobus agli hotel di Punta Cana.<\/p>\n<p>Questo tour pu\u00f2 includere o meno la sosta a\u00a0<strong>Cascata del Limone<\/strong>. Per prenotare lo stesso viaggio con le cascate, per favore <a href=\"https:\/\/www.boattoursamana.com\/it\/tours-excursions\/fees-entrace\/samana-osservazione-delle-balene-cayo-levantado-isola-bacardi-cascate-di-limon-dagli-hotel-di-punta-cana\/\">CLICCA QUI.<\/a><\/p>\n<p><strong>Orario:<\/strong><\/p>\n<p>6:00 \u2013 7:00 Accoglienza dei clienti dai diversi hotel<br \/>\n07:00 Partenza per Las Canitas a Sabana de la mar<br \/>\n08:15 Arrivo al molo privato<br \/>\n08:15 \u2013 8:40 Colazione (panini, muffin, t\u00e8, caff\u00e8, succhi)<br \/>\n8:45 Imbarco per iniziare il nostro viaggio verso il santuario delle balene megattere a Samana<br \/>\n11:00 Ricerca delle balene per un periodo di 45 minuti: questi sono i tempi seguiti dalle regole del governo.<br \/>\n11:45 Dirigiti a Cayo Levantado nella baia di Samana<br \/>\n12:30 Arrivo a Cayo Levantado<br \/>\n13:00 Pranzo (pranzo a buffet, tipico dominicano)*<br \/>\n13:45 \u2013 15:30 Tempo libero a Cayo Levantado<br \/>\n15:00 \u2013 15:45 Di nuovo a bordo in direzione di Miches<br \/>\n17:00 Arrivo a Miches e partenza per gli hotel di Punta Cana<br \/>\n19:30 \u2013 20:00 Arrivo agli hotel di Punta Cana<\/p>\n<p><strong>*Men\u00f9 del pranzo (tipico domenicano)<br \/>\n<\/strong>Riso, pollo alla griglia o pesce alla griglia, insalata, verdure, frutta fresca.<\/p>\n<p><strong>*I clienti che scelgono di aggiungere la sosta alla cascata El Limon dopo l&#039;avvistamento delle balene si sposteranno alla cascata e avranno meno tempo da trascorrere a Cayo Levantado.<\/strong><\/p>\n<p>Questo tour pu\u00f2 includere o meno la sosta a\u00a0<strong>Cascata del Limone<\/strong>. Per prenotare lo stesso viaggio con le cascate, per favore <a href=\"https:\/\/www.boattoursamana.com\/it\/tours-excursions\/fees-entrace\/samana-osservazione-delle-balene-cayo-levantado-isola-bacardi-cascate-di-limon-dagli-hotel-di-punta-cana\/\">CLICCA QUI.<\/a><\/p>\n<p>&nbsp;<\/p>\n<h4><em><strong>Cosa dovresti portare?<\/strong><\/em><\/h4>\n<ul>\n<li>Telecamera<\/li>\n<li>Boccioli repellenti<\/li>\n<li>crema solare<\/li>\n<li>Cappello<\/li>\n<li>Pantaloni comodi<\/li>\n<li>Sandali per la spiaggia<\/li>\n<li>Abbigliamento da bagno<\/li>\n<li>Contanti per souvenir<\/li>\n<\/ul>\n<p>&nbsp;<\/p>\n<h4><b><i>Prelievo dall&#039;hotel<\/i><\/b><\/h4>\n<p>Per questo tour \u00e8 offerto il prelievo in hotel. Nelle note basta scrivere il nome dell&#039;hotel dove venirvi a prendere. Ritiriamo in tutti gli hotel di Punta Cana.<\/p>\n<p>&nbsp;<\/p>\n<p><b>Nota:<\/b> se prenoti entro 24 ore dall&#039;orario di partenza del tour\/dell&#039;escursione, possiamo organizzare il prelievo in hotel con costi aggiuntivi. Una volta completato l&#039;acquisto, ti invieremo le informazioni di contatto complete (numero di telefono, indirizzo e-mail, ecc.) affinch\u00e9 la nostra guida turistica locale possa organizzare le modalit\u00e0 di ritiro.<\/p>\n<h4><b><i>Conferma di informazioni aggiuntive<\/i><\/b><\/h4>\n<ol>\n<li>I biglietti rappresentano la ricevuta dopo aver pagato questo tour. Puoi mostrare il pagamento sul tuo telefono.<\/li>\n<li>Il punto d&#039;incontro verr\u00e0 ricevuto dopo il processo di prenotazione.<\/li>\n<li>I bambini devono essere accompagnati da un adulto.<\/li>\n<li>Accessibile alle sedie a rotelle<\/li>\n<li>I neonati devono sedersi sulle ginocchia<\/li>\n<li>La maggior parte dei viaggiatori pu\u00f2 partecipare<\/li>\n<\/ol>\n<h5><b><i>Politica di cancellazione<\/i><\/b><\/h5>\n<p>Per un rimborso completo, leggi le nostre politiche di cancellazione\u00a0<a href=\"https:\/\/www.boattoursamana.com\/it\/prenotazione-online\/\" target=\"_blank\" rel=\"noopener\" data-saferedirecturl=\"https:\/\/www.google.com\/url?q=https:\/\/www.boattoursamana.com\/online-booking\/&amp;source=gmail&amp;ust=1672532492004000&amp;usg=AOvVaw3ylqI1cdbIPTimEqEWneyd\">clicca qui<\/a>. I fondi andranno persi se la prenotazione viene cancellata lo stesso giorno del viaggio.<\/p>\n<\/div>\n<\/div>\n<\/div>\n<\/div>\n<\/div>\n<\/div>\n<\/div>\n<\/div>\n<\/div>\n<\/div>\n<\/div>\n<\/div>\n<div class=\"vc_row wpb_row vc_row-fluid\">\n<div class=\"wpb_column vc_column_container vc_col-sm-12\">\n<div class=\"vc_column-inner\">\n<div class=\"wpb_wrapper\">\n<div class=\"vc_empty_space\"><\/div>\n<div class=\"wpb_text_column wpb_content_element\">\n<div class=\"wpb_wrapper\">\n<h4>Contattaci?<\/h4>\n<h5><b><i>TOUR BALENE SAMANA<\/i><\/b><\/h5>\n<p><em><strong>Gente del posto<\/strong>\u00a0E\u00a0<strong>Nazionali<\/strong>\u00a0Guide turistiche e servizi per gli ospiti<\/em><\/p>\n<p><span class=\"text-turquoise\">Prenotazioni:<\/span>\u00a0Tours ed escursioni a Dom. Rappresentante.<\/p>\n<p><img decoding=\"async\" class=\"emoji\" draggable=\"false\" src=\"https:\/\/s.w.org\/images\/core\/emoji\/11.2.0\/svg\/1f4de.svg\" alt=\"\ud83d\udcde\" title=\"\">\u00a0Tel\/Whatsapp\u00a0\u00a0<a href=\"tel:+1-809-720-6035\">+1-809-720-6035<\/a>.<\/p>\n<p><img decoding=\"async\" class=\"emoji\" draggable=\"false\" src=\"https:\/\/s.w.org\/images\/core\/emoji\/11.2.0\/svg\/1f4e9.svg\" alt=\"\ud83d\udce9\" title=\"\">\u00a0<a href=\"mailto:info@bookingadventures.com.do\">info@bookingadventures.com.do<\/a><\/p>\n<p><strong>Siamo flessibili nell&#039;impostare tour privati tramite Whatsapp:\u00a0<a href=\"tel:+18097206035\">+18097206035.<\/a><\/strong><\/p>\n<\/div>\n<\/div>\n<\/div>\n<\/div>\n<\/div>\n<\/div>\n\n\t\t<\/div>\n\t<\/div>\n<\/div><\/div><\/div><\/div><div class=\"vc_row wpb_row vc_row-fluid\" ><div class=\"wpb_column vc_column_container vc_col-sm-12\"><div class=\"vc_column-inner\"><div class=\"wpb_wrapper\"><div class=\"vc_btn3-container vc_btn3-inline\" ><button class=\"vc_general vc_btn3 vc_btn3-size-md vc_btn3-shape-rounded vc_btn3-style-modern vc_btn3-color-green\">PRENOTA ORA<\/button><\/div><\/div><\/div><\/div><\/div>","protected":false},"excerpt":{"rendered":"<p>Dagli hotel di Punta Cana, godremo degli splendidi paesaggi della catena montuosa orientale mentre guidiamo a nord di Punta Cana prima di arrivare nel piccolo villaggio di pescatori di Miches, sulla sponda meridionale della baia di Samana. L\u00ec potrai goderti una colazione veloce prima di salire sulla barca per Samana. Navigheremo in profondit\u00e0 nella baia per osservare le balene. Raggiungeremo prima Cayo Levantado, conosciuta anche come Isola Bacardi per la sua stretta somiglianza con le spiagge che Bacardi Rum un tempo utilizzava per i suoi famosi spot pubblicitari. Cayo Levantado \u00e8 a dir poco un&#039;oasi tropicale: una piccola isola in mezzo all&#039;oceano con acque turchesi e sabbia bianca.<\/p>\n<p>Questo tour pu\u00f2 includere o meno la sosta a\u00a0<strong>Cascata del Limone<\/strong>. Per prenotare lo stesso viaggio con le cascate, per favore <a href=\"https:\/\/www.boattoursamana.com\/it\/tours-excursions\/fees-entrace\/samana-osservazione-delle-balene-cayo-levantado-isola-bacardi-cascate-di-limon-dagli-hotel-di-punta-cana\/\">CLICCA QUI.<\/a><\/p>\n<p>&nbsp;<\/p>\n<p>&nbsp;<\/p>\n<p><em><strong>Seleziona la data dell&#039;escursione:<\/strong><\/em><\/p>","protected":false},"featured_media":12053,"template":"","meta":[],"product_cat":[294,948,972,968,255,664],"product_tag":[631,184,328,480,296,428,327,222,527,313,199,526,458,342,524,276,529,528,274,525],"class_list":["post-9717","product","type-product","status-publish","has-post-thumbnail","hentry","product_cat-tours-excursions-punta-cana-dominican-republic","product_cat-1-punta-cana","product_cat-punta-cana-group-tours","product_cat-punta-cana-whale-watching","product_cat-tours-excursions-samana-bay-dominican-republic","product_cat-whale-watching-punta-cana","product_tag-631","product_tag-bacardi-island","product_tag-cayo-levantado-day-pass","product_tag-cheap-punta-cana-excursions","product_tag-day-trip-punta-cana","product_tag-half-day-whale-watching-miches","product_tag-private-tours-samana","product_tag-punta-cana","product_tag-punta-cana-activities","product_tag-punta-cana-tours","product_tag-samana-bay","product_tag-samana-day-trip","product_tag-samana-day-trip-from-punta-cana","product_tag-samana-whale-watching","product_tag-whale-punta-cana","product_tag-whale-samana","product_tag-whale-watching-2020","product_tag-whale-watching-2020-in-punta-cana-to-samana-bay-cayo-levantado-bacardi-island-from-hotels","product_tag-whale-watching-dominican-republic","product_tag-whale-watching-punta-cana"],"_links":{"self":[{"href":"https:\/\/www.boattoursamana.com\/it\/wp-json\/wp\/v2\/product\/9717","targetHints":{"allow":["GET"]}}],"collection":[{"href":"https:\/\/www.boattoursamana.com\/it\/wp-json\/wp\/v2\/product"}],"about":[{"href":"https:\/\/www.boattoursamana.com\/it\/wp-json\/wp\/v2\/types\/product"}],"wp:featuredmedia":[{"embeddable":true,"href":"https:\/\/www.boattoursamana.com\/it\/wp-json\/wp\/v2\/media\/12053"}],"wp:attachment":[{"href":"https:\/\/www.boattoursamana.com\/it\/wp-json\/wp\/v2\/media?parent=9717"}],"wp:term":[{"taxonomy":"product_cat","embeddable":true,"href":"https:\/\/www.boattoursamana.com\/it\/wp-json\/wp\/v2\/product_cat?post=9717"},{"taxonomy":"product_tag","embeddable":true,"href":"https:\/\/www.boattoursamana.com\/it\/wp-json\/wp\/v2\/product_tag?post=9717"}],"curies":[{"name":"wp","href":"https:\/\/api.w.org\/{rel}","templated":true}]}}