{"id":9731,"date":"2019-11-07T08:01:34","date_gmt":"2019-11-07T08:01:34","guid":{"rendered":"https:\/\/www.ticketswhales.com\/?post_type=product&#038;p=9731"},"modified":"2023-11-10T16:52:57","modified_gmt":"2023-11-10T16:52:57","slug":"bahia-de-las-aguilas-beach-day-trip-by-boat-day-pass-snorkeling-lunch","status":"publish","type":"product","link":"https:\/\/www.boattoursamana.com\/it\/tour\/gita-di-un-giorno-alla-spiaggia-di-bahia-de-las-aguilas-in-barca-pass-giornaliero-snorkeling-pranzo","title":{"rendered":"Bah\u00eda de las \u00c1guilas: Gita di un giorno in spiaggia in barca \u2013 Pass giornaliero \u2013 Snorkeling e pranzo"},"content":{"rendered":"<div class=\"vc_row wpb_row vc_row-fluid\" ><div class=\"wpb_column vc_column_container vc_col-sm-12\"><div class=\"vc_column-inner\"><div class=\"wpb_wrapper\"><div class=\"vc_btn3-container vc_btn3-inline\" ><button class=\"vc_general vc_btn3 vc_btn3-size-md vc_btn3-shape-rounded vc_btn3-style-modern vc_btn3-color-green\">PRENOTA ORA<\/button><\/div>\n\t<div class=\"wpb_text_column wpb_content_element\" >\n\t\t<div class=\"wpb_wrapper\">\n\t\t\t<div class=\"vc_row wpb_row vc_row-fluid\">\n<div class=\"wpb_column vc_column_container vc_col-sm-12\">\n<div class=\"vc_column-inner\">\n<div class=\"wpb_wrapper\">\n<div class=\"mkdf-section-title-holder\">\n<div class=\"mkdf-st-inner\">\n<h5 class=\"mkdf-st-subtitle\">Pass giornaliero: snorkeling e pranzo<\/h5>\n<h3 class=\"mkdf-st-title\">Bah\u00eda de las Aguilas: gita di un giorno in spiaggia in barca<\/h3>\n<\/div>\n<\/div>\n<\/div>\n<\/div>\n<\/div>\n<\/div>\n<div class=\"vc_row wpb_row vc_row-fluid\">\n<div class=\"wpb_column vc_column_container vc_col-sm-12\">\n<div class=\"vc_column-inner\">\n<div class=\"wpb_wrapper\">\n<div class=\"wpb_text_column wpb_content_element\">\n<div class=\"wpb_wrapper\">\n<h4><b><i>Panoramica<\/i><\/b><\/h4>\n<p>Goditi una giornata in spiaggia e lascia fluire il tuo spirito, lontano dalle zone turistiche e dallo stress. Vieni a scoprire il Parco Nazionale Jaragua e Bahia de las \u00c1guilas. Percorri una bellissima strada con viste mozzafiato sul piccolo porto e sul villaggio di pescatori di Cabo Rojo. A Las Cuevas sali a bordo di una barca che ti porta in 15 minuti in una delle spiagge naturali pi\u00f9 belle del mondo. La sabbia di Bah\u00eda de las Aguilas \u00e8 incontaminata e la baia si estende per 8 km. Scopri un paesaggio costiero eccezionale con acque cristalline che brillano in sfumature che vanno dal turchese al blu opale che si fonde con l&#039;orizzonte. Il pranzo viene servito in spiaggia, potrete nuotare o fare snorkeling ed esplorare questo paradiso naturale incontaminato.<\/p>\n<p>&nbsp;<\/p>\n<ul>\n<li>Guida locale con esperienza in materia di sicurezza nella zona.<\/li>\n<li>Trasporto privato<\/li>\n<li>Commissioni incluse<\/li>\n<li>Pranzo<\/li>\n<li>Guida turistica locale in spagnolo, inglese o francese.<\/li>\n<li>Escursionismo<\/li>\n<li>Snorkeling<\/li>\n<\/ul>\n<h4><b>Inclusioni ed esclusioni<\/b><\/h4>\n<p>&nbsp;<\/p>\n<p><b>Inclusioni<\/b><\/p>\n<ol>\n<li>Guida locale con esperienza in materia di sicurezza nella zona.<\/li>\n<li>Trasporto privato per piccoli gruppi<\/li>\n<li>Tutte le tasse, commissioni e spese di gestione<\/li>\n<li>Tasse locali<\/li>\n<li>Pranzo<\/li>\n<li>Escursionismo<\/li>\n<li>Piscine naturali<\/li>\n<li>Snorkeling<\/li>\n<li>Tutte le attivit\u00e0<\/li>\n<\/ol>\n<p><b>Esclusioni<\/b><\/p>\n<ol>\n<li>Mance<\/li>\n<li>Tutte le bevande<\/li>\n<\/ol>\n<h4><em><strong>Partenza e ritorno<\/strong><\/em><\/h4>\n<p>Il viaggiatore otterr\u00e0 un punto d&#039;incontro dopo il processo di prenotazione. I tour iniziano e finiscono nei nostri punti di incontro.<\/p>\n<h2 class=\"styles__heading___mD4_3\" data-radium=\"true\">Bah\u00eda de las Aguilas: gita di un giorno in spiaggia in barca - Pass giornaliero - Snorkeling e pranzo<\/h2>\n<h4><em>Cosa aspettarsi?<\/em><\/h4>\n<p>Playa de las Aguilas prende il nome dall&#039;aquila indigena. \u00c8 notoriamente conosciuta come la spiaggia pi\u00f9 bella dell&#039;intero paese. Il clima del parco \u00e8 molto arido e la vegetazione \u00e8 composta principalmente da cactus e altre piante del deserto. La strada sterrata rossa che costeggia la baia \u00e8 paragonabile ad un paesaggio di savana africana.<br \/>\nScopri questo paradiso per i pescatori e gli amanti delle spiagge di sabbia bianca e dell&#039;acqua cristallina. Ma prima, recati al villaggio La Cueva, dove i pescatori locali vivono all&#039;interno delle grotte.<\/p>\n<p>Manca qualcosa in questa foto del momento perfetto?<\/p>\n<p>Il mare calmo e il vento leggero vi eviteranno di soffrire troppo il sole e il caldo. Diventa un esploratore per un giorno e scopri un paradiso ecologico, naturale e totalmente incontaminato. Si possono osservare pi\u00f9 di 130 specie di uccelli, 76 delle quali vivono stabilmente nella baia, 10 sono endemiche e 47 sono migranti.<\/p>\n<p>08:00 \u2013 Partenza dal vostro hotel<br \/>\n09:30 \u2013 Breve sosta alla Laguna de Oviedo per godersi il panorama dalla piattaforma panoramica<br \/>\n11.00 \u2013 Partenza in barca dal villaggio La Cueva alla Bahia de las Aguilas<br \/>\n12.30 \u2013 Pranzo tipico in spiaggia<br \/>\n03:00 \u2013 Ritorno a La Cueva<br \/>\n06:00 \u2013 Arrivo in hotel<\/p>\n<h4><em><strong>Cosa dovresti portare?<\/strong><\/em><\/h4>\n<ul>\n<li>Telecamera<\/li>\n<li>Boccioli repellenti<\/li>\n<li>Crema solare<\/li>\n<li>Toilette<\/li>\n<li>Cappello<\/li>\n<li>Pantaloni comodi<\/li>\n<li>Scarpe da trekking per la foresta<\/li>\n<li>Sandali per le zone primaverili.<\/li>\n<li>Abbigliamento da bagno<\/li>\n<\/ul>\n<p>&nbsp;<\/p>\n<h4><b><i>Prelievo dall&#039;hotel<\/i><\/b><\/h4>\n<p>Per questo tour \u00e8 offerto il prelievo in hotel. Prelievo\/trasporto dal tuo hotel (zona di Barahona\/Paraiso\/Los Patos).<\/p>\n<p><b>Nota:<\/b>\u00a0Se hai prenotato entro 24 ore dall&#039;orario di partenza del tour\/escursione, possiamo organizzare il prelievo in hotel. Ritiriamo solo nella zona di Samana. Una volta completato l&#039;acquisto, ti invieremo le informazioni di contatto complete (numero di telefono, indirizzo e-mail, ecc.) affinch\u00e9 la nostra guida turistica locale possa organizzare le modalit\u00e0 di ritiro.<\/p>\n<h4><b><i>Conferma di informazioni aggiuntive<\/i><\/b><\/h4>\n<ol>\n<li>I biglietti rappresentano la ricevuta dopo aver pagato questo tour. Puoi mostrare il pagamento sul tuo telefono.<\/li>\n<li>Il punto d&#039;incontro verr\u00e0 ricevuto dopo il processo di prenotazione.<\/li>\n<li>I bambini devono essere accompagnati da un adulto.<\/li>\n<li>Non accessibile in sedia a rotelle<\/li>\n<li>I neonati devono sedersi sulle ginocchia<\/li>\n<li>Non raccomandato per viaggiatori con problemi alla schiena<\/li>\n<li>Non raccomandato per i viaggiatori in gravidanza<\/li>\n<li>Nessun problema cardiaco o altre condizioni mediche gravi<\/li>\n<li>La maggior parte dei viaggiatori pu\u00f2 partecipare<\/li>\n<\/ol>\n<h4><b><i>Politica di cancellazione<\/i><\/b><\/h4>\n<p>Per un rimborso completo, annulla almeno 24 ore prima della data di inizio dell&#039;esperienza. I fondi andranno persi se la prenotazione viene cancellata lo stesso giorno del viaggio.<\/p>\n<\/div>\n<\/div>\n<\/div>\n<\/div>\n<\/div>\n<\/div>\n\n\t\t<\/div>\n\t<\/div>\n<\/div><\/div><\/div><\/div><div class=\"wpb_column vc_column_container vc_col-sm-12\"><div class=\"vc_column-inner\"><div class=\"wpb_wrapper\"><\/div><\/div><\/div>","protected":false},"excerpt":{"rendered":"<p>Acquista un biglietto giornaliero per Bahia las Aguilas da Barahona. Attraversa il Parco Nazionale Jaragua e dirigiti a Cabo Rojo, dove ti aspetta una barca. Dopo un giro in barca di 15 minuti, arriverai alla bellissima e appartata Baia delle Aquile, considerata la spiaggia pi\u00f9 bella del paese. Il pranzo sar\u00e0 servito sulla spiaggia e avrai l&#039;opportunit\u00e0 di nuotare o semplicemente rilassarti sulla spiaggia. Godetevi la sabbia bianca incontaminata di questa spiaggia lunga 8 km.<\/p>\n<p><strong>Seleziona il giorno per questo viaggio:\u00a0<\/strong><\/p>","protected":false},"featured_media":9747,"template":"","meta":[],"product_cat":[549,160],"product_tag":[557,554,555,563,560,556,564,559,553,567,566,561,565,558,562],"class_list":["post-9731","product","type-product","status-publish","has-post-thumbnail","hentry","product_cat-bahia-de-las-aguilas-dominican-republic","product_cat-lunch","product_tag-bahia-de-las-aguilas","product_tag-bahia-de-las-aguilas-pedernales","product_tag-bahia-de-las-aguilas-beach-tour","product_tag-bahia-de-las-aguilas-hoteles","product_tag-bahia-de-las-aguilas-map","product_tag-bahia-de-las-aguilas-private-tour","product_tag-bahia-de-las-aguilas-republica-dominicana-hotel","product_tag-bahia-de-las-aguilas-tour-from-punta-cana","product_tag-bahia-de-las-aguilas-beach-day-trip-by-boat","product_tag-bahia-las-aguilas-tours","product_tag-barahona-tours","product_tag-closest-airport-to-bahia-de-las-aguilas","product_tag-hotel-barahona","product_tag-playa-bahia-de-las-aguilas-dominican-republic","product_tag-tours-a-bahia-de-las-aguilas-desde-santo-domingo"],"_links":{"self":[{"href":"https:\/\/www.boattoursamana.com\/it\/wp-json\/wp\/v2\/product\/9731","targetHints":{"allow":["GET"]}}],"collection":[{"href":"https:\/\/www.boattoursamana.com\/it\/wp-json\/wp\/v2\/product"}],"about":[{"href":"https:\/\/www.boattoursamana.com\/it\/wp-json\/wp\/v2\/types\/product"}],"wp:featuredmedia":[{"embeddable":true,"href":"https:\/\/www.boattoursamana.com\/it\/wp-json\/wp\/v2\/media\/9747"}],"wp:attachment":[{"href":"https:\/\/www.boattoursamana.com\/it\/wp-json\/wp\/v2\/media?parent=9731"}],"wp:term":[{"taxonomy":"product_cat","embeddable":true,"href":"https:\/\/www.boattoursamana.com\/it\/wp-json\/wp\/v2\/product_cat?post=9731"},{"taxonomy":"product_tag","embeddable":true,"href":"https:\/\/www.boattoursamana.com\/it\/wp-json\/wp\/v2\/product_tag?post=9731"}],"curies":[{"name":"wp","href":"https:\/\/api.w.org\/{rel}","templated":true}]}}