{"id":9913,"date":"2020-03-29T08:08:03","date_gmt":"2020-03-29T08:08:03","guid":{"rendered":"https:\/\/www.ticketswhales.com\/Tours-Excursions\/uncategorized\/import-placeholder-for-9853\/"},"modified":"2023-03-25T08:06:44","modified_gmt":"2023-03-25T08:06:44","slug":"samana-whale-watching-from-las-terrenas-hotels-half-day-trip-for-whale-watching","status":"publish","type":"product","link":"https:\/\/www.boattoursamana.com\/it\/tour\/samana-whale-watching-from-las-terrenas-hotels-half-day-trip-for-whale-watching","title":{"rendered":"Osservazione delle balene a Saman\u00e1 dagli hotel di Las Terrenas. Gita di mezza giornata per l&#039;osservazione delle balene."},"content":{"rendered":"<div class=\"vc_row wpb_row vc_row-fluid\" ><div class=\"wpb_column vc_column_container vc_col-sm-12\"><div class=\"vc_column-inner\"><div class=\"wpb_wrapper\"><div class=\"mkdf-section-title-holder\" style=\"text-align: left\">\n\t<div class=\"mkdf-st-inner\">\n\t\t\t\t\t<h5 class=\"mkdf-st-subtitle\" >\n\t\t\t\tOsservazione delle balene di Samana dagli hotel di Las Terrenas. Gita di mezza giornata per l&#039;osservazione delle balene.\t\t\t<\/h5>\n\t\t\t\t\t\t\t<h3 class=\"mkdf-st-title\" >\n\t\t\t\tOsservazione delle balene da Las Terrenas alla Baia di Samana\t\t\t<\/h3>\n\t\t\t\t\t<\/div>\n<\/div><div class=\"vc_btn3-container vc_btn3-inline\" ><a class=\"vc_general vc_btn3 vc_btn3-size-md vc_btn3-shape-rounded vc_btn3-style-modern vc_btn3-color-green\" href=\"https:\/\/bookingadventures.tours\/booking.php?tour_id=1fac9dad475945457a173ae31c2897d2\" title=\"\" rel=\"noopener\">PRENOTA ORA<\/a><\/div><\/div><\/div><\/div><\/div><div class=\"wpb_column vc_column_container vc_col-sm-12\"><div class=\"vc_column-inner\"><div class=\"wpb_wrapper\"><\/div><\/div><\/div><div class=\"vc_row wpb_row vc_row-fluid\" ><div class=\"wpb_column vc_column_container vc_col-sm-12\"><div class=\"vc_column-inner\"><div class=\"wpb_wrapper\">\n\t<div class=\"wpb_text_column wpb_content_element\" >\n\t\t<div class=\"wpb_wrapper\">\n\t\t\t<div class=\"vc_row wpb_row vc_row-fluid\">\n<div class=\"wpb_column vc_column_container vc_col-sm-12\">\n<div class=\"vc_column-inner\">\n<div class=\"wpb_wrapper\">\n<div class=\"wpb_text_column wpb_content_element\">\n<div class=\"wpb_wrapper\">\n<div class=\"vc_row wpb_row vc_row-fluid\">\n<div class=\"wpb_column vc_column_container vc_col-sm-12\">\n<div class=\"vc_column-inner\">\n<div class=\"wpb_wrapper\">\n<div class=\"wpb_text_column wpb_content_element\">\n<div class=\"wpb_wrapper\">\n<h4><b><i>Panoramica\ud83d\udc33<\/i><\/b><\/h4>\n<p>Balena Las Terrenas, osservazione delle balene nella baia di Saman\u00e1 dagli hotel di Las Terrenas Gita di mezza giornata. Viaggia verso la baia di Saman\u00e1 a bordo di un comodo pullman con aria condizionata, quindi trasferisci su una barca. Naviga in acque aperte alla ricerca dei branchi di megattere che vengono a riprodursi e ad allevare i loro vitelli nella zona. Scopri il comportamento e la biologia di questi mammiferi marini dalla tua guida naturalista esperta. Dopo questa gita di mezza giornata torniamo al punto d&#039;incontro a Las Terrenas.<\/p>\n<p>&nbsp;<\/p>\n<p><strong>Nota:<\/strong>\u00a0Questo tour non \u00e8 privato.<\/p>\n<ul>\n<li>Escursione di osservazione delle balene<\/li>\n<li>Biglietti d&#039;ingresso all&#039;Osservatorio<\/li>\n<li>Safari a Samana<\/li>\n<li>Trasferimento in barca<\/li>\n<li>Il Capitano fornisce istruzioni e supervisione<\/li>\n<li>Guida turistica<\/li>\n<\/ul>\n<p>&nbsp;<\/p>\n<h4><b>Inclusioni ed esclusioni<\/b><\/h4>\n<p>&nbsp;<\/p>\n<p><b>Inclusioni<\/b><\/p>\n<p>&nbsp;<\/p>\n<ol>\n<li>Pranzo a buffet<\/li>\n<li>Trasferimento dagli hotel<\/li>\n<li>Guida turistica<\/li>\n<li>Viaggio in barca<\/li>\n<li>Tutte le tasse, commissioni e spese di gestione<\/li>\n<li>Tasse locali<\/li>\n<li>Bevande<\/li>\n<\/ol>\n<p><b>Esclusioni<\/b><\/p>\n<ol>\n<li>Mance<\/li>\n<\/ol>\n<p>&nbsp;<\/p>\n<h4><em><strong>Partenza e ritorno<\/strong><\/em><\/h4>\n<p>Il viaggiatore otterr\u00e0 un punto d&#039;incontro dopo il processo di prenotazione. I tour iniziano e finiscono nei nostri punti di incontro.<\/p>\n<p>&nbsp;<\/p>\n<h3>Osservazione delle balene di Samana dagli hotel di Las Terrenas. Gita di mezza giornata per l&#039;osservazione delle balene.<\/h3>\n<h4><b><i>Cosa aspettarsi?<\/i><\/b><\/h4>\n<p>Le balene megattere vengono nella baia di Samana per partorire e accoppiarsi. L&#039;osservazione delle balene \u00e8 consentita solo dal 15 gennaio al 15 marzo. Misurando circa 12 metri e pesando 40 tonnellate, le balene offrono uno spettacolo indimenticabile per i tuoi occhi stupiti. Non perdere l&#039;occasione di ascoltare il suono potente di questo magnifico mammifero mentre emette aria. Guarda come i maschi si lanciano fuori dall&#039;acqua nel tentativo di impressionare le &quot;signore&quot; durante il rituale di accoppiamento.<\/p>\n<p>\u00c8 davvero emozionante vedere i vitellini appena nati avvinghiati alle loro mamme che a loro volta passano tutto il tempo ad accarezzarli e giocare con loro. La nostra guida turistica \u00e8 specializzata in mammiferi marini e ti stupir\u00e0 con le sue conoscenze e ti aiuter\u00e0 a interpretare ogni movimento delle balene.<\/p>\n<p>Dalle 9:00 alle 12:00 Osservatorio di osservazione delle balene e dopo questo viaggio alle balene pranzeremo. Il tour terminer\u00e0 alle 13:30 nello stesso porto da cui inizier\u00e0. Successivamente torneremo a Las Terrenas.<\/p>\n<p><strong>Orario:<\/strong><\/p>\n<p>8:00 \u2013 13:30<\/p>\n<p>&nbsp;<\/p>\n<h4><em><strong>Cosa dovresti portare?<\/strong><\/em><\/h4>\n<ul>\n<li>Telecamera<\/li>\n<li>Boccioli repellenti<\/li>\n<li>crema solare<\/li>\n<li>Cappello<\/li>\n<li>Pantaloni comodi<\/li>\n<li>Sandali per la spiaggia<\/li>\n<li>Abbigliamento da bagno<\/li>\n<li>Contanti per souvenir e mance<\/li>\n<\/ul>\n<p>&nbsp;<\/p>\n<h4><b><i>Prelievo dall&#039;hotel<\/i><\/b><\/h4>\n<p>Per questo tour \u00e8 offerto il prelievo in hotel. Proprio a Las Terrenas.<\/p>\n<p><b>Nota:<\/b>\u00a0se prenoti entro 24 ore dall&#039;orario di partenza del tour\/dell&#039;escursione, possiamo organizzare il prelievo in hotel con costi aggiuntivi. Una volta completato l&#039;acquisto, ti invieremo le informazioni di contatto complete (numero di telefono, indirizzo e-mail, ecc.) affinch\u00e9 la nostra guida turistica locale possa organizzare le modalit\u00e0 di ritiro.<\/p>\n<h4><b><i>Conferma di informazioni aggiuntive<\/i><\/b><\/h4>\n<ol>\n<li>I biglietti rappresentano la ricevuta dopo aver pagato questo tour. Puoi mostrare il pagamento sul tuo telefono.<\/li>\n<li>Il punto d&#039;incontro verr\u00e0 ricevuto dopo il processo di prenotazione.<\/li>\n<li>I bambini devono essere accompagnati da un adulto.<\/li>\n<li>Accessibile alle sedie a rotelle<\/li>\n<li>I neonati devono sedersi sulle ginocchia<\/li>\n<li>La maggior parte dei viaggiatori pu\u00f2 partecipare<\/li>\n<\/ol>\n<h4><b><i>Politica di cancellazione<\/i><\/b><\/h4>\n<p>Per un rimborso completo, annulla almeno 24 ore prima della data di inizio dell&#039;esperienza.<\/p>\n<\/div>\n<\/div>\n<\/div>\n<\/div>\n<\/div>\n<\/div>\n<\/div>\n<\/div>\n<\/div>\n<\/div>\n<\/div>\n<\/div>\n<div class=\"vc_row wpb_row vc_row-fluid\">\n<div class=\"wpb_column vc_column_container vc_col-sm-12\">\n<div class=\"vc_column-inner\">\n<div class=\"wpb_wrapper\">\n<div class=\"vc_empty_space\"><\/div>\n<div class=\"wpb_text_column wpb_content_element\">\n<div class=\"wpb_wrapper\">\n<h4>Contattaci?<\/h4>\n<h5><b><i>TOUR BALENE SAMANA<\/i><\/b><\/h5>\n<p><em><strong>Gente del posto<\/strong>\u00a0E\u00a0<strong>Nazionali<\/strong>\u00a0Guide turistiche e servizi per gli ospiti<\/em><\/p>\n<p><span class=\"text-turquoise\">Prenotazioni:<\/span>\u00a0Tours ed escursioni a Dom. Rappresentante.<\/p>\n<p>\ud83d\udcdeTel\/Whatsapp\u00a0\u00a0<a href=\"tel:+1-809-720-6035\">+1-809-720-6035<\/a>.<\/p>\n<p>\ud83d\udce9\u00a0<a href=\"mailto:reservabatour@gmail.com\">reservabatour@gmail.com<\/a><\/p>\n<p><strong>Siamo flessibili nell&#039;impostare tour privati tramite Whatsapp:\u00a0<a href=\"tel:+1 (829) 318-9463\">+1 (829) 318-9463.<\/a><\/strong><\/p>\n<\/div>\n<\/div>\n<\/div>\n<\/div>\n<\/div>\n<\/div>\n\n\t\t<\/div>\n\t<\/div>\n<\/div><\/div><\/div><\/div>","protected":false},"excerpt":{"rendered":"<p><span style=\"vertical-align: inherit;\"><span style=\"vertical-align: inherit;\">Desde los hoteles de Las Terrenas ven con nosotros a visitare las ballenas jorobadas en el santuario de la Bah\u00eda de Saman\u00e1, Rep\u00fablica Dominicana. <\/span><span style=\"vertical-align: inherit;\">Viajes diarios de avistamiento de ballenas desde las Terrenas en Saman\u00e1. <\/span><span style=\"vertical-align: inherit;\">Cont\u00e1ctenos si tiene alguna pregunta sobre los viajes de avistamiento de ballenas en la bah\u00eda de Saman\u00e1 desde Las Terrenas.<\/span><\/span><\/p>\n<p>&nbsp;<\/p>\n<p><em><strong><span style=\"vertical-align: inherit;\"><span style=\"vertical-align: inherit;\">Selezionare la data dell&#039;escursione:<\/span><\/span><\/strong><\/em><\/p>","protected":false},"featured_media":12070,"template":"","meta":[],"product_cat":[159,655,273],"product_tag":[631,184,328,480,380,651,267,522,652,649,327,199,526,342,653,276,529,274,654],"class_list":["post-9913","product","type-product","status-publish","has-post-thumbnail","hentry","product_cat-fees-entrace","product_cat-1-samana","product_cat-whale-watching-samana","product_tag-631","product_tag-bacardi-island","product_tag-cayo-levantado-day-pass","product_tag-cheap-punta-cana-excursions","product_tag-el-limon-waterfall-and-bacardi-island-tour-from-punta-cana","product_tag-half-day-whale-watching-las-terrenas","product_tag-las-terrenas","product_tag-las-terrenas-excursions","product_tag-las-terrenas-whale-watching","product_tag-limon-from-punta-cana","product_tag-private-tours-samana","product_tag-samana-bay","product_tag-samana-day-trip","product_tag-samana-whale-watching","product_tag-whale-las-terrenas","product_tag-whale-samana","product_tag-whale-watching-2020","product_tag-whale-watching-dominican-republic","product_tag-whale-watching-trips-las-terrenas"],"_links":{"self":[{"href":"https:\/\/www.boattoursamana.com\/it\/wp-json\/wp\/v2\/product\/9913","targetHints":{"allow":["GET"]}}],"collection":[{"href":"https:\/\/www.boattoursamana.com\/it\/wp-json\/wp\/v2\/product"}],"about":[{"href":"https:\/\/www.boattoursamana.com\/it\/wp-json\/wp\/v2\/types\/product"}],"wp:featuredmedia":[{"embeddable":true,"href":"https:\/\/www.boattoursamana.com\/it\/wp-json\/wp\/v2\/media\/12070"}],"wp:attachment":[{"href":"https:\/\/www.boattoursamana.com\/it\/wp-json\/wp\/v2\/media?parent=9913"}],"wp:term":[{"taxonomy":"product_cat","embeddable":true,"href":"https:\/\/www.boattoursamana.com\/it\/wp-json\/wp\/v2\/product_cat?post=9913"},{"taxonomy":"product_tag","embeddable":true,"href":"https:\/\/www.boattoursamana.com\/it\/wp-json\/wp\/v2\/product_tag?post=9913"}],"curies":[{"name":"wp","href":"https:\/\/api.w.org\/{rel}","templated":true}]}}