{"id":9918,"date":"2020-03-29T08:08:03","date_gmt":"2020-03-29T08:08:03","guid":{"rendered":"https:\/\/www.ticketswhales.com\/Tours-Excursions\/uncategorized\/import-placeholder-for-9917\/"},"modified":"2023-11-10T16:12:30","modified_gmt":"2023-11-10T16:12:30","slug":"birdwatching-punta-cana-birding-tours-from-punta-cana-to-los-haitises-national-park","status":"publish","type":"product","link":"https:\/\/www.boattoursamana.com\/it\/tour\/birdwatching-punta-cana-tour-di-birdwatching-da-punta-cana-al-parco-nazionale-los-haitises","title":{"rendered":"Birdwatching Punta Cana \u2013 Tour di birdwatching da Punta Cana al Parco Nazionale Los Haitises"},"content":{"rendered":"<div class=\"vc_row wpb_row vc_row-fluid\" ><div class=\"wpb_column vc_column_container vc_col-sm-12\"><div class=\"vc_column-inner\"><div class=\"wpb_wrapper\">\n\t<div class=\"wpb_text_column wpb_content_element\" >\n\t\t<div class=\"wpb_wrapper\">\n\t\t\t<div class=\"vc_row wpb_row vc_row-fluid\">\n<div class=\"wpb_column vc_column_container vc_col-sm-12\">\n<div class=\"vc_column-inner\">\n<div class=\"wpb_wrapper\">\n<div class=\"mkdf-section-title-holder\">\n<div class=\"mkdf-st-inner\">\n<h5 class=\"mkdf-st-subtitle\">Birdwatching nel Parco Nazionale Los Haitises<\/h5>\n<h2 class=\"mkdf-st-title\">Tour di birdwatching da Punta Cana al Parco Nazionale Los Haitises<\/h2>\n<\/div>\n<\/div>\n<\/div>\n<\/div>\n<\/div>\n<\/div>\n<div class=\"vc_row wpb_row vc_row-fluid\">\n<div class=\"wpb_column vc_column_container vc_col-sm-12\">\n<div class=\"vc_column-inner\">\n<div class=\"wpb_wrapper\">\n<div class=\"wpb_text_column wpb_content_element\">\n<div class=\"wpb_wrapper\">\n<h4><b><i>Panoramica<\/i><\/b><\/h4>\n<section><\/section>\n<p>Solo visite offerte nella Repubblica Dominicana con Guide Turistiche Nazionali e Locali Certificate dal Ministero del Turismo della Repubblica Dominicana. Contatta esperti locali diretti e visita Los Haitises, Parco Nazionale. Mentre la maggior parte delle persone esce in barca per esplorare il parco e le sue grotte e isole. Ci concentreremo sugli studi degli ornitologi nel Parco nazionale Los Haitises. Divertirsi e conoscere Progetti per la protezione della fauna selvatica durante viaggi privati.<\/p>\n<p>Stiamo preservando 110 specie di uccelli che puoi trovare nel Parco Nazionale Los Haitises. Passeggiando in questa foresta magica alla ricerca di pappagalli, Tody, falchi di Ridgway, tanager, colibr\u00ec e molto altro. Fornire una storia interessante su tutti questi uccelli che puoi vedere sul sentiero Humit. Conosciamo gli habitat dei Ridgway, dei Gufi dal volto cinereo e di altre specie endemiche. Questo tour si concentra sulla natura ed \u00e8 pi\u00f9 concentrato sulle informazioni sulla fauna selvatica con l&#039;aspettativa di guide turistiche locali certificate come ornitologhe.<\/p>\n<p><strong>Solitamente si tratta di un tour privato per un&#039;esperienza davvero di alta qualit\u00e0.<\/strong><\/p>\n<p>Controlla qui l&#039;elenco degli uccelli pi\u00f9 comuni nei nostri viaggi:\u00a0<a href=\"https:\/\/avibase.bsc-eoc.org\/checklist.jsp?lang=ES&amp;p2=1&amp;list=clements&amp;synlang=EN&amp;region=DO0005&amp;version=text&amp;lifelist=&amp;highlight=0\" target=\"_blank\" rel=\"noopener\"><strong>CLICCA QUI<\/strong><\/a><\/p>\n<h4><\/h4>\n<h4><b>Inclusioni ed esclusioni<\/b><\/h4>\n<p><b>Inclusioni<\/b><\/p>\n<ol>\n<li>Passeggiata tra uccelli di 3 ore sui sentieri del parco<\/li>\n<li>Tutte le tasse, le commissioni e le spese di gestione<\/li>\n<li>Tasse locali<\/li>\n<li>Pranzo<\/li>\n<li>Guide turistiche ecologiste ufficiali inglese\/spagnolo<\/li>\n<li>Trasferimento da Punta Cana<\/li>\n<\/ol>\n<p><b>Esclusioni<\/b><\/p>\n<ol>\n<li>Mance<\/li>\n<li>Bevande alcoliche<\/li>\n<\/ol>\n<p>&nbsp;<\/p>\n<h4><a id=\"departure-return\" class=\"aal_anchor\" href=\"https:\/\/www.boattoursamana.com\/it\/tours-excursions\/fees-entrace\/birdwatching-punta-cana-tour-di-birdwatching-da-punta-cana-al-parco-nazionale-los-haitises\/#departure-return\" target=\"_blank\" rel=\"noopener\" aria-hidden=\"true\"><\/a><em><strong>Partenza e ritorno<\/strong><\/em><\/h4>\n<p>Il tour, organizzato da \u201cBooking Adventures locals Ornithologist tour Guides\u201d inizia presso il punto di incontro stabilito con la Guida Turistica. Il viaggiatore otterr\u00e0 un punto d&#039;incontro dopo il processo di prenotazione. I tour iniziano e finiscono nei nostri punti di incontro.<\/p>\n<p>&nbsp;<\/p>\n<h4><a id=\"what-to-expect\" class=\"aal_anchor\" href=\"https:\/\/www.boattoursamana.com\/it\/tours-excursions\/fees-entrace\/birdwatching-punta-cana-tour-di-birdwatching-da-punta-cana-al-parco-nazionale-los-haitises\/#what-to-expect\" target=\"_blank\" rel=\"noopener\" aria-hidden=\"true\"><\/a><b><i>Cosa aspettarsi?<\/i><\/b><\/h4>\n<p><em><strong>Ottieni il tuo biglietto<\/strong><\/em>\u00a0per il birdwatching nel Parco Nazionale Los Haitises Da Punta Cana. Il viaggio da Punta Cana al Parco Nazionale dura circa 1:45 minuti. Quando arrivi al parco facciamo un&#039;escursione di 30 minuti e osservando i falchi abbiamo la possibilit\u00e0 di continuare a fare escursioni e controllare la presenza di pappagalli, piculeti e altre specie endemiche nel Parco nazionale Los Haitises.<\/p>\n<p>Il Parco Nazionale Los Haitises ha solo due sentieri per il birdwatching a Sabana de la Mar. Sulla strada per il Parco Nazionale Los Hiatises, ci fermiamo in alcuni punti per vedere altri uccelli.<\/p>\n<p>Dopo 4 ore e mezza di conoscenza degli uccelli nel Parco Nazionale Los Haitises, questa escursione termina nello stesso luogo in cui \u00e8 iniziata.<\/p>\n<p><strong>Nota: questi tour sono con guide turistiche ecologiste ufficiali. Si prega di prenotare per tempo perch\u00e9 nel parco non ci sono molti specialisti.<\/strong><\/p>\n<p>&nbsp;<\/p>\n<h4><a id=\"what-you-should-bring\" class=\"aal_anchor\" href=\"https:\/\/www.boattoursamana.com\/it\/tours-excursions\/fees-entrace\/birdwatching-punta-cana-tour-di-birdwatching-da-punta-cana-al-parco-nazionale-los-haitises\/#what-you-should-bring\" target=\"_blank\" rel=\"noopener\" aria-hidden=\"true\"><\/a><em><strong>Cosa dovresti portare?<\/strong><\/em><\/h4>\n<ul>\n<li>Telecamera<\/li>\n<li>Binoculare<\/li>\n<li>Boccioli repellenti<\/li>\n<li>crema solare<\/li>\n<li>Cappello<\/li>\n<li>Pantaloni comodi<\/li>\n<li>Scarpe da trekking per la foresta<\/li>\n<li>Sandali per le zone primaverili.<\/li>\n<li>Abbigliamento da bagno<\/li>\n<\/ul>\n<p>&nbsp;<\/p>\n<h4><a id=\"hotel-pickup\" class=\"aal_anchor\" href=\"https:\/\/www.boattoursamana.com\/it\/tours-excursions\/fees-entrace\/birdwatching-punta-cana-tour-di-birdwatching-da-punta-cana-al-parco-nazionale-los-haitises\/#hotel-pickup\" target=\"_blank\" rel=\"noopener\" aria-hidden=\"true\"><\/a><b><i>Prelievo dall&#039;hotel<\/i><\/b><\/h4>\n<p>Per questo tour \u00e8 offerto il prelievo in hotel.<\/p>\n<p><b>Nota:<\/b>\u00a0Se prenoti entro 24 ore dall&#039;orario di partenza del tour\/escursione, possiamo organizzare il prelievo dall&#039;hotel a Punta Cana. Una volta completato l&#039;acquisto, ti invieremo le informazioni di contatto complete (numero di telefono, indirizzo e-mail, ecc.) affinch\u00e9 la nostra guida turistica locale possa organizzare le modalit\u00e0 di ritiro.<\/p>\n<h4><a id=\"additional-info-confirmation\" class=\"aal_anchor\" href=\"https:\/\/www.boattoursamana.com\/it\/tours-excursions\/fees-entrace\/birdwatching-punta-cana-tour-di-birdwatching-da-punta-cana-al-parco-nazionale-los-haitises\/#additional-info-confirmation\" target=\"_blank\" rel=\"noopener\" aria-hidden=\"true\"><\/a><b><i>Conferma di informazioni aggiuntive<\/i><\/b><\/h4>\n<ol>\n<li>I biglietti rappresentano la ricevuta dopo aver pagato questo tour. Puoi mostrare il pagamento sul tuo telefono.<\/li>\n<li>Il punto d&#039;incontro verr\u00e0 ricevuto dopo il processo di prenotazione.<\/li>\n<li>I bambini devono essere accompagnati da un adulto.<\/li>\n<li>Non accessibile in sedia a rotelle<\/li>\n<li>I neonati devono sedersi sulle ginocchia<\/li>\n<li>Non raccomandato per viaggiatori con problemi alla schiena<\/li>\n<li>Non raccomandato per i viaggiatori in gravidanza<\/li>\n<li>Nessun problema cardiaco o altre condizioni mediche gravi<\/li>\n<li>La maggior parte dei viaggiatori pu\u00f2 partecipare<\/li>\n<\/ol>\n<p>Questo tour \u00e8 offerto a un minimo di 2 persone e un massimo di 15 persone. In caso di meno persone contattateci.<\/p>\n<h4><a id=\"cancellation-policy\" class=\"aal_anchor\" href=\"https:\/\/www.boattoursamana.com\/it\/tours-excursions\/fees-entrace\/birdwatching-punta-cana-tour-di-birdwatching-da-punta-cana-al-parco-nazionale-los-haitises\/#cancellation-policy\" target=\"_blank\" rel=\"noopener\" aria-hidden=\"true\"><\/a><b><i>Politica di cancellazione<\/i><\/b><\/h4>\n<p>Per un rimborso completo, annulla almeno 24 ore prima della data di inizio dell&#039;esperienza.<\/p>\n<\/div>\n<\/div>\n<\/div>\n<\/div>\n<\/div>\n<\/div>\n<div class=\"vc_row wpb_row vc_row-fluid\">\n<div class=\"wpb_column vc_column_container vc_col-sm-12\">\n<div class=\"vc_column-inner\">\n<div class=\"wpb_wrapper\">\n<div class=\"wpb_text_column wpb_content_element\">\n<div class=\"wpb_wrapper\">\n<h4>Contattaci?<\/h4>\n<h5><em><strong>Prenotazione Avventure<\/strong><\/em><\/h5>\n<p><em><strong>Gente del posto<\/strong>\u00a0E\u00a0<strong>Nazionali<\/strong>\u00a0Guide turistiche e servizi per gli ospiti<\/em><\/p>\n<p><span class=\"text-turquoise\">Prenotazioni:<\/span>\u00a0Tours ed escursioni a Dom. Rappresentante.<\/p>\n<p>\ud83d\udcdeTel\/Whatsapp\u00a0\u00a0<a href=\"tel: 1-809-720-6035\">+1-809-720-6035<\/a>.<\/p>\n<p>\ud83d\udce9\u00a0<a href=\"mailto:info@bookingadventures.com.do\">info@bookingadventures.com.do<\/a><\/p>\n<p><strong>Siamo flessibili nell&#039;impostare tour privati tramite Whatsapp:\u00a0<a href=\"tel: 18097206035\">+18097206035.<\/a><\/strong><\/p>\n<\/div>\n<\/div>\n<\/div>\n<\/div>\n<\/div>\n<\/div>\n\n\t\t<\/div>\n\t<\/div>\n<\/div><\/div><\/div><\/div><div class=\"wpb_column vc_column_container vc_col-sm-12\"><div class=\"vc_column-inner\"><div class=\"wpb_wrapper\"><\/div><\/div><\/div><div class=\"wpb_column vc_column_container vc_col-sm-12\"><div class=\"vc_column-inner\"><div class=\"wpb_wrapper\"><\/div><\/div><\/div>","protected":false},"excerpt":{"rendered":"<p><span style=\"vertical-align: inherit;\"><span style=\"vertical-align: inherit;\">Birdwatching: Mattinata intera sui sentieri della foresta pluviale del Parco Nazionale Los Haitises. Questo parco ha un&#039;ampia variet\u00e0 di specie di uccelli e animali ed \u00e8 uno dei preferiti dagli appassionati di birdwatching. Anche se il numero degli avvistamenti potrebbe essere pi\u00f9 alto che altrove, la posizione di Cano Hondo in un&#039;area leggermente umida del paese significa che la foresta pluviale \u00e8 pi\u00f9 aperta con meno piantagioni di cacao e caff\u00e8, rendendo pi\u00f9 facile avvistare la fauna selvatica.<\/span><\/span><\/p>\n<p>Questo \u00e8 un viaggio privato. Puoi scegliere un orario per iniziare l&#039;esperienza di birdwatching e quando tornare a Punta Cana.<\/p>\n<p><strong>Seleziona la data dell&#039;attivit\u00e0:<\/strong><\/p>","protected":false},"featured_media":9763,"template":"","meta":[],"product_cat":[178,948,946,932,168,159,927,170,169,773,971,964,253,254,255],"product_tag":[586,237,582,584,628,236,583,625,630,629,585,171,624,209,627,239,238,175,240],"class_list":["post-9918","product","type-product","status-publish","has-post-thumbnail","hentry","product_cat-hiking","product_cat-1-punta-cana","product_cat-1-sabana-de-la-mar","product_cat-birdwatching-los-haitises","product_cat-caves","product_cat-fees-entrace","product_cat-hiking-los-haitises","product_cat-local-tour-guides","product_cat-mangroves","product_cat-private-tours-excursions","product_cat-punta-cana-private-tours","product_cat-punta-cana-los-haitises","product_cat-tours-and-excursions","product_cat-tours-excursions-los-haitises-national-park","product_cat-tours-excursions-samana-bay-dominican-republic","product_tag-biding-sabana-de-la-mar","product_tag-birding","product_tag-birding-dominican-republic","product_tag-birding-in-los-haitises","product_tag-los-haitises-national-park-birding-tour-from-punta-cana","product_tag-birdwatching","product_tag-birdwatching-dominicana","product_tag-birdwtaching","product_tag-carretera-cano-hondo","product_tag-eco-lodge-paraiso-cano-hondo","product_tag-hire-a-guide-in-los-haitises","product_tag-los-haitises","product_tag-los-haitises-birding","product_tag-los-haitises-national-park","product_tag-los-haitises-national-park-cano-hondo","product_tag-nature","product_tag-ridgways-hawk","product_tag-sabana-de-la-mar","product_tag-wildlife"],"_links":{"self":[{"href":"https:\/\/www.boattoursamana.com\/it\/wp-json\/wp\/v2\/product\/9918","targetHints":{"allow":["GET"]}}],"collection":[{"href":"https:\/\/www.boattoursamana.com\/it\/wp-json\/wp\/v2\/product"}],"about":[{"href":"https:\/\/www.boattoursamana.com\/it\/wp-json\/wp\/v2\/types\/product"}],"wp:featuredmedia":[{"embeddable":true,"href":"https:\/\/www.boattoursamana.com\/it\/wp-json\/wp\/v2\/media\/9763"}],"wp:attachment":[{"href":"https:\/\/www.boattoursamana.com\/it\/wp-json\/wp\/v2\/media?parent=9918"}],"wp:term":[{"taxonomy":"product_cat","embeddable":true,"href":"https:\/\/www.boattoursamana.com\/it\/wp-json\/wp\/v2\/product_cat?post=9918"},{"taxonomy":"product_tag","embeddable":true,"href":"https:\/\/www.boattoursamana.com\/it\/wp-json\/wp\/v2\/product_tag?post=9918"}],"curies":[{"name":"wp","href":"https:\/\/api.w.org\/{rel}","templated":true}]}}