{"id":15755,"date":"2023-07-15T07:43:13","date_gmt":"2023-07-15T07:43:13","guid":{"rendered":"https:\/\/www.ticketswhales.com\/samana-cayo-levantado-bacardi-island-and-whale-watching-from-miches-in-catamaran\/"},"modified":"2023-07-15T07:43:13","modified_gmt":"2023-07-15T07:43:13","slug":"samana-cayo-levantado-bacardi-island-and-whale-watching-from-miches-in-catamaran","status":"publish","type":"page","link":"https:\/\/www.boattoursamana.com\/ja\/%e3%82%b5%e3%83%9e%e3%83%8a%e3%83%bb%e3%82%ab%e3%83%a8%e3%83%bb%e3%83%ac%e3%83%b4%e3%82%a1%e3%83%b3%e3%82%bf%e3%83%89%e3%83%bb%e3%83%90%e3%82%ab%e3%83%ab%e3%83%87%e3%82%a3%e5%b3%b6%e3%81%a8%e5%8f%8c","title":{"rendered":"\u30b5\u30de\u30ca\u30fb\u30ab\u30e8\u30fb\u30ec\u30d0\u30f3\u30bf\u30c9\uff08\u30d0\u30ab\u30eb\u30c7\u30a3\u5cf6\uff09\u3068\u30ab\u30bf\u30de\u30e9\u30f3\u8239\u30df\u30c1\u30a7\u30b9\u304b\u3089\u306e\u30db\u30a8\u30fc\u30eb\u30a6\u30a9\u30c3\u30c1\u30f3\u30b0"},"content":{"rendered":"<p><span style=\"vertical-align: inherit;\"><span style=\"vertical-align: inherit;\">\u30db\u30a8\u30fc\u30eb\u30fb\u30df\u30c3\u30c1\u30a7\u30b9\u306e\u30c4\u30a2\u30fc\u3068\u30a8\u30af\u30b9\u30ab\u30fc\u30b7\u30e7\u30f3\u3002 <\/span><span style=\"vertical-align: inherit;\">\u30d0\u30a4\u30a2\u30fb\u30c7\u30fb\u30b5\u30de\u30ca\u3067\u306e\u30d0\u30ec\u30ca\u30b9\u30fb\u30d1\u30e9\u30fb\u30a8\u30eb\u30fb\u30a2\u30f4\u30a3\u30b9\u30bf\u30df\u30a8\u30f3\u30c8\u30fb\u30c7\u30fb\u30d0\u30ec\u30ca\u30b9\u3001\u30ab\u30e8\u30fb\u30ec\u30d0\u30f3\u30bf\u30c9\u3078\u306e\u8a2a\u554f\u3001\u30df\u30c1\u30a7\u30b9\u3068\u8a2a\u554f\u3001\u30a4\u30b9\u30e9\u30fb\u30d0\u30ab\u30eb\u30c7\u30a3\u3067\u306e\u30a2\u30d9\u30f3\u30c1\u30e5\u30e9\u30fb\u30b3\u30f3\u30d1\u30bb\u30fb\u30c7\u30fb\u30a6\u30f3\u30fb\u30c7\u30a3\u30a2\u3092\u4e88\u7d04\u3057\u3066\u304f\u3060\u3055\u3044\u3002<\/span><\/span><br \/>\nn<br \/>\nn&nbsp;<br \/>\nn<br \/>\nn<em><strong><span style=\"vertical-align: inherit;\"><span style=\"vertical-align: inherit;\">\u30c4\u30a2\u30fc\u306e\u9078\u629e:<\/span><\/span><\/strong><\/em><\/p>\n<p>&nbsp;<\/p>\n<div class=\"vc_row wpb_row vc_row-fluid\" ><div class=\"wpb_column vc_column_container vc_col-sm-12\"><div class=\"vc_column-inner\"><div class=\"wpb_wrapper\">\n\t<div class=\"wpb_text_column wpb_content_element\" >\n\t\t<div class=\"wpb_wrapper\">\n\t\t\t<p><span style=\"vertical-align: inherit;\"><span style=\"vertical-align: inherit;\"><\/p>\n\n\t\t<\/div>\n\t<\/div>\n<\/div><\/div><\/div><\/div><div class=\"vc_row wpb_row vc_row-fluid\" ><\/div><div class=\"wpb_column vc_column_container vc_col-sm-12\"><div class=\"vc_column-inner\"><div class=\"wpb_wrapper\"><\/div><\/div><\/div><div class=\"vc_row wpb_row vc_row-fluid\" ><\/div><div class=\"wpb_column vc_column_container vc_col-sm-12\"><div class=\"vc_column-inner\"><div class=\"wpb_wrapper\"><div class=\"vc_btn3-container vc_btn3-inline\" ><button class=\"vc_general vc_btn3 vc_btn3-size-md vc_btn3-shape-rounded vc_btn3-style-modern vc_btn3-color-green\">\u4eca\u4e88\u7d04\u3059\u308b<\/button><\/div><\/div><\/div><\/div><div class=\"mkdf-section-title-holder\" style=\"text-align: left\">\n\t<div class=\"mkdf-st-inner\">\n\t\t\t\t\t\t\t<h3 class=\"mkdf-st-title\" >\n\t\t\t\t\u30ab\u30e8 \u30ec\u30d0\u30f3\u30bf\u30c9 + \u30ab\u30bf\u30de\u30e9\u30f3\u306e\u30df\u30c1\u30a7\u30b9 \u30c7 \u30d0\u30ec\u30ca\u30b9 \u30a2\u30f4\u30a3\u30b9\u30bf\u30df\u30a8\u30f3\u30c8\t\t\t<\/h3>\n\t\t\t\t\t<\/div>\n<\/div><div class=\"vc_empty_space\"   style=\"height: 32px\"><span class=\"vc_empty_space_inner\"><\/span><\/div>\n\t<div class=\"wpb_text_column wpb_content_element\" >\n\t\t<div class=\"wpb_wrapper\">\n\t\t\t<p>\u00a0<\/span><\/span><br \/>\nn<\/p>\n<div class=\"vc_empty_space\"><\/div>\n<p>n<\/p>\n<div class=\"wpb_text_column wpb_content_element\">\nn<\/p>\n<div class=\"wpb_wrapper\">\nn<\/p>\n<div class=\"vc_row wpb_row vc_row-fluid\">\nn<\/p>\n<div class=\"wpb_column vc_column_container vc_col-sm-12\">\nn<\/p>\n<div class=\"vc_column-inner\">\nn<\/p>\n<div class=\"wpb_wrapper\">\nn<\/p>\n<div class=\"wpb_text_column wpb_content_element\">\nn<\/p>\n<div class=\"wpb_wrapper\">\nn<\/p>\n<div class=\"vc_row wpb_row vc_row-fluid\">\nn<\/p>\n<div class=\"wpb_column vc_column_container vc_col-sm-12\">\nn<\/p>\n<div class=\"vc_column-inner\">\nn<\/p>\n<div class=\"wpb_wrapper\">\nn<\/p>\n<div class=\"wpb_text_column wpb_content_element\">\nn<\/p>\n<div class=\"wpb_wrapper\">\nn<\/p>\n<h4><a id=\"overview\" class=\"aal_anchor\" href=\"https:\/\/www.boattoursamana.com\/ja\/%e6%97%85%e8%a1%8c-2\/%e3%82%b5%e3%83%9e%e3%83%8a%e3%83%bb%e3%82%ab%e3%83%a8%e3%83%bb%e3%83%ac%e3%83%b4%e3%82%a1%e3%83%b3%e3%82%bf%e3%83%89%e3%83%bb%e3%83%90%e3%82%ab%e3%83%ab%e3%83%87%e3%82%a3%e5%b3%b6%e3%81%a8%e5%8f%8c\/#overview\" aria-hidden=\"true\"><\/a><b><i>\u6982\u8981<\/i><\/b><\/h4>\n<p>\u30ab\u30bf\u30de\u30e9\u30f3\u8239\u306e\u30df\u30c1\u30a7\u30b9\u6e2f\u304b\u3089\u59cb\u307e\u308b\u30b5\u30de\u30ca\u6e7e\u306e\u30db\u30a8\u30fc\u30eb\u30a6\u30a9\u30c3\u30c1\u30f3\u30b0\u3002\u3053\u306e\u65c5\u884c\u306f\u5348\u524d 9 \u6642\u306b\u958b\u59cb\u3057\u3001\u5348\u5f8c 5 \u6642\u306b\u7d42\u4e86\u3057\u307e\u3059\u3002\u30df\u30c1\u30a7\u30b9\u306e\u6e2f\u3067\u4e8b\u524d\u306b\u96c6\u5408\u3002\u30ab\u30bf\u30de\u30e9\u30f3\u307e\u305f\u306f\u30dc\u30fc\u30c8\u3092\u4e2d\u6b62\u3057\u3066\u3001\u30af\u30b8\u30e9\u306e\u751f\u606f\u5730\u3092\u8a2a\u554f\u3057\u307e\u3059\u3002<br \/>\nn<br \/>\nn\u5348\u524d9\u6642\u304b\u3089\u6b63\u5348\u307e\u3067\u30db\u30a8\u30fc\u30eb\u30a6\u30a9\u30c3\u30c1\u30f3\u30b0\u5c55\u671b\u53f0\u3067\u3053\u306e\u30db\u30a8\u30fc\u30eb\u30c4\u30a2\u30fc\u306e\u5f8c\u3001\u30d0\u30ab\u30eb\u30c7\u30a3\u5cf6\/\u30ab\u30e8\u30fb\u30ec\u30d0\u30f3\u30bf\u30c9\u3092\u8a2a\u554f\u3057\u307e\u3059\u3002\u30d0\u30ab\u30eb\u30c7\u30a3\u5cf6\u3067\u306f\u3001\u5178\u578b\u7684\u306a\u30c9\u30df\u30cb\u30ab\u30b9\u30bf\u30a4\u30eb\u306e\u30e9\u30f3\u30c1\u30d3\u30e5\u30c3\u30d5\u30a7\u304c\u63d0\u4f9b\u3055\u308c\u307e\u3059\u3002\u663c\u98df\u304c\u7d42\u308f\u3063\u305f\u3089\u3001\u5348\u5f8c4\u664230\u5206\u307e\u3067\u6cf3\u3050\u3053\u3068\u304c\u3067\u304d\u307e\u3059\u3002\u30c4\u30a2\u30fc\u306f\u958b\u59cb\u5730\u70b9\u3068\u540c\u3058\u6e2f\u3067\u5348\u5f8c 5 \u6642\u306b\u7d42\u4e86\u3057\u307e\u3059\u3002<br \/>\nn<br \/>\nn\u6ce8\u610f: \u3053\u306e\u30c4\u30a2\u30fc\u306f\u30d7\u30e9\u30a4\u30d9\u30fc\u30c8\u30c4\u30a2\u30fc\u3067\u306f\u3042\u308a\u307e\u305b\u3093\u3002<strong>\u00a0\u30d7\u30e9\u30a4\u30d9\u30fc\u30c8\u30c4\u30a2\u30fc\u306b\u3064\u3044\u3066\u306f\u3001\u304a\u554f\u3044\u5408\u308f\u305b\u304f\u3060\u3055\u3044\u3002<\/strong><br \/>\nn<\/p>\n<ul>\nn \t<\/p>\n<li>\u30db\u30a8\u30fc\u30eb\u30a6\u30a9\u30c3\u30c1\u30f3\u30b0\u65c5\u884c<\/li>\n<p>n \t<\/p>\n<li>\u5929\u6587\u53f0\u3078\u306e\u5165\u5834\u6599<\/li>\n<p>n \t<\/p>\n<li>\u30d3\u30fc\u30c1\u3067\u306e\u30d3\u30e5\u30c3\u30d5\u30a7\u5f0f\u30e9\u30f3\u30c1\u304c\u542b\u307e\u308c\u307e\u3059<\/li>\n<p>n \t<\/p>\n<li>\u30dc\u30fc\u30c8\u9001\u8fce<\/li>\n<p>n \t<\/p>\n<li>\u8239\u9577\u306f\u6307\u793a\u3068\u76e3\u7763\u3092\u884c\u3044\u307e\u3059<\/li>\n<p>n \t<\/p>\n<li>\u30c4\u30a2\u30fc\u30ac\u30a4\u30c9<\/li>\n<p>n<\/ul>\n<p>n&nbsp;<br \/>\nn<\/p>\n<h4><a id=\"inclusions-exclusions\" class=\"aal_anchor\" href=\"https:\/\/www.boattoursamana.com\/ja\/%e6%97%85%e8%a1%8c-2\/%e3%82%b5%e3%83%9e%e3%83%8a%e3%83%bb%e3%82%ab%e3%83%a8%e3%83%bb%e3%83%ac%e3%83%b4%e3%82%a1%e3%83%b3%e3%82%bf%e3%83%89%e3%83%bb%e3%83%90%e3%82%ab%e3%83%ab%e3%83%87%e3%82%a3%e5%b3%b6%e3%81%a8%e5%8f%8c\/#inclusions-exclusions\" aria-hidden=\"true\"><\/a><b>\u5305\u542b\u3068\u9664\u5916<\/b><\/h4>\n<p>n&nbsp;<br \/>\nn<br \/>\nn<b>\u5185\u5305\u7269<\/b><br \/>\nn<br \/>\nn&nbsp;<br \/>\nn<\/p>\n<ol>\nn \t<\/p>\n<li>\u30d3\u30fc\u30c1\u3067\u306e\u30d3\u30e5\u30c3\u30d5\u30a7\u30e9\u30f3\u30c1<\/li>\n<p>n \t<\/p>\n<li>\u30db\u30a8\u30fc\u30eb\u30a6\u30a9\u30c3\u30c1\u30f3\u30b0<\/li>\n<p>n \t<\/p>\n<li>\u30c4\u30a2\u30fc\u30ac\u30a4\u30c9<\/li>\n<p>n \t<\/p>\n<li>\u30ab\u30bf\u30de\u30e9\u30f3\u8239\u307e\u305f\u306f\u30dc\u30fc\u30c8\u65c5\u884c<\/li>\n<p>n \t<\/p>\n<li>\u3059\u3079\u3066\u306e\u7a0e\u91d1\u3001\u624b\u6570\u6599\u3001\u624b\u6570\u6599<\/li>\n<p>n \t<\/p>\n<li>\u5730\u65b9\u7a0e<\/li>\n<p>n \t<\/p>\n<li>\u98f2\u6599<\/li>\n<p>n \t<\/p>\n<li>\u30a2\u30eb\u30b3\u30fc\u30eb\u98f2\u6599<\/li>\n<p>n<\/ol>\n<p>n<b>\u9664\u5916\u4e8b\u9805<\/b><br \/>\nn<\/p>\n<ol>\nn \t<\/p>\n<li>\u30c1\u30c3\u30d7<\/li>\n<p>n \t<\/p>\n<li>\u9001\u8fce\u8eca<\/li>\n<p>n<\/ol>\n<p>n&nbsp;<br \/>\nn<\/p>\n<h4><a id=\"departure-return\" class=\"aal_anchor\" href=\"https:\/\/www.boattoursamana.com\/ja\/%e6%97%85%e8%a1%8c-2\/%e3%82%b5%e3%83%9e%e3%83%8a%e3%83%bb%e3%82%ab%e3%83%a8%e3%83%bb%e3%83%ac%e3%83%b4%e3%82%a1%e3%83%b3%e3%82%bf%e3%83%89%e3%83%bb%e3%83%90%e3%82%ab%e3%83%ab%e3%83%87%e3%82%a3%e5%b3%b6%e3%81%a8%e5%8f%8c\/#departure-return\" aria-hidden=\"true\"><\/a><em><strong>\u51fa\u767a\u3068\u5e30\u56fd<\/strong><\/em><\/h4>\n<p>\u65c5\u884c\u8005\u306f\u4e88\u7d04\u624b\u7d9a\u304d\u5f8c\u306b\u96c6\u5408\u5834\u6240\u3092\u53d6\u5f97\u3057\u307e\u3059\u3002\u30c4\u30a2\u30fc\u306f\u96c6\u5408\u5834\u6240\u3067\u958b\u59cb\u304a\u3088\u3073\u7d42\u4e86\u3057\u307e\u3059\u3002<br \/>\nn<br \/>\nn&nbsp;<br \/>\nn<\/p>\n<h4><a id=\"what-to-expect\" class=\"aal_anchor\" href=\"https:\/\/www.boattoursamana.com\/ja\/%e6%97%85%e8%a1%8c-2\/%e3%82%b5%e3%83%9e%e3%83%8a%e3%83%bb%e3%82%ab%e3%83%a8%e3%83%bb%e3%83%ac%e3%83%b4%e3%82%a1%e3%83%b3%e3%82%bf%e3%83%89%e3%83%bb%e3%83%90%e3%82%ab%e3%83%ab%e3%83%87%e3%82%a3%e5%b3%b6%e3%81%a8%e5%8f%8c\/#what-to-expect\" aria-hidden=\"true\"><\/a><b><i>\u4f55\u3092\u671f\u5f85\u3057\u307e\u3059\uff1f<\/i><\/b><\/h4>\n<p>n&nbsp;<br \/>\nn<br \/>\nn<em><strong>\u30c1\u30b1\u30c3\u30c8\u3092\u5165\u624b\u3057\u3066\u304f\u3060\u3055\u3044<\/strong><\/em>\u00a0\u30ab\u30bf\u30de\u30e9\u30f3\u8239\u306e\u30df\u30c1\u30a7\u30b9\u304b\u3089\u59cb\u307e\u308b\u30b5\u30de\u30ca\u6e7e\u306e 1 \u65e5\u30db\u30a8\u30fc\u30eb \u30a6\u30a9\u30c3\u30c1\u30f3\u30b0 \u30c4\u30a2\u30fc\u3002\u5730\u5143\u306e\u30c9\u30ea\u30f3\u30af\u3068\u7d20\u6674\u3089\u3057\u3044\u30e9\u30f3\u30c1\u3068\u30d3\u30fc\u30c1 \u30bf\u30a4\u30e0\u304c\u542b\u307e\u308c\u307e\u3059\u3002<br \/>\nn<br \/>\nn\u300c\u30d6\u30c3\u30ad\u30f3\u30b0\u30fb\u30a2\u30c9\u30d9\u30f3\u30c1\u30e3\u30fc\u30ba\u300d\u304c\u4e3b\u50ac\u3059\u308b\u30db\u30a8\u30fc\u30eb\u30a6\u30a9\u30c3\u30c1\u30f3\u30b0\u306e\u30c7\u30a4\u30d1\u30b9\u306f\u3001\u30c4\u30a2\u30fc\u30ac\u30a4\u30c9\u304c\u8a2d\u5b9a\u3057\u305f\u96c6\u5408\u5834\u6240\u304b\u3089\u59cb\u307e\u308a\u307e\u3059\u3002\u30d3\u30fc\u30c1\u3067\u30e9\u30f3\u30c1\u3092\u3057\u3066\u3001\u6cf3\u304e\u306a\u304c\u3089\u597d\u304d\u306a\u3060\u3051\u6ede\u5728\u3067\u304d\u307e\u3059\u3002\u30d3\u30fc\u30ac\u30f3\u306e\u65b9\u306b\u306f\u3001\u304a\u6599\u7406\u3082\u3054\u7528\u610f\u3055\u305b\u3066\u3044\u305f\u3060\u304d\u307e\u3059\u3002<br \/>\nn<br \/>\nn<strong>\u6642\u523b\u8868:<\/strong><br \/>\nn<br \/>\nn\u5348\u524d8\u664245\u5206\uff5e\u5348\u5f8c5\u6642<br \/>\nn<br \/>\nn&nbsp;<br \/>\nn<\/p>\n<h4><a id=\"what-you-should-bring\" class=\"aal_anchor\" href=\"https:\/\/www.boattoursamana.com\/ja\/%e6%97%85%e8%a1%8c-2\/%e3%82%b5%e3%83%9e%e3%83%8a%e3%83%bb%e3%82%ab%e3%83%a8%e3%83%bb%e3%83%ac%e3%83%b4%e3%82%a1%e3%83%b3%e3%82%bf%e3%83%89%e3%83%bb%e3%83%90%e3%82%ab%e3%83%ab%e3%83%87%e3%82%a3%e5%b3%b6%e3%81%a8%e5%8f%8c\/#what-you-should-bring\" aria-hidden=\"true\"><\/a><em><strong>\u4f55\u3092\u6301\u3063\u3066\u3044\u304f\u3079\u304d\u3067\u3059\u304b\uff1f<\/strong><\/em><\/h4>\n<p>n<\/p>\n<ul>\nn \t<\/p>\n<li>\u30ab\u30e1\u30e9<\/li>\n<p>n \t<\/p>\n<li>\u306f\u3058\u304f\u82bd<\/li>\n<p>n \t<\/p>\n<li>\u65e5\u713c\u3051\u6b62\u3081\u30af\u30ea\u30fc\u30e0<\/li>\n<p>n \t<\/p>\n<li>\u5e3d\u5b50<\/li>\n<p>n \t<\/p>\n<li>\u5feb\u9069\u306a\u30d1\u30f3\u30c4<\/li>\n<p>n \t<\/p>\n<li>\u30b5\u30f3\u30c0\u30eb\u3067\u30d3\u30fc\u30c1\u3078<\/li>\n<p>n \t<\/p>\n<li>\u6c34\u7740<\/li>\n<p>n \t<\/p>\n<li>\u304a\u571f\u7523\u7528\u306e\u73fe\u91d1<\/li>\n<p>n<\/ul>\n<p>n&nbsp;<br \/>\nn<\/p>\n<h4><a id=\"hotel-pickup\" class=\"aal_anchor\" href=\"https:\/\/www.boattoursamana.com\/ja\/%e6%97%85%e8%a1%8c-2\/%e3%82%b5%e3%83%9e%e3%83%8a%e3%83%bb%e3%82%ab%e3%83%a8%e3%83%bb%e3%83%ac%e3%83%b4%e3%82%a1%e3%83%b3%e3%82%bf%e3%83%89%e3%83%bb%e3%83%90%e3%82%ab%e3%83%ab%e3%83%87%e3%82%a3%e5%b3%b6%e3%81%a8%e5%8f%8c\/#hotel-pickup\" aria-hidden=\"true\"><\/a><b><i>\u30db\u30c6\u30eb\u3078\u306e\u9001\u8fce<\/i><\/b><\/h4>\n<p>\u3053\u306e\u30c4\u30a2\u30fc\u3067\u306f\u30db\u30c6\u30eb\u3078\u306e\u304a\u8fce\u3048\u306f\u63d0\u4f9b\u3055\u308c\u307e\u305b\u3093\u3002<br \/>\nn<br \/>\nn&nbsp;<br \/>\nn<br \/>\nn<b>\u6ce8\u8a18\uff1a<\/b>\u00a0\u30c4\u30a2\u30fc\/\u30a8\u30af\u30b9\u30ab\u30fc\u30b7\u30e7\u30f3\u51fa\u767a\u6642\u523b\u306e 24 \u6642\u9593\u4ee5\u5185\u306b\u3054\u4e88\u7d04\u306e\u5834\u5408\u306f\u3001\u8ffd\u52a0\u6599\u91d1\u3067\u30db\u30c6\u30eb\u3078\u306e\u304a\u8fce\u3048\u3092\u624b\u914d\u3067\u304d\u307e\u3059\u3002\u3054\u8cfc\u5165\u304c\u5b8c\u4e86\u3059\u308b\u3068\u3001\u304a\u8fce\u3048\u306e\u624b\u914d\u3092\u884c\u3046\u305f\u3081\u306e\u73fe\u5730\u30c4\u30a2\u30fc\u30ac\u30a4\u30c9\u306e\u5b8c\u5168\u306a\u9023\u7d61\u5148\u60c5\u5831 (\u96fb\u8a71\u756a\u53f7\u3001\u96fb\u5b50\u30e1\u30fc\u30eb \u30a2\u30c9\u30ec\u30b9\u306a\u3069) \u3092\u304a\u9001\u308a\u3057\u307e\u3059\u3002<br \/>\nn<\/p>\n<h4><a id=\"additional-info-confirmation\" class=\"aal_anchor\" href=\"https:\/\/www.boattoursamana.com\/ja\/%e6%97%85%e8%a1%8c-2\/%e3%82%b5%e3%83%9e%e3%83%8a%e3%83%bb%e3%82%ab%e3%83%a8%e3%83%bb%e3%83%ac%e3%83%b4%e3%82%a1%e3%83%b3%e3%82%bf%e3%83%89%e3%83%bb%e3%83%90%e3%82%ab%e3%83%ab%e3%83%87%e3%82%a3%e5%b3%b6%e3%81%a8%e5%8f%8c\/#additional-info-confirmation\" aria-hidden=\"true\"><\/a><b><i>\u8ffd\u52a0\u60c5\u5831\u306e\u78ba\u8a8d<\/i><\/b><\/h4>\n<p>n<\/p>\n<ol>\nn \t<\/p>\n<li>\u30c1\u30b1\u30c3\u30c8\u306f\u30c4\u30a2\u30fc\u4ee3\u91d1\u304a\u652f\u6255\u3044\u5f8c\u306e\u9818\u53ce\u66f8\u3068\u306a\u308a\u307e\u3059\u3002\u643a\u5e2f\u96fb\u8a71\u3067\u652f\u6255\u3044\u3092\u8868\u793a\u3067\u304d\u307e\u3059\u3002<\/li>\n<p>n \t<\/p>\n<li>\u4e88\u7d04\u624b\u7d9a\u304d\u5f8c\u306b\u30df\u30fc\u30c6\u30a3\u30f3\u30b0\u30dd\u30a4\u30f3\u30c8\u3092\u53d7\u3051\u53d6\u308a\u307e\u3059\u3002<\/li>\n<p>n \t<\/p>\n<li>\u304a\u5b50\u69d8\u306b\u306f\u5927\u4eba\u306e\u540c\u4f34\u304c\u5fc5\u8981\u3067\u3059\u3002<\/li>\n<p>n \t<\/p>\n<li>\u8eca\u6905\u5b50\u5bfe\u5fdc<\/li>\n<p>n \t<\/p>\n<li>\u5e7c\u5150\u306f\u819d\u306e\u4e0a\u306b\u5ea7\u3089\u306a\u3051\u308c\u3070\u306a\u308a\u307e\u305b\u3093<\/li>\n<p>n \t<\/p>\n<li>\u307b\u3068\u3093\u3069\u306e\u65c5\u884c\u8005\u304c\u53c2\u52a0\u53ef\u80fd<\/li>\n<p>n<\/ol>\n<p>n<\/p>\n<h4><a id=\"cancellation-policy\" class=\"aal_anchor\" href=\"https:\/\/www.boattoursamana.com\/ja\/%e6%97%85%e8%a1%8c-2\/%e3%82%b5%e3%83%9e%e3%83%8a%e3%83%bb%e3%82%ab%e3%83%a8%e3%83%bb%e3%83%ac%e3%83%b4%e3%82%a1%e3%83%b3%e3%82%bf%e3%83%89%e3%83%bb%e3%83%90%e3%82%ab%e3%83%ab%e3%83%87%e3%82%a3%e5%b3%b6%e3%81%a8%e5%8f%8c\/#cancellation-policy\" aria-hidden=\"true\"><\/a><b><i>\u53d6\u308a\u6d88\u3057\u898f\u7d04<\/i><\/b><\/h4>\n<p>n\u5168\u984d\u8fd4\u91d1\u3059\u308b\u306b\u306f\u3001\u4f53\u9a13\u958b\u59cb\u65e5\u306e\u5c11\u306a\u304f\u3068\u3082 24 \u6642\u9593\u524d\u307e\u3067\u306b\u30ad\u30e3\u30f3\u30bb\u30eb\u3057\u3066\u304f\u3060\u3055\u3044\u3002<br \/>\nn<br \/>\nn\n<\/div>\n<p>n\n<\/p><\/div>\n<p>n\n<\/p><\/div>\n<p>n\n<\/p><\/div>\n<p>n\n<\/p><\/div>\n<p>n\n<\/p><\/div>\n<p>n\n<\/p><\/div>\n<p>n\n<\/p><\/div>\n<p>n\n<\/p><\/div>\n<p>n\n<\/p><\/div>\n<p>n\n<\/p><\/div>\n<p>n\n<\/p><\/div>\n<p>n<\/p>\n<div class=\"vc_row wpb_row vc_row-fluid\">\nn<\/p>\n<div class=\"wpb_column vc_column_container vc_col-sm-12\">\nn<\/p>\n<div class=\"vc_column-inner\">\nn<\/p>\n<div class=\"wpb_wrapper\">\nn<\/p>\n<div class=\"vc_empty_space\"><\/div>\n<p>n<\/p>\n<div class=\"wpb_text_column wpb_content_element\">\nn<\/p>\n<div class=\"wpb_wrapper\">\nn<\/p>\n<h4><a id=\"contact-us\" class=\"aal_anchor\" href=\"https:\/\/www.boattoursamana.com\/ja\/%e6%97%85%e8%a1%8c-2\/%e3%82%b5%e3%83%9e%e3%83%8a%e3%83%bb%e3%82%ab%e3%83%a8%e3%83%bb%e3%83%ac%e3%83%b4%e3%82%a1%e3%83%b3%e3%82%bf%e3%83%89%e3%83%bb%e3%83%90%e3%82%ab%e3%83%ab%e3%83%87%e3%82%a3%e5%b3%b6%e3%81%a8%e5%8f%8c\/#contact-us\" aria-hidden=\"true\"><\/a>\u304a\u554f\u3044\u5408\u308f\u305b\uff1f<\/h4>\n<p>n<\/p>\n<h5><\/h5>\n<p>n<em><strong>\u5730\u5143\u306e\u4eba<\/strong>\u00a0\u305d\u3057\u3066\u00a0<strong>\u30ca\u30b7\u30e7\u30ca\u30eb\u30ba<\/strong>\u00a0\u30c4\u30a2\u30fc\u30ac\u30a4\u30c9\u3068\u30b2\u30b9\u30c8\u30b5\u30fc\u30d3\u30b9<\/em><br \/>\nn<br \/>\nn<span class=\"text-turquoise\">\u4e88\u7d04:<\/span>\u00a0\u30c9\u30e0\u306e\u30c4\u30a2\u30fc &amp; \u30a8\u30af\u30b9\u30ab\u30fc\u30b7\u30e7\u30f3\u3002\u8b70\u54e1<br \/>\nn<br \/>\nn<img decoding=\"async\" class=\"emoji\" title=\"\u30b5\u30de\u30ca\u30fb\u30ab\u30e8\u30fb\u30ec\u30d0\u30f3\u30bf\u30c9\uff08\u30d0\u30ab\u30eb\u30c7\u30a3\u5cf6\uff09\u3068\u30ab\u30bf\u30de\u30e9\u30f3\u8239\u30df\u30c1\u30a7\u30b9\u304b\u3089\u306e\u30db\u30a8\u30fc\u30eb\u30a6\u30a9\u30c3\u30c1\u30f3\u30b0\" draggable=\"false\" src=\"https:\/\/s.w.org\/images\/core\/emoji\/11.2.0\/svg\/1f4de.svg\" alt=\" \" \/> \u96fb\u8a71\u756a\u53f7 \/ WhatsApp <strong><a href=\"tel:+1 (829) 318-9463\">+1 (829) 318-9463.<\/a><\/strong><br \/>\nn<br \/>\nn<img decoding=\"async\" class=\"emoji\" title=\"\u30b5\u30de\u30ca\u30fb\u30ab\u30e8\u30fb\u30ec\u30d0\u30f3\u30bf\u30c9\uff08\u30d0\u30ab\u30eb\u30c7\u30a3\u5cf6\uff09\u3068\u30ab\u30bf\u30de\u30e9\u30f3\u8239\u30df\u30c1\u30a7\u30b9\u304b\u3089\u306e\u30db\u30a8\u30fc\u30eb\u30a6\u30a9\u30c3\u30c1\u30f3\u30b0\" draggable=\"false\" src=\"https:\/\/s.w.org\/images\/core\/emoji\/11.2.0\/svg\/1f4e9.svg\" alt=\" \" \/>\u00a0<a href=\"mailto:reservabatour@gmail.com\">reservabatour@gmail.com<\/a><br \/>\nn<br \/>\nn<strong>Whatsapp \u306b\u3088\u308b\u30d7\u30e9\u30a4\u30d9\u30fc\u30c8 \u30c4\u30a2\u30fc\u3092\u67d4\u8edf\u306b\u8a2d\u5b9a\u3067\u304d\u307e\u3059\u3002\u00a0<a href=\"tel:+1 (829) 318-9463\">+1 (829) 318-9463.<\/a><\/strong><br \/>\nn<br \/>\nn<\/div>\n<p>n\n<\/p><\/div>\n<p>n\n<\/p><\/div>\n<p>n\n<\/p><\/div>\n<p>n\n<\/p><\/div>\n<p>n\n<\/p><\/div>\n<p>n\n<\/p><\/div>\n<p>n\n<\/p><\/div>\n<p>n<\/p>\n\n\t\t<\/div>\n\t<\/div>\n<div class=\"vc_row wpb_row vc_row-fluid\" ><div class=\"wpb_column vc_column_container vc_col-sm-12\"><div class=\"vc_column-inner\"><div class=\"wpb_wrapper\"><div class=\"vc_btn3-container vc_btn3-inline\" ><button class=\"vc_general vc_btn3 vc_btn3-size-md vc_btn3-shape-rounded vc_btn3-style-modern vc_btn3-color-green\">\u4eca\u4e88\u7d04\u3059\u308b<\/button><\/div><\/div><\/div><\/div><\/div>","protected":false},"excerpt":{"rendered":"<p>Whale Miches Tours &amp; Excursiones. Reserve sus boletos para el avistamiento de ballenas en la Bah\u00eda de Saman\u00e1, comenzando desde Miches y visitando Cayo Levantado, tambi\u00e9n conocida como Isla Bacard\u00ed para una aventura con pase de un d\u00eda. n n&nbsp; n nSeleccione la fecha de la excursi\u00f3n: &nbsp;<\/p>","protected":false},"author":2,"featured_media":0,"parent":0,"menu_order":0,"comment_status":"open","ping_status":"closed","template":"","meta":{"footnotes":""},"class_list":["post-15755","page","type-page","status-publish","hentry"],"_links":{"self":[{"href":"https:\/\/www.boattoursamana.com\/ja\/wp-json\/wp\/v2\/pages\/15755","targetHints":{"allow":["GET"]}}],"collection":[{"href":"https:\/\/www.boattoursamana.com\/ja\/wp-json\/wp\/v2\/pages"}],"about":[{"href":"https:\/\/www.boattoursamana.com\/ja\/wp-json\/wp\/v2\/types\/page"}],"author":[{"embeddable":true,"href":"https:\/\/www.boattoursamana.com\/ja\/wp-json\/wp\/v2\/users\/2"}],"replies":[{"embeddable":true,"href":"https:\/\/www.boattoursamana.com\/ja\/wp-json\/wp\/v2\/comments?post=15755"}],"version-history":[{"count":0,"href":"https:\/\/www.boattoursamana.com\/ja\/wp-json\/wp\/v2\/pages\/15755\/revisions"}],"wp:attachment":[{"href":"https:\/\/www.boattoursamana.com\/ja\/wp-json\/wp\/v2\/media?parent=15755"}],"curies":[{"name":"wp","href":"https:\/\/api.w.org\/{rel}","templated":true}]}}