{"id":15767,"date":"2023-07-15T07:43:13","date_gmt":"2023-07-15T07:43:13","guid":{"rendered":"https:\/\/www.ticketswhales.com\/media-luna-miches-half-moon-natural-pool-half-day-pass-and-snorkeling\/"},"modified":"2023-07-15T07:43:13","modified_gmt":"2023-07-15T07:43:13","slug":"media-luna-miches-half-moon-natural-pool-half-day-pass-and-snorkeling","status":"publish","type":"page","link":"https:\/\/www.boattoursamana.com\/ja\/media-luna-miches-half-moon-natural-pool-half-day-pass-and-snorkeling","title":{"rendered":"\u30e1\u30c7\u30a3\u30a2 \u30eb\u30ca \u30df\u30c3\u30c1\u30a7\u30b9 (\u30cf\u30fc\u30d5\u30e0\u30fc\u30f3) \u5929\u7136\u30d7\u30fc\u30eb\u534a\u65e5\u30d1\u30b9\u3068\u30b7\u30e5\u30ce\u30fc\u30b1\u30ea\u30f3\u30b0"},"content":{"rendered":"<p><span style=\"vertical-align: inherit;\"><span style=\"vertical-align: inherit;\">Media Luna Miches (Media Luna) Pase de medio d\u00eda y snorkel en la piscina natural. <\/span><span style=\"vertical-align: inherit;\">Visitar la bah\u00eda de Saman\u00e1 desde Miches con lugare\u00f1os y nadar en el medio de la bah\u00eda de Saman\u00e1. <\/span><span style=\"vertical-align: inherit;\">Peque\u00f1as \u00e1reas de arrecifes de coral para explorar y hacer snorkel. <\/span><span style=\"vertical-align: inherit;\">Media Luna es una Nueva Atracci\u00f3n en Rep\u00fablica Dominicana.<\/span><\/span><br \/>\nn<br \/>\nn<em><strong><span style=\"vertical-align: inherit;\"><span style=\"vertical-align: inherit;\">Seleccione la fecha del Tour:<\/span><\/span><\/strong><\/em><\/p>\n<p>&nbsp;<\/p>\n<div class=\"vc_row wpb_row vc_row-fluid\" ><div class=\"wpb_column vc_column_container vc_col-sm-12\"><div class=\"vc_column-inner\"><div class=\"wpb_wrapper\"><div class=\"mkdf-section-title-holder\" style=\"text-align: left\">\n\t<div class=\"mkdf-st-inner\">\n\t\t\t\t\t<h5 class=\"mkdf-st-subtitle\" >\n\t\t\t\t\u534a\u65e5\u30d1\u30b9\u3068\u5929\u7136\u30d7\u30fc\u30eb\u3067\u306e\u30b7\u30e5\u30ce\u30fc\u30b1\u30ea\u30f3\u30b0\u3068\u6c34\u6cf3\t\t\t<\/h5>\n\t\t\t\t\t\t\t<h3 class=\"mkdf-st-title\" >\n\t\t\t\t\u30e1\u30c7\u30a3\u30a2\u30fb\u30eb\u30ca\u30fb\u30df\u30c1\u30a7\u30b9 (\u534a\u6708)\t\t\t<\/h3>\n\t\t\t\t\t<\/div>\n<\/div><\/div><\/div><\/div><\/div><div class=\"vc_row wpb_row vc_row-fluid\" ><div class=\"wpb_column vc_column_container vc_col-sm-12\"><div class=\"vc_column-inner\"><div class=\"wpb_wrapper\"><div class=\"vc_empty_space\"   style=\"height: 32px\"><span class=\"vc_empty_space_inner\"><\/span><\/div><\/div><\/div><\/div><\/div><div class=\"vc_row wpb_row vc_row-fluid\" ><div class=\"wpb_column vc_column_container vc_col-sm-12\"><div class=\"vc_column-inner\"><div class=\"wpb_wrapper\"><div class=\"vc_btn3-container vc_btn3-inline\" ><button class=\"vc_general vc_btn3 vc_btn3-size-md vc_btn3-shape-rounded vc_btn3-style-modern vc_btn3-color-green\">\u4eca\u4e88\u7d04\u3059\u308b<\/button><\/div>\n\t<div class=\"wpb_text_column wpb_content_element\" >\n\t\t<div class=\"wpb_wrapper\">\n\t\t\t<p>\nn<\/p>\n<h4><b><i>\u6982\u8981 <\/i><\/b><\/h4>\n<p>n<span style=\"font-weight: 400;\">\u30c9\u30df\u30cb\u30ab\u5171\u548c\u56fd\u306b\u6765\u3066\u3044\u308b\u3001\u307e\u305f\u306f\u30c9\u30df\u30cb\u30ab\u5171\u548c\u56fd\u306b\u6765\u308b\u4e88\u5b9a\u304c\u3042\u308b\u306a\u3089\u3001\u30e9\u30f3\u30c1\u4ed8\u304d\u306e\u3053\u306e\u7d20\u6674\u3089\u3057\u3044\u5834\u6240\u300c\u30cf\u30fc\u30d5\u30e0\u30fc\u30f3\u300d\uff08\u30e1\u30c7\u30a3\u30a2\u30fb\u30eb\u30ca\uff09\u3092\u305c\u3072\u8a2a\u308c\u3066\u304f\u3060\u3055\u3044\u3002\u3053\u308c\u306f\u30b5\u30f3\u30b4\u7901\u3067\u98fe\u3089\u308c\u305f\u6d77\u306e\u4e2d\u306b\u3042\u308b\u8cb4\u91cd\u306a\u5929\u7136\u30d7\u30fc\u30eb\u3067\u3059\u3002 \u3001\u30b5\u30f3\u30b4\u3068\u767d\u3044\u7802\u6d5c\u3002 <\/span><br \/>\nn<br \/>\nn<span style=\"font-weight: 400;\">\u6cf3\u3044\u3060\u308a\u3001\u6c34\u4e2d\u3092\u773a\u3081\u305f\u308a\u3001\u5199\u771f\u3092\u64ae\u3063\u305f\u308a\u3059\u308b\u3053\u3068\u304c\u3067\u304d\u308b\u5834\u6240\u3067\u3059\u3002\u81ea\u7136\u306e\u751f\u606f\u5730\u306b\u3042\u308b\u30d2\u30c8\u30c7\u306b\u5411\u304b\u3063\u3066\u3001\u307e\u305f\u306f\u30d2\u30c8\u30c7\u3068\u4e00\u7dd2\u306b\u5199\u771f\u3092\u64ae\u308b\u3053\u3068\u304c\u8a31\u53ef\u3055\u308c\u3066\u3044\u307e\u3059\u3002<\/span><br \/>\nn<br \/>\nn&nbsp;<br \/>\nn<\/p>\n<ul>\nn \t<\/p>\n<li>\u30e1\u30c7\u30a3\u30a2 \u30eb\u30ca\u3078\u306e\u30dc\u30fc\u30c8\u79fb\u52d5<\/li>\n<p>n \t<\/p>\n<li style=\"font-weight: 400;\"><span style=\"font-weight: 400;\">\u8239\u9577\u306f\u6307\u793a\u3068\u76e3\u7763\u3092\u884c\u3044\u307e\u3059<\/span><\/li>\n<p>n<\/ul>\n<p>n&nbsp;<br \/>\nn<\/p>\n<h4><b>\u5305\u542b\u3068\u9664\u5916<\/b><\/h4>\n<p>n&nbsp;<br \/>\nn<br \/>\nn<b>\u5185\u5305\u7269<\/b><br \/>\nn<\/p>\n<ol>\nn \t<\/p>\n<li style=\"font-weight: 400;\"><span style=\"font-weight: 400;\">\u3059\u3079\u3066\u306e\u7a0e\u91d1\u3001\u624b\u6570\u6599\u3001\u624b\u6570\u6599<\/span><\/li>\n<p>n \t<\/p>\n<li style=\"font-weight: 400;\"><span style=\"font-weight: 400;\">\u5730\u65b9\u7a0e<\/span><\/li>\n<p>n \t<\/p>\n<li style=\"font-weight: 400;\"><span style=\"font-weight: 400;\">\u98f2\u6599<\/span><\/li>\n<p>n<\/ol>\n<p>n<b> \u9664\u5916\u4e8b\u9805<\/b><br \/>\nn<\/p>\n<ol>\nn \t<\/p>\n<li style=\"font-weight: 400;\"><span style=\"font-weight: 400;\">\u30c1\u30c3\u30d7<\/span><\/li>\n<p>n \t<\/p>\n<li style=\"font-weight: 400;\"><span style=\"font-weight: 400;\">\u9001\u8fce\u8eca<\/span><\/li>\n<p>n \t<\/p>\n<li>\u30e9\u30f3\u30c1<\/li>\n<p>n \t<\/p>\n<li style=\"font-weight: 400;\"><span style=\"font-weight: 400;\">\u30a2\u30eb\u30b3\u30fc\u30eb\u98f2\u6599<\/span><\/li>\n<p>n \t<\/p>\n<li>\u30ed\u30fc\u30ab\u30eb\u30ac\u30a4\u30c9<\/li>\n<p>n<\/ol>\n<p>n&nbsp;<br \/>\nn<\/p>\n<h4><em><strong>\u51fa\u767a\u3068\u5e30\u56fd<\/strong><\/em><\/h4>\n<p>n<span style=\"font-weight: 400;\">\u65c5\u884c\u8005\u306f\u4e88\u7d04\u624b\u7d9a\u304d\u5f8c\u306b\u96c6\u5408\u5834\u6240\u3092\u53d6\u5f97\u3057\u307e\u3059\u3002\u30c4\u30a2\u30fc\u306f\u96c6\u5408\u5834\u6240\u3067\u958b\u59cb\u304a\u3088\u3073\u7d42\u4e86\u3057\u307e\u3059\u3002<\/span><br \/>\nn<br \/>\nn&nbsp;<br \/>\nn<\/p>\n<h3>\u30e1\u30c7\u30a3\u30a2 \u30eb\u30ca \u30df\u30c3\u30c1\u30a7\u30b9 (\u30cf\u30fc\u30d5\u30e0\u30fc\u30f3) \u5929\u7136\u30d7\u30fc\u30eb\u534a\u65e5\u30d1\u30b9\u3068\u30b7\u30e5\u30ce\u30fc\u30b1\u30ea\u30f3\u30b0<\/h3>\n<p>n<\/p>\n<h4><b><i>\u4f55\u3092\u671f\u5f85\u3057\u307e\u3059\uff1f<\/i><\/b><\/h4>\n<p>n&nbsp;<br \/>\nn<br \/>\n\u30c1\u30b1\u30c3\u30c8\u3092\u4fdd\u5b58\u3057\u3066\u30cf\u30fc\u30d5 \u30e0\u30fc\u30f3\u3092\u8a2a\u308c\u3001\u30df\u30c1\u30a7\u30b9 \u30b3\u30df\u30e5\u30cb\u30c6\u30a3\u3067\u306e\u5178\u578b\u7684\u306a\u30e9\u30f3\u30c1\u3092\u304a\u697d\u3057\u307f\u304f\u3060\u3055\u3044\u3002\u3053\u306e\u30c4\u30a2\u30fc\u306f\u30df\u30c1\u30a7\u30b9\u3092\u51fa\u767a\u3057\u3001\u897f\u306b\u3042\u308b\u685f\u6a4b\u304b\u3089\u73fe\u4ee3\u7684\u306a\u53cc\u80f4\u8239\u3084\u30b9\u30d4\u30fc\u30c9 \u30dc\u30fc\u30c8\u306b\u4e57\u308a\u8fbc\u307f\u307e\u3059\u3002\u3053\u308c\u3089\u306e\u30dc\u30fc\u30c8\u306f\u89b3\u5149\u5730\u3067\u306e\u904b\u884c\u304c\u8a31\u53ef\u3055\u308c\u3066\u3044\u307e\u3059\u3002\u30e1\u30a4\u30f3\u30d4\u30c3\u30c8\u306b\u884c\u304f\u306b\u306f\u3001\u7802\u5dde\u306b\u56f2\u307e\u308c\u305f\u6c34\u306e\u8ff7\u8def\u3092\u6b69\u304b\u306a\u3051\u308c\u3070\u306a\u308a\u307e\u305b\u3093\u3002<br \/>\nn<br \/>\n\u30df\u30c1\u30a7\u30b9\u306e\u89b3\u5149\u540d\u6240\u3067\u3042\u308b\u3053\u306e\u6c34\u8cc7\u6e90\u3092\u77e5\u3063\u305f\u3089\u3001\u8ab0\u3082\u9003\u3052\u308b\u3053\u3068\u306f\u3067\u304d\u307e\u305b\u3093\u3002\u3053\u3053\u306f\u3001\u89b3\u5149\u5ba2\u3084\u884c\u697d\u5ba2\u304c\u697d\u3057\u3093\u3060\u308a\u3001\u304b\u306a\u308a\u306e\u5927\u304d\u3055\u306e\u661f\u3084\u9b5a\u306b\u3076\u3064\u304b\u3063\u305f\u308a\u3067\u304d\u308b\u5730\u57df\u306e\u552f\u4e00\u306e\u5834\u6240\u3067\u3059\u3002\u6f6e\u306e\u6e80\u3061\u5f15\u304d\u3084\u6d77\u6d41\u306e\u6c34\u5e73\u7dda\u306b\u6c34\u4f4d\u304c\u4f9d\u5b58\u3059\u308b\u5834\u6240\u3067\u3001\u6c34\u4f4d\u304c\u9ad8\u3044\u3068\u304d\u306f\u6df1\u304f\u306a\u308a\u3001\u4f4e\u3044\u3068\u304d\u306f\u6d41\u308c\u304c\u5c11\u306a\u304f\u306a\u308a\u307e\u3059\u3002\u96a0\u308c\u5bb6\u3067\u3042\u308a\u306a\u304c\u3089\u6d77\u6cbf\u3044\u306b\u3042\u308b\u305f\u3081\u3001\u8a2a\u308c\u305f\u4eba\u306b\u3068\u3063\u3066\u306f\u305d\u3053\u3092\u96e2\u308c\u305f\u304f\u306a\u304f\u306a\u308b\u9b54\u6cd5\u306e\u3088\u3046\u306a\u672a\u958b\u306e\u5834\u6240\u3068\u306a\u3063\u3066\u3044\u307e\u3059\u3002\u3053\u3053\u306b\u306f\u65e5\u5dee\u3057\u3092\u906e\u308b\u6728\u306f\u3042\u308a\u307e\u305b\u3093\u304c\u3001\u3053\u306e\u5730\u57df\u306e\u8cbf\u6613\u98a8\u304c\u5439\u3044\u305f\u308a\u63fa\u308c\u305f\u308a\u3059\u308b\u305f\u3081\u3001\u6c34\u306f\u51b7\u305f\u304f\u306a\u308a\u307e\u3059\u3002\u8981\u7d04\u3059\u308b\u3068\u3001\u5927\u897f\u6d0b\u306b\u3042\u308b\u5929\u7136\u306e\u30e9\u30b0\u30fc\u30f3\u3067\u3042\u308a\u3001\u4e0a\u304b\u3089\u898b\u308b\u3068\u4e09\u65e5\u6708\u306b\u4f3c\u3066\u3044\u308b\u3053\u3068\u304b\u3089\u305d\u306e\u540d\u524d\u304c\u4ed8\u3051\u3089\u308c\u307e\u3057\u305f\u3002<br \/>\nn<br \/>\n\u5730\u5143\u306e\u4eba\u3005\u306f\u3001\u30b5\u30f3\u30b4\u7901\u3068\u767d\u3044\u7802\u306b\u3088\u3063\u3066\u5f62\u6210\u3055\u308c\u305f\u3053\u306e\u5834\u6240\u3092\u3001\u30ab\u30e8 \u30c7 \u30e9 \u30e1\u30c7\u30a3\u30a2 \u30eb\u30ca\u3068\u3082\u547c\u3073\u307e\u3059\u3002\u6c34\u6676\u8cea\u306e\u6c34\u304c\u3044\u305f\u308b\u3068\u3053\u308d\u306b\u70b9\u5728\u3057\u3001\u81ea\u7136\u306e\u6ce2\u3092\u6253\u3061\u7834\u308a\u3001\u6c34\u3092\u9759\u3081\u3066\u3044\u307e\u3059\u3002\u6f6e\u304c\u5b89\u5b9a\u3057\u3066\u3044\u308b\u3068\u304d\u306f\u6df1\u3055\u304c 3 \u30d5\u30a3\u30fc\u30c8\u3092\u8d85\u3048\u306a\u3044\u305f\u3081\u3001\u5b50\u4f9b\u3082\u5927\u4eba\u3082\u3053\u306e\u5929\u56fd\u306e\u3088\u3046\u306a\u5869\u6c34\u3092\u6e80\u55ab\u3067\u304d\u307e\u3059\u3002<br \/>\nn<br \/>\nn<strong>\u6642\u523b\u8868:<\/strong><br \/>\nn<br \/>\nn8:45 AM &#8211; 1:30 PM<br \/>\nn<br \/>\nn&nbsp;<br \/>\nn<\/p>\n<h4><em><strong>\u4f55\u3092\u6301\u3063\u3066\u3044\u304f\u3079\u304d\u3067\u3059\u304b\uff1f<\/strong><\/em><\/h4>\n<p>n<\/p>\n<ul>\nn \t<\/p>\n<li style=\"font-weight: 400;\"><span style=\"font-weight: 400;\">\u30ab\u30e1\u30e9<\/span><\/li>\n<p>n \t<\/p>\n<li style=\"font-weight: 400;\"><span style=\"font-weight: 400;\">\u306f\u3058\u304f\u82bd<\/span><\/li>\n<p>n \t<\/p>\n<li style=\"font-weight: 400;\"><span style=\"font-weight: 400;\">\u65e5\u713c\u3051\u6b62\u3081\u30af\u30ea\u30fc\u30e0<\/span><\/li>\n<p>n \t<\/p>\n<li style=\"font-weight: 400;\"><span style=\"font-weight: 400;\">\u5e3d\u5b50<\/span><\/li>\n<p>n \t<\/p>\n<li style=\"font-weight: 400;\"><span style=\"font-weight: 400;\">\u5feb\u9069\u306a\u30d1\u30f3\u30c4<\/span><\/li>\n<p>n \t<\/p>\n<li style=\"font-weight: 400;\"><span style=\"font-weight: 400;\">\u68ee\u6797\u7528\u30cf\u30a4\u30ad\u30f3\u30b0\u30b7\u30e5\u30fc\u30ba<\/span><\/li>\n<p>n \t<\/p>\n<li style=\"font-weight: 400;\"><span style=\"font-weight: 400;\">\u30b5\u30f3\u30c0\u30eb\u3067\u30d3\u30fc\u30c1\u3078<\/span><\/li>\n<p>n \t<\/p>\n<li style=\"font-weight: 400;\"><span style=\"font-weight: 400;\">\u6c34\u7740<\/span><\/li>\n<p>n \t<\/p>\n<li>\u304a\u571f\u7523\u7528\u306e\u73fe\u91d1<\/li>\n<p>n<\/ul>\n<p>n&nbsp;<br \/>\nn<\/p>\n<h4><b><i>\u30db\u30c6\u30eb\u3078\u306e\u9001\u8fce <\/i><\/b><\/h4>\n<p>n<span style=\"font-weight: 400;\">\u3053\u306e\u30c4\u30a2\u30fc\u3067\u306f\u30db\u30c6\u30eb\u3078\u306e\u304a\u8fce\u3048\u306f\u63d0\u4f9b\u3055\u308c\u307e\u305b\u3093\u3002 <\/span><br \/>\nn<br \/>\nn&nbsp;<br \/>\nn<br \/>\nn<b>\u6ce8\u8a18\uff1a<\/b><span style=\"font-weight: 400;\"> \u30c4\u30a2\u30fc\/\u30a8\u30af\u30b9\u30ab\u30fc\u30b7\u30e7\u30f3\u51fa\u767a\u6642\u523b\u306e 24 \u6642\u9593\u4ee5\u5185\u306b\u3054\u4e88\u7d04\u306e\u5834\u5408\u306f\u3001\u8ffd\u52a0\u6599\u91d1\u3067\u30db\u30c6\u30eb\u3078\u306e\u304a\u8fce\u3048\u3092\u624b\u914d\u3067\u304d\u307e\u3059\u3002\u3054\u8cfc\u5165\u304c\u5b8c\u4e86\u3059\u308b\u3068\u3001\u304a\u8fce\u3048\u306e\u624b\u914d\u3092\u884c\u3046\u305f\u3081\u306e\u73fe\u5730\u30c4\u30a2\u30fc\u30ac\u30a4\u30c9\u306e\u5b8c\u5168\u306a\u9023\u7d61\u5148\u60c5\u5831 (\u96fb\u8a71\u756a\u53f7\u3001\u96fb\u5b50\u30e1\u30fc\u30eb \u30a2\u30c9\u30ec\u30b9\u306a\u3069) \u3092\u304a\u9001\u308a\u3057\u307e\u3059\u3002<\/span><br \/>\nn<\/p>\n<h4><b><i>\u8ffd\u52a0\u60c5\u5831\u306e\u78ba\u8a8d <\/i><\/b><\/h4>\n<p>n<\/p>\n<ol>\nn \t<\/p>\n<li>\u30c1\u30b1\u30c3\u30c8\u306f\u30c4\u30a2\u30fc\u4ee3\u91d1\u304a\u652f\u6255\u3044\u5f8c\u306e\u9818\u53ce\u66f8\u3068\u306a\u308a\u307e\u3059\u3002\u643a\u5e2f\u96fb\u8a71\u3067\u652f\u6255\u3044\u3092\u8868\u793a\u3067\u304d\u307e\u3059\u3002<\/li>\n<p>n \t<\/p>\n<li style=\"font-weight: 400;\"><span style=\"font-weight: 400;\">\u4e88\u7d04\u624b\u7d9a\u304d\u5f8c\u306b\u30df\u30fc\u30c6\u30a3\u30f3\u30b0\u30dd\u30a4\u30f3\u30c8\u3092\u53d7\u3051\u53d6\u308a\u307e\u3059\u3002<\/span><\/li>\n<p>n \t<\/p>\n<li style=\"font-weight: 400;\"><span style=\"font-weight: 400;\">\u304a\u5b50\u69d8\u306b\u306f\u5927\u4eba\u306e\u540c\u4f34\u304c\u5fc5\u8981\u3067\u3059\u3002<\/span><\/li>\n<p>n \t<\/p>\n<li style=\"font-weight: 400;\"><span style=\"font-weight: 400;\">\u8eca\u6905\u5b50\u5bfe\u5fdc <\/span><\/li>\n<p>n \t<\/p>\n<li style=\"font-weight: 400;\"><span style=\"font-weight: 400;\">\u5e7c\u5150\u306f\u819d\u306e\u4e0a\u306b\u5ea7\u3089\u306a\u3051\u308c\u3070\u306a\u308a\u307e\u305b\u3093 <\/span><\/li>\n<p>n \t<\/p>\n<li style=\"font-weight: 400;\"><span style=\"font-weight: 400;\">\u307b\u3068\u3093\u3069\u306e\u65c5\u884c\u8005\u304c\u53c2\u52a0\u53ef\u80fd<\/span><\/li>\n<p>n<\/ol>\n<p>n<\/p>\n<h4><b><i>\u53d6\u308a\u6d88\u3057\u898f\u7d04<\/i><\/b><\/h4>\n<p>\u5168\u984d\u8fd4\u91d1\u306b\u3064\u3044\u3066\u306f\u3001\u30ad\u30e3\u30f3\u30bb\u30eb\u30dd\u30ea\u30b7\u30fc\u3092\u304a\u8aad\u307f\u304f\u3060\u3055\u3044\u3002\u00a0<a href=\"https:\/\/www.boattoursamana.com\/ja\/%e3%82%aa%e3%83%b3%e3%83%a9%e3%82%a4%e3%83%b3%e4%ba%88%e7%b4%84\/\" target=\"_blank\" rel=\"noopener\" data-saferedirecturl=\"https:\/\/www.google.com\/url?q=https:\/\/www.boattoursamana.com\/online-booking\/&amp;source=gmail&amp;ust=1672532492004000&amp;usg=AOvVaw3ylqI1cdbIPTimEqEWneyd\">\u3053\u3053\u3092\u30af\u30ea\u30c3\u30af<\/a>\u3002\u65c5\u884c\u5f53\u65e5\u306b\u4e88\u7d04\u304c\u30ad\u30e3\u30f3\u30bb\u30eb\u3055\u308c\u305f\u5834\u5408\u3001\u8cc7\u91d1\u306f\u5931\u308f\u308c\u307e\u3059\u3002<\/p>\n\n\t\t<\/div>\n\t<\/div>\n<\/div><\/div><\/div><\/div><div class=\"vc_row wpb_row vc_row-fluid\" ><\/div><div class=\"wpb_column vc_column_container vc_col-sm-12\"><div class=\"vc_column-inner\"><div class=\"wpb_wrapper\"><\/div><\/div><\/div><div class=\"vc_empty_space\"   style=\"height: 32px\"><span class=\"vc_empty_space_inner\"><\/span><\/div><div class=\"vc_empty_space\"   style=\"height: 32px\"><span class=\"vc_empty_space_inner\"><\/span><\/div><div class=\"vc_row wpb_row vc_row-fluid\" ><\/div><div class=\"wpb_column vc_column_container vc_col-sm-12\"><div class=\"vc_column-inner\"><div class=\"wpb_wrapper\"><\/div><\/div><\/div><div class=\"vc_row wpb_row vc_row-fluid\" ><div class=\"wpb_column vc_column_container vc_col-sm-12\"><div class=\"vc_column-inner\"><div class=\"wpb_wrapper\"><div class=\"vc_btn3-container vc_btn3-inline\" ><button class=\"vc_general vc_btn3 vc_btn3-size-md vc_btn3-shape-rounded vc_btn3-style-modern vc_btn3-color-green\">\u4eca\u4e88\u7d04\u3059\u308b<\/button><\/div><\/div><\/div><\/div><\/div>","protected":false},"excerpt":{"rendered":"<p>Media Luna Miches (Media Luna) Pase de medio d\u00eda y snorkel en la piscina natural. Visitar la bah\u00eda de Saman\u00e1 desde Miches con lugare\u00f1os y nadar en el medio de la bah\u00eda de Saman\u00e1. Peque\u00f1as \u00e1reas de arrecifes de coral para explorar y hacer snorkel. Media Luna es una Nueva Atracci\u00f3n en Rep\u00fablica Dominicana. n nSeleccione la fecha del Tour: &nbsp;<\/p>","protected":false},"author":2,"featured_media":0,"parent":0,"menu_order":0,"comment_status":"open","ping_status":"closed","template":"","meta":{"footnotes":""},"class_list":["post-15767","page","type-page","status-publish","hentry"],"_links":{"self":[{"href":"https:\/\/www.boattoursamana.com\/ja\/wp-json\/wp\/v2\/pages\/15767","targetHints":{"allow":["GET"]}}],"collection":[{"href":"https:\/\/www.boattoursamana.com\/ja\/wp-json\/wp\/v2\/pages"}],"about":[{"href":"https:\/\/www.boattoursamana.com\/ja\/wp-json\/wp\/v2\/types\/page"}],"author":[{"embeddable":true,"href":"https:\/\/www.boattoursamana.com\/ja\/wp-json\/wp\/v2\/users\/2"}],"replies":[{"embeddable":true,"href":"https:\/\/www.boattoursamana.com\/ja\/wp-json\/wp\/v2\/comments?post=15767"}],"version-history":[{"count":0,"href":"https:\/\/www.boattoursamana.com\/ja\/wp-json\/wp\/v2\/pages\/15767\/revisions"}],"wp:attachment":[{"href":"https:\/\/www.boattoursamana.com\/ja\/wp-json\/wp\/v2\/media?parent=15767"}],"curies":[{"name":"wp","href":"https:\/\/api.w.org\/{rel}","templated":true}]}}