{"id":15794,"date":"2023-07-15T07:43:59","date_gmt":"2023-07-15T07:43:59","guid":{"rendered":"https:\/\/www.ticketswhales.com\/mangroves-reforestation-in-los-haitises-with-locals-on-kayak\/"},"modified":"2023-07-15T07:43:59","modified_gmt":"2023-07-15T07:43:59","slug":"mangroves-reforestation-in-los-haitises-with-locals-on-kayak","status":"publish","type":"page","link":"https:\/\/www.boattoursamana.com\/ja\/%e3%82%ab%e3%83%a4%e3%83%83%e3%82%af%e3%81%ab%e4%b9%97%e3%81%a3%e3%81%a6%e5%9c%b0%e5%85%83%e3%81%ae%e4%ba%ba%e3%80%85%e3%81%a8%e3%83%ad%e3%82%b9%e3%83%8f%e3%82%a4%e3%82%bc%e3%82%b9%e3%81%ae%e3%83%9e","title":{"rendered":"\u5730\u5143\u306e\u4eba\u3005\u3068\u30ab\u30e4\u30c3\u30af\u3067\u30ed\u30b9\u30a2\u30a4\u30c6\u30a3\u30bb\u30b9\u306e\u30de\u30f3\u30b0\u30ed\u30fc\u30d6\u690d\u6797"},"content":{"rendered":"<p><span style=\"vertical-align: inherit;\"><span style=\"vertical-align: inherit;\">Buena oportunidad para ayudar a la Naturaleza y disfrutar en Kayaks de la belleza del Parque Nacional Los Haitises. <\/span><span style=\"vertical-align: inherit;\">50 pl\u00e1ntulas de donaci\u00f3n de manglares ser\u00e1n parte de su visita en kayaks m\u00e1s gu\u00edas capacitados por los locales para la interpretaci\u00f3n de la flora y la fauna. <\/span><span style=\"vertical-align: inherit;\">Si no te gustan los kayaks esta actividad tienes opci\u00f3n de bote.<\/span><\/span><br \/>\nn<br \/>\nn&nbsp;<br \/>\nn<br \/>\nn<strong><span style=\"vertical-align: inherit;\"><span style=\"vertical-align: inherit;\">\u30c4\u30a2\u30fc\u306e\u9078\u629e:<\/span><\/span><\/strong><\/p>\n<p>&nbsp;<\/p>\n<div class=\"vc_row wpb_row vc_row-fluid\" ><div class=\"wpb_column vc_column_container vc_col-sm-12\"><div class=\"vc_column-inner\"><div class=\"wpb_wrapper\"><div class=\"vc_empty_space\"   style=\"height: 32px\"><span class=\"vc_empty_space_inner\"><\/span><\/div><\/div><\/div><\/div><\/div><div class=\"vc_row wpb_row vc_row-fluid\" ><div class=\"wpb_column vc_column_container vc_col-sm-12\"><div class=\"vc_column-inner\"><div class=\"wpb_wrapper\"><div class=\"mkdf-section-title-holder\" style=\"text-align: left\">\n\t<div class=\"mkdf-st-inner\">\n\t\t\t\t\t<h5 class=\"mkdf-st-subtitle\" >\n\t\t\t\t\u30de\u30f3\u30b0\u30ed\u30fc\u30d6\u3001\u30ab\u30e4\u30c3\u30af\u3001\u6d1e\u7a9f\u306a\u3069\u3002\t\t\t<\/h5>\n\t\t\t\t\t\t\t<h3 class=\"mkdf-st-title\" >\n\t\t\t\t\u5730\u5143\u306e\u4eba\u3005\u3068\u3068\u3082\u306b\u30ed\u30b9\u30a2\u30a4\u30c6\u30a3\u30bb\u30b9\u3067\u30de\u30f3\u30b0\u30ed\u30fc\u30d6\u690d\u6797\u3092\u884c\u3046\t\t\t<\/h3>\n\t\t\t\t\t<\/div>\n<\/div><\/div><\/div><\/div><\/div><div class=\"vc_row wpb_row vc_row-fluid\" ><div class=\"wpb_column vc_column_container vc_col-sm-12\"><div class=\"vc_column-inner\"><div class=\"wpb_wrapper\"><div class=\"vc_empty_space\"   style=\"height: 32px\"><span class=\"vc_empty_space_inner\"><\/span><\/div><\/div><\/div><\/div><\/div><div class=\"vc_row wpb_row vc_row-fluid\" ><div class=\"wpb_column vc_column_container vc_col-sm-12\"><div class=\"vc_column-inner\"><div class=\"wpb_wrapper\">\n\t<div class=\"wpb_text_column wpb_content_element\" >\n\t\t<div class=\"wpb_wrapper\">\n\t\t\t<p>\nn<\/p>\n<h4><b><i>\u6982\u8981 <\/i><\/b><\/h4>\n<p>\u5730\u5143\u306e\u30c4\u30a2\u30fc\u30ac\u30a4\u30c9\u3068\u4e00\u7dd2\u306b\u30ed\u30b9\u30a2\u30a4\u30c6\u30a3\u30bb\u30b9\u56fd\u7acb\u516c\u5712\u306e\u30de\u30f3\u30b0\u30ed\u30fc\u30d6\u3092\u30ab\u30e4\u30c3\u30af\u3059\u308b4\u6642\u9593\u3002\u30b5\u30d0\u30ca \u30c7 \u30e9 \u30de\u30fc\u30eb\u306b\u8fd1\u3044\u30ed\u30b9 \u30a2\u30a4\u30c6\u30a3\u30bb\u30b9\u56fd\u7acb\u516c\u5712\u306b\u306f\u300198 \u5e73\u65b9\u30ad\u30ed\u30e1\u30fc\u30c8\u30eb\u306e\u30de\u30f3\u30b0\u30ed\u30fc\u30d6\u6797\u304c\u3042\u308a\u307e\u3059\u3002\u56fd\u7acb\u516c\u5712\u5185\u306b\u306f\u958b\u3044\u305f\u5834\u6240\u304c\u3044\u304f\u3064\u304b\u3042\u308a\u307e\u3059\u304c\u3001\u3053\u308c\u3089\u306e\u5834\u6240\u306f\u518d\u3073\u68ee\u6797\u3092\u518d\u751f\u3059\u308b\u5fc5\u8981\u304c\u3042\u308a\u307e\u3059\u3002 1998 \u5e74\u306e\u30cf\u30ea\u30b1\u30fc\u30f3 \u30b8\u30e7\u30fc\u30b8\u306b\u3088\u308a\u3001\u591a\u304f\u306e\u5730\u57df\u306e\u30de\u30f3\u30b0\u30ed\u30fc\u30d6\u304c\u7834\u58ca\u3055\u308c\u3001\u81ea\u529b\u3067\u306f\u56de\u5fa9\u3067\u304d\u307e\u305b\u3093\u3002\u79c1\u305f\u3061\u306f\u3001\u30de\u30f3\u30b0\u30ed\u30fc\u30d6\u6797\u304c\u6210\u9577\u3059\u308b\u3053\u3068\u3067\u3001\u3088\u308a\u591a\u304f\u306e\u52d5\u7269\u304c\u3053\u306e\u5730\u57df\u306b\u751f\u606f\u3057\u3001\u30a8\u30b3\u30c4\u30fc\u30ea\u30ba\u30e0\u304c\u5730\u5143\u306e\u4eba\u3005\u306b\u53ce\u5165\u3092\u3082\u305f\u3089\u3059\u3053\u3068\u3092\u9858\u3063\u3066\u3044\u307e\u3059\u3002<br \/>\nn<br \/>\nn&nbsp;<br \/>\nn<\/p>\n<h4><b>\u5305\u542b\u3068\u9664\u5916<\/b><\/h4>\n<p>n&nbsp;<br \/>\nn<br \/>\nn<b>\u5185\u5305\u7269<\/b><br \/>\nn<br \/>\nn&nbsp;<br \/>\nn<\/p>\n<ol>\nn \t<\/p>\n<li style=\"font-weight: 400;\">\u30ab\u30e4\u30c3\u30af\u65c5\u884c<\/li>\n<p>n \t<\/p>\n<li>\u30de\u30f3\u30b0\u30ed\u30fc\u30d6\u306e\u82d7\u6728 50\u672c<\/li>\n<p>n \t<\/p>\n<li>\u6d1e\u7a9f\u30c4\u30a2\u30fc<\/li>\n<p>n \t<\/p>\n<li style=\"font-weight: 400;\"><span style=\"font-weight: 400;\">\u3059\u3079\u3066\u306e\u7a0e\u91d1\u3001\u624b\u6570\u6599\u3001\u624b\u6570\u6599<\/span><\/li>\n<p>n \t<\/p>\n<li style=\"font-weight: 400;\"><span style=\"font-weight: 400;\">\u5730\u65b9\u7a0e<\/span><\/li>\n<p>n \t<\/p>\n<li style=\"font-weight: 400;\"><span style=\"font-weight: 400;\">\u5730\u5143\u30ac\u30a4\u30c9<\/span><\/li>\n<p>n<\/ol>\n<p>n<b> \u9664\u5916\u4e8b\u9805<\/b><br \/>\nn<\/p>\n<ol>\nn \t<\/p>\n<li style=\"font-weight: 400;\"><span style=\"font-weight: 400;\">\u30c1\u30c3\u30d7<\/span><\/li>\n<p>n \t<\/p>\n<li style=\"font-weight: 400;\"><span style=\"font-weight: 400;\">\u79fb\u884c<\/span><\/li>\n<p>n \t<\/p>\n<li>\u663c\u98df\u306f\u542b\u307e\u308c\u3066\u304a\u308a\u307e\u305b\u3093<\/li>\n<p>n \t<\/p>\n<li style=\"font-weight: 400;\"><span style=\"font-weight: 400;\">\u30a2\u30eb\u30b3\u30fc\u30eb\u98f2\u6599<\/span><\/li>\n<p>n<\/ol>\n<p>n&nbsp;<br \/>\nn<\/p>\n<h4><em><strong>\u51fa\u767a\u3068\u5e30\u56fd<\/strong><\/em><\/h4>\n<p>n<span style=\"font-weight: 400;\">\u65c5\u884c\u8005\u306f\u4e88\u7d04\u624b\u7d9a\u304d\u5f8c\u306b\u96c6\u5408\u5834\u6240\u3092\u53d6\u5f97\u3057\u307e\u3059\u3002\u30c4\u30a2\u30fc\u306f\u96c6\u5408\u5834\u6240\u3067\u958b\u59cb\u304a\u3088\u3073\u7d42\u4e86\u3057\u307e\u3059\u3002<\/span><br \/>\nn<br \/>\nn&nbsp;<br \/>\nn<\/p>\n<h4><b><i>\u4f55\u3092\u671f\u5f85\u3057\u307e\u3059\uff1f<\/i><\/b><\/h4>\n<p>\u307e\u305a\u306f\u30ab\u30e4\u30c3\u30af\u306b\u4e57\u3063\u3066\u30de\u30f3\u30b0\u30ed\u30fc\u30d6\u306e\u7a2e\u3092\u63a1\u53d6\u3059\u308b\u30a8\u30ea\u30a2\u307830\u5206\u307b\u3069\u5411\u304b\u3044\u307e\u3059\u3002\u30ab\u30e4\u30c3\u30af\u3092\u3057\u306a\u304c\u3089\u3001\u30de\u30f3\u30b0\u30ed\u30fc\u30d6\u306e\u6e7f\u5730\u3084\u30ab\u30ce \u30db\u30f3\u30c9\u5ddd\u3092\u901a\u308a\u307e\u3059\u3002\u305d\u306e\u5f8c\u3001\u305f\u304f\u3055\u3093\u306e\u30de\u30f3\u30b0\u30ed\u30fc\u30d6\u306e\u7a2e\u304c\u6d77\u306b\u6253\u3061\u4e0a\u3052\u3089\u308c\u3066\u3044\u308b\u306e\u304c\u898b\u3048\u307e\u3059\u3002\u79c1\u305f\u3061\u304c\u898b\u3064\u3051\u305f\u7a2e\u5b50\u306f\u8d64\u3044\u30de\u30f3\u30b0\u30ed\u30fc\u30d6\u3067\u3059\u3002<br \/>\nn<br \/>\n\u79c1\u305f\u3061\u306f\u3053\u308c\u3089\u306e\u7a2e\u5b50\u3092\u53ce\u96c6\u3057\u3001\u56fd\u7acb\u516c\u5712\u5185\u3067\u518d\u3073\u68ee\u6797\u3092\u518d\u751f\u3059\u308b\u5fc5\u8981\u304c\u3042\u308b\u5834\u6240\u3092\u958b\u62d3\u3057\u3066\u3044\u304d\u307e\u3059\u3002\u30de\u30f3\u30b0\u30ed\u30fc\u30d6\u3092\u690d\u3048\u308b\u65b9\u6cd5\u3068\u3001\u305d\u308c\u304c\u306a\u305c\u305d\u308c\u307b\u3069\u91cd\u8981\u306a\u306e\u304b\u3092\u8aac\u660e\u3057\u307e\u3059\u3002\u305d\u3046\u3059\u308c\u3070\u3001\u81ea\u5206\u3067\u30de\u30f3\u30b0\u30ed\u30fc\u30d6\u3092\u690d\u3048\u3066\u3001\u81ea\u7136\u3092\u52a9\u3051\u308b\u3053\u3068\u3067\u826f\u3044\u6c17\u5206\u3092\u5473\u308f\u3046\u6a5f\u4f1a\u304c\u5f97\u3089\u308c\u307e\u3059\u3002\u3053\u306e\u30c4\u30a2\u30fc\u306f\u3001\u81ea\u7136\u306e\u4e2d\u3067\u6642\u9593\u3092\u697d\u3057\u307f\u3001\u65b0\u3057\u3044\u3053\u3068\u3092\u5b66\u3073\u3001\u65b0\u3057\u3044\u4eba\u3005\u3068\u51fa\u4f1a\u3044\u3001\u81ea\u7136\u3092\u52a9\u3051\u305f\u3044\u3068\u9858\u3046\u3059\u3079\u3066\u306e\u4eba\u306e\u305f\u3081\u306e\u3082\u306e\u3067\u3059\u3002<br \/>\nn<br \/>\n\u4e00\u4eba\u5f53\u305f\u308a\u7d0450\u672c\u306e\u82d7\u3092\u690d\u3048\u308b\u3053\u3068\u304c\u3067\u304d\u307e\u3059\u3002\u96f0\u56f2\u6c17\u306e\u826f\u3044\u5834\u6240\u306b\u690d\u3048\u3066\u3044\u307e\u3059\u306e\u3067\u3001\u9632\u6c34\u9774\u306e\u6301\u53c2\u3092\u304a\u52e7\u3081\u3057\u307e\u3059\u3002<br \/>\n\u30de\u30f3\u30b0\u30ed\u30fc\u30d6\u306e\u690d\u3048\u4ed8\u3051\u304c\u7d42\u308f\u3063\u305f\u3089\u3001\u6709\u540d\u306a\u6d1e\u7a9f\u3078\u5411\u304b\u3044\u3001\u304d\u308c\u3044\u306a\u6c34\u3067\u6cf3\u304e\u3001\u6d1e\u7a9f\u306e\u79d8\u5bc6\u3067\u6c17\u5206\u3092\u6d17\u3044\u6d41\u3057\u3001600\u5e74\u524d\u306b\u3053\u3053\u306b\u4f4f\u3093\u3067\u3044\u305f\u30bf\u30a4\u30ce\u30b9\u65cf\u306e\u8d77\u6e90\u306b\u3064\u3044\u3066\u5b66\u3073\u307e\u3059\u3002<br \/>\nn<br \/>\nnOn our way back you can see from kayaks the endemic birds, Limestone formation islands, endemic orchids which you can see only in Los Haitises park and others. The way back takes around 45 min and finish at the main port in the park where the experience start. Through the mangroves and Land at the open San Lorenzo Bay, from where you can photograph the rugged forest landscape. Look to the water to spot <em><strong>\u30de\u30ca\u30c6\u30a3\u30fc<\/strong><\/em>\u3001\u7532\u6bbb\u985e\u3001\u305d\u3057\u3066 <em><strong>\u30a4\u30eb\u30ab\u3002<\/strong><\/em><br \/>\nn<br \/>\nn&nbsp;<br \/>\nn<\/p>\n<h4><em><strong>\u4f55\u3092\u6301\u3063\u3066\u3044\u304f\u3079\u304d\u3067\u3059\u304b\uff1f<\/strong><\/em><\/h4>\n<p>n<\/p>\n<ul>\nn \t<\/p>\n<li style=\"font-weight: 400;\"><span style=\"font-weight: 400;\">\u30ab\u30e1\u30e9<\/span><\/li>\n<p>n \t<\/p>\n<li style=\"font-weight: 400;\"><span style=\"font-weight: 400;\">\u306f\u3058\u304f\u82bd<\/span><\/li>\n<p>n \t<\/p>\n<li style=\"font-weight: 400;\"><span style=\"font-weight: 400;\">\u65e5\u713c\u3051\u6b62\u3081\u30af\u30ea\u30fc\u30e0<\/span><\/li>\n<p>n \t<\/p>\n<li style=\"font-weight: 400;\"><span style=\"font-weight: 400;\">\u5e3d\u5b50<\/span><\/li>\n<p>n \t<\/p>\n<li style=\"font-weight: 400;\"><span style=\"font-weight: 400;\">\u5feb\u9069\u306a\u30d1\u30f3\u30c4<\/span><\/li>\n<p>n \t<\/p>\n<li style=\"font-weight: 400;\"><span style=\"font-weight: 400;\">\u6ce5\u3060\u3089\u3051\u306e\u5834\u6240\u7528\u306e\u30b5\u30f3\u30c0\u30eb\u307e\u305f\u306f\u9774\u3002\u00a0<\/span><\/li>\n<p>n \t<\/p>\n<li style=\"font-weight: 400;\"><span style=\"font-weight: 400;\">\u6c34\u7740<\/span><\/li>\n<p>n<\/ul>\n<p>n&nbsp;<br \/>\nn<\/p>\n<h4><b><i>\u30db\u30c6\u30eb\u3078\u306e\u9001\u8fce <\/i><\/b><\/h4>\n<p>n<span style=\"font-weight: 400;\">\u3053\u306e\u30c4\u30a2\u30fc\u3067\u306f\u30db\u30c6\u30eb\u3078\u306e\u304a\u8fce\u3048\u306f\u63d0\u4f9b\u3055\u308c\u307e\u305b\u3093\u3002 <\/span><br \/>\nn<br \/>\nn&nbsp;<br \/>\nn<br \/>\nn<b>\u6ce8\u8a18\uff1a<\/b><span style=\"font-weight: 400;\"> \u30c4\u30a2\u30fc\/\u30a8\u30af\u30b9\u30ab\u30fc\u30b7\u30e7\u30f3\u51fa\u767a\u6642\u523b\u306e 24 \u6642\u9593\u4ee5\u5185\u306b\u3054\u4e88\u7d04\u306e\u5834\u5408\u306f\u3001\u8ffd\u52a0\u6599\u91d1\u3067\u30db\u30c6\u30eb\u3078\u306e\u304a\u8fce\u3048\u3092\u624b\u914d\u3067\u304d\u307e\u3059\u3002\u3054\u8cfc\u5165\u304c\u5b8c\u4e86\u3059\u308b\u3068\u3001\u304a\u8fce\u3048\u306e\u624b\u914d\u3092\u884c\u3046\u305f\u3081\u306e\u73fe\u5730\u30c4\u30a2\u30fc\u30ac\u30a4\u30c9\u306e\u5b8c\u5168\u306a\u9023\u7d61\u5148\u60c5\u5831 (\u96fb\u8a71\u756a\u53f7\u3001\u96fb\u5b50\u30e1\u30fc\u30eb \u30a2\u30c9\u30ec\u30b9\u306a\u3069) \u3092\u304a\u9001\u308a\u3057\u307e\u3059\u3002<\/span><br \/>\nn<\/p>\n<h4><b><i>\u8ffd\u52a0\u60c5\u5831\u306e\u78ba\u8a8d <\/i><\/b><\/h4>\n<p>n<\/p>\n<ol>\nn \t<\/p>\n<li>\u30c1\u30b1\u30c3\u30c8\u306f\u30c4\u30a2\u30fc\u4ee3\u91d1\u304a\u652f\u6255\u3044\u5f8c\u306e\u9818\u53ce\u66f8\u3068\u306a\u308a\u307e\u3059\u3002\u643a\u5e2f\u96fb\u8a71\u3067\u652f\u6255\u3044\u3092\u8868\u793a\u3067\u304d\u307e\u3059\u3002<\/li>\n<p>n \t<\/p>\n<li style=\"font-weight: 400;\"><span style=\"font-weight: 400;\">\u4e88\u7d04\u624b\u7d9a\u304d\u5f8c\u306b\u30df\u30fc\u30c6\u30a3\u30f3\u30b0\u30dd\u30a4\u30f3\u30c8\u3092\u53d7\u3051\u53d6\u308a\u307e\u3059\u3002<\/span><\/li>\n<p>n \t<\/p>\n<li style=\"font-weight: 400;\"><span style=\"font-weight: 400;\">\u304a\u5b50\u69d8\u306b\u306f\u5927\u4eba\u306e\u540c\u4f34\u304c\u5fc5\u8981\u3067\u3059\u3002<\/span><\/li>\n<p>n \t<\/p>\n<li style=\"font-weight: 400;\"><span style=\"font-weight: 400;\"> \u8eca\u6905\u5b50\u3067\u306f\u30a2\u30af\u30bb\u30b9\u3067\u304d\u307e\u305b\u3093 <\/span><\/li>\n<p>n \t<\/p>\n<li style=\"font-weight: 400;\"><span style=\"font-weight: 400;\">\u5e7c\u5150\u306f\u819d\u306e\u4e0a\u306b\u5ea7\u3089\u306a\u3051\u308c\u3070\u306a\u308a\u307e\u305b\u3093 <\/span><\/li>\n<p>n \t<\/p>\n<li style=\"font-weight: 400;\"><span style=\"font-weight: 400;\">\u80cc\u4e2d\u306b\u554f\u984c\u304c\u3042\u308b\u65c5\u884c\u8005\u306b\u306f\u304a\u52e7\u3081\u3067\u304d\u307e\u305b\u3093<\/span><\/li>\n<p>n \t<\/p>\n<li style=\"font-weight: 400;\"><span style=\"font-weight: 400;\">\u598a\u5a20\u4e2d\u306e\u65c5\u884c\u8005\u306b\u306f\u304a\u52e7\u3081\u3067\u304d\u307e\u305b\u3093 <\/span><\/li>\n<p>n \t<\/p>\n<li style=\"font-weight: 400;\"><span style=\"font-weight: 400;\"> \u5fc3\u81d3\u306e\u554f\u984c\u3084\u305d\u306e\u4ed6\u306e\u91cd\u7be4\u306a\u75c5\u72b6\u304c\u306a\u3044\u3053\u3068 <\/span><\/li>\n<p>n \t<\/p>\n<li style=\"font-weight: 400;\"><span style=\"font-weight: 400;\">\u307b\u3068\u3093\u3069\u306e\u65c5\u884c\u8005\u304c\u53c2\u52a0\u53ef\u80fd<\/span><\/li>\n<p>n<\/ol>\n<p>n<\/p>\n<h4><b><i>\u53d6\u308a\u6d88\u3057\u898f\u7d04<\/i><\/b><\/h4>\n<p>\u5168\u984d\u8fd4\u91d1\u306b\u3064\u3044\u3066\u306f\u3001\u30ad\u30e3\u30f3\u30bb\u30eb\u30dd\u30ea\u30b7\u30fc\u3092\u304a\u8aad\u307f\u304f\u3060\u3055\u3044\u3002\u00a0<a href=\"https:\/\/www.boattoursamana.com\/ja\/%e3%82%aa%e3%83%b3%e3%83%a9%e3%82%a4%e3%83%b3%e4%ba%88%e7%b4%84\/\" target=\"_blank\" rel=\"noopener\" data-saferedirecturl=\"https:\/\/www.google.com\/url?q=https:\/\/www.boattoursamana.com\/online-booking\/&amp;source=gmail&amp;ust=1672449202351000&amp;usg=AOvVaw1yAeVAPktmaVCqDujgUn90\">\u3053\u3053\u3092\u30af\u30ea\u30c3\u30af<\/a>\u3002\u65c5\u884c\u5f53\u65e5\u306b\u4e88\u7d04\u304c\u30ad\u30e3\u30f3\u30bb\u30eb\u3055\u308c\u305f\u5834\u5408\u3001\u8cc7\u91d1\u306f\u5931\u308f\u308c\u307e\u3059\u3002<\/p>\n\n\t\t<\/div>\n\t<\/div>\n<\/div><\/div><\/div><\/div><div class=\"vc_row wpb_row vc_row-fluid\" ><div class=\"wpb_column vc_column_container vc_col-sm-12\"><div class=\"vc_column-inner\"><div class=\"wpb_wrapper\"><div class=\"vc_empty_space\"   style=\"height: 32px\"><span class=\"vc_empty_space_inner\"><\/span><\/div>\n\t<div class=\"wpb_text_column wpb_content_element\" >\n\t\t<div class=\"wpb_wrapper\">\n\t\t\t<p>\nn<\/p>\n<h4>\u304a\u554f\u3044\u5408\u308f\u305b\uff1f<\/h4>\n<p>n<\/p>\n<h5>\u5192\u967a\u306e\u4e88\u7d04<\/h5>\n<p>n<em><strong>\u5730\u5143\u306e\u4eba<\/strong>\u00a0\u305d\u3057\u3066\u00a0<strong>\u30ca\u30b7\u30e7\u30ca\u30eb\u30ba<\/strong>\u00a0\u30c4\u30a2\u30fc\u30ac\u30a4\u30c9\u3068\u30b2\u30b9\u30c8\u30b5\u30fc\u30d3\u30b9<\/em><br \/>\nn<br \/>\nn<span class=\"text-turquoise\">\u4e88\u7d04:<\/span>\u00a0\u30c9\u30e0\u306e\u30c4\u30a2\u30fc &amp; \u30a8\u30af\u30b9\u30ab\u30fc\u30b7\u30e7\u30f3\u3002\u8b70\u54e1<br \/>\nn<br \/>\nn<img decoding=\"async\" class=\"emoji\" draggable=\"false\" src=\"https:\/\/s.w.org\/images\/core\/emoji\/11.2.0\/svg\/1f4de.svg\" alt=\" \" title=\"\">\u00a0\u96fb\u8a71\u756a\u53f7 \/ WhatsApp\u00a0\u00a0<a href=\"tel:+1-809-720-6035\">+1-809-720-6035<\/a>.<br \/>\nn<br \/>\nn<img decoding=\"async\" class=\"emoji\" draggable=\"false\" src=\"https:\/\/s.w.org\/images\/core\/emoji\/11.2.0\/svg\/1f4e9.svg\" alt=\" \" title=\"\">\u00a0<a href=\"mailto:info@bookingadventures.com.do\">info@bookingadventures.com.do<\/a><br \/>\nn<br \/>\nn<strong>Whatsapp \u306b\u3088\u308b\u30d7\u30e9\u30a4\u30d9\u30fc\u30c8 \u30c4\u30a2\u30fc\u3092\u67d4\u8edf\u306b\u8a2d\u5b9a\u3067\u304d\u307e\u3059\u3002\u00a0<a href=\"tel:+18097206035\">+18097206035.<\/a><\/strong><\/p>\n\n\t\t<\/div>\n\t<\/div>\n<div class=\"vc_empty_space\"   style=\"height: 32px\"><span class=\"vc_empty_space_inner\"><\/span><\/div><\/div><\/div><\/div><\/div>","protected":false},"excerpt":{"rendered":"<p>Buena oportunidad para ayudar a la Naturaleza y disfrutar en Kayaks de la belleza del Parque Nacional Los Haitises. 50 pl\u00e1ntulas de donaci\u00f3n de manglares ser\u00e1n parte de su visita en kayaks m\u00e1s gu\u00edas capacitados por los locales para la interpretaci\u00f3n de la flora y la fauna. Si no te gustan los kayaks esta actividad tienes opci\u00f3n de bote. n n&nbsp; n nSeleccione la fecha para el Tour: &nbsp;<\/p>","protected":false},"author":2,"featured_media":0,"parent":0,"menu_order":0,"comment_status":"open","ping_status":"closed","template":"","meta":{"footnotes":""},"class_list":["post-15794","page","type-page","status-publish","hentry"],"_links":{"self":[{"href":"https:\/\/www.boattoursamana.com\/ja\/wp-json\/wp\/v2\/pages\/15794","targetHints":{"allow":["GET"]}}],"collection":[{"href":"https:\/\/www.boattoursamana.com\/ja\/wp-json\/wp\/v2\/pages"}],"about":[{"href":"https:\/\/www.boattoursamana.com\/ja\/wp-json\/wp\/v2\/types\/page"}],"author":[{"embeddable":true,"href":"https:\/\/www.boattoursamana.com\/ja\/wp-json\/wp\/v2\/users\/2"}],"replies":[{"embeddable":true,"href":"https:\/\/www.boattoursamana.com\/ja\/wp-json\/wp\/v2\/comments?post=15794"}],"version-history":[{"count":0,"href":"https:\/\/www.boattoursamana.com\/ja\/wp-json\/wp\/v2\/pages\/15794\/revisions"}],"wp:attachment":[{"href":"https:\/\/www.boattoursamana.com\/ja\/wp-json\/wp\/v2\/media?parent=15794"}],"curies":[{"name":"wp","href":"https:\/\/api.w.org\/{rel}","templated":true}]}}