{"id":15816,"date":"2023-07-15T07:44:18","date_gmt":"2023-07-15T07:44:18","guid":{"rendered":"https:\/\/www.ticketswhales.com\/27-waterfalls-from-punta-cana-private-or-small-group-trip\/"},"modified":"2023-07-15T07:44:18","modified_gmt":"2023-07-15T07:44:18","slug":"27-waterfalls-from-punta-cana-private-or-small-group-trip","status":"publish","type":"page","link":"https:\/\/www.boattoursamana.com\/ja\/%e3%83%97%e3%83%b3%e3%82%bf-%e3%82%ab%e3%83%bc%e3%83%8a%e7%99%ba-27-%e3%81%ae%e6%bb%9d%e3%83%97%e3%83%a9%e3%82%a4%e3%83%99%e3%83%bc%e3%83%88%e3%81%be%e3%81%9f%e3%81%af%e5%b0%91%e4%ba%ba%e6%95%b0","title":{"rendered":"\u30d7\u30f3\u30bf \u30ab\u30ca\u306e 27 \u306e\u6edd \u2013 \u30d7\u30e9\u30a4\u30d9\u30fc\u30c8\u307e\u305f\u306f\u5c11\u4eba\u6570\u30b0\u30eb\u30fc\u30d7\u65c5\u884c"},"content":{"rendered":"<p><span style=\"vertical-align: inherit;\"><span style=\"vertical-align: inherit;\">Esta excursi\u00f3n desde Punta Cana a 27 cascadas de Damajagua en Puerto Plata, Almuerzo y Excursi\u00f3n por las 27 cascadas, caminata y salto al r\u00edo.<\/span><\/span><br \/>\nn<br \/>\nn<span style=\"vertical-align: inherit;\"><span style=\"vertical-align: inherit;\">Viaje Ecol\u00f3gico a las 27 cascadas de Puerto Plata. <\/span><span style=\"vertical-align: inherit;\">Obtenga sus boletos para una excursi\u00f3n de d\u00eda completo desde el \u00e1rea de Punta Cana a la Cascada 27 desde Damajagua. <\/span><span style=\"vertical-align: inherit;\">Boletos de ingreso con almuerzo y excursi\u00f3n Incluyen saltos y nado en las cascadas m\u00e1s hermosas de Rep\u00fablica Dominicana. <\/span><span style=\"vertical-align: inherit;\">\u7d20\u6674\u3089\u3057\u3044\u4f53\u9a13\u3092\u3057\u306a\u304c\u3089\u3001\u5b89\u5168\u306a\u8a2d\u5099\u3092\u6574\u3048\u3066\u304f\u3060\u3055\u3044!<\/span><\/span><br \/>\nn<br \/>\nn&nbsp;<br \/>\nn<br \/>\nn<strong><span style=\"vertical-align: inherit;\"><span style=\"vertical-align: inherit;\">\u30c4\u30a2\u30fc\u306e\u9078\u629e:\u00a0<\/span><\/span><\/strong><\/p>\n<p>&nbsp;<\/p>\n<div class=\"vc_row wpb_row vc_row-fluid\" ><div class=\"wpb_column vc_column_container vc_col-sm-12\"><div class=\"vc_column-inner\"><div class=\"wpb_wrapper\"><div class=\"vc_btn3-container vc_btn3-inline\" ><button class=\"vc_general vc_btn3 vc_btn3-size-md vc_btn3-shape-rounded vc_btn3-style-modern vc_btn3-color-green\">\u4eca\u4e88\u7d04\u3059\u308b<\/button><\/div>\n\t<div class=\"wpb_text_column wpb_content_element\" >\n\t\t<div class=\"wpb_wrapper\">\n\t\t\t<p>\u30d7\u30f3\u30bf \u30ab\u30ca\u306e 27 \u306e\u6edd - \u30d7\u30e9\u30a4\u30d9\u30fc\u30c8\u307e\u305f\u306f\u5c11\u4eba\u6570\u30b0\u30eb\u30fc\u30d7\u65c5\u884c\u3001\u30e9\u30f3\u30c1\u3068\u4ea4\u901a\u8cbb\u8fbc\u307f<\/p>\n\n\t\t<\/div>\n\t<\/div>\n<\/div><\/div><\/div><\/div><div class=\"vc_row wpb_row vc_row-fluid\" ><div class=\"wpb_column vc_column_container vc_col-sm-12\"><div class=\"vc_column-inner\"><div class=\"wpb_wrapper\">\n\t<div class=\"wpb_text_column wpb_content_element\" >\n\t\t<div class=\"wpb_wrapper\">\n\t\t\t<p>\nn<\/p>\n<h3 class=\"ui_header h1 attractions-product-info-ProductTitle__title--1qM0o\">\u30d7\u30f3\u30bf \u30ab\u30ca\u306e 27 \u306e\u6edd \u2013 \u30d7\u30e9\u30a4\u30d9\u30fc\u30c8\u307e\u305f\u306f\u5c11\u4eba\u6570\u30b0\u30eb\u30fc\u30d7\u65c5\u884c<\/h3>\n<p>n<\/p>\n<h4><b><i>\u6982\u8981 <\/i><\/b><\/h4>\n<p>nGet your Tickets for a Full Day excursion starting from Punta Cana to the 27 Waterfall from Damajagua. Entrance tickets with Lunch and Excursion Include jumping and swimming in the most beautiful waterfalls of the Dominican Republic. Hiking and Swimming with safety equipment to have the best experience ever!!<br \/>\nn<br \/>\nnAfter this experience, you will get back to Punta Cana in the Location where you meet with the Tour Guide or Hotel.<br \/>\nn<\/p>\n<ul>\nn \t<\/p>\n<li style=\"font-weight: 400;\">\u624b\u6570\u6599\u8fbc\u307f<\/li>\n<p>n \t<\/p>\n<li>\u30e9\u30f3\u30c1<\/li>\n<p>n \t<\/p>\n<li>\u304a\u3084\u3064<\/li>\n<p>n \t<\/p>\n<li style=\"font-weight: 400;\">\u82f1\u8a9e\u306e\u73fe\u5730\u30c4\u30a2\u30fc\u30ac\u30a4\u30c9<\/li>\n<p>n<\/ul>\n<p>n&nbsp;<br \/>\nn<\/p>\n<h4><b>\u5305\u542b\u3068\u9664\u5916<\/b><\/h4>\n<p>n&nbsp;<br \/>\nn<br \/>\nn<b>\u5185\u5305\u7269<\/b><br \/>\nn<\/p>\n<ol>\nn \t<\/p>\n<li style=\"font-weight: 400;\">\u30c0\u30de\u30b8\u30e3\u30b0\u30a2\u306e 27 \u306e\u6edd<\/li>\n<p>n \t<\/p>\n<li>\u30e9\u30f3\u30c1<\/li>\n<p>n \t<\/p>\n<li style=\"font-weight: 400;\"><span style=\"font-weight: 400;\">\u3059\u3079\u3066\u306e\u7a0e\u91d1\u3001\u624b\u6570\u6599\u3001\u624b\u6570\u6599<\/span><\/li>\n<p>n \t<\/p>\n<li style=\"font-weight: 400;\"><span style=\"font-weight: 400;\">\u5730\u65b9\u7a0e<\/span><\/li>\n<p>n \t<\/p>\n<li style=\"font-weight: 400;\"><span style=\"font-weight: 400;\">\u98f2\u6599<\/span><\/li>\n<p>n \t<\/p>\n<li>\u304a\u3084\u3064<\/li>\n<p>n \t<\/p>\n<li style=\"font-weight: 400;\"><span style=\"font-weight: 400;\">\u3059\u3079\u3066\u306e\u30a2\u30af\u30c6\u30a3\u30d3\u30c6\u30a3<\/span><\/li>\n<p>n \t<\/p>\n<li style=\"font-weight: 400;\"><span style=\"font-weight: 400;\">\u5730\u5143\u30ac\u30a4\u30c9<\/span><\/li>\n<p>n \t<\/p>\n<li>\u4ea4\u901a\u6a5f\u95a2<\/li>\n<p>n<\/ol>\n<p>n<b> \u9664\u5916\u4e8b\u9805<\/b><br \/>\nn<\/p>\n<ol>\nn \t<\/p>\n<li style=\"font-weight: 400;\"><span style=\"font-weight: 400;\">\u30c1\u30c3\u30d7<\/span><\/li>\n<p>n \t<\/p>\n<li style=\"font-weight: 400;\"><span style=\"font-weight: 400;\">\u30a2\u30eb\u30b3\u30fc\u30eb\u98f2\u6599<\/span><\/li>\n<p>n<\/ol>\n<p>n&nbsp;<br \/>\nn<\/p>\n<h4><em><strong>\u51fa\u767a\u3068\u5e30\u56fd<\/strong><\/em><\/h4>\n<p>n<span style=\"font-weight: 400;\">\u65c5\u884c\u8005\u306f\u30d7\u30f3\u30bf \u30ab\u30ca\u307e\u305f\u306f\u30d0\u30d0\u30ed\u306e\u30db\u30c6\u30eb\u307e\u3067\u304a\u8fce\u3048\u306b\u4e0a\u304c\u308a\u307e\u3059\u3002\u30c4\u30a2\u30fc\u306f\u96c6\u5408\u5834\u6240\u3067\u958b\u59cb\u304a\u3088\u3073\u7d42\u4e86\u3057\u307e\u3059\u3002<\/span><br \/>\nn<\/p>\n<h4><\/h4>\n<p>n<\/p>\n<h3 class=\"ui_header h1 attractions-product-info-ProductTitle__title--1qM0o\">\u30d7\u30f3\u30bf \u30ab\u30ca\u767a\u3001\u30c0\u30de\u30b8\u30e3\u30b0\u30a2\u306e 27 \u306e\u6edd\u30c4\u30a2\u30fc\u3002<\/h3>\n<p>n<\/p>\n<h4><b><i>\u4f55\u3092\u671f\u5f85\u3057\u307e\u3059\uff1f<\/i><\/b><\/h4>\n<p>n<\/p>\n<div class=\"apd_content_block\" data-tab=\"TABS_OVERVIEW\">\nn<\/p>\n<div class=\"ui_card section attractions-product-details-Overview__sectionMargin--uHktd attractions-product-details-Overview__cleanslateOverrideDT--39Ov7\"><strong>\u6ce8\u8a18\uff1a<\/strong> \u30d7\u30f3\u30bf\u30ab\u30ca\u304b\u3089\u30d7\u30a8\u30eb\u30c8\u30d7\u30e9\u30bf\u307e\u3067\u306f\u7247\u9053\u7d045\u6642\u9593\u3067\u3059\u3002\u30d7\u30f3\u30bf\u30ab\u30ca\u3092\u5348\u524d5\u6642\u9803\u306b\u51fa\u767a\u3057\u307e\u3059\u3002\u5348\u5f8c9\u6642\u9803\u306b\u30d7\u30f3\u30bf\u30ab\u30ca\u306b\u623b\u308a\u307e\u3059\u3002<\/div>\n<p>n\n<\/p><\/div>\n<p>n<\/p>\n<div data-tab=\"TABS_WHAT_TO_EXPECT\">\nn<\/p>\n<div class=\"ui_card attractions-card-CollapsibleProductDetailsCard__cardContainer--3r2wk attractions-card-CollapsibleProductDetailsCard__cleanslateOverrideDT--2AJh0\">\nn<\/p>\n<div class=\"attractions-card-CollapsibleCard__header--IDA3r\">\nn<\/p>\n<div class=\"attractions-card-CollapsibleCard__headerSection--3gTKb\"><\/div>\n<p>n\n<\/p><\/div>\n<p>n<\/p>\n<div class=\"attractions-card-CollapsibleCard__content--2Ws8q\">\nn<\/p>\n<div class=\"attractions-card-CollapsibleCard__contentWrap--374jk attractions-card-CollapsibleCard__titleUnderline--1uHze\">\nn<\/p>\n<div>\u30d7\u30a8\u30eb\u30c8 \u30d7\u30e9\u30bf\u767a\u306e\u3053\u306e 1 \u65e5\u30c4\u30a2\u30fc\u3067\u3001\u30c9\u30df\u30cb\u30ab\u5171\u548c\u56fd\u306e\u5317\u90e8\u56de\u5eca\u306e\u4e18\u306b\u3072\u3063\u305d\u308a\u3068\u4f47\u3080\u4eba\u91cc\u96e2\u308c\u305f\u30c0\u30de\u30b8\u30e3\u30b0\u30a2\u6edd\u3092\u8a2a\u308c\u307e\u3057\u3087\u3046\u3002\u5730\u5143\u30ac\u30a4\u30c9\u3068\u4e00\u7dd2\u306b\u3001\u77f3\u7070\u5ca9\u306e\u4e0a\u3092\u6d41\u308c\u843d\u3061\u308b 27 \u306e\u81ea\u7136\u306e\u307e\u307e\u306e\u6edd\u3092\u63a2\u7d22\u3057\u307e\u3057\u3087\u3046\u3002\u7c21\u5358\u306a\u5b89\u5168\u8aac\u660e\u3092\u53d7\u3051\u3066\u304b\u3089\u3001\u5929\u7136\u306e\u30a6\u30a9\u30fc\u30bf\u30fc\u30b9\u30e9\u30a4\u30c0\u30fc\u3067\u30b8\u30e3\u30f3\u30d7\u3057\u305f\u308a\u3001\u6cf3\u3044\u3060\u308a\u3001\u6ed1\u308a\u964d\u308a\u305f\u308a\u3057\u3066\u304f\u3060\u3055\u3044\u3002<\/div>\n<p>n<\/p>\n<div><\/div>\n<p>n<\/p>\n<div>\u663c\u98df\u3001\u98f2\u307f\u7269\u304c\u542b\u307e\u308c\u3066\u3044\u307e\u3059\u3002\u7f8e\u3057\u3044\u30b8\u30e3\u30f3\u30b0\u30eb\u306e\u98a8\u666f\u306e\u4e2d\u3092\u7de9\u3084\u304b\u306a 40 \u5206\u9593\u306e\u4e0a\u308a\u5742\u3092\u30cf\u30a4\u30ad\u30f3\u30b0\u3059\u308b\u3068\u300112 \u756a\u76ee\u306e\u6edd\u306b\u5230\u7740\u3057\u307e\u3059\u3002\u307e\u305f\u306f\u3001\u4f53\u8abf\u304c\u512a\u308c\u3066\u3044\u308b\u5834\u5408\u306f\u300127 \u306e\u6edd\u306e\u9802\u4e0a\u307e\u3067\u30cf\u30a4\u30ad\u30f3\u30b0\u3057\u3066 (\u7d04 70 \u5206)\u3001\u3059\u3079\u3066\u3092\u4f53\u9a13\u3059\u308b\u3053\u3068\u3082\u3067\u304d\u307e\u3059\u3002 \u3002<\/div>\n<p>n<\/p>\n<div class=\"attractions-card-CollapsibleProductDetailsCard__cardContent--23ext\">\nn<\/p>\n<div class=\"common-text-ReadMore__readMore--3Iu8c common-text-ReadMore__variantFadeOut--1tInd\">\nn<\/p>\n<div class=\"common-text-ReadMore__content--2X4LR\">\nn<\/p>\n<div class=\"ui_columns is-desktop\">\nn<\/p>\n<div><\/div>\n<p>n<\/p>\n<div class=\"ui_column\">\u3044\u305a\u308c\u306b\u305b\u3088\u3001\u672c\u5f53\u306e\u697d\u3057\u307f\u306f\u4e0b\u6d41\u306b\u623b\u308b\u3068\u3053\u308d\u304b\u3089\u59cb\u307e\u308a\u3001\u4e00\u9023\u306e\u58ee\u89b3\u306a\u6edd\u3001\u5ce1\u8c37\u3001\u7d3a\u78a7\u306e\u30d7\u30fc\u30eb\u306e\u4e2d\u3092\u30b8\u30e3\u30f3\u30d7\u3057\u305f\u308a\u3001\u6ed1\u3063\u305f\u308a\u3001\u6cf3\u3044\u3060\u308a\u3057\u3066\u3001\u9854\u306b\u611a\u304b\u306a\u7b11\u307f\u3092\u6d6e\u304b\u3079\u3001\u5927\u5207\u306b\u3059\u3079\u304d\u7d20\u6674\u3089\u3057\u3044\u601d\u3044\u51fa\u3068\u3068\u3082\u306b\u73fe\u308c\u307e\u3059\u3002\u30c4\u30a2\u30fc\u306b\u306f\u6700\u5927 25 \u30d5\u30a3\u30fc\u30c8 (8 \u30e1\u30fc\u30c8\u30eb) \u306e\u30b8\u30e3\u30f3\u30d7\u304c\u542b\u307e\u308c\u3066\u3044\u307e\u3059\u304c\u3001\u30b8\u30e3\u30f3\u30d7\u3057\u305f\u304f\u306a\u3044\u5834\u5408\u3067\u3082\u3001\u5927\u304d\u306a\u30b8\u30e3\u30f3\u30d7\u306b\u306f\u5225\u306e\u65b9\u6cd5\u304c\u3042\u308b\u306e\u3067\u3054\u5b89\u5fc3\u304f\u3060\u3055\u3044\u3002<\/div>\n<p>n<\/p>\n<div><\/div>\n<p>n<\/p>\n<div class=\"ui_column\">15 \u5206\u307b\u3069\u6b69\u3044\u3066\u30d9\u30fc\u30b9 \u30ad\u30e3\u30f3\u30d7\u306b\u623b\u308a\u3001\u4e7e\u3044\u305f\u670d\u306b\u7740\u66ff\u3048\u305f\u3089\u3001\u9d8f\u8089\u3084\u8c5a\u8089\u306e\u30d0\u30fc\u30d9\u30ad\u30e5\u30fc\u3001\u30b7\u30c1\u30e5\u30fc\u3001\u7c73\u3001\u30d1\u30b9\u30bf\u3001\u30b5\u30e9\u30c0\u306a\u3069\u3092\u542b\u3080\u3001\u7f8e\u5473\u3057\u304f\u3066\u7a2e\u985e\u8c4a\u5bcc\u306a\u30c9\u30df\u30cb\u30ab\u6599\u7406\u306e\u30d3\u30e5\u30c3\u30d5\u30a7 \u30e9\u30f3\u30c1\u3092\u304a\u697d\u3057\u307f\u304f\u3060\u3055\u3044\u3002<\/div>\n<p>n<\/p>\n<div><\/div>\n<p>n<\/p>\n<div class=\"ui_column\">\u5730\u5143\u306e\u30e9\u30e0\u9152\u3001\u30bd\u30fc\u30c0\u3001\u6c34\u304c\u542b\u307e\u308c\u3066\u3044\u307e\u3059 (\u30d3\u30fc\u30eb\u3082\u7528\u610f\u3055\u308c\u3066\u3044\u307e\u3059\u304c\u3001\u542b\u307e\u308c\u3066\u3044\u307e\u305b\u3093)\u3002\u98df\u4e8b\u306e\u5f8c\u306f\u3001\u5730\u5143\u30ac\u30a4\u30c9\u306b\u5225\u308c\u3092\u544a\u3052\u307e\u3057\u3087\u3046\u3002\u3042\u306a\u305f\u306e\u6700\u9ad8\u306e\u4f53\u9a13\u306f\u3001\u5199\u771f\u3084\u30d3\u30c7\u30aa\u3068\u3057\u3066\u4e00\u751f\u8a18\u61b6\u306b\u6b8b\u308b\u3067\u3057\u3087\u3046\u3002<\/div>\n<p>n<\/p>\n<div class=\"ui_column\">\u3053\u306e\u5f8c\u3001\u30d7\u30f3\u30bf\u30ab\u30ca\u3078\u623b\u308a\u307e\u3059\u3002<\/div>\n<p>n\n<\/p><\/div>\n<p>n\n<\/p><\/div>\n<p>n\n<\/p><\/div>\n<p>n\n<\/p><\/div>\n<p>n\n<\/p><\/div>\n<p>n\n<\/p><\/div>\n<p>n\n<\/p><\/div>\n<p>n\n<\/p><\/div>\n<p>n<\/p>\n<h4><em><strong>\u4f55\u3092\u6301\u3063\u3066\u3044\u304f\u3079\u304d\u3067\u3059\u304b\uff1f<\/strong><\/em><\/h4>\n<p>n<\/p>\n<ul>\nn \t<\/p>\n<li style=\"font-weight: 400;\"><span style=\"font-weight: 400;\">\u30ab\u30e1\u30e9<\/span><\/li>\n<p>n \t<\/p>\n<li style=\"font-weight: 400;\"><span style=\"font-weight: 400;\">\u306f\u3058\u304f\u82bd<\/span><\/li>\n<p>n \t<\/p>\n<li style=\"font-weight: 400;\"><span style=\"font-weight: 400;\">\u65e5\u713c\u3051\u6b62\u3081\u30af\u30ea\u30fc\u30e0<\/span><\/li>\n<p>n \t<\/p>\n<li style=\"font-weight: 400;\"><span style=\"font-weight: 400;\">\u5e3d\u5b50<\/span><\/li>\n<p>n \t<\/p>\n<li style=\"font-weight: 400;\"><span style=\"font-weight: 400;\">\u5feb\u9069\u306a\u30d1\u30f3\u30c4<\/span><\/li>\n<p>n \t<\/p>\n<li style=\"font-weight: 400;\"><span style=\"font-weight: 400;\">\u68ee\u6797\u7528\u30cf\u30a4\u30ad\u30f3\u30b0\u30b7\u30e5\u30fc\u30ba<\/span><\/li>\n<p>n \t<\/p>\n<li style=\"font-weight: 400;\"><span style=\"font-weight: 400;\">\u6625\u306e\u30a8\u30ea\u30a2\u3078\u30b5\u30f3\u30c0\u30eb\u3067\u3002<\/span><\/li>\n<p>n \t<\/p>\n<li style=\"font-weight: 400;\"><span style=\"font-weight: 400;\">\u6c34\u7740<\/span><\/li>\n<p>n<\/ul>\n<p>n&nbsp;<br \/>\nn<\/p>\n<h4><b><i>\u30db\u30c6\u30eb\u3078\u306e\u9001\u8fce <\/i><\/b><\/h4>\n<p>n<span style=\"font-weight: 400;\">\u3053\u306e\u30c4\u30a2\u30fc\u3067\u306f\u30db\u30c6\u30eb\u3078\u306e\u304a\u8fce\u3048\u304c\u63d0\u4f9b\u3055\u308c\u307e\u3059\u3002 Whatsapp\u3067\u9023\u7d61\u3059\u308b\u30d4\u30c3\u30af\u30a2\u30c3\u30d7\u3092\u8a2d\u5b9a\u3057\u307e\u3057\u305f\u3002<\/span><br \/>\nn<br \/>\nn&nbsp;<br \/>\nn<br \/>\nn<b>\u6ce8\u8a18\uff1a<\/b><span style=\"font-weight: 400;\"> \u30c4\u30a2\u30fc\/\u30a8\u30af\u30b9\u30ab\u30fc\u30b7\u30e7\u30f3\u51fa\u767a\u6642\u523b\u306e 24 \u6642\u9593\u4ee5\u5185\u306b\u3054\u4e88\u7d04\u306e\u5834\u5408\u306f\u3001\u8ffd\u52a0\u6599\u91d1\u3067\u30db\u30c6\u30eb\u3078\u306e\u304a\u8fce\u3048\u3092\u624b\u914d\u3067\u304d\u307e\u3059\u3002\u3054\u8cfc\u5165\u304c\u5b8c\u4e86\u3059\u308b\u3068\u3001\u304a\u8fce\u3048\u306e\u624b\u914d\u3092\u884c\u3046\u305f\u3081\u306e\u73fe\u5730\u30c4\u30a2\u30fc\u30ac\u30a4\u30c9\u306e\u5b8c\u5168\u306a\u9023\u7d61\u5148\u60c5\u5831 (\u96fb\u8a71\u756a\u53f7\u3001\u96fb\u5b50\u30e1\u30fc\u30eb \u30a2\u30c9\u30ec\u30b9\u306a\u3069) \u3092\u304a\u9001\u308a\u3057\u307e\u3059\u3002<\/span><br \/>\nn<\/p>\n<h4><b><i>\u8ffd\u52a0\u60c5\u5831\u306e\u78ba\u8a8d <\/i><\/b><\/h4>\n<p>n<\/p>\n<ol>\nn \t<\/p>\n<li>\u30c1\u30b1\u30c3\u30c8\u306f\u30c4\u30a2\u30fc\u4ee3\u91d1\u304a\u652f\u6255\u3044\u5f8c\u306e\u9818\u53ce\u66f8\u3068\u306a\u308a\u307e\u3059\u3002\u643a\u5e2f\u96fb\u8a71\u3067\u652f\u6255\u3044\u3092\u8868\u793a\u3067\u304d\u307e\u3059\u3002<\/li>\n<p>n \t<\/p>\n<li style=\"font-weight: 400;\"><span style=\"font-weight: 400;\">\u4e88\u7d04\u624b\u7d9a\u304d\u5f8c\u306b\u30df\u30fc\u30c6\u30a3\u30f3\u30b0\u30dd\u30a4\u30f3\u30c8\u3092\u53d7\u3051\u53d6\u308a\u307e\u3059\u3002<\/span><\/li>\n<p>n \t<\/p>\n<li style=\"font-weight: 400;\"><span style=\"font-weight: 400;\">\u304a\u5b50\u69d8\u306b\u306f\u5927\u4eba\u306e\u540c\u4f34\u304c\u5fc5\u8981\u3067\u3059\u3002<\/span><\/li>\n<p>n \t<\/p>\n<li style=\"font-weight: 400;\"><span style=\"font-weight: 400;\"> \u8eca\u6905\u5b50\u3067\u306f\u30a2\u30af\u30bb\u30b9\u3067\u304d\u307e\u305b\u3093 <\/span><\/li>\n<p>n \t<\/p>\n<li style=\"font-weight: 400;\"><span style=\"font-weight: 400;\">\u5e7c\u5150\u306f\u819d\u306e\u4e0a\u306b\u5ea7\u3089\u306a\u3051\u308c\u3070\u306a\u308a\u307e\u305b\u3093 <\/span><\/li>\n<p>n \t<\/p>\n<li style=\"font-weight: 400;\"><span style=\"font-weight: 400;\">\u80cc\u4e2d\u306b\u554f\u984c\u304c\u3042\u308b\u65c5\u884c\u8005\u306b\u306f\u304a\u52e7\u3081\u3067\u304d\u307e\u305b\u3093<\/span><\/li>\n<p>n \t<\/p>\n<li style=\"font-weight: 400;\"><span style=\"font-weight: 400;\">\u598a\u5a20\u4e2d\u306e\u65c5\u884c\u8005\u306b\u306f\u304a\u52e7\u3081\u3067\u304d\u307e\u305b\u3093 <\/span><\/li>\n<p>n \t<\/p>\n<li style=\"font-weight: 400;\"><span style=\"font-weight: 400;\"> \u5fc3\u81d3\u306e\u554f\u984c\u3084\u305d\u306e\u4ed6\u306e\u91cd\u7be4\u306a\u75c5\u72b6\u304c\u306a\u3044\u3053\u3068 <\/span><\/li>\n<p>n \t<\/p>\n<li style=\"font-weight: 400;\"><span style=\"font-weight: 400;\">\u307b\u3068\u3093\u3069\u306e\u65c5\u884c\u8005\u304c\u53c2\u52a0\u53ef\u80fd<\/span><\/li>\n<p>n<\/ol>\n<p>n<\/p>\n<h4><b><i>\u53d6\u308a\u6d88\u3057\u898f\u7d04<\/i><\/b><\/h4>\n<p>\u5168\u984d\u8fd4\u91d1\u306b\u3064\u3044\u3066\u306f\u3001\u30ad\u30e3\u30f3\u30bb\u30eb\u30dd\u30ea\u30b7\u30fc\u3092\u304a\u8aad\u307f\u304f\u3060\u3055\u3044\u3002\u00a0<a href=\"https:\/\/www.boattoursamana.com\/ja\/%e3%82%aa%e3%83%b3%e3%83%a9%e3%82%a4%e3%83%b3%e4%ba%88%e7%b4%84\/\" target=\"_blank\" rel=\"noopener\" data-saferedirecturl=\"https:\/\/www.google.com\/url?q=https:\/\/www.boattoursamana.com\/online-booking\/&amp;source=gmail&amp;ust=1672449202351000&amp;usg=AOvVaw1yAeVAPktmaVCqDujgUn90\">\u3053\u3053\u3092\u30af\u30ea\u30c3\u30af<\/a>\u3002\u65c5\u884c\u5f53\u65e5\u306b\u4e88\u7d04\u304c\u30ad\u30e3\u30f3\u30bb\u30eb\u3055\u308c\u305f\u5834\u5408\u3001\u8cc7\u91d1\u306f\u5931\u308f\u308c\u307e\u3059\u3002<\/p>\n\n\t\t<\/div>\n\t<\/div>\n<div class=\"vc_btn3-container vc_btn3-inline\" ><button class=\"vc_general vc_btn3 vc_btn3-size-md vc_btn3-shape-rounded vc_btn3-style-modern vc_btn3-color-green\">\u4eca\u4e88\u7d04\u3059\u308b<\/button><\/div><\/div><\/div><\/div><\/div><div class=\"vc_row wpb_row vc_row-fluid\" ><div class=\"wpb_column vc_column_container vc_col-sm-12\"><div class=\"vc_column-inner\"><div class=\"wpb_wrapper\">\n\t<div class=\"wpb_video_widget wpb_content_element vc_clearfix   vc_video-aspect-ratio-169 vc_video-el-width-100 vc_video-align-left\" >\n\t\t<div class=\"wpb_wrapper\">\n\t\t\t<h2 class=\"wpb_heading wpb_video_heading\">\u30d7\u30a8\u30eb\u30c8 \u30d7\u30e9\u30bf\u767a\u3001\u30c0\u30de\u30b8\u30e3\u30b0\u30a2\u306e 27 \u306e\u6edd\u30c4\u30a2\u30fc\uff1a<\/h2>\n\t\t\t<div class=\"wpb_video_wrapper\"><iframe loading=\"lazy\" title=\"\u30c0\u30de\u30b8\u30e3\u30b0\u30a2\u306e 27 \u306e\u6edd by Booking Adventures &amp; Travel \u30c9\u30df\u30cb\u30ab\u5171\u548c\u56fd\" width=\"1100\" height=\"619\" src=\"https:\/\/www.youtube.com\/embed\/AVNh_we_RQE?start=17&feature=oembed\" frameborder=\"0\" allow=\"accelerometer; autoplay; clipboard-write; encrypted-media; gyroscope; picture-in-picture; web-share\" allowfullscreen><\/iframe><\/div>\n\t\t<\/div>\n\t<\/div>\n<\/div><\/div><\/div><\/div><div class=\"vc_row wpb_row vc_row-fluid\" ><\/div><div class=\"wpb_column vc_column_container vc_col-sm-12\"><div class=\"vc_column-inner\"><div class=\"wpb_wrapper\"><\/div><\/div><\/div><div class=\"vc_empty_space\"   style=\"height: 32px\"><span class=\"vc_empty_space_inner\"><\/span><\/div><div class=\"vc_empty_space\"   style=\"height: 32px\"><span class=\"vc_empty_space_inner\"><\/span><\/div><div class=\"vc_row wpb_row vc_row-fluid\" ><div class=\"wpb_column vc_column_container vc_col-sm-12\"><div class=\"vc_column-inner\"><div class=\"wpb_wrapper\"><div class=\"vc_btn3-container vc_btn3-inline\" ><button class=\"vc_general vc_btn3 vc_btn3-size-md vc_btn3-shape-rounded vc_btn3-style-modern vc_btn3-color-green\">\u4eca\u4e88\u7d04\u3059\u308b<\/button><\/div><\/div><\/div><\/div><\/div>","protected":false},"excerpt":{"rendered":"<p>Esta excursi\u00f3n desde Punta Cana a 27 cascadas de Damajagua en Puerto Plata, Almuerzo y Excursi\u00f3n por las 27 cascadas, caminata y salto al r\u00edo. n nViaje Ecol\u00f3gico a las 27 cascadas de Puerto Plata. Obtenga sus boletos para una excursi\u00f3n de d\u00eda completo desde el \u00e1rea de Punta Cana a la Cascada 27 desde Damajagua. Boletos de ingreso con almuerzo y excursi\u00f3n Incluyen saltos y nado en las cascadas m\u00e1s hermosas de Rep\u00fablica Dominicana. Caminata y nataci\u00f3n con equipo [&hellip;]<\/p>\n","protected":false},"author":2,"featured_media":0,"parent":0,"menu_order":0,"comment_status":"open","ping_status":"closed","template":"","meta":{"footnotes":""},"class_list":["post-15816","page","type-page","status-publish","hentry"],"_links":{"self":[{"href":"https:\/\/www.boattoursamana.com\/ja\/wp-json\/wp\/v2\/pages\/15816","targetHints":{"allow":["GET"]}}],"collection":[{"href":"https:\/\/www.boattoursamana.com\/ja\/wp-json\/wp\/v2\/pages"}],"about":[{"href":"https:\/\/www.boattoursamana.com\/ja\/wp-json\/wp\/v2\/types\/page"}],"author":[{"embeddable":true,"href":"https:\/\/www.boattoursamana.com\/ja\/wp-json\/wp\/v2\/users\/2"}],"replies":[{"embeddable":true,"href":"https:\/\/www.boattoursamana.com\/ja\/wp-json\/wp\/v2\/comments?post=15816"}],"version-history":[{"count":0,"href":"https:\/\/www.boattoursamana.com\/ja\/wp-json\/wp\/v2\/pages\/15816\/revisions"}],"wp:attachment":[{"href":"https:\/\/www.boattoursamana.com\/ja\/wp-json\/wp\/v2\/media?parent=15816"}],"curies":[{"name":"wp","href":"https:\/\/api.w.org\/{rel}","templated":true}]}}