{"id":15818,"date":"2023-07-15T07:44:18","date_gmt":"2023-07-15T07:44:18","guid":{"rendered":"https:\/\/www.ticketswhales.com\/las-terrenas-cayo-levantado-bacardi-island-day-trip-tour\/"},"modified":"2023-07-15T07:44:18","modified_gmt":"2023-07-15T07:44:18","slug":"las-terrenas-cayo-levantado-bacardi-island-day-trip-tour","status":"publish","type":"page","link":"https:\/\/www.boattoursamana.com\/ja\/%e3%83%a9%e3%82%b9%e3%83%bb%e3%83%86%e3%83%ac%e3%83%8a%e3%82%b9%e3%83%bb%e3%82%ab%e3%83%a8%e3%83%bb%e3%83%ac%e3%83%b4%e3%82%a1%e3%83%b3%e3%82%bf%e3%83%bc%e3%83%89%e3%83%bb%e3%83%90%e3%82%ab%e3%83%ab","title":{"rendered":"\u30e9\u30b9 \u30c6\u30ec\u30ca\u30b9 \u30ab\u30e8 \u30ec\u30f4\u30a1\u30f3\u30bf\u30c9 (\u30d0\u30ab\u30eb\u30c7\u30a3\u5cf6) \u65e5\u5e30\u308a\u30c4\u30a2\u30fc"},"content":{"rendered":"<p><span style=\"vertical-align: inherit;\"><span style=\"vertical-align: inherit;\"><span style=\"vertical-align: inherit;\"><span style=\"vertical-align: inherit;\">\u30d0\u30ab\u30eb\u30c7\u30a3\u5cf6\uff08\u30ab\u30e8\u30fb\u30ec\u30d0\u30f3\u30bf\u30c9\uff09\u3067\u306e\u65e5\u5e30\u308a\u65c5\u884c\uff01 <\/span><\/span><\/span><span style=\"vertical-align: inherit;\"><span style=\"vertical-align: inherit;\"><span style=\"vertical-align: inherit;\">Consiga sus entradas y almuerce en la playa\u3002 <\/span><\/span><\/span><span style=\"vertical-align: inherit;\"><span style=\"vertical-align: inherit;\"><span style=\"vertical-align: inherit;\">\u30d0\u30ab\u30eb\u30c7\u30a3\u5cf6\u306e\u30ab\u30bf\u30de\u30e9\u30f3\u5cf6\u306e\u8239\u5ba4\u3002 <\/span><\/span><\/span><span style=\"vertical-align: inherit;\"><span style=\"vertical-align: inherit;\"><span style=\"vertical-align: inherit;\">\u30e9\u30fb\u30d0\u30a4\u30a2\u30fb\u30c7\u30fb\u30b5\u30de\u30ca\u3092\u8a2a\u554f\u3057\u3001\u30db\u30a4\u30fb\u30a8\u30b9\u30bf\u30fb\u30aa\u30a8\u30eb\u30bf\u3092\u4e88\u7d04\u3057\u3066\u304f\u3060\u3055\u3044\u3002<\/span><\/span><\/span><\/span><br \/>\nn<br \/>\nn&nbsp;<br \/>\nn<br \/>\nn<em><strong><span style=\"vertical-align: inherit;\"><span style=\"vertical-align: inherit;\"><span style=\"vertical-align: inherit;\"><span style=\"vertical-align: inherit;\">\u30bb\u30ec\u30af\u30b7\u30aa\u30cd \u30e9 \u30d5\u30a7\u30c1\u30e3 \u30d1\u30e9 \u30a8\u30eb \u30c4\u30a2\u30fc\u00a0<\/span><\/span><\/span><\/span><\/strong><\/em><\/p>\n<p>&nbsp;<\/p>\n<div class=\"vc_row wpb_row vc_row-fluid\" ><div class=\"wpb_column vc_column_container vc_col-sm-12\"><div class=\"vc_column-inner\"><div class=\"wpb_wrapper\"><div class=\"mkdf-section-title-holder\" style=\"text-align: left\">\n\t<div class=\"mkdf-st-inner\">\n\t\t\t\t\t<h5 class=\"mkdf-st-subtitle\" >\n\t\t\t\t\u30e9\u30f3\u30c1\u3001\u4ea4\u901a\u624b\u6bb5\u3001\u30d3\u30fc\u30c1\u3067\u306e\u6c34\u6cf3\t\t\t<\/h5>\n\t\t\t\t\t\t\t<h3 class=\"mkdf-st-title\" >\n\t\t\t\t\u30e9\u30b9 \u30c6\u30ec\u30ca\u30b9 \u30ab\u30e8 \u30ec\u30f4\u30a1\u30f3\u30bf\u30c9 (\u30d0\u30ab\u30eb\u30c7\u30a3\u5cf6) \u65e5\u5e30\u308a\u30c4\u30a2\u30fc\t\t\t<\/h3>\n\t\t\t\t\t<\/div>\n<\/div><\/div><\/div><\/div><\/div><div class=\"vc_row wpb_row vc_row-fluid\" ><div class=\"wpb_column vc_column_container vc_col-sm-12\"><div class=\"vc_column-inner\"><div class=\"wpb_wrapper\"><div class=\"vc_empty_space\"   style=\"height: 32px\"><span class=\"vc_empty_space_inner\"><\/span><\/div><\/div><\/div><\/div><\/div><div class=\"vc_row wpb_row vc_row-fluid\" ><div class=\"wpb_column vc_column_container vc_col-sm-12\"><div class=\"vc_column-inner\"><div class=\"wpb_wrapper\"><div class=\"vc_btn3-container vc_btn3-inline\" ><button class=\"vc_general vc_btn3 vc_btn3-size-md vc_btn3-shape-rounded vc_btn3-style-modern vc_btn3-color-green\">\u4eca\u4e88\u7d04\u3059\u308b<\/button><\/div>\n\t<div class=\"wpb_text_column wpb_content_element\" >\n\t\t<div class=\"wpb_wrapper\">\n\t\t\t<p>\nn<\/p>\n<h4><b><i>\u6982\u8981 <\/i><\/b><\/h4>\n<p>nOur <em>\u65e5\u304c\u7d4c\u3064<\/em>\u00a0\u3092\u904e\u3054\u3057\u305f\u3044\u4eba\u306e\u305f\u3081\u306e\u3082\u306e\u3067\u3059\u00a0<em>\u65e5<\/em> Cayo levantado \u306b\u3042\u308a\u3001\u30e9\u30b9 \u30c6\u30ec\u30ca\u30b9 \u30db\u30c6\u30eb\u304b\u3089\u306e\u9001\u8fce\u3082\u542b\u307e\u308c\u3066\u3044\u307e\u3059\u3002\u30c9\u30df\u30cb\u30ab\u5171\u548c\u56fd\u3067\u6700\u3082\u7f8e\u3057\u3044\u30d3\u30fc\u30c1\u306e\u4e00\u3064\u3092\u8a2a\u308c\u308b\u305f\u3081\u3067\u3059\u3002\u6b69\u304d\u56de\u3063\u305f\u308a\u3001\u6cf3\u3044\u3060\u308a\u3001\u30ea\u30e9\u30c3\u30af\u30b9\u3057\u305f\u308a\u3001\u304f\u3064\u308d\u3044\u3060\u308a\u3001\u30d0\u30ec\u30fc\u30dc\u30fc\u30eb\u3092\u3057\u305f\u308a\u3001\u5199\u771f\u3092\u64ae\u3063\u305f\u308a\u3001\u30b7\u30e5\u30ce\u30fc\u30b1\u30eb\u3092\u3057\u305f\u308a\u3001\u30d3\u30fc\u30c1\u3092\u697d\u3057\u3093\u3060\u308a\u3001\u305f\u3060\u65e5\u9670\u306b\u6a2a\u305f\u308f\u3063\u3066\u3055\u308f\u3084\u304b\u306a\u98f2\u307f\u7269\uff08\u30d4\u30cb\u30e3\u30b3\u30e9\u30fc\u30c0\u3001\u30b3\u30b3\u30ed\u30b3\u3001\u30ad\u30e5\u30fc\u30d0\u30ea\u30d6\u30ec\u306a\u3069\uff09\u3092\u98f2\u3093\u3060\u308a\u3059\u308b\u3053\u3068\u306f\u81ea\u7531\u3067\u3059\u3002<br \/>\nn<\/p>\n<ul>\nn \t<\/p>\n<li style=\"font-weight: 400;\"><span style=\"font-weight: 400;\">\u30d3\u30fc\u30c1\u3067\u306e\u30d3\u30e5\u30c3\u30d5\u30a7\u5f0f\u30e9\u30f3\u30c1\u304c\u542b\u307e\u308c\u307e\u3059<\/span><\/li>\n<p>n \t<\/p>\n<li>\u5927\u4eba1\u540d\u306b\u3064\u304d\u30d4\u30cb\u30e3\u30b3\u30e9\u30fc\u30c01\u676f\uff08\u30a2\u30eb\u30b3\u30fc\u30eb\u3042\u308a\u307e\u305f\u306f\u30a2\u30eb\u30b3\u30fc\u30eb\u306a\u3057\uff09\u3002<\/li>\n<p>n \t<\/p>\n<li>\u30dc\u30fc\u30c8\u9001\u8fce<\/li>\n<p>n \t<\/p>\n<li style=\"font-weight: 400;\"><span style=\"font-weight: 400;\">\u8239\u9577\u306f\u6307\u793a\u3068\u76e3\u7763\u3092\u884c\u3044\u307e\u3059<\/span><\/li>\n<p>n<\/ul>\n<p>n&nbsp;<br \/>\nn<\/p>\n<h4><b>\u5305\u542b\u3068\u9664\u5916<\/b><\/h4>\n<p>n&nbsp;<br \/>\nn<br \/>\nn<b>\u5185\u5305\u7269<\/b><br \/>\nn<\/p>\n<ol>\nn \t<\/p>\n<li>\u5927\u4eba1\u540d\u306b\u3064\u304d\u30d4\u30cb\u30e3\u30b3\u30e9\u30fc\u30c01\u676f\uff08\u30a2\u30eb\u30b3\u30fc\u30eb\u3042\u308a\u307e\u305f\u306f\u30a2\u30eb\u30b3\u30fc\u30eb\u306a\u3057\uff09\u3002<\/li>\n<p>n \t<\/p>\n<li style=\"font-weight: 400;\"><span style=\"font-weight: 400;\">\u30d3\u30fc\u30c1\u3067\u306e\u30d3\u30e5\u30c3\u30d5\u30a7\u30e9\u30f3\u30c1<\/span><\/li>\n<p>n \t<\/p>\n<li style=\"font-weight: 400;\"><span style=\"font-weight: 400;\">\u3059\u3079\u3066\u306e\u7a0e\u91d1\u3001\u624b\u6570\u6599\u3001\u624b\u6570\u6599<\/span><\/li>\n<p>n \t<\/p>\n<li>\u4ea4\u901a\u6a5f\u95a2<\/li>\n<p>n \t<\/p>\n<li style=\"font-weight: 400;\"><span style=\"font-weight: 400;\">\u5730\u65b9\u7a0e<\/span><\/li>\n<p>n \t<\/p>\n<li style=\"font-weight: 400;\"><span style=\"font-weight: 400;\">\u98f2\u6599<\/span><\/li>\n<p>n<\/ol>\n<p>n<b> \u9664\u5916\u4e8b\u9805<\/b><br \/>\nn<\/p>\n<ol>\nn \t<\/p>\n<li style=\"font-weight: 400;\"><span style=\"font-weight: 400;\">\u30c1\u30c3\u30d7<\/span><\/li>\n<p>n \t<\/p>\n<li style=\"font-weight: 400;\"><span style=\"font-weight: 400;\">\u30a2\u30eb\u30b3\u30fc\u30eb\u98f2\u6599<\/span><\/li>\n<p>n \t<\/p>\n<li>\u30ed\u30fc\u30ab\u30eb\u30ac\u30a4\u30c9<\/li>\n<p>n<\/ol>\n<p>n&nbsp;<br \/>\nn<\/p>\n<h4><em><strong>\u51fa\u767a\u3068\u5e30\u56fd<\/strong><\/em><\/h4>\n<p>n<span style=\"font-weight: 400;\">\u65c5\u884c\u8005\u306f\u4e88\u7d04\u624b\u7d9a\u304d\u5f8c\u306b\u96c6\u5408\u5834\u6240\u3092\u53d6\u5f97\u3057\u307e\u3059\u3002\u30c4\u30a2\u30fc\u306f\u96c6\u5408\u5834\u6240\u3067\u958b\u59cb\u304a\u3088\u3073\u7d42\u4e86\u3057\u307e\u3059\u3002<\/span><br \/>\nn<br \/>\nn&nbsp;<br \/>\nn<\/p>\n<h4><b><i>\u4f55\u3092\u671f\u5f85\u3057\u307e\u3059\uff1f<\/i><\/b><\/h4>\n<p>n&nbsp;<br \/>\nn<br \/>\nn<em><strong>\u30c1\u30b1\u30c3\u30c8\u3092\u5165\u624b\u3057\u3066\u304f\u3060\u3055\u3044<\/strong><\/em> \u30b5\u30de\u30ca\u306e\u30d0\u30ab\u30eb\u30c7\u30a3\u5cf6 (\u30ab\u30e8 \u30ec\u30d0\u30f3\u30bf\u30c9) \u306e 1 \u65e5\u30d1\u30b9\u306b\u52a0\u3048\u3001\u30e9\u30b9 \u30c6\u30ec\u30ca\u30b9 \u30db\u30c6\u30eb\u307e\u305f\u306f Airbnb \u306e\u5834\u6240\u304b\u3089\u59cb\u307e\u308b\u7d20\u6674\u3089\u3057\u3044\u30e9\u30f3\u30c1\u3068\u30d3\u30fc\u30c1\u30bf\u30a4\u30e0\u304c\u542b\u307e\u308c\u307e\u3059\u3002<br \/>\nn<br \/>\nn<span style=\"font-weight: 400;\">\u300c\u30d6\u30c3\u30ad\u30f3\u30b0 \u30a2\u30c9\u30d9\u30f3\u30c1\u30e3\u30fc\u30ba\u300d\u304c\u4f01\u753b\u3059\u308b\u30c7\u30a4\u30d1\u30b9\u306f\u3001\u30c4\u30a2\u30fc \u30ac\u30a4\u30c9\u304c\u8a2d\u5b9a\u3057\u305f\u96c6\u5408\u5834\u6240\u304b\u3089\u59cb\u307e\u308a\u307e\u3059\u3002 <\/span>\u30d3\u30fc\u30c1\u3067\u30e9\u30f3\u30c1\u3092\u3057\u3066\u3001\u6cf3\u304e\u306a\u304c\u3089\u597d\u304d\u306a\u3060\u3051\u6ede\u5728\u3067\u304d\u307e\u3059\u3002\u30d3\u30fc\u30ac\u30f3\u306e\u65b9\u306b\u306f\u3001\u304a\u6599\u7406\u3082\u3054\u7528\u610f\u3055\u305b\u3066\u3044\u305f\u3060\u304d\u307e\u3059\u3002<br \/>\nn<br \/>\nn<strong>\u6642\u523b\u8868:<\/strong><br \/>\nn<br \/>\nn6:45 AM &#8211; 4:30 PM<br \/>\nn<br \/>\nn&nbsp;<br \/>\nn<\/p>\n<h4><em><strong>\u4f55\u3092\u6301\u3063\u3066\u3044\u304f\u3079\u304d\u3067\u3059\u304b\uff1f<\/strong><\/em><\/h4>\n<p>n<\/p>\n<ul>\nn \t<\/p>\n<li style=\"font-weight: 400;\"><span style=\"font-weight: 400;\">\u30ab\u30e1\u30e9<\/span><\/li>\n<p>n \t<\/p>\n<li style=\"font-weight: 400;\"><span style=\"font-weight: 400;\">\u306f\u3058\u304f\u82bd<\/span><\/li>\n<p>n \t<\/p>\n<li style=\"font-weight: 400;\"><span style=\"font-weight: 400;\">\u65e5\u713c\u3051\u6b62\u3081\u30af\u30ea\u30fc\u30e0<\/span><\/li>\n<p>n \t<\/p>\n<li style=\"font-weight: 400;\"><span style=\"font-weight: 400;\">\u5e3d\u5b50<\/span><\/li>\n<p>n \t<\/p>\n<li style=\"font-weight: 400;\"><span style=\"font-weight: 400;\">\u5feb\u9069\u306a\u30d1\u30f3\u30c4<\/span><\/li>\n<p>n \t<\/p>\n<li style=\"font-weight: 400;\"><span style=\"font-weight: 400;\">\u68ee\u6797\u7528\u30cf\u30a4\u30ad\u30f3\u30b0\u30b7\u30e5\u30fc\u30ba<\/span><\/li>\n<p>n \t<\/p>\n<li style=\"font-weight: 400;\"><span style=\"font-weight: 400;\">\u30b5\u30f3\u30c0\u30eb\u3067\u30d3\u30fc\u30c1\u3078<\/span><\/li>\n<p>n \t<\/p>\n<li style=\"font-weight: 400;\"><span style=\"font-weight: 400;\">\u6c34\u7740<\/span><\/li>\n<p>n \t<\/p>\n<li>\u304a\u571f\u7523\u7528\u306e\u73fe\u91d1<\/li>\n<p>n<\/ul>\n<p>n&nbsp;<br \/>\nn<\/p>\n<h4><b><i>\u30db\u30c6\u30eb\u3078\u306e\u9001\u8fce <\/i><\/b><\/h4>\n<p>n<span style=\"font-weight: 400;\">\u3053\u306e\u30c4\u30a2\u30fc\u3067\u306f\u30db\u30c6\u30eb\u307e\u305f\u306f Airbnb \u3067\u306e\u304a\u8fce\u3048\u304c\u63d0\u4f9b\u3055\u308c\u307e\u3059\u3002 <\/span><br \/>\nn<br \/>\nn&nbsp;<br \/>\nn<br \/>\nn<b>\u6ce8\u8a18\uff1a<\/b><span style=\"font-weight: 400;\"> \u30c4\u30a2\u30fc\/\u30a8\u30af\u30b9\u30ab\u30fc\u30b7\u30e7\u30f3\u51fa\u767a\u6642\u523b\u306e 24 \u6642\u9593\u4ee5\u5185\u306b\u3054\u4e88\u7d04\u306e\u5834\u5408\u306f\u3001\u8ffd\u52a0\u6599\u91d1\u3067\u30db\u30c6\u30eb\u3078\u306e\u304a\u8fce\u3048\u3092\u624b\u914d\u3067\u304d\u307e\u3059\u3002\u3054\u8cfc\u5165\u304c\u5b8c\u4e86\u3059\u308b\u3068\u3001\u304a\u8fce\u3048\u306e\u624b\u914d\u3092\u884c\u3046\u305f\u3081\u306e\u73fe\u5730\u30c4\u30a2\u30fc\u30ac\u30a4\u30c9\u306e\u5b8c\u5168\u306a\u9023\u7d61\u5148\u60c5\u5831 (\u96fb\u8a71\u756a\u53f7\u3001\u96fb\u5b50\u30e1\u30fc\u30eb \u30a2\u30c9\u30ec\u30b9\u306a\u3069) \u3092\u304a\u9001\u308a\u3057\u307e\u3059\u3002<\/span><br \/>\nn<\/p>\n<h4><b><i>\u8ffd\u52a0\u60c5\u5831\u306e\u78ba\u8a8d <\/i><\/b><\/h4>\n<p>n<\/p>\n<ol>\nn \t<\/p>\n<li>\u30c1\u30b1\u30c3\u30c8\u306f\u30c4\u30a2\u30fc\u4ee3\u91d1\u304a\u652f\u6255\u3044\u5f8c\u306e\u9818\u53ce\u66f8\u3068\u306a\u308a\u307e\u3059\u3002\u643a\u5e2f\u96fb\u8a71\u3067\u652f\u6255\u3044\u3092\u8868\u793a\u3067\u304d\u307e\u3059\u3002<\/li>\n<p>n \t<\/p>\n<li style=\"font-weight: 400;\"><span style=\"font-weight: 400;\">\u4e88\u7d04\u624b\u7d9a\u304d\u5f8c\u306b\u30df\u30fc\u30c6\u30a3\u30f3\u30b0\u30dd\u30a4\u30f3\u30c8\u3092\u53d7\u3051\u53d6\u308a\u307e\u3059\u3002<\/span><\/li>\n<p>n \t<\/p>\n<li style=\"font-weight: 400;\"><span style=\"font-weight: 400;\">\u304a\u5b50\u69d8\u306b\u306f\u5927\u4eba\u306e\u540c\u4f34\u304c\u5fc5\u8981\u3067\u3059\u3002<\/span><\/li>\n<p>n \t<\/p>\n<li style=\"font-weight: 400;\"><span style=\"font-weight: 400;\">\u8eca\u6905\u5b50\u5bfe\u5fdc <\/span><\/li>\n<p>n \t<\/p>\n<li style=\"font-weight: 400;\"><span style=\"font-weight: 400;\">\u5e7c\u5150\u306f\u819d\u306e\u4e0a\u306b\u5ea7\u3089\u306a\u3051\u308c\u3070\u306a\u308a\u307e\u305b\u3093 <\/span><\/li>\n<p>n \t<\/p>\n<li style=\"font-weight: 400;\"><span style=\"font-weight: 400;\">\u307b\u3068\u3093\u3069\u306e\u65c5\u884c\u8005\u304c\u53c2\u52a0\u53ef\u80fd<\/span><\/li>\n<p>n<\/ol>\n<p>n<\/p>\n<h4><b><i>\u53d6\u308a\u6d88\u3057\u898f\u7d04<\/i><\/b><\/h4>\n<p>\u5168\u984d\u8fd4\u91d1\u306b\u3064\u3044\u3066\u306f\u3001\u30ad\u30e3\u30f3\u30bb\u30eb\u30dd\u30ea\u30b7\u30fc\u3092\u304a\u8aad\u307f\u304f\u3060\u3055\u3044\u3002\u00a0<a href=\"https:\/\/www.boattoursamana.com\/ja\/%e3%82%aa%e3%83%b3%e3%83%a9%e3%82%a4%e3%83%b3%e4%ba%88%e7%b4%84\/\" target=\"_blank\" rel=\"noopener\" data-saferedirecturl=\"https:\/\/www.google.com\/url?q=https:\/\/www.boattoursamana.com\/online-booking\/&amp;source=gmail&amp;ust=1672449202351000&amp;usg=AOvVaw1yAeVAPktmaVCqDujgUn90\">\u3053\u3053\u3092\u30af\u30ea\u30c3\u30af<\/a>\u3002\u65c5\u884c\u5f53\u65e5\u306b\u4e88\u7d04\u304c\u30ad\u30e3\u30f3\u30bb\u30eb\u3055\u308c\u305f\u5834\u5408\u3001\u8cc7\u91d1\u306f\u5931\u308f\u308c\u307e\u3059\u3002<\/p>\n\n\t\t<\/div>\n\t<\/div>\n<\/div><\/div><\/div><\/div><div class=\"vc_row wpb_row vc_row-fluid\" ><\/div><div class=\"wpb_column vc_column_container vc_col-sm-12\"><div class=\"vc_column-inner\"><div class=\"wpb_wrapper\"><\/div><\/div><\/div><div class=\"vc_empty_space\"   style=\"height: 32px\"><span class=\"vc_empty_space_inner\"><\/span><\/div>\n\t<div class=\"wpb_text_column wpb_content_element\" >\n\t\t<div class=\"wpb_wrapper\">\n\t\t\t<p>\nn<br \/>\nn\u79c1\u306f\u30c6\u30ad\u30b9\u30c8\u30d6\u30ed\u30c3\u30af\u3067\u3059\u3002\u3053\u306e\u30c6\u30ad\u30b9\u30c8\u3092\u5909\u66f4\u3059\u308b\u306b\u306f\u3001\u7de8\u96c6\u30dc\u30bf\u30f3\u3092\u30af\u30ea\u30c3\u30af\u3057\u307e\u3059\u3002 Lorem ipsum dolor sit amet, consectetur adipiscing elit. Ut elit Tellus\u3001luctus nec ullamcorper mattis\u3001pulvinar dapibus leo\u3002<br \/>\nn<br \/>\nn<\/p>\n\n\t\t<\/div>\n\t<\/div>\n<div class=\"vc_empty_space\"   style=\"height: 32px\"><span class=\"vc_empty_space_inner\"><\/span><\/div><div class=\"vc_row wpb_row vc_row-fluid\" ><\/div><div class=\"wpb_column vc_column_container vc_col-sm-12\"><div class=\"vc_column-inner\"><div class=\"wpb_wrapper\"><\/div><\/div><\/div><div class=\"vc_row wpb_row vc_row-fluid\" ><div class=\"wpb_column vc_column_container vc_col-sm-12\"><div class=\"vc_column-inner\"><div class=\"wpb_wrapper\"><div class=\"vc_btn3-container vc_btn3-inline\" ><button class=\"vc_general vc_btn3 vc_btn3-size-md vc_btn3-shape-rounded vc_btn3-style-modern vc_btn3-color-green\">\u4eca\u4e88\u7d04\u3059\u308b<\/button><\/div><\/div><\/div><\/div><\/div>","protected":false},"excerpt":{"rendered":"<p>\u00a1Excursi\u00f3n de un d\u00eda a la playa de la isla Bacard\u00ed (Cayo Levantado)! Consiga sus entradas y almuerce en la playa. Traslado en barco o catamar\u00e1n todos los d\u00edas a la isla de Bacardi. Visite la bah\u00eda de Saman\u00e1 y reserve hoy esta oferta. n n&nbsp; n nSeleccione la fecha para el tour\u00a0 &nbsp;<\/p>","protected":false},"author":2,"featured_media":0,"parent":0,"menu_order":0,"comment_status":"open","ping_status":"closed","template":"","meta":{"footnotes":""},"class_list":["post-15818","page","type-page","status-publish","hentry"],"_links":{"self":[{"href":"https:\/\/www.boattoursamana.com\/ja\/wp-json\/wp\/v2\/pages\/15818","targetHints":{"allow":["GET"]}}],"collection":[{"href":"https:\/\/www.boattoursamana.com\/ja\/wp-json\/wp\/v2\/pages"}],"about":[{"href":"https:\/\/www.boattoursamana.com\/ja\/wp-json\/wp\/v2\/types\/page"}],"author":[{"embeddable":true,"href":"https:\/\/www.boattoursamana.com\/ja\/wp-json\/wp\/v2\/users\/2"}],"replies":[{"embeddable":true,"href":"https:\/\/www.boattoursamana.com\/ja\/wp-json\/wp\/v2\/comments?post=15818"}],"version-history":[{"count":0,"href":"https:\/\/www.boattoursamana.com\/ja\/wp-json\/wp\/v2\/pages\/15818\/revisions"}],"wp:attachment":[{"href":"https:\/\/www.boattoursamana.com\/ja\/wp-json\/wp\/v2\/media?parent=15818"}],"curies":[{"name":"wp","href":"https:\/\/api.w.org\/{rel}","templated":true}]}}