{"id":15864,"date":"2023-07-15T07:45:08","date_gmt":"2023-07-15T07:45:08","guid":{"rendered":"https:\/\/www.ticketswhales.com\/las-terrenas-los-haitises-bacardi-island-cayo-levantado\/"},"modified":"2023-07-15T07:45:08","modified_gmt":"2023-07-15T07:45:08","slug":"las-terrenas-los-haitises-bacardi-island-cayo-levantado","status":"publish","type":"page","link":"https:\/\/www.boattoursamana.com\/ja\/las-terrenas-los-haitises-bacardi-island-cayo-levantado","title":{"rendered":"\u30e9\u30b9 \u30c6\u30ec\u30ca\u30b9: \u30ed\u30b9 \u30a2\u30a4\u30c6\u30a3\u30bb\u30b9 &amp; \u30d0\u30ab\u30eb\u30c7\u30a3\u5cf6 (\u30ab\u30e8 \u30ec\u30d0\u30f3\u30bf\u30c9)"},"content":{"rendered":"<p id=\"tw-target-text\" class=\"tw-data-text tw-text-large tw-ta\" dir=\"ltr\" data-placeholder=\"Translation\"><span class=\"Y2IQFc\" lang=\"en\">Excursion to Los Haitises and Cayo Levantado from Las Terrenas, Ecological Trip to Los Haitises National Park with a Local Tourist Guide. Visiting the Keys in Los Haitises National Park, Mangroves, Vegetation, Bird Watching, Caves, Pictograms and the historical areas of Sabana de la Mar in Los Haitises National Park. After Los Haitises we had lunch on the beach at Bacardi Island. Book now Tour to Los Haitises National Park from Puerto Saman\u00e1 + Bacard\u00ed Island (Cayo Levantado) with us. <\/span><\/p>\n<p>n<\/p>\n<p class=\"tw-data-text tw-text-large tw-ta\" dir=\"ltr\" data-placeholder=\"Translation\"><strong><span class=\"Y2IQFc\" lang=\"en\">\u30c4\u30a2\u30fc\u306e\u65e5\u4ed8\u3092\u9078\u629e\u3057\u3066\u304f\u3060\u3055\u3044:<\/span><\/strong><\/p>\n<p>&nbsp;<\/p>\n<div class=\"vc_row wpb_row vc_row-fluid\" ><div class=\"wpb_column vc_column_container vc_col-sm-12\"><div class=\"vc_column-inner\"><div class=\"wpb_wrapper\"><div class=\"mkdf-section-title-holder\" style=\"text-align: left\">\n\t<div class=\"mkdf-st-inner\">\n\t\t\t\t\t<h5 class=\"mkdf-st-subtitle\" >\n\t\t\t\t\u5730\u5143\u306e\u4eba\u3005\u3068\u884c\u304f\u30a8\u30b3\u30c4\u30a2\u30fc\t\t\t<\/h5>\n\t\t\t\t\t\t\t<h3 class=\"mkdf-st-title\" >\n\t\t\t\tLos Haitises &amp; Bacardi Island (Cayo Levantado) From Las Terrenas\t\t\t<\/h3>\n\t\t\t\t\t\t\t<p class=\"mkdf-st-text\" >\n\t\t\t\tIf you are in Las Terrenas. This is the best Day Trip with Lunch at Cayo Levantado. Pick up at Hotels in Las Terrenas around 8:00 Am and Finish back 5: 20 PM.\t\t\t<\/p>\n\t\t\t<\/div>\n<\/div><\/div><\/div><\/div><\/div><div class=\"vc_row wpb_row vc_row-fluid\" ><div class=\"wpb_column vc_column_container vc_col-sm-12\"><div class=\"vc_column-inner\"><div class=\"wpb_wrapper\">\n\t<div class=\"wpb_text_column wpb_content_element\" >\n\t\t<div class=\"wpb_wrapper\">\n\t\t\t<p>\nn<\/p>\n<h4><\/h4>\n<p>n<\/p>\n<h2>Los Haitises &amp; Bacardi Island (Cayo Levantado) From Las Terrenas<\/h2>\n<p>n<\/p>\n<h4><b><i>\u6982\u8981 <\/i><\/b><\/h4>\n<p>nLos Haitises National park starting from Saman\u00e1 Port plus Lunch at Bacardi Island.\u00a0 Come with us and visit the most beautiful national park of the Dominican Republic, Visiting Mangroves, Caves and San Lorenzo Bay plus crossing the gorgeous Saman\u00e1 bay. Then Back to Saman\u00e1 area to Visit Bacardi island, have lunch at the beach and Swimming in one of the most pretty beaches in Saman\u00e1 Bay.<br \/>\nn<br \/>\n\u3053\u306e\u4f53\u9a13\u306e\u5f8c\u3001\u30b5\u30de\u30ca\u6e2f\u306b\u623b\u308a\u307e\u3059\u3002<br \/>\nn<\/p>\n<ul>\nn \t<\/p>\n<li style=\"font-weight: 400;\">\u624b\u6570\u6599\u8fbc\u307f<\/li>\n<p>n \t<\/p>\n<li>\u30d0\u30ab\u30eb\u30c7\u30a3\u5cf6\u3067\u306e\u30e9\u30f3\u30c1\u304c\u542b\u307e\u308c\u307e\u3059<\/li>\n<p>n \t<\/p>\n<li style=\"font-weight: 400;\"><span style=\"font-weight: 400;\">\u30ac\u30a4\u30c9\u306f\u6307\u793a\u3068\u76e3\u7763\u3092\u63d0\u4f9b\u3057\u307e\u3059<\/span><\/li>\n<p>n<\/ul>\n<p>n&nbsp;<br \/>\nn<\/p>\n<h4><b>\u5305\u542b\u3068\u9664\u5916<\/b><\/h4>\n<p>n<b>\u5185\u5305\u7269<\/b><br \/>\nn<\/p>\n<ol>\nn \t<\/p>\n<li style=\"font-weight: 400;\">\u30ed\u30b9 \u30a2\u30a4\u30c6\u30a3\u30bb\u30b9 \u30c4\u30a2\u30fc + \u6d1e\u7a9f\u3068\u7d75\u6587\u5b57<\/li>\n<p>n \t<\/p>\n<li>\u540c\u69d8\u306e\u30c4\u30a2\u30fc\u3092\u3054\u5e0c\u671b\u306e\u5834\u5408\u306f\u3001\u30ab\u30e8 \u30ec\u30d0\u30f3\u30bf\u30c9 (\u30d0\u30ab\u30eb\u30c7\u30a3\u5cf6) \u3067\u30e9\u30f3\u30c1: \u30ed\u30b9 \u30cf\u30a4\u30c6\u30a3\u30bb\u30b9 + \u30ab\u30cb\u30e7 \u30db\u30f3\u30c9<\/li>\n<p>n \t<\/p>\n<li style=\"font-weight: 400;\"><span style=\"font-weight: 400;\">\u3059\u3079\u3066\u306e\u7a0e\u91d1\u3001\u624b\u6570\u6599\u3001\u624b\u6570\u6599<\/span><\/li>\n<p>n \t<\/p>\n<li style=\"font-weight: 400;\"><span style=\"font-weight: 400;\">\u5730\u65b9\u7a0e<\/span><\/li>\n<p>n \t<\/p>\n<li style=\"font-weight: 400;\"><span style=\"font-weight: 400;\">\u98f2\u6599<\/span><\/li>\n<p>n \t<\/p>\n<li style=\"font-weight: 400;\"><span style=\"font-weight: 400;\">\u3059\u3079\u3066\u306e\u30a2\u30af\u30c6\u30a3\u30d3\u30c6\u30a3<\/span><\/li>\n<p>n \t<\/p>\n<li>\u4ea4\u901a\u6a5f\u95a2<\/li>\n<p>n \t<\/p>\n<li style=\"font-weight: 400;\"><span style=\"font-weight: 400;\">\u5730\u5143\u30ac\u30a4\u30c9<\/span><\/li>\n<p>n<\/ol>\n<p>n<b> \u9664\u5916\u4e8b\u9805<\/b><br \/>\nn<\/p>\n<ol>\nn \t<\/p>\n<li style=\"font-weight: 400;\"><span style=\"font-weight: 400;\">\u30c1\u30c3\u30d7<\/span><\/li>\n<p>n \t<\/p>\n<li style=\"font-weight: 400;\"><span style=\"font-weight: 400;\">\u30a2\u30eb\u30b3\u30fc\u30eb\u98f2\u6599<\/span><\/li>\n<p>n<\/ol>\n<p>n&nbsp;<br \/>\nn<\/p>\n<h4><em><strong>\u51fa\u767a\u3068\u5e30\u56fd<\/strong><\/em><\/h4>\n<p>n<span style=\"font-weight: 400;\">\u65c5\u884c\u8005\u306f\u4e88\u7d04\u624b\u7d9a\u304d\u5f8c\u306b\u96c6\u5408\u5834\u6240\u3092\u53d6\u5f97\u3057\u307e\u3059\u3002\u30c4\u30a2\u30fc\u306f\u96c6\u5408\u5834\u6240\u3067\u958b\u59cb\u304a\u3088\u3073\u7d42\u4e86\u3057\u307e\u3059\u3002<\/span><br \/>\nn<br \/>\nn&nbsp;<br \/>\nn<\/p>\n<h2>Los Haitises &amp; Bacardi Island (Cayo Levantado) From Las Terrenas<\/h2>\n<p>n<\/p>\n<h4><b><i>\u4f55\u3092\u671f\u5f85\u3057\u307e\u3059\uff1f<\/i><\/b><\/h4>\n<p>n<b><i>V<\/i><\/b>\u7acb\u3063\u3066\u3044\u307e\u3059<strong> \u30ed\u30b9 \u30a2\u30a4\u30c6\u30a3\u30bb\u30b9\u56fd\u7acb\u516c\u5712<\/strong> \u3067\u306e\u7d20\u6674\u3089\u3057\u3044\u30e9\u30f3\u30c1\u3068\u3068\u3082\u306b<strong> \u30ab\u30e8 \u30ec\u30d0\u30f3\u30bf\u30c9\u5cf6<\/strong> and Swimming at the beach. Starting From Las Terrenas to\u00a0 <strong>Saman\u00e1 port and<\/strong> \u5730\u5143\u306e\u30c4\u30a2\u30fc\u30ac\u30a4\u30c9\u3068\u4e00\u7dd2\u306b\u30dc\u30fc\u30c8\u307e\u305f\u306f\u30ab\u30bf\u30de\u30e9\u30f3\u306b\u4e57\u3063\u3066\u3001\u30b5\u30de\u30ca\u6e7e\u3092\u901a\u308a\u30b5\u30d0\u30ca \u30c7 \u30e9 \u30de\u30eb\u5074\u3078\u5411\u304b\u3044\u3001\u30c9\u30df\u30cb\u30ab\u5171\u548c\u56fd\u3067\u6700\u3082\u7f8e\u3057\u3044\u56fd\u7acb\u516c\u5712\u306e 1 \u3064\u3092\u8a2a\u308c\u307e\u3059\u3002 <em><strong>\u30cf\u30a4\u30c6\u30a3\u30bb\u30b9\u56fd\u7acb\u516c\u5712<\/strong><\/em>.<br \/>\nn<br \/>\n\u300cBooking Adventures\u300d\u304c\u4f01\u753b\u3059\u308b\u30c4\u30a2\u30fc\u306f\u3001\u30c4\u30a2\u30fc\u30ac\u30a4\u30c9\u304c\u8a2d\u5b9a\u3057\u305f\u96c6\u5408\u5834\u6240\u304b\u3089\u59cb\u307e\u308a\u307e\u3059\u3002\u30d6\u30c3\u30ad\u30f3\u30b0 \u30a2\u30c9\u30d9\u30f3\u30c1\u30e3\u30fc\u306b\u53c2\u52a0\u3057\u3066\u3001\u9ce5\u304c\u305f\u304f\u3055\u3093\u751f\u606f\u3059\u308b\u30de\u30f3\u30b0\u30ed\u30fc\u30d6\u3001\u7dd1\u8c4a\u304b\u306a\u690d\u7269\u304c\u751f\u3044\u8302\u308b\u8d77\u4f0f\u306e\u3042\u308b\u4e18\u3001\u6d1e\u7a9f\u306a\u3069\u3092\u30c1\u30a7\u30c3\u30af\u3057\u3066\u307f\u307e\u3057\u3087\u3046\u3002 <em><strong>\u30ed\u30b9 \u30a2\u30a4\u30c6\u30a3\u30bb\u30b9\u56fd\u7acb\u516c\u5712<\/strong><\/em>\u3002\u9ce5\u305f\u3061\u3068\u4e00\u7dd2\u306b\u5cf6\u3092\u8a2a\u308c\u307e\u3059\u3002\u55b6\u5de3\u671f\u306b\u306f\u3001\u30da\u30ec\u30ab\u30ce\u30b9\u306e\u96db\u304c\u5de3\u306b\u3044\u308b\u59ff\u3082\u898b\u308b\u3053\u3068\u304c\u3067\u304d\u307e\u3059\u3002\u30ed\u30c3\u30ad\u30fc\u8af8\u5cf6\u306e\u5185\u90e8\u306b\u3055\u3089\u306b\u5165\u308a\u8fbc\u307f\u3001\u5148\u4f4f\u6c11\u306e\u7d75\u6587\u5b57\u3084\u5ca9\u77f3\u5199\u771f\u306e\u3042\u308b\u6d1e\u7a9f\u3092\u8a2a\u308c\u307e\u3059\u3002<br \/>\nn<br \/>\n\u30de\u30f3\u30b0\u30ed\u30fc\u30d6\u6797\u3092\u629c\u3051\u3066\u958b\u3051\u305f\u30b5\u30f3 \u30ed\u30ec\u30f3\u30c4\u30a9\u6e7e\u306b\u4e0a\u9678\u3059\u308b\u3068\u3001\u967a\u3057\u3044\u68ee\u6797\u306e\u98a8\u666f\u3092\u5199\u771f\u306b\u64ae\u308b\u3053\u3068\u304c\u3067\u304d\u307e\u3059\u3002\u6c34\u306b\u6ce8\u76ee\u3057\u3066\u898b\u3064\u3051\u3066\u304f\u3060\u3055\u3044 <em><strong>\u30de\u30ca\u30c6\u30a3\u30fc<\/strong><\/em>\u3001\u7532\u6bbb\u985e\u3001\u305d\u3057\u3066 <em><strong>\u30a4\u30eb\u30ab\u3002<\/strong><\/em><br \/>\nn<\/p>\n<h2><strong>\u30ed\u30b9 \u30a2\u30a4\u30c6\u30a3\u30bb\u30b9\u56fd\u7acb\u516c\u5712\u306e\u6d1e\u7a9f<\/strong><\/h2>\n<p>n<\/p>\n<div class=\"body-description secondary\">\nn<br \/>\n\u56fd\u7acb\u516c\u5712\u306e\u540d\u524d\u306f\u3001\u5143\u3005\u306e\u4f4f\u6c11\u3067\u3042\u308b\u30bf\u30a4\u30ce \u30a4\u30f3\u30c7\u30a3\u30a2\u30f3\u306b\u7531\u6765\u3057\u3066\u3044\u307e\u3059\u3002\u5f7c\u3089\u306e\u8a00\u8a9e\u3067\u300c\u30cf\u30a4\u30c1\u30b9\u300d\u306f\u9ad8\u5730\u307e\u305f\u306f\u4e18\u3092\u610f\u5473\u3057\u3001\u77f3\u7070\u5ca9\u3092\u542b\u3080\u6d77\u5cb8\u7dda\u306e\u6025\u5cfb\u306a\u5730\u5c64\u3092\u6307\u3057\u307e\u3059\u3002\u516c\u5712\u306e\u5965\u6df1\u304f\u307e\u3067\u5192\u967a\u3057\u3066\u3001\u6b21\u306e\u3088\u3046\u306a\u6d1e\u7a9f\u3092\u63a2\u7d22\u3057\u307e\u3057\u3087\u3046\u3002 <em><strong>\u30af\u30a8\u30d0 \u30c7 \u30e9 \u30a2\u30ec\u30ca<\/strong><\/em> \u305d\u3057\u3066 <strong><em>\u30af\u30a8\u30d0\u30fb\u30c7\u30fb\u30e9\u30fb\u30ea\u30cd\u30a2\u3002<\/em><\/strong><br \/>\nn<br \/>\n\u4fdd\u8b77\u533a\u5185\u306e\u6d1e\u7a9f\u306f\u3001\u30bf\u30a4\u30ce \u30a4\u30f3\u30c7\u30a3\u30a2\u30f3\u306b\u3088\u3063\u3066\u907f\u96e3\u6240\u3068\u3057\u3066\u4f7f\u7528\u3055\u308c\u3001\u305d\u306e\u5f8c\u306f\u6d77\u8cca\u306e\u96a0\u308c\u5834\u6240\u3068\u3057\u3066\u4f7f\u7528\u3055\u308c\u307e\u3057\u305f\u3002\u58c1\u306e\u4e00\u90e8\u3092\u98fe\u3063\u3066\u3044\u308b\u30a4\u30f3\u30c9\u4eba\u306b\u3088\u308b\u7d75\u3092\u63a2\u3057\u3066\u304f\u3060\u3055\u3044\u3002\u30ed\u30b9\u30fb\u30a2\u30a4\u30c6\u30a3\u30bb\u30b9\u56fd\u7acb\u516c\u5712\u3092\u8a2a\u308c\u305f\u5f8c\u3001\u30b5\u30de\u30ca\u6e7e\u309230\u5206\u901a\u904e\u3057\u3066\u30b5\u30de\u30ca\u6e2f\u306b\u623b\u308a\u3001\u30d0\u30ab\u30eb\u30c7\u30a3\u5cf6\u3092\u8a2a\u308c\u307e\u3059\u3002\u5cf6\u3067\u306e\u5178\u578b\u7684\u306a\u663c\u98df\u3092\u3068\u308a\u307e\u3059\u3002\u30d3\u30fc\u30ac\u30f3\u306e\u65b9\u3067\u3082\u3054\u5fc3\u914d\u306a\u304f\u3001\u304a\u98df\u4e8b\u3082\u3054\u7528\u610f\u3057\u3066\u304a\u308a\u307e\u3059\uff01<br \/>\nn<br \/>\nnAfter swimming full afternoon and chilling on the beach our tour guide will set time to go back to Saman\u00e1 port.<br \/>\nn<br \/>\nn<\/div>\n<p>n\u3053\u306e\u65c5\u884c\u3092\u3082\u3063\u3068\u9577\u304f\u3057\u305f\u3044\u3001\u307e\u305f\u306f\u3082\u3063\u3068\u77ed\u304f\u3057\u305f\u3044\u5834\u5408\u306b\u306f\u3001\u6b21\u306e\u30aa\u30d7\u30b7\u30e7\u30f3\u304c\u3042\u308a\u307e\u3059\u3002<br \/>\nn<\/p>\n<ol>\nn \t<\/p>\n<li>\u30b5\u30de\u30ca\u6e2f\u304b\u3089\u30ed\u30b9\u30fb\u30cf\u30a4\u30c6\u30a3\u30bb\u30b9\u307e\u3067\u3002<\/li>\n<p>n \t<\/p>\n<li>\u30b5\u30de\u30ca\u6e2f\u304b\u3089\u306e\u30ed\u30b9\u30fb\u30cf\u30a4\u30c6\u30a3\u30bb\u30b9 + \u30ab\u30cb\u30e7\u30fb\u30db\u30f3\u30c9\u3002<\/li>\n<p>n<\/ol>\n<p>n&nbsp;<br \/>\nn<\/p>\n<h4><em><strong>\u4f55\u3092\u6301\u3063\u3066\u3044\u304f\u3079\u304d\u3067\u3059\u304b\uff1f<\/strong><\/em><\/h4>\n<p>n<\/p>\n<ul>\nn \t<\/p>\n<li style=\"font-weight: 400;\"><span style=\"font-weight: 400;\">\u30ab\u30e1\u30e9<\/span><\/li>\n<p>n \t<\/p>\n<li style=\"font-weight: 400;\"><span style=\"font-weight: 400;\">\u306f\u3058\u304f\u82bd<\/span><\/li>\n<p>n \t<\/p>\n<li style=\"font-weight: 400;\"><span style=\"font-weight: 400;\">\u65e5\u713c\u3051\u6b62\u3081\u30af\u30ea\u30fc\u30e0<\/span><\/li>\n<p>n \t<\/p>\n<li style=\"font-weight: 400;\"><span style=\"font-weight: 400;\">\u5e3d\u5b50<\/span><\/li>\n<p>n \t<\/p>\n<li style=\"font-weight: 400;\"><span style=\"font-weight: 400;\">\u5feb\u9069\u306a\u30d1\u30f3\u30c4<\/span><\/li>\n<p>n \t<\/p>\n<li style=\"font-weight: 400;\"><span style=\"font-weight: 400;\">\u68ee\u6797\u7528\u30cf\u30a4\u30ad\u30f3\u30b0\u30b7\u30e5\u30fc\u30ba<\/span><\/li>\n<p>n \t<\/p>\n<li style=\"font-weight: 400;\"><span style=\"font-weight: 400;\">\u6625\u306e\u30a8\u30ea\u30a2\u3078\u30b5\u30f3\u30c0\u30eb\u3067\u3002<\/span><\/li>\n<p>n \t<\/p>\n<li style=\"font-weight: 400;\"><span style=\"font-weight: 400;\">\u6c34\u7740<\/span><\/li>\n<p>n<\/ul>\n<p>n&nbsp;<br \/>\nn<\/p>\n<h4><b><i>\u30db\u30c6\u30eb\u3078\u306e\u9001\u8fce <\/i><\/b><\/h4>\n<p>n<span style=\"font-weight: 400;\">Hotel pick-up is\u00a0 offered from Las Terrenas. <\/span><br \/>\nn<br \/>\nn&nbsp;<br \/>\nn<br \/>\nn<b>\u6ce8\u8a18\uff1a<\/b><span style=\"font-weight: 400;\"> \u30c4\u30a2\u30fc\/\u30a8\u30af\u30b9\u30ab\u30fc\u30b7\u30e7\u30f3\u51fa\u767a\u6642\u523b\u306e 24 \u6642\u9593\u4ee5\u5185\u306b\u3054\u4e88\u7d04\u306e\u5834\u5408\u306f\u3001\u8ffd\u52a0\u6599\u91d1\u3067\u30db\u30c6\u30eb\u3078\u306e\u304a\u8fce\u3048\u3092\u624b\u914d\u3067\u304d\u307e\u3059\u3002\u3054\u8cfc\u5165\u304c\u5b8c\u4e86\u3059\u308b\u3068\u3001\u304a\u8fce\u3048\u306e\u624b\u914d\u3092\u884c\u3046\u305f\u3081\u306e\u73fe\u5730\u30c4\u30a2\u30fc\u30ac\u30a4\u30c9\u306e\u5b8c\u5168\u306a\u9023\u7d61\u5148\u60c5\u5831 (\u96fb\u8a71\u756a\u53f7\u3001\u96fb\u5b50\u30e1\u30fc\u30eb \u30a2\u30c9\u30ec\u30b9\u306a\u3069) \u3092\u304a\u9001\u308a\u3057\u307e\u3059\u3002<\/span><br \/>\nn<\/p>\n<h4><b><i>\u8ffd\u52a0\u60c5\u5831\u306e\u78ba\u8a8d <\/i><\/b><\/h4>\n<p>n<\/p>\n<ol>\nn \t<\/p>\n<li>\u30c1\u30b1\u30c3\u30c8\u306f\u30c4\u30a2\u30fc\u4ee3\u91d1\u304a\u652f\u6255\u3044\u5f8c\u306e\u9818\u53ce\u66f8\u3068\u306a\u308a\u307e\u3059\u3002\u643a\u5e2f\u96fb\u8a71\u3067\u652f\u6255\u3044\u3092\u8868\u793a\u3067\u304d\u307e\u3059\u3002<\/li>\n<p>n \t<\/p>\n<li style=\"font-weight: 400;\"><span style=\"font-weight: 400;\">\u4e88\u7d04\u624b\u7d9a\u304d\u5f8c\u306b\u30df\u30fc\u30c6\u30a3\u30f3\u30b0\u30dd\u30a4\u30f3\u30c8\u3092\u53d7\u3051\u53d6\u308a\u307e\u3059\u3002<\/span><\/li>\n<p>n \t<\/p>\n<li style=\"font-weight: 400;\"><span style=\"font-weight: 400;\">\u304a\u5b50\u69d8\u306b\u306f\u5927\u4eba\u306e\u540c\u4f34\u304c\u5fc5\u8981\u3067\u3059\u3002<\/span><\/li>\n<p>n \t<\/p>\n<li style=\"font-weight: 400;\"><span style=\"font-weight: 400;\"> \u8eca\u6905\u5b50\u3067\u306f\u30a2\u30af\u30bb\u30b9\u3067\u304d\u307e\u305b\u3093 <\/span><\/li>\n<p>n \t<\/p>\n<li style=\"font-weight: 400;\"><span style=\"font-weight: 400;\">\u5e7c\u5150\u306f\u819d\u306e\u4e0a\u306b\u5ea7\u3089\u306a\u3051\u308c\u3070\u306a\u308a\u307e\u305b\u3093 <\/span><\/li>\n<p>n \t<\/p>\n<li style=\"font-weight: 400;\"><span style=\"font-weight: 400;\">\u80cc\u4e2d\u306b\u554f\u984c\u304c\u3042\u308b\u65c5\u884c\u8005\u306b\u306f\u304a\u52e7\u3081\u3067\u304d\u307e\u305b\u3093<\/span><\/li>\n<p>n \t<\/p>\n<li style=\"font-weight: 400;\"><span style=\"font-weight: 400;\">\u598a\u5a20\u4e2d\u306e\u65c5\u884c\u8005\u306b\u306f\u304a\u52e7\u3081\u3067\u304d\u307e\u305b\u3093 <\/span><\/li>\n<p>n \t<\/p>\n<li style=\"font-weight: 400;\"><span style=\"font-weight: 400;\"> \u5fc3\u81d3\u306e\u554f\u984c\u3084\u305d\u306e\u4ed6\u306e\u91cd\u7be4\u306a\u75c5\u72b6\u304c\u306a\u3044\u3053\u3068 <\/span><\/li>\n<p>n \t<\/p>\n<li style=\"font-weight: 400;\"><span style=\"font-weight: 400;\">\u307b\u3068\u3093\u3069\u306e\u65c5\u884c\u8005\u304c\u53c2\u52a0\u53ef\u80fd<\/span><\/li>\n<p>n<\/ol>\n<p>n<\/p>\n<h4><b><i>\u53d6\u308a\u6d88\u3057\u898f\u7d04<\/i><\/b><\/h4>\n<p>\u5168\u984d\u8fd4\u91d1\u306b\u3064\u3044\u3066\u306f\u3001\u30ad\u30e3\u30f3\u30bb\u30eb\u30dd\u30ea\u30b7\u30fc\u3092\u304a\u8aad\u307f\u304f\u3060\u3055\u3044\u3002\u00a0<a href=\"https:\/\/www.boattoursamana.com\/ja\/%e3%82%aa%e3%83%b3%e3%83%a9%e3%82%a4%e3%83%b3%e4%ba%88%e7%b4%84\/\" target=\"_blank\" rel=\"noopener\" data-saferedirecturl=\"https:\/\/www.google.com\/url?q=https:\/\/www.boattoursamana.com\/online-booking\/&amp;source=gmail&amp;ust=1672449202351000&amp;usg=AOvVaw1yAeVAPktmaVCqDujgUn90\">\u3053\u3053\u3092\u30af\u30ea\u30c3\u30af<\/a>\u3002\u65c5\u884c\u5f53\u65e5\u306b\u4e88\u7d04\u304c\u30ad\u30e3\u30f3\u30bb\u30eb\u3055\u308c\u305f\u5834\u5408\u3001\u8cc7\u91d1\u306f\u5931\u308f\u308c\u307e\u3059\u3002<\/p>\n\n\t\t<\/div>\n\t<\/div>\n\n\t<div class=\"wpb_video_widget wpb_content_element vc_clearfix   vc_video-aspect-ratio-169 vc_video-el-width-100 vc_video-align-left\" >\n\t\t<div class=\"wpb_wrapper\">\n\t\t\t<h2 class=\"wpb_heading wpb_video_heading\">\u30ed\u30b9 \u30a2\u30a4\u30c6\u30a3\u30bb\u30b9\u56fd\u7acb\u516c\u5712<\/h2>\n\t\t\t<div class=\"wpb_video_wrapper\"><iframe loading=\"lazy\" title=\"\u30ed\u30b9 \u30a2\u30a4\u30c6\u30a3\u30bb\u30b9\u56fd\u7acb\u516c\u5712\u306e\u30c4\u30a2\u30fc &amp; \u30a8\u30af\u30b9\u30ab\u30fc\u30b7\u30e7\u30f3\" width=\"1100\" height=\"619\" src=\"https:\/\/www.youtube.com\/embed\/vMI4Ou81cd4?feature=oembed\" frameborder=\"0\" allow=\"accelerometer; autoplay; clipboard-write; encrypted-media; gyroscope; picture-in-picture; web-share\" allowfullscreen><\/iframe><\/div>\n\t\t<\/div>\n\t<\/div>\n<\/div><\/div><\/div><\/div><div class=\"vc_row wpb_row vc_row-fluid\" ><\/div><div class=\"wpb_column vc_column_container vc_col-sm-12\"><div class=\"vc_column-inner\"><div class=\"wpb_wrapper\"><\/div><\/div><\/div><div class=\"vc_empty_space\"   style=\"height: 32px\"><span class=\"vc_empty_space_inner\"><\/span><\/div>\n\t<div class=\"wpb_text_column wpb_content_element\" >\n\t\t<div class=\"wpb_wrapper\">\n\t\t\t<p>\nn<br \/>\nn\u79c1\u306f\u30c6\u30ad\u30b9\u30c8\u30d6\u30ed\u30c3\u30af\u3067\u3059\u3002\u3053\u306e\u30c6\u30ad\u30b9\u30c8\u3092\u5909\u66f4\u3059\u308b\u306b\u306f\u3001\u7de8\u96c6\u30dc\u30bf\u30f3\u3092\u30af\u30ea\u30c3\u30af\u3057\u307e\u3059\u3002 Lorem ipsum dolor sit amet, consectetur adipiscing elit. Ut elit Tellus\u3001luctus nec ullamcorper mattis\u3001pulvinar dapibus leo\u3002<br \/>\nn<br \/>\nn<\/p>\n\n\t\t<\/div>\n\t<\/div>\n<div class=\"vc_empty_space\"   style=\"height: 32px\"><span class=\"vc_empty_space_inner\"><\/span><\/div><div class=\"vc_row wpb_row vc_row-fluid\" ><\/div><div class=\"wpb_column vc_column_container vc_col-sm-12\"><div class=\"vc_column-inner\"><div class=\"wpb_wrapper\"><\/div><\/div><\/div><div class=\"mkdf-section-title-holder\" style=\"text-align: left\">\n\t<div class=\"mkdf-st-inner\">\n\t\t\t\t\t\t\t<h3 class=\"mkdf-st-title\" >\n\t\t\t\t\u30ed\u30b9 \u30cf\u30a4\u30c6\u30a3\u30bb\u30b9 \u30a4 \u30ab\u30e8 \u30ec\u30d0\u30f3\u30bf\u30c9\t\t\t<\/h3>\n\t\t\t\t\t<\/div>\n<\/div><div class=\"vc_empty_space\"   style=\"height: 32px\"><span class=\"vc_empty_space_inner\"><\/span><\/div><div class=\"vc_row wpb_row vc_row-fluid\" ><\/div><div class=\"wpb_column vc_column_container vc_col-sm-12\"><div class=\"vc_column-inner\"><div class=\"wpb_wrapper\"><\/div><\/div><\/div>","protected":false},"excerpt":{"rendered":"<p>Excursion to Los Haitises and Cayo Levantado from Las Terrenas, Ecological Trip to Los Haitises National Park with a Local Tourist Guide. Visiting the Keys in Los Haitises National Park, Mangroves, Vegetation, Bird Watching, Caves, Pictograms and the historical areas of Sabana de la Mar in Los Haitises National Park. After Los Haitises we had lunch on the beach at Bacardi Island. Book now Tour to Los Haitises National Park from Puerto Saman\u00e1 + Bacard\u00ed Island (Cayo Levantado) with us. [&hellip;]<\/p>\n","protected":false},"author":2,"featured_media":0,"parent":0,"menu_order":0,"comment_status":"open","ping_status":"closed","template":"","meta":{"footnotes":""},"class_list":["post-15864","page","type-page","status-publish","hentry"],"_links":{"self":[{"href":"https:\/\/www.boattoursamana.com\/ja\/wp-json\/wp\/v2\/pages\/15864","targetHints":{"allow":["GET"]}}],"collection":[{"href":"https:\/\/www.boattoursamana.com\/ja\/wp-json\/wp\/v2\/pages"}],"about":[{"href":"https:\/\/www.boattoursamana.com\/ja\/wp-json\/wp\/v2\/types\/page"}],"author":[{"embeddable":true,"href":"https:\/\/www.boattoursamana.com\/ja\/wp-json\/wp\/v2\/users\/2"}],"replies":[{"embeddable":true,"href":"https:\/\/www.boattoursamana.com\/ja\/wp-json\/wp\/v2\/comments?post=15864"}],"version-history":[{"count":0,"href":"https:\/\/www.boattoursamana.com\/ja\/wp-json\/wp\/v2\/pages\/15864\/revisions"}],"wp:attachment":[{"href":"https:\/\/www.boattoursamana.com\/ja\/wp-json\/wp\/v2\/media?parent=15864"}],"curies":[{"name":"wp","href":"https:\/\/api.w.org\/{rel}","templated":true}]}}