{"id":8848,"date":"2018-06-11T10:11:05","date_gmt":"2018-06-11T10:11:05","guid":{"rendered":"https:\/\/www.ticketswhales.com\/?post_type=product&#038;p=8848"},"modified":"2023-03-20T10:08:14","modified_gmt":"2023-03-20T10:08:14","slug":"birdwatching-in-los-haitises-national-park","status":"publish","type":"product","link":"https:\/\/www.boattoursamana.com\/ja\/%e6%97%85%e8%a1%8c-2\/%e3%83%ad%e3%82%b9%e3%83%8f%e3%82%a4%e3%83%86%e3%82%a3%e3%82%b9%e5%9b%bd%e7%ab%8b%e5%85%ac%e5%9c%92%e3%81%a7%e3%83%90%e3%83%bc%e3%83%89%e3%82%a6%e3%82%a9%e3%83%83%e3%83%81%e3%83%b3%e3%82%b0-2","title":{"rendered":"\u30ed\u30b9\u30a2\u30a4\u30c6\u30a3\u30bb\u30b9\u56fd\u7acb\u516c\u5712\u3067\u306e\u30d0\u30fc\u30c9\u30a6\u30a9\u30c3\u30c1\u30f3\u30b0"},"content":{"rendered":"<div class=\"vc_row wpb_row vc_row-fluid\" ><div class=\"wpb_column vc_column_container vc_col-sm-12\"><div class=\"vc_column-inner\"><div class=\"wpb_wrapper\"><div class=\"mkdf-section-title-holder\" style=\"text-align: left\">\n\t<div class=\"mkdf-st-inner\">\n\t\t\t\t\t<h5 class=\"mkdf-st-subtitle\" >\n\t\t\t\t\u30ed\u30b9\u30a2\u30a4\u30c6\u30a3\u30bb\u30b9\u56fd\u7acb\u516c\u5712\u3067\u91ce\u9ce5\u89b3\u5bdf\t\t\t<\/h5>\n\t\t\t\t\t\t\t<h3 class=\"mkdf-st-title\" >\n\t\t\t\t\u30ea\u30c3\u30b8\u30a6\u30a7\u30a4\u30ba \u30db\u30fc\u30af \u30c4\u30a2\u30fc\t\t\t<\/h3>\n\t\t\t\t\t<\/div>\n<\/div><div class=\"vc_empty_space\"   style=\"height: 32px\"><span class=\"vc_empty_space_inner\"><\/span><\/div><div class=\"vc_message_box vc_message_box-standard vc_message_box-rounded vc_color-info\" ><div class=\"vc_message_box-icon\"><i class=\"fas fa-info-circle\"><\/i><\/div><p>\u30ed\u30b9\u30a2\u30a4\u30c6\u30a3\u30bb\u30b9\u56fd\u7acb\u516c\u5712\u306e\u30c1\u30a7\u30c3\u30af\u30ea\u30b9\u30c8\u66f4\u65b0:\u00a0 <a href=\"https:\/\/www.boattoursamana.com\/ja\/%e3%83%ad%e3%82%b9%e3%83%bb%e3%82%a2%e3%82%a4%e3%83%86%e3%82%a3%e3%82%bb%e3%82%b9%e5%9b%bd%e7%ab%8b%e5%85%ac%e5%9c%92%e3%81%ae%e9%87%8e%e9%b3%a5%e8%a6%b3%e5%af%9f%e3%83%81%e3%82%a7%e3%83%83%e3%82%af\/\">\u3053\u3053\u3092\u30af\u30ea\u30c3\u30af<\/a><\/p>\n<\/div><div class=\"vc_empty_space\"   style=\"height: 32px\"><span class=\"vc_empty_space_inner\"><\/span><\/div><\/div><\/div><\/div><\/div><div class=\"vc_row wpb_row vc_row-fluid\" ><div class=\"wpb_column vc_column_container vc_col-sm-12\"><div class=\"vc_column-inner\"><div class=\"wpb_wrapper\"><div class=\"vc_btn3-container vc_btn3-inline\" ><button class=\"vc_general vc_btn3 vc_btn3-size-md vc_btn3-shape-rounded vc_btn3-style-modern vc_btn3-color-green\">\u4eca\u4e88\u7d04\u3059\u308b<\/button><\/div>\n\t<div class=\"wpb_text_column wpb_content_element\" >\n\t\t<div class=\"wpb_wrapper\">\n\t\t\t<h4><b><i>\u6982\u8981 <\/i><\/b><\/h4>\n<section><\/section>\n<p>\u79c1\u305f\u3061\u306f\u30ed\u30b9 \u30cf\u30a4\u30c6\u30a3\u30bb\u30b9\u56fd\u7acb\u516c\u5712\u3067\u898b\u3089\u308c\u308b 110 \u7a2e\u306e\u9ce5\u3092\u4fdd\u8b77\u3057\u3066\u3044\u307e\u3059\u3002\u30aa\u30a6\u30e0\u3001\u30c8\u30c7\u30a3\u30fc\u30ba\u3001\u30ea\u30c3\u30b8\u30a6\u30a7\u30a4 \u30db\u30fc\u30af\u30b9\u3001\u30ad\u30f3\u30c1\u30e7\u30a6\u3001\u30cf\u30c1\u30c9\u30ea\u306a\u3069\u3092\u63a2\u3057\u306a\u304c\u3089\u3001\u3053\u306e\u9b54\u6cd5\u306e\u68ee\u3092\u6b69\u304d\u307e\u3057\u3087\u3046\u3002\u30d2\u30e5\u30fc\u30df\u30c3\u30c8 \u30c8\u30ec\u30a4\u30eb\u3067\u898b\u308b\u3053\u3068\u304c\u3067\u304d\u308b\u3053\u308c\u3089\u3059\u3079\u3066\u306e\u9ce5\u306b\u95a2\u3059\u308b\u8208\u5473\u6df1\u3044\u6b74\u53f2\u3092\u63d0\u4f9b\u3057\u307e\u3059\u3002\u79c1\u305f\u3061\u306f\u3001\u30ea\u30c3\u30b8\u30a6\u30a7\u30a4\u30d5\u30af\u30ed\u30a6\u3001\u30a2\u30c3\u30b7\u30e5\u30d5\u30a7\u30a4\u30b9\u30d5\u30af\u30ed\u30a6\u3001\u305d\u306e\u4ed6\u306e\u56fa\u6709\u7a2e\u306e\u6591\u70b9\u306e\u751f\u606f\u5730\u3092\u77e5\u3063\u3066\u3044\u307e\u3059\u3002\u3053\u306e\u30c4\u30a2\u30fc\u306f\u81ea\u7136\u306b\u7126\u70b9\u3092\u5f53\u3066\u3066\u304a\u308a\u3001\u91ce\u751f\u52d5\u7269\u306b\u95a2\u3059\u308b\u60c5\u5831\u304c\u3088\u308a\u96c6\u4e2d\u3057\u3066\u3044\u307e\u3059\u3002<\/p>\n<p><strong>\u901a\u5e38\u306f\u3001\u672c\u5f53\u306b\u8cea\u306e\u9ad8\u3044\u4f53\u9a13\u3092\u63d0\u4f9b\u3059\u308b\u30d7\u30e9\u30a4\u30d9\u30fc\u30c8\u30c4\u30a2\u30fc\u3067\u3059\u3002<\/strong><\/p>\n<h4><\/h4>\n<h4><b>\u5305\u542b\u3068\u9664\u5916<\/b><\/h4>\n<p><b>\u5185\u5305\u7269<\/b><\/p>\n<ol>\n<li style=\"font-weight: 400;\">\u516c\u5712\u306e\u5c0f\u9053\u3067\u306e3\u6642\u9593\u306e\u30d0\u30fc\u30c9\u30a6\u30a9\u30fc\u30af<\/li>\n<li style=\"font-weight: 400;\"><span style=\"font-weight: 400;\">\u3059\u3079\u3066\u306e\u7a0e\u91d1\u3001\u624b\u6570\u6599\u3001\u624b\u6570\u6599<\/span><\/li>\n<li style=\"font-weight: 400;\"><span style=\"font-weight: 400;\">\u5730\u65b9\u7a0e<\/span><\/li>\n<li style=\"font-weight: 400;\">\u95a2\u4fc2\u8005\u751f\u614b\u5b66\u8005\u30c4\u30a2\u30fc\u30ac\u30a4\u30c9\u82f1\u8a9e\/\u30b9\u30da\u30a4\u30f3\u8a9e<\/li>\n<\/ol>\n<p><b> \u9664\u5916\u4e8b\u9805<\/b><\/p>\n<ol>\n<li style=\"font-weight: 400;\"><span style=\"font-weight: 400;\">\u30c1\u30c3\u30d7<\/span><\/li>\n<li style=\"font-weight: 400;\"><span style=\"font-weight: 400;\">\u79fb\u884c<\/span><\/li>\n<li style=\"font-weight: 400;\"><span style=\"font-weight: 400;\">\u98f2\u6599<\/span><\/li>\n<\/ol>\n<p>&nbsp;<\/p>\n<h4><em><strong>\u51fa\u767a\u3068\u5e30\u56fd<\/strong><\/em><\/h4>\n<p><span style=\"font-weight: 400;\">\u300cBooking Adventures\u300d\u304c\u4f01\u753b\u3059\u308b\u30c4\u30a2\u30fc\u306f\u3001\u30c4\u30a2\u30fc\u30ac\u30a4\u30c9\u304c\u8a2d\u5b9a\u3057\u305f\u96c6\u5408\u5834\u6240\u304b\u3089\u59cb\u307e\u308a\u307e\u3059\u3002\u65c5\u884c\u8005\u306f\u4e88\u7d04\u624b\u7d9a\u304d\u5f8c\u306b\u96c6\u5408\u5834\u6240\u3092\u53d6\u5f97\u3057\u307e\u3059\u3002\u30c4\u30a2\u30fc\u306f\u96c6\u5408\u5834\u6240\u3067\u958b\u59cb\u304a\u3088\u3073\u7d42\u4e86\u3057\u307e\u3059\u3002<\/span><\/p>\n<p>&nbsp;<\/p>\n<h4><b><i>\u4f55\u3092\u671f\u5f85\u3057\u307e\u3059\uff1f<\/i><\/b><\/h4>\n<p><em><strong>\u30c1\u30b1\u30c3\u30c8\u3092\u5165\u624b\u3057\u3066\u304f\u3060\u3055\u3044<\/strong><\/em> \u30ed\u30b9\u30fb\u30a2\u30a4\u30c6\u30a3\u30bb\u30b9\u56fd\u7acb\u516c\u5712\u3067\u306e\u30d0\u30fc\u30c9\u30a6\u30a9\u30c3\u30c1\u30f3\u30b0\u306b\u3002<\/p>\n<p>\u3053\u306e\u30c4\u30a2\u30fc\u306f\u96c6\u5408\u5834\u6240\u304b\u3089\u59cb\u307e\u308a\u3001\u30ea\u30c3\u30b8\u30a6\u30a7\u30a4 \u30c8\u30ec\u30a4\u30eb\u3092\u30cf\u30a4\u30ad\u30f3\u30b0\u3057\u3066\u30cd\u30b9\u30c6\u30a3\u30f3\u30b0 \u30a8\u30ea\u30a2\u307e\u3067\u884c\u304d\u307e\u3059\u3002 30 \u5206\u9593\u30cf\u30a4\u30ad\u30f3\u30b0\u3057\u3066\u30db\u30fc\u30af\u30b9\u3092\u89b3\u5bdf\u3057\u305f\u5f8c\u306f\u3001\u30cf\u30a4\u30ad\u30f3\u30b0\u3092\u7d9a\u3051\u3066\u3001\u30ed\u30b9 \u30cf\u30a4\u30c6\u30a3\u30bb\u30b9\u56fd\u7acb\u516c\u5712\u306e\u30aa\u30a6\u30e0\u3001\u30d4\u30ad\u30e5\u30ec\u30c3\u30c8\u3001\u305d\u306e\u4ed6\u306e\u56fa\u6709\u7a2e\u3092\u30c1\u30a7\u30c3\u30af\u3059\u308b\u3053\u3068\u3082\u3067\u304d\u307e\u3059\u3002<\/p>\n<p>\u30ed\u30b9 \u30cf\u30a4\u30c6\u30a3\u30bb\u30b9\u56fd\u7acb\u516c\u5712\u306b\u306f\u3001\u30b5\u30d0\u30ca \u30c7 \u30e9 \u30de\u30fc\u30eb\u306b\u91ce\u9ce5\u89b3\u5bdf\u7528\u306e\u30c8\u30ec\u30a4\u30eb\u304c 2 \u3064\u3057\u304b\u3042\u308a\u307e\u305b\u3093\u3002\u30ed\u30b9 \u30cf\u30a4\u30c6\u30a3\u30bb\u30b9\u56fd\u7acb\u516c\u5712\u306b\u5411\u304b\u3046\u9014\u4e2d\u3001\u3088\u308a\u591a\u304f\u306e\u9ce5\u3092\u89b3\u5bdf\u3059\u308b\u305f\u3081\u306b\u3044\u304f\u3064\u304b\u306e\u30b9\u30dd\u30c3\u30c8\u306b\u7acb\u3061\u5bc4\u308a\u307e\u3059\u3002<\/p>\n<p>\u30b5\u30f3\u30fb\u30ed\u30ec\u30f3\u30bd\u6e7e\u306b\u884c\u3063\u3066\u304d\u307e\u3057\u305f\u3002\u30b9\u30da\u30a4\u30f3\u8a9e\u3067\u300c\u60b2\u3057\u3044\u6d1e\u7a9f\u300d\u3068\u547c\u3070\u308c\u308b2\u3064\u306e\u6d1e\u7a9f\u3092\u8a2a\u308c\u307e\u3059\u3002\u3053\u306e\u6d1e\u7a9f\u3067\u306f\u3001\u3053\u306e\u5730\u57df\u5468\u8fba\u306b\u6ede\u5728\u3057\u3066\u3044\u305f\u30bf\u30a4\u30ce\u30b9\u65cf\u306e\u30b3\u30df\u30e5\u30cb\u30c6\u30a3\u306e\u5ca9\u77f3\u5199\u771f\u3092\u898b\u308b\u3053\u3068\u304c\u3067\u304d\u307e\u3059\u3002\u305d\u3057\u3066\u6d1e\u7a9f\u3092\u5bfa\u9662\u3068\u3057\u3066\u4f7f\u7528\u3057\u307e\u3059\u3002<\/p>\n<p>\u305d\u306e\u5f8c\u3001\u30ea\u30cd\u30a2\u6d1e\u7a9f\u306b\u9032\u307f\u307e\u3059\u3002\u3053\u306e\u6d1e\u7a9f\u306b\u306f 2,243 \u500b\u306e\u30aa\u30ea\u30b8\u30ca\u30eb\u306e\u7d75\u6587\u5b57\u304c\u3042\u308a\u3001\u30c4\u30a2\u30fc \u30ac\u30a4\u30c9\u304c\u305d\u308c\u3089\u306e\u7d75\u6587\u5b57\u306b\u95a2\u3059\u308b\u8003\u53e4\u5b66\u8005\u304b\u3089\u306e\u60c5\u5831\u3092\u8aac\u660e\u3057\u307e\u3059\u3002<\/p>\n<p>\u518d\u3073\u30dc\u30fc\u30c8\u306b\u4e57\u3063\u3066\u30d1\u30cf\u30ed\u30b9\u5cf6 (\u9ce5\u306e\u5cf6) \u306b\u623b\u308a\u3001\u30ed\u30b9 \u30a2\u30a4\u30c6\u30a3\u30bb\u30b9\u56fd\u7acb\u516c\u5712\u5468\u8fba\u306e\u6e7f\u5730\u306e\u9ce5\u306e\u307b\u3068\u3093\u3069\u3092\u898b\u308b\u3053\u3068\u304c\u3067\u304d\u307e\u3059\u3002\u3059\u3079\u3066\u306e\u9ce5\u304c\u6c34\u306e\u4e2d\u306b\u3044\u308b\u308f\u3051\u3067\u306f\u306a\u3044\u304b\u3089\u3067\u3059\u3002<\/p>\n<p>\u30ed\u30b9 \u30a2\u30a4\u30c6\u30a3\u30bb\u30b9\u56fd\u7acb\u516c\u5712\u3067\u9ce5\u306b\u3064\u3044\u3066\u5b66\u3093\u3060 4 \u6642\u9593\u534a\u5f8c\u3001\u3053\u306e\u30c4\u30a2\u30fc\u306f\u958b\u59cb\u3057\u305f\u5834\u6240\u3068\u540c\u3058\u5834\u6240\u3067\u7d42\u4e86\u3057\u307e\u3059\u3002<\/p>\n<p><strong>\u6ce8: \u3053\u308c\u3089\u306e\u30c4\u30a2\u30fc\u306b\u306f\u3001\u30aa\u30d5\u30a3\u30b7\u30e3\u30eb \u30a8\u30b3\u30ed\u30b8\u30b9\u30c8 \u30c4\u30a2\u30fc \u30ac\u30a4\u30c9\u304c\u540c\u884c\u3057\u307e\u3059\u3002\u30d1\u30fc\u30af\u5185\u306b\u306f\u5c02\u9580\u30b9\u30bf\u30c3\u30d5\u304c\u3042\u307e\u308a\u3044\u306a\u3044\u305f\u3081\u3001\u6642\u9593\u306b\u4f59\u88d5\u3092\u6301\u3063\u3066\u3054\u4e88\u7d04\u304f\u3060\u3055\u3044\u3002<\/strong><\/p>\n<p>&nbsp;<\/p>\n<h4><em><strong>\u4f55\u3092\u6301\u3063\u3066\u3044\u304f\u3079\u304d\u3067\u3059\u304b\uff1f<\/strong><\/em><\/h4>\n<ul>\n<li style=\"font-weight: 400;\"><span style=\"font-weight: 400;\">\u30ab\u30e1\u30e9<\/span><\/li>\n<li>\u53cc\u773c\u93e1<\/li>\n<li style=\"font-weight: 400;\"><span style=\"font-weight: 400;\">\u306f\u3058\u304f\u82bd<\/span><\/li>\n<li style=\"font-weight: 400;\"><span style=\"font-weight: 400;\">\u65e5\u713c\u3051\u6b62\u3081\u30af\u30ea\u30fc\u30e0<\/span><\/li>\n<li style=\"font-weight: 400;\"><span style=\"font-weight: 400;\">\u5e3d\u5b50<\/span><\/li>\n<li style=\"font-weight: 400;\"><span style=\"font-weight: 400;\">\u5feb\u9069\u306a\u30d1\u30f3\u30c4<\/span><\/li>\n<li style=\"font-weight: 400;\"><span style=\"font-weight: 400;\">\u68ee\u6797\u7528\u30cf\u30a4\u30ad\u30f3\u30b0\u30b7\u30e5\u30fc\u30ba<\/span><\/li>\n<li style=\"font-weight: 400;\"><span style=\"font-weight: 400;\">\u6625\u306e\u30a8\u30ea\u30a2\u3078\u30b5\u30f3\u30c0\u30eb\u3067\u3002<\/span><\/li>\n<li style=\"font-weight: 400;\"><span style=\"font-weight: 400;\">\u6c34\u7740<\/span><\/li>\n<\/ul>\n<p>&nbsp;<\/p>\n<h4><b><i>\u30db\u30c6\u30eb\u3078\u306e\u9001\u8fce <\/i><\/b><\/h4>\n<p><span style=\"font-weight: 400;\">\u3053\u306e\u30c4\u30a2\u30fc\u3067\u306f\u30db\u30c6\u30eb\u3078\u306e\u304a\u8fce\u3048\u306f\u63d0\u4f9b\u3055\u308c\u307e\u305b\u3093\u3002 <\/span><\/p>\n<p>&nbsp;<\/p>\n<p><b>\u6ce8\u8a18\uff1a<\/b><span style=\"font-weight: 400;\"> \u30c4\u30a2\u30fc\/\u30a8\u30af\u30b9\u30ab\u30fc\u30b7\u30e7\u30f3\u51fa\u767a\u6642\u523b\u306e 24 \u6642\u9593\u4ee5\u5185\u306b\u3054\u4e88\u7d04\u306e\u5834\u5408\u306f\u3001\u8ffd\u52a0\u6599\u91d1\u3067\u30db\u30c6\u30eb\u3078\u306e\u304a\u8fce\u3048\u3092\u624b\u914d\u3067\u304d\u307e\u3059\u3002\u3054\u8cfc\u5165\u304c\u5b8c\u4e86\u3059\u308b\u3068\u3001\u304a\u8fce\u3048\u306e\u624b\u914d\u3092\u884c\u3046\u305f\u3081\u306e\u73fe\u5730\u30c4\u30a2\u30fc\u30ac\u30a4\u30c9\u306e\u5b8c\u5168\u306a\u9023\u7d61\u5148\u60c5\u5831 (\u96fb\u8a71\u756a\u53f7\u3001\u96fb\u5b50\u30e1\u30fc\u30eb \u30a2\u30c9\u30ec\u30b9\u306a\u3069) \u3092\u304a\u9001\u308a\u3057\u307e\u3059\u3002<\/span><\/p>\n<h4><b><i>\u8ffd\u52a0\u60c5\u5831\u306e\u78ba\u8a8d <\/i><\/b><\/h4>\n<ol>\n<li>\u30c1\u30b1\u30c3\u30c8\u306f\u30c4\u30a2\u30fc\u4ee3\u91d1\u304a\u652f\u6255\u3044\u5f8c\u306e\u9818\u53ce\u66f8\u3068\u306a\u308a\u307e\u3059\u3002\u643a\u5e2f\u96fb\u8a71\u3067\u652f\u6255\u3044\u3092\u8868\u793a\u3067\u304d\u307e\u3059\u3002<\/li>\n<li style=\"font-weight: 400;\"><span style=\"font-weight: 400;\">\u4e88\u7d04\u624b\u7d9a\u304d\u5f8c\u306b\u30df\u30fc\u30c6\u30a3\u30f3\u30b0\u30dd\u30a4\u30f3\u30c8\u3092\u53d7\u3051\u53d6\u308a\u307e\u3059\u3002<\/span><\/li>\n<li style=\"font-weight: 400;\"><span style=\"font-weight: 400;\">\u304a\u5b50\u69d8\u306b\u306f\u5927\u4eba\u306e\u540c\u4f34\u304c\u5fc5\u8981\u3067\u3059\u3002<\/span><\/li>\n<li style=\"font-weight: 400;\"><span style=\"font-weight: 400;\"> \u8eca\u6905\u5b50\u3067\u306f\u30a2\u30af\u30bb\u30b9\u3067\u304d\u307e\u305b\u3093 <\/span><\/li>\n<li style=\"font-weight: 400;\"><span style=\"font-weight: 400;\">\u5e7c\u5150\u306f\u819d\u306e\u4e0a\u306b\u5ea7\u3089\u306a\u3051\u308c\u3070\u306a\u308a\u307e\u305b\u3093 <\/span><\/li>\n<li style=\"font-weight: 400;\"><span style=\"font-weight: 400;\">\u80cc\u4e2d\u306b\u554f\u984c\u304c\u3042\u308b\u65c5\u884c\u8005\u306b\u306f\u304a\u52e7\u3081\u3067\u304d\u307e\u305b\u3093<\/span><\/li>\n<li style=\"font-weight: 400;\"><span style=\"font-weight: 400;\">\u598a\u5a20\u4e2d\u306e\u65c5\u884c\u8005\u306b\u306f\u304a\u52e7\u3081\u3067\u304d\u307e\u305b\u3093 <\/span><\/li>\n<li style=\"font-weight: 400;\"><span style=\"font-weight: 400;\"> \u5fc3\u81d3\u306e\u554f\u984c\u3084\u305d\u306e\u4ed6\u306e\u91cd\u7be4\u306a\u75c5\u72b6\u304c\u306a\u3044\u3053\u3068 <\/span><\/li>\n<li style=\"font-weight: 400;\"><span style=\"font-weight: 400;\">\u307b\u3068\u3093\u3069\u306e\u65c5\u884c\u8005\u304c\u53c2\u52a0\u53ef\u80fd<\/span><\/li>\n<\/ol>\n<p>\u3053\u306e\u30c4\u30a2\u30fc\u306f\u6700\u4f4e2\u540d\u69d8\u304b\u3089\u6700\u592715\u540d\u69d8\u307e\u3067\u50ac\u884c\u3055\u308c\u307e\u3059\u3002\u4eba\u6570\u304c\u5c11\u306a\u3044\u5834\u5408\u306f\u3054\u76f8\u8ac7\u304f\u3060\u3055\u3044\u3002<\/p>\n<h4><b><i>\u53d6\u308a\u6d88\u3057\u898f\u7d04<\/i><\/b><\/h4>\n<p>\u5168\u984d\u8fd4\u91d1\u306b\u3064\u3044\u3066\u306f\u3001\u30ad\u30e3\u30f3\u30bb\u30eb\u30dd\u30ea\u30b7\u30fc\u3092\u304a\u8aad\u307f\u304f\u3060\u3055\u3044\u3002\u00a0<a href=\"https:\/\/www.boattoursamana.com\/ja\/%e3%82%aa%e3%83%b3%e3%83%a9%e3%82%a4%e3%83%b3%e4%ba%88%e7%b4%84\/\" target=\"_blank\" rel=\"noopener\" data-saferedirecturl=\"https:\/\/www.google.com\/url?q=https:\/\/www.boattoursamana.com\/online-booking\/&amp;source=gmail&amp;ust=1672449202351000&amp;usg=AOvVaw1yAeVAPktmaVCqDujgUn90\">\u3053\u3053\u3092\u30af\u30ea\u30c3\u30af<\/a>\u3002\u65c5\u884c\u5f53\u65e5\u306b\u4e88\u7d04\u304c\u30ad\u30e3\u30f3\u30bb\u30eb\u3055\u308c\u305f\u5834\u5408\u3001\u8cc7\u91d1\u306f\u5931\u308f\u308c\u307e\u3059\u3002<\/p>\n\n\t\t<\/div>\n\t<\/div>\n<\/div><\/div><\/div><\/div><div class=\"vc_row wpb_row vc_row-fluid\" ><\/div><div class=\"wpb_column vc_column_container vc_col-sm-12\"><div class=\"vc_column-inner\"><div class=\"wpb_wrapper\"><div class=\"vc_message_box vc_message_box-standard vc_message_box-rounded vc_color-info\" ><div class=\"vc_message_box-icon\"><i class=\"fas fa-info-circle\"><\/i><\/div><p>\u30ed\u30b9\u30a2\u30a4\u30c6\u30a3\u30bb\u30b9\u56fd\u7acb\u516c\u5712\u306e\u30c1\u30a7\u30c3\u30af\u30ea\u30b9\u30c8\u66f4\u65b0:\u00a0 <a href=\"https:\/\/www.boattoursamana.com\/ja\/%e3%83%ad%e3%82%b9%e3%83%bb%e3%82%a2%e3%82%a4%e3%83%86%e3%82%a3%e3%82%bb%e3%82%b9%e5%9b%bd%e7%ab%8b%e5%85%ac%e5%9c%92%e3%81%ae%e9%87%8e%e9%b3%a5%e8%a6%b3%e5%af%9f%e3%83%81%e3%82%a7%e3%83%83%e3%82%af\/\">\u3053\u3053\u3092\u30af\u30ea\u30c3\u30af<\/a><\/p>\n<\/div><\/div><\/div><\/div><div class=\"vc_row wpb_row vc_row-fluid\" ><div class=\"wpb_column vc_column_container vc_col-sm-12\"><div class=\"vc_column-inner\"><div class=\"wpb_wrapper\"><div class=\"vc_btn3-container vc_btn3-inline\" ><button class=\"vc_general vc_btn3 vc_btn3-size-md vc_btn3-shape-rounded vc_btn3-style-modern vc_btn3-color-green\">\u4eca\u4e88\u7d04\u3059\u308b<\/button><\/div><\/div><\/div><\/div><\/div>","protected":false},"excerpt":{"rendered":"<p><span style=\"vertical-align: inherit;\"><span style=\"vertical-align: inherit;\">Viaje al Parque Nacional Los Haitises con un gu\u00eda tur\u00edstico local que se concentra en la observaci\u00f3n de aves + Cuevas. <\/span><span style=\"vertical-align: inherit;\">\u30cf\u30a4\u30c6\u30a3\u30bb\u30b9\u56fd\u7acb\u516c\u5712\u306e\u30ed\u30b9 \u30ab\u30e8\u30b9\u3001\u30de\u30f3\u30b0\u30e9\u30ec\u30b9\u3001\u30d9\u30b8\u30bf\u30b7\u30aa\u30f3\u3001\u30a2\u30d9\u30b9\u89b3\u5bdf\u3001\u30af\u30a8\u30d0\u30b9\u3001\u30d4\u30af\u30c8\u30b0\u30e9\u30de\u3001\u30b5\u30d0\u30ca \u30c7 \u30e9 \u30de\u30eb \u30ed\u30b9 \u30cf\u30a4\u30c6\u30a3\u30bb\u30b9\u56fd\u7acb\u516c\u5712\u3092\u8a2a\u554f\u3057\u3066\u304f\u3060\u3055\u3044\u3002<\/span><\/span><\/p>\n<p>&nbsp;<\/p>\n<p><em><strong><span style=\"vertical-align: inherit;\"><span style=\"vertical-align: inherit;\">\u30bb\u30ec\u30af\u30b7\u30aa\u30cd \u30e9 \u30d5\u30a7\u30c1\u30e3 \u30d1\u30e9 \u30a8\u30eb \u30c4\u30a2\u30fc\u00a0<\/span><\/span><\/strong><\/em><\/p>","protected":false},"featured_media":8195,"template":"","meta":[],"product_cat":[178,946,932,168,159,170,169,253,254,255],"product_tag":[586,237,582,584,628,236,583,625,626,630,629,585,171,624,209,627,614,239,238,175,186,199,240],"class_list":["post-8848","product","type-product","status-publish","has-post-thumbnail","hentry","product_cat-hiking","product_cat-1-sabana-de-la-mar","product_cat-birdwatching-los-haitises","product_cat-caves","product_cat-fees-entrace","product_cat-local-tour-guides","product_cat-mangroves","product_cat-tours-and-excursions","product_cat-tours-excursions-los-haitises-national-park","product_cat-tours-excursions-samana-bay-dominican-republic","product_tag-biding-sabana-de-la-mar","product_tag-birding","product_tag-birding-dominican-republic","product_tag-birding-in-los-haitises","product_tag-los-haitises-national-park-birding-tour-from-punta-cana","product_tag-birdwatching","product_tag-birdwatching-dominicana","product_tag-birdwtaching","product_tag-boat-tour-birding","product_tag-carretera-cano-hondo","product_tag-eco-lodge-paraiso-cano-hondo","product_tag-hire-a-guide-in-los-haitises","product_tag-los-haitises","product_tag-los-haitises-birding","product_tag-los-haitises-national-park","product_tag-los-haitises-national-park-cano-hondo","product_tag-los-haitises-samana","product_tag-nature","product_tag-ridgways-hawk","product_tag-sabana-de-la-mar","product_tag-samana","product_tag-samana-bay","product_tag-wildlife"],"_links":{"self":[{"href":"https:\/\/www.boattoursamana.com\/ja\/wp-json\/wp\/v2\/product\/8848","targetHints":{"allow":["GET"]}}],"collection":[{"href":"https:\/\/www.boattoursamana.com\/ja\/wp-json\/wp\/v2\/product"}],"about":[{"href":"https:\/\/www.boattoursamana.com\/ja\/wp-json\/wp\/v2\/types\/product"}],"wp:featuredmedia":[{"embeddable":true,"href":"https:\/\/www.boattoursamana.com\/ja\/wp-json\/wp\/v2\/media\/8195"}],"wp:attachment":[{"href":"https:\/\/www.boattoursamana.com\/ja\/wp-json\/wp\/v2\/media?parent=8848"}],"wp:term":[{"taxonomy":"product_cat","embeddable":true,"href":"https:\/\/www.boattoursamana.com\/ja\/wp-json\/wp\/v2\/product_cat?post=8848"},{"taxonomy":"product_tag","embeddable":true,"href":"https:\/\/www.boattoursamana.com\/ja\/wp-json\/wp\/v2\/product_tag?post=8848"}],"curies":[{"name":"wp","href":"https:\/\/api.w.org\/{rel}","templated":true}]}}