{"id":15775,"date":"2023-07-15T07:43:40","date_gmt":"2023-07-15T07:43:40","guid":{"rendered":"https:\/\/www.ticketswhales.com\/bahia-de-las-aguilas-beach-day-trip-by-boat-day-pass-snorkeling-lunch\/"},"modified":"2023-07-15T07:43:40","modified_gmt":"2023-07-15T07:43:40","slug":"bahia-de-las-aguilas-beach-day-trip-by-boat-day-pass-snorkeling-lunch","status":"publish","type":"page","link":"https:\/\/www.boattoursamana.com\/ka\/bahia-de-las-aguilas-%e1%83%a1%e1%83%90%e1%83%9c%e1%83%90%e1%83%9e%e1%83%98%e1%83%a0%e1%83%9d%e1%83%96%e1%83%94-%e1%83%94%e1%83%a0%e1%83%97%e1%83%93%e1%83%a6%e1%83%98%e1%83%90%e1%83%9c%e1%83%98","title":{"rendered":"Bah\u00eda de las \u00c1guilas: \u10de\u10da\u10d0\u10df\u10d8\u10e1 \u10d4\u10e0\u10d7\u10d3\u10e6\u10d8\u10d0\u10dc\u10d8 \u10d2\u10d0\u10e1\u10d4\u10d8\u10e0\u10dc\u10d4\u10d1\u10d0 \u10dc\u10d0\u10d5\u10d8\u10d7 \u2013 \u10d3\u10e6\u10d8\u10e1 \u10e1\u10d0\u10e8\u10d5\u10d8 \u2013 \u10e1\u10dc\u10dd\u10e0\u10d9\u10d4\u10da\u10d8 \u10d3\u10d0 \u10e1\u10d0\u10d3\u10d8\u10da\u10d8"},"content":{"rendered":"<p><span style=\"vertical-align: inherit;\"><span style=\"vertical-align: inherit;\">Compre un boleto de un d\u00eda a Bah\u00eda las \u00c1guilas desde Barahona. <\/span><span style=\"vertical-align: inherit;\">Conduciendo por el parque nacional Jaragua y rumbo a Cabo Rojo, donde un bote lo espera. <\/span><span style=\"vertical-align: inherit;\">Despu\u00e9s de un viaje de 15 minutos en bote, llegar\u00e1 a la hermosa y aislada Bah\u00eda de las \u00c1guilas, considerada la playa m\u00e1s hermosa del pa\u00eds. <\/span><span style=\"vertical-align: inherit;\">El almuerzo se servir\u00e1 en la playa y tendr\u00e1 la oportunidad de nadar o simplemente relajarse en la playa. <\/span><span style=\"vertical-align: inherit;\">Disfrute de la pr\u00edstina arena blanca de esta playa de 8 km de longitud.<\/span><\/span><br \/>\n\u10dc<br \/>\n\u10dc&\u10dcbsp;<br \/>\n\u10dc<br \/>\n\u10dc<strong><span style=\"vertical-align: inherit;\"><span style=\"vertical-align: inherit;\">Seleccione el d\u00eda para este viaje:<\/span><\/span><\/strong><\/p>\n<p>&nbsp;<\/p>\n<div class=\"vc_row wpb_row vc_row-fluid\" ><div class=\"wpb_column vc_column_container vc_col-sm-12\"><div class=\"vc_column-inner\"><div class=\"wpb_wrapper\"><div class=\"vc_btn3-container vc_btn3-inline\" ><button class=\"vc_general vc_btn3 vc_btn3-size-md vc_btn3-shape-rounded vc_btn3-style-modern vc_btn3-color-green\">\u1c93\u1c90\u1caf\u1c90\u1c95\u1ca8\u1c9c\u1c90<\/button><\/div><div class=\"mkdf-section-title-holder\" style=\"text-align: left\">\n\t<div class=\"mkdf-st-inner\">\n\t\t\t\t\t<h5 class=\"mkdf-st-subtitle\" >\n\t\t\t\t\u10d3\u10e6\u10d8\u10e1 \u10e1\u10d0\u10e8\u10d5\u10d8 - \u10e1\u10dc\u10dd\u10e0\u10d9\u10d4\u10da\u10d8\u10dc\u10d2\u10d8 \u10d3\u10d0 \u10e1\u10d0\u10d3\u10d8\u10da\u10d8\t\t\t<\/h5>\n\t\t\t\t\t\t\t<h3 class=\"mkdf-st-title\" >\n\t\t\t\tBah\u00eda de las Aguilas: \u10de\u10da\u10d0\u10df\u10d8\u10e1 \u10d3\u10e6\u10d8\u10e1 \u10db\u10dd\u10d2\u10d6\u10d0\u10e3\u10e0\u10dd\u10d1\u10d0 \u10dc\u10d0\u10d5\u10d8\u10d7\t\t\t<\/h3>\n\t\t\t\t\t<\/div>\n<\/div><\/div><\/div><\/div><\/div><div class=\"vc_row wpb_row vc_row-fluid\" ><\/div><div class=\"wpb_column vc_column_container vc_col-sm-12\"><div class=\"vc_column-inner\"><div class=\"wpb_wrapper\"><\/div><\/div><\/div>\n\t<div class=\"wpb_text_column wpb_content_element\" >\n\t\t<div class=\"wpb_wrapper\">\n\t\t\t<p>\n\u10dc<br \/>\n\u10db\u10d4 \u10d5\u10d0\u10e0 \u10e2\u10d4\u10e5\u10e1\u10e2\u10e3\u10e0\u10d8 \u10d1\u10da\u10dd\u10d9\u10d8. \u10d0\u10db \u10e2\u10d4\u10e5\u10e1\u10e2\u10d8\u10e1 \u10e8\u10d4\u10e1\u10d0\u10ea\u10d5\u10da\u10d4\u10da\u10d0\u10d3 \u10d3\u10d0\u10d0\u10ec\u10d9\u10d0\u10de\u10e3\u10dc\u10d4\u10d7 \u10e0\u10d4\u10d3\u10d0\u10e5\u10e2\u10d8\u10e0\u10d4\u10d1\u10d8\u10e1 \u10e6\u10d8\u10da\u10d0\u10d9\u10d6\u10d4. Lorem ipsum dolor sit amet, consectetur adipiscing elit. Ut elit tellus, luctus nec ullamcorper mattis, pulvinar dapibus leo.<br \/>\n\u10dc<br \/>\n\u10dc<\/p>\n\n\t\t<\/div>\n\t<\/div>\n<div class=\"vc_row wpb_row vc_row-fluid\" ><div class=\"wpb_column vc_column_container vc_col-sm-12\"><div class=\"vc_column-inner\"><div class=\"wpb_wrapper\"><div class=\"vc_btn3-container vc_btn3-inline\" ><button class=\"vc_general vc_btn3 vc_btn3-size-md vc_btn3-shape-rounded vc_btn3-style-modern vc_btn3-color-green\">\u1c93\u1c90\u1caf\u1c90\u1c95\u1ca8\u1c9c\u1c90<\/button><\/div><\/div><\/div><\/div><\/div>","protected":false},"excerpt":{"rendered":"<p>Compre un boleto de un d\u00eda a Bah\u00eda las \u00c1guilas desde Barahona. Conduciendo por el parque nacional Jaragua y rumbo a Cabo Rojo, donde un bote lo espera. Despu\u00e9s de un viaje de 15 minutos en bote, llegar\u00e1 a la hermosa y aislada Bah\u00eda de las \u00c1guilas, considerada la playa m\u00e1s hermosa del pa\u00eds. El almuerzo se servir\u00e1 en la playa y tendr\u00e1 la oportunidad de nadar o simplemente relajarse en la playa. Disfrute de la pr\u00edstina arena blanca de [&hellip;]<\/p>\n","protected":false},"author":2,"featured_media":0,"parent":0,"menu_order":0,"comment_status":"open","ping_status":"closed","template":"","meta":{"footnotes":""},"class_list":["post-15775","page","type-page","status-publish","hentry"],"_links":{"self":[{"href":"https:\/\/www.boattoursamana.com\/ka\/wp-json\/wp\/v2\/pages\/15775","targetHints":{"allow":["GET"]}}],"collection":[{"href":"https:\/\/www.boattoursamana.com\/ka\/wp-json\/wp\/v2\/pages"}],"about":[{"href":"https:\/\/www.boattoursamana.com\/ka\/wp-json\/wp\/v2\/types\/page"}],"author":[{"embeddable":true,"href":"https:\/\/www.boattoursamana.com\/ka\/wp-json\/wp\/v2\/users\/2"}],"replies":[{"embeddable":true,"href":"https:\/\/www.boattoursamana.com\/ka\/wp-json\/wp\/v2\/comments?post=15775"}],"version-history":[{"count":0,"href":"https:\/\/www.boattoursamana.com\/ka\/wp-json\/wp\/v2\/pages\/15775\/revisions"}],"wp:attachment":[{"href":"https:\/\/www.boattoursamana.com\/ka\/wp-json\/wp\/v2\/media?parent=15775"}],"curies":[{"name":"wp","href":"https:\/\/api.w.org\/{rel}","templated":true}]}}