{"id":15831,"date":"2023-07-15T07:44:42","date_gmt":"2023-07-15T07:44:42","guid":{"rendered":"https:\/\/www.ticketswhales.com\/montana-redonda-miches-round-mountain-day-pass-lunch-included\/"},"modified":"2023-07-15T07:44:42","modified_gmt":"2023-07-15T07:44:42","slug":"montana-redonda-miches-round-mountain-day-pass-lunch-included","status":"publish","type":"page","link":"https:\/\/www.boattoursamana.com\/ka\/%e1%83%9b%e1%83%9d%e1%83%9c%e1%83%a2%e1%83%90%e1%83%9c%e1%83%90-%e1%83%a0%e1%83%94%e1%83%93%e1%83%9d%e1%83%9c%e1%83%93%e1%83%90-%e1%83%9b%e1%83%98%e1%83%ae%e1%83%94%e1%83%a1-%e1%83%9b%e1%83%a0","title":{"rendered":"Montana Redonda Miches (\u10db\u10e0\u10d2\u10d5\u10d0\u10da\u10d8 \u10db\u10d7\u10d8\u10e1) \u10d3\u10e6\u10d8\u10e1 \u10e1\u10d0\u10e8\u10d5\u10d8. \u10da\u10d0\u10dc\u10e9\u10d8 \u10e8\u10d4\u10d3\u10d8\u10e1."},"content":{"rendered":"<p><span style=\"vertical-align: inherit;\"><span style=\"vertical-align: inherit;\">Obtenga sus boletos de pase de un d\u00eda para Montana Redonda. <\/span><span style=\"vertical-align: inherit;\">Reserve ahora su viaje a la monta\u00f1a y almuerce con nosotros mientras puede disfrutar de las incre\u00edbles vistas y tener el mejor viaje seguro de su vida.<\/span><\/span><br \/>\n\u10dc<br \/>\n\u10dc&\u10dcbsp;<br \/>\n\u10dc<br \/>\n\u10dc<strong><span style=\"vertical-align: inherit;\"><span style=\"vertical-align: inherit;\">\u10e2\u10e3\u10e0\u10d8\u10e1 \u10e8\u10d4\u10e0\u10e9\u10d4\u10d5\u10d0:\u00a0<\/span><\/span><\/strong><\/p>\n<p>&nbsp;<\/p>\n<div class=\"vc_row wpb_row vc_row-fluid\" ><div class=\"wpb_column vc_column_container vc_col-sm-12\"><div class=\"vc_column-inner\"><div class=\"wpb_wrapper\">\n\t<div class=\"wpb_text_column wpb_content_element\" >\n\t\t<div class=\"wpb_wrapper\">\n\t\t\t<p>\n\u10dc<\/p>\n<h2><strong>Montana Redonda Miches (\u10db\u10e0\u10d2\u10d5\u10d0\u10da\u10d8 \u10db\u10d7\u10d8\u10e1) \u10d3\u10e6\u10d8\u10e1 \u10e3\u10e6\u10d4\u10da\u10e2\u10d4\u10ee\u10d8\u10da\u10d8.<\/strong><\/h2>\n<p>\u10dc<\/p>\n\n\t\t<\/div>\n\t<\/div>\n<\/div><\/div><\/div><\/div><div class=\"vc_row wpb_row vc_row-fluid\" ><div class=\"wpb_column vc_column_container vc_col-sm-12\"><div class=\"vc_column-inner\"><div class=\"wpb_wrapper\">\n\t<div class=\"wpb_text_column wpb_content_element\" >\n\t\t<div class=\"wpb_wrapper\">\n\t\t\t<p>\n\u10dc<\/p>\n<h3>Montana Redonda Miches (\u10db\u10e0\u10d2\u10d5\u10d0\u10da\u10d8 \u10db\u10d7\u10d8\u10e1) \u10d3\u10e6\u10d8\u10e1 \u10e1\u10d0\u10e8\u10d5\u10d8. \u10da\u10d0\u10dc\u10e9\u10d8 \u10e8\u10d4\u10d3\u10d8\u10e1.<\/h3>\n<p>\u10dc<\/p>\n<h4><b><i>\u10db\u10d8\u10db\u10dd\u10ee\u10d8\u10da\u10d5\u10d0 <\/i><\/b><\/h4>\n<p>n\u10d0\u10d3\u10d4\u10e5\u10d8\u10d7 \u10d6\u10d0\u10e4\u10d0\u10e0\u10d8\u10e1 \u10e1\u10d0\u10e2\u10d5\u10d8\u10e0\u10d7\u10dd \u10db\u10d0\u10dc\u10e5\u10d0\u10dc\u10d0\u10e1 \u10d3\u10d0 \u10ec\u10d0\u10d2\u10d5\u10d8\u10e7\u10d5\u10d0\u10dc\u10d4\u10d7 \u10db\u10ec\u10d5\u10d4\u10e0\u10d5\u10d0\u10da\u10d6\u10d4 \u10d1\u10e3\u10dc\u10d4\u10d1\u10d8\u10e1\u10d0 \u10d3\u10d0 \u10dd\u10d9\u10d4\u10d0\u10dc\u10d8\u10e1 \u10de\u10d0\u10dc\u10dd\u10e0\u10d0\u10db\u10e3\u10da\u10d8 \u10ee\u10d4\u10d3\u10d4\u10d1\u10d8\u10d7. \u10e0\u10dd\u10d3\u10d4\u10e1\u10d0\u10ea \u10db\u10ec\u10d5\u10d4\u10e0\u10d5\u10d0\u10da\u10e1 \u10db\u10d8\u10d0\u10e6\u10ec\u10d4\u10d5\u10d7, \u10d2\u10d4\u10e5\u10dc\u10d4\u10d1\u10d0\u10d7 \u10e8\u10d4\u10e1\u10d0\u10eb\u10da\u10d4\u10d1\u10da\u10dd\u10d1\u10d0 \u10d2\u10d0\u10d0\u10d9\u10d5\u10d8\u10e0\u10d5\u10dd\u10d7 \u10e1\u10d0\u10d9\u10e3\u10d7\u10d0\u10e0\u10d8 \u10d7\u10d0\u10d5\u10d8 \u10d3\u10d0 \u10e8\u10d4\u10d8\u10e7\u10d5\u10d0\u10e0\u10dd\u10d7 \u10dc\u10d0\u10e0\u10e3\u10e2\u10d0\u10da\u10d4\u10d6\u10d0\u10e1 \u10e1\u10d8\u10da\u10d0\u10db\u10d0\u10d6\u10d4, \u10e1\u10d0\u10dc\u10d0\u10db \u10d2\u10d0\u10d3\u10d0\u10d8\u10e6\u10d4\u10d1\u10d7 \u10ec\u10d0\u10e0\u10db\u10dd\u10e3\u10d3\u10d2\u10d4\u10dc\u10d4\u10da \u10e4\u10dd\u10e2\u10dd\u10d4\u10d1\u10e1. \u10d7\u10e5\u10d5\u10d4\u10dc \u10d2\u10d4\u10e5\u10dc\u10d4\u10d1\u10d0\u10d7 \u10e1\u10d0\u10d3\u10d8\u10da\u10d8 \u10d3\u10d0 \u10d3\u10e0\u10dd \u10d3\u10d0\u10d8\u10e1\u10d5\u10d4\u10dc\u10dd\u10d7 \u10d0\u10db \u10e1\u10d0\u10db\u10dd\u10d7\u10ee\u10d4\u10e8\u10d8. \u10db\u10d8\u10f0\u10e7\u10d4\u10d5\u10d8\u10d7 360 \u10d2\u10e0\u10d0\u10d3\u10e3\u10e1\u10d8\u10d0\u10dc\u10d8 \u10de\u10d0\u10dc\u10dd\u10e0\u10d0\u10db\u10e3\u10da\u10d8 \u10ee\u10d4\u10d3\u10e1 \u10db\u10dd\u10dc\u10e2\u10d0\u10dc\u10d0 \u10e0\u10d4\u10d3\u10dd\u10dc\u10d3\u10d0\u10e1 1000 \u10e4\u10e3\u10e2\u10d8\u10e1 \u10e1\u10d8\u10db\u10d0\u10e6\u10da\u10d4\u10d6\u10d4, \u10ea\u10dc\u10dd\u10d1\u10d8\u10da \u10db\u10d7\u10d0\u10d6\u10d4, \u10e1\u10d0\u10d3\u10d0\u10ea \u10db\u10d8\u10d8\u10e0\u10d7\u10db\u10d4\u10d5\u10d7 \u10d9\u10d5\u10d4\u10d1\u10d8\u10d7 \u10db\u10e4\u10e0\u10d8\u10dc\u10d0\u10d5\u10d8 \u10e4\u10e0\u10d8\u10dc\u10d5\u10d4\u10da\u10d4\u10d1\u10d8\u10e1 \u10d3\u10d0\u10d7\u10d5\u10d0\u10da\u10d8\u10d4\u10e0\u10d4\u10d1\u10d8\u10d7 \u10d3\u10d0 \u10d1\u10e3\u10dc\u10d4\u10d1\u10d8\u10e1 \u10db\u10ec\u10d5\u10d0\u10dc\u10d4 \u10d7\u10d5\u10d0\u10da\u10ec\u10d0\u10e0\u10db\u10e2\u10d0\u10ea\u10d8 \u10ee\u10d4\u10d3\u10d8\u10d7.<br \/>\n\u10dc<br \/>\nn\u10d0\u10db \u10d2\u10d0\u10db\u10dd\u10ea\u10d3\u10d8\u10da\u10d4\u10d1\u10d8\u10e1 \u10e8\u10d4\u10db\u10d3\u10d4\u10d2, \u10d7\u10e5\u10d5\u10d4\u10dc \u10d3\u10d0\u10d1\u10e0\u10e3\u10dc\u10d3\u10d4\u10d1\u10d8\u10d7 Safari-\u10e8\u10d8, \u10e0\u10d0\u10d7\u10d0 \u10db\u10d8\u10d2\u10d8\u10e7\u10d5\u10d0\u10dc\u10d7 \u10e9\u10d5\u10d4\u10dc\u10e1 \u10e8\u10d4\u10ee\u10d5\u10d4\u10d3\u10e0\u10d8\u10e1 \u10ec\u10d4\u10e0\u10e2\u10d8\u10da\u10e8\u10d8.<br \/>\n\u10dc<\/p>\n<ul>\n\u10dc \t<\/p>\n<li style=\"font-weight: 400;\">\u10e1\u10d0\u10e4\u10d0\u10e1\u10e3\u10e0\u10d8 \u10e8\u10d4\u10d3\u10d8\u10e1<\/li>\n<p>\u10dc \t<\/p>\n<li>\u10e1\u10d0\u10d3\u10d8\u10da\u10d8<\/li>\n<p>\u10dc \t<\/p>\n<li>\u10e2\u10e0\u10d0\u10dc\u10e1\u10de\u10dd\u10e0\u10e2\u10d8\u10e0\u10d4\u10d1\u10d0 \u10e8\u10d4\u10ee\u10d5\u10d4\u10d3\u10e0\u10d8\u10e1 \u10d0\u10d3\u10d2\u10d8\u10da\u10d8\u10d3\u10d0\u10dc.<\/li>\n<p>\u10dc \t<\/p>\n<li>\u10db\u10dd\u10dc\u10e2\u10d0\u10dc\u10d0 \u10e0\u10d4\u10d3\u10dd\u10dc\u10d3\u10d0<\/li>\n<p>\u10dc<\/ul>\n<p>\u10dc<\/p>\n<h4><b>\u10e9\u10d0\u10e0\u10d7\u10d5\u10d4\u10d1\u10d8 \u10d3\u10d0 \u10d2\u10d0\u10db\u10dd\u10e0\u10d8\u10ea\u10ee\u10d5\u10d4\u10d1\u10d8<\/b><\/h4>\n<p>\u10dc<b>\u10e9\u10d0\u10e0\u10d7\u10d5\u10d4\u10d1\u10d8<\/b><br \/>\n\u10dc<\/p>\n<ol>\n\u10dc \t<\/p>\n<li>\u10db\u10dd\u10dc\u10e2\u10d0\u10dc\u10d0 \u10e0\u10d4\u10d3\u10dd\u10dc\u10d3\u10d0<\/li>\n<p>\u10dc \t<\/p>\n<li>\u10e1\u10d0\u10d3\u10d8\u10da\u10d8<\/li>\n<p>\u10dc \t<\/p>\n<li style=\"font-weight: 400;\"><span style=\"font-weight: 400;\">\u10e7\u10d5\u10d4\u10da\u10d0 \u10d2\u10d0\u10d3\u10d0\u10e1\u10d0\u10ee\u10d0\u10d3\u10d4\u10d1\u10d8, \u10db\u10dd\u10e1\u10d0\u10d9\u10e0\u10d4\u10d1\u10da\u10d4\u10d1\u10d8 \u10d3\u10d0 \u10d2\u10d0\u10d3\u10d0\u10e1\u10d0\u10ee\u10d0\u10d3\u10d8<\/span><\/li>\n<p>\u10dc \t<\/p>\n<li style=\"font-weight: 400;\"><span style=\"font-weight: 400;\">\u10d0\u10d3\u10d2\u10d8\u10da\u10dd\u10d1\u10e0\u10d8\u10d5\u10d8 \u10d2\u10d0\u10d3\u10d0\u10e1\u10d0\u10ee\u10d0\u10d3\u10d4\u10d1\u10d8<\/span><\/li>\n<p>\u10dc \t<\/p>\n<li style=\"font-weight: 400;\"><span style=\"font-weight: 400;\">\u1ca1\u10d0\u10e1\u10db\u10d4\u10da\u10d8<\/span><\/li>\n<p>\u10dc \t<\/p>\n<li style=\"font-weight: 400;\"><span style=\"font-weight: 400;\">\u10e7\u10d5\u10d4\u10da\u10d0 \u10d0\u10e5\u10e2\u10d8\u10d5\u10dd\u10d1\u10d0<\/span><\/li>\n<p>\u10dc \t<\/p>\n<li style=\"font-weight: 400;\"><span style=\"font-weight: 400;\">\u10d0\u10d3\u10d2\u10d8\u10da\u10dd\u10d1\u10e0\u10d8\u10d5\u10d8 \u10d2\u10d8\u10d3\u10d8<\/span><\/li>\n<p>\u10dc<\/ol>\n<p>\u10dc<b> \u10d2\u10d0\u10db\u10dd\u10e0\u10d8\u10ea\u10ee\u10d5\u10d4\u10d1\u10d8<\/b><br \/>\n\u10dc<\/p>\n<ol>\n\u10dc \t<\/p>\n<li style=\"font-weight: 400;\"><span style=\"font-weight: 400;\">\u10e1\u10d0\u10e9\u10e3\u10e5\u10e0\u10d4\u10d1\u10d8<\/span><\/li>\n<p>\u10dc \t<\/p>\n<li style=\"font-weight: 400;\"><span style=\"font-weight: 400;\">\u1c90\u10da\u10d9\u10dd\u10f0\u10dd\u10da\u10e3\u10e0\u10d8 \u10e1\u10d0\u10e1\u10db\u10d4\u10da\u10d4\u10d1\u10d8<\/span><\/li>\n<p>\u10dc<\/ol>\n<p>\u10dc&\u10dcbsp;<br \/>\n\u10dc<\/p>\n<h4><em><strong>\u10d2\u10d0\u10db\u10d2\u10d6\u10d0\u10d5\u10e0\u10d4\u10d1\u10d0 \u10d3\u10d0 \u10d3\u10d0\u10d1\u10e0\u10e3\u10dc\u10d4\u10d1\u10d0<\/strong><\/em><\/h4>\n<p>\u10dc<span style=\"font-weight: 400;\">\u10db\u10dd\u10d2\u10d6\u10d0\u10e3\u10e0\u10d8 \u10db\u10d8\u10d8\u10e6\u10d4\u10d1\u10e1 \u10e8\u10d4\u10ee\u10d5\u10d4\u10d3\u10e0\u10d8\u10e1 \u10d0\u10d3\u10d2\u10d8\u10da\u10e1 \u10d3\u10d0\u10ef\u10d0\u10d5\u10e8\u10dc\u10d8\u10e1 \u10de\u10e0\u10dd\u10ea\u10d4\u10e1\u10d8\u10e1 \u10e8\u10d4\u10db\u10d3\u10d4\u10d2. \u10e2\u10e3\u10e0\u10d4\u10d1\u10d8 \u10d8\u10ec\u10e7\u10d4\u10d1\u10d0 \u10d3\u10d0 \u10e1\u10e0\u10e3\u10da\u10d3\u10d4\u10d1\u10d0 \u10d7\u10e5\u10d5\u10d4\u10dc\u10d8 \u10e8\u10d4\u10ee\u10d5\u10d4\u10d3\u10e0\u10d8\u10e1 \u10ec\u10d4\u10e0\u10e2\u10d8\u10da\u10d4\u10d1\u10e8\u10d8.<\/span><br \/>\n\u10dc<\/p>\n<h4><\/h4>\n<p>\u10dc<\/p>\n<h3>Montana Redonda Miches (\u10db\u10e0\u10d2\u10d5\u10d0\u10da\u10d8 \u10db\u10d7\u10d8\u10e1) \u10d3\u10e6\u10d8\u10e1 \u10e1\u10d0\u10e8\u10d5\u10d8. \u10da\u10d0\u10dc\u10e9\u10d8 \u10e8\u10d4\u10d3\u10d8\u10e1.<\/h3>\n<p>\u10dc<\/p>\n<h4><b><i>\u1ca0\u10d0\u10e1 \u10e3\u10dc\u10d3\u10d0 \u10d5\u10d4\u10da\u10dd\u10d3\u10dd?<\/i><\/b><\/h4>\n<p>\u10dc<em><strong>\u10db\u10d8\u10d8\u10e6\u10d4\u10d7 \u10d7\u10e5\u10d5\u10d4\u10dc\u10d8 \u10d1\u10d8\u10da\u10d4\u10d7\u10d4\u10d1\u10d8<\/strong><\/em> \u10db\u10d8\u10ee\u10d4\u10e1\u10e8\u10d8 \u10db\u10dd\u10dc\u10e2\u10d0\u10dc\u10d0 \u10e0\u10d4\u10d3\u10dd\u10dc\u10d3\u10d0\u10e1 (\u10db\u10e0\u10d2\u10d5\u10d0\u10da\u10d8 \u10db\u10d7\u10d0) \u10db\u10dd\u10e1\u10d0\u10dc\u10d0\u10ee\u10e3\u10da\u10d4\u10d1\u10da\u10d0\u10d3 \u10d3\u10d0\u10e3\u10d5\u10d8\u10ec\u10e7\u10d0\u10e0\u10d8 \u10d0\u10d3\u10d2\u10d8\u10da\u10d8\u10d0, \u10d2\u10d0\u10e0\u10e8\u10d4\u10db\u10dd\u10e0\u10e2\u10e7\u10db\u10e3\u10da\u10d8 \u10e1\u10dd\u10e4\u10da\u10d8\u10e1 \u10d1\u10e3\u10dc\u10d4\u10d1\u10d8\u10d7, \u10d3\u10d0\u10e2\u10d9\u10d1\u10d8\u10d7 \u10de\u10d0\u10dc\u10dd\u10e0\u10d0\u10db\u10e3\u10da\u10d8 \u10ee\u10d4\u10d3\u10d8\u10d7, \u10e1\u10d0\u10d3\u10d0\u10ea \u10da\u10d0\u10d2\u10e3\u10dc\u10d4\u10d1\u10d8\u10e1 \u10d0\u10e1\u10d0\u10ee\u10d5\u10d0 \u10d4\u10e0\u10ec\u10e7\u10db\u10d8\u10e1 \u10db\u10d6\u10d8\u10e1 \u10d0\u10db\u10dd\u10e1\u10d5\u10da\u10d0\u10e1 \u10e1\u10d0\u10dc\u10d0\u10de\u10d8\u10e0\u10dd\u10d6\u10d4 \u10d3\u10d0 \u10db\u10d6\u10d8\u10e1 \u10e9\u10d0\u10e1\u10d5\u10da\u10d0\u10e1 \u10db\u10ec\u10d5\u10d0\u10dc\u10d4\u10e1\u10d7\u10d0\u10dc. \u10db\u10d7\u10d4\u10d1\u10d8, \u10e1\u10e3\u10e4\u10d7\u10d0 \u10f0\u10d0\u10d4\u10e0\u10d8 \u10d3\u10d0 \u10db\u10dd\u10db\u10e6\u10d4\u10e0\u10d0\u10da\u10d8 \u10e9\u10d8\u10e2\u10d4\u10d1\u10d8, \u10e1\u10d8\u10db\u10e8\u10d5\u10d8\u10d3\u10d4 \u10d3\u10d0 \u10e1\u10d8\u10db\u10e8\u10d5\u10d8\u10d3\u10d4, \u10e0\u10dd\u10db\u10d4\u10da\u10d8\u10ea \u10d2\u10d5\u10d0\u10d5\u10e1\u10d4\u10d1\u10e1 \u10d3\u10d0\u10e0\u10e9\u10d4\u10dc\u10d8\u10e1 \u10e1\u10e3\u10e0\u10d5\u10d8\u10da\u10e1.<br \/>\n\u10dc<\/p>\n<div class=\"body-description secondary\">\n\u10dc<br \/>\nn\u10d4\u10e1 \u10d0\u10d3\u10d2\u10d8\u10da\u10d8, \u10e1\u10d0\u10d3\u10d0\u10ea \u10e2\u10d8\u10de\u10d8\u10e3\u10e0\u10d8 \u10da\u10d0\u10dc\u10e9\u10d8 \u10d2\u10d0\u10e5\u10d5\u10d7, \u10d7\u10e3 \u10d5\u10d4\u10d2\u10d0\u10dc\u10d8 \u10ee\u10d0\u10e0\u10d7, \u10d0\u10e0 \u10d8\u10dc\u10d4\u10e0\u10d5\u10d8\u10e3\u10da\u10dd\u10d7, \u10e9\u10d5\u10d4\u10dc \u10d0\u10e1\u10d4\u10d5\u10d4 \u10d2\u10d5\u10d0\u10e5\u10d5\u10e1 \u10d7\u10e5\u10d5\u10d4\u10dc\u10d7\u10d5\u10d8\u10e1 \u10e1\u10d0\u10ed\u10db\u10d4\u10da\u10d8!<br \/>\n\u10dc<br \/>\nn\u10da\u10d0\u10dc\u10e9\u10d8\u10e1 \u10e8\u10d4\u10db\u10d3\u10d4\u10d2 \u10e8\u10d4\u10d2\u10d8\u10eb\u10da\u10d8\u10d0\u10d7 \u10d2\u10d0\u10d3\u10d0\u10ec\u10e7\u10d5\u10d8\u10e2\u10dd\u10d7 \u10e0\u10dd\u10d3\u10d8\u10e1 \u10d3\u10d0\u10d0\u10e1\u10e0\u10e3\u10da\u10dd\u10d7 \u10db\u10dd\u10d2\u10d6\u10d0\u10e3\u10e0\u10dd\u10d1\u10d0.<br \/>\n\u10dc<br \/>\n\u10dc<\/div>\n<p>n\u10d8\u10db \u10e8\u10d4\u10db\u10d7\u10ee\u10d5\u10d4\u10d5\u10d0\u10e8\u10d8 \u10d7\u10e3 \u10db\u10dd\u10d2\u10ec\u10dd\u10dc\u10d7 \u10d4\u10e1 \u10db\u10dd\u10d2\u10d6\u10d0\u10e3\u10e0\u10dd\u10d1\u10d0 \u10e3\u10e4\u10e0\u10dd \u10d2\u10e0\u10eb\u10d4\u10da\u10d8 \u10d0\u10dc \u10db\u10dd\u10d9\u10da\u10d4, \u10e3\u10d1\u10e0\u10d0\u10da\u10dd\u10d3 \u10d3\u10d0\u10d2\u10d5\u10d8\u10d9\u10d0\u10d5\u10e8\u10d8\u10e0\u10d3\u10d8\u10d7.<br \/>\n\u10dc<br \/>\n\u10dc&\u10dcbsp;<br \/>\n\u10dc<\/p>\n<h4><em><strong>\u10e0\u10d0 \u10e3\u10dc\u10d3\u10d0 \u10db\u10dd\u10d8\u10e7\u10d5\u10d0\u10dc\u10dd?<\/strong><\/em><\/h4>\n<p>\u10dc<\/p>\n<ul>\n\u10dc \t<\/p>\n<li style=\"font-weight: 400;\"><span style=\"font-weight: 400;\">\u10d9\u10d0\u10db\u10d4\u10e0\u10d0<\/span><\/li>\n<p>\u10dc \t<\/p>\n<li style=\"font-weight: 400;\"><span style=\"font-weight: 400;\">\u10d3\u10d0\u10db\u10d0\u10db\u10e8\u10d5\u10d8\u10d3\u10d4\u10d1\u10d4\u10da\u10d8 \u10d9\u10d5\u10d8\u10e0\u10e2\u10d4\u10d1\u10d8<\/span><\/li>\n<p>\u10dc \t<\/p>\n<li style=\"font-weight: 400;\"><span style=\"font-weight: 400;\">\u1c9b\u10d6\u10d8\u10e1 \u10d9\u10e0\u10d4\u10db\u10d8<\/span><\/li>\n<p>\u10dc \t<\/p>\n<li style=\"font-weight: 400;\"><span style=\"font-weight: 400;\">\u10e5\u10e3\u10d3\u10d8<\/span><\/li>\n<p>\u10dc \t<\/p>\n<li style=\"font-weight: 400;\"><span style=\"font-weight: 400;\">\u10d9\u10dd\u10db\u10e4\u10dd\u10e0\u10e2\u10e3\u10da\u10d8 \u10e8\u10d0\u10e0\u10d5\u10d0\u10da\u10d8<\/span><\/li>\n<p>\u10dc \t<\/p>\n<li style=\"font-weight: 400;\"><span style=\"font-weight: 400;\">\u10e1\u10d0\u10da\u10d0\u10e8\u10e5\u10e0\u10dd \u10e4\u10d4\u10ee\u10e1\u10d0\u10ea\u10db\u10d4\u10da\u10d8 \u10e2\u10e7\u10d8\u10e1\u10d7\u10d5\u10d8\u10e1<\/span><\/li>\n<p>\u10dc<\/ul>\n<p>\u10dc&\u10dcbsp;<br \/>\n\u10dc<\/p>\n<h4><b><i>\u10e1\u10d0\u10e1\u10e2\u10e3\u10db\u10e0\u10dd\u10e1 \u10de\u10d8\u10d9\u10d0\u10de\u10d8 <\/i><\/b><\/h4>\n<p>\u10dc<span style=\"font-weight: 400;\">\u10d0\u10db \u10e2\u10e3\u10e0\u10d8\u10e1\u10d7\u10d5\u10d8\u10e1 \u10e1\u10d0\u10e1\u10e2\u10e3\u10db\u10e0\u10dd\u10e1 \u10db\u10d8\u10e6\u10d4\u10d1\u10d0 \u10d0\u10e0 \u10d0\u10e0\u10d8\u10e1 \u10e8\u10d4\u10db\u10dd\u10d7\u10d0\u10d5\u10d0\u10d6\u10d4\u10d1\u10e3\u10da\u10d8.<br \/>\n\u10dc<\/span><br \/>\n\u10dc<br \/>\n\u10dc&\u10dcbsp;<br \/>\n\u10dc<br \/>\n\u10dc<b>\u1ca8\u10d4\u10dc\u10d8\u10e8\u10d5\u10dc\u10d0:<\/b><span style=\"font-weight: 400;\"> \u10d7\u10e3 \u10d7\u10e5\u10d5\u10d4\u10dc \u10d3\u10d0\u10ef\u10d0\u10d5\u10e8\u10dc\u10d8\u10d7 \u10e2\u10e3\u10e0\u10d8\u10d3\u10d0\u10dc\/\u10d4\u10e5\u10e1\u10d9\u10e3\u10e0\u10e1\u10d8\u10d8\u10e1 \u10d2\u10d0\u10db\u10d2\u10d6\u10d0\u10d5\u10e0\u10d4\u10d1\u10d8\u10d3\u10d0\u10dc 24 \u10e1\u10d0\u10d0\u10d7\u10e8\u10d8, \u10e9\u10d5\u10d4\u10dc \u10e8\u10d4\u10d2\u10d5\u10d8\u10eb\u10da\u10d8\u10d0 \u10db\u10dd\u10d5\u10d0\u10ec\u10e7\u10dd\u10d7 \u10e1\u10d0\u10e1\u10e2\u10e3\u10db\u10e0\u10dd\u10e1 \u10d0\u10e6\u10d4\u10d1\u10d0 \u10d3\u10d0\u10db\u10d0\u10e2\u10d4\u10d1\u10d8\u10d7\u10d8 \u10e1\u10d0\u10e4\u10d0\u10e1\u10e3\u10e0\u10d8\u10d7. \u10e8\u10d4\u10e1\u10e7\u10d8\u10d3\u10d5\u10d8\u10e1 \u10d3\u10d0\u10e1\u10e0\u10e3\u10da\u10d4\u10d1\u10d8\u10e1 \u10e8\u10d4\u10db\u10d3\u10d4\u10d2, \u10e9\u10d5\u10d4\u10dc \u10d2\u10d0\u10db\u10dd\u10d2\u10d8\u10d2\u10d6\u10d0\u10d5\u10dc\u10d8\u10d7 \u10e1\u10e0\u10e3\u10da \u10e1\u10d0\u10d9\u10dd\u10dc\u10e2\u10d0\u10e5\u10e2\u10dd \u10d8\u10dc\u10e4\u10dd\u10e0\u10db\u10d0\u10ea\u10d8\u10d0\u10e1 (\u10e2\u10d4\u10da\u10d4\u10e4\u10dd\u10dc\u10d8\u10e1 \u10dc\u10dd\u10db\u10d4\u10e0\u10e1, \u10d4\u10da\u10e4\u10dd\u10e1\u10e2\u10d8\u10e1 \u10db\u10d8\u10e1\u10d0\u10db\u10d0\u10e0\u10d7\u10e1 \u10d3\u10d0 \u10d0.\u10e8.) \u10e9\u10d5\u10d4\u10dc\u10d8 \u10d0\u10d3\u10d2\u10d8\u10da\u10dd\u10d1\u10e0\u10d8\u10d5\u10d8 \u10e2\u10e3\u10e0\u10d8\u10e1 \u10db\u10d4\u10d2\u10d6\u10e3\u10e0\u10d8\u10e1\u10d7\u10d5\u10d8\u10e1, \u10e0\u10d0\u10d7\u10d0 \u10db\u10dd\u10d0\u10ec\u10e7\u10dd\u10d7 \u10d3\u10d0\u10ee\u10d5\u10d4\u10d3\u10e0\u10d0.<\/span><br \/>\n\u10dc<\/p>\n<h4><b><i>\u10d3\u10d0\u10db\u10d0\u10e2\u10d4\u10d1\u10d8\u10d7\u10d8 \u10d8\u10dc\u10e4\u10dd\u10e0\u10db\u10d0\u10ea\u10d8\u10d8\u10e1 \u10d3\u10d0\u10d3\u10d0\u10e1\u10e2\u10e3\u10e0\u10d4\u10d1\u10d0 <\/i><\/b><\/h4>\n<p>\u10dc<\/p>\n<ol>\n\u10dc \t<\/p>\n<li>\u10d1\u10d8\u10da\u10d4\u10d7\u10d4\u10d1\u10d8 \u10d0\u10e0\u10d8\u10e1 \u10e5\u10d5\u10d8\u10d7\u10d0\u10e0\u10d8 \u10d0\u10db \u10e2\u10e3\u10e0\u10d8\u10e1 \u10d2\u10d0\u10d3\u10d0\u10ee\u10d3\u10d8\u10e1 \u10e8\u10d4\u10db\u10d3\u10d4\u10d2. \u10d7\u10e5\u10d5\u10d4\u10dc \u10e8\u10d4\u10d2\u10d8\u10eb\u10da\u10d8\u10d0\u10d7 \u10d0\u10e9\u10d5\u10d4\u10dc\u10dd\u10d7 \u10d2\u10d0\u10d3\u10d0\u10ee\u10d3\u10d0 \u10d7\u10e5\u10d5\u10d4\u10dc\u10e1 \u10e2\u10d4\u10da\u10d4\u10e4\u10dd\u10dc\u10d6\u10d4.<\/li>\n<p>\u10dc \t<\/p>\n<li style=\"font-weight: 400;\"><span style=\"font-weight: 400;\">\u10e8\u10d4\u10ee\u10d5\u10d4\u10d3\u10e0\u10d8\u10e1 \u10ec\u10d4\u10e0\u10e2\u10d8\u10da\u10d8 \u10db\u10d8\u10d8\u10e6\u10d4\u10d1\u10d0 \u10d3\u10d0\u10ef\u10d0\u10d5\u10e8\u10dc\u10d8\u10e1 \u10de\u10e0\u10dd\u10ea\u10d4\u10e1\u10d8\u10e1 \u10e8\u10d4\u10db\u10d3\u10d4\u10d2.<\/span><\/li>\n<p>\u10dc \t<\/p>\n<li style=\"font-weight: 400;\"><span style=\"font-weight: 400;\">\u10d1\u10d0\u10d5\u10e8\u10d5\u10d4\u10d1\u10e1 \u10d7\u10d0\u10dc \u10e3\u10dc\u10d3\u10d0 \u10d0\u10ee\u10da\u10d3\u10d4\u10e1 \u10d6\u10e0\u10d3\u10d0\u10e1\u10e0\u10e3\u10da\u10d8.<\/span><\/li>\n<p>\u10dc \t<\/p>\n<li style=\"font-weight: 400;\"><span style=\"font-weight: 400;\"> \u10d0\u10e0 \u10d0\u10e0\u10d8\u10e1 \u10ee\u10d4\u10da\u10db\u10d8\u10e1\u10d0\u10ec\u10d5\u10d3\u10dd\u10db\u10d8 \u10d8\u10dc\u10d5\u10d0\u10da\u10d8\u10d3\u10d8\u10e1 \u10d4\u10e2\u10da\u10d8\u10d7 <\/span><\/li>\n<p>\u10dc \t<\/p>\n<li style=\"font-weight: 400;\"><span style=\"font-weight: 400;\">\u10e9\u10d5\u10d8\u10da\u10d4\u10d1\u10d8 \u10d9\u10d0\u10da\u10d7\u10d0\u10d6\u10d4 \u10e3\u10dc\u10d3\u10d0 \u10d8\u10ef\u10d3\u10dc\u10d4\u10dc <\/span><\/li>\n<p>\u10dc \t<\/p>\n<li style=\"font-weight: 400;\"><span style=\"font-weight: 400;\">\u10d0\u10e0 \u10d0\u10e0\u10d8\u10e1 \u10e0\u10d4\u10d9\u10dd\u10db\u10d4\u10dc\u10d3\u10d4\u10d1\u10e3\u10da\u10d8 \u10d6\u10e3\u10e0\u10d2\u10d8\u10e1 \u10de\u10e0\u10dd\u10d1\u10da\u10d4\u10db\u10d4\u10d1\u10d8\u10e1 \u10db\u10e5\u10dd\u10dc\u10d4 \u10db\u10dd\u10d2\u10d6\u10d0\u10e3\u10e0\u10d4\u10d1\u10d8\u10e1\u10d7\u10d5\u10d8\u10e1<\/span><\/li>\n<p>\u10dc \t<\/p>\n<li style=\"font-weight: 400;\"><span style=\"font-weight: 400;\">\u10d0\u10e0 \u10d0\u10e0\u10d8\u10e1 \u10e0\u10d4\u10d9\u10dd\u10db\u10d4\u10dc\u10d3\u10d4\u10d1\u10e3\u10da\u10d8 \u10dd\u10e0\u10e1\u10e3\u10da\u10d8 \u10db\u10dd\u10d2\u10d6\u10d0\u10e3\u10e0\u10d4\u10d1\u10d8\u10e1\u10d7\u10d5\u10d8\u10e1 <\/span><\/li>\n<p>\u10dc \t<\/p>\n<li style=\"font-weight: 400;\"><span style=\"font-weight: 400;\"> \u10d0\u10e0 \u10d0\u10e0\u10d8\u10e1 \u10d2\u10e3\u10da\u10d8\u10e1 \u10de\u10e0\u10dd\u10d1\u10da\u10d4\u10db\u10d4\u10d1\u10d8 \u10d0\u10dc \u10e1\u10ee\u10d5\u10d0 \u10e1\u10d4\u10e0\u10d8\u10dd\u10d6\u10e3\u10da\u10d8 \u10e1\u10d0\u10db\u10d4\u10d3\u10d8\u10ea\u10d8\u10dc\u10dd \u10db\u10d3\u10d2\u10dd\u10db\u10d0\u10e0\u10d4\u10dd\u10d1\u10d0 <\/span><\/li>\n<p>\u10dc \t<\/p>\n<li style=\"font-weight: 400;\"><span style=\"font-weight: 400;\">\u10db\u10dd\u10d2\u10d6\u10d0\u10e3\u10e0\u10d7\u10d0 \u10e3\u10db\u10d4\u10e2\u10d4\u10e1\u10dd\u10d1\u10d0\u10e1 \u10e8\u10d4\u10e3\u10eb\u10da\u10d8\u10d0 \u10db\u10dd\u10dc\u10d0\u10ec\u10d8\u10da\u10d4\u10dd\u10d1\u10d0<\/span><\/li>\n<p>\u10dc<\/ol>\n<p>\u10dc<\/p>\n<h4><b><i>\u1c92\u10d0\u10e3\u10e5\u10db\u10d4\u10d1\u10d8\u10e1 \u10de\u10d8\u10e0\u10dd\u10d1\u10d4\u10d1\u10d8<\/i><\/b><\/h4>\n<p>\u10d7\u10d0\u10dc\u10ee\u10d8\u10e1 \u10e1\u10e0\u10e3\u10da\u10d8 \u10d3\u10d0\u10d1\u10e0\u10e3\u10dc\u10d4\u10d1\u10d8\u10e1\u10d7\u10d5\u10d8\u10e1 \u10d2\u10d7\u10ee\u10dd\u10d5\u10d7, \u10ec\u10d0\u10d8\u10d9\u10d8\u10d7\u10ee\u10dd\u10d7 \u10e9\u10d5\u10d4\u10dc\u10d8 \u10d2\u10d0\u10e3\u10e5\u10db\u10d4\u10d1\u10d8\u10e1 \u10de\u10dd\u10da\u10d8\u10e2\u10d8\u10d9\u10d0\u00a0<a href=\"https:\/\/www.boattoursamana.com\/ka\/%e1%83%9d%e1%83%9c%e1%83%9a%e1%83%90%e1%83%98%e1%83%9c-%e1%83%93%e1%83%90%e1%83%af%e1%83%90%e1%83%95%e1%83%a8%e1%83%9c%e1%83%90\/\" target=\"_blank\" rel=\"noopener\" data-saferedirecturl=\"https:\/\/www.google.com\/url?q=https:\/\/www.boattoursamana.com\/online-booking\/&amp;source=gmail&amp;ust=1672449202351000&amp;usg=AOvVaw1yAeVAPktmaVCqDujgUn90\">\u1c93\u10d0\u10d0\u10d9\u10da\u10d8\u10d9\u10d4 \u10d0\u10e5<\/a>. \u10d7\u10d0\u10dc\u10ee\u10d4\u10d1\u10d8 \u10d3\u10d0\u10d8\u10d9\u10d0\u10e0\u10d2\u10d4\u10d1\u10d0, \u10d7\u10e3 \u10ef\u10d0\u10d5\u10e8\u10d0\u10dc\u10d8 \u10d2\u10d0\u10e3\u10e5\u10db\u10d3\u10d4\u10d1\u10d0 \u10db\u10dd\u10d2\u10d6\u10d0\u10e3\u10e0\u10dd\u10d1\u10d8\u10e1 \u10d8\u10db\u10d0\u10d5\u10d4 \u10d3\u10e6\u10d4\u10e1.<\/p>\n\n\t\t<\/div>\n\t<\/div>\n<\/div><\/div><\/div><\/div><div class=\"vc_row wpb_row vc_row-fluid\" ><div class=\"wpb_column vc_column_container vc_col-sm-12\"><div class=\"vc_column-inner\"><div class=\"wpb_wrapper\"><div class=\"vc_empty_space\"   style=\"height: 32px\"><span class=\"vc_empty_space_inner\"><\/span><\/div>\n\t<div class=\"wpb_video_widget wpb_content_element vc_clearfix   vc_video-aspect-ratio-169 vc_video-el-width-100 vc_video-align-left\" >\n\t\t<div class=\"wpb_wrapper\">\n\t\t\t<h2 class=\"wpb_heading wpb_video_heading\">\u10db\u10dd\u10dc\u10e2\u10d0\u10dc\u10d0 \u10e0\u10d4\u10d3\u10dd\u10dc\u10d3\u10d0\u10e1 \u10d5\u10d8\u10d3\u10d4\u10dd:<\/h2>\n\t\t\t<div class=\"wpb_video_wrapper\"><iframe loading=\"lazy\" title=\"\u10db\u10dd\u10dc\u10e2\u10d0\u10dc\u10d0 \u10e0\u10d4\u10d3\u10dd\u10dc\u10d3\u10d0 | Punta Cana | \u10e0\u10d4\u10e1\u10de\u10e3\u10d1\u10da\u10d8\u10d9\u10d0 \u10d3\u10dd\u10db\u10d8\u10dc\u10d8\u10d9\u10d0\u10dc\u10d0 | \u10db\u10d8\u10ee\u10d4\u10e1\" width=\"1100\" height=\"619\" src=\"https:\/\/www.youtube.com\/embed\/VMXCABYGIYs?feature=oembed\" frameborder=\"0\" allow=\"accelerometer; autoplay; clipboard-write; encrypted-media; gyroscope; picture-in-picture; web-share\" allowfullscreen><\/iframe><\/div>\n\t\t<\/div>\n\t<\/div>\n<div class=\"vc_empty_space\"   style=\"height: 32px\"><span class=\"vc_empty_space_inner\"><\/span><\/div><\/div><\/div><\/div><\/div><div class=\"vc_row wpb_row vc_row-fluid\" ><\/div><div class=\"wpb_column vc_column_container vc_col-sm-12\"><div class=\"vc_column-inner\"><div class=\"wpb_wrapper\"><\/div><\/div><\/div><div class=\"vc_empty_space\"   style=\"height: 32px\"><span class=\"vc_empty_space_inner\"><\/span><\/div>\n\t<div class=\"wpb_text_column wpb_content_element\" >\n\t\t<div class=\"wpb_wrapper\">\n\t\t\t<p>\n\u10dc<br \/>\n\u10db\u10d4 \u10d5\u10d0\u10e0 \u10e2\u10d4\u10e5\u10e1\u10e2\u10e3\u10e0\u10d8 \u10d1\u10da\u10dd\u10d9\u10d8. \u10d0\u10db \u10e2\u10d4\u10e5\u10e1\u10e2\u10d8\u10e1 \u10e8\u10d4\u10e1\u10d0\u10ea\u10d5\u10da\u10d4\u10da\u10d0\u10d3 \u10d3\u10d0\u10d0\u10ec\u10d9\u10d0\u10de\u10e3\u10dc\u10d4\u10d7 \u10e0\u10d4\u10d3\u10d0\u10e5\u10e2\u10d8\u10e0\u10d4\u10d1\u10d8\u10e1 \u10e6\u10d8\u10da\u10d0\u10d9\u10d6\u10d4. Lorem ipsum dolor sit amet, consectetur adipiscing elit. Ut elit tellus, luctus nec ullamcorper mattis, pulvinar dapibus leo.<br \/>\n\u10dc<br \/>\n\u10dc<\/p>\n\n\t\t<\/div>\n\t<\/div>\n<div class=\"vc_empty_space\"   style=\"height: 32px\"><span class=\"vc_empty_space_inner\"><\/span><\/div>","protected":false},"excerpt":{"rendered":"<p>Obtenga sus boletos de pase de un d\u00eda para Montana Redonda. Reserve ahora su viaje a la monta\u00f1a y almuerce con nosotros mientras puede disfrutar de las incre\u00edbles vistas y tener el mejor viaje seguro de su vida. n n n nSeleccione la fecha para el \u10e2\u10e3\u10e0\u10d8:\u00a0 &nbsp;<\/p>","protected":false},"author":2,"featured_media":0,"parent":0,"menu_order":0,"comment_status":"open","ping_status":"closed","template":"","meta":{"footnotes":""},"class_list":["post-15831","page","type-page","status-publish","hentry"],"_links":{"self":[{"href":"https:\/\/www.boattoursamana.com\/ka\/wp-json\/wp\/v2\/pages\/15831","targetHints":{"allow":["GET"]}}],"collection":[{"href":"https:\/\/www.boattoursamana.com\/ka\/wp-json\/wp\/v2\/pages"}],"about":[{"href":"https:\/\/www.boattoursamana.com\/ka\/wp-json\/wp\/v2\/types\/page"}],"author":[{"embeddable":true,"href":"https:\/\/www.boattoursamana.com\/ka\/wp-json\/wp\/v2\/users\/2"}],"replies":[{"embeddable":true,"href":"https:\/\/www.boattoursamana.com\/ka\/wp-json\/wp\/v2\/comments?post=15831"}],"version-history":[{"count":0,"href":"https:\/\/www.boattoursamana.com\/ka\/wp-json\/wp\/v2\/pages\/15831\/revisions"}],"wp:attachment":[{"href":"https:\/\/www.boattoursamana.com\/ka\/wp-json\/wp\/v2\/media?parent=15831"}],"curies":[{"name":"wp","href":"https:\/\/api.w.org\/{rel}","templated":true}]}}