{"id":15734,"date":"2023-07-15T07:42:45","date_gmt":"2023-07-15T07:42:45","guid":{"rendered":"https:\/\/www.ticketswhales.com\/2-hours-kayak-los-haitises\/"},"modified":"2023-07-15T07:42:45","modified_gmt":"2023-07-15T07:42:45","slug":"2-hours-kayak-los-haitises","status":"publish","type":"page","link":"https:\/\/www.boattoursamana.com\/ko\/2-hours-kayak-los-haitises","title":{"rendered":"2\uc2dc\uac04 \uce74\uc57d \ub85c\uc2a4\ud558\uc774\ud2f0\uc138\uc2a4"},"content":{"rendered":"<p>Sabana de la Mar \ub610\ub294 Ca\u00f1o Hondo \ud638\ud154\uc5d0\uc11c \ucd9c\ubc1c\ud558\uc5ec \ub85c\uc2a4\ud558\uc774\ud2f0\uc138\uc2a4 \uad6d\ub9bd\uacf5\uc6d0\uc73c\ub85c\uc758 \uc5ec\ud589. \ud604\uc9c0 \ud22c\uc5b4 \uac00\uc774\ub4dc\uc640 \ud568\uaed8 \ub85c\uc2a4\ud558\uc774\ud2f0\uc138\uc2a4 \uad6d\ub9bd\uacf5\uc6d0\uc5d0\uc11c \ub9f9\uadf8\ub85c\ube0c \uce74\uc57d\uc744 \uc990\uaca8\ubcf4\uc138\uc694. Ca\u00f1o Hondo \uac15\uc758 \ub9f9\uadf8\ub85c\ube0c \ubc29\ubb38\uacfc Los Haitises \uad6d\ub9bd\uacf5\uc6d0\uc758 San Lorenzo Bay \uac1c\uc694, Sabana de la Mar Ca\u00f1o Hondo \uc9c0\uc5ed. \ub3d9\uad74 \ubc29\ubb38\uc5d0 \uad00\uc2ec\uc774 \uc788\uc73c\uc2dc\uba74 4\uc2dc\uac04 \uce74\uc57d\uc744 \uc608\uc57d\ud558\uc138\uc694. <a href=\"https:\/\/www.boattoursamana.com\/ko\/tours-excursions\/%ec%b9%b4%ec%95%bd-2\/%ec%b9%b4%eb%85%b8-%ed%98%bc%eb%8f%84cano-hondo%ec%9d%98-%ed%88%ac%ec%96%b4-%ea%b0%80%ec%9d%b4%eb%93%9c%ec%99%80-%ed%95%a8%ea%bb%98-%eb%a1%9c%ec%8a%a4%ed%95%98%ec%9d%b4%ed%8b%b0%ec%8a%a4%ec%97%90\/\">\uc5ec\uae30\ub85c \uc5ec\ud589.<\/a><br \/>\nN<\/p>\n<ul>\nN \t<\/p>\n<li style=\"font-weight: 400;\"><span style=\"font-weight: 400;\">\uac00\uc774\ub4dc\ub294 \uad50\uc721\uacfc \uac10\ub3c5\uc744 \uc81c\uacf5\ud569\ub2c8\ub2e4.<\/span><\/li>\n<p>N \t<\/p>\n<li>\uce74\uc57d\uacfc \ud328\ub4e4\uc740 2\uc778\uc6a9 Doble\uacfc 1\uc778\uc6a9 Simple\uc744 \ubaa8\ub450 \uc774\uc6a9\ud560 \uc218 \uc788\uc2b5\ub2c8\ub2e4.<\/li>\n<p>N<\/ul>\n<p>N&Nbsp;<br \/>\nN<br \/>\nnSet this tour with a Hiking Trail and learn about the history of Los Haitises National Park with Locals.<br \/>\nN<br \/>\nN&Nbsp;<br \/>\nN<br \/>\nN<strong>\ud22c\uc5b4 \ub0a0\uc9dc\ub97c \uc120\ud0dd\ud558\uc138\uc694.\u00a0<\/strong><\/p>\n<p>&nbsp;<\/p>\n<div class=\"vc_row wpb_row vc_row-fluid\" ><div class=\"wpb_column vc_column_container vc_col-sm-12\"><div class=\"vc_column-inner\"><div class=\"wpb_wrapper\"><div class=\"vc_btn3-container vc_btn3-inline\" ><a class=\"vc_general vc_btn3 vc_btn3-size-md vc_btn3-shape-rounded vc_btn3-style-modern vc_btn3-color-green\" href=\"https:\/\/bookingadventures.tours\/booking.php?tour_id=76244158e4bf48f84872b711d82fa754\" title=\"\" rel=\"noopener\">\uc9c0\uae08 \uc608\uc57d<\/a><\/div><div class=\"mkdf-section-title-holder\" style=\"text-align: left\">\n\t<div class=\"mkdf-st-inner\">\n\t\t\t\t\t<h5 class=\"mkdf-st-subtitle\" >\n\t\t\t\t\uce74\uc57d \ubc0f \uc9c0\uc5ed \uac00\uc774\ub4dc\t\t\t<\/h5>\n\t\t\t\t\t\t\t<h3 class=\"mkdf-st-title\" >\n\t\t\t\tCa\u00f1o Hondo\uc758 \ud22c\uc5b4 \uac00\uc774\ub4dc\uc640 \ud568\uaed8 \ub85c\uc2a4 \ud558\uc774\ud2f0\uc138\uc2a4 \uad6d\ub9bd\uacf5\uc6d0\uc5d0\uc11c \uce74\uc57d 2\uc2dc\uac04\t\t\t<\/h3>\n\t\t\t\t\t<\/div>\n<\/div><\/div><\/div><\/div><\/div><div class=\"vc_row wpb_row vc_row-fluid\" ><div class=\"wpb_column vc_column_container vc_col-sm-12\"><div class=\"vc_column-inner\"><div class=\"wpb_wrapper\"><div class=\"vc_empty_space\"   style=\"height: 32px\"><span class=\"vc_empty_space_inner\"><\/span><\/div><\/div><\/div><\/div><\/div><div class=\"vc_row wpb_row vc_row-fluid\" ><div class=\"wpb_column vc_column_container vc_col-sm-12\"><div class=\"vc_column-inner\"><div class=\"wpb_wrapper\">\n\t<div class=\"wpb_text_column wpb_content_element\" >\n\t\t<div class=\"wpb_wrapper\">\n\t\t\t<p>\nN<\/p>\n<h4><b><i>\uac1c\uc694 <\/i><\/b><\/h4>\n<p>nKayaking Mangroves in Los Haitises National Park with a local tour guide 2 Hours. Visiting Mangroves in Cano Hondo River plus an Overview of the San Lorenzo Bay in Los Haitises National park, Sabana de la mar Cano Hondo area. In Case you will like longer: <a href=\"https:\/\/www.boattoursamana.com\/ko\/tours-excursions\/%ec%b9%b4%ec%95%bd-2\/%ec%b9%b4%eb%85%b8-%ed%98%bc%eb%8f%84cano-hondo%ec%9d%98-%ed%88%ac%ec%96%b4-%ea%b0%80%ec%9d%b4%eb%93%9c%ec%99%80-%ed%95%a8%ea%bb%98-%eb%a1%9c%ec%8a%a4%ed%95%98%ec%9d%b4%ed%8b%b0%ec%8a%a4%ec%97%90\/\"><strong>\ub85c\uc2a4\ud558\uc774\ud2f0\uc138\uc2a4\uc5d0\uc11c \uce74\uc57d 4\uc2dc\uac04.<\/strong><\/a><br \/>\nN<\/p>\n<ul>\nN \t<\/p>\n<li style=\"font-weight: 400;\"><span style=\"font-weight: 400;\">\uac00\uc774\ub4dc\ub294 \uad50\uc721\uacfc \uac10\ub3c5\uc744 \uc81c\uacf5\ud569\ub2c8\ub2e4.<\/span><\/li>\n<p>N \t<\/p>\n<li>\uce74\uc57d\uacfc \ud328\ub4e4\uc740 2\uc778\uc6a9 Doble\uacfc 1\uc778\uc6a9 Simple\uc744 \ubaa8\ub450 \uc774\uc6a9\ud560 \uc218 \uc788\uc2b5\ub2c8\ub2e4.<\/li>\n<p>N<\/ul>\n<p>N&Nbsp;<br \/>\nN<\/p>\n<h4><b>\ud3ec\ud568 \ubc0f \uc81c\uc678<\/b><\/h4>\n<p>N&Nbsp;<br \/>\nN<br \/>\nN<b>\ud3ec\ud568\uc0ac\ud56d<\/b><br \/>\nN<br \/>\nN&Nbsp;<br \/>\nN<\/p>\n<ol>\nN \t<\/p>\n<li style=\"font-weight: 400;\">\uce74\uc57d \uc5ec\ud589<\/li>\n<p>N \t<\/p>\n<li style=\"font-weight: 400;\"><span style=\"font-weight: 400;\">\ubaa8\ub4e0 \uc138\uae08, \uc218\uc218\ub8cc \ubc0f \ucde8\uae09 \ube44\uc6a9<\/span><\/li>\n<p>N \t<\/p>\n<li style=\"font-weight: 400;\"><span style=\"font-weight: 400;\">\uc9c0\ubc29\uc138<\/span><\/li>\n<p>N \t<\/p>\n<li style=\"font-weight: 400;\"><span style=\"font-weight: 400;\">\uc9c0\uc5ed \uac00\uc774\ub4dc<\/span><\/li>\n<p>N<\/ol>\n<p>N<b> \uc81c\uc678<\/b><br \/>\nN<\/p>\n<ol>\nN \t<\/p>\n<li style=\"font-weight: 400;\"><span style=\"font-weight: 400;\">\ud301<\/span><\/li>\n<p>N \t<\/p>\n<li style=\"font-weight: 400;\"><span style=\"font-weight: 400;\">\uc62e\uae30\ub2e4<\/span><\/li>\n<p>N \t<\/p>\n<li>\uc810\uc2ec \uc2dd\uc0ac\ub294 \ud3ec\ud568\ub418\uc5b4 \uc788\uc9c0 \uc54a\uc2b5\ub2c8\ub2e4<\/li>\n<p>N \t<\/p>\n<li>\ub3d9\uad74\uc740 \ud3ec\ud568\ub418\uc9c0 \uc54a\uc2b5\ub2c8\ub2e4<\/li>\n<p>N \t<\/p>\n<li style=\"font-weight: 400;\"><span style=\"font-weight: 400;\">\uc54c\ucf54\uc62c \uc74c\ub8cc<\/span><\/li>\n<p>N<\/ol>\n<p>N&Nbsp;<br \/>\nN<\/p>\n<h4><em><strong>\ucd9c\ubc1c \ubc0f \uadc0\uad6d<\/strong><\/em><\/h4>\n<p>N<span style=\"font-weight: 400;\">\uc5ec\ud589\uc790\ub294 \uc608\uc57d \uc808\ucc28\uac00 \uc644\ub8cc\ub41c \ud6c4 \ubbf8\ud305 \uc7a5\uc18c\ub97c \uac16\uac8c \ub429\ub2c8\ub2e4. \ud22c\uc5b4\ub294 \ubbf8\ud305 \uc7a5\uc18c\uc5d0\uc11c \uc2dc\uc791\ub418\uace0 \uc885\ub8cc\ub429\ub2c8\ub2e4.<\/span><br \/>\nN<br \/>\nN&Nbsp;<br \/>\nN<\/p>\n<h4><b><i>\ubb58 \uae30\ub300 \ud560\uae4c?<\/i><\/b><\/h4>\n<p>N&Nbsp;<br \/>\nN<br \/>\nN<em><strong>\ud2f0\ucf13 \ubc1b\uae30<\/strong><\/em> \ud604\uc9c0 \ud22c\uc5b4 \uac00\uc774\ub4dc\uc640 \ud568\uaed8 Ca\u00f1o Hondo River Forest(\ub9f9\uadf8\ub85c\ube0c \uc232)\ub97c \uce74\uc57d\uc73c\ub85c 2\uc2dc\uac04 \ub3d9\uc548 \ubc29\ubb38\ud569\ub2c8\ub2e4.<br \/>\nN<br \/>\nnWhen we get all types of equipment required for your safety\u00a0 (Lifejackets, etc)\u00a0 \u00a0the action start Kayaking from Ca\u00f1o Hondo port River.<br \/>\nN<br \/>\nN<span style=\"font-weight: 400;\">&quot;Booking Adventures&quot;\uac00 \uc8fc\ucd5c\ud558\ub294 \ud22c\uc5b4\ub294 \ud22c\uc5b4 \uac00\uc774\ub4dc\uac00 \uc815\ud55c \ubbf8\ud305 \uc7a5\uc18c\uc5d0\uc11c \uc2dc\uc791\ub429\ub2c8\ub2e4. <\/span>\uce74\uc57d\uc744 \ud0c0\uace0 \ub9f9\uadf8\ub85c\ube0c \ub2aa\uc744 \ud1b5\uacfc\ud558\uace0 \uace0\ub300 \ud574\uc801 \ub3d9\uad74\uc744 \uc9c0\ub098 Cano Hondo Hotels \uc9c0\uc5ed\uc774\ub098 Sabana de la Mar\uc5d0\uc11c \uc2dc\uc791\ud558\ub294 \uc774 \uadf8\ub9bc \uac19\uc740 \ubcf4\ud638\uad6c\uc5ed\uc758 \ubcf4\ud638\ub41c \uc232\uc73c\ub85c \uac00\ubcf4\uc138\uc694.<br \/>\nN<\/p>\n<div class=\"body-description secondary\">\nN<br \/>\nnCome with Booking Adventures and start checking some bird-filled mangroves, rolling hills of lush vegetation and caves of <em><strong>\ub85c\uc2a4\ud558\uc774\ud2f0\uc138\uc2a4 \uad6d\ub9bd\uacf5\uc6d0<\/strong><\/em>. \uce74\ub178 \ud63c\ub3c4(Cano Hondo) \uac15, \uc0ac\ubc14\ub098 \ub370 \ub77c \ub9c8\ub974(Sabana de la Mar)\uc5d0\uc11c \uce74\uc57d \uc5ec\ud589. \ub9f9\uadf8\ub85c\ube0c\ub97c \ud1b5\uacfc\ud558\uace0 \ud0c1 \ud2b8\uc778 \uc0b0 \ub85c\ub80c\uc870 \ubca0\uc774(San Lorenzo Bay)\uc5d0 \ucc29\ub959\ud558\uc5ec \uc6b8\ud241\ubd88\ud241\ud55c \uc232 \ud48d\uacbd\uc744 \uc0ac\uc9c4\uc5d0 \ub2f4\uc744 \uc218 \uc788\uc2b5\ub2c8\ub2e4. \ubb3c\uc18d\uc744 \ubc14\ub77c\ubcf4\uba70 \ubc1c\uacac\ud558\ub77c <em><strong>\ub9e4\ub108\ud2f0<\/strong><\/em>, \uac11\uac01\ub958 \ubc0f <em><strong>\ub3cc\uace0\ub798.<\/strong><\/em><br \/>\nN<br \/>\nnIn case you will like this trip Longer we have a second option: <a href=\"https:\/\/www.boattoursamana.com\/ko\/tours-excursions\/%ec%b9%b4%ec%95%bd-2\/%ec%b9%b4%eb%85%b8-%ed%98%bc%eb%8f%84cano-hondo%ec%9d%98-%ed%88%ac%ec%96%b4-%ea%b0%80%ec%9d%b4%eb%93%9c%ec%99%80-%ed%95%a8%ea%bb%98-%eb%a1%9c%ec%8a%a4%ed%95%98%ec%9d%b4%ed%8b%b0%ec%8a%a4%ec%97%90\/\"><em><strong>\ub85c\uc2a4\ud558\uc774\ud2f0\uc138\uc2a4\uc5d0\uc11c \uce74\uc57d \ud0c0\uae30 4\uc2dc\uac04<\/strong><\/em><\/a><br \/>\nN<br \/>\nnThe Tour finish at the starting point in Los Haitises National Park. We Recommend this trip at 6: 00 am in Case you will like to see <em><strong>\ub9e4\ub108\ud2f0<\/strong><\/em>, \uac11\uac01\ub958 \ubc0f <em><strong>\ub3cc\uace0\ub798.<\/strong><\/em><br \/>\nN<br \/>\nN<\/div>\n<p>N<em><strong>\uc624\uc804 6\uc2dc<\/strong><\/em> \uad6d\ub9bd\uacf5\uc6d0 Los Haitises\uc5d0\ub294 \uc544\uc9c1\ub3c4 \ubcf4\ud2b8\uac00 \uc5c6\uc744 \uc815\ub3c4\ub85c \uc774\ub978 \uc2dc\uac04\uc785\ub2c8\ub2e4.<br \/>\nN<\/p>\n<h4><em><strong>\ubb34\uc5c7\uc744 \uac00\uc838\uc640\uc57c\ud569\ub2c8\uae4c?<\/strong><\/em><\/h4>\n<p>N<\/p>\n<ul>\nN \t<\/p>\n<li style=\"font-weight: 400;\"><span style=\"font-weight: 400;\">\uce74\uba54\ub77c<\/span><\/li>\n<p>N \t<\/p>\n<li style=\"font-weight: 400;\"><span style=\"font-weight: 400;\">\uad6c\ucda9\uc81c \uc0c8\uc2f9<\/span><\/li>\n<p>N \t<\/p>\n<li style=\"font-weight: 400;\"><span style=\"font-weight: 400;\">\uc120\ud06c\ub9bc<\/span><\/li>\n<p>N \t<\/p>\n<li style=\"font-weight: 400;\"><span style=\"font-weight: 400;\">\ubaa8\uc790<\/span><\/li>\n<p>N \t<\/p>\n<li style=\"font-weight: 400;\"><span style=\"font-weight: 400;\">\ud3b8\uc548\ud55c \ubc14\uc9c0<\/span><\/li>\n<p>N \t<\/p>\n<li style=\"font-weight: 400;\"><span style=\"font-weight: 400;\">\uc0cc\ub4e4\u00a0<\/span><\/li>\n<p>N \t<\/p>\n<li style=\"font-weight: 400;\"><span style=\"font-weight: 400;\">\uc218\uc601\ubcf5<\/span><\/li>\n<p>N<\/ul>\n<p>N&Nbsp;<br \/>\nN<\/p>\n<h4><b><i>\ud638\ud154 \ud53d\uc5c5 <\/i><\/b><\/h4>\n<p>N<span style=\"font-weight: 400;\">\ubcf8 \ud22c\uc5b4\uc5d0\ub294 \ud638\ud154 \ud53d\uc5c5\uc774 \uc81c\uacf5\ub418\uc9c0 \uc54a\uc2b5\ub2c8\ub2e4. <\/span><br \/>\nN<br \/>\nN&Nbsp;<br \/>\nN<br \/>\nN<b>\uba54\ubaa8:<\/b><span style=\"font-weight: 400;\"> \ud22c\uc5b4\/\uc5ec\ud589 \ucd9c\ubc1c \uc2dc\uac04 24\uc2dc\uac04 \uc774\ub0b4\uc5d0 \uc608\uc57d\ud558\uc2dc\ub294 \uacbd\uc6b0, \ucd94\uac00 \uc694\uae08\uc73c\ub85c \ud638\ud154 \ud53d\uc5c5\uc744 \uc900\ube44\ud574 \ub4dc\ub9b4 \uc218 \uc788\uc2b5\ub2c8\ub2e4. \uad6c\ub9e4\uac00 \uc644\ub8cc\ub418\uba74 \ud53d\uc5c5 \uc900\ube44\ub97c \uc704\ud574 \ud604\uc9c0 \ud22c\uc5b4 \uac00\uc774\ub4dc\uc758 \uc804\uccb4 \uc5f0\ub77d\ucc98 \uc815\ubcf4(\uc804\ud654\ubc88\ud638, \uc774\uba54\uc77c \uc8fc\uc18c \ub4f1)\ub97c \ubcf4\ub0b4\ub4dc\ub9bd\ub2c8\ub2e4.<\/span><br \/>\nN<\/p>\n<h4><b><i>\ucd94\uac00\uc815\ubcf4 \ud655\uc778 <\/i><\/b><\/h4>\n<p>N<\/p>\n<ol>\nN \t<\/p>\n<li>\ud2f0\ucf13\uc740 \ubcf8 \ud22c\uc5b4 \uacb0\uc81c \ud6c4 \uc601\uc218\uc99d\uc785\ub2c8\ub2e4. \ud734\ub300\ud3f0\uc73c\ub85c \uacb0\uc81c\ub0b4\uc5ed\uc744 \ubcf4\uc5ec\uc8fc\uc2e4 \uc218 \uc788\uc2b5\ub2c8\ub2e4.<\/li>\n<p>N \t<\/p>\n<li style=\"font-weight: 400;\"><span style=\"font-weight: 400;\">\ubbf8\ud305 \ud3ec\uc778\ud2b8\ub294 \uc608\uc57d \uc808\ucc28 \uc774\ud6c4\uc5d0 \uc81c\uacf5\ub429\ub2c8\ub2e4.<\/span><\/li>\n<p>N \t<\/p>\n<li style=\"font-weight: 400;\"><span style=\"font-weight: 400;\">\uc5b4\ub9b0\uc774\ub294 \ubc18\ub4dc\uc2dc \uc131\uc778\uacfc \ub3d9\ubc18\ud574\uc57c \ud569\ub2c8\ub2e4.<\/span><\/li>\n<p>N \t<\/p>\n<li style=\"font-weight: 400;\"><span style=\"font-weight: 400;\"> \ud720\uccb4\uc5b4 \uc774\uc6a9 \ubd88\uac00 <\/span><\/li>\n<p>N \t<\/p>\n<li style=\"font-weight: 400;\"><span style=\"font-weight: 400;\">\uc720\uc544\ub294 \ubb34\ub98e\uc5d0 \uc549\ud600\uc57c \ud569\ub2c8\ub2e4. <\/span><\/li>\n<p>N \t<\/p>\n<li style=\"font-weight: 400;\"><span style=\"font-weight: 400;\">\ud5c8\ub9ac\uc5d0 \ubb38\uc81c\uac00 \uc788\ub294 \uc5ec\ud589\uc790\uc5d0\uac8c\ub294 \uad8c\uc7a5\ub418\uc9c0 \uc54a\uc2b5\ub2c8\ub2e4.<\/span><\/li>\n<p>N \t<\/p>\n<li style=\"font-weight: 400;\"><span style=\"font-weight: 400;\">\uc784\uc2e0\ud55c \uc5ec\ud589\uc790\uc5d0\uac8c\ub294 \uad8c\uc7a5\ub418\uc9c0 \uc54a\uc2b5\ub2c8\ub2e4. <\/span><\/li>\n<p>N \t<\/p>\n<li style=\"font-weight: 400;\"><span style=\"font-weight: 400;\"> \uc2ec\uc7a5 \ubb38\uc81c\ub098 \uae30\ud0c0 \uc2ec\uac01\ud55c \uc9c8\ubcd1\uc774 \uc5c6\uc74c <\/span><\/li>\n<p>N \t<\/p>\n<li style=\"font-weight: 400;\"><span style=\"font-weight: 400;\">\ub300\ubd80\ubd84\uc758 \uc5ec\ud589\uc790\uac00 \ucc38\uc5ec\ud560 \uc218 \uc788\uc2b5\ub2c8\ub2e4.<\/span><\/li>\n<p>N<\/ol>\n<p>N<\/p>\n<h4><b><i>\ucde8\uc18c \uc815\ucc45<\/i><\/b><\/h4>\n<p>\uc804\uc561 \ud658\ubd88\uc744 \ubc1b\uc73c\ub824\uba74 \ucde8\uc18c \uc815\ucc45\uc744 \uc77d\uc5b4\ubcf4\uc138\uc694.\u00a0<a href=\"https:\/\/www.boattoursamana.com\/ko\/%ec%98%a8%eb%9d%bc%ec%9d%b8-%ec%98%88%ec%95%bd\/\" target=\"_blank\" rel=\"noopener\" data-saferedirecturl=\"https:\/\/www.google.com\/url?q=https:\/\/www.boattoursamana.com\/online-booking\/&amp;source=gmail&amp;ust=1672532492004000&amp;usg=AOvVaw3ylqI1cdbIPTimEqEWneyd\">\uc5ec\uae30\ub97c \ud074\ub9ad\ud558\uc138\uc694<\/a>. \uc5ec\ud589 \ub2f9\uc77c \uc608\uc57d\uc744 \ucde8\uc18c\ud558\uba74 \uc790\uae08\uc774 \uc190\uc2e4\ub429\ub2c8\ub2e4.<\/p>\n\n\t\t<\/div>\n\t<\/div>\n<div class=\"vc_btn3-container vc_btn3-inline\" ><a class=\"vc_general vc_btn3 vc_btn3-size-md vc_btn3-shape-rounded vc_btn3-style-modern vc_btn3-color-green\" href=\"https:\/\/bookingadventures.tours\/booking.php?tour_id=76244158e4bf48f84872b711d82fa754\" title=\"\" rel=\"noopener\">\uc9c0\uae08 \uc608\uc57d<\/a><\/div><\/div><\/div><\/div><\/div><div class=\"vc_row wpb_row vc_row-fluid\" ><div class=\"wpb_column vc_column_container vc_col-sm-12\"><div class=\"vc_column-inner\"><div class=\"wpb_wrapper\"><div class=\"vc_empty_space\"   style=\"height: 32px\"><span class=\"vc_empty_space_inner\"><\/span><\/div>\n\t<div class=\"wpb_text_column wpb_content_element\" >\n\t\t<div class=\"wpb_wrapper\">\n\t\t\t<p>\nN<\/p>\n<h4>\ubb38\uc758\ud558\uae30?<\/h4>\n<p>N<\/p>\n<h5><em><strong>\uc608\uc57d \ubaa8\ud5d8<\/strong><\/em><\/h5>\n<p>N<em><strong>\uc9c0\uc5ed \uc8fc\ubbfc<\/strong> \uadf8\ub9ac\uace0 <strong>\uad6d\ubbfc<\/strong> \ud22c\uc5b4 \uac00\uc774\ub4dc \ubc0f \uac8c\uc2a4\ud2b8 \uc11c\ube44\uc2a4<\/em><br \/>\nN<br \/>\nN<span class=\"text-turquoise\">\uc804\uc138:<\/span> \ub3d4 \ud22c\uc5b4 &amp; \uc18c\ud48d. \ub300\ud45c.<br \/>\nN<br \/>\nN<img decoding=\"async\" class=\"emoji\" draggable=\"false\" src=\"https:\/\/s.w.org\/images\/core\/emoji\/11.2.0\/svg\/1f4de.svg\" alt=\" \" title=\"\"> \uc804\ud654 \/ Whatsapp\u00a0 <a href=\"tel:+1-809-720-6035\">+1-809-720-6035<\/a>.<br \/>\nN<br \/>\nN<img decoding=\"async\" class=\"emoji\" draggable=\"false\" src=\"https:\/\/s.w.org\/images\/core\/emoji\/11.2.0\/svg\/1f4e9.svg\" alt=\" \" title=\"\"> <a href=\"mailto:info@bookingadventures.com.do\">info@bookingadventures.com.do<\/a><br \/>\nN<br \/>\nN<strong>\uc6b0\ub9ac\ub294 Whatsapp\uc744 \ud1b5\ud55c \uc720\uc5f0\ud55c \uac1c\uc778 \ud22c\uc5b4 \uc124\uc815\uc744 \uc81c\uacf5\ud569\ub2c8\ub2e4: <a href=\"tel:+18097206035\">+18097206035.<\/a><\/strong><\/p>\n\n\t\t<\/div>\n\t<\/div>\n<div class=\"vc_empty_space\"   style=\"height: 32px\"><span class=\"vc_empty_space_inner\"><\/span><\/div><\/div><\/div><\/div><\/div><div class=\"vc_row wpb_row vc_row-fluid\" ><div class=\"wpb_column vc_column_container vc_col-sm-12\"><div class=\"vc_column-inner\"><div class=\"wpb_wrapper\"><div class=\"vc_btn3-container vc_btn3-inline\" ><a class=\"vc_general vc_btn3 vc_btn3-size-md vc_btn3-shape-rounded vc_btn3-style-modern vc_btn3-color-green\" href=\"https:\/\/bookingadventures.tours\/booking.php?tour_id=76244158e4bf48f84872b711d82fa754\" title=\"\" rel=\"noopener\">\uc9c0\uae08 \uc608\uc57d<\/a><\/div><\/div><\/div><\/div><\/div><div class=\"vc_row wpb_row vc_row-fluid\" ><div class=\"wpb_column vc_column_container vc_col-sm-12\"><div class=\"vc_column-inner\"><div class=\"wpb_wrapper\"><\/div><\/div><\/div><\/div>","protected":false},"excerpt":{"rendered":"<p>Excursion to Los Haitises National Park starting from Sabana de la Mar or Ca\u00f1o Hondo Hotels. Kayaking Mangroves in Los Haitises National Park with a local tour guide. Visiting Mangroves in Ca\u00f1o Hondo River plus an Overview of the San Lorenzo Bay in Los Haitises National park, Sabana de la Mar Ca\u00f1o Hondo area. If you are interested in visit also the caves please book 4 Hours Kayaking trip here. n n The guide provides instruction and Supervision n Kayaks [&hellip;]<\/p>\n","protected":false},"author":2,"featured_media":0,"parent":0,"menu_order":0,"comment_status":"open","ping_status":"closed","template":"","meta":{"footnotes":""},"class_list":["post-15734","page","type-page","status-publish","hentry"],"_links":{"self":[{"href":"https:\/\/www.boattoursamana.com\/ko\/wp-json\/wp\/v2\/pages\/15734","targetHints":{"allow":["GET"]}}],"collection":[{"href":"https:\/\/www.boattoursamana.com\/ko\/wp-json\/wp\/v2\/pages"}],"about":[{"href":"https:\/\/www.boattoursamana.com\/ko\/wp-json\/wp\/v2\/types\/page"}],"author":[{"embeddable":true,"href":"https:\/\/www.boattoursamana.com\/ko\/wp-json\/wp\/v2\/users\/2"}],"replies":[{"embeddable":true,"href":"https:\/\/www.boattoursamana.com\/ko\/wp-json\/wp\/v2\/comments?post=15734"}],"version-history":[{"count":0,"href":"https:\/\/www.boattoursamana.com\/ko\/wp-json\/wp\/v2\/pages\/15734\/revisions"}],"wp:attachment":[{"href":"https:\/\/www.boattoursamana.com\/ko\/wp-json\/wp\/v2\/media?parent=15734"}],"curies":[{"name":"wp","href":"https:\/\/api.w.org\/{rel}","templated":true}]}}