{"id":15737,"date":"2023-07-15T07:42:45","date_gmt":"2023-07-15T07:42:45","guid":{"rendered":"https:\/\/www.ticketswhales.com\/zip-line-samana-el-valle-with-lunch-on-the-beach\/"},"modified":"2023-07-15T07:42:45","modified_gmt":"2023-07-15T07:42:45","slug":"zip-line-samana-el-valle-with-lunch-on-the-beach","status":"publish","type":"page","link":"https:\/\/www.boattoursamana.com\/ko\/%ed%95%b4%eb%b3%80%ec%97%90%ec%84%9c-%ec%a0%90%ec%8b%ac-%ec%8b%9d%ec%82%ac%ec%99%80-%ed%95%a8%ea%bb%98-%ec%a7%91%eb%9d%bc%ec%9d%b8-%ec%82%ac%eb%a7%88%eb%82%98-%ec%97%98-%eb%b0%9c%eb%a0%88","title":{"rendered":"\uc9da\ub77c\uc778 \uc0ac\ub9c8\ub098 \uc5d8 \ubc1c\ub808(Zip Line Saman\u00e1 El Valle) \ubc0f \ud574\ubcc0\uc5d0\uc11c \uc810\uc2ec \uc2dd\uc0ac"},"content":{"rendered":"<p><span style=\"vertical-align: inherit;\"><span style=\"vertical-align: inherit;\">Tirolesa en Saman\u00e1, El Valle m\u00e1s Almuerzo en la playa. <\/span><span style=\"vertical-align: inherit;\">\u00a1Ven con nosotros y Visita una de las tirolesas m\u00e1s largas del Caribe 12\uac1c \ub178\uc120, 13\uac1c \uac74\ubb3c \ubc0f \ucd5c\ub300 7,400\uac1c \ucf00\uc774\ube14 \ucf00\uc774\ube14!<\/span><\/span><br \/>\nN<br \/>\nN<span style=\"vertical-align: inherit;\"><span style=\"vertical-align: inherit;\">Despu\u00e9s de esta experiencia, Tendr\u00e1 su timpo en la playa m\u00e1s un almuerzo local en la playa.<\/span><\/span><br \/>\nN<br \/>\nN&Nbsp;<br \/>\nN<br \/>\nN<em><strong><span style=\"vertical-align: inherit;\"><span style=\"vertical-align: inherit;\">\uc140\ub809\uc2dc\uc624\ub124 \ub77c \ud398\ucc28 \ud30c\ub77c \uc5d8 \ud22c\uc5b4\u00a0<\/span><\/span><\/strong><\/em><\/p>\n<p>&nbsp;<\/p>\n<div class=\"vc_row wpb_row vc_row-fluid\" ><div class=\"wpb_column vc_column_container vc_col-sm-12\"><div class=\"vc_column-inner\"><div class=\"wpb_wrapper\"><div class=\"mkdf-section-title-holder\" style=\"text-align: left\">\n\t<div class=\"mkdf-st-inner\">\n\t\t\t\t\t<h5 class=\"mkdf-st-subtitle\" >\n\t\t\t\t\uc9d1\ub77c\uc778 \ubaa8\ud5d8\t\t\t<\/h5>\n\t\t\t\t\t\t\t<h3 class=\"mkdf-st-title\" >\n\t\t\t\t\uc9da\ub77c\uc778 \uc0ac\ub9c8\ub098, \uc5d8 \ubc1c\ub808, \ud574\ubcc0\uc5d0\uc11c \uc810\uc2ec \uc2dd\uc0ac\t\t\t<\/h3>\n\t\t\t\t\t<\/div>\n<\/div><div class=\"vc_btn3-container vc_btn3-inline\" ><button class=\"vc_general vc_btn3 vc_btn3-size-md vc_btn3-shape-rounded vc_btn3-style-modern vc_btn3-color-green\">\uc9c0\uae08 \uc608\uc57d<\/button><\/div><\/div><\/div><\/div><\/div><div class=\"vc_row wpb_row vc_row-fluid\" ><div class=\"wpb_column vc_column_container vc_col-sm-12\"><div class=\"vc_column-inner\"><div class=\"wpb_wrapper\"><div class=\"vc_empty_space\"   style=\"height: 32px\"><span class=\"vc_empty_space_inner\"><\/span><\/div><\/div><\/div><\/div><\/div><div class=\"vc_row wpb_row vc_row-fluid\" ><\/div><div class=\"wpb_column vc_column_container vc_col-sm-12\"><div class=\"vc_column-inner\"><div class=\"wpb_wrapper\"><\/div><\/div><\/div><div class=\"vc_row wpb_row vc_row-fluid\" ><\/div><div class=\"wpb_column vc_column_container vc_col-sm-12\"><div class=\"vc_column-inner\"><div class=\"wpb_wrapper\"><\/div><\/div><\/div><div class=\"vc_empty_space\"   style=\"height: 32px\"><span class=\"vc_empty_space_inner\"><\/span><\/div><div class=\"vc_row wpb_row vc_row-fluid\" ><div class=\"wpb_column vc_column_container vc_col-sm-12\"><div class=\"vc_column-inner\"><div class=\"wpb_wrapper\"><div class=\"vc_btn3-container vc_btn3-inline\" ><button class=\"vc_general vc_btn3 vc_btn3-size-md vc_btn3-shape-rounded vc_btn3-style-modern vc_btn3-color-green\">\uc9c0\uae08 \uc608\uc57d<\/button><\/div><\/div><\/div><\/div><\/div>","protected":false},"excerpt":{"rendered":"<p>Tirolesa en Saman\u00e1, El Valle m\u00e1s Almuerzo en la playa. \u00a1Ven con nosotros y Visita una de las tirolesas m\u00e1s largas del Caribe 12\uac1c \ub178\uc120, 13\uac1c \uac74\ubb3c \ubc0f \ucd5c\ub300 7,400\uac1c \ucf00\uc774\ube14 \ucf00\uc774\ube14! n n Despu\u00e9s de esta experience, Tendr\u00e1 su timpo en la playa m\u00e1s un almuerzo local en la playa. n n n nSelectione la fecha para el \ud22c\uc5b4\u00a0 &nbsp;<\/p>","protected":false},"author":2,"featured_media":0,"parent":0,"menu_order":0,"comment_status":"open","ping_status":"closed","template":"","meta":{"footnotes":""},"class_list":["post-15737","page","type-page","status-publish","hentry"],"_links":{"self":[{"href":"https:\/\/www.boattoursamana.com\/ko\/wp-json\/wp\/v2\/pages\/15737","targetHints":{"allow":["GET"]}}],"collection":[{"href":"https:\/\/www.boattoursamana.com\/ko\/wp-json\/wp\/v2\/pages"}],"about":[{"href":"https:\/\/www.boattoursamana.com\/ko\/wp-json\/wp\/v2\/types\/page"}],"author":[{"embeddable":true,"href":"https:\/\/www.boattoursamana.com\/ko\/wp-json\/wp\/v2\/users\/2"}],"replies":[{"embeddable":true,"href":"https:\/\/www.boattoursamana.com\/ko\/wp-json\/wp\/v2\/comments?post=15737"}],"version-history":[{"count":0,"href":"https:\/\/www.boattoursamana.com\/ko\/wp-json\/wp\/v2\/pages\/15737\/revisions"}],"wp:attachment":[{"href":"https:\/\/www.boattoursamana.com\/ko\/wp-json\/wp\/v2\/media?parent=15737"}],"curies":[{"name":"wp","href":"https:\/\/api.w.org\/{rel}","templated":true}]}}