{"id":15740,"date":"2023-07-15T07:42:45","date_gmt":"2023-07-15T07:42:45","guid":{"rendered":"https:\/\/www.ticketswhales.com\/birdwatching-in-los-haitises-national-park\/"},"modified":"2023-07-15T07:42:45","modified_gmt":"2023-07-15T07:42:45","slug":"birdwatching-in-los-haitises-national-park","status":"publish","type":"page","link":"https:\/\/www.boattoursamana.com\/ko\/%eb%a1%9c%ec%8a%a4%ed%95%98%ec%9d%b4%ed%8b%b0%ec%84%b8%ec%8a%a4-%ea%b5%ad%eb%a6%bd%ea%b3%b5%ec%9b%90%ec%9d%98-%ec%a1%b0%eb%a5%98-%ea%b4%80%ec%b0%b0-2","title":{"rendered":"\ub85c\uc2a4\ud558\uc774\ud2f0\uc138\uc2a4 \uad6d\ub9bd\uacf5\uc6d0\uc758 \uc870\ub958 \uad00\ucc30"},"content":{"rendered":"<p><span style=\"vertical-align: inherit;\"><span style=\"vertical-align: inherit;\">Viaje al Parque Nacional Los Haitises con un gu\u00eda tur\u00edstico local que se concentra en la observaci\u00f3n de aves + Cuevas. <\/span><span style=\"vertical-align: inherit;\">Los Haitises \uad6d\ub9bd \uacf5\uc6d0, Manglares, Vegetaci\u00f3n, Observaci\u00f3n de aves, Cuevas, Pictogramas \ubc0f Los Haitises \uad6d\ub9bd \uacf5\uc6d0\uc758 Sabana de la Mar \uc9c0\uc5ed \uc5ed\uc0ac \uc720\uc801\uc9c0\ub97c \ubc29\ubb38\ud558\uc138\uc694.<\/span><\/span><br \/>\nN<br \/>\nN&Nbsp;<br \/>\nN<br \/>\nN<em><strong><span style=\"vertical-align: inherit;\"><span style=\"vertical-align: inherit;\">\uc140\ub809\uc2dc\uc624\ub124 \ub77c \ud398\ucc28 \ud30c\ub77c \uc5d8 \ud22c\uc5b4\u00a0<\/span><\/span><\/strong><\/em><\/p>\n<p>&nbsp;<\/p>\n<div class=\"vc_row wpb_row vc_row-fluid\" ><div class=\"wpb_column vc_column_container vc_col-sm-12\"><div class=\"vc_column-inner\"><div class=\"wpb_wrapper\"><div class=\"mkdf-section-title-holder\" style=\"text-align: left\">\n\t<div class=\"mkdf-st-inner\">\n\t\t\t\t\t<h5 class=\"mkdf-st-subtitle\" >\n\t\t\t\t\ub85c\uc2a4\ud558\uc774\ud2f0\uc138\uc2a4 \uad6d\ub9bd\uacf5\uc6d0\uc758 \ub4e4\uc0c8 \uad00\ucc30\t\t\t<\/h5>\n\t\t\t\t\t\t\t<h3 class=\"mkdf-st-title\" >\n\t\t\t\t\ub9ac\uc9c0\uc6e8\uc774\uc758 \ud638\ud06c \ud22c\uc5b4\t\t\t<\/h3>\n\t\t\t\t\t<\/div>\n<\/div><div class=\"vc_empty_space\"   style=\"height: 32px\"><span class=\"vc_empty_space_inner\"><\/span><\/div><div class=\"vc_message_box vc_message_box-standard vc_message_box-rounded vc_color-info\" ><div class=\"vc_message_box-icon\"><i class=\"fas fa-info-circle\"><\/i><\/div><p>Los Haitises \uad6d\ub9bd\uacf5\uc6d0\uc758 \ubaa9\ub85d \uc5c5\ub370\uc774\ud2b8\ub97c \ud655\uc778\ud558\uc138\uc694.\u00a0 <a href=\"https:\/\/www.boattoursamana.com\/ko\/los-haitises-national-park-birdwatching-check-list-update\/\">\uc5ec\uae30\ub97c \ud074\ub9ad\ud558\uc138\uc694<\/a><\/p>\n<\/div><div class=\"vc_empty_space\"   style=\"height: 32px\"><span class=\"vc_empty_space_inner\"><\/span><\/div><\/div><\/div><\/div><\/div><div class=\"vc_row wpb_row vc_row-fluid\" ><div class=\"wpb_column vc_column_container vc_col-sm-12\"><div class=\"vc_column-inner\"><div class=\"wpb_wrapper\"><div class=\"vc_btn3-container vc_btn3-inline\" ><button class=\"vc_general vc_btn3 vc_btn3-size-md vc_btn3-shape-rounded vc_btn3-style-modern vc_btn3-color-green\">\uc9c0\uae08 \uc608\uc57d<\/button><\/div>\n\t<div class=\"wpb_text_column wpb_content_element\" >\n\t\t<div class=\"wpb_wrapper\">\n\t\t\t<p>\nN<\/p>\n<h4><b><i>\uac1c\uc694 <\/i><\/b><\/h4>\n<p>N<\/p>\n<section><\/section>\n<p>\uc6b0\ub9ac\ub294 \ub85c\uc2a4\ud558\uc774\ud2f0\uc138\uc2a4 \uad6d\ub9bd\uacf5\uc6d0\uc5d0\uc11c \ubcfc \uc218 \uc788\ub294 110\uc885\uc758 \uc0c8\ub97c \ubcf4\uc874\ud558\uace0 \uc788\uc2b5\ub2c8\ub2e4. \uc575\ubb34\uc0c8, \ud1a0\ub514\uc2a4, \ub9ac\uc9c0\uc6e8\uc774 \ub9e4, \ud0dc\ub108\uc800, \ubc8c\uc0c8 \ub4f1\uc744 \ucc3e\uc544 \uc774 \ub9c8\ubc95\uc758 \uc232\uc744 \uac70\ub2d0\uc5b4 \ubcf4\uc138\uc694. \ud734\ubbf8\ud2b8 \ud2b8\ub808\uc77c\uc5d0\uc11c \ubcfc \uc218 \uc788\ub294 \ubaa8\ub4e0 \uc0c8\ub4e4\uc5d0 \ub300\ud55c \ud765\ubbf8\ub85c\uc6b4 \uc5ed\uc0ac\ub97c \uc81c\uacf5\ud569\ub2c8\ub2e4. \uc6b0\ub9ac\ub294 Ridgway&#039;s, Ashy Faced Owls \ubc0f \uae30\ud0c0 \uace0\uc720\uc885\uc758 \uc11c\uc2dd\uc9c0 \uc11c\uc2dd\uc9c0\ub97c \uc54c\uace0 \uc788\uc2b5\ub2c8\ub2e4. \uc774 \ud22c\uc5b4\ub294 \uc790\uc5f0\uc5d0 \uc911\uc810\uc744 \ub450\uace0 \uc788\uc73c\uba70 \uc57c\uc0dd \ub3d9\ubb3c\uc5d0 \ub300\ud55c \uc815\ubcf4\uc5d0 \ub354\uc6b1 \uc9d1\uc911\ub418\uc5b4 \uc788\uc2b5\ub2c8\ub2e4.<br \/>\nN<br \/>\nN<strong>\uc77c\ubc18\uc801\uc73c\ub85c \uc9c4\uc815\ud55c \uace0\ud488\uc9c8 \uacbd\ud5d8\uc744 \uc704\ud55c \uac1c\uc778 \ud22c\uc5b4\uc785\ub2c8\ub2e4.<\/strong><br \/>\nN<\/p>\n<h4><\/h4>\n<p>N<\/p>\n<h4><b>\ud3ec\ud568 \ubc0f \uc81c\uc678<\/b><\/h4>\n<p>N<b>\ud3ec\ud568\uc0ac\ud56d<\/b><br \/>\nN<\/p>\n<ol>\nN \t<\/p>\n<li style=\"font-weight: 400;\">\uacf5\uc6d0 \uc0b0\ucc45\ub85c\uc5d0\uc11c \uc0c8 \uc0b0\ucc45 3\uc2dc\uac04<\/li>\n<p>N \t<\/p>\n<li style=\"font-weight: 400;\"><span style=\"font-weight: 400;\">\ubaa8\ub4e0 \uc138\uae08, \uc218\uc218\ub8cc \ubc0f \ucde8\uae09 \ube44\uc6a9<\/span><\/li>\n<p>N \t<\/p>\n<li style=\"font-weight: 400;\"><span style=\"font-weight: 400;\">\uc9c0\ubc29\uc138<\/span><\/li>\n<p>N \t<\/p>\n<li style=\"font-weight: 400;\">\uacf5\ubb34\uc6d0 \uc0dd\ud0dc\ud559\uc790 \ud22c\uc5b4 \uac00\uc774\ub4dc \uc601\uc5b4\/\uc2a4\ud398\uc778\uc5b4<\/li>\n<p>N<\/ol>\n<p>N<b> \uc81c\uc678<\/b><br \/>\nN<\/p>\n<ol>\nN \t<\/p>\n<li style=\"font-weight: 400;\"><span style=\"font-weight: 400;\">\ud301<\/span><\/li>\n<p>N \t<\/p>\n<li style=\"font-weight: 400;\"><span style=\"font-weight: 400;\">\uc62e\uae30\ub2e4<\/span><\/li>\n<p>N \t<\/p>\n<li style=\"font-weight: 400;\"><span style=\"font-weight: 400;\">\uc74c\ub8cc<\/span><\/li>\n<p>N<\/ol>\n<p>N&Nbsp;<br \/>\nN<\/p>\n<h4><em><strong>\ucd9c\ubc1c \ubc0f \uadc0\uad6d<\/strong><\/em><\/h4>\n<p>N<span style=\"font-weight: 400;\">&quot;Booking Adventures&quot;\uac00 \uc8fc\ucd5c\ud558\ub294 \ud22c\uc5b4\ub294 \ud22c\uc5b4 \uac00\uc774\ub4dc\uac00 \uc815\ud55c \ubbf8\ud305 \uc7a5\uc18c\uc5d0\uc11c \uc2dc\uc791\ub429\ub2c8\ub2e4. \uc5ec\ud589\uc790\ub294 \uc608\uc57d \uc808\ucc28\uac00 \uc644\ub8cc\ub41c \ud6c4 \ubbf8\ud305 \uc7a5\uc18c\ub97c \uac16\uac8c \ub429\ub2c8\ub2e4. \ud22c\uc5b4\ub294 \ubbf8\ud305 \uc7a5\uc18c\uc5d0\uc11c \uc2dc\uc791\ub418\uace0 \uc885\ub8cc\ub429\ub2c8\ub2e4.<\/span><br \/>\nN<br \/>\nN&Nbsp;<br \/>\nN<\/p>\n<h4><b><i>\ubb58 \uae30\ub300 \ud560\uae4c?<\/i><\/b><\/h4>\n<p>N<em><strong>\ud2f0\ucf13 \ubc1b\uae30<\/strong><\/em> Los Haitises \uad6d\ub9bd \uacf5\uc6d0\uc758 \uc870\ub958 \uad00\ucc30\uc744 \uc704\ud574.<br \/>\nN<br \/>\nn\uc774 \uc5ec\ud589\uc740 \ub9cc\ub0a8\uc758 \uc7a5\uc18c\uc5d0\uc11c \ub9ac\uc9c0\uc6e8\uc774 \ud2b8\ub808\uc77c\uc744 \ud558\uc774\ud0b9\ud558\uc5ec \ub124\uc2a4\ud305 \uc9c0\uc5ed\uc73c\ub85c \uc774\ub3d9\ud558\ub294 \uac83\uc73c\ub85c \uc2dc\uc791\ub429\ub2c8\ub2e4. 30\ubd84 \ub3d9\uc548 \ud558\uc774\ud0b9\uc744 \ud558\uace0 \ub9e4\ub97c \uad00\ucc30\ud55c \ud6c4\uc5d0\ub294 \uacc4\uc18d \ud558\uc774\ud0b9\uc744 \ud558\uba74\uc11c \ub85c\uc2a4\ud558\uc774\ud2f0\uc138\uc2a4 \uad6d\ub9bd\uacf5\uc6d0\uc5d0\uc11c \uc575\ubb34\uc0c8, \ud53c\ud058\ub81b \ubc0f \uae30\ud0c0 \uace0\uc720\uc885\uc744 \ud655\uc778\ud560 \uc218 \uc788\uc2b5\ub2c8\ub2e4.<br \/>\nN<br \/>\nnLos Haitises \uad6d\ub9bd\uacf5\uc6d0\uc5d0\ub294 Sabana de la Mar\uc5d0 \ub4e4\uc0c8 \uad00\ucc30\uc744 \uc704\ud55c \ud2b8\ub808\uc77c\uc774 \ub450 \uac1c\ubfd0\uc785\ub2c8\ub2e4. Los Hiatises \uad6d\ub9bd\uacf5\uc6d0\uc73c\ub85c \uac00\ub294 \uae38\uc5d0 \uc6b0\ub9ac\ub294 \ub354 \ub9ce\uc740 \uc0c8\ub97c \ubcf4\uae30 \uc704\ud574 \uba87 \uad70\ub370\uc5d0 \ub4e4\ub985\ub2c8\ub2e4.<br \/>\nN<br \/>\nn San Lorenzo Bay\uc5d0 \ub2e4\ub140\uc654\uc2b5\ub2c8\ub2e4. \uc6b0\ub9ac\ub294 \ub450 \uac1c\uc758 \ub3d9\uad74\uc744 \ubc29\ubb38\ud560 \uac83\uc785\ub2c8\ub2e4. \uc2a4\ud398\uc778\uc5b4\ub85c Cueva de la Arena\ub77c\uace0 \ubd80\ub974\ub294 Sadly Cave\uc785\ub2c8\ub2e4. \uc774 \ub3d9\uad74\uc5d0\uc11c\ub294 \uc774 \uc9c0\uc5ed \uc8fc\ubcc0\uc5d0 \uba38\ubb3c\ub358 \ud0c0\uc774\ub178\uc2a4 \uacf5\ub3d9\uccb4\uc758 \uc554\uac01\ud654\ub97c \ubcfc \uc218 \uc788\uc2b5\ub2c8\ub2e4. \uadf8\ub9ac\uace0 \ub3d9\uad74\uc744 \uc0ac\uc6d0\uc73c\ub85c \uc0ac\uc6a9\ud569\ub2c8\ub2e4.<br \/>\nN<br \/>\n\uadf8 \ud6c4, \uc6b0\ub9ac\ub294 2,243\uac1c\uc758 \uadf8\ub9bc \ubb38\uc790 \uc6d0\ubcf8\uc774 \uc788\ub294 \ub9ac\ub124\uc544 \ub3d9\uad74\ub85c \uc774\ub3d9\ud558\uace0 \ud22c\uc5b4 \uac00\uc774\ub4dc\uac00 \ud574\ub2f9 \uadf8\ub9bc \ubb38\uc790\uc5d0 \ub300\ud55c \uace0\uace0\ud559\uc790\uc758 \uc815\ubcf4\ub97c \uc124\uba85\ud569\ub2c8\ub2e4.<br \/>\nN<br \/>\nn \ub2e4\uc2dc \ubcf4\ud2b8\ub97c \ud0c0\uace0 \ub85c\uc2a4\ud558\uc774\ud2f0\uc138\uc2a4 \uad6d\ub9bd\uacf5\uc6d0 \uc8fc\ubcc0\uc758 \ub300\ubd80\ubd84\uc758 \uc2b5\uc9c0 \uc870\ub958\ub97c \ubcfc \uc218 \uc788\ub294 \ud30c\uc790\ub85c\uc2a4 \uc12c(\uc0c8 \uc12c)\uc73c\ub85c \ub3cc\uc544\uac11\ub2c8\ub2e4. \ubaa8\ub4e0 \uc0c8\uac00 \ubb3c \uc18d\uc5d0 \uc788\ub294 \uac83\uc774 \uc544\ub2c8\uae30 \ub54c\ubb38\uc785\ub2c8\ub2e4.<br \/>\nN<br \/>\nn \ub85c\uc2a4\ud558\uc774\ud2f0\uc138\uc2a4 \uad6d\ub9bd\uacf5\uc6d0\uc5d0\uc11c 4\uc2dc\uac04 30\ubd84 \ub3d9\uc548 \uc0c8\uc5d0 \ub300\ud574 \ubc30\uc6b4 \ud6c4, \uc774\ubc88 \uc5ec\ud589\uc740 \uc2dc\uc791\ud588\ub358 \uc7a5\uc18c\uc5d0\uc11c \ub05d\ub0a9\ub2c8\ub2e4.<br \/>\nN<br \/>\nN<strong>\ucc38\uace0: \uc774 \ud22c\uc5b4\ub294 \uacf5\uc2dd \uc0dd\ud0dc\ud559\uc790 \ud22c\uc5b4 \uac00\uc774\ub4dc\uc640 \ud568\uaed8 \uc9c4\ud589\ub429\ub2c8\ub2e4. \uacf5\uc6d0\uc5d0\ub294 \uc804\ubb38\uac00\uac00 \ub9ce\uc9c0 \uc54a\uc73c\ubbc0\ub85c \uc2dc\uac04\uc744 \ub450\uace0 \uc608\uc57d\ud558\uc2dc\uae30 \ubc14\ub78d\ub2c8\ub2e4.<\/strong><br \/>\nN<br \/>\nN&Nbsp;<br \/>\nN<\/p>\n<h4><em><strong>\ubb34\uc5c7\uc744 \uac00\uc838\uc640\uc57c\ud569\ub2c8\uae4c?<\/strong><\/em><\/h4>\n<p>N<\/p>\n<ul>\nN \t<\/p>\n<li style=\"font-weight: 400;\"><span style=\"font-weight: 400;\">\uce74\uba54\ub77c<\/span><\/li>\n<p>N \t<\/p>\n<li>\uc30d\uc548\uacbd<\/li>\n<p>N \t<\/p>\n<li style=\"font-weight: 400;\"><span style=\"font-weight: 400;\">\uad6c\ucda9\uc81c \uc0c8\uc2f9<\/span><\/li>\n<p>N \t<\/p>\n<li style=\"font-weight: 400;\"><span style=\"font-weight: 400;\">\uc120\ud06c\ub9bc<\/span><\/li>\n<p>N \t<\/p>\n<li style=\"font-weight: 400;\"><span style=\"font-weight: 400;\">\ubaa8\uc790<\/span><\/li>\n<p>N \t<\/p>\n<li style=\"font-weight: 400;\"><span style=\"font-weight: 400;\">\ud3b8\uc548\ud55c \ubc14\uc9c0<\/span><\/li>\n<p>N \t<\/p>\n<li style=\"font-weight: 400;\"><span style=\"font-weight: 400;\">\uc232\uc18d\uc758 \ub4f1\uc0b0\ud654<\/span><\/li>\n<p>N \t<\/p>\n<li style=\"font-weight: 400;\"><span style=\"font-weight: 400;\">\ubd04 \uc9c0\uc5ed\uc5d0 \uc0cc\ub4e4.<\/span><\/li>\n<p>N \t<\/p>\n<li style=\"font-weight: 400;\"><span style=\"font-weight: 400;\">\uc218\uc601\ubcf5<\/span><\/li>\n<p>N<\/ul>\n<p>N&Nbsp;<br \/>\nN<\/p>\n<h4><b><i>\ud638\ud154 \ud53d\uc5c5 <\/i><\/b><\/h4>\n<p>N<span style=\"font-weight: 400;\">\ubcf8 \ud22c\uc5b4\uc5d0\ub294 \ud638\ud154 \ud53d\uc5c5\uc774 \uc81c\uacf5\ub418\uc9c0 \uc54a\uc2b5\ub2c8\ub2e4. <\/span><br \/>\nN<br \/>\nN&Nbsp;<br \/>\nN<br \/>\nN<b>\uba54\ubaa8:<\/b><span style=\"font-weight: 400;\"> \ud22c\uc5b4\/\uc5ec\ud589 \ucd9c\ubc1c \uc2dc\uac04 24\uc2dc\uac04 \uc774\ub0b4\uc5d0 \uc608\uc57d\ud558\uc2dc\ub294 \uacbd\uc6b0, \ucd94\uac00 \uc694\uae08\uc73c\ub85c \ud638\ud154 \ud53d\uc5c5\uc744 \uc900\ube44\ud574 \ub4dc\ub9b4 \uc218 \uc788\uc2b5\ub2c8\ub2e4. \uad6c\ub9e4\uac00 \uc644\ub8cc\ub418\uba74 \ud53d\uc5c5 \uc900\ube44\ub97c \uc704\ud574 \ud604\uc9c0 \ud22c\uc5b4 \uac00\uc774\ub4dc\uc758 \uc804\uccb4 \uc5f0\ub77d\ucc98 \uc815\ubcf4(\uc804\ud654\ubc88\ud638, \uc774\uba54\uc77c \uc8fc\uc18c \ub4f1)\ub97c \ubcf4\ub0b4\ub4dc\ub9bd\ub2c8\ub2e4.<\/span><br \/>\nN<\/p>\n<h4><b><i>\ucd94\uac00\uc815\ubcf4 \ud655\uc778 <\/i><\/b><\/h4>\n<p>N<\/p>\n<ol>\nN \t<\/p>\n<li>\ud2f0\ucf13\uc740 \ubcf8 \ud22c\uc5b4 \uacb0\uc81c \ud6c4 \uc601\uc218\uc99d\uc785\ub2c8\ub2e4. \ud734\ub300\ud3f0\uc73c\ub85c \uacb0\uc81c\ub0b4\uc5ed\uc744 \ubcf4\uc5ec\uc8fc\uc2e4 \uc218 \uc788\uc2b5\ub2c8\ub2e4.<\/li>\n<p>N \t<\/p>\n<li style=\"font-weight: 400;\"><span style=\"font-weight: 400;\">\ubbf8\ud305 \ud3ec\uc778\ud2b8\ub294 \uc608\uc57d \uc808\ucc28 \uc774\ud6c4\uc5d0 \uc81c\uacf5\ub429\ub2c8\ub2e4.<\/span><\/li>\n<p>N \t<\/p>\n<li style=\"font-weight: 400;\"><span style=\"font-weight: 400;\">\uc5b4\ub9b0\uc774\ub294 \ubc18\ub4dc\uc2dc \uc131\uc778\uacfc \ub3d9\ubc18\ud574\uc57c \ud569\ub2c8\ub2e4.<\/span><\/li>\n<p>N \t<\/p>\n<li style=\"font-weight: 400;\"><span style=\"font-weight: 400;\"> \ud720\uccb4\uc5b4 \uc774\uc6a9 \ubd88\uac00 <\/span><\/li>\n<p>N \t<\/p>\n<li style=\"font-weight: 400;\"><span style=\"font-weight: 400;\">\uc720\uc544\ub294 \ubb34\ub98e\uc5d0 \uc549\ud600\uc57c \ud569\ub2c8\ub2e4. <\/span><\/li>\n<p>N \t<\/p>\n<li style=\"font-weight: 400;\"><span style=\"font-weight: 400;\">\ud5c8\ub9ac\uc5d0 \ubb38\uc81c\uac00 \uc788\ub294 \uc5ec\ud589\uc790\uc5d0\uac8c\ub294 \uad8c\uc7a5\ub418\uc9c0 \uc54a\uc2b5\ub2c8\ub2e4.<\/span><\/li>\n<p>N \t<\/p>\n<li style=\"font-weight: 400;\"><span style=\"font-weight: 400;\">\uc784\uc2e0\ud55c \uc5ec\ud589\uc790\uc5d0\uac8c\ub294 \uad8c\uc7a5\ub418\uc9c0 \uc54a\uc2b5\ub2c8\ub2e4. <\/span><\/li>\n<p>N \t<\/p>\n<li style=\"font-weight: 400;\"><span style=\"font-weight: 400;\"> \uc2ec\uc7a5 \ubb38\uc81c\ub098 \uae30\ud0c0 \uc2ec\uac01\ud55c \uc9c8\ubcd1\uc774 \uc5c6\uc74c <\/span><\/li>\n<p>N \t<\/p>\n<li style=\"font-weight: 400;\"><span style=\"font-weight: 400;\">\ub300\ubd80\ubd84\uc758 \uc5ec\ud589\uc790\uac00 \ucc38\uc5ec\ud560 \uc218 \uc788\uc2b5\ub2c8\ub2e4.<\/span><\/li>\n<p>N<\/ol>\n<p>n \ubcf8 \ud22c\uc5b4\ub294 \ucd5c\uc18c 2\uc778\ubd80\ud130 \ucd5c\ub300 15\uc778\uae4c\uc9c0 \uc9c4\ud589\ub429\ub2c8\ub2e4. \uc778\uc6d0\uc774 \uc801\uc744 \uacbd\uc6b0\uc5d0\ub294 \uc5f0\ub77d\uc8fc\uc2dc\uae30 \ubc14\ub78d\ub2c8\ub2e4.<br \/>\nN<\/p>\n<h4><b><i>\ucde8\uc18c \uc815\ucc45<\/i><\/b><\/h4>\n<p>\uc804\uc561 \ud658\ubd88\uc744 \ubc1b\uc73c\ub824\uba74 \ucde8\uc18c \uc815\ucc45\uc744 \uc77d\uc5b4\ubcf4\uc138\uc694.\u00a0<a href=\"https:\/\/www.boattoursamana.com\/ko\/%ec%98%a8%eb%9d%bc%ec%9d%b8-%ec%98%88%ec%95%bd\/\" target=\"_blank\" rel=\"noopener\" data-saferedirecturl=\"https:\/\/www.google.com\/url?q=https:\/\/www.boattoursamana.com\/online-booking\/&amp;source=gmail&amp;ust=1672449202351000&amp;usg=AOvVaw1yAeVAPktmaVCqDujgUn90\">\uc5ec\uae30\ub97c \ud074\ub9ad\ud558\uc138\uc694<\/a>. \uc5ec\ud589 \ub2f9\uc77c \uc608\uc57d\uc744 \ucde8\uc18c\ud558\uba74 \uc790\uae08\uc774 \uc190\uc2e4\ub429\ub2c8\ub2e4.<\/p>\n\n\t\t<\/div>\n\t<\/div>\n<\/div><\/div><\/div><\/div><div class=\"vc_row wpb_row vc_row-fluid\" ><\/div><div class=\"wpb_column vc_column_container vc_col-sm-12\"><div class=\"vc_column-inner\"><div class=\"wpb_wrapper\"><div class=\"vc_message_box vc_message_box-standard vc_message_box-rounded vc_color-info\" ><div class=\"vc_message_box-icon\"><i class=\"fas fa-info-circle\"><\/i><\/div><p>Los Haitises \uad6d\ub9bd\uacf5\uc6d0\uc758 \ubaa9\ub85d \uc5c5\ub370\uc774\ud2b8\ub97c \ud655\uc778\ud558\uc138\uc694.\u00a0 <a href=\"https:\/\/www.boattoursamana.com\/ko\/los-haitises-national-park-birdwatching-check-list-update\/\">\uc5ec\uae30\ub97c \ud074\ub9ad\ud558\uc138\uc694<\/a><\/p>\n<\/div><\/div><\/div><\/div><div class=\"vc_row wpb_row vc_row-fluid\" ><div class=\"wpb_column vc_column_container vc_col-sm-12\"><div class=\"vc_column-inner\"><div class=\"wpb_wrapper\"><div class=\"vc_btn3-container vc_btn3-inline\" ><button class=\"vc_general vc_btn3 vc_btn3-size-md vc_btn3-shape-rounded vc_btn3-style-modern vc_btn3-color-green\">\uc9c0\uae08 \uc608\uc57d<\/button><\/div><\/div><\/div><\/div><\/div>","protected":false},"excerpt":{"rendered":"<p>Viaje al Parque Nacional Los Haitises con un gu\u00eda tur\u00edstico local que se concentra en la observaci\u00f3n de aves + Cuevas. Los Haitises \uad6d\ub9bd \uacf5\uc6d0, Manglares, Vegetaci\u00f3n, Observaci\u00f3n de aves, Cuevas, Pictogramas \ubc0f Los Haitises \uad6d\ub9bd \uacf5\uc6d0\uc758 Sabana de la Mar \uc9c0\uc5ed \uc5ed\uc0ac \uc720\uc801\uc9c0\ub97c \ubc29\ubb38\ud558\uc138\uc694. n n n nSelectione la fecha para el \ud22c\uc5b4\u00a0 &nbsp;<\/p>","protected":false},"author":2,"featured_media":0,"parent":0,"menu_order":0,"comment_status":"open","ping_status":"closed","template":"","meta":{"footnotes":""},"class_list":["post-15740","page","type-page","status-publish","hentry"],"_links":{"self":[{"href":"https:\/\/www.boattoursamana.com\/ko\/wp-json\/wp\/v2\/pages\/15740","targetHints":{"allow":["GET"]}}],"collection":[{"href":"https:\/\/www.boattoursamana.com\/ko\/wp-json\/wp\/v2\/pages"}],"about":[{"href":"https:\/\/www.boattoursamana.com\/ko\/wp-json\/wp\/v2\/types\/page"}],"author":[{"embeddable":true,"href":"https:\/\/www.boattoursamana.com\/ko\/wp-json\/wp\/v2\/users\/2"}],"replies":[{"embeddable":true,"href":"https:\/\/www.boattoursamana.com\/ko\/wp-json\/wp\/v2\/comments?post=15740"}],"version-history":[{"count":0,"href":"https:\/\/www.boattoursamana.com\/ko\/wp-json\/wp\/v2\/pages\/15740\/revisions"}],"wp:attachment":[{"href":"https:\/\/www.boattoursamana.com\/ko\/wp-json\/wp\/v2\/media?parent=15740"}],"curies":[{"name":"wp","href":"https:\/\/api.w.org\/{rel}","templated":true}]}}