{"id":15742,"date":"2023-07-15T07:42:45","date_gmt":"2023-07-15T07:42:45","guid":{"rendered":"https:\/\/www.ticketswhales.com\/los-haitises-national-park-tour-from-samana-port\/"},"modified":"2023-07-15T07:42:45","modified_gmt":"2023-07-15T07:42:45","slug":"los-haitises-national-park-tour-from-samana-port","status":"publish","type":"page","link":"https:\/\/www.boattoursamana.com\/ko\/%ec%82%ac%eb%a7%88%eb%82%98-%ed%95%ad%ea%b5%ac%ec%97%90%ec%84%9c-%ec%b6%9c%eb%b0%9c%ed%95%98%eb%8a%94-%eb%a1%9c%ec%8a%a4%ed%95%98%ec%9d%b4%ed%8b%b0%ec%8a%a4-%ea%b5%ad%eb%a6%bd%ea%b3%b5%ec%9b%90","title":{"rendered":"\uc0ac\ub9c8\ub098 \ud56d\uad6c\uc5d0\uc11c \ucd9c\ubc1c\ud558\ub294 \ub85c\uc2a4\ud558\uc774\ud2f0\uc138\uc2a4 \uad6d\ub9bd\uacf5\uc6d0 \ud22c\uc5b4"},"content":{"rendered":"<p><span style=\"vertical-align: inherit;\"><span style=\"vertical-align: inherit;\">Viaje ecol\u00f3gico al Parque Nacional Los Haitises con un gu\u00eda tur\u00edstico local. <\/span><span style=\"vertical-align: inherit;\">Los Haitises \uad6d\ub9bd \uacf5\uc6d0, Manglares, Vegetaci\u00f3n, Observaci\u00f3n de aves, Cuevas, Pictogramas \ubc0f Los Haitises \uad6d\ub9bd \uacf5\uc6d0\uc758 Sabana de la Mar \uc9c0\uc5ed \uc5ed\uc0ac \uc720\uc801\uc9c0\ub97c \ubc29\ubb38\ud558\uc138\uc694.<\/span><\/span><br \/>\nN<br \/>\nN&Nbsp;<br \/>\nN<br \/>\nN<em><strong><span style=\"vertical-align: inherit;\"><span style=\"vertical-align: inherit;\">\uc140\ub809\uc2dc\uc624\ub124 \ub77c \ud398\ucc28 \ud30c\ub77c \uc5d8 \ud22c\uc5b4\u00a0<\/span><\/span><\/strong><\/em><\/p>\n<p>&nbsp;<\/p>\n<div class=\"vc_row wpb_row vc_row-fluid\" ><div class=\"wpb_column vc_column_container vc_col-sm-12\"><div class=\"vc_column-inner\"><div class=\"wpb_wrapper\"><div class=\"mkdf-section-title-holder\" style=\"text-align: left\">\n\t<div class=\"mkdf-st-inner\">\n\t\t\t\t\t<h5 class=\"mkdf-st-subtitle\" >\n\t\t\t\t\uc800\uc2a4\ud2b8 \ub85c\uc2a4\ud558\uc774\ud2f0\uc138\uc2a4 \uad6d\ub9bd\uacf5\uc6d0\t\t\t<\/h5>\n\t\t\t\t\t\t\t<h3 class=\"mkdf-st-title\" >\n\t\t\t\t\ub85c\uc2a4\ud558\uc774\ud2f0\uc138\uc2a4 \uad6d\ub9bd\uacf5\uc6d0 \ubcf4\ud2b8 \ud22c\uc5b4\t\t\t<\/h3>\n\t\t\t\t\t<\/div>\n<\/div><\/div><\/div><\/div><\/div><div class=\"vc_row wpb_row vc_row-fluid\" ><div class=\"wpb_column vc_column_container vc_col-sm-12\"><div class=\"vc_column-inner\"><div class=\"wpb_wrapper\"><div class=\"vc_btn3-container vc_btn3-inline\" ><button class=\"vc_general vc_btn3 vc_btn3-size-md vc_btn3-shape-rounded vc_btn3-style-modern vc_btn3-color-green\">\uc9c0\uae08 \uc608\uc57d<\/button><\/div>\n\t<div class=\"wpb_text_column wpb_content_element\" >\n\t\t<div class=\"wpb_wrapper\">\n\t\t\t<p>\nN<\/p>\n<h4><b><i>\uac1c\uc694 <\/i><\/b><\/h4>\n<p>nVisit just Los Haitises National park starting from Saman\u00e1 Port.\u00a0 Come with us and visit the most beautiful national park of the Dominican Republic, Visiting Mangroves, Caves and San Lorenzo Bay plus crossing the gorgeous Saman\u00e1 bay. Then Back to Saman\u00e1 port.<br \/>\nN<br \/>\nn \uc774 \uccb4\ud5d8\uc774 \ub05d\ub098\uba74 \uc0ac\ub9c8\ub098(Saman\u00e1) \ud56d\uad6c\ub85c \ub3cc\uc544\uc624\uac8c \ub429\ub2c8\ub2e4.<br \/>\nN<\/p>\n<ul>\nN \t<\/p>\n<li style=\"font-weight: 400;\">\uc218\uc218\ub8cc \ud3ec\ud568<\/li>\n<p>N \t<\/p>\n<li style=\"font-weight: 400;\"><span style=\"font-weight: 400;\">\uac00\uc774\ub4dc\ub294 \uad50\uc721\uacfc \uac10\ub3c5\uc744 \uc81c\uacf5\ud569\ub2c8\ub2e4.<\/span><\/li>\n<p>N<\/ul>\n<p>N&Nbsp;<br \/>\nN<\/p>\n<h4><b>\ud3ec\ud568 \ubc0f \uc81c\uc678<\/b><\/h4>\n<p>N&Nbsp;<br \/>\nN<br \/>\nN<b>\ud3ec\ud568\uc0ac\ud56d<\/b><br \/>\nN<br \/>\nN&Nbsp;<br \/>\nN<\/p>\n<ol>\nN \t<\/p>\n<li style=\"font-weight: 400;\">\ub85c\uc2a4 \ud558\uc774\ud2f0\uc138\uc2a4 \ud22c\uc5b4 + \ub3d9\uad74 \ubc0f \uc0c1\ud615 \ubb38\uc790<\/li>\n<p>N \t<\/p>\n<li style=\"font-weight: 400;\"><span style=\"font-weight: 400;\">\ubaa8\ub4e0 \uc138\uae08, \uc218\uc218\ub8cc \ubc0f \ucde8\uae09 \ube44\uc6a9<\/span><\/li>\n<p>N \t<\/p>\n<li style=\"font-weight: 400;\"><span style=\"font-weight: 400;\">\uc9c0\ubc29\uc138<\/span><\/li>\n<p>N \t<\/p>\n<li style=\"font-weight: 400;\"><span style=\"font-weight: 400;\">\uc74c\ub8cc\uc218<\/span><\/li>\n<p>N \t<\/p>\n<li style=\"font-weight: 400;\"><span style=\"font-weight: 400;\">\ubaa8\ub4e0 \ud65c\ub3d9<\/span><\/li>\n<p>N \t<\/p>\n<li style=\"font-weight: 400;\"><span style=\"font-weight: 400;\">\uc9c0\uc5ed \uac00\uc774\ub4dc<\/span><\/li>\n<p>N<\/ol>\n<p>N<b> \uc81c\uc678<\/b><br \/>\nN<\/p>\n<ol>\nN \t<\/p>\n<li style=\"font-weight: 400;\"><span style=\"font-weight: 400;\">\ud301<\/span><\/li>\n<p>N \t<\/p>\n<li style=\"font-weight: 400;\"><span style=\"font-weight: 400;\">\uc62e\uae30\ub2e4<\/span><\/li>\n<p>N \t<\/p>\n<li style=\"font-weight: 400;\"><span style=\"font-weight: 400;\">\uc54c\ucf54\uc62c \uc74c\ub8cc<\/span><\/li>\n<p>N \t<\/p>\n<li>\uc810\uc2ec\uc740 \ud3ec\ud568\ub418\uc9c0 \uc54a\uc2b5\ub2c8\ub2e4. \uc810\uc2ec\uc5d0\ub294 \ub2e4\uc74c \uc5ec\ud589 \uc911 \ud558\ub098\ub97c \uc120\ud0dd\ud558\ub294 \uac83\uc774 \ud3ec\ud568\ub429\ub2c8\ub2e4.\u00a0 <a href=\"https:\/\/www.boattoursamana.com\/ko\/%ea%b4%80%ea%b4%91\/%ec%82%ac%eb%a7%88%eb%82%98-%ed%95%ad%ea%b5%ac%ec%97%90%ec%84%9c-%ec%b6%9c%eb%b0%9c%ed%95%98%eb%8a%94-%eb%a1%9c%ec%8a%a4%ed%95%98%ec%9d%b4%ed%8b%b0%ec%8a%a4-%ea%b5%ad%eb%a6%bd%ea%b3%b5%ec%9b%90\/\">\ub85c\uc2a4\ud558\uc774\ud2f0\uc138\uc2a4 + \uce74\uc694 \ub808\ubc18\ud0c0\ub3c4<\/a> \uc0ac\ub9c8\ub098 \ud56d\uad6c\uc5d0\uc11c \ub610\ub294<a href=\"https:\/\/www.boattoursamana.com\/ko\/%ea%b4%80%ea%b4%91\/%eb%a1%9c%ec%8a%a4%ed%95%98%ec%9d%b4%ed%8b%b0%ec%84%b8%ec%8a%a4-%ea%b5%ad%eb%a6%bd%ea%b3%b5%ec%9b%90-%ec%82%ac%eb%a7%88%eb%82%98-%ed%95%ad%ea%b5%ac%ec%97%90%ec%84%9c-%ec%b9%b4%eb%85%b8-%ed%98%bc\/\"><em><strong> \uc0ac\ub9c8\ub098 \ud56d\uad6c\uc5d0\uc11c \ucd9c\ubc1c\ud558\ub294 \ub85c\uc2a4 \ud558\uc774\ud2f0\uc138\uc2a4 + \uce74\ub178 \ud63c\ub3c4.<\/strong><\/em><\/a><\/li>\n<p>N<\/ol>\n<p>N&Nbsp;<br \/>\nN<\/p>\n<h4><em><strong>\ucd9c\ubc1c \ubc0f \uadc0\uad6d<\/strong><\/em><\/h4>\n<p>N<span style=\"font-weight: 400;\">\uc5ec\ud589\uc790\ub294 \uc608\uc57d \uc808\ucc28\uac00 \uc644\ub8cc\ub41c \ud6c4 \ubbf8\ud305 \uc7a5\uc18c\ub97c \uac16\uac8c \ub429\ub2c8\ub2e4. \ud22c\uc5b4\ub294 \ubbf8\ud305 \uc7a5\uc18c\uc5d0\uc11c \uc2dc\uc791\ub418\uace0 \uc885\ub8cc\ub429\ub2c8\ub2e4.<\/span><br \/>\nN<br \/>\nN&Nbsp;<br \/>\nN<\/p>\n<h4><b><i>\ubb58 \uae30\ub300 \ud560\uae4c?<\/i><\/b><\/h4>\n<p>N&Nbsp;<br \/>\nN<br \/>\nN<em><strong>\ud2f0\ucf13 \ubc1b\uae30<\/strong><\/em> Ca\u00f1o Hondo\uc5d0\uc11c \uba4b\uc9c4 \uc810\uc2ec \uc2dd\uc0ac\uc640 Natural Springs\uc5d0\uc11c\uc758 \uc218\uc601\uc744 \uc990\uae30\uba70 Los Haitises \uad6d\ub9bd\uacf5\uc6d0\uc744 \ubc29\ubb38\ud558\uc168\uc2b5\ub2c8\ub2e4.<br \/>\nN<br \/>\nnStarting from Saman\u00e1 port onboard of a Boat or Catamaran with a Local tour guide we pass Saman\u00e1 bay to Sabana de la Mar side to Visit one of the most beautiful national parks of the Dominican Republic. <em><strong>\uc544\uc774\ud2f0\uc2dc\uc2a4 \uad6d\ub9bd\uacf5\uc6d0<\/strong><\/em>.<br \/>\nN<br \/>\nnVisiting Island with birds around. In the nesting season, we can even see the Pelicans chicks on the nests. Getting more inside of the rocky Island and visiting the Caves with pictographs and petrographs from the indigenous people.<br \/>\nN<br \/>\nn &quot;Booking Adventures&quot;\uac00 \uc8fc\ucd5c\ud558\ub294 \ud22c\uc5b4\ub294 \ud22c\uc5b4 \uac00\uc774\ub4dc\uac00 \uc815\ud55c \ubbf8\ud305 \uc7a5\uc18c\uc5d0\uc11c \uc2dc\uc791\ub429\ub2c8\ub2e4. \ubd80\ud0b9 \uc5b4\ub4dc\ubca4\ucc98(Booking Adventures)\ub97c \ud1b5\ud574 \uc0c8\ub4e4\uc774 \uac00\ub4dd\ud55c \ub9f9\uadf8\ub85c\ube0c, \ubb34\uc131\ud55c \ucd08\ubaa9\uc774 \uc788\ub294 \uad6c\ubd88\uad6c\ubd88\ud55c \uc5b8\ub355, \uadf8\ub9ac\uace0 \ub3d9\uad74\uc744 \ud655\uc778\ud574\ubcf4\uc138\uc694. <em><strong>\ub85c\uc2a4\ud558\uc774\ud2f0\uc138\uc2a4 \uad6d\ub9bd\uacf5\uc6d0<\/strong><\/em>.<br \/>\nN<br \/>\nn \ub9f9\uadf8\ub85c\ube0c \uc232\uc744 \uc9c0\ub098 \ud0c1 \ud2b8\uc778 \uc0b0 \ub85c\ub80c\uc870 \ub9cc(San Lorenzo Bay)\uc758 \ub545\uc5d0\uc11c \uc6b8\ud241\ubd88\ud241\ud55c \uc232 \ud48d\uacbd\uc744 \uc0ac\uc9c4\uc5d0 \ub2f4\uc744 \uc218 \uc788\uc2b5\ub2c8\ub2e4. \ubb3c\uc18d\uc744 \ubc14\ub77c\ubcf4\uba70 \ubc1c\uacac\ud558\ub77c <em><strong>\ub9e4\ub108\ud2f0<\/strong><\/em>, \uac11\uac01\ub958 \ubc0f <em><strong>\ub3cc\uace0\ub798.<\/strong><\/em><br \/>\nN<\/p>\n<div class=\"body-description secondary\">\nN<br \/>\n\uad6d\ub9bd\uacf5\uc6d0\uc758 \uc774\ub984\uc740 \uc6d0\ub798 \uac70\uc8fc\ud588\ub358 \ud0c0\uc774\ub178 \uc778\ub514\uc5b8\uc758 \uc774\ub984\uc5d0\uc11c \uc720\ub798\ub418\uc5c8\uc2b5\ub2c8\ub2e4. \uadf8\ub4e4\uc758 \uc5b8\uc5b4\uc5d0\uc11c &quot;Haitises&quot;\ub294 \uc11d\ud68c\uc554\uc73c\ub85c \uc774\ub8e8\uc5b4\uc9c4 \ud574\uc548\uc120\uc758 \uac00\ud30c\ub978 \uc9c0\uc9c8 \uad6c\uc870\ub97c \uac00\ub9ac\ud0a4\ub294 \uace0\uc9c0\ub300 \ub610\ub294 \uc5b8\ub355\uc73c\ub85c \ubc88\uc5ed\ub429\ub2c8\ub2e4. Cueva San Gabriel\uacfc \uac19\uc740 \ub3d9\uad74\uc744 \ud0d0\ud5d8\ud558\uae30 \uc704\ud574 \uacf5\uc6d0 \uae4a\uc219\ud55c \uacf3\uc73c\ub85c \ubaa8\ud5d8\uc744 \ub5a0\ub098\ubcf4\uc138\uc694. <em><strong>\ucfe0\uc5d0\ubc14 \ub370 \ub77c \uc544\ub808\ub098<\/strong><\/em> \uadf8\ub9ac\uace0 <strong><em>\ucfe0\uc5d0\ubc14 \ub370 \ub77c \ub9ac\ub124\uc544.<\/em><\/strong> \ubcf4\ud638 \uad6c\uc5ed\uc758 \ub3d9\uad74\uc740 \ud0c0\uc774\ub178 \uc778\ub514\uc5b8\uc758 \uc740\uc2e0\ucc98\ub85c \uc0ac\uc6a9\ub418\uc5c8\uace0 \ub098\uc911\uc5d0\ub294 \ud574\uc801\uc744 \uc228\uae30\ub294 \ub370 \uc0ac\uc6a9\ub418\uc5c8\uc2b5\ub2c8\ub2e4. \uc77c\ubd80 \ubcbd\uc744 \uc7a5\uc2dd\ud558\uace0 \uc788\ub294 \uc778\ub514\uc5b8\uc758 \uadf8\ub9bc\uc744 \ucc3e\uc544\ubcf4\uc138\uc694. Los Haitises \uad6d\ub9bd\uacf5\uc6d0\uc744 \ubc29\ubb38\ud55c \ud6c4 Saman\u00e1 \ub9cc\uc744 \uc9c0\ub098 30\ubd84 \ub3d9\uc548 Saman\u00e1 \ud56d\uad6c\ub85c \ub3cc\uc544\uac11\ub2c8\ub2e4.<br \/>\nN<br \/>\nN<\/div>\n<p>nIn Case you will like this trip longer we have these options:<br \/>\nN<\/p>\n<ol>\nN \t<\/p>\n<li><a href=\"https:\/\/www.boattoursamana.com\/ko\/%ea%b4%80%ea%b4%91\/%ec%82%ac%eb%a7%88%eb%82%98-%ed%95%ad%ea%b5%ac%ec%97%90%ec%84%9c-%ec%b6%9c%eb%b0%9c%ed%95%98%eb%8a%94-%eb%a1%9c%ec%8a%a4%ed%95%98%ec%9d%b4%ed%8b%b0%ec%8a%a4-%ea%b5%ad%eb%a6%bd%ea%b3%b5%ec%9b%90\/\">\uc0ac\ub9c8\ub098 \ud56d\uad6c\uc5d0\uc11c \ucd9c\ubc1c\ud558\ub294 \ub85c\uc2a4 \ud558\uc774\ud2f0\uc138\uc2a4 + \uce74\uc694 \ub808\ubc18\ud0c0\ub3c4.<\/a><\/li>\n<p>N \t<\/p>\n<li><a href=\"https:\/\/www.boattoursamana.com\/ko\/%ea%b4%80%ea%b4%91\/%eb%a1%9c%ec%8a%a4%ed%95%98%ec%9d%b4%ed%8b%b0%ec%84%b8%ec%8a%a4-%ea%b5%ad%eb%a6%bd%ea%b3%b5%ec%9b%90-%ec%82%ac%eb%a7%88%eb%82%98-%ed%95%ad%ea%b5%ac%ec%97%90%ec%84%9c-%ec%b9%b4%eb%85%b8-%ed%98%bc\/\">\uc0ac\ub9c8\ub098 \ud56d\uad6c\uc5d0\uc11c \ucd9c\ubc1c\ud558\ub294 \ub85c\uc2a4 \ud558\uc774\ud2f0\uc138\uc2a4 + \uce74\ub178 \ud63c\ub3c4.<\/a><\/li>\n<p>N<\/ol>\n<p>N&Nbsp;<br \/>\nN<\/p>\n<h4><em><strong>\ubb34\uc5c7\uc744 \uac00\uc838\uc640\uc57c\ud569\ub2c8\uae4c?<\/strong><\/em><\/h4>\n<p>N<\/p>\n<ul>\nN \t<\/p>\n<li style=\"font-weight: 400;\"><span style=\"font-weight: 400;\">\uce74\uba54\ub77c<\/span><\/li>\n<p>N \t<\/p>\n<li style=\"font-weight: 400;\"><span style=\"font-weight: 400;\">\uad6c\ucda9\uc81c \uc0c8\uc2f9<\/span><\/li>\n<p>N \t<\/p>\n<li style=\"font-weight: 400;\"><span style=\"font-weight: 400;\">\uc120\ud06c\ub9bc<\/span><\/li>\n<p>N \t<\/p>\n<li style=\"font-weight: 400;\"><span style=\"font-weight: 400;\">\ubaa8\uc790<\/span><\/li>\n<p>N \t<\/p>\n<li style=\"font-weight: 400;\"><span style=\"font-weight: 400;\">\ud3b8\uc548\ud55c \ubc14\uc9c0<\/span><\/li>\n<p>N \t<\/p>\n<li style=\"font-weight: 400;\"><span style=\"font-weight: 400;\">\uc232\uc18d\uc758 \ub4f1\uc0b0\ud654<\/span><\/li>\n<p>N \t<\/p>\n<li style=\"font-weight: 400;\"><span style=\"font-weight: 400;\">\ubd04 \uc9c0\uc5ed\uc5d0 \uc0cc\ub4e4.<\/span><\/li>\n<p>N \t<\/p>\n<li style=\"font-weight: 400;\"><span style=\"font-weight: 400;\">\uc218\uc601\ubcf5<\/span><\/li>\n<p>N<\/ul>\n<p>N&Nbsp;<br \/>\nN<\/p>\n<h4><b><i>\ud638\ud154 \ud53d\uc5c5 <\/i><\/b><\/h4>\n<p>N<span style=\"font-weight: 400;\">\ubcf8 \ud22c\uc5b4\uc5d0\ub294 \ud638\ud154 \ud53d\uc5c5\uc774 \uc81c\uacf5\ub418\uc9c0 \uc54a\uc2b5\ub2c8\ub2e4. <\/span><br \/>\nN<br \/>\nN&Nbsp;<br \/>\nN<br \/>\nN<b>\uba54\ubaa8:<\/b><span style=\"font-weight: 400;\"> \ud22c\uc5b4\/\uc5ec\ud589 \ucd9c\ubc1c \uc2dc\uac04 24\uc2dc\uac04 \uc774\ub0b4\uc5d0 \uc608\uc57d\ud558\uc2dc\ub294 \uacbd\uc6b0, \ucd94\uac00 \uc694\uae08\uc73c\ub85c \ud638\ud154 \ud53d\uc5c5\uc744 \uc900\ube44\ud574 \ub4dc\ub9b4 \uc218 \uc788\uc2b5\ub2c8\ub2e4. \uad6c\ub9e4\uac00 \uc644\ub8cc\ub418\uba74 \ud53d\uc5c5 \uc900\ube44\ub97c \uc704\ud574 \ud604\uc9c0 \ud22c\uc5b4 \uac00\uc774\ub4dc\uc758 \uc804\uccb4 \uc5f0\ub77d\ucc98 \uc815\ubcf4(\uc804\ud654\ubc88\ud638, \uc774\uba54\uc77c \uc8fc\uc18c \ub4f1)\ub97c \ubcf4\ub0b4\ub4dc\ub9bd\ub2c8\ub2e4.<\/span><br \/>\nN<\/p>\n<h4><b><i>\ucd94\uac00\uc815\ubcf4 \ud655\uc778 <\/i><\/b><\/h4>\n<p>N<\/p>\n<ol>\nN \t<\/p>\n<li>\ud2f0\ucf13\uc740 \ubcf8 \ud22c\uc5b4 \uacb0\uc81c \ud6c4 \uc601\uc218\uc99d\uc785\ub2c8\ub2e4. \ud734\ub300\ud3f0\uc73c\ub85c \uacb0\uc81c\ub0b4\uc5ed\uc744 \ubcf4\uc5ec\uc8fc\uc2e4 \uc218 \uc788\uc2b5\ub2c8\ub2e4.<\/li>\n<p>N \t<\/p>\n<li style=\"font-weight: 400;\"><span style=\"font-weight: 400;\">\ubbf8\ud305 \ud3ec\uc778\ud2b8\ub294 \uc608\uc57d \uc808\ucc28 \uc774\ud6c4\uc5d0 \uc81c\uacf5\ub429\ub2c8\ub2e4.<\/span><\/li>\n<p>N \t<\/p>\n<li style=\"font-weight: 400;\"><span style=\"font-weight: 400;\">\uc5b4\ub9b0\uc774\ub294 \ubc18\ub4dc\uc2dc \uc131\uc778\uacfc \ub3d9\ubc18\ud574\uc57c \ud569\ub2c8\ub2e4.<\/span><\/li>\n<p>N \t<\/p>\n<li style=\"font-weight: 400;\"><span style=\"font-weight: 400;\"> \ud720\uccb4\uc5b4 \uc774\uc6a9 \ubd88\uac00 <\/span><\/li>\n<p>N \t<\/p>\n<li style=\"font-weight: 400;\"><span style=\"font-weight: 400;\">\uc720\uc544\ub294 \ubb34\ub98e\uc5d0 \uc549\ud600\uc57c \ud569\ub2c8\ub2e4. <\/span><\/li>\n<p>N \t<\/p>\n<li style=\"font-weight: 400;\"><span style=\"font-weight: 400;\">\ud5c8\ub9ac\uc5d0 \ubb38\uc81c\uac00 \uc788\ub294 \uc5ec\ud589\uc790\uc5d0\uac8c\ub294 \uad8c\uc7a5\ub418\uc9c0 \uc54a\uc2b5\ub2c8\ub2e4.<\/span><\/li>\n<p>N \t<\/p>\n<li style=\"font-weight: 400;\"><span style=\"font-weight: 400;\">\uc784\uc2e0\ud55c \uc5ec\ud589\uc790\uc5d0\uac8c\ub294 \uad8c\uc7a5\ub418\uc9c0 \uc54a\uc2b5\ub2c8\ub2e4. <\/span><\/li>\n<p>N \t<\/p>\n<li style=\"font-weight: 400;\"><span style=\"font-weight: 400;\"> \uc2ec\uc7a5 \ubb38\uc81c\ub098 \uae30\ud0c0 \uc2ec\uac01\ud55c \uc9c8\ubcd1\uc774 \uc5c6\uc74c <\/span><\/li>\n<p>N \t<\/p>\n<li style=\"font-weight: 400;\"><span style=\"font-weight: 400;\">\ub300\ubd80\ubd84\uc758 \uc5ec\ud589\uc790\uac00 \ucc38\uc5ec\ud560 \uc218 \uc788\uc2b5\ub2c8\ub2e4.<\/span><\/li>\n<p>N<\/ol>\n<p>N<\/p>\n<h4><b><i>\ucde8\uc18c \uc815\ucc45<\/i><\/b><\/h4>\n<p>\uc804\uc561 \ud658\ubd88\uc744 \ubc1b\uc73c\ub824\uba74 \ucde8\uc18c \uc815\ucc45\uc744 \uc77d\uc5b4\ubcf4\uc138\uc694.\u00a0<a href=\"https:\/\/www.boattoursamana.com\/ko\/%ec%98%a8%eb%9d%bc%ec%9d%b8-%ec%98%88%ec%95%bd\/\" target=\"_blank\" rel=\"noopener\" data-saferedirecturl=\"https:\/\/www.google.com\/url?q=https:\/\/www.boattoursamana.com\/online-booking\/&amp;source=gmail&amp;ust=1672529771100000&amp;usg=AOvVaw2NIGJBZ0qjB5RhPUl5Obc7\">\uc5ec\uae30\ub97c \ud074\ub9ad\ud558\uc138\uc694<\/a>. \uc5ec\ud589 \ub2f9\uc77c \uc608\uc57d\uc744 \ucde8\uc18c\ud558\uba74 \uc790\uae08\uc774 \uc190\uc2e4\ub429\ub2c8\ub2e4.<\/p>\n\n\t\t<\/div>\n\t<\/div>\n<\/div><\/div><\/div><\/div><div class=\"vc_row wpb_row vc_row-fluid\" ><\/div><div class=\"wpb_column vc_column_container vc_col-sm-12\"><div class=\"vc_column-inner\"><div class=\"wpb_wrapper\"><\/div><\/div><\/div><div class=\"vc_empty_space\"   style=\"height: 32px\"><span class=\"vc_empty_space_inner\"><\/span><\/div><div class=\"vc_empty_space\"   style=\"height: 32px\"><span class=\"vc_empty_space_inner\"><\/span><\/div><div class=\"vc_row wpb_row vc_row-fluid\" ><div class=\"wpb_column vc_column_container vc_col-sm-12\"><div class=\"vc_column-inner\"><div class=\"wpb_wrapper\"><div class=\"vc_btn3-container vc_btn3-inline\" ><button class=\"vc_general vc_btn3 vc_btn3-size-md vc_btn3-shape-rounded vc_btn3-style-modern vc_btn3-color-green\">\uc9c0\uae08 \uc608\uc57d<\/button><\/div><\/div><\/div><\/div><\/div>","protected":false},"excerpt":{"rendered":"<p>Viaje ecol\u00f3gico al Parque Nacional Los Haitises con un gu\u00eda tur\u00edstico local. Visitando los Cayos en el Parque Nacional Los Haitises, Manglares, Vegetaci\u00f3n, Observaci\u00f3n de aves, Cuevas, Pictogramas y las \u00e1reas hist\u00f3ricas de Sabana de la Mar en el Parque Nacional Los Haitises. n n&nbsp; n nSeleccione la fecha para el tour\u00a0 &nbsp;<\/p>","protected":false},"author":2,"featured_media":0,"parent":0,"menu_order":0,"comment_status":"open","ping_status":"closed","template":"","meta":{"footnotes":""},"class_list":["post-15742","page","type-page","status-publish","hentry"],"_links":{"self":[{"href":"https:\/\/www.boattoursamana.com\/ko\/wp-json\/wp\/v2\/pages\/15742","targetHints":{"allow":["GET"]}}],"collection":[{"href":"https:\/\/www.boattoursamana.com\/ko\/wp-json\/wp\/v2\/pages"}],"about":[{"href":"https:\/\/www.boattoursamana.com\/ko\/wp-json\/wp\/v2\/types\/page"}],"author":[{"embeddable":true,"href":"https:\/\/www.boattoursamana.com\/ko\/wp-json\/wp\/v2\/users\/2"}],"replies":[{"embeddable":true,"href":"https:\/\/www.boattoursamana.com\/ko\/wp-json\/wp\/v2\/comments?post=15742"}],"version-history":[{"count":0,"href":"https:\/\/www.boattoursamana.com\/ko\/wp-json\/wp\/v2\/pages\/15742\/revisions"}],"wp:attachment":[{"href":"https:\/\/www.boattoursamana.com\/ko\/wp-json\/wp\/v2\/media?parent=15742"}],"curies":[{"name":"wp","href":"https:\/\/api.w.org\/{rel}","templated":true}]}}