{"id":15755,"date":"2023-07-15T07:43:13","date_gmt":"2023-07-15T07:43:13","guid":{"rendered":"https:\/\/www.ticketswhales.com\/samana-cayo-levantado-bacardi-island-and-whale-watching-from-miches-in-catamaran\/"},"modified":"2023-07-15T07:43:13","modified_gmt":"2023-07-15T07:43:13","slug":"samana-cayo-levantado-bacardi-island-and-whale-watching-from-miches-in-catamaran","status":"publish","type":"page","link":"https:\/\/www.boattoursamana.com\/ko\/%ec%82%ac%eb%a7%88%eb%82%98-%ec%b9%b4%ec%9a%94-%eb%a0%88%eb%b0%98%ed%83%80%eb%8f%84-%eb%b0%94%ec%b9%b4%eb%94%94-%ec%84%ac-%eb%b0%8f-%ec%8c%8d%eb%8f%99%ec%84%a0%ec%9d%98-%eb%af%b8%ec%bc%80%ec%97%90","title":{"rendered":"Saman\u00e1 Cayo Levantado(\ubc14\uce74\ub514 \uc12c) \ubc0f \uc30d\ub3d9\uc120\uc758 Miches\uc5d0\uc11c \uace0\ub798 \uad00\ucc30"},"content":{"rendered":"<p><span style=\"vertical-align: inherit;\"><span style=\"vertical-align: inherit;\">\uace0\ub798 Miches \ud22c\uc5b4 \ubc0f \uacac\ud559. <\/span><span style=\"vertical-align: inherit;\">Bah\u00eda de Saman\u00e1\uc758 \ubc1c\ub808 \uc5ec\ud589\uc744 \uc608\uc57d\ud558\uace0 Miches\uc640 Cayo Levantado\ub97c \ubc29\ubb38\ud558\uc5ec Isla Bacard\u00ed para una aventura con pase de un d\u00eda\uc640 \ud568\uaed8 \uc5ec\ud589\uc744 \ub5a0\ub098\uc138\uc694.<\/span><\/span><br \/>\nN<br \/>\nN&Nbsp;<br \/>\nN<br \/>\nN<em><strong><span style=\"vertical-align: inherit;\"><span style=\"vertical-align: inherit;\">\uc5ec\ud589 \uc120\ud0dd:<\/span><\/span><\/strong><\/em><\/p>\n<p>&nbsp;<\/p>\n<div class=\"vc_row wpb_row vc_row-fluid\" ><div class=\"wpb_column vc_column_container vc_col-sm-12\"><div class=\"vc_column-inner\"><div class=\"wpb_wrapper\">\n\t<div class=\"wpb_text_column wpb_content_element\" >\n\t\t<div class=\"wpb_wrapper\">\n\t\t\t<p><span style=\"vertical-align: inherit;\"><span style=\"vertical-align: inherit;\"><\/p>\n\n\t\t<\/div>\n\t<\/div>\n<\/div><\/div><\/div><\/div><div class=\"vc_row wpb_row vc_row-fluid\" ><\/div><div class=\"wpb_column vc_column_container vc_col-sm-12\"><div class=\"vc_column-inner\"><div class=\"wpb_wrapper\"><\/div><\/div><\/div><div class=\"vc_row wpb_row vc_row-fluid\" ><\/div><div class=\"wpb_column vc_column_container vc_col-sm-12\"><div class=\"vc_column-inner\"><div class=\"wpb_wrapper\"><div class=\"vc_btn3-container vc_btn3-inline\" ><button class=\"vc_general vc_btn3 vc_btn3-size-md vc_btn3-shape-rounded vc_btn3-style-modern vc_btn3-color-green\">\uc9c0\uae08 \uc608\uc57d<\/button><\/div><\/div><\/div><\/div><div class=\"mkdf-section-title-holder\" style=\"text-align: left\">\n\t<div class=\"mkdf-st-inner\">\n\t\t\t\t\t\t\t<h3 class=\"mkdf-st-title\" >\n\t\t\t\tCayo Levantado + Avistamiento de ballenas de Miches en catamar\u00e1n\t\t\t<\/h3>\n\t\t\t\t\t<\/div>\n<\/div><div class=\"vc_empty_space\"   style=\"height: 32px\"><span class=\"vc_empty_space_inner\"><\/span><\/div>\n\t<div class=\"wpb_text_column wpb_content_element\" >\n\t\t<div class=\"wpb_wrapper\">\n\t\t\t<p>\u00a0<\/span><\/span><br \/>\nN<\/p>\n<div class=\"vc_empty_space\"><\/div>\n<p>N<\/p>\n<div class=\"wpb_text_column wpb_content_element\">\nN<\/p>\n<div class=\"wpb_wrapper\">\nN<\/p>\n<div class=\"vc_row wpb_row vc_row-fluid\">\nN<\/p>\n<div class=\"wpb_column vc_column_container vc_col-sm-12\">\nN<\/p>\n<div class=\"vc_column-inner\">\nN<\/p>\n<div class=\"wpb_wrapper\">\nN<\/p>\n<div class=\"wpb_text_column wpb_content_element\">\nN<\/p>\n<div class=\"wpb_wrapper\">\nN<\/p>\n<div class=\"vc_row wpb_row vc_row-fluid\">\nN<\/p>\n<div class=\"wpb_column vc_column_container vc_col-sm-12\">\nN<\/p>\n<div class=\"vc_column-inner\">\nN<\/p>\n<div class=\"wpb_wrapper\">\nN<\/p>\n<div class=\"wpb_text_column wpb_content_element\">\nN<\/p>\n<div class=\"wpb_wrapper\">\nN<\/p>\n<h4><a id=\"overview\" class=\"aal_anchor\" href=\"https:\/\/www.boattoursamana.com\/ko\/%ea%b4%80%ea%b4%91\/%ec%82%ac%eb%a7%88%eb%82%98-%ec%b9%b4%ec%9a%94-%eb%a0%88%eb%b0%98%ed%83%80%eb%8f%84-%eb%b0%94%ec%b9%b4%eb%94%94-%ec%84%ac-%eb%b0%8f-%ec%8c%8d%eb%8f%99%ec%84%a0%ec%9d%98-%eb%af%b8%ec%bc%80%ec%97%90\/#overview\" aria-hidden=\"true\"><\/a><b><i>\uac1c\uc694<\/i><\/b><\/h4>\n<p>nWhale watching in Saman\u00e1 bay starting from Miches port in Catamaran.\u00a0 This Trip starts at 9:00 Am and Finishes at 5:00 Pm. Meeting before in Our port at Miches. After aborting our Catamaran or Boat to visit the Whales in their own habitat.<br \/>\nN<br \/>\nnFrom 9:00 Am until 12:00-noon Whale watching observatory and After this Whale trip we will visit Bacardi Island \/ Cayo Levantado. In Bacardi Island, Lunch Buffet from typical Dominican Style will be provided. When lunch is finished you are allowed to swim until 4:30 pm. Tour will be finished at 5:00 pm at the same port where it will start.<br \/>\nN<br \/>\nnNote: This tour is Not Private.<strong>\u00a0\uac1c\uc778 \uc5ec\ud589\uc744 \uc6d0\ud558\uc2dc\uba74 \uc800\ud76c\uc5d0\uac8c \uc5f0\ub77d\ud574\uc8fc\uc138\uc694.<\/strong><br \/>\nN<\/p>\n<ul>\nN \t<\/p>\n<li>\uace0\ub798 \uad00\ucc30 \uc5ec\ud589<\/li>\n<p>N \t<\/p>\n<li>\uc804\ub9dd\ub300 \uc785\uc7a5\ub8cc<\/li>\n<p>N \t<\/p>\n<li>\ud574\ubcc0\uc5d0\uc11c\uc758 \uc810\uc2ec \ubdd4\ud398 \ud3ec\ud568<\/li>\n<p>N \t<\/p>\n<li>\ubcf4\ud2b8 \uc774\ub3d9<\/li>\n<p>N \t<\/p>\n<li>\uc120\uc7a5\uc740 \uc9c0\uc2dc\uc640 \uac10\ub3c5\uc744 \uc81c\uacf5\ud569\ub2c8\ub2e4.<\/li>\n<p>N \t<\/p>\n<li>\uc5ec\ud589 \uac00\uc774\ub4dc<\/li>\n<p>N<\/ul>\n<p>N&Nbsp;<br \/>\nN<\/p>\n<h4><a id=\"inclusions-exclusions\" class=\"aal_anchor\" href=\"https:\/\/www.boattoursamana.com\/ko\/%ea%b4%80%ea%b4%91\/%ec%82%ac%eb%a7%88%eb%82%98-%ec%b9%b4%ec%9a%94-%eb%a0%88%eb%b0%98%ed%83%80%eb%8f%84-%eb%b0%94%ec%b9%b4%eb%94%94-%ec%84%ac-%eb%b0%8f-%ec%8c%8d%eb%8f%99%ec%84%a0%ec%9d%98-%eb%af%b8%ec%bc%80%ec%97%90\/#inclusions-exclusions\" aria-hidden=\"true\"><\/a><b>\ud3ec\ud568 \ubc0f \uc81c\uc678<\/b><\/h4>\n<p>N&Nbsp;<br \/>\nN<br \/>\nN<b>\ud3ec\ud568\uc0ac\ud56d<\/b><br \/>\nN<br \/>\nN&Nbsp;<br \/>\nN<\/p>\n<ol>\nN \t<\/p>\n<li>\ud574\ubcc0\uc5d0\uc11c\uc758 \uc810\uc2ec \ubdd4\ud398<\/li>\n<p>N \t<\/p>\n<li>\uace0\ub798 \uad6c\uacbd<\/li>\n<p>N \t<\/p>\n<li>\uc5ec\ud589 \uac00\uc774\ub4dc<\/li>\n<p>N \t<\/p>\n<li>\uc30d\ub3d9\uc120 \ub610\ub294 \ubcf4\ud2b8 \uc5ec\ud589<\/li>\n<p>N \t<\/p>\n<li>\ubaa8\ub4e0 \uc138\uae08, \uc218\uc218\ub8cc \ubc0f \ucde8\uae09 \ube44\uc6a9<\/li>\n<p>N \t<\/p>\n<li>\uc9c0\ubc29\uc138<\/li>\n<p>N \t<\/p>\n<li>\uc74c\ub8cc\uc218<\/li>\n<p>N \t<\/p>\n<li>\uc54c\ucf54\uc62c \uc74c\ub8cc<\/li>\n<p>N<\/ol>\n<p>N<b>\uc81c\uc678<\/b><br \/>\nN<\/p>\n<ol>\nN \t<\/p>\n<li>\ud301<\/li>\n<p>N \t<\/p>\n<li>\ud658\uc2b9\ucc28<\/li>\n<p>N<\/ol>\n<p>N&Nbsp;<br \/>\nN<\/p>\n<h4><a id=\"departure-return\" class=\"aal_anchor\" href=\"https:\/\/www.boattoursamana.com\/ko\/%ea%b4%80%ea%b4%91\/%ec%82%ac%eb%a7%88%eb%82%98-%ec%b9%b4%ec%9a%94-%eb%a0%88%eb%b0%98%ed%83%80%eb%8f%84-%eb%b0%94%ec%b9%b4%eb%94%94-%ec%84%ac-%eb%b0%8f-%ec%8c%8d%eb%8f%99%ec%84%a0%ec%9d%98-%eb%af%b8%ec%bc%80%ec%97%90\/#departure-return\" aria-hidden=\"true\"><\/a><em><strong>\ucd9c\ubc1c \ubc0f \uadc0\uad6d<\/strong><\/em><\/h4>\n<p>\uc5ec\ud589\uc790\ub294 \uc608\uc57d \uc808\ucc28\uac00 \uc644\ub8cc\ub41c \ud6c4 \ubbf8\ud305 \uc7a5\uc18c\ub97c \uac16\uac8c \ub429\ub2c8\ub2e4. \ud22c\uc5b4\ub294 \ubbf8\ud305 \uc7a5\uc18c\uc5d0\uc11c \uc2dc\uc791\ub418\uace0 \uc885\ub8cc\ub429\ub2c8\ub2e4.<br \/>\nN<br \/>\nN&Nbsp;<br \/>\nN<\/p>\n<h4><a id=\"what-to-expect\" class=\"aal_anchor\" href=\"https:\/\/www.boattoursamana.com\/ko\/%ea%b4%80%ea%b4%91\/%ec%82%ac%eb%a7%88%eb%82%98-%ec%b9%b4%ec%9a%94-%eb%a0%88%eb%b0%98%ed%83%80%eb%8f%84-%eb%b0%94%ec%b9%b4%eb%94%94-%ec%84%ac-%eb%b0%8f-%ec%8c%8d%eb%8f%99%ec%84%a0%ec%9d%98-%eb%af%b8%ec%bc%80%ec%97%90\/#what-to-expect\" aria-hidden=\"true\"><\/a><b><i>\ubb58 \uae30\ub300 \ud560\uae4c?<\/i><\/b><\/h4>\n<p>N&Nbsp;<br \/>\nN<br \/>\nN<em><strong>\ud2f0\ucf13 \ubc1b\uae30<\/strong><\/em>\u00a0\ud604\uc9c0 \uc74c\ub8cc\uc640 \ud568\uaed8 \ud604\uc9c0 \uc74c\ub8cc\uc640 \ud568\uaed8 \uba4b\uc9c4 \uc810\uc2ec \uc2dd\uc0ac \ubc0f \ud574\ubcc0 \uc2dc\uac04\uc744 \uc990\uae30\uba70 Catamaran\uc758 Miches\uc5d0\uc11c \uc2dc\uc791\ud558\ub294 Saman\u00e1 \ub9cc\uc5d0\uc11c\uc758 \ud558\ub8e8 \uace0\ub798 \uad00\ucc30 \ud22c\uc5b4\uc785\ub2c8\ub2e4.<br \/>\nN<br \/>\nn &quot;Booking Adventures&quot;\uc5d0\uc11c \uc8fc\ucd5c\ud558\ub294 \uace0\ub798 \uad00\ucc30 \ub370\uc774\ud328\uc2a4\ub294 \ud22c\uc5b4 \uac00\uc774\ub4dc\uac00 \uc815\ud55c \ubbf8\ud305 \uc7a5\uc18c\uc5d0\uc11c \uc2dc\uc791\ub429\ub2c8\ub2e4. \ud574\ubcc0\uc5d0\uc11c \uc810\uc2ec\uc744 \uba39\uace0 \uc218\uc601\uc744 \ud558\uace0 \uc2f6\uc740 \ub9cc\ud07c \uc624\ub798 \uba38\ubb3c \uc218 \uc788\uc2b5\ub2c8\ub2e4. \ube44\uac74 \ucc44\uc2dd\uc778\uc774\ub77c\uba74 \uc74c\uc2dd\uc744 \uc900\ube44\ud574\ub4dc\ub9b4 \uc218\ub3c4 \uc788\uc2b5\ub2c8\ub2e4.<br \/>\nN<br \/>\nN<strong>\uc2dc\uac04\ud45c:<\/strong><br \/>\nN<br \/>\n\uc624\uc804 8\uc2dc 45\ubd84 \u2013 \uc624\ud6c4 5\uc2dc<br \/>\nN<br \/>\nN&Nbsp;<br \/>\nN<\/p>\n<h4><a id=\"what-you-should-bring\" class=\"aal_anchor\" href=\"https:\/\/www.boattoursamana.com\/ko\/%ea%b4%80%ea%b4%91\/%ec%82%ac%eb%a7%88%eb%82%98-%ec%b9%b4%ec%9a%94-%eb%a0%88%eb%b0%98%ed%83%80%eb%8f%84-%eb%b0%94%ec%b9%b4%eb%94%94-%ec%84%ac-%eb%b0%8f-%ec%8c%8d%eb%8f%99%ec%84%a0%ec%9d%98-%eb%af%b8%ec%bc%80%ec%97%90\/#what-you-should-bring\" aria-hidden=\"true\"><\/a><em><strong>\ubb34\uc5c7\uc744 \uac00\uc838\uc640\uc57c\ud569\ub2c8\uae4c?<\/strong><\/em><\/h4>\n<p>N<\/p>\n<ul>\nN \t<\/p>\n<li>\uce74\uba54\ub77c<\/li>\n<p>N \t<\/p>\n<li>\uad6c\ucda9\uc81c \uc0c8\uc2f9<\/li>\n<p>N \t<\/p>\n<li>\uc120\ud06c\ub9bc<\/li>\n<p>N \t<\/p>\n<li>\ubaa8\uc790<\/li>\n<p>N \t<\/p>\n<li>\ud3b8\uc548\ud55c \ubc14\uc9c0<\/li>\n<p>N \t<\/p>\n<li>\ud574\ubcc0 \uc0cc\ub4e4<\/li>\n<p>N \t<\/p>\n<li>\uc218\uc601\ubcf5<\/li>\n<p>N \t<\/p>\n<li>\uae30\ub150\ud488\uc6a9 \ud604\uae08<\/li>\n<p>N<\/ul>\n<p>N&Nbsp;<br \/>\nN<\/p>\n<h4><a id=\"hotel-pickup\" class=\"aal_anchor\" href=\"https:\/\/www.boattoursamana.com\/ko\/%ea%b4%80%ea%b4%91\/%ec%82%ac%eb%a7%88%eb%82%98-%ec%b9%b4%ec%9a%94-%eb%a0%88%eb%b0%98%ed%83%80%eb%8f%84-%eb%b0%94%ec%b9%b4%eb%94%94-%ec%84%ac-%eb%b0%8f-%ec%8c%8d%eb%8f%99%ec%84%a0%ec%9d%98-%eb%af%b8%ec%bc%80%ec%97%90\/#hotel-pickup\" aria-hidden=\"true\"><\/a><b><i>\ud638\ud154 \ud53d\uc5c5<\/i><\/b><\/h4>\n<p>n \ubcf8 \ud22c\uc5b4\uc5d0\ub294 \ud638\ud154 \ud53d\uc5c5\uc774 \uc81c\uacf5\ub418\uc9c0 \uc54a\uc2b5\ub2c8\ub2e4.<br \/>\nN<br \/>\nN&Nbsp;<br \/>\nN<br \/>\nN<b>\uba54\ubaa8:<\/b>\u00a0\ud22c\uc5b4\/\uc5ec\ud589 \ucd9c\ubc1c \uc2dc\uac04 24\uc2dc\uac04 \uc774\ub0b4\uc5d0 \uc608\uc57d\ud558\uc2dc\ub294 \uacbd\uc6b0, \ucd94\uac00 \uc694\uae08\uc73c\ub85c \ud638\ud154 \ud53d\uc5c5\uc744 \uc900\ube44\ud574 \ub4dc\ub9b4 \uc218 \uc788\uc2b5\ub2c8\ub2e4. \uad6c\ub9e4\uac00 \uc644\ub8cc\ub418\uba74 \ud53d\uc5c5 \uc900\ube44\ub97c \uc704\ud574 \ud604\uc9c0 \ud22c\uc5b4 \uac00\uc774\ub4dc\uc758 \uc804\uccb4 \uc5f0\ub77d\ucc98 \uc815\ubcf4(\uc804\ud654\ubc88\ud638, \uc774\uba54\uc77c \uc8fc\uc18c \ub4f1)\ub97c \ubcf4\ub0b4\ub4dc\ub9bd\ub2c8\ub2e4.<br \/>\nN<\/p>\n<h4><a id=\"additional-info-confirmation\" class=\"aal_anchor\" href=\"https:\/\/www.boattoursamana.com\/ko\/%ea%b4%80%ea%b4%91\/%ec%82%ac%eb%a7%88%eb%82%98-%ec%b9%b4%ec%9a%94-%eb%a0%88%eb%b0%98%ed%83%80%eb%8f%84-%eb%b0%94%ec%b9%b4%eb%94%94-%ec%84%ac-%eb%b0%8f-%ec%8c%8d%eb%8f%99%ec%84%a0%ec%9d%98-%eb%af%b8%ec%bc%80%ec%97%90\/#additional-info-confirmation\" aria-hidden=\"true\"><\/a><b><i>\ucd94\uac00\uc815\ubcf4 \ud655\uc778<\/i><\/b><\/h4>\n<p>N<\/p>\n<ol>\nN \t<\/p>\n<li>\ud2f0\ucf13\uc740 \ubcf8 \ud22c\uc5b4 \uacb0\uc81c \ud6c4 \uc601\uc218\uc99d\uc785\ub2c8\ub2e4. \ud734\ub300\ud3f0\uc73c\ub85c \uacb0\uc81c\ub0b4\uc5ed\uc744 \ubcf4\uc5ec\uc8fc\uc2e4 \uc218 \uc788\uc2b5\ub2c8\ub2e4.<\/li>\n<p>N \t<\/p>\n<li>\ubbf8\ud305 \ud3ec\uc778\ud2b8\ub294 \uc608\uc57d \uc808\ucc28 \uc774\ud6c4\uc5d0 \uc81c\uacf5\ub429\ub2c8\ub2e4.<\/li>\n<p>N \t<\/p>\n<li>\uc5b4\ub9b0\uc774\ub294 \ubc18\ub4dc\uc2dc \uc131\uc778\uacfc \ub3d9\ubc18\ud574\uc57c \ud569\ub2c8\ub2e4.<\/li>\n<p>N \t<\/p>\n<li>\ud720\uccb4\uc5b4 \uc774\uc6a9 \uac00\ub2a5<\/li>\n<p>N \t<\/p>\n<li>\uc720\uc544\ub294 \ubb34\ub98e\uc5d0 \uc549\ud600\uc57c \ud569\ub2c8\ub2e4.<\/li>\n<p>N \t<\/p>\n<li>\ub300\ubd80\ubd84\uc758 \uc5ec\ud589\uc790\uac00 \ucc38\uc5ec\ud560 \uc218 \uc788\uc2b5\ub2c8\ub2e4.<\/li>\n<p>N<\/ol>\n<p>N<\/p>\n<h4><a id=\"cancellation-policy\" class=\"aal_anchor\" href=\"https:\/\/www.boattoursamana.com\/ko\/%ea%b4%80%ea%b4%91\/%ec%82%ac%eb%a7%88%eb%82%98-%ec%b9%b4%ec%9a%94-%eb%a0%88%eb%b0%98%ed%83%80%eb%8f%84-%eb%b0%94%ec%b9%b4%eb%94%94-%ec%84%ac-%eb%b0%8f-%ec%8c%8d%eb%8f%99%ec%84%a0%ec%9d%98-%eb%af%b8%ec%bc%80%ec%97%90\/#cancellation-policy\" aria-hidden=\"true\"><\/a><b><i>\ucde8\uc18c \uc815\ucc45<\/i><\/b><\/h4>\n<p>n \uc804\uc561 \ud658\ubd88\uc744 \ubc1b\uc73c\uc2dc\ub824\uba74 \uccb4\ud5d8 \uc2dc\uc791\uc77c\ub85c\ubd80\ud130 \ucd5c\uc18c 24\uc2dc\uac04 \uc804\uc5d0 \ucde8\uc18c\ud558\uc138\uc694.<br \/>\nN<br \/>\nN\n<\/div>\n<p>N\n<\/p><\/div>\n<p>N\n<\/p><\/div>\n<p>N\n<\/p><\/div>\n<p>N\n<\/p><\/div>\n<p>N\n<\/p><\/div>\n<p>N\n<\/p><\/div>\n<p>N\n<\/p><\/div>\n<p>N\n<\/p><\/div>\n<p>N\n<\/p><\/div>\n<p>N\n<\/p><\/div>\n<p>N\n<\/p><\/div>\n<p>N<\/p>\n<div class=\"vc_row wpb_row vc_row-fluid\">\nN<\/p>\n<div class=\"wpb_column vc_column_container vc_col-sm-12\">\nN<\/p>\n<div class=\"vc_column-inner\">\nN<\/p>\n<div class=\"wpb_wrapper\">\nN<\/p>\n<div class=\"vc_empty_space\"><\/div>\n<p>N<\/p>\n<div class=\"wpb_text_column wpb_content_element\">\nN<\/p>\n<div class=\"wpb_wrapper\">\nN<\/p>\n<h4><a id=\"contact-us\" class=\"aal_anchor\" href=\"https:\/\/www.boattoursamana.com\/ko\/%ea%b4%80%ea%b4%91\/%ec%82%ac%eb%a7%88%eb%82%98-%ec%b9%b4%ec%9a%94-%eb%a0%88%eb%b0%98%ed%83%80%eb%8f%84-%eb%b0%94%ec%b9%b4%eb%94%94-%ec%84%ac-%eb%b0%8f-%ec%8c%8d%eb%8f%99%ec%84%a0%ec%9d%98-%eb%af%b8%ec%bc%80%ec%97%90\/#contact-us\" aria-hidden=\"true\"><\/a>\ubb38\uc758\ud558\uae30?<\/h4>\n<p>N<\/p>\n<h5><\/h5>\n<p>N<em><strong>\uc9c0\uc5ed \uc8fc\ubbfc<\/strong>\u00a0\uadf8\ub9ac\uace0\u00a0<strong>\uad6d\ubbfc<\/strong>\u00a0\ud22c\uc5b4 \uac00\uc774\ub4dc \ubc0f \uac8c\uc2a4\ud2b8 \uc11c\ube44\uc2a4<\/em><br \/>\nN<br \/>\nN<span class=\"text-turquoise\">\uc804\uc138:<\/span>\u00a0\ub3d4 \ud22c\uc5b4 &amp; \uc18c\ud48d. \ub300\ud45c.<br \/>\nN<br \/>\nN<img decoding=\"async\" class=\"emoji\" title=\"Saman\u00e1 Cayo Levantado(\ubc14\uce74\ub514 \uc12c) \ubc0f \uc30d\ub3d9\uc120\uc758 Miches\uc5d0\uc11c \uace0\ub798 \uad00\ucc30\" draggable=\"false\" src=\"https:\/\/s.w.org\/images\/core\/emoji\/11.2.0\/svg\/1f4de.svg\" alt=\" \" \/> \uc804\ud654 \/ Whatsapp <strong><a href=\"tel:+1 (829) 318-9463\">+1 (829) 318-9463.<\/a><\/strong><br \/>\nN<br \/>\nN<img decoding=\"async\" class=\"emoji\" title=\"Saman\u00e1 Cayo Levantado(\ubc14\uce74\ub514 \uc12c) \ubc0f \uc30d\ub3d9\uc120\uc758 Miches\uc5d0\uc11c \uace0\ub798 \uad00\ucc30\" draggable=\"false\" src=\"https:\/\/s.w.org\/images\/core\/emoji\/11.2.0\/svg\/1f4e9.svg\" alt=\" \" \/>\u00a0<a href=\"mailto:reservabatour@gmail.com\">reservabatour@gmail.com<\/a><br \/>\nN<br \/>\nN<strong>\uc6b0\ub9ac\ub294 Whatsapp\uc744 \ud1b5\ud55c \uc720\uc5f0\ud55c \uac1c\uc778 \ud22c\uc5b4 \uc124\uc815\uc744 \uc81c\uacf5\ud569\ub2c8\ub2e4:\u00a0<a href=\"tel:+1 (829) 318-9463\">+1 (829) 318-9463.<\/a><\/strong><br \/>\nN<br \/>\nN<\/div>\n<p>N\n<\/p><\/div>\n<p>N\n<\/p><\/div>\n<p>N\n<\/p><\/div>\n<p>N\n<\/p><\/div>\n<p>N\n<\/p><\/div>\n<p>N\n<\/p><\/div>\n<p>N\n<\/p><\/div>\n<p>N<\/p>\n\n\t\t<\/div>\n\t<\/div>\n<div class=\"vc_row wpb_row vc_row-fluid\" ><div class=\"wpb_column vc_column_container vc_col-sm-12\"><div class=\"vc_column-inner\"><div class=\"wpb_wrapper\"><div class=\"vc_btn3-container vc_btn3-inline\" ><button class=\"vc_general vc_btn3 vc_btn3-size-md vc_btn3-shape-rounded vc_btn3-style-modern vc_btn3-color-green\">\uc9c0\uae08 \uc608\uc57d<\/button><\/div><\/div><\/div><\/div><\/div>","protected":false},"excerpt":{"rendered":"<p>Whale Miches Tours &amp; Excursiones. Reserve sus boletos para el avistamiento de ballenas en la Bah\u00eda de Saman\u00e1, comenzando desde Miches y visitando Cayo Levantado, tambi\u00e9n conocida como Isla Bacard\u00ed para una aventura con pase de un d\u00eda. n n&nbsp; n nSeleccione la fecha de la excursi\u00f3n: &nbsp;<\/p>","protected":false},"author":2,"featured_media":0,"parent":0,"menu_order":0,"comment_status":"open","ping_status":"closed","template":"","meta":{"footnotes":""},"class_list":["post-15755","page","type-page","status-publish","hentry"],"_links":{"self":[{"href":"https:\/\/www.boattoursamana.com\/ko\/wp-json\/wp\/v2\/pages\/15755","targetHints":{"allow":["GET"]}}],"collection":[{"href":"https:\/\/www.boattoursamana.com\/ko\/wp-json\/wp\/v2\/pages"}],"about":[{"href":"https:\/\/www.boattoursamana.com\/ko\/wp-json\/wp\/v2\/types\/page"}],"author":[{"embeddable":true,"href":"https:\/\/www.boattoursamana.com\/ko\/wp-json\/wp\/v2\/users\/2"}],"replies":[{"embeddable":true,"href":"https:\/\/www.boattoursamana.com\/ko\/wp-json\/wp\/v2\/comments?post=15755"}],"version-history":[{"count":0,"href":"https:\/\/www.boattoursamana.com\/ko\/wp-json\/wp\/v2\/pages\/15755\/revisions"}],"wp:attachment":[{"href":"https:\/\/www.boattoursamana.com\/ko\/wp-json\/wp\/v2\/media?parent=15755"}],"curies":[{"name":"wp","href":"https:\/\/api.w.org\/{rel}","templated":true}]}}