{"id":15761,"date":"2023-07-15T07:43:13","date_gmt":"2023-07-15T07:43:13","guid":{"rendered":"https:\/\/www.ticketswhales.com\/santo-domingo-city-tour-from-punta-cana-all-inclusive-day-trip\/"},"modified":"2023-07-15T07:43:13","modified_gmt":"2023-07-15T07:43:13","slug":"santo-domingo-city-tour-from-punta-cana-all-inclusive-day-trip","status":"publish","type":"page","link":"https:\/\/www.boattoursamana.com\/ko\/%ed%91%bc%ed%83%80-%ec%b9%b4%eb%82%98%ec%97%90%ec%84%9c-%ec%b6%9c%eb%b0%9c%ed%95%98%eb%8a%94-%ec%82%b0%ed%86%a0-%eb%8f%84%eb%b0%8d%ea%b3%a0-%ec%8b%9c%ed%8b%b0-%ed%88%ac%ec%96%b4-%ec%98%ac%ec%9d%b8","title":{"rendered":"\ud47c\ud0c0\uce74\ub098 \ucd9c\ubc1c \uc0b0\ud1a0\ub3c4\ubc0d\uace0 \uc2dc\ud2f0 \ud22c\uc5b4. \uc62c\uc778\ud074\ub8e8\uc2dc\ube0c \ub2f9\uc77c \uc5ec\ud589."},"content":{"rendered":"<p><span style=\"vertical-align: inherit;\"><span style=\"vertical-align: inherit;\">Para experimentar verdaderamente la rica historia y cultura de la Rep\u00fablica Dominicana, \u00fanase a nosotros en un recorrido de todo el d\u00eda por Santo Domingo, la ciudad m\u00e1s antigua de Am\u00e9rica. <\/span><span style=\"vertical-align: inherit;\">Viajando en un autob\u00fas moderno, limpio y c\u00f3modo, ser\u00e1 entretenido por un gu\u00eda profesional que har\u00e1 que este viaje sea a la vez animado e informativo.<\/span><\/span><br \/>\nN<br \/>\nN<span style=\"vertical-align: inherit;\"><span style=\"vertical-align: inherit;\">Ver\u00e1 muchos sitios interesantes en el camino, incluido el r\u00edo Chav\u00f3n, que ha aparecido en pel\u00edculas, como Apocalypse Now y Rambo. <\/span><span style=\"vertical-align: inherit;\">Visitando el Parque Nacional Los Tres Ojos y la Zona Colonial completa luego de un Almuerzo T\u00edpico Buffet.<\/span><\/span><br \/>\nN<br \/>\nN&Nbsp;<br \/>\nN<br \/>\nN<strong><span style=\"vertical-align: inherit;\"><span style=\"vertical-align: inherit;\">Seleccione la fecha para el City Tour:\u00a0<\/span><\/span><\/strong><\/p>\n<p>&nbsp;<\/p>\n<div class=\"vc_row wpb_row vc_row-fluid\" ><div class=\"wpb_column vc_column_container vc_col-sm-12\"><div class=\"vc_column-inner\"><div class=\"wpb_wrapper\"><div class=\"mkdf-section-title-holder\" style=\"text-align: left\">\n\t<div class=\"mkdf-st-inner\">\n\t\t\t\t\t<h5 class=\"mkdf-st-subtitle\" >\n\t\t\t\t\uad50\ud1b5\ube44 \ubc0f \uc810\uc2ec \ud3ec\ud568\t\t\t<\/h5>\n\t\t\t\t\t\t\t<h3 class=\"mkdf-st-title\" >\n\t\t\t\t\ud47c\ud0c0\uce74\ub098 \ucd9c\ubc1c \uc0b0\ud1a0\ub3c4\ubc0d\uace0 \uc2dc\ud2f0 \ud22c\uc5b4. \uc62c\uc778\ud074\ub8e8\uc2dc\ube0c \ub2f9\uc77c \uc5ec\ud589.\t\t\t<\/h3>\n\t\t\t\t\t<\/div>\n<\/div><\/div><\/div><\/div><\/div><div class=\"vc_row wpb_row vc_row-fluid\" ><div class=\"wpb_column vc_column_container vc_col-sm-12\"><div class=\"vc_column-inner\"><div class=\"wpb_wrapper\"><div class=\"vc_btn3-container vc_btn3-inline\" ><button class=\"vc_general vc_btn3 vc_btn3-size-md vc_btn3-shape-rounded vc_btn3-style-modern vc_btn3-color-green\">\uc9c0\uae08 \uc608\uc57d<\/button><\/div>\n\t<div class=\"wpb_text_column wpb_content_element\" >\n\t\t<div class=\"wpb_wrapper\">\n\t\t\t<p>\nN<\/p>\n<h3 class=\"ui_header h1 attractions-product-info-ProductTitle__title--1qM0o\"><\/h3>\n<p>N<\/p>\n<h4><b><i>\uac1c\uc694 <\/i><\/b><\/h4>\n<p>nSpend a day in the colonial historical zone of the oldest city in Latin America.\u00a0 Explore landmarks and highlights such as the Plaza de Espa\u00f1a, the National Palace, the Columbus lighthouse and the Colonial Zone.<br \/>\nN<br \/>\nnStop at the Tree Eyes National Park and see the underground caves and loagoons used by the Taino Indians.First you will be picked up from your hotel by bus.<br \/>\nN<br \/>\nnThe tour will start with meeting a professional guide that will give you some information regarding the island and the Dominican culture, food, music and much more. Lunch at a typical Dominican restaurant is included. This\u00a0tour will definitely give you the\u00a0real history of this island!<br \/>\nN<br \/>\nnAfter this experience, you will get Back to Location where you meet with the Tour Guide<br \/>\nN<br \/>\nN&Nbsp;<br \/>\nN<\/p>\n<h4><b>\ud3ec\ud568 \ubc0f \uc81c\uc678<\/b><\/h4>\n<p>N<b>\ud3ec\ud568\uc0ac\ud56d<\/b><br \/>\nN<\/p>\n<ol>\nN \t<\/p>\n<li>\uc810\uc2ec \ubdd4\ud398<\/li>\n<p>N \t<\/p>\n<li>\ucf5c\ub7fc\ubc84\uc2a4 \ub4f1\ub300<\/li>\n<p>N \t<\/p>\n<li>\ub2f9\uc77c \uc5ec\ud589 \uc0b0\ud1a0\ub3c4\ubc0d\uace0<\/li>\n<p>N \t<\/p>\n<li>\ub85c\uc2a4 \ud2b8\ub808\uc2a4 \uc624\ud638\uc2a4 \uad6d\ub9bd\uacf5\uc6d0<\/li>\n<p>N \t<\/p>\n<li>\ucf5c\ub85c\ub2c8\uc5bc \uc874 \uc6cc\ud06c<\/li>\n<p>N \t<\/p>\n<li>\uad6d\ub9bd \uad81\uc804<\/li>\n<p>N \t<\/p>\n<li>\u00a0\uc2a4\ud398\uc778 \uad11\uc7a5<\/li>\n<p>N \t<\/p>\n<li style=\"font-weight: 400;\"><span style=\"font-weight: 400;\">\ubaa8\ub4e0 \uc138\uae08, \uc218\uc218\ub8cc \ubc0f \ucde8\uae09 \ube44\uc6a9<\/span><\/li>\n<p>N \t<\/p>\n<li style=\"font-weight: 400;\"><span style=\"font-weight: 400;\">\uc9c0\ubc29\uc138<\/span><\/li>\n<p>N \t<\/p>\n<li style=\"font-weight: 400;\"><span style=\"font-weight: 400;\">\uc74c\ub8cc\uc218<\/span><\/li>\n<p>N \t<\/p>\n<li>\uc2a4\ub0b5<\/li>\n<p>N \t<\/p>\n<li style=\"font-weight: 400;\"><span style=\"font-weight: 400;\">\uc9c0\uc5ed \uac00\uc774\ub4dc<\/span><\/li>\n<p>N<\/ol>\n<p>N<b> \uc81c\uc678<\/b><br \/>\nN<\/p>\n<ol>\nN \t<\/p>\n<li style=\"font-weight: 400;\"><span style=\"font-weight: 400;\">\ud301<\/span><\/li>\n<p>N \t<\/p>\n<li style=\"font-weight: 400;\"><span style=\"font-weight: 400;\">\uc54c\ucf54\uc62c \uc74c\ub8cc<\/span><\/li>\n<p>N<\/ol>\n<p>N&Nbsp;<br \/>\nN<\/p>\n<h4><em><strong>\ucd9c\ubc1c \ubc0f \uadc0\uad6d<\/strong><\/em><\/h4>\n<p>N<span style=\"font-weight: 400;\">\uc5ec\ud589\uc790\ub294 \uc608\uc57d \uc808\ucc28\uac00 \uc644\ub8cc\ub41c \ud6c4 \ubbf8\ud305 \uc7a5\uc18c\ub97c \uac16\uac8c \ub429\ub2c8\ub2e4. \ud22c\uc5b4\ub294 \ubbf8\ud305 \uc7a5\uc18c\uc5d0\uc11c \uc2dc\uc791\ub418\uace0 \uc885\ub8cc\ub429\ub2c8\ub2e4.<\/span><br \/>\nN<\/p>\n<h3><\/h3>\n<p>N<\/p>\n<h3 class=\"ui_header h1 attractions-product-info-ProductTitle__title--1qM0o\">\ud47c\ud0c0\uce74\ub098 \ucd9c\ubc1c \uc0b0\ud1a0\ub3c4\ubc0d\uace0 \uc2dc\ud2f0 \ud22c\uc5b4. \uc62c\uc778\ud074\ub8e8\uc2dc\ube0c \ub2f9\uc77c \uc5ec\ud589.<\/h3>\n<p>N<\/p>\n<h4><b><i>\ubb58 \uae30\ub300 \ud560\uae4c?<\/i><\/b><\/h4>\n<p>N<\/p>\n<div class=\"apd_content_block\" data-tab=\"TABS_OVERVIEW\">\nN<\/p>\n<div class=\"ui_card section attractions-product-details-Overview__sectionMargin--uHktd attractions-product-details-Overview__cleanslateOverrideDT--39Ov7\"><\/div>\n<p>N\n<\/p><\/div>\n<p>N<\/p>\n<div data-tab=\"TABS_WHAT_TO_EXPECT\">\nN<\/p>\n<div class=\"ui_card attractions-card-CollapsibleProductDetailsCard__cardContainer--3r2wk attractions-card-CollapsibleProductDetailsCard__cleanslateOverrideDT--2AJh0\">\nN<\/p>\n<div class=\"attractions-card-CollapsibleCard__header--IDA3r\">\nN<\/p>\n<div class=\"attractions-card-CollapsibleCard__headerSection--3gTKb\"><\/div>\n<p>N\n<\/p><\/div>\n<p>N<\/p>\n<div class=\"attractions-card-CollapsibleCard__content--2Ws8q\">\nN<\/p>\n<div class=\"attractions-card-CollapsibleCard__contentWrap--374jk attractions-card-CollapsibleCard__titleUnderline--1uHze\">\nN<\/p>\n<div class=\"attractions-card-CollapsibleProductDetailsCard__cardContent--23ext\">\nN<\/p>\n<div class=\"common-text-ReadMore__readMore--3Iu8c common-text-ReadMore__variantFadeOut--1tInd\">\nN<\/p>\n<div class=\"common-text-ReadMore__content--2X4LR\">\nN<\/p>\n<div class=\"ui_columns is-desktop\">\nN<\/p>\n<div class=\"ui_column\">\uc0b0\ud1a0\ub3c4\ubc0d\uace0\ub294 \uc5ed\uc0ac, \ubb38\ud654, \ub180\ub77c\uc6b4 \ud48d\uacbd\uc73c\ub85c \uac00\ub4dd\ud55c \ub9c8\ubc95\uc758 \ub3c4\uc2dc\uc785\ub2c8\ub2e4. &quot;\uc2e0\uc138\uacc4&quot;\uc758 \uac00\uc7a5 \uc624\ub798\ub41c \uc218\ub3c4\ub97c \uac70\ub2d0\uc5b4 \ubcf4\uc138\uc694. \uc0b0\ud1a0\ub3c4\ubc0d\uace0\ub294 \ubbf8\uad6d \ucd5c\ucd08\uc758 \ub3c4\uc2dc\uc785\ub2c8\ub2e4.<\/div>\n<p>N<\/p>\n<div>1992\ub144, \ubbf8\uad6d\uc5d0\uc11c \uac00\uc7a5 \uc624\ub798\ub41c \ub3c4\uc2dc\uc778 \uc0b0\ud1a0 \ub3c4\ubc0d\uace0\ub294 \ud06c\ub9ac\uc2a4\ud1a0\ud37c \ucf5c\ub7fc\ubc84\uc2a4\uac00 \ubc1c\uacac\ud55c \uc9c0 500\uc8fc\ub144\uc744 \uae30\ub150\ud588\uc2b5\ub2c8\ub2e4. \uc0b0\ud1a0 \ub3c4\ubc0d\uace0\uc5d0\ub294 \uc2e0\uc138\uacc4 \ucd5c\ucd08\uc758 \ub300\uc131\ub2f9, \ub300\ud559 \ubc0f \uc2dc\uccad\uc774 \uc788\uc2b5\ub2c8\ub2e4. \ub3c4\uc2ec \uc804\uccb4\ub294 15~16\uc138\uae30 \uc2dd\ubbfc\uc9c0 \uc2dc\ub300 \uac74\ubb3c\ub85c \uac00\ub4dd \ucc28 \uc788\uc2b5\ub2c8\ub2e4.<\/div>\n<p>N<\/p>\n<div>\uc774 \ud22c\uc5b4\uc5d0\uc11c\ub294 \uac00\uc7a5 \uc911\uc694\ud55c \uc5ed\uc0ac\uc801 \uac74\ubb3c\ubfd0\ub9cc \uc544\ub2c8\ub77c \uc77c\ubd80 \ubc15\ubb3c\uad00\uacfc \ub9e4\ud639\uc801\uc778 \ub3d9\uad74\ub3c4 \ubc29\ubb38\ud558\uac8c \ub429\ub2c8\ub2e4. &quot;Los Tres Ojos&quot;\ub294 \ud0c0\uc774\ub178 \uc778\ub514\uc5b8 \uc0dd\ud65c\uc5d0 \ub300\ud574 \ubc30\uc6b8 \uc218 \uc788\ub294 \ub3d9\uad74\uc744 \ubcfc \uc218 \uc788\ub294 \uccab \ubc88\uc9f8 \uc815\uac70\uc7a5\uc785\ub2c8\ub2e4.<\/div>\n<p>N<\/p>\n<div><\/div>\n<p>N\n<\/p><\/div>\n<p>N\n<\/p><\/div>\n<p>N\n<\/p><\/div>\n<p>N\n<\/p><\/div>\n<p>N\n<\/p><\/div>\n<p>N\n<\/p><\/div>\n<p>N\n<\/p><\/div>\n<p>N\n<\/p><\/div>\n<p>N<\/p>\n<h4><em><strong>\ubb34\uc5c7\uc744 \uac00\uc838\uc640\uc57c\ud569\ub2c8\uae4c?<\/strong><\/em><\/h4>\n<p>N<\/p>\n<ul>\nN \t<\/p>\n<li style=\"font-weight: 400;\"><span style=\"font-weight: 400;\">\uce74\uba54\ub77c<\/span><\/li>\n<p>N \t<\/p>\n<li style=\"font-weight: 400;\"><span style=\"font-weight: 400;\">\uad6c\ucda9\uc81c \uc0c8\uc2f9<\/span><\/li>\n<p>N \t<\/p>\n<li style=\"font-weight: 400;\"><span style=\"font-weight: 400;\">\uc120\ud06c\ub9bc<\/span><\/li>\n<p>N \t<\/p>\n<li style=\"font-weight: 400;\"><span style=\"font-weight: 400;\">\ubaa8\uc790<\/span><\/li>\n<p>N \t<\/p>\n<li style=\"font-weight: 400;\"><span style=\"font-weight: 400;\">\ud3b8\uc548\ud55c \ubc14\uc9c0<\/span><\/li>\n<p>N \t<\/p>\n<li style=\"font-weight: 400;\"><span style=\"font-weight: 400;\">\ud558\uc774\ud0b9 \uc2e0\ubc1c\u00a0<\/span><\/li>\n<p>N \t<\/p>\n<li style=\"font-weight: 400;\"><span style=\"font-weight: 400;\">\ubd04 \uc9c0\uc5ed\uc5d0 \uc0cc\ub4e4.<\/span><\/li>\n<p>N \t<\/p>\n<li style=\"font-weight: 400;\"><span style=\"font-weight: 400;\">\uc218\uc601\ubcf5<\/span><\/li>\n<p>N<\/ul>\n<p>N&Nbsp;<br \/>\nN<\/p>\n<h4><b><i>\ud638\ud154 \ud53d\uc5c5 <\/i><\/b><\/h4>\n<p>N<span style=\"font-weight: 400;\">\uc5ec\ud589\uc790 \ud53d\uc5c5\uc774 \uc81c\uacf5\ub429\ub2c8\ub2e4!<\/span><br \/>\nN<br \/>\nN<span style=\"font-weight: 400;\">\uc6b0\ub9ac\ub294 \ud47c\ud0c0 \uce74\ub098\uc758 \ubaa8\ub4e0 \ud638\ud154\uc5d0\uc11c \ud53d\uc5c5\ud569\ub2c8\ub2e4. \ud53d\uc5c5 \uc7a5\uc18c\ub294 \ud638\ud154 \ub85c\ube44\uc785\ub2c8\ub2e4.<br \/>\n\ud574\ub2f9 \uc9c0\uc5ed\uc758 \ucf58\ub3c4\uc5d0 \uc219\ubc15\ud558\uc2dc\ub294 \uacbd\uc6b0, \ucf58\ub3c4 \ub610\ub294 \uac00\uc7a5 \uac00\uae4c\uc6b4 \ub9ac\uc870\ud2b8 \uc785\uad6c\ub85c \ud53d\uc5c5\ud574 \ub4dc\ub9bd\ub2c8\ub2e4.. WhatsApp\uc73c\ub85c \uc5f0\ub77d\uc8fc\uc2dc\uba74 \ud53d\uc5c5\uc744 \uc124\uc815\ud574 \ub4dc\ub9bd\ub2c8\ub2e4.<\/span><br \/>\nN<br \/>\nN<b>\uba54\ubaa8:<\/b><span style=\"font-weight: 400;\"> \ud22c\uc5b4\/\uc5ec\ud589 \ucd9c\ubc1c \uc2dc\uac04 24\uc2dc\uac04 \uc774\ub0b4\uc5d0 \uc608\uc57d\ud558\uc2dc\ub294 \uacbd\uc6b0, \ucd94\uac00 \uc694\uae08\uc73c\ub85c \ud638\ud154 \ud53d\uc5c5\uc744 \uc900\ube44\ud574 \ub4dc\ub9b4 \uc218 \uc788\uc2b5\ub2c8\ub2e4. \uad6c\ub9e4\uac00 \uc644\ub8cc\ub418\uba74 \ud53d\uc5c5 \uc900\ube44\ub97c \uc704\ud574 \ud604\uc9c0 \ud22c\uc5b4 \uac00\uc774\ub4dc\uc758 \uc804\uccb4 \uc5f0\ub77d\ucc98 \uc815\ubcf4(\uc804\ud654\ubc88\ud638, \uc774\uba54\uc77c \uc8fc\uc18c \ub4f1)\ub97c \ubcf4\ub0b4\ub4dc\ub9bd\ub2c8\ub2e4.<\/span><br \/>\nN<\/p>\n<h4><b><i>\ucd94\uac00\uc815\ubcf4 \ud655\uc778 <\/i><\/b><\/h4>\n<p>N<\/p>\n<ol>\nN \t<\/p>\n<li>\ud2f0\ucf13\uc740 \ubcf8 \ud22c\uc5b4 \uacb0\uc81c \ud6c4 \uc601\uc218\uc99d\uc785\ub2c8\ub2e4. \ud734\ub300\ud3f0\uc73c\ub85c \uacb0\uc81c\ub0b4\uc5ed\uc744 \ubcf4\uc5ec\uc8fc\uc2e4 \uc218 \uc788\uc2b5\ub2c8\ub2e4.<\/li>\n<p>N \t<\/p>\n<li style=\"font-weight: 400;\"><span style=\"font-weight: 400;\">\ubbf8\ud305 \ud3ec\uc778\ud2b8\ub294 \uc608\uc57d \uc808\ucc28 \uc774\ud6c4\uc5d0 \uc81c\uacf5\ub429\ub2c8\ub2e4.<\/span><\/li>\n<p>N \t<\/p>\n<li style=\"font-weight: 400;\"><span style=\"font-weight: 400;\">\uc5b4\ub9b0\uc774\ub294 \ubc18\ub4dc\uc2dc \uc131\uc778\uacfc \ub3d9\ubc18\ud574\uc57c \ud569\ub2c8\ub2e4.<\/span><\/li>\n<p>N \t<\/p>\n<li style=\"font-weight: 400;\"><span style=\"font-weight: 400;\"> \ud720\uccb4\uc5b4 \uc774\uc6a9 \ubd88\uac00 <\/span><\/li>\n<p>N \t<\/p>\n<li style=\"font-weight: 400;\"><span style=\"font-weight: 400;\">\uc720\uc544\ub294 \ubb34\ub98e\uc5d0 \uc549\ud600\uc57c \ud569\ub2c8\ub2e4. <\/span><\/li>\n<p>N \t<\/p>\n<li style=\"font-weight: 400;\"><span style=\"font-weight: 400;\">\ud5c8\ub9ac\uc5d0 \ubb38\uc81c\uac00 \uc788\ub294 \uc5ec\ud589\uc790\uc5d0\uac8c\ub294 \uad8c\uc7a5\ub418\uc9c0 \uc54a\uc2b5\ub2c8\ub2e4.<\/span><\/li>\n<p>N \t<\/p>\n<li style=\"font-weight: 400;\"><span style=\"font-weight: 400;\">\uc784\uc2e0\ud55c \uc5ec\ud589\uc790\uc5d0\uac8c\ub294 \uad8c\uc7a5\ub418\uc9c0 \uc54a\uc2b5\ub2c8\ub2e4. <\/span><\/li>\n<p>N \t<\/p>\n<li style=\"font-weight: 400;\"><span style=\"font-weight: 400;\"> \uc2ec\uc7a5 \ubb38\uc81c\ub098 \uae30\ud0c0 \uc2ec\uac01\ud55c \uc9c8\ubcd1\uc774 \uc5c6\uc74c <\/span><\/li>\n<p>N \t<\/p>\n<li style=\"font-weight: 400;\"><span style=\"font-weight: 400;\">\ub300\ubd80\ubd84\uc758 \uc5ec\ud589\uc790\uac00 \ucc38\uc5ec\ud560 \uc218 \uc788\uc2b5\ub2c8\ub2e4.<\/span><\/li>\n<p>N<\/ol>\n<p>N<\/p>\n<h4><b><i>\ucde8\uc18c \uc815\ucc45<\/i><\/b><\/h4>\n<p>\uc804\uc561 \ud658\ubd88\uc744 \ubc1b\uc73c\ub824\uba74 \ucde8\uc18c \uc815\ucc45\uc744 \uc77d\uc5b4\ubcf4\uc138\uc694.\u00a0<a href=\"https:\/\/www.boattoursamana.com\/ko\/%ec%98%a8%eb%9d%bc%ec%9d%b8-%ec%98%88%ec%95%bd\/\" target=\"_blank\" rel=\"noopener\" data-saferedirecturl=\"https:\/\/www.google.com\/url?q=https:\/\/www.boattoursamana.com\/online-booking\/&amp;source=gmail&amp;ust=1672449202351000&amp;usg=AOvVaw1yAeVAPktmaVCqDujgUn90\">\uc5ec\uae30\ub97c \ud074\ub9ad\ud558\uc138\uc694<\/a>. \uc5ec\ud589 \ub2f9\uc77c \uc608\uc57d\uc744 \ucde8\uc18c\ud558\uba74 \uc790\uae08\uc774 \uc190\uc2e4\ub429\ub2c8\ub2e4.<\/p>\n\n\t\t<\/div>\n\t<\/div>\n<div class=\"vc_btn3-container vc_btn3-inline\" ><button class=\"vc_general vc_btn3 vc_btn3-size-md vc_btn3-shape-rounded vc_btn3-style-modern vc_btn3-color-green\">\uc9c0\uae08 \uc608\uc57d<\/button><\/div><\/div><\/div><\/div><\/div><div class=\"vc_row wpb_row vc_row-fluid\" ><div class=\"wpb_column vc_column_container vc_col-sm-12\"><div class=\"vc_column-inner\"><div class=\"wpb_wrapper\">\n\t<div class=\"wpb_video_widget wpb_content_element vc_clearfix   vc_video-aspect-ratio-169 vc_video-el-width-100 vc_video-align-left\" >\n\t\t<div class=\"wpb_wrapper\">\n\t\t\t<h2 class=\"wpb_heading wpb_video_heading\">\uc0b0\ud1a0\ub3c4\ubc0d\uace0 \uc601\uc0c1:<\/h2>\n\t\t\t<div class=\"wpb_video_wrapper\"><iframe loading=\"lazy\" title=\"\ub3c4\ubbf8\ub2c8\uce74\uacf5\ud654\uad6d\uc758 \uc218\ub3c4 \uc0b0\ud1a0\ub3c4\ubc0d\uace0 | \uc5ec\ud589 \uc77c\uae30\" width=\"1100\" height=\"619\" src=\"https:\/\/www.youtube.com\/embed\/CixCl3alHJw?feature=oembed\" frameborder=\"0\" allow=\"accelerometer; autoplay; clipboard-write; encrypted-media; gyroscope; picture-in-picture; web-share\" allowfullscreen><\/iframe><\/div>\n\t\t<\/div>\n\t<\/div>\n<\/div><\/div><\/div><\/div><div class=\"vc_row wpb_row vc_row-fluid\" ><\/div><div class=\"wpb_column vc_column_container vc_col-sm-12\"><div class=\"vc_column-inner\"><div class=\"wpb_wrapper\"><div class=\"vc_btn3-container vc_btn3-inline\" ><button class=\"vc_general vc_btn3 vc_btn3-size-md vc_btn3-shape-rounded vc_btn3-style-modern vc_btn3-color-green\">\uc9c0\uae08 \uc608\uc57d<\/button><\/div><\/div><\/div><\/div><div class=\"vc_empty_space\"   style=\"height: 32px\"><span class=\"vc_empty_space_inner\"><\/span><\/div><div class=\"vc_empty_space\"   style=\"height: 32px\"><span class=\"vc_empty_space_inner\"><\/span><\/div><div class=\"vc_row wpb_row vc_row-fluid\" ><div class=\"wpb_column vc_column_container vc_col-sm-12\"><div class=\"vc_column-inner\"><div class=\"wpb_wrapper\"><\/div><\/div><\/div><\/div>","protected":false},"excerpt":{"rendered":"<p>Para experimentar verdaderamente la rica historia y cultura de la Rep\u00fablica Dominicana, \u00fanase a nosotros en un recorrido de todo el d\u00eda por Santo Domingo, la ciudad m\u00e1s antigua de Am\u00e9rica. Viajando en un autob\u00fas moderno, limpio y c\u00f3modo, ser\u00e1 entretenido por un gu\u00eda profesional que har\u00e1 que este viaje sea a la vez animado e informativo. n nVer\u00e1 muchos sitios interesantes en el camino, incluido el r\u00edo Chav\u00f3n, que ha aparecido en pel\u00edculas, como Apocalypse Now y Rambo. Visitando [&hellip;]<\/p>\n","protected":false},"author":2,"featured_media":0,"parent":0,"menu_order":0,"comment_status":"open","ping_status":"closed","template":"","meta":{"footnotes":""},"class_list":["post-15761","page","type-page","status-publish","hentry"],"_links":{"self":[{"href":"https:\/\/www.boattoursamana.com\/ko\/wp-json\/wp\/v2\/pages\/15761","targetHints":{"allow":["GET"]}}],"collection":[{"href":"https:\/\/www.boattoursamana.com\/ko\/wp-json\/wp\/v2\/pages"}],"about":[{"href":"https:\/\/www.boattoursamana.com\/ko\/wp-json\/wp\/v2\/types\/page"}],"author":[{"embeddable":true,"href":"https:\/\/www.boattoursamana.com\/ko\/wp-json\/wp\/v2\/users\/2"}],"replies":[{"embeddable":true,"href":"https:\/\/www.boattoursamana.com\/ko\/wp-json\/wp\/v2\/comments?post=15761"}],"version-history":[{"count":0,"href":"https:\/\/www.boattoursamana.com\/ko\/wp-json\/wp\/v2\/pages\/15761\/revisions"}],"wp:attachment":[{"href":"https:\/\/www.boattoursamana.com\/ko\/wp-json\/wp\/v2\/media?parent=15761"}],"curies":[{"name":"wp","href":"https:\/\/api.w.org\/{rel}","templated":true}]}}